{"id":67963,"date":"2023-09-02T15:00:56","date_gmt":"2023-09-02T13:00:56","guid":{"rendered":"https:\/\/www.alldayled.com\/product\/led-markeringslamp-wit-28mm-donker-glas\/"},"modified":"2026-04-15T12:43:16","modified_gmt":"2026-04-15T10:43:16","slug":"led-markeringslamp-wit-28mm-donker-glas","status":"publish","type":"product","link":"https:\/\/www.alldayled.com\/de\/produkt\/led-markeringslamp-wit-28mm-donker-glas\/","title":{"rendered":"LED Markierungsleuchte 28mm wei\u00df &#8211; dunkel"},"content":{"rendered":"<p><span style=\"color: #000000;\"><strong>Nedking Markierungsleuchte wei\u00df mit dunklem Glas. <\/strong><\/span><\/p>\n<p><span style=\"color: #000000;\">Sind Sie auf der Suche nach einer runden LED Markierungsleuchte mit dunklem Glas, die in Wei\u00df leuchtet? Dann ist die 28 mm Markierungsleuchte von Nedking vielleicht genau das, was Sie suchen. Diese kompakte Konturleuchte hat 3 helle LEDs und ist sowohl tags\u00fcber als auch nachts perfekt sichtbar. Die wei\u00df leuchtende Markierungsleuchte funktioniert mit 12 und 24 Volt. Das bedeutet, dass Sie sie problemlos an Ihrem Auto, LKW, Traktor, Anh\u00e4nger oder einem anderen Fahrzeug verwenden k\u00f6nnen.    <\/span><\/p>\n<p><span style=\"color: #000000;\">Um sicherzustellen, dass diese Nedking Markierungsleuchte wei\u00df mit dunklem Glas zu Ihrem Fahrzeug passt, haben wir die wichtigsten Spezifikationen f\u00fcr Sie aufgelistet. So sehen Sie sofort, warum dies vielleicht die Lampe ist, nach der Sie suchen. Die Markierungsleuchte ist unter anderem mit dem ECE R10-Pr\u00fcfzeichen versehen. Dies bedeutet, dass die Lampe keine St\u00f6rungen verursacht, beispielsweise an Ihrem Radio, wenn sie leuchtet. Die Einheit erf\u00fcllt auch das IP68-Pr\u00fcfzeichen. Kurz gesagt: vollst\u00e4ndig wasserdicht und staubdicht. Um Ihren Lack zu sch\u00fctzen, wird die Lampe mit einem Gummiring geliefert. Dieser Ring wird zwischen der Lampe und der Karosserie angebracht und hilft, Lacksch\u00e4den zu vermeiden.       <\/span><\/p>\n<h5><span style=\"color: #000000;\"><strong>Abmessungen:<\/strong><\/span><\/h5>\n<p><span style=\"color: #000000;\">Um sicherzustellen, dass Sie die Nedking LED Markierungsleuchte wei\u00df mit dunklem Glas dort montieren k\u00f6nnen, wo Sie m\u00f6chten, haben wir die Abmessungen unten notiert. Die Abmessungen der flachen Einbauleuchte mit 3 LED Punkten sind wie folgt: <\/span><\/p>\n<ul>\n<li><span style=\"color: #000000;\">Durchmesser: 28 mm<\/span><\/li>\n<li><span style=\"color: #000000;\">H\u00f6he: 25 mm<\/span><\/li>\n<li><span style=\"color: #000000;\">Einbautiefe: 20 mm<\/span><\/li>\n<\/ul>\n<h5><span style=\"color: #000000;\"><strong>Andere Farben:<\/strong><\/span><\/h5>\n<p><span style=\"color: #000000;\">Sind Sie auf der Suche nach einer Nedking Markierungsleuchte mit dunklem Glas, aber nicht in der Farbe Wei\u00df? Dann wissen Sie, dass die Nedking Konturleuchte auch in verschiedenen anderen Farben erh\u00e4ltlich ist. Sehen Sie sich unten die verschiedenen M\u00f6glichkeiten an, die Nedking bietet:  <\/span><\/p>\n<ul>\n<li><span style=\"color: #000000;\"><a style=\"color: #000000;\" href=\"https:\/\/www.alldayled.com\/de\/produkt\/led-markeringslamp-oranje-28mm-donker-glas\/\" target=\"_blank\" rel=\"noopener\"><strong>Einbauleuchte 28mm ORANGE &#8211; SMOKE<\/strong><\/a><\/span><\/li>\n<li><span style=\"color: #000000;\"><a style=\"color: #000000;\" href=\"https:\/\/www.alldayled.com\/de\/produkt\/led-markeringslamp-rood-28mm-donker-glas\/\" target=\"_blank\" rel=\"noopener\"><strong>Einbauleuchte 28mm ROT &#8211; SMOKE <\/strong><\/a><\/span><\/li>\n<\/ul>\n<div class=\"truncated\">\n<div class=\"truncated\">\n<div class=\"truncated\">\n<p><span style=\"color: #000000;\">Sind Sie immer noch nicht davon \u00fcberzeugt, dass die Nedking Markierungsleuchte wei\u00df mit dunklem Glas das ist, wonach Sie suchen? Einfach weil die Farbe, Art der Montage oder Form nicht Ihren W\u00fcnschen entspricht? Dann sehen Sie sich hier das komplette Angebot von <a style=\"color: #000000;\" href=\"https:\/\/www.alldayled.com\/de\/marke\/product-nedking\/\" target=\"_blank\" rel=\"noopener\">Nedking<\/a> an. Vielleicht finden Sie hier die Lampe, die Sie suchen!   <\/span><\/p>\n<\/div>\n<\/div>\n<\/div>\n","protected":false},"excerpt":{"rendered":"<p>Runde Nedking Markierungsleuchte wei\u00df &#8211; dunkel 28mm. Mit 15cm Kabel. <\/p>\n","protected":false},"featured_media":25350,"comment_status":"open","ping_status":"closed","template":"","meta":{"_acf_changed":false},"product_brand":[6505],"product_cat":[5371,5389,5196],"product_tag":[9151,9266,9265,9153,9158,9159,9167,9155,9157,9156],"class_list":{"0":"post-67963","1":"product","2":"type-product","3":"status-publish","4":"has-post-thumbnail","6":"product_brand-product-nedking","7":"product_cat-inbouw-verlichting-12-volt","8":"product_cat-inbouw-verlichting-24-volt","9":"product_cat-markeringslampen","10":"product_tag-konturbeleuchtung","11":"product_tag-led-begrenzungsleuchte-weis","12":"product_tag-led-markierung-weis","13":"product_tag-led-markierungsleuchte","14":"product_tag-led-markierungsleuchte-12-volt","15":"product_tag-led-markierungsleuchte-24-volt","16":"product_tag-markierungsleuchte-anhanger","17":"product_tag-markierungsleuchte-anhaenger","18":"product_tag-markierungsleuchte-lkw","19":"product_tag-markierungsleuchte-wohnmobil","21":"first","22":"instock","23":"taxable","24":"shipping-taxable","25":"purchasable","26":"product-type-simple"},"acf":[],"yoast_head":"<!-- This site is optimized with the Yoast SEO Premium plugin v26.5 (Yoast SEO v27.1.1) - https:\/\/yoast.com\/product\/yoast-seo-premium-wordpress\/ -->\n<title>Markierungsleuchte wei\u00df dunkles Glas - All Day Led - f\u00fcr 12&amp;24V<\/title>\n<meta name=\"description\" content=\"Markierungsleuchte wei\u00df dunkles Glas - mit 3 LED und 15cm Kabel - geeignet f\u00fcr Interieur und Exterieur - f\u00fcr 12 und 24 Volt Betrieb - inkl. Gummiring\" \/>\n<meta name=\"robots\" content=\"index, follow, max-snippet:-1, max-image-preview:large, max-video-preview:-1\" \/>\n<link rel=\"canonical\" href=\"https:\/\/www.alldayled.com\/de\/produkt\/led-markeringslamp-wit-28mm-donker-glas\/\" \/>\n<meta property=\"og:locale\" content=\"de_DE\" \/>\n<meta property=\"og:type\" content=\"article\" \/>\n<meta property=\"og:title\" content=\"Markierungsleuchte wei\u00df dunkles Glas - All Day Led - f\u00fcr 12&amp;24V\" \/>\n<meta property=\"og:description\" content=\"Markierungsleuchte wei\u00df dunkles Glas - mit 3 LED und 15cm Kabel - geeignet f\u00fcr Interieur und Exterieur - f\u00fcr 12 und 24 Volt Betrieb - inkl. Gummiring\" \/>\n<meta property=\"og:url\" content=\"https:\/\/www.alldayled.com\/de\/produkt\/led-markeringslamp-wit-28mm-donker-glas\/\" \/>\n<meta property=\"og:site_name\" content=\"All Day Led\" \/>\n<meta property=\"article:publisher\" content=\"https:\/\/www.facebook.com\/alldayled\/\" \/>\n<meta property=\"article:modified_time\" content=\"2026-04-15T10:43:16+00:00\" \/>\n<meta property=\"og:image\" content=\"https:\/\/www.alldayled.com\/wp-content\/uploads\/2023\/07\/ADL50238-D.png\" \/>\n<meta name=\"twitter:label1\" content=\"Preis\" \/>\n\t<meta name=\"twitter:data1\" content=\"&euro;&nbsp;9,95\" \/>\n\t<meta name=\"twitter:label2\" content=\"Verf\u00fcgbarkeit\" \/>\n\t<meta name=\"twitter:data2\" content=\"Auf Lager\" \/>\n<script type=\"application\/ld+json\" class=\"yoast-schema-graph\">{\"@context\":\"https:\/\/schema.org\",\"@graph\":[{\"@type\":\"WebPage\",\"@id\":\"https:\/\/www.alldayled.com\/de\/produkt\/led-markeringslamp-wit-28mm-donker-glas\/\",\"url\":\"https:\/\/www.alldayled.com\/de\/produkt\/led-markeringslamp-wit-28mm-donker-glas\/\",\"name\":\"Markierungsleuchte wei\u00df dunkles Glas - All Day Led - f\u00fcr 12&24V\",\"isPartOf\":{\"@id\":\"https:\/\/www.alldayled.com\/de\/#website\"},\"primaryImageOfPage\":{\"@id\":\"https:\/\/www.alldayled.com\/de\/produkt\/led-markeringslamp-wit-28mm-donker-glas\/#primaryimage\"},\"image\":{\"@id\":\"https:\/\/www.alldayled.com\/de\/produkt\/led-markeringslamp-wit-28mm-donker-glas\/#primaryimage\"},\"thumbnailUrl\":\"https:\/\/www.alldayled.com\/wp-content\/uploads\/2023\/07\/ADL50238-D.png\",\"datePublished\":\"2023-09-02T13:00:56+00:00\",\"dateModified\":\"2026-04-15T10:43:16+00:00\",\"description\":\"Markierungsleuchte wei\u00df dunkles Glas - mit 3 LED und 15cm Kabel - geeignet f\u00fcr Interieur und Exterieur - f\u00fcr 12 und 24 Volt Betrieb - inkl. Gummiring\",\"breadcrumb\":{\"@id\":\"https:\/\/www.alldayled.com\/de\/produkt\/led-markeringslamp-wit-28mm-donker-glas\/#breadcrumb\"},\"inLanguage\":\"de\",\"potentialAction\":[{\"@type\":\"ReadAction\",\"target\":[\"https:\/\/www.alldayled.com\/de\/produkt\/led-markeringslamp-wit-28mm-donker-glas\/\"]}]},{\"@type\":\"ImageObject\",\"inLanguage\":\"de\",\"@id\":\"https:\/\/www.alldayled.com\/de\/produkt\/led-markeringslamp-wit-28mm-donker-glas\/#primaryimage\",\"url\":\"https:\/\/www.alldayled.com\/wp-content\/uploads\/2023\/07\/ADL50238-D.png\",\"contentUrl\":\"https:\/\/www.alldayled.com\/wp-content\/uploads\/2023\/07\/ADL50238-D.png\",\"width\":800,\"height\":600,\"caption\":\"Nedking LED Markierungsleuchte WEISS mit dunklem Glas in runder Form - Einbauleuchte, die f\u00fcr 12 &amp; 24 Volt geeignet ist - 28mm - EAN: 6090536711796\"},{\"@type\":\"BreadcrumbList\",\"@id\":\"https:\/\/www.alldayled.com\/de\/produkt\/led-markeringslamp-wit-28mm-donker-glas\/#breadcrumb\",\"itemListElement\":[{\"@type\":\"ListItem\",\"position\":1,\"name\":\"Home\",\"item\":\"https:\/\/www.alldayled.com\/de\/\"},{\"@type\":\"ListItem\",\"position\":2,\"name\":\"Shop\",\"item\":\"https:\/\/www.alldayled.com\/de\/shop\/\"},{\"@type\":\"ListItem\",\"position\":3,\"name\":\"Beleuchtung\",\"item\":\"https:\/\/www.alldayled.com\/de\/produkt-kategorie\/beleuchtung\/\"},{\"@type\":\"ListItem\",\"position\":4,\"name\":\"Beleuchtung 12 Volt\",\"item\":\"https:\/\/www.alldayled.com\/de\/produkt-kategorie\/beleuchtung\/verlichting-12-volt\/\"},{\"@type\":\"ListItem\",\"position\":5,\"name\":\"Einbauleuchten\",\"item\":\"https:\/\/www.alldayled.com\/de\/produkt-kategorie\/beleuchtung\/verlichting-12-volt\/inbouw-verlichting-12-volt\/\"},{\"@type\":\"ListItem\",\"position\":6,\"name\":\"LED Markierungsleuchte 28mm wei\u00df &#8211; dunkel\"}]},{\"@type\":\"WebSite\",\"@id\":\"https:\/\/www.alldayled.com\/de\/#website\",\"url\":\"https:\/\/www.alldayled.com\/de\/\",\"name\":\"All Day Led\",\"description\":\"Verlichting voor 12&amp;24 volt gebruik\",\"publisher\":{\"@id\":\"https:\/\/www.alldayled.com\/de\/#organization\"},\"potentialAction\":[{\"@type\":\"SearchAction\",\"target\":{\"@type\":\"EntryPoint\",\"urlTemplate\":\"https:\/\/www.alldayled.com\/de\/?s={search_term_string}\"},\"query-input\":{\"@type\":\"PropertyValueSpecification\",\"valueRequired\":true,\"valueName\":\"search_term_string\"}}],\"inLanguage\":\"de\"},{\"@type\":\"Organization\",\"@id\":\"https:\/\/www.alldayled.com\/de\/#organization\",\"name\":\"All Day Led\",\"url\":\"https:\/\/www.alldayled.com\/de\/\",\"logo\":{\"@type\":\"ImageObject\",\"inLanguage\":\"de\",\"@id\":\"https:\/\/www.alldayled.com\/de\/#\/schema\/logo\/image\/\",\"url\":\"https:\/\/www.alldayled.com\/wp-content\/uploads\/2025\/10\/Logo-ALL-DAY-LED-800x800-zwart-witte-letters.png\",\"contentUrl\":\"https:\/\/www.alldayled.com\/wp-content\/uploads\/2025\/10\/Logo-ALL-DAY-LED-800x800-zwart-witte-letters.png\",\"width\":800,\"height\":800,\"caption\":\"All Day Led\"},\"image\":{\"@id\":\"https:\/\/www.alldayled.com\/de\/#\/schema\/logo\/image\/\"},\"sameAs\":[\"https:\/\/www.facebook.com\/alldayled\/\",\"https:\/\/www.instagram.com\/alldayled\/\"],\"vatID\":\"NL863960133B01\",\"taxID\":\"86416545\"}]}<\/script>\n<meta property=\"product:brand\" content=\"Nedking\" \/>\n<meta property=\"product:price:amount\" content=\"9.95\" \/>\n<meta property=\"product:price:currency\" content=\"EUR\" \/>\n<meta property=\"og:availability\" content=\"instock\" \/>\n<meta property=\"product:availability\" content=\"instock\" \/>\n<meta property=\"product:retailer_item_id\" content=\"ADL50238\" \/>\n<meta property=\"product:condition\" content=\"new\" \/>\n<!-- \/ Yoast SEO Premium plugin. -->","yoast_head_json":{"title":"Markierungsleuchte wei\u00df dunkles Glas - All Day Led - f\u00fcr 12&24V","description":"Markierungsleuchte wei\u00df dunkles Glas - mit 3 LED und 15cm Kabel - geeignet f\u00fcr Interieur und Exterieur - f\u00fcr 12 und 24 Volt Betrieb - inkl. Gummiring","robots":{"index":"index","follow":"follow","max-snippet":"max-snippet:-1","max-image-preview":"max-image-preview:large","max-video-preview":"max-video-preview:-1"},"canonical":"https:\/\/www.alldayled.com\/de\/produkt\/led-markeringslamp-wit-28mm-donker-glas\/","og_locale":"de_DE","og_type":"article","og_title":"Markierungsleuchte wei\u00df dunkles Glas - All Day Led - f\u00fcr 12&24V","og_description":"Markierungsleuchte wei\u00df dunkles Glas - mit 3 LED und 15cm Kabel - geeignet f\u00fcr Interieur und Exterieur - f\u00fcr 12 und 24 Volt Betrieb - inkl. Gummiring","og_url":"https:\/\/www.alldayled.com\/de\/produkt\/led-markeringslamp-wit-28mm-donker-glas\/","og_site_name":"All Day Led","article_publisher":"https:\/\/www.facebook.com\/alldayled\/","article_modified_time":"2026-04-15T10:43:16+00:00","og_image":[{"url":"https:\/\/www.alldayled.com\/wp-content\/uploads\/2023\/07\/ADL50238-D.png","type":"","width":"","height":""}],"twitter_misc":{"Preis":"&euro;&nbsp;9,95","Verf\u00fcgbarkeit":"Auf Lager"},"schema":{"@context":"https:\/\/schema.org","@graph":[{"@type":"WebPage","@id":"https:\/\/www.alldayled.com\/de\/produkt\/led-markeringslamp-wit-28mm-donker-glas\/","url":"https:\/\/www.alldayled.com\/de\/produkt\/led-markeringslamp-wit-28mm-donker-glas\/","name":"Markierungsleuchte wei\u00df dunkles Glas - All Day Led - f\u00fcr 12&24V","isPartOf":{"@id":"https:\/\/www.alldayled.com\/de\/#website"},"primaryImageOfPage":{"@id":"https:\/\/www.alldayled.com\/de\/produkt\/led-markeringslamp-wit-28mm-donker-glas\/#primaryimage"},"image":{"@id":"https:\/\/www.alldayled.com\/de\/produkt\/led-markeringslamp-wit-28mm-donker-glas\/#primaryimage"},"thumbnailUrl":"https:\/\/www.alldayled.com\/wp-content\/uploads\/2023\/07\/ADL50238-D.png","datePublished":"2023-09-02T13:00:56+00:00","dateModified":"2026-04-15T10:43:16+00:00","description":"Markierungsleuchte wei\u00df dunkles Glas - mit 3 LED und 15cm Kabel - geeignet f\u00fcr Interieur und Exterieur - f\u00fcr 12 und 24 Volt Betrieb - inkl. Gummiring","breadcrumb":{"@id":"https:\/\/www.alldayled.com\/de\/produkt\/led-markeringslamp-wit-28mm-donker-glas\/#breadcrumb"},"inLanguage":"de","potentialAction":[{"@type":"ReadAction","target":["https:\/\/www.alldayled.com\/de\/produkt\/led-markeringslamp-wit-28mm-donker-glas\/"]}]},{"@type":"ImageObject","inLanguage":"de","@id":"https:\/\/www.alldayled.com\/de\/produkt\/led-markeringslamp-wit-28mm-donker-glas\/#primaryimage","url":"https:\/\/www.alldayled.com\/wp-content\/uploads\/2023\/07\/ADL50238-D.png","contentUrl":"https:\/\/www.alldayled.com\/wp-content\/uploads\/2023\/07\/ADL50238-D.png","width":800,"height":600,"caption":"Nedking LED Markierungsleuchte WEISS mit dunklem Glas in runder Form - Einbauleuchte, die f\u00fcr 12 &amp; 24 Volt geeignet ist - 28mm - EAN: 6090536711796"},{"@type":"BreadcrumbList","@id":"https:\/\/www.alldayled.com\/de\/produkt\/led-markeringslamp-wit-28mm-donker-glas\/#breadcrumb","itemListElement":[{"@type":"ListItem","position":1,"name":"Home","item":"https:\/\/www.alldayled.com\/de\/"},{"@type":"ListItem","position":2,"name":"Shop","item":"https:\/\/www.alldayled.com\/de\/shop\/"},{"@type":"ListItem","position":3,"name":"Beleuchtung","item":"https:\/\/www.alldayled.com\/de\/produkt-kategorie\/beleuchtung\/"},{"@type":"ListItem","position":4,"name":"Beleuchtung 12 Volt","item":"https:\/\/www.alldayled.com\/de\/produkt-kategorie\/beleuchtung\/verlichting-12-volt\/"},{"@type":"ListItem","position":5,"name":"Einbauleuchten","item":"https:\/\/www.alldayled.com\/de\/produkt-kategorie\/beleuchtung\/verlichting-12-volt\/inbouw-verlichting-12-volt\/"},{"@type":"ListItem","position":6,"name":"LED Markierungsleuchte 28mm wei\u00df &#8211; dunkel"}]},{"@type":"WebSite","@id":"https:\/\/www.alldayled.com\/de\/#website","url":"https:\/\/www.alldayled.com\/de\/","name":"All Day Led","description":"Verlichting voor 12&amp;24 volt gebruik","publisher":{"@id":"https:\/\/www.alldayled.com\/de\/#organization"},"potentialAction":[{"@type":"SearchAction","target":{"@type":"EntryPoint","urlTemplate":"https:\/\/www.alldayled.com\/de\/?s={search_term_string}"},"query-input":{"@type":"PropertyValueSpecification","valueRequired":true,"valueName":"search_term_string"}}],"inLanguage":"de"},{"@type":"Organization","@id":"https:\/\/www.alldayled.com\/de\/#organization","name":"All Day Led","url":"https:\/\/www.alldayled.com\/de\/","logo":{"@type":"ImageObject","inLanguage":"de","@id":"https:\/\/www.alldayled.com\/de\/#\/schema\/logo\/image\/","url":"https:\/\/www.alldayled.com\/wp-content\/uploads\/2025\/10\/Logo-ALL-DAY-LED-800x800-zwart-witte-letters.png","contentUrl":"https:\/\/www.alldayled.com\/wp-content\/uploads\/2025\/10\/Logo-ALL-DAY-LED-800x800-zwart-witte-letters.png","width":800,"height":800,"caption":"All Day Led"},"image":{"@id":"https:\/\/www.alldayled.com\/de\/#\/schema\/logo\/image\/"},"sameAs":["https:\/\/www.facebook.com\/alldayled\/","https:\/\/www.instagram.com\/alldayled\/"],"vatID":"NL863960133B01","taxID":"86416545"}]},"product_brand":"Nedking","product_price_amount":"9.95","product_price_currency":"EUR","og_availability":"instock","product_availability":"instock","product_retailer_item_id":"ADL50238","product_condition":"new"},"_links":{"self":[{"href":"https:\/\/www.alldayled.com\/de\/wp-json\/wp\/v2\/product\/67963","targetHints":{"allow":["GET"]}}],"collection":[{"href":"https:\/\/www.alldayled.com\/de\/wp-json\/wp\/v2\/product"}],"about":[{"href":"https:\/\/www.alldayled.com\/de\/wp-json\/wp\/v2\/types\/product"}],"replies":[{"embeddable":true,"href":"https:\/\/www.alldayled.com\/de\/wp-json\/wp\/v2\/comments?post=67963"}],"wp:featuredmedia":[{"embeddable":true,"href":"https:\/\/www.alldayled.com\/de\/wp-json\/wp\/v2\/media\/25350"}],"wp:attachment":[{"href":"https:\/\/www.alldayled.com\/de\/wp-json\/wp\/v2\/media?parent=67963"}],"wp:term":[{"taxonomy":"product_brand","embeddable":true,"href":"https:\/\/www.alldayled.com\/de\/wp-json\/wp\/v2\/product_brand?post=67963"},{"taxonomy":"product_cat","embeddable":true,"href":"https:\/\/www.alldayled.com\/de\/wp-json\/wp\/v2\/product_cat?post=67963"},{"taxonomy":"product_tag","embeddable":true,"href":"https:\/\/www.alldayled.com\/de\/wp-json\/wp\/v2\/product_tag?post=67963"}],"curies":[{"name":"wp","href":"https:\/\/api.w.org\/{rel}","templated":true}]}}