{"id":67965,"date":"2020-02-01T15:40:16","date_gmt":"2020-02-01T14:40:16","guid":{"rendered":"https:\/\/www.alldayled.com\/product\/led-markeringslamp-oranje-28mm-helder-glas\/"},"modified":"2026-05-06T19:56:24","modified_gmt":"2026-05-06T17:56:24","slug":"led-markeringslamp-oranje-28mm-helder-glas","status":"publish","type":"product","link":"https:\/\/www.alldayled.com\/de\/produkt\/led-markeringslamp-oranje-28mm-helder-glas\/","title":{"rendered":"LED Markierungsleuchte 28mm orange &#8211; klar"},"content":{"rendered":"<p><span style=\"color: #000000;\"><strong>Nedking Markierungsleuchte orange mit transparenter Linse, f\u00fcr 12 &amp; 24 volt Betrieb. <\/strong><\/span><\/p>\n<p><span style=\"color: #000000;\">Suchst du nach einer runden LED Markierungsleuchte mit klarem Glas, die orange leuchtet? Dann ist die 28 mm Markierungsleuchte von Nedking vielleicht genau das, was du suchst. Diese kompakte Konturleuchte hat 3 helle LEDs und ist sowohl tags\u00fcber als auch nachts perfekt sichtbar. Die orange leuchtende Markierungsleuchte funktioniert mit 12 und 24 Volt. Das bedeutet, dass du sie problemlos an deinem Auto, LKW, Traktor, Anh\u00e4nger oder einem anderen Fahrzeug verwenden kannst.    <\/span><\/p>\n<p><span style=\"color: #000000;\">Um sicherzustellen, dass diese Nedking Markierungsleuchte orange mit klarem Glas zu deinem Fahrzeug passt, haben wir dir unten die wichtigsten Spezifikationen aufgelistet. So siehst du sofort, warum dies vielleicht genau die Leuchte ist, die du suchst. Die Markierungsleuchte ist unter anderem mit dem ECE R10 Pr\u00fcfzeichen versehen. Das bedeutet, dass die Leuchte keine St\u00f6rungen, zum Beispiel an deinem Radio, verursacht, wenn sie leuchtet. Die Einheit erf\u00fcllt auch das IP68 Pr\u00fcfzeichen. Kurz gesagt: vollst\u00e4ndig wasserdicht und staubdicht. Zum Schutz deines Lacks wird die Leuchte mit einem Gummiring geliefert. Dieser Ring wird zwischen der Leuchte und der Karosserie platziert und hilft, Lacksch\u00e4den zu vermeiden.       <\/span><\/p>\n<h5><span style=\"color: #000000;\"><strong>Abmessungen:<\/strong><\/span><\/h5>\n<p><span style=\"color: #000000;\">Um sicherzustellen, dass du die Nedking LED Markierungsleuchte orange mit klarem Glas montieren kannst, wo du m\u00f6chtest, haben wir unten die Abmessungen notiert. Die Abmessungen der flachen Einbauleuchte mit 3 LED-Punkten sind wie folgt: <\/span><\/p>\n<ul>\n<li><span style=\"color: #000000;\">Durchmesser: 28 mm<\/span><\/li>\n<li><span style=\"color: #000000;\">H\u00f6he: 25 mm<\/span><\/li>\n<li><span style=\"color: #000000;\">Einbautiefe: 20 mm<\/span><\/li>\n<\/ul>\n<h5><span style=\"color: #000000;\"><strong>Andere Farben:<\/strong><\/span><\/h5>\n<p><span style=\"color: #000000;\">Suchst du eine Nedking Markierungsleuchte mit klarem Glas, aber nicht in der Farbe Orange? Wisse, dass die Nedking Konturleuchte auch in verschiedenen anderen Farben erh\u00e4ltlich ist. Sieh dir unten die verschiedenen M\u00f6glichkeiten an, die Nedking anbietet:  <\/span><\/p>\n<ul>\n<li><span style=\"color: #000000;\"><a style=\"color: #000000;\" href=\"https:\/\/www.alldayled.com\/de\/produkt\/led-markeringslamp-rood-28mm-helder-glas\/\"><strong>LED Markierungsleuchte 28mm rot &#8211; klares Glas<\/strong><\/a><\/span><\/li>\n<\/ul>\n<p><span style=\"color: #000000;\">Bist du immer noch nicht \u00fcberzeugt, dass die Nedking Markierungsleuchte orange mit klarem Glas das ist, wonach du suchst? Einfach weil die Farbe, die Art der Montage oder die Form nicht deinen W\u00fcnschen entspricht? Dann sieh dir hier das komplette Angebot von <g id=\"gid_0\">Nedking<\/g> an. Vielleicht findest du hier die Leuchte, die du suchst!   <\/span><\/p>\n","protected":false},"excerpt":{"rendered":"<p>Runde Nedking Markierungsleuchte orange &#8211; hell 28mm. Mit 15cm Kabel. <\/p>\n","protected":false},"featured_media":18900,"comment_status":"open","ping_status":"closed","template":"","meta":{"_acf_changed":false},"product_brand":[6505],"product_cat":[5196],"product_tag":[9151,9269,9153,9158,9159,9270,9155,9167,9157,9156,9271],"class_list":{"0":"post-67965","1":"product","2":"type-product","3":"status-publish","4":"has-post-thumbnail","6":"product_brand-product-nedking","7":"product_cat-markeringslampen","8":"product_tag-konturbeleuchtung","9":"product_tag-led-markierung-orange","10":"product_tag-led-markierungsleuchte","11":"product_tag-led-markierungsleuchte-12-volt","12":"product_tag-led-markierungsleuchte-24-volt","13":"product_tag-led-markierungsleuchte-orange","14":"product_tag-markierungsleuchte-anhaenger","15":"product_tag-markierungsleuchte-anhanger","16":"product_tag-markierungsleuchte-lkw","17":"product_tag-markierungsleuchte-wohnmobil","18":"product_tag-seitenmarkierung","20":"first","21":"instock","22":"taxable","23":"shipping-taxable","24":"purchasable","25":"product-type-simple"},"acf":[],"yoast_head":"<!-- This site is optimized with the Yoast SEO Premium plugin v26.5 (Yoast SEO v27.1.1) - https:\/\/yoast.com\/product\/yoast-seo-premium-wordpress\/ -->\n<title>Markierungsleuchte rund orange LED - All Day Led - transparente Ausf\u00fchrung - 12\/24V<\/title>\n<meta name=\"description\" content=\"Markierungsleuchte rund orange LED - Nedking LED Markierungsleuchte orange - f\u00fcr 12&amp;24 volt - f\u00fcr Auto, Anh\u00e4nger, LKW und mehr\" \/>\n<meta name=\"robots\" content=\"index, follow, max-snippet:-1, max-image-preview:large, max-video-preview:-1\" \/>\n<link rel=\"canonical\" href=\"https:\/\/www.alldayled.com\/de\/produkt\/led-markeringslamp-oranje-28mm-helder-glas\/\" \/>\n<meta property=\"og:locale\" content=\"de_DE\" \/>\n<meta property=\"og:type\" content=\"article\" \/>\n<meta property=\"og:title\" content=\"Markierungsleuchte rund orange LED - All Day Led - transparente Ausf\u00fchrung - 12\/24V\" \/>\n<meta property=\"og:description\" content=\"Markierungsleuchte rund orange LED - Nedking LED Markierungsleuchte orange - f\u00fcr 12&amp;24 volt - f\u00fcr Auto, Anh\u00e4nger, LKW und mehr\" \/>\n<meta property=\"og:url\" content=\"https:\/\/www.alldayled.com\/de\/produkt\/led-markeringslamp-oranje-28mm-helder-glas\/\" \/>\n<meta property=\"og:site_name\" content=\"All Day Led\" \/>\n<meta property=\"article:publisher\" content=\"https:\/\/www.facebook.com\/alldayled\/\" \/>\n<meta property=\"article:modified_time\" content=\"2026-05-06T17:56:24+00:00\" \/>\n<meta property=\"og:image\" content=\"https:\/\/www.alldayled.com\/wp-content\/uploads\/2021\/03\/ADL50235..png\" \/>\n\t<meta property=\"og:image:width\" content=\"800\" \/>\n\t<meta property=\"og:image:height\" content=\"600\" \/>\n\t<meta property=\"og:image:type\" content=\"image\/png\" \/>\n<meta name=\"twitter:label1\" content=\"Preis\" \/>\n\t<meta name=\"twitter:data1\" content=\"&euro;&nbsp;8,95\" \/>\n\t<meta name=\"twitter:label2\" content=\"Verf\u00fcgbarkeit\" \/>\n\t<meta name=\"twitter:data2\" content=\"Auf Lager\" \/>\n<script type=\"application\/ld+json\" class=\"yoast-schema-graph\">{\"@context\":\"https:\/\/schema.org\",\"@graph\":[{\"@type\":\"WebPage\",\"@id\":\"https:\/\/www.alldayled.com\/de\/produkt\/led-markeringslamp-oranje-28mm-helder-glas\/\",\"url\":\"https:\/\/www.alldayled.com\/de\/produkt\/led-markeringslamp-oranje-28mm-helder-glas\/\",\"name\":\"Markierungsleuchte rund orange LED - All Day Led - transparente Ausf\u00fchrung - 12\/24V\",\"isPartOf\":{\"@id\":\"https:\/\/www.alldayled.com\/de\/#website\"},\"primaryImageOfPage\":{\"@id\":\"https:\/\/www.alldayled.com\/de\/produkt\/led-markeringslamp-oranje-28mm-helder-glas\/#primaryimage\"},\"image\":{\"@id\":\"https:\/\/www.alldayled.com\/de\/produkt\/led-markeringslamp-oranje-28mm-helder-glas\/#primaryimage\"},\"thumbnailUrl\":\"https:\/\/www.alldayled.com\/wp-content\/uploads\/2021\/03\/ADL50235..png\",\"datePublished\":\"2020-02-01T14:40:16+00:00\",\"dateModified\":\"2026-05-06T17:56:24+00:00\",\"description\":\"Markierungsleuchte rund orange LED - Nedking LED Markierungsleuchte orange - f\u00fcr 12&24 volt - f\u00fcr Auto, Anh\u00e4nger, LKW und mehr\",\"breadcrumb\":{\"@id\":\"https:\/\/www.alldayled.com\/de\/produkt\/led-markeringslamp-oranje-28mm-helder-glas\/#breadcrumb\"},\"inLanguage\":\"de\",\"potentialAction\":[{\"@type\":\"ReadAction\",\"target\":[\"https:\/\/www.alldayled.com\/de\/produkt\/led-markeringslamp-oranje-28mm-helder-glas\/\"]}]},{\"@type\":\"ImageObject\",\"inLanguage\":\"de\",\"@id\":\"https:\/\/www.alldayled.com\/de\/produkt\/led-markeringslamp-oranje-28mm-helder-glas\/#primaryimage\",\"url\":\"https:\/\/www.alldayled.com\/wp-content\/uploads\/2021\/03\/ADL50235..png\",\"contentUrl\":\"https:\/\/www.alldayled.com\/wp-content\/uploads\/2021\/03\/ADL50235..png\",\"width\":800,\"height\":600,\"caption\":\"LED Einbauleuchte 28mm ORANGE mit klarem Glas - LED Lampe geeignet f\u00fcr 12 und 24 volt Betrieb - mit E-Pr\u00fcfzeichen - EAN: 6090535867869\"},{\"@type\":\"BreadcrumbList\",\"@id\":\"https:\/\/www.alldayled.com\/de\/produkt\/led-markeringslamp-oranje-28mm-helder-glas\/#breadcrumb\",\"itemListElement\":[{\"@type\":\"ListItem\",\"position\":1,\"name\":\"Home\",\"item\":\"https:\/\/www.alldayled.com\/de\/\"},{\"@type\":\"ListItem\",\"position\":2,\"name\":\"Shop\",\"item\":\"https:\/\/www.alldayled.com\/de\/shop\/\"},{\"@type\":\"ListItem\",\"position\":3,\"name\":\"Positionsleuchten\",\"item\":\"https:\/\/www.alldayled.com\/de\/produkt-kategorie\/positionslichter\/\"},{\"@type\":\"ListItem\",\"position\":4,\"name\":\"Markierungsleuchten\",\"item\":\"https:\/\/www.alldayled.com\/de\/produkt-kategorie\/positionslichter\/markeringslampen\/\"},{\"@type\":\"ListItem\",\"position\":5,\"name\":\"LED Markierungsleuchte 28mm orange &#8211; klar\"}]},{\"@type\":\"WebSite\",\"@id\":\"https:\/\/www.alldayled.com\/de\/#website\",\"url\":\"https:\/\/www.alldayled.com\/de\/\",\"name\":\"All Day Led\",\"description\":\"Verlichting voor 12&amp;24 volt gebruik\",\"publisher\":{\"@id\":\"https:\/\/www.alldayled.com\/de\/#organization\"},\"potentialAction\":[{\"@type\":\"SearchAction\",\"target\":{\"@type\":\"EntryPoint\",\"urlTemplate\":\"https:\/\/www.alldayled.com\/de\/?s={search_term_string}\"},\"query-input\":{\"@type\":\"PropertyValueSpecification\",\"valueRequired\":true,\"valueName\":\"search_term_string\"}}],\"inLanguage\":\"de\"},{\"@type\":\"Organization\",\"@id\":\"https:\/\/www.alldayled.com\/de\/#organization\",\"name\":\"All Day Led\",\"url\":\"https:\/\/www.alldayled.com\/de\/\",\"logo\":{\"@type\":\"ImageObject\",\"inLanguage\":\"de\",\"@id\":\"https:\/\/www.alldayled.com\/de\/#\/schema\/logo\/image\/\",\"url\":\"https:\/\/www.alldayled.com\/wp-content\/uploads\/2025\/10\/Logo-ALL-DAY-LED-800x800-zwart-witte-letters.png\",\"contentUrl\":\"https:\/\/www.alldayled.com\/wp-content\/uploads\/2025\/10\/Logo-ALL-DAY-LED-800x800-zwart-witte-letters.png\",\"width\":800,\"height\":800,\"caption\":\"All Day Led\"},\"image\":{\"@id\":\"https:\/\/www.alldayled.com\/de\/#\/schema\/logo\/image\/\"},\"sameAs\":[\"https:\/\/www.facebook.com\/alldayled\/\",\"https:\/\/www.instagram.com\/alldayled\/\"],\"vatID\":\"NL863960133B01\",\"taxID\":\"86416545\"}]}<\/script>\n<meta property=\"product:brand\" content=\"Nedking\" \/>\n<meta property=\"product:price:amount\" content=\"8.95\" \/>\n<meta property=\"product:price:currency\" content=\"EUR\" \/>\n<meta property=\"og:availability\" content=\"instock\" \/>\n<meta property=\"product:availability\" content=\"instock\" \/>\n<meta property=\"product:retailer_item_id\" content=\"ADL50235\" \/>\n<meta property=\"product:condition\" content=\"new\" \/>\n<!-- \/ Yoast SEO Premium plugin. -->","yoast_head_json":{"title":"Markierungsleuchte rund orange LED - All Day Led - transparente Ausf\u00fchrung - 12\/24V","description":"Markierungsleuchte rund orange LED - Nedking LED Markierungsleuchte orange - f\u00fcr 12&24 volt - f\u00fcr Auto, Anh\u00e4nger, LKW und mehr","robots":{"index":"index","follow":"follow","max-snippet":"max-snippet:-1","max-image-preview":"max-image-preview:large","max-video-preview":"max-video-preview:-1"},"canonical":"https:\/\/www.alldayled.com\/de\/produkt\/led-markeringslamp-oranje-28mm-helder-glas\/","og_locale":"de_DE","og_type":"article","og_title":"Markierungsleuchte rund orange LED - All Day Led - transparente Ausf\u00fchrung - 12\/24V","og_description":"Markierungsleuchte rund orange LED - Nedking LED Markierungsleuchte orange - f\u00fcr 12&24 volt - f\u00fcr Auto, Anh\u00e4nger, LKW und mehr","og_url":"https:\/\/www.alldayled.com\/de\/produkt\/led-markeringslamp-oranje-28mm-helder-glas\/","og_site_name":"All Day Led","article_publisher":"https:\/\/www.facebook.com\/alldayled\/","article_modified_time":"2026-05-06T17:56:24+00:00","og_image":[{"width":800,"height":600,"url":"https:\/\/www.alldayled.com\/wp-content\/uploads\/2021\/03\/ADL50235..png","type":"image\/png"}],"twitter_misc":{"Preis":"&euro;&nbsp;8,95","Verf\u00fcgbarkeit":"Auf Lager"},"schema":{"@context":"https:\/\/schema.org","@graph":[{"@type":"WebPage","@id":"https:\/\/www.alldayled.com\/de\/produkt\/led-markeringslamp-oranje-28mm-helder-glas\/","url":"https:\/\/www.alldayled.com\/de\/produkt\/led-markeringslamp-oranje-28mm-helder-glas\/","name":"Markierungsleuchte rund orange LED - All Day Led - transparente Ausf\u00fchrung - 12\/24V","isPartOf":{"@id":"https:\/\/www.alldayled.com\/de\/#website"},"primaryImageOfPage":{"@id":"https:\/\/www.alldayled.com\/de\/produkt\/led-markeringslamp-oranje-28mm-helder-glas\/#primaryimage"},"image":{"@id":"https:\/\/www.alldayled.com\/de\/produkt\/led-markeringslamp-oranje-28mm-helder-glas\/#primaryimage"},"thumbnailUrl":"https:\/\/www.alldayled.com\/wp-content\/uploads\/2021\/03\/ADL50235..png","datePublished":"2020-02-01T14:40:16+00:00","dateModified":"2026-05-06T17:56:24+00:00","description":"Markierungsleuchte rund orange LED - Nedking LED Markierungsleuchte orange - f\u00fcr 12&24 volt - f\u00fcr Auto, Anh\u00e4nger, LKW und mehr","breadcrumb":{"@id":"https:\/\/www.alldayled.com\/de\/produkt\/led-markeringslamp-oranje-28mm-helder-glas\/#breadcrumb"},"inLanguage":"de","potentialAction":[{"@type":"ReadAction","target":["https:\/\/www.alldayled.com\/de\/produkt\/led-markeringslamp-oranje-28mm-helder-glas\/"]}]},{"@type":"ImageObject","inLanguage":"de","@id":"https:\/\/www.alldayled.com\/de\/produkt\/led-markeringslamp-oranje-28mm-helder-glas\/#primaryimage","url":"https:\/\/www.alldayled.com\/wp-content\/uploads\/2021\/03\/ADL50235..png","contentUrl":"https:\/\/www.alldayled.com\/wp-content\/uploads\/2021\/03\/ADL50235..png","width":800,"height":600,"caption":"LED Einbauleuchte 28mm ORANGE mit klarem Glas - LED Lampe geeignet f\u00fcr 12 und 24 volt Betrieb - mit E-Pr\u00fcfzeichen - EAN: 6090535867869"},{"@type":"BreadcrumbList","@id":"https:\/\/www.alldayled.com\/de\/produkt\/led-markeringslamp-oranje-28mm-helder-glas\/#breadcrumb","itemListElement":[{"@type":"ListItem","position":1,"name":"Home","item":"https:\/\/www.alldayled.com\/de\/"},{"@type":"ListItem","position":2,"name":"Shop","item":"https:\/\/www.alldayled.com\/de\/shop\/"},{"@type":"ListItem","position":3,"name":"Positionsleuchten","item":"https:\/\/www.alldayled.com\/de\/produkt-kategorie\/positionslichter\/"},{"@type":"ListItem","position":4,"name":"Markierungsleuchten","item":"https:\/\/www.alldayled.com\/de\/produkt-kategorie\/positionslichter\/markeringslampen\/"},{"@type":"ListItem","position":5,"name":"LED Markierungsleuchte 28mm orange &#8211; klar"}]},{"@type":"WebSite","@id":"https:\/\/www.alldayled.com\/de\/#website","url":"https:\/\/www.alldayled.com\/de\/","name":"All Day Led","description":"Verlichting voor 12&amp;24 volt gebruik","publisher":{"@id":"https:\/\/www.alldayled.com\/de\/#organization"},"potentialAction":[{"@type":"SearchAction","target":{"@type":"EntryPoint","urlTemplate":"https:\/\/www.alldayled.com\/de\/?s={search_term_string}"},"query-input":{"@type":"PropertyValueSpecification","valueRequired":true,"valueName":"search_term_string"}}],"inLanguage":"de"},{"@type":"Organization","@id":"https:\/\/www.alldayled.com\/de\/#organization","name":"All Day Led","url":"https:\/\/www.alldayled.com\/de\/","logo":{"@type":"ImageObject","inLanguage":"de","@id":"https:\/\/www.alldayled.com\/de\/#\/schema\/logo\/image\/","url":"https:\/\/www.alldayled.com\/wp-content\/uploads\/2025\/10\/Logo-ALL-DAY-LED-800x800-zwart-witte-letters.png","contentUrl":"https:\/\/www.alldayled.com\/wp-content\/uploads\/2025\/10\/Logo-ALL-DAY-LED-800x800-zwart-witte-letters.png","width":800,"height":800,"caption":"All Day Led"},"image":{"@id":"https:\/\/www.alldayled.com\/de\/#\/schema\/logo\/image\/"},"sameAs":["https:\/\/www.facebook.com\/alldayled\/","https:\/\/www.instagram.com\/alldayled\/"],"vatID":"NL863960133B01","taxID":"86416545"}]},"product_brand":"Nedking","product_price_amount":"8.95","product_price_currency":"EUR","og_availability":"instock","product_availability":"instock","product_retailer_item_id":"ADL50235","product_condition":"new"},"_links":{"self":[{"href":"https:\/\/www.alldayled.com\/de\/wp-json\/wp\/v2\/product\/67965","targetHints":{"allow":["GET"]}}],"collection":[{"href":"https:\/\/www.alldayled.com\/de\/wp-json\/wp\/v2\/product"}],"about":[{"href":"https:\/\/www.alldayled.com\/de\/wp-json\/wp\/v2\/types\/product"}],"replies":[{"embeddable":true,"href":"https:\/\/www.alldayled.com\/de\/wp-json\/wp\/v2\/comments?post=67965"}],"wp:featuredmedia":[{"embeddable":true,"href":"https:\/\/www.alldayled.com\/de\/wp-json\/wp\/v2\/media\/18900"}],"wp:attachment":[{"href":"https:\/\/www.alldayled.com\/de\/wp-json\/wp\/v2\/media?parent=67965"}],"wp:term":[{"taxonomy":"product_brand","embeddable":true,"href":"https:\/\/www.alldayled.com\/de\/wp-json\/wp\/v2\/product_brand?post=67965"},{"taxonomy":"product_cat","embeddable":true,"href":"https:\/\/www.alldayled.com\/de\/wp-json\/wp\/v2\/product_cat?post=67965"},{"taxonomy":"product_tag","embeddable":true,"href":"https:\/\/www.alldayled.com\/de\/wp-json\/wp\/v2\/product_tag?post=67965"}],"curies":[{"name":"wp","href":"https:\/\/api.w.org\/{rel}","templated":true}]}}