{"id":67974,"date":"2020-02-01T16:10:53","date_gmt":"2020-02-01T15:10:53","guid":{"rendered":"https:\/\/www.alldayled.com\/product\/led-markeringslamp-rood-28mm\/"},"modified":"2026-04-13T17:21:07","modified_gmt":"2026-04-13T15:21:07","slug":"led-markeringslamp-rood-28mm","status":"publish","type":"product","link":"https:\/\/www.alldayled.com\/de\/produkt\/led-markeringslamp-rood-28mm\/","title":{"rendered":"LED Markierungsleuchte 28mm rot"},"content":{"rendered":"<p><span style=\"color: #000000;\"><strong>LED Einbau-Markierungsleuchte rot 28mm, f\u00fcr 12 &amp; 24 Volt. <\/strong><\/span><\/p>\n<p><span style=\"color: #000000;\">Suchst du eine runde LED Markierungsleuchte, die rot leuchtet? Dann ist die 28 mm Markierungsleuchte von Nedking vielleicht genau das, wonach du suchst. Diese kompakte Umrissleuchte hat 3 helle LEDs und ist sowohl tags\u00fcber als auch nachts perfekt sichtbar. Die rot leuchtende Markierungsleuchte funktioniert mit 12 und 24 Volt. Das bedeutet, dass du sie problemlos an deinem Auto, LKW, Traktor, Anh\u00e4nger oder einem anderen Fahrzeug verwenden kannst.    <\/span><\/p>\n<p><span style=\"color: #000000;\">Um sicherzustellen, dass diese rote Nedking Markierungsleuchte zu deinem Fahrzeug passt, haben wir unten die wichtigsten Spezifikationen f\u00fcr dich aufgelistet. So siehst du sofort, warum dies vielleicht genau die Leuchte ist, die du suchst. Die Markierungsleuchte ist unter anderem mit dem ECE R10 Pr\u00fcfzeichen versehen. Das bedeutet, dass die Leuchte keine St\u00f6rungen, zum Beispiel an deinem Radio, verursacht, wenn sie leuchtet. Die Einheit erf\u00fcllt auch das IP68 Pr\u00fcfzeichen. Kurz gesagt: vollst\u00e4ndig wasserdicht und staubdicht. Zum Schutz deines Lacks wird die Leuchte mit einem Gummiring geliefert. Dieser Ring wird zwischen die Leuchte und die Karosserie gelegt und hilft, Lacksch\u00e4den zu vermeiden.       <\/span><\/p>\n<h5><span style=\"color: #000000;\"><strong>Abmessungen:<\/strong><\/span><\/h5>\n<p><span style=\"color: #000000;\">Um sicherzustellen, dass du die runde rote LED Markierungsleuchte montieren kannst, wo du m\u00f6chtest, haben wir unten die Abmessungen notiert. Die Abmessungen der flachen Einbauleuchte mit 3 LED-Punkten sind wie folgt: <\/span><\/p>\n<ul>\n<li><span style=\"color: #000000;\">Durchmesser: 28 mm<\/span><\/li>\n<li><span style=\"color: #000000;\">H\u00f6he: 25 mm<\/span><\/li>\n<li><span style=\"color: #000000;\">Einbautiefe: 20 mm<\/span><\/li>\n<\/ul>\n<h5><span style=\"color: #000000;\"><strong>Andere Farben:<\/strong><\/span><\/h5>\n<p><span style=\"color: #000000;\">Suchst du eine Nedking Markierungsleuchte, aber nicht in Rot? Wisse, dass die Nedking Umrissleuchte auch in verschiedenen anderen Farben erh\u00e4ltlich ist. Sieh dir unten die verschiedenen M\u00f6glichkeiten an, die Nedking bietet:  <\/span><\/p>\n<ul>\n<li><span style=\"color: #000000;\"><strong><a style=\"color: #000000;\" href=\"https:\/\/www.alldayled.com\/de\/produkt\/led-markeringslamp-wit-28mm\/\">LED Markierungsleuchte 28mm wei\u00df<\/a><\/strong><\/span><\/li>\n<li><span style=\"color: #000000;\"><strong><a style=\"color: #000000;\" href=\"https:\/\/www.alldayled.com\/de\/produkt\/led-markeringslamp-oranje-28mm\/\">LED Markierungsleuchte 28mm orange<\/a><\/strong><\/span><\/li>\n<\/ul>\n<p><span style=\"color: #000000;\">Bist du immer noch nicht \u00fcberzeugt, dass die rote Nedking Markierungsleuchte die ist, wonach du suchst? Einfach weil die Farbe, die Art der Montage oder die Form nicht deinen W\u00fcnschen entspricht? Dann sieh dir hier das komplette Angebot von <a style=\"color: #000000;\" href=\"https:\/\/www.alldayled.com\/de\/marke\/product-nedking\/\" target=\"_blank\" rel=\"noopener\">Nedking<\/a> an. Vielleicht findest du hier die Leuchte, die du suchst!   <\/span><\/p>\n","protected":false},"excerpt":{"rendered":"<p>Runde Nedking Markierungsleuchte rot 28mm. Ausgestattet mit 15cm Kabel. <\/p>\n","protected":false},"featured_media":61846,"comment_status":"open","ping_status":"closed","template":"","meta":{"_acf_changed":false},"product_brand":[6505],"product_cat":[5371,5389,5196],"product_tag":[9151,9152,9153,9158,9159,9154,9155,9167,9157,9156],"class_list":{"0":"post-67974","1":"product","2":"type-product","3":"status-publish","4":"has-post-thumbnail","6":"product_brand-product-nedking","7":"product_cat-inbouw-verlichting-12-volt","8":"product_cat-inbouw-verlichting-24-volt","9":"product_cat-markeringslampen","10":"product_tag-konturbeleuchtung","11":"product_tag-led-markierung-rot","12":"product_tag-led-markierungsleuchte","13":"product_tag-led-markierungsleuchte-12-volt","14":"product_tag-led-markierungsleuchte-24-volt","15":"product_tag-led-markierungsleuchte-rot","16":"product_tag-markierungsleuchte-anhaenger","17":"product_tag-markierungsleuchte-anhanger","18":"product_tag-markierungsleuchte-lkw","19":"product_tag-markierungsleuchte-wohnmobil","21":"first","22":"instock","23":"taxable","24":"shipping-taxable","25":"purchasable","26":"product-type-simple"},"acf":[],"yoast_head":"<!-- This site is optimized with the Yoast SEO Premium plugin v26.5 (Yoast SEO v27.1.1) - https:\/\/yoast.com\/product\/yoast-seo-premium-wordpress\/ -->\n<title>LED Markierungsleuchte rund rot 28mm - All Day Led - 12&amp;24 Volt<\/title>\n<meta name=\"description\" content=\"Markierungsleuchte rund rot LED - Nedking LED Markierungsleuchte ROT - f\u00fcr 12&amp;24 Volt - f\u00fcr Auto, Traktor, Bagger, Anh\u00e4nger, LKW und mehr\" \/>\n<meta name=\"robots\" content=\"index, follow, max-snippet:-1, max-image-preview:large, max-video-preview:-1\" \/>\n<link rel=\"canonical\" href=\"https:\/\/www.alldayled.com\/de\/produkt\/led-markeringslamp-rood-28mm\/\" \/>\n<meta property=\"og:locale\" content=\"de_DE\" \/>\n<meta property=\"og:type\" content=\"article\" \/>\n<meta property=\"og:title\" content=\"LED Markierungsleuchte rund rot 28mm - All Day Led - 12&amp;24 Volt\" \/>\n<meta property=\"og:description\" content=\"Markierungsleuchte rund rot LED - Nedking LED Markierungsleuchte ROT - f\u00fcr 12&amp;24 Volt - f\u00fcr Auto, Traktor, Bagger, Anh\u00e4nger, LKW und mehr\" \/>\n<meta property=\"og:url\" content=\"https:\/\/www.alldayled.com\/de\/produkt\/led-markeringslamp-rood-28mm\/\" \/>\n<meta property=\"og:site_name\" content=\"All Day Led\" \/>\n<meta property=\"article:publisher\" content=\"https:\/\/www.facebook.com\/alldayled\/\" \/>\n<meta property=\"article:modified_time\" content=\"2026-04-13T15:21:07+00:00\" \/>\n<meta property=\"og:image\" content=\"https:\/\/www.alldayled.com\/wp-content\/uploads\/2024\/09\/ADL08406.01-300x300.png\" \/>\n<meta name=\"twitter:label1\" content=\"Preis\" \/>\n\t<meta name=\"twitter:data1\" content=\"&euro;&nbsp;8,95\" \/>\n\t<meta name=\"twitter:label2\" content=\"Verf\u00fcgbarkeit\" \/>\n\t<meta name=\"twitter:data2\" content=\"Auf Lager\" \/>\n<script type=\"application\/ld+json\" class=\"yoast-schema-graph\">{\"@context\":\"https:\/\/schema.org\",\"@graph\":[{\"@type\":\"WebPage\",\"@id\":\"https:\/\/www.alldayled.com\/de\/produkt\/led-markeringslamp-rood-28mm\/\",\"url\":\"https:\/\/www.alldayled.com\/de\/produkt\/led-markeringslamp-rood-28mm\/\",\"name\":\"LED Markierungsleuchte rund rot 28mm - All Day Led - 12&24 Volt\",\"isPartOf\":{\"@id\":\"https:\/\/www.alldayled.com\/de\/#website\"},\"primaryImageOfPage\":{\"@id\":\"https:\/\/www.alldayled.com\/de\/produkt\/led-markeringslamp-rood-28mm\/#primaryimage\"},\"image\":{\"@id\":\"https:\/\/www.alldayled.com\/de\/produkt\/led-markeringslamp-rood-28mm\/#primaryimage\"},\"thumbnailUrl\":\"https:\/\/www.alldayled.com\/wp-content\/uploads\/2020\/03\/ADL08406..png\",\"datePublished\":\"2020-02-01T15:10:53+00:00\",\"dateModified\":\"2026-04-13T15:21:07+00:00\",\"description\":\"Markierungsleuchte rund rot LED - Nedking LED Markierungsleuchte ROT - f\u00fcr 12&24 Volt - f\u00fcr Auto, Traktor, Bagger, Anh\u00e4nger, LKW und mehr\",\"breadcrumb\":{\"@id\":\"https:\/\/www.alldayled.com\/de\/produkt\/led-markeringslamp-rood-28mm\/#breadcrumb\"},\"inLanguage\":\"de\",\"potentialAction\":[{\"@type\":\"ReadAction\",\"target\":[\"https:\/\/www.alldayled.com\/de\/produkt\/led-markeringslamp-rood-28mm\/\"]}]},{\"@type\":\"ImageObject\",\"inLanguage\":\"de\",\"@id\":\"https:\/\/www.alldayled.com\/de\/produkt\/led-markeringslamp-rood-28mm\/#primaryimage\",\"url\":\"https:\/\/www.alldayled.com\/wp-content\/uploads\/2020\/03\/ADL08406..png\",\"contentUrl\":\"https:\/\/www.alldayled.com\/wp-content\/uploads\/2020\/03\/ADL08406..png\",\"width\":800,\"height\":600,\"caption\":\"Nedking LED Markierungsleuchte rund rot Einbau - f\u00fcr 12 &amp; 24 Volt Betrieb - 28mm - EAN: 6090552640643\"},{\"@type\":\"BreadcrumbList\",\"@id\":\"https:\/\/www.alldayled.com\/de\/produkt\/led-markeringslamp-rood-28mm\/#breadcrumb\",\"itemListElement\":[{\"@type\":\"ListItem\",\"position\":1,\"name\":\"Home\",\"item\":\"https:\/\/www.alldayled.com\/de\/\"},{\"@type\":\"ListItem\",\"position\":2,\"name\":\"Shop\",\"item\":\"https:\/\/www.alldayled.com\/de\/shop\/\"},{\"@type\":\"ListItem\",\"position\":3,\"name\":\"Beleuchtung\",\"item\":\"https:\/\/www.alldayled.com\/de\/produkt-kategorie\/beleuchtung\/\"},{\"@type\":\"ListItem\",\"position\":4,\"name\":\"Beleuchtung 12 Volt\",\"item\":\"https:\/\/www.alldayled.com\/de\/produkt-kategorie\/beleuchtung\/verlichting-12-volt\/\"},{\"@type\":\"ListItem\",\"position\":5,\"name\":\"Einbauleuchten\",\"item\":\"https:\/\/www.alldayled.com\/de\/produkt-kategorie\/beleuchtung\/verlichting-12-volt\/inbouw-verlichting-12-volt\/\"},{\"@type\":\"ListItem\",\"position\":6,\"name\":\"LED Markierungsleuchte 28mm rot\"}]},{\"@type\":\"WebSite\",\"@id\":\"https:\/\/www.alldayled.com\/de\/#website\",\"url\":\"https:\/\/www.alldayled.com\/de\/\",\"name\":\"All Day Led\",\"description\":\"Verlichting voor 12&amp;24 volt gebruik\",\"publisher\":{\"@id\":\"https:\/\/www.alldayled.com\/de\/#organization\"},\"potentialAction\":[{\"@type\":\"SearchAction\",\"target\":{\"@type\":\"EntryPoint\",\"urlTemplate\":\"https:\/\/www.alldayled.com\/de\/?s={search_term_string}\"},\"query-input\":{\"@type\":\"PropertyValueSpecification\",\"valueRequired\":true,\"valueName\":\"search_term_string\"}}],\"inLanguage\":\"de\"},{\"@type\":\"Organization\",\"@id\":\"https:\/\/www.alldayled.com\/de\/#organization\",\"name\":\"All Day Led\",\"url\":\"https:\/\/www.alldayled.com\/de\/\",\"logo\":{\"@type\":\"ImageObject\",\"inLanguage\":\"de\",\"@id\":\"https:\/\/www.alldayled.com\/de\/#\/schema\/logo\/image\/\",\"url\":\"https:\/\/www.alldayled.com\/wp-content\/uploads\/2025\/10\/Logo-ALL-DAY-LED-800x800-zwart-witte-letters.png\",\"contentUrl\":\"https:\/\/www.alldayled.com\/wp-content\/uploads\/2025\/10\/Logo-ALL-DAY-LED-800x800-zwart-witte-letters.png\",\"width\":800,\"height\":800,\"caption\":\"All Day Led\"},\"image\":{\"@id\":\"https:\/\/www.alldayled.com\/de\/#\/schema\/logo\/image\/\"},\"sameAs\":[\"https:\/\/www.facebook.com\/alldayled\/\",\"https:\/\/www.instagram.com\/alldayled\/\"],\"vatID\":\"NL863960133B01\",\"taxID\":\"86416545\"}]}<\/script>\n<meta property=\"product:brand\" content=\"Nedking\" \/>\n<meta property=\"product:price:amount\" content=\"8.95\" \/>\n<meta property=\"product:price:currency\" content=\"EUR\" \/>\n<meta property=\"og:availability\" content=\"instock\" \/>\n<meta property=\"product:availability\" content=\"instock\" \/>\n<meta property=\"product:retailer_item_id\" content=\"ADL08406\" \/>\n<meta property=\"product:condition\" content=\"new\" \/>\n<!-- \/ Yoast SEO Premium plugin. -->","yoast_head_json":{"title":"LED Markierungsleuchte rund rot 28mm - All Day Led - 12&24 Volt","description":"Markierungsleuchte rund rot LED - Nedking LED Markierungsleuchte ROT - f\u00fcr 12&24 Volt - f\u00fcr Auto, Traktor, Bagger, Anh\u00e4nger, LKW und mehr","robots":{"index":"index","follow":"follow","max-snippet":"max-snippet:-1","max-image-preview":"max-image-preview:large","max-video-preview":"max-video-preview:-1"},"canonical":"https:\/\/www.alldayled.com\/de\/produkt\/led-markeringslamp-rood-28mm\/","og_locale":"de_DE","og_type":"article","og_title":"LED Markierungsleuchte rund rot 28mm - All Day Led - 12&24 Volt","og_description":"Markierungsleuchte rund rot LED - Nedking LED Markierungsleuchte ROT - f\u00fcr 12&24 Volt - f\u00fcr Auto, Traktor, Bagger, Anh\u00e4nger, LKW und mehr","og_url":"https:\/\/www.alldayled.com\/de\/produkt\/led-markeringslamp-rood-28mm\/","og_site_name":"All Day Led","article_publisher":"https:\/\/www.facebook.com\/alldayled\/","article_modified_time":"2026-04-13T15:21:07+00:00","og_image":[{"url":"https:\/\/www.alldayled.com\/wp-content\/uploads\/2024\/09\/ADL08406.01-300x300.png","type":"","width":"","height":""}],"twitter_misc":{"Preis":"&euro;&nbsp;8,95","Verf\u00fcgbarkeit":"Auf Lager"},"schema":{"@context":"https:\/\/schema.org","@graph":[{"@type":"WebPage","@id":"https:\/\/www.alldayled.com\/de\/produkt\/led-markeringslamp-rood-28mm\/","url":"https:\/\/www.alldayled.com\/de\/produkt\/led-markeringslamp-rood-28mm\/","name":"LED Markierungsleuchte rund rot 28mm - All Day Led - 12&24 Volt","isPartOf":{"@id":"https:\/\/www.alldayled.com\/de\/#website"},"primaryImageOfPage":{"@id":"https:\/\/www.alldayled.com\/de\/produkt\/led-markeringslamp-rood-28mm\/#primaryimage"},"image":{"@id":"https:\/\/www.alldayled.com\/de\/produkt\/led-markeringslamp-rood-28mm\/#primaryimage"},"thumbnailUrl":"https:\/\/www.alldayled.com\/wp-content\/uploads\/2020\/03\/ADL08406..png","datePublished":"2020-02-01T15:10:53+00:00","dateModified":"2026-04-13T15:21:07+00:00","description":"Markierungsleuchte rund rot LED - Nedking LED Markierungsleuchte ROT - f\u00fcr 12&24 Volt - f\u00fcr Auto, Traktor, Bagger, Anh\u00e4nger, LKW und mehr","breadcrumb":{"@id":"https:\/\/www.alldayled.com\/de\/produkt\/led-markeringslamp-rood-28mm\/#breadcrumb"},"inLanguage":"de","potentialAction":[{"@type":"ReadAction","target":["https:\/\/www.alldayled.com\/de\/produkt\/led-markeringslamp-rood-28mm\/"]}]},{"@type":"ImageObject","inLanguage":"de","@id":"https:\/\/www.alldayled.com\/de\/produkt\/led-markeringslamp-rood-28mm\/#primaryimage","url":"https:\/\/www.alldayled.com\/wp-content\/uploads\/2020\/03\/ADL08406..png","contentUrl":"https:\/\/www.alldayled.com\/wp-content\/uploads\/2020\/03\/ADL08406..png","width":800,"height":600,"caption":"Nedking LED Markierungsleuchte rund rot Einbau - f\u00fcr 12 &amp; 24 Volt Betrieb - 28mm - EAN: 6090552640643"},{"@type":"BreadcrumbList","@id":"https:\/\/www.alldayled.com\/de\/produkt\/led-markeringslamp-rood-28mm\/#breadcrumb","itemListElement":[{"@type":"ListItem","position":1,"name":"Home","item":"https:\/\/www.alldayled.com\/de\/"},{"@type":"ListItem","position":2,"name":"Shop","item":"https:\/\/www.alldayled.com\/de\/shop\/"},{"@type":"ListItem","position":3,"name":"Beleuchtung","item":"https:\/\/www.alldayled.com\/de\/produkt-kategorie\/beleuchtung\/"},{"@type":"ListItem","position":4,"name":"Beleuchtung 12 Volt","item":"https:\/\/www.alldayled.com\/de\/produkt-kategorie\/beleuchtung\/verlichting-12-volt\/"},{"@type":"ListItem","position":5,"name":"Einbauleuchten","item":"https:\/\/www.alldayled.com\/de\/produkt-kategorie\/beleuchtung\/verlichting-12-volt\/inbouw-verlichting-12-volt\/"},{"@type":"ListItem","position":6,"name":"LED Markierungsleuchte 28mm rot"}]},{"@type":"WebSite","@id":"https:\/\/www.alldayled.com\/de\/#website","url":"https:\/\/www.alldayled.com\/de\/","name":"All Day Led","description":"Verlichting voor 12&amp;24 volt gebruik","publisher":{"@id":"https:\/\/www.alldayled.com\/de\/#organization"},"potentialAction":[{"@type":"SearchAction","target":{"@type":"EntryPoint","urlTemplate":"https:\/\/www.alldayled.com\/de\/?s={search_term_string}"},"query-input":{"@type":"PropertyValueSpecification","valueRequired":true,"valueName":"search_term_string"}}],"inLanguage":"de"},{"@type":"Organization","@id":"https:\/\/www.alldayled.com\/de\/#organization","name":"All Day Led","url":"https:\/\/www.alldayled.com\/de\/","logo":{"@type":"ImageObject","inLanguage":"de","@id":"https:\/\/www.alldayled.com\/de\/#\/schema\/logo\/image\/","url":"https:\/\/www.alldayled.com\/wp-content\/uploads\/2025\/10\/Logo-ALL-DAY-LED-800x800-zwart-witte-letters.png","contentUrl":"https:\/\/www.alldayled.com\/wp-content\/uploads\/2025\/10\/Logo-ALL-DAY-LED-800x800-zwart-witte-letters.png","width":800,"height":800,"caption":"All Day Led"},"image":{"@id":"https:\/\/www.alldayled.com\/de\/#\/schema\/logo\/image\/"},"sameAs":["https:\/\/www.facebook.com\/alldayled\/","https:\/\/www.instagram.com\/alldayled\/"],"vatID":"NL863960133B01","taxID":"86416545"}]},"product_brand":"Nedking","product_price_amount":"8.95","product_price_currency":"EUR","og_availability":"instock","product_availability":"instock","product_retailer_item_id":"ADL08406","product_condition":"new"},"_links":{"self":[{"href":"https:\/\/www.alldayled.com\/de\/wp-json\/wp\/v2\/product\/67974","targetHints":{"allow":["GET"]}}],"collection":[{"href":"https:\/\/www.alldayled.com\/de\/wp-json\/wp\/v2\/product"}],"about":[{"href":"https:\/\/www.alldayled.com\/de\/wp-json\/wp\/v2\/types\/product"}],"replies":[{"embeddable":true,"href":"https:\/\/www.alldayled.com\/de\/wp-json\/wp\/v2\/comments?post=67974"}],"wp:featuredmedia":[{"embeddable":true,"href":"https:\/\/www.alldayled.com\/de\/wp-json\/wp\/v2\/media\/61846"}],"wp:attachment":[{"href":"https:\/\/www.alldayled.com\/de\/wp-json\/wp\/v2\/media?parent=67974"}],"wp:term":[{"taxonomy":"product_brand","embeddable":true,"href":"https:\/\/www.alldayled.com\/de\/wp-json\/wp\/v2\/product_brand?post=67974"},{"taxonomy":"product_cat","embeddable":true,"href":"https:\/\/www.alldayled.com\/de\/wp-json\/wp\/v2\/product_cat?post=67974"},{"taxonomy":"product_tag","embeddable":true,"href":"https:\/\/www.alldayled.com\/de\/wp-json\/wp\/v2\/product_tag?post=67974"}],"curies":[{"name":"wp","href":"https:\/\/api.w.org\/{rel}","templated":true}]}}