{"id":67983,"date":"2020-02-01T15:00:53","date_gmt":"2020-02-01T14:00:53","guid":{"rendered":"https:\/\/www.alldayled.com\/product\/led-inbouw-lamp-groen-28mm-12-24-v\/"},"modified":"2026-03-23T21:15:58","modified_gmt":"2026-03-23T20:15:58","slug":"led-inbouw-lamp-groen-28mm-12-24-v","status":"publish","type":"product","link":"https:\/\/www.alldayled.com\/de\/produkt\/led-inbouw-lamp-groen-28mm-12-24-v\/","title":{"rendered":"LED Einbau Lampe 28mm gr\u00fcn &#8211; 12\/24V"},"content":{"rendered":"<p><span style=\"color: #000000;\"><strong>LED Einbau Lampe 28mm gr\u00fcn, f\u00fcr 12 &amp; 24 Volt. <\/strong><\/span><\/p>\n<p><span style=\"color: #000000;\">Bist du auf der Suche nach einer guten LED Einbau Lampe mit gr\u00fcnem Glas? Dann ist diese LED Lampe der Marke LED Autolamps vielleicht genau die Lampe, die du suchst. Dies ist eine LED Lampe, die h\u00e4lt, was sie verspricht. Die LED Lampe ist mit 3 LED&#8217;s ausgestattet, wodurch du sicher sein kannst, dass du bei geringem Stromverbrauch gut beleuchtet bist. Die LED Einbau Lampe gr\u00fcn kann mit 12 und 24 Volt betrieben werden. Das bedeutet, dass du die LED Lampe zum Beispiel f\u00fcr ein Auto, einen LKW, einen Traktor, einen Anh\u00e4nger oder ein anderes Fahrzeug verwenden kannst.     <\/span><\/p>\n<p><span style=\"color: #000000;\">Um sicherzustellen, dass die LED Einbau Lampe gr\u00fcn der Marke LED Autolamps f\u00fcr dein Fahrzeug oder deinen Anh\u00e4nger geeignet ist, haben wir unten einige Spezifikationen aufgef\u00fchrt. All dies soll verdeutlichen, warum dies vielleicht genau die LED Lampe ist, die du suchst. Die LED Lampe ist unter anderem mit dem ECE R10 Pr\u00fcfzeichen versehen. Dieses Pr\u00fcfzeichen bedeutet, dass die Lampe w\u00e4hrend des Betriebs keine St\u00f6rungen verursachen wird, zum Beispiel am Radiosignal. Diese gr\u00fcne LED Lampe ist auch mit dem IP68 Pr\u00fcfzeichen versehen. Dieses Pr\u00fcfzeichen zeigt an, dass die LED Lampe zudem wasserdicht ist.      <\/span><\/p>\n<h5><span style=\"color: #000000;\"><strong>Abmessungen:<\/strong><\/span><\/h5>\n<p><span style=\"color: #000000;\">Um sicherzustellen, dass du die LED Einbau Lampe gr\u00fcn dort montieren kannst, wo du m\u00f6chtest, haben wir unten die Abmessungen notiert. Die Abmessungen der gr\u00fcnen LED Innenleuchte sind wie folgt: <\/span><\/p>\n<ul>\n<li><span style=\"color: #000000;\">Durchmesser: 28 mm<\/span><\/li>\n<li><span style=\"color: #000000;\">H\u00f6he: 25 mm<\/span><\/li>\n<li><span style=\"color: #000000;\">Einbautiefe: 20 mm<\/span><\/li>\n<\/ul>\n<h5><span style=\"color: #000000;\"><strong>Andere Farben:<\/strong><\/span><\/h5>\n<p><span style=\"color: #000000;\">Ist die LED Lampe zwar nach Wunsch, aber die Farbe nicht die, die du suchst? Dann wisse, dass die gr\u00fcne LED Einbau Lampe auch in den folgenden Farben erh\u00e4ltlich ist: <\/span><\/p>\n<ul>\n<li><span style=\"color: #000000;\"><strong><a style=\"color: #000000;\" href=\"https:\/\/www.alldayled.com\/de\/produkt\/led-markeringslamp-oranje-28mm\/\" target=\"_blank\" rel=\"noopener\">28mm LED Lampe orange<\/a> <\/strong><\/span><\/li>\n<li><span style=\"color: #000000;\"><a style=\"color: #000000;\" href=\"https:\/\/www.alldayled.com\/de\/produkt\/led-inbouw-lamp-blauw-28mm-12-24-v\/\" target=\"_blank\" rel=\"noopener\"><strong>28mm LED Lampe blau<\/strong><\/a><\/span><\/li>\n<li><span style=\"color: #000000;\"><strong><a style=\"color: #000000;\" href=\"https:\/\/www.alldayled.com\/de\/produkt\/led-markeringslamp-rood-28mm\/\" target=\"_blank\" rel=\"noopener\">28mm LED Lampe rot<\/a><\/strong><\/span><\/li>\n<li><span style=\"color: #000000;\"><strong><a style=\"color: #000000;\" href=\"https:\/\/www.alldayled.com\/de\/produkt\/led-markeringslamp-wit-28mm\/\" target=\"_blank\" rel=\"noopener\">28mm LED Lampe wei\u00df<\/a><\/strong><\/span><\/li>\n<\/ul>\n<p><span style=\"color: #000000;\">Bist du dennoch der Meinung, dass die LED Einbau Lampe nicht das ist, was du suchst? Einfach weil die Farbe oder Form nicht deinen W\u00fcnschen entspricht? Dann schau doch mal auf unserer Seite <a style=\"color: #000000;\" href=\"https:\/\/www.alldayled.com\/de\/produkt-kategorie\/positionslichter\/markeringslampen\/\" target=\"_blank\" rel=\"noopener\">Markierungsleuchten<\/a> vorbei. Vielleicht findest du hier das Lampenmodell, das du suchst.   <\/span><\/p>\n","protected":false},"excerpt":{"rendered":"<p>Einbau Lampe mit gr\u00fcnem Glas und 3 LED&#8217;s. Kann mit 12 und 24 Volt betrieben werden. <\/p>\n","protected":false},"featured_media":61894,"comment_status":"open","ping_status":"closed","template":"","meta":{"_acf_changed":false},"product_brand":[6497],"product_cat":[5371,5389,5196],"product_tag":[],"class_list":{"0":"post-67983","1":"product","2":"type-product","3":"status-publish","4":"has-post-thumbnail","6":"product_brand-product-led-autolamps","7":"product_cat-inbouw-verlichting-12-volt","8":"product_cat-inbouw-verlichting-24-volt","9":"product_cat-markeringslampen","11":"first","12":"instock","13":"taxable","14":"shipping-taxable","15":"purchasable","16":"product-type-simple"},"acf":[],"yoast_head":"<!-- This site is optimized with the Yoast SEO Premium plugin v26.5 (Yoast SEO v27.1.1) - https:\/\/yoast.com\/product\/yoast-seo-premium-wordpress\/ -->\n<title>LED Einbau Lampe gr\u00fcn | 3 LED&#039;s | All Day Led | 12&amp;24V<\/title>\n<meta name=\"description\" content=\"LED Einbau Lampe 28mm gr\u00fcn | 12&amp;24 Volt Nutzung | Auto, LKW, Wohnmobil, Boot und mehr | mit 3 LED&#039;s | gr\u00fcne Innenbeleuchtung\" \/>\n<meta name=\"robots\" content=\"index, follow, max-snippet:-1, max-image-preview:large, max-video-preview:-1\" \/>\n<link rel=\"canonical\" href=\"https:\/\/www.alldayled.com\/de\/produkt\/led-inbouw-lamp-groen-28mm-12-24-v\/\" \/>\n<meta property=\"og:locale\" content=\"de_DE\" \/>\n<meta property=\"og:type\" content=\"article\" \/>\n<meta property=\"og:title\" content=\"LED Einbau Lampe gr\u00fcn | 3 LED&#039;s | All Day Led | 12&amp;24V\" \/>\n<meta property=\"og:description\" content=\"LED Einbau Lampe 28mm gr\u00fcn | 12&amp;24 Volt Nutzung | Auto, LKW, Wohnmobil, Boot und mehr | mit 3 LED&#039;s | gr\u00fcne Innenbeleuchtung\" \/>\n<meta property=\"og:url\" content=\"https:\/\/www.alldayled.com\/de\/produkt\/led-inbouw-lamp-groen-28mm-12-24-v\/\" \/>\n<meta property=\"og:site_name\" content=\"All Day Led\" \/>\n<meta property=\"article:publisher\" content=\"https:\/\/www.facebook.com\/alldayled\/\" \/>\n<meta property=\"article:modified_time\" content=\"2026-03-23T20:15:58+00:00\" \/>\n<meta property=\"og:image\" content=\"https:\/\/www.alldayled.com\/wp-content\/uploads\/2020\/03\/ADL08408.-3.png\" \/>\n<meta name=\"twitter:label1\" content=\"Preis\" \/>\n\t<meta name=\"twitter:data1\" content=\"&euro;&nbsp;9,95\" \/>\n\t<meta name=\"twitter:label2\" content=\"Verf\u00fcgbarkeit\" \/>\n\t<meta name=\"twitter:data2\" content=\"Auf Lager\" \/>\n<script type=\"application\/ld+json\" class=\"yoast-schema-graph\">{\"@context\":\"https:\/\/schema.org\",\"@graph\":[{\"@type\":\"WebPage\",\"@id\":\"https:\/\/www.alldayled.com\/de\/produkt\/led-inbouw-lamp-groen-28mm-12-24-v\/\",\"url\":\"https:\/\/www.alldayled.com\/de\/produkt\/led-inbouw-lamp-groen-28mm-12-24-v\/\",\"name\":\"LED Einbau Lampe gr\u00fcn | 3 LED's | All Day Led | 12&24V\",\"isPartOf\":{\"@id\":\"https:\/\/www.alldayled.com\/de\/#website\"},\"primaryImageOfPage\":{\"@id\":\"https:\/\/www.alldayled.com\/de\/produkt\/led-inbouw-lamp-groen-28mm-12-24-v\/#primaryimage\"},\"image\":{\"@id\":\"https:\/\/www.alldayled.com\/de\/produkt\/led-inbouw-lamp-groen-28mm-12-24-v\/#primaryimage\"},\"thumbnailUrl\":\"https:\/\/www.alldayled.com\/wp-content\/uploads\/2020\/03\/ADL08408..png\",\"datePublished\":\"2020-02-01T14:00:53+00:00\",\"dateModified\":\"2026-03-23T20:15:58+00:00\",\"description\":\"LED Einbau Lampe 28mm gr\u00fcn | 12&24 Volt Nutzung | Auto, LKW, Wohnmobil, Boot und mehr | mit 3 LED's | gr\u00fcne Innenbeleuchtung\",\"breadcrumb\":{\"@id\":\"https:\/\/www.alldayled.com\/de\/produkt\/led-inbouw-lamp-groen-28mm-12-24-v\/#breadcrumb\"},\"inLanguage\":\"de\",\"potentialAction\":[{\"@type\":\"ReadAction\",\"target\":[\"https:\/\/www.alldayled.com\/de\/produkt\/led-inbouw-lamp-groen-28mm-12-24-v\/\"]}]},{\"@type\":\"ImageObject\",\"inLanguage\":\"de\",\"@id\":\"https:\/\/www.alldayled.com\/de\/produkt\/led-inbouw-lamp-groen-28mm-12-24-v\/#primaryimage\",\"url\":\"https:\/\/www.alldayled.com\/wp-content\/uploads\/2020\/03\/ADL08408..png\",\"contentUrl\":\"https:\/\/www.alldayled.com\/wp-content\/uploads\/2020\/03\/ADL08408..png\",\"width\":800,\"height\":600,\"caption\":\"LED Einbau Lampe 28mm GR\u00dcN - LED Lampe geeignet f\u00fcr 12 und 24 Volt Nutzung - EAN: 9335962031528\"},{\"@type\":\"BreadcrumbList\",\"@id\":\"https:\/\/www.alldayled.com\/de\/produkt\/led-inbouw-lamp-groen-28mm-12-24-v\/#breadcrumb\",\"itemListElement\":[{\"@type\":\"ListItem\",\"position\":1,\"name\":\"Home\",\"item\":\"https:\/\/www.alldayled.com\/de\/\"},{\"@type\":\"ListItem\",\"position\":2,\"name\":\"Shop\",\"item\":\"https:\/\/www.alldayled.com\/de\/shop\/\"},{\"@type\":\"ListItem\",\"position\":3,\"name\":\"Beleuchtung\",\"item\":\"https:\/\/www.alldayled.com\/de\/produkt-kategorie\/beleuchtung\/\"},{\"@type\":\"ListItem\",\"position\":4,\"name\":\"Beleuchtung 12 Volt\",\"item\":\"https:\/\/www.alldayled.com\/de\/produkt-kategorie\/beleuchtung\/verlichting-12-volt\/\"},{\"@type\":\"ListItem\",\"position\":5,\"name\":\"Einbauleuchten\",\"item\":\"https:\/\/www.alldayled.com\/de\/produkt-kategorie\/beleuchtung\/verlichting-12-volt\/inbouw-verlichting-12-volt\/\"},{\"@type\":\"ListItem\",\"position\":6,\"name\":\"LED Einbau Lampe 28mm gr\u00fcn &#8211; 12\/24V\"}]},{\"@type\":\"WebSite\",\"@id\":\"https:\/\/www.alldayled.com\/de\/#website\",\"url\":\"https:\/\/www.alldayled.com\/de\/\",\"name\":\"All Day Led\",\"description\":\"Verlichting voor 12&amp;24 volt gebruik\",\"publisher\":{\"@id\":\"https:\/\/www.alldayled.com\/de\/#organization\"},\"potentialAction\":[{\"@type\":\"SearchAction\",\"target\":{\"@type\":\"EntryPoint\",\"urlTemplate\":\"https:\/\/www.alldayled.com\/de\/?s={search_term_string}\"},\"query-input\":{\"@type\":\"PropertyValueSpecification\",\"valueRequired\":true,\"valueName\":\"search_term_string\"}}],\"inLanguage\":\"de\"},{\"@type\":\"Organization\",\"@id\":\"https:\/\/www.alldayled.com\/de\/#organization\",\"name\":\"All Day Led\",\"url\":\"https:\/\/www.alldayled.com\/de\/\",\"logo\":{\"@type\":\"ImageObject\",\"inLanguage\":\"de\",\"@id\":\"https:\/\/www.alldayled.com\/de\/#\/schema\/logo\/image\/\",\"url\":\"https:\/\/www.alldayled.com\/wp-content\/uploads\/2025\/10\/Logo-ALL-DAY-LED-800x800-zwart-witte-letters.png\",\"contentUrl\":\"https:\/\/www.alldayled.com\/wp-content\/uploads\/2025\/10\/Logo-ALL-DAY-LED-800x800-zwart-witte-letters.png\",\"width\":800,\"height\":800,\"caption\":\"All Day Led\"},\"image\":{\"@id\":\"https:\/\/www.alldayled.com\/de\/#\/schema\/logo\/image\/\"},\"sameAs\":[\"https:\/\/www.facebook.com\/alldayled\/\",\"https:\/\/www.instagram.com\/alldayled\/\"],\"vatID\":\"NL863960133B01\",\"taxID\":\"86416545\"}]}<\/script>\n<meta property=\"product:brand\" content=\"LED autolamps\" \/>\n<meta property=\"product:price:amount\" content=\"9.95\" \/>\n<meta property=\"product:price:currency\" content=\"EUR\" \/>\n<meta property=\"og:availability\" content=\"instock\" \/>\n<meta property=\"product:availability\" content=\"instock\" \/>\n<meta property=\"product:retailer_item_id\" content=\"ADL08408\" \/>\n<meta property=\"product:condition\" content=\"new\" \/>\n<!-- \/ Yoast SEO Premium plugin. -->","yoast_head_json":{"title":"LED Einbau Lampe gr\u00fcn | 3 LED's | All Day Led | 12&24V","description":"LED Einbau Lampe 28mm gr\u00fcn | 12&24 Volt Nutzung | Auto, LKW, Wohnmobil, Boot und mehr | mit 3 LED's | gr\u00fcne Innenbeleuchtung","robots":{"index":"index","follow":"follow","max-snippet":"max-snippet:-1","max-image-preview":"max-image-preview:large","max-video-preview":"max-video-preview:-1"},"canonical":"https:\/\/www.alldayled.com\/de\/produkt\/led-inbouw-lamp-groen-28mm-12-24-v\/","og_locale":"de_DE","og_type":"article","og_title":"LED Einbau Lampe gr\u00fcn | 3 LED's | All Day Led | 12&24V","og_description":"LED Einbau Lampe 28mm gr\u00fcn | 12&24 Volt Nutzung | Auto, LKW, Wohnmobil, Boot und mehr | mit 3 LED's | gr\u00fcne Innenbeleuchtung","og_url":"https:\/\/www.alldayled.com\/de\/produkt\/led-inbouw-lamp-groen-28mm-12-24-v\/","og_site_name":"All Day Led","article_publisher":"https:\/\/www.facebook.com\/alldayled\/","article_modified_time":"2026-03-23T20:15:58+00:00","og_image":[{"url":"https:\/\/www.alldayled.com\/wp-content\/uploads\/2020\/03\/ADL08408.-3.png","type":"","width":"","height":""}],"twitter_misc":{"Preis":"&euro;&nbsp;9,95","Verf\u00fcgbarkeit":"Auf Lager"},"schema":{"@context":"https:\/\/schema.org","@graph":[{"@type":"WebPage","@id":"https:\/\/www.alldayled.com\/de\/produkt\/led-inbouw-lamp-groen-28mm-12-24-v\/","url":"https:\/\/www.alldayled.com\/de\/produkt\/led-inbouw-lamp-groen-28mm-12-24-v\/","name":"LED Einbau Lampe gr\u00fcn | 3 LED's | All Day Led | 12&24V","isPartOf":{"@id":"https:\/\/www.alldayled.com\/de\/#website"},"primaryImageOfPage":{"@id":"https:\/\/www.alldayled.com\/de\/produkt\/led-inbouw-lamp-groen-28mm-12-24-v\/#primaryimage"},"image":{"@id":"https:\/\/www.alldayled.com\/de\/produkt\/led-inbouw-lamp-groen-28mm-12-24-v\/#primaryimage"},"thumbnailUrl":"https:\/\/www.alldayled.com\/wp-content\/uploads\/2020\/03\/ADL08408..png","datePublished":"2020-02-01T14:00:53+00:00","dateModified":"2026-03-23T20:15:58+00:00","description":"LED Einbau Lampe 28mm gr\u00fcn | 12&24 Volt Nutzung | Auto, LKW, Wohnmobil, Boot und mehr | mit 3 LED's | gr\u00fcne Innenbeleuchtung","breadcrumb":{"@id":"https:\/\/www.alldayled.com\/de\/produkt\/led-inbouw-lamp-groen-28mm-12-24-v\/#breadcrumb"},"inLanguage":"de","potentialAction":[{"@type":"ReadAction","target":["https:\/\/www.alldayled.com\/de\/produkt\/led-inbouw-lamp-groen-28mm-12-24-v\/"]}]},{"@type":"ImageObject","inLanguage":"de","@id":"https:\/\/www.alldayled.com\/de\/produkt\/led-inbouw-lamp-groen-28mm-12-24-v\/#primaryimage","url":"https:\/\/www.alldayled.com\/wp-content\/uploads\/2020\/03\/ADL08408..png","contentUrl":"https:\/\/www.alldayled.com\/wp-content\/uploads\/2020\/03\/ADL08408..png","width":800,"height":600,"caption":"LED Einbau Lampe 28mm GR\u00dcN - LED Lampe geeignet f\u00fcr 12 und 24 Volt Nutzung - EAN: 9335962031528"},{"@type":"BreadcrumbList","@id":"https:\/\/www.alldayled.com\/de\/produkt\/led-inbouw-lamp-groen-28mm-12-24-v\/#breadcrumb","itemListElement":[{"@type":"ListItem","position":1,"name":"Home","item":"https:\/\/www.alldayled.com\/de\/"},{"@type":"ListItem","position":2,"name":"Shop","item":"https:\/\/www.alldayled.com\/de\/shop\/"},{"@type":"ListItem","position":3,"name":"Beleuchtung","item":"https:\/\/www.alldayled.com\/de\/produkt-kategorie\/beleuchtung\/"},{"@type":"ListItem","position":4,"name":"Beleuchtung 12 Volt","item":"https:\/\/www.alldayled.com\/de\/produkt-kategorie\/beleuchtung\/verlichting-12-volt\/"},{"@type":"ListItem","position":5,"name":"Einbauleuchten","item":"https:\/\/www.alldayled.com\/de\/produkt-kategorie\/beleuchtung\/verlichting-12-volt\/inbouw-verlichting-12-volt\/"},{"@type":"ListItem","position":6,"name":"LED Einbau Lampe 28mm gr\u00fcn &#8211; 12\/24V"}]},{"@type":"WebSite","@id":"https:\/\/www.alldayled.com\/de\/#website","url":"https:\/\/www.alldayled.com\/de\/","name":"All Day Led","description":"Verlichting voor 12&amp;24 volt gebruik","publisher":{"@id":"https:\/\/www.alldayled.com\/de\/#organization"},"potentialAction":[{"@type":"SearchAction","target":{"@type":"EntryPoint","urlTemplate":"https:\/\/www.alldayled.com\/de\/?s={search_term_string}"},"query-input":{"@type":"PropertyValueSpecification","valueRequired":true,"valueName":"search_term_string"}}],"inLanguage":"de"},{"@type":"Organization","@id":"https:\/\/www.alldayled.com\/de\/#organization","name":"All Day Led","url":"https:\/\/www.alldayled.com\/de\/","logo":{"@type":"ImageObject","inLanguage":"de","@id":"https:\/\/www.alldayled.com\/de\/#\/schema\/logo\/image\/","url":"https:\/\/www.alldayled.com\/wp-content\/uploads\/2025\/10\/Logo-ALL-DAY-LED-800x800-zwart-witte-letters.png","contentUrl":"https:\/\/www.alldayled.com\/wp-content\/uploads\/2025\/10\/Logo-ALL-DAY-LED-800x800-zwart-witte-letters.png","width":800,"height":800,"caption":"All Day Led"},"image":{"@id":"https:\/\/www.alldayled.com\/de\/#\/schema\/logo\/image\/"},"sameAs":["https:\/\/www.facebook.com\/alldayled\/","https:\/\/www.instagram.com\/alldayled\/"],"vatID":"NL863960133B01","taxID":"86416545"}]},"product_brand":"LED autolamps","product_price_amount":"9.95","product_price_currency":"EUR","og_availability":"instock","product_availability":"instock","product_retailer_item_id":"ADL08408","product_condition":"new"},"_links":{"self":[{"href":"https:\/\/www.alldayled.com\/de\/wp-json\/wp\/v2\/product\/67983","targetHints":{"allow":["GET"]}}],"collection":[{"href":"https:\/\/www.alldayled.com\/de\/wp-json\/wp\/v2\/product"}],"about":[{"href":"https:\/\/www.alldayled.com\/de\/wp-json\/wp\/v2\/types\/product"}],"replies":[{"embeddable":true,"href":"https:\/\/www.alldayled.com\/de\/wp-json\/wp\/v2\/comments?post=67983"}],"wp:featuredmedia":[{"embeddable":true,"href":"https:\/\/www.alldayled.com\/de\/wp-json\/wp\/v2\/media\/61894"}],"wp:attachment":[{"href":"https:\/\/www.alldayled.com\/de\/wp-json\/wp\/v2\/media?parent=67983"}],"wp:term":[{"taxonomy":"product_brand","embeddable":true,"href":"https:\/\/www.alldayled.com\/de\/wp-json\/wp\/v2\/product_brand?post=67983"},{"taxonomy":"product_cat","embeddable":true,"href":"https:\/\/www.alldayled.com\/de\/wp-json\/wp\/v2\/product_cat?post=67983"},{"taxonomy":"product_tag","embeddable":true,"href":"https:\/\/www.alldayled.com\/de\/wp-json\/wp\/v2\/product_tag?post=67983"}],"curies":[{"name":"wp","href":"https:\/\/api.w.org\/{rel}","templated":true}]}}