{"id":67994,"date":"2023-02-10T11:38:23","date_gmt":"2023-02-10T10:38:23","guid":{"rendered":"https:\/\/www.alldayled.com\/product\/strands-siberia-night-guard-dr-12inch\/"},"modified":"2026-04-22T10:32:45","modified_gmt":"2026-04-22T08:32:45","slug":"strands-siberia-night-guard-dr-12inch","status":"publish","type":"product","link":"https:\/\/www.alldayled.com\/de\/produkt\/strands-siberia-night-guard-dr-12inch\/","title":{"rendered":"Strands Siberia Night Guard DR &#8211; 12 Zoll"},"content":{"rendered":"<p><span style=\"color: #000000;\"><strong>Strands Siberia Night Guard double row 12 Zoll, f\u00fcr 12 und 24 Volt.<\/strong><\/span><\/p>\n<p><span style=\"color: #000000;\">M\u00f6chten Sie Ihr Fahrzeug mit einem neuen oder zus\u00e4tzlichen LED Scheinwerfer ausstatten, wissen aber noch nicht genau, welchen? Dann ist die Strands Siberia Night Guard 12 Zoll LED bar vielleicht die richtige Lampe f\u00fcr Sie! Die 12 Zoll Double Row LED bar von Strands hat 20 helle LEDs und eine Lichtleistung von 8000 Lumen. Dank des farbwechselnden Standlichts und des eingebauten Blitzers k\u00f6nnen Sie die Lampe mit 12 &amp; 24 Volt verwenden, also an Ihrem Auto, LKW, Camper oder einem anderen Fahrzeug. Die LED bar ist ECE-gepr\u00fcft, sodass Sie sie offiziell auf der Stra\u00dfe verwenden k\u00f6nnen.    <\/span><\/p>\n<p><span style=\"color: #000000;\">Um sicherzustellen, dass die Siberia Night Guard 12&#8220; passt und f\u00fcr Ihr Fahrzeug geeignet ist, haben wir die wichtigsten Eigenschaften aufgelistet. Die LED bar hat das ECE R10-Pr\u00fcfzeichen, also keine St\u00f6rungen beispielsweise Ihres Funksignals. Dar\u00fcber hinaus verf\u00fcgt sie \u00fcber die ECE R7-, R65- und R112-Pr\u00fcfzeichen, sodass Sie sie als Standlicht, Fernlicht und Warnleuchte verwenden k\u00f6nnen. Die LED bar wird mit schwarz beschichtetem Edelstahl-Befestigungsmaterial geliefert, sodass Sie sie stabil und sicher montieren k\u00f6nnen.   <\/span><\/p>\n<h5><span style=\"color: #000000;\"><strong>Abmessungen:<\/strong><\/span><\/h5>\n<p><span style=\"color: #000000;\">Um sicherzustellen, dass Sie die Double Row LED bar genau dort montieren k\u00f6nnen, wo Sie m\u00f6chten, haben wir hier die Abmessungen f\u00fcr Sie aufgelistet. Die Abmessungen der Strands Siberia Night Guard 12&#8220; LED bar mit eingebautem Blitzer sind wie folgt: <\/span><\/p>\n<ul>\n<li><span style=\"color: #000000;\">H\u00f6he: 76 mm (89 mm inkl. Befestigung)<\/span><\/li>\n<li><span style=\"color: #000000;\">Breite: 307 mm<\/span><\/li>\n<li><span style=\"color: #000000;\">Dicke: 71.6 mm<\/span><\/li>\n<\/ul>\n<p><span style=\"color: #000000;\">Die Strands Siberia Night Guard 12&#8220; wird mit zwei Arten von Montageb\u00fcgeln geliefert. Damit k\u00f6nnen Sie die LED Lampe sowohl an der R\u00fcckseite als auch an der Seite befestigen. Dank der B\u00fcgel k\u00f6nnen Sie die LED bar auch nach vorne oder hinten kippen. Das Befestigungsmaterial sehen Sie auf Abbildung 4.   <\/span><\/p>\n<h5><span style=\"color: #000000;\"><strong>Weitere Abmessungen: <\/strong><\/span><\/h5>\n<p><span style=\"color: #000000;\">Ist die Strands Siberia Night Guard 12 Zoll jetzt doch nicht die Gr\u00f6\u00dfe, die Sie suchen? Dann wissen Sie, dass der Double Row LED verstraler mit Blitzer auch in den folgenden Abmessungen erh\u00e4ltlich ist: <\/span><\/p>\n<ul>\n<li><span style=\"color: #000000;\"><a style=\"color: #000000;\" href=\"https:\/\/www.alldayled.com\/de\/produkt\/strands-siberia-night-guard-dr-22inch\/\"><strong>Siberia NG DR 22&#8220;<\/strong><\/a><\/span><\/li>\n<\/ul>\n<p><span style=\"color: #000000;\">Sind Sie immer noch nicht davon \u00fcberzeugt, dass die Strands Siberia Night Guard 12 Zoll das ist, wonach Sie suchen? Einfach weil die Lichtleistung, die Wattzahl oder die Form nicht Ihren W\u00fcnschen entsprechen? Dann sehen Sie sich hier das komplette Angebot von <a style=\"color: #000000;\" href=\"https:\/\/www.alldayled.com\/de\/marke\/product-strands-lighting-division\/\" target=\"_blank\" rel=\"noopener\">Strands<\/a> an. Vielleicht finden Sie hier das Lampenmodell, das Sie suchen. Sehen Sie sich <a style=\"color: #000000;\" href=\"https:\/\/youtu.be\/ndaautJ8SrI\" target=\"_blank\" rel=\"noopener\">hier <\/a>das Einf\u00fchrungsvideo von Strands an.    <\/span><\/p>\n","protected":false},"excerpt":{"rendered":"<p>Siberia Double Row LED bar 12 Zoll mit wei\u00df &#8211; orangem Standlicht und Blitzer.<\/p>\n","protected":false},"featured_media":23931,"comment_status":"open","ping_status":"closed","template":"","meta":{"_acf_changed":false},"product_brand":[5114],"product_cat":[5340,5304,5386,5359],"product_tag":[9161,9162,9163,9164,9075,9079,9077,9078,9076,9057,9066,9064,9065,9165,9080],"class_list":{"0":"post-67994","1":"product","2":"type-product","3":"status-publish","4":"has-post-thumbnail","6":"product_brand-product-strands-lighting-division","7":"product_cat-werklamp-overig","8":"product_cat-flitser","9":"product_cat-led-bar","10":"product_cat-strands-siberia","11":"product_tag-led-bar","12":"product_tag-led-bar-auto","13":"product_tag-led-bar-lkw","14":"product_tag-led-scheinwerfer","15":"product_tag-led-scheinwerfer-auto","16":"product_tag-led-scheinwerfer-lkw","17":"product_tag-led-scheinwerfer-tonabnehmer","18":"product_tag-led-scheinwerfer-traktor","19":"product_tag-led-scheinwerfer-wohnmobil","20":"product_tag-led-arbeitsleuchte","21":"product_tag-strands-led-arbeitsleuchte","22":"product_tag-strands-led-beleuchtung","23":"product_tag-strands-lighting-division","24":"product_tag-strands-siberia-led-bar","25":"product_tag-strands-siberia-scheinwerfer","27":"first","28":"instock","29":"taxable","30":"shipping-taxable","31":"purchasable","32":"product-type-simple"},"acf":[],"yoast_head":"<!-- This site is optimized with the Yoast SEO Premium plugin v26.5 (Yoast SEO v27.1.1) - https:\/\/yoast.com\/product\/yoast-seo-premium-wordpress\/ -->\n<title>Siberia Night Guard 12 Zoll - LED bar - All Day Led - f\u00fcr 12&amp;24V<\/title>\n<meta name=\"description\" content=\"Siberia Night Guard 12 Zoll - Strands Double Row 100W LED bar- 8000 Lumen - 12&amp;24 volt - Auto, LKW und mehr - mit wei\u00df-orangem Standlicht &amp; Blitzer\" \/>\n<meta name=\"robots\" content=\"index, follow, max-snippet:-1, max-image-preview:large, max-video-preview:-1\" \/>\n<link rel=\"canonical\" href=\"https:\/\/www.alldayled.com\/de\/produkt\/strands-siberia-night-guard-dr-12inch\/\" \/>\n<meta property=\"og:locale\" content=\"de_DE\" \/>\n<meta property=\"og:type\" content=\"article\" \/>\n<meta property=\"og:title\" content=\"Siberia Night Guard 12 Zoll - LED bar - All Day Led - f\u00fcr 12&amp;24V\" \/>\n<meta property=\"og:description\" content=\"Siberia Night Guard 12 Zoll - Strands Double Row 100W LED bar- 8000 Lumen - 12&amp;24 volt - Auto, LKW und mehr - mit wei\u00df-orangem Standlicht &amp; Blitzer\" \/>\n<meta property=\"og:url\" content=\"https:\/\/www.alldayled.com\/de\/produkt\/strands-siberia-night-guard-dr-12inch\/\" \/>\n<meta property=\"og:site_name\" content=\"All Day Led\" \/>\n<meta property=\"article:publisher\" content=\"https:\/\/www.facebook.com\/alldayled\/\" \/>\n<meta property=\"article:modified_time\" content=\"2026-04-22T08:32:45+00:00\" \/>\n<meta property=\"og:image\" content=\"https:\/\/www.alldayled.com\/wp-content\/uploads\/2024\/08\/ADL809216.01-300x300.png\" \/>\n<meta name=\"twitter:label1\" content=\"Preis\" \/>\n\t<meta name=\"twitter:data1\" content=\"&euro;&nbsp;259,00\" \/>\n\t<meta name=\"twitter:label2\" content=\"Verf\u00fcgbarkeit\" \/>\n\t<meta name=\"twitter:data2\" content=\"Auf Lager\" \/>\n<script type=\"application\/ld+json\" class=\"yoast-schema-graph\">{\"@context\":\"https:\/\/schema.org\",\"@graph\":[{\"@type\":\"WebPage\",\"@id\":\"https:\/\/www.alldayled.com\/de\/produkt\/strands-siberia-night-guard-dr-12inch\/\",\"url\":\"https:\/\/www.alldayled.com\/de\/produkt\/strands-siberia-night-guard-dr-12inch\/\",\"name\":\"Siberia Night Guard 12 Zoll - LED bar - All Day Led - f\u00fcr 12&24V\",\"isPartOf\":{\"@id\":\"https:\/\/www.alldayled.com\/de\/#website\"},\"primaryImageOfPage\":{\"@id\":\"https:\/\/www.alldayled.com\/de\/produkt\/strands-siberia-night-guard-dr-12inch\/#primaryimage\"},\"image\":{\"@id\":\"https:\/\/www.alldayled.com\/de\/produkt\/strands-siberia-night-guard-dr-12inch\/#primaryimage\"},\"thumbnailUrl\":\"https:\/\/www.alldayled.com\/wp-content\/uploads\/2023\/02\/ADL89216..png\",\"datePublished\":\"2023-02-10T10:38:23+00:00\",\"dateModified\":\"2026-04-22T08:32:45+00:00\",\"description\":\"Siberia Night Guard 12 Zoll - Strands Double Row 100W LED bar- 8000 Lumen - 12&24 volt - Auto, LKW und mehr - mit wei\u00df-orangem Standlicht & Blitzer\",\"breadcrumb\":{\"@id\":\"https:\/\/www.alldayled.com\/de\/produkt\/strands-siberia-night-guard-dr-12inch\/#breadcrumb\"},\"inLanguage\":\"de\",\"potentialAction\":[{\"@type\":\"ReadAction\",\"target\":[\"https:\/\/www.alldayled.com\/de\/produkt\/strands-siberia-night-guard-dr-12inch\/\"]}]},{\"@type\":\"ImageObject\",\"inLanguage\":\"de\",\"@id\":\"https:\/\/www.alldayled.com\/de\/produkt\/strands-siberia-night-guard-dr-12inch\/#primaryimage\",\"url\":\"https:\/\/www.alldayled.com\/wp-content\/uploads\/2023\/02\/ADL89216..png\",\"contentUrl\":\"https:\/\/www.alldayled.com\/wp-content\/uploads\/2023\/02\/ADL89216..png\",\"width\":800,\"height\":600,\"caption\":\"Strands Siberia Night Guard double row 12 Zoll - LED bar mit Standlicht und eingebautem Blitzer - f\u00fcr 12 &amp; 24 Volt Betrieb - LED Scheinwerfer Auto, LKW, Camper, Traktor und mehr - EAN: 7323030187088\"},{\"@type\":\"BreadcrumbList\",\"@id\":\"https:\/\/www.alldayled.com\/de\/produkt\/strands-siberia-night-guard-dr-12inch\/#breadcrumb\",\"itemListElement\":[{\"@type\":\"ListItem\",\"position\":1,\"name\":\"Home\",\"item\":\"https:\/\/www.alldayled.com\/de\/\"},{\"@type\":\"ListItem\",\"position\":2,\"name\":\"Shop\",\"item\":\"https:\/\/www.alldayled.com\/de\/shop\/\"},{\"@type\":\"ListItem\",\"position\":3,\"name\":\"Arbeitsscheinwerfer\",\"item\":\"https:\/\/www.alldayled.com\/de\/produkt-kategorie\/arbeitsscheinwerfer\/\"},{\"@type\":\"ListItem\",\"position\":4,\"name\":\"Arbeitsscheinwerfer sonstig\",\"item\":\"https:\/\/www.alldayled.com\/de\/produkt-kategorie\/arbeitsscheinwerfer\/werklamp-overig\/\"},{\"@type\":\"ListItem\",\"position\":5,\"name\":\"Strands Siberia Night Guard DR &#8211; 12 Zoll\"}]},{\"@type\":\"WebSite\",\"@id\":\"https:\/\/www.alldayled.com\/de\/#website\",\"url\":\"https:\/\/www.alldayled.com\/de\/\",\"name\":\"All Day Led\",\"description\":\"Verlichting voor 12&amp;24 volt gebruik\",\"publisher\":{\"@id\":\"https:\/\/www.alldayled.com\/de\/#organization\"},\"potentialAction\":[{\"@type\":\"SearchAction\",\"target\":{\"@type\":\"EntryPoint\",\"urlTemplate\":\"https:\/\/www.alldayled.com\/de\/?s={search_term_string}\"},\"query-input\":{\"@type\":\"PropertyValueSpecification\",\"valueRequired\":true,\"valueName\":\"search_term_string\"}}],\"inLanguage\":\"de\"},{\"@type\":\"Organization\",\"@id\":\"https:\/\/www.alldayled.com\/de\/#organization\",\"name\":\"All Day Led\",\"url\":\"https:\/\/www.alldayled.com\/de\/\",\"logo\":{\"@type\":\"ImageObject\",\"inLanguage\":\"de\",\"@id\":\"https:\/\/www.alldayled.com\/de\/#\/schema\/logo\/image\/\",\"url\":\"https:\/\/www.alldayled.com\/wp-content\/uploads\/2025\/10\/Logo-ALL-DAY-LED-800x800-zwart-witte-letters.png\",\"contentUrl\":\"https:\/\/www.alldayled.com\/wp-content\/uploads\/2025\/10\/Logo-ALL-DAY-LED-800x800-zwart-witte-letters.png\",\"width\":800,\"height\":800,\"caption\":\"All Day Led\"},\"image\":{\"@id\":\"https:\/\/www.alldayled.com\/de\/#\/schema\/logo\/image\/\"},\"sameAs\":[\"https:\/\/www.facebook.com\/alldayled\/\",\"https:\/\/www.instagram.com\/alldayled\/\"],\"vatID\":\"NL863960133B01\",\"taxID\":\"86416545\"}]}<\/script>\n<meta property=\"product:brand\" content=\"Strands\" \/>\n<meta property=\"product:price:amount\" content=\"259.00\" \/>\n<meta property=\"product:price:currency\" content=\"EUR\" \/>\n<meta property=\"og:availability\" content=\"instock\" \/>\n<meta property=\"product:availability\" content=\"instock\" \/>\n<meta property=\"product:retailer_item_id\" content=\"ADL809216\" \/>\n<meta property=\"product:condition\" content=\"new\" \/>\n<!-- \/ Yoast SEO Premium plugin. -->","yoast_head_json":{"title":"Siberia Night Guard 12 Zoll - LED bar - All Day Led - f\u00fcr 12&24V","description":"Siberia Night Guard 12 Zoll - Strands Double Row 100W LED bar- 8000 Lumen - 12&24 volt - Auto, LKW und mehr - mit wei\u00df-orangem Standlicht & Blitzer","robots":{"index":"index","follow":"follow","max-snippet":"max-snippet:-1","max-image-preview":"max-image-preview:large","max-video-preview":"max-video-preview:-1"},"canonical":"https:\/\/www.alldayled.com\/de\/produkt\/strands-siberia-night-guard-dr-12inch\/","og_locale":"de_DE","og_type":"article","og_title":"Siberia Night Guard 12 Zoll - LED bar - All Day Led - f\u00fcr 12&24V","og_description":"Siberia Night Guard 12 Zoll - Strands Double Row 100W LED bar- 8000 Lumen - 12&24 volt - Auto, LKW und mehr - mit wei\u00df-orangem Standlicht & Blitzer","og_url":"https:\/\/www.alldayled.com\/de\/produkt\/strands-siberia-night-guard-dr-12inch\/","og_site_name":"All Day Led","article_publisher":"https:\/\/www.facebook.com\/alldayled\/","article_modified_time":"2026-04-22T08:32:45+00:00","og_image":[{"url":"https:\/\/www.alldayled.com\/wp-content\/uploads\/2024\/08\/ADL809216.01-300x300.png","type":"","width":"","height":""}],"twitter_misc":{"Preis":"&euro;&nbsp;259,00","Verf\u00fcgbarkeit":"Auf Lager"},"schema":{"@context":"https:\/\/schema.org","@graph":[{"@type":"WebPage","@id":"https:\/\/www.alldayled.com\/de\/produkt\/strands-siberia-night-guard-dr-12inch\/","url":"https:\/\/www.alldayled.com\/de\/produkt\/strands-siberia-night-guard-dr-12inch\/","name":"Siberia Night Guard 12 Zoll - LED bar - All Day Led - f\u00fcr 12&24V","isPartOf":{"@id":"https:\/\/www.alldayled.com\/de\/#website"},"primaryImageOfPage":{"@id":"https:\/\/www.alldayled.com\/de\/produkt\/strands-siberia-night-guard-dr-12inch\/#primaryimage"},"image":{"@id":"https:\/\/www.alldayled.com\/de\/produkt\/strands-siberia-night-guard-dr-12inch\/#primaryimage"},"thumbnailUrl":"https:\/\/www.alldayled.com\/wp-content\/uploads\/2023\/02\/ADL89216..png","datePublished":"2023-02-10T10:38:23+00:00","dateModified":"2026-04-22T08:32:45+00:00","description":"Siberia Night Guard 12 Zoll - Strands Double Row 100W LED bar- 8000 Lumen - 12&24 volt - Auto, LKW und mehr - mit wei\u00df-orangem Standlicht & Blitzer","breadcrumb":{"@id":"https:\/\/www.alldayled.com\/de\/produkt\/strands-siberia-night-guard-dr-12inch\/#breadcrumb"},"inLanguage":"de","potentialAction":[{"@type":"ReadAction","target":["https:\/\/www.alldayled.com\/de\/produkt\/strands-siberia-night-guard-dr-12inch\/"]}]},{"@type":"ImageObject","inLanguage":"de","@id":"https:\/\/www.alldayled.com\/de\/produkt\/strands-siberia-night-guard-dr-12inch\/#primaryimage","url":"https:\/\/www.alldayled.com\/wp-content\/uploads\/2023\/02\/ADL89216..png","contentUrl":"https:\/\/www.alldayled.com\/wp-content\/uploads\/2023\/02\/ADL89216..png","width":800,"height":600,"caption":"Strands Siberia Night Guard double row 12 Zoll - LED bar mit Standlicht und eingebautem Blitzer - f\u00fcr 12 &amp; 24 Volt Betrieb - LED Scheinwerfer Auto, LKW, Camper, Traktor und mehr - EAN: 7323030187088"},{"@type":"BreadcrumbList","@id":"https:\/\/www.alldayled.com\/de\/produkt\/strands-siberia-night-guard-dr-12inch\/#breadcrumb","itemListElement":[{"@type":"ListItem","position":1,"name":"Home","item":"https:\/\/www.alldayled.com\/de\/"},{"@type":"ListItem","position":2,"name":"Shop","item":"https:\/\/www.alldayled.com\/de\/shop\/"},{"@type":"ListItem","position":3,"name":"Arbeitsscheinwerfer","item":"https:\/\/www.alldayled.com\/de\/produkt-kategorie\/arbeitsscheinwerfer\/"},{"@type":"ListItem","position":4,"name":"Arbeitsscheinwerfer sonstig","item":"https:\/\/www.alldayled.com\/de\/produkt-kategorie\/arbeitsscheinwerfer\/werklamp-overig\/"},{"@type":"ListItem","position":5,"name":"Strands Siberia Night Guard DR &#8211; 12 Zoll"}]},{"@type":"WebSite","@id":"https:\/\/www.alldayled.com\/de\/#website","url":"https:\/\/www.alldayled.com\/de\/","name":"All Day Led","description":"Verlichting voor 12&amp;24 volt gebruik","publisher":{"@id":"https:\/\/www.alldayled.com\/de\/#organization"},"potentialAction":[{"@type":"SearchAction","target":{"@type":"EntryPoint","urlTemplate":"https:\/\/www.alldayled.com\/de\/?s={search_term_string}"},"query-input":{"@type":"PropertyValueSpecification","valueRequired":true,"valueName":"search_term_string"}}],"inLanguage":"de"},{"@type":"Organization","@id":"https:\/\/www.alldayled.com\/de\/#organization","name":"All Day Led","url":"https:\/\/www.alldayled.com\/de\/","logo":{"@type":"ImageObject","inLanguage":"de","@id":"https:\/\/www.alldayled.com\/de\/#\/schema\/logo\/image\/","url":"https:\/\/www.alldayled.com\/wp-content\/uploads\/2025\/10\/Logo-ALL-DAY-LED-800x800-zwart-witte-letters.png","contentUrl":"https:\/\/www.alldayled.com\/wp-content\/uploads\/2025\/10\/Logo-ALL-DAY-LED-800x800-zwart-witte-letters.png","width":800,"height":800,"caption":"All Day Led"},"image":{"@id":"https:\/\/www.alldayled.com\/de\/#\/schema\/logo\/image\/"},"sameAs":["https:\/\/www.facebook.com\/alldayled\/","https:\/\/www.instagram.com\/alldayled\/"],"vatID":"NL863960133B01","taxID":"86416545"}]},"product_brand":"Strands","product_price_amount":"259.00","product_price_currency":"EUR","og_availability":"instock","product_availability":"instock","product_retailer_item_id":"ADL809216","product_condition":"new"},"_links":{"self":[{"href":"https:\/\/www.alldayled.com\/de\/wp-json\/wp\/v2\/product\/67994","targetHints":{"allow":["GET"]}}],"collection":[{"href":"https:\/\/www.alldayled.com\/de\/wp-json\/wp\/v2\/product"}],"about":[{"href":"https:\/\/www.alldayled.com\/de\/wp-json\/wp\/v2\/types\/product"}],"replies":[{"embeddable":true,"href":"https:\/\/www.alldayled.com\/de\/wp-json\/wp\/v2\/comments?post=67994"}],"wp:featuredmedia":[{"embeddable":true,"href":"https:\/\/www.alldayled.com\/de\/wp-json\/wp\/v2\/media\/23931"}],"wp:attachment":[{"href":"https:\/\/www.alldayled.com\/de\/wp-json\/wp\/v2\/media?parent=67994"}],"wp:term":[{"taxonomy":"product_brand","embeddable":true,"href":"https:\/\/www.alldayled.com\/de\/wp-json\/wp\/v2\/product_brand?post=67994"},{"taxonomy":"product_cat","embeddable":true,"href":"https:\/\/www.alldayled.com\/de\/wp-json\/wp\/v2\/product_cat?post=67994"},{"taxonomy":"product_tag","embeddable":true,"href":"https:\/\/www.alldayled.com\/de\/wp-json\/wp\/v2\/product_tag?post=67994"}],"curies":[{"name":"wp","href":"https:\/\/api.w.org\/{rel}","templated":true}]}}