{"id":68015,"date":"2023-02-10T11:39:37","date_gmt":"2023-02-10T10:39:37","guid":{"rendered":"https:\/\/www.alldayled.com\/product\/strands-siberia-night-guard-dr-22inch\/"},"modified":"2025-12-26T09:59:12","modified_gmt":"2025-12-26T08:59:12","slug":"strands-siberia-night-guard-dr-22inch","status":"publish","type":"product","link":"https:\/\/www.alldayled.com\/de\/produkt\/strands-siberia-night-guard-dr-22inch\/","title":{"rendered":"Strands Siberia Night Guard DR &#8211; 22 Zoll"},"content":{"rendered":"<p><span style=\"color: #000000;\"><strong>Strands Siberia Night Guard Double Row 22 Zoll, f\u00fcr 12 und 24 Volt. <\/strong><\/span><\/p>\n<p><span style=\"color: #000000;\">M\u00f6chtest du dein Fahrzeug mit einem neuen oder zus\u00e4tzlichen LED Scheinwerfer ausstatten, aber wei\u00dft noch nicht genau, welchen? Dann ist die Strands Siberia Night Guard 22 Zoll LED bar vielleicht genau die richtige Lampe f\u00fcr dich! Die 22 Zoll Double Row LED bar von Strands verf\u00fcgt \u00fcber 40 helle LEDs und eine Lichtleistung von 16.000 Lumen. Dank des farbwechselnden Positionslichts und des integrierten Blitzers kannst du die Lampe mit 12 &amp; 24 Volt betreiben, also in deinem Auto, LKW, Wohnmobil oder einem anderen Fahrzeug. Die LED bar ist ECE-gepr\u00fcft, sodass du sie offiziell im Stra\u00dfenverkehr verwenden kannst.    <\/span><\/p>\n<p><span style=\"color: #000000;\">Um sicherzustellen, dass die Siberia Night Guard 20&#8220; zu deinem Fahrzeug passt und geeignet ist, haben wir die wichtigsten Eigenschaften aufgelistet. Die LED bar verf\u00fcgt \u00fcber das ECE R10 Pr\u00fcfzeichen, also keine St\u00f6rungen, zum Beispiel deines Radiosignals. Zudem besitzt sie die ECE R7, R65 und R112 Pr\u00fcfzeichen, sodass du sie als Standlicht, Fernlicht und Warnleuchte verwenden kannst. Die LED bar wird mit schwarz beschichtetem Edelstahl-Befestigungsmaterial geliefert, damit du sie stabil und sicher montieren kannst.   <\/span><\/p>\n<h5><span style=\"color: #000000;\"><strong>Abmessungen:<\/strong><\/span><\/h5>\n<p><span style=\"color: #000000;\">Um sicherzustellen, dass du die Double Row LED bar genau dort montieren kannst, wo du m\u00f6chtest, haben wir dir unten die Abmessungen aufgelistet. Die Abmessungen der Strands Siberia Night Guard 22&#8220; LED bar mit integriertem Blitzer sind wie folgt: <\/span><\/p>\n<ul>\n<li><span style=\"color: #000000;\">H\u00f6he: 76 mm (89 mm inkl. Befestigung)<\/span><\/li>\n<li><span style=\"color: #000000;\">Breite: 562 mm<\/span><\/li>\n<li><span style=\"color: #000000;\">Dicke: 71.6 mm<\/span><\/li>\n<\/ul>\n<p><span style=\"color: #000000;\">Die Strands Siberia Night Guard 22&#8220; wird mit zwei Arten von Montagehalterungen geliefert. Damit kannst du die LED Lampe sowohl an der R\u00fcckseite als auch an der Seite befestigen. Dank der Halterungen kannst du die LED bar auch nach vorne oder hinten neigen. Das Befestigungsmaterial siehst du auf Abbildung 4.   <\/span><\/p>\n<h5><span style=\"color: #000000;\"><strong>Weitere Abmessungen: <\/strong><\/span><\/h5>\n<p><span style=\"color: #000000;\">Ist die Strands Siberia Night Guard 22 Zoll doch nicht die Gr\u00f6\u00dfe, nach der du suchst? Wisse, dass der Double Row LED Scheinwerfer mit Blitzer auch in den folgenden Abmessungen erh\u00e4ltlich ist: <\/span><\/p>\n<ul>\n<li><span style=\"color: #000000;\"><a style=\"color: #000000;\" href=\"https:\/\/www.alldayled.com\/de\/produkt\/strands-siberia-night-guard-dr-12inch\/\"><strong>Siberia NG DR 12&#8220;<\/strong><\/a><\/span><\/li>\n<\/ul>\n<p><span style=\"color: #000000;\">Bist du immer noch nicht \u00fcberzeugt, dass die Strands Siberia Night Guard 22 Zoll das ist, wonach du suchst? Einfach weil die Lichtleistung, Wattzahl oder Form nicht deinen W\u00fcnschen entspricht? Dann sieh dir hier das komplette Angebot von <a style=\"color: #000000;\" href=\"https:\/\/www.alldayled.com\/de\/marke\/product-strands-lighting-division\/\" target=\"_blank\" rel=\"noopener\">Strands<\/a> an. Vielleicht findest du hier das Lampenmodell, nach dem du suchst. Sieh dir <a style=\"color: #000000;\" href=\"https:\/\/youtu.be\/ndaautJ8SrI\" target=\"_blank\" rel=\"noopener\">hier <\/a>das Einf\u00fchrungsvideo von Strands an.    <\/span><\/p>\n","protected":false},"excerpt":{"rendered":"<p>Siberia Double Row LED bar 22 Zoll mit wei\u00df-orangem Positionslicht und Blitzer.<\/p>\n","protected":false},"featured_media":23979,"comment_status":"open","ping_status":"closed","template":"","meta":{"_acf_changed":false},"product_brand":[5114],"product_cat":[5340,5304,5386,5359],"product_tag":[9161,9162,9163,9164,9075,9079,9077,9078,9076,9057,9066,9064,9065,9165,9080],"class_list":{"0":"post-68015","1":"product","2":"type-product","3":"status-publish","4":"has-post-thumbnail","6":"product_brand-product-strands-lighting-division","7":"product_cat-werklamp-overig","8":"product_cat-flitser","9":"product_cat-led-bar","10":"product_cat-strands-siberia","11":"product_tag-led-bar","12":"product_tag-led-bar-auto","13":"product_tag-led-bar-lkw","14":"product_tag-led-scheinwerfer","15":"product_tag-led-scheinwerfer-auto","16":"product_tag-led-scheinwerfer-lkw","17":"product_tag-led-scheinwerfer-tonabnehmer","18":"product_tag-led-scheinwerfer-traktor","19":"product_tag-led-scheinwerfer-wohnmobil","20":"product_tag-led-arbeitsleuchte","21":"product_tag-strands-led-arbeitsleuchte","22":"product_tag-strands-led-beleuchtung","23":"product_tag-strands-lighting-division","24":"product_tag-strands-siberia-led-bar","25":"product_tag-strands-siberia-scheinwerfer","27":"first","28":"instock","29":"taxable","30":"shipping-taxable","31":"purchasable","32":"product-type-simple"},"acf":[],"yoast_head":"<!-- This site is optimized with the Yoast SEO Premium plugin v26.5 (Yoast SEO v27.1.1) - https:\/\/yoast.com\/product\/yoast-seo-premium-wordpress\/ -->\n<title>Siberia Night Guard 22 Zoll - LED bar - All Day Led - f\u00fcr 12&amp;24V<\/title>\n<meta name=\"description\" content=\"Siberia Night Guard 22 Zoll - Strands Double Row 200W LED bar - 16.000 Lumen - 12&amp;24 volt - Auto, LKW und mehr - mit wei\u00df-orangem Positionslicht &amp; Blitzer\" \/>\n<meta name=\"robots\" content=\"index, follow, max-snippet:-1, max-image-preview:large, max-video-preview:-1\" \/>\n<link rel=\"canonical\" href=\"https:\/\/www.alldayled.com\/de\/produkt\/strands-siberia-night-guard-dr-22inch\/\" \/>\n<meta property=\"og:locale\" content=\"de_DE\" \/>\n<meta property=\"og:type\" content=\"article\" \/>\n<meta property=\"og:title\" content=\"Siberia Night Guard 22 Zoll - LED bar - All Day Led - f\u00fcr 12&amp;24V\" \/>\n<meta property=\"og:description\" content=\"Siberia Night Guard 22 Zoll - Strands Double Row 200W LED bar - 16.000 Lumen - 12&amp;24 volt - Auto, LKW und mehr - mit wei\u00df-orangem Positionslicht &amp; Blitzer\" \/>\n<meta property=\"og:url\" content=\"https:\/\/www.alldayled.com\/de\/produkt\/strands-siberia-night-guard-dr-22inch\/\" \/>\n<meta property=\"og:site_name\" content=\"All Day Led\" \/>\n<meta property=\"article:publisher\" content=\"https:\/\/www.facebook.com\/alldayled\/\" \/>\n<meta property=\"article:modified_time\" content=\"2025-12-26T08:59:12+00:00\" \/>\n<meta property=\"og:image\" content=\"https:\/\/www.alldayled.com\/wp-content\/uploads\/2024\/08\/ADL809217.01-300x300.png\" \/>\n<meta name=\"twitter:label1\" content=\"Preis\" \/>\n\t<meta name=\"twitter:data1\" content=\"&euro;&nbsp;419,00\" \/>\n\t<meta name=\"twitter:label2\" content=\"Verf\u00fcgbarkeit\" \/>\n\t<meta name=\"twitter:data2\" content=\"Auf Lager\" \/>\n<script type=\"application\/ld+json\" class=\"yoast-schema-graph\">{\"@context\":\"https:\/\/schema.org\",\"@graph\":[{\"@type\":\"WebPage\",\"@id\":\"https:\/\/www.alldayled.com\/de\/produkt\/strands-siberia-night-guard-dr-22inch\/\",\"url\":\"https:\/\/www.alldayled.com\/de\/produkt\/strands-siberia-night-guard-dr-22inch\/\",\"name\":\"Siberia Night Guard 22 Zoll - LED bar - All Day Led - f\u00fcr 12&24V\",\"isPartOf\":{\"@id\":\"https:\/\/www.alldayled.com\/de\/#website\"},\"primaryImageOfPage\":{\"@id\":\"https:\/\/www.alldayled.com\/de\/produkt\/strands-siberia-night-guard-dr-22inch\/#primaryimage\"},\"image\":{\"@id\":\"https:\/\/www.alldayled.com\/de\/produkt\/strands-siberia-night-guard-dr-22inch\/#primaryimage\"},\"thumbnailUrl\":\"https:\/\/www.alldayled.com\/wp-content\/uploads\/2023\/02\/ADL89217..png\",\"datePublished\":\"2023-02-10T10:39:37+00:00\",\"dateModified\":\"2025-12-26T08:59:12+00:00\",\"description\":\"Siberia Night Guard 22 Zoll - Strands Double Row 200W LED bar - 16.000 Lumen - 12&24 volt - Auto, LKW und mehr - mit wei\u00df-orangem Positionslicht & Blitzer\",\"breadcrumb\":{\"@id\":\"https:\/\/www.alldayled.com\/de\/produkt\/strands-siberia-night-guard-dr-22inch\/#breadcrumb\"},\"inLanguage\":\"de\",\"potentialAction\":[{\"@type\":\"ReadAction\",\"target\":[\"https:\/\/www.alldayled.com\/de\/produkt\/strands-siberia-night-guard-dr-22inch\/\"]}]},{\"@type\":\"ImageObject\",\"inLanguage\":\"de\",\"@id\":\"https:\/\/www.alldayled.com\/de\/produkt\/strands-siberia-night-guard-dr-22inch\/#primaryimage\",\"url\":\"https:\/\/www.alldayled.com\/wp-content\/uploads\/2023\/02\/ADL89217..png\",\"contentUrl\":\"https:\/\/www.alldayled.com\/wp-content\/uploads\/2023\/02\/ADL89217..png\",\"width\":800,\"height\":600,\"caption\":\"Strands Siberia Night Guard Double Row 22 Zoll - LED bar mit Positionslicht und integriertem Blitzer - f\u00fcr 12 &amp; 24 Volt Betrieb - LED Scheinwerfer Auto, LKW, Wohnmobil, Traktor und mehr - EAN: 7323030187095\"},{\"@type\":\"BreadcrumbList\",\"@id\":\"https:\/\/www.alldayled.com\/de\/produkt\/strands-siberia-night-guard-dr-22inch\/#breadcrumb\",\"itemListElement\":[{\"@type\":\"ListItem\",\"position\":1,\"name\":\"Home\",\"item\":\"https:\/\/www.alldayled.com\/de\/\"},{\"@type\":\"ListItem\",\"position\":2,\"name\":\"Shop\",\"item\":\"https:\/\/www.alldayled.com\/de\/shop\/\"},{\"@type\":\"ListItem\",\"position\":3,\"name\":\"Arbeitsscheinwerfer\",\"item\":\"https:\/\/www.alldayled.com\/de\/produkt-kategorie\/arbeitsscheinwerfer\/\"},{\"@type\":\"ListItem\",\"position\":4,\"name\":\"Arbeitsscheinwerfer sonstig\",\"item\":\"https:\/\/www.alldayled.com\/de\/produkt-kategorie\/arbeitsscheinwerfer\/werklamp-overig\/\"},{\"@type\":\"ListItem\",\"position\":5,\"name\":\"Strands Siberia Night Guard DR &#8211; 22 Zoll\"}]},{\"@type\":\"WebSite\",\"@id\":\"https:\/\/www.alldayled.com\/de\/#website\",\"url\":\"https:\/\/www.alldayled.com\/de\/\",\"name\":\"All Day Led\",\"description\":\"Verlichting voor 12&amp;24 volt gebruik\",\"publisher\":{\"@id\":\"https:\/\/www.alldayled.com\/de\/#organization\"},\"potentialAction\":[{\"@type\":\"SearchAction\",\"target\":{\"@type\":\"EntryPoint\",\"urlTemplate\":\"https:\/\/www.alldayled.com\/de\/?s={search_term_string}\"},\"query-input\":{\"@type\":\"PropertyValueSpecification\",\"valueRequired\":true,\"valueName\":\"search_term_string\"}}],\"inLanguage\":\"de\"},{\"@type\":\"Organization\",\"@id\":\"https:\/\/www.alldayled.com\/de\/#organization\",\"name\":\"All Day Led\",\"url\":\"https:\/\/www.alldayled.com\/de\/\",\"logo\":{\"@type\":\"ImageObject\",\"inLanguage\":\"de\",\"@id\":\"https:\/\/www.alldayled.com\/de\/#\/schema\/logo\/image\/\",\"url\":\"https:\/\/www.alldayled.com\/wp-content\/uploads\/2025\/10\/Logo-ALL-DAY-LED-800x800-zwart-witte-letters.png\",\"contentUrl\":\"https:\/\/www.alldayled.com\/wp-content\/uploads\/2025\/10\/Logo-ALL-DAY-LED-800x800-zwart-witte-letters.png\",\"width\":800,\"height\":800,\"caption\":\"All Day Led\"},\"image\":{\"@id\":\"https:\/\/www.alldayled.com\/de\/#\/schema\/logo\/image\/\"},\"sameAs\":[\"https:\/\/www.facebook.com\/alldayled\/\",\"https:\/\/www.instagram.com\/alldayled\/\"],\"vatID\":\"NL863960133B01\",\"taxID\":\"86416545\"}]}<\/script>\n<meta property=\"product:brand\" content=\"Strands\" \/>\n<meta property=\"product:price:amount\" content=\"419.00\" \/>\n<meta property=\"product:price:currency\" content=\"EUR\" \/>\n<meta property=\"og:availability\" content=\"instock\" \/>\n<meta property=\"product:availability\" content=\"instock\" \/>\n<meta property=\"product:retailer_item_id\" content=\"ADL809217\" \/>\n<meta property=\"product:condition\" content=\"new\" \/>\n<!-- \/ Yoast SEO Premium plugin. -->","yoast_head_json":{"title":"Siberia Night Guard 22 Zoll - LED bar - All Day Led - f\u00fcr 12&24V","description":"Siberia Night Guard 22 Zoll - Strands Double Row 200W LED bar - 16.000 Lumen - 12&24 volt - Auto, LKW und mehr - mit wei\u00df-orangem Positionslicht & Blitzer","robots":{"index":"index","follow":"follow","max-snippet":"max-snippet:-1","max-image-preview":"max-image-preview:large","max-video-preview":"max-video-preview:-1"},"canonical":"https:\/\/www.alldayled.com\/de\/produkt\/strands-siberia-night-guard-dr-22inch\/","og_locale":"de_DE","og_type":"article","og_title":"Siberia Night Guard 22 Zoll - LED bar - All Day Led - f\u00fcr 12&24V","og_description":"Siberia Night Guard 22 Zoll - Strands Double Row 200W LED bar - 16.000 Lumen - 12&24 volt - Auto, LKW und mehr - mit wei\u00df-orangem Positionslicht & Blitzer","og_url":"https:\/\/www.alldayled.com\/de\/produkt\/strands-siberia-night-guard-dr-22inch\/","og_site_name":"All Day Led","article_publisher":"https:\/\/www.facebook.com\/alldayled\/","article_modified_time":"2025-12-26T08:59:12+00:00","og_image":[{"url":"https:\/\/www.alldayled.com\/wp-content\/uploads\/2024\/08\/ADL809217.01-300x300.png","type":"","width":"","height":""}],"twitter_misc":{"Preis":"&euro;&nbsp;419,00","Verf\u00fcgbarkeit":"Auf Lager"},"schema":{"@context":"https:\/\/schema.org","@graph":[{"@type":"WebPage","@id":"https:\/\/www.alldayled.com\/de\/produkt\/strands-siberia-night-guard-dr-22inch\/","url":"https:\/\/www.alldayled.com\/de\/produkt\/strands-siberia-night-guard-dr-22inch\/","name":"Siberia Night Guard 22 Zoll - LED bar - All Day Led - f\u00fcr 12&24V","isPartOf":{"@id":"https:\/\/www.alldayled.com\/de\/#website"},"primaryImageOfPage":{"@id":"https:\/\/www.alldayled.com\/de\/produkt\/strands-siberia-night-guard-dr-22inch\/#primaryimage"},"image":{"@id":"https:\/\/www.alldayled.com\/de\/produkt\/strands-siberia-night-guard-dr-22inch\/#primaryimage"},"thumbnailUrl":"https:\/\/www.alldayled.com\/wp-content\/uploads\/2023\/02\/ADL89217..png","datePublished":"2023-02-10T10:39:37+00:00","dateModified":"2025-12-26T08:59:12+00:00","description":"Siberia Night Guard 22 Zoll - Strands Double Row 200W LED bar - 16.000 Lumen - 12&24 volt - Auto, LKW und mehr - mit wei\u00df-orangem Positionslicht & Blitzer","breadcrumb":{"@id":"https:\/\/www.alldayled.com\/de\/produkt\/strands-siberia-night-guard-dr-22inch\/#breadcrumb"},"inLanguage":"de","potentialAction":[{"@type":"ReadAction","target":["https:\/\/www.alldayled.com\/de\/produkt\/strands-siberia-night-guard-dr-22inch\/"]}]},{"@type":"ImageObject","inLanguage":"de","@id":"https:\/\/www.alldayled.com\/de\/produkt\/strands-siberia-night-guard-dr-22inch\/#primaryimage","url":"https:\/\/www.alldayled.com\/wp-content\/uploads\/2023\/02\/ADL89217..png","contentUrl":"https:\/\/www.alldayled.com\/wp-content\/uploads\/2023\/02\/ADL89217..png","width":800,"height":600,"caption":"Strands Siberia Night Guard Double Row 22 Zoll - LED bar mit Positionslicht und integriertem Blitzer - f\u00fcr 12 &amp; 24 Volt Betrieb - LED Scheinwerfer Auto, LKW, Wohnmobil, Traktor und mehr - EAN: 7323030187095"},{"@type":"BreadcrumbList","@id":"https:\/\/www.alldayled.com\/de\/produkt\/strands-siberia-night-guard-dr-22inch\/#breadcrumb","itemListElement":[{"@type":"ListItem","position":1,"name":"Home","item":"https:\/\/www.alldayled.com\/de\/"},{"@type":"ListItem","position":2,"name":"Shop","item":"https:\/\/www.alldayled.com\/de\/shop\/"},{"@type":"ListItem","position":3,"name":"Arbeitsscheinwerfer","item":"https:\/\/www.alldayled.com\/de\/produkt-kategorie\/arbeitsscheinwerfer\/"},{"@type":"ListItem","position":4,"name":"Arbeitsscheinwerfer sonstig","item":"https:\/\/www.alldayled.com\/de\/produkt-kategorie\/arbeitsscheinwerfer\/werklamp-overig\/"},{"@type":"ListItem","position":5,"name":"Strands Siberia Night Guard DR &#8211; 22 Zoll"}]},{"@type":"WebSite","@id":"https:\/\/www.alldayled.com\/de\/#website","url":"https:\/\/www.alldayled.com\/de\/","name":"All Day Led","description":"Verlichting voor 12&amp;24 volt gebruik","publisher":{"@id":"https:\/\/www.alldayled.com\/de\/#organization"},"potentialAction":[{"@type":"SearchAction","target":{"@type":"EntryPoint","urlTemplate":"https:\/\/www.alldayled.com\/de\/?s={search_term_string}"},"query-input":{"@type":"PropertyValueSpecification","valueRequired":true,"valueName":"search_term_string"}}],"inLanguage":"de"},{"@type":"Organization","@id":"https:\/\/www.alldayled.com\/de\/#organization","name":"All Day Led","url":"https:\/\/www.alldayled.com\/de\/","logo":{"@type":"ImageObject","inLanguage":"de","@id":"https:\/\/www.alldayled.com\/de\/#\/schema\/logo\/image\/","url":"https:\/\/www.alldayled.com\/wp-content\/uploads\/2025\/10\/Logo-ALL-DAY-LED-800x800-zwart-witte-letters.png","contentUrl":"https:\/\/www.alldayled.com\/wp-content\/uploads\/2025\/10\/Logo-ALL-DAY-LED-800x800-zwart-witte-letters.png","width":800,"height":800,"caption":"All Day Led"},"image":{"@id":"https:\/\/www.alldayled.com\/de\/#\/schema\/logo\/image\/"},"sameAs":["https:\/\/www.facebook.com\/alldayled\/","https:\/\/www.instagram.com\/alldayled\/"],"vatID":"NL863960133B01","taxID":"86416545"}]},"product_brand":"Strands","product_price_amount":"419.00","product_price_currency":"EUR","og_availability":"instock","product_availability":"instock","product_retailer_item_id":"ADL809217","product_condition":"new"},"_links":{"self":[{"href":"https:\/\/www.alldayled.com\/de\/wp-json\/wp\/v2\/product\/68015","targetHints":{"allow":["GET"]}}],"collection":[{"href":"https:\/\/www.alldayled.com\/de\/wp-json\/wp\/v2\/product"}],"about":[{"href":"https:\/\/www.alldayled.com\/de\/wp-json\/wp\/v2\/types\/product"}],"replies":[{"embeddable":true,"href":"https:\/\/www.alldayled.com\/de\/wp-json\/wp\/v2\/comments?post=68015"}],"wp:featuredmedia":[{"embeddable":true,"href":"https:\/\/www.alldayled.com\/de\/wp-json\/wp\/v2\/media\/23979"}],"wp:attachment":[{"href":"https:\/\/www.alldayled.com\/de\/wp-json\/wp\/v2\/media?parent=68015"}],"wp:term":[{"taxonomy":"product_brand","embeddable":true,"href":"https:\/\/www.alldayled.com\/de\/wp-json\/wp\/v2\/product_brand?post=68015"},{"taxonomy":"product_cat","embeddable":true,"href":"https:\/\/www.alldayled.com\/de\/wp-json\/wp\/v2\/product_cat?post=68015"},{"taxonomy":"product_tag","embeddable":true,"href":"https:\/\/www.alldayled.com\/de\/wp-json\/wp\/v2\/product_tag?post=68015"}],"curies":[{"name":"wp","href":"https:\/\/api.w.org\/{rel}","templated":true}]}}