{"id":68024,"date":"2020-03-26T16:24:20","date_gmt":"2020-03-26T15:24:20","guid":{"rendered":"https:\/\/www.alldayled.com\/product\/t10-lampfitting-rubber-1-stuk\/"},"modified":"2026-03-25T18:29:54","modified_gmt":"2026-03-25T17:29:54","slug":"t10-lampfitting-rubber-1-stuk","status":"publish","type":"product","link":"https:\/\/www.alldayled.com\/de\/produkt\/t10-lampfitting-rubber-1-stuk\/","title":{"rendered":"T10 Gummi-Lampenfassung"},"content":{"rendered":"<p><span style=\"color: #000000;\"><strong>T10 Lampenfassung aus Gummi f\u00fcr eine W5W Lampe. <\/strong><\/span><\/p>\n<p><span style=\"color: #000000;\">Mit dieser einzelnen Lampenfassung kannst du einfach einen zus\u00e4tzlichen Lichtpunkt schaffen. Du kannst diese Gummi-Lampenfassung f\u00fcr eine 12 und 24 Volt Lampe verwenden. Dadurch kannst du diese Fassung zum Beispiel f\u00fcr dein Auto, LKW, Traktor, Wohnmobil und mehr verwenden. Mit dieser Lampenfassung kannst du einfach einen zus\u00e4tzlichen Lichtpunkt in zum Beispiel einer Nebelscheinwerfer- oder Fernlichteinheit schaffen. Diese Lampenfassung kann auch f\u00fcr verschiedene andere Zwecke verwendet werden.    <\/span><\/p>\n<p><span style=\"color: #000000;\">Diese T10 Lampenfassung ist aus Gummi gefertigt und hitzebest\u00e4ndig. Dadurch kannst du die Gummi-Lampenfassung zum Beispiel mit einer W5W Halogenlampe (<em>Foto 2<\/em>) best\u00fccken. Zudem kannst du diese einzelne Fassung mit einer T10 LED Lampe best\u00fccken. Wenn du eine passende T10 LED Lampe suchst, sieh dir hier unser umfangreiches Sortiment an <strong><a style=\"color: #000000;\" href=\"https:\/\/www.alldayled.com\/product-categorie\/verlichting\/verlichting-24-volt\/t10-led-24v\/\">T10 LED Lampen<\/a><\/strong> an, diese Lampen funktionieren mit 12 und 24 Volt.   <\/span><\/p>\n<p><span style=\"color: #000000;\">Da die T10 Gummi-Lampenfassung aus hochwertigem Material gefertigt ist, ist eine lange Lebensdauer garantiert. Und da die Lampenfassung aus Gummi ist, l\u00e4sst sie sich einfach in das gebohrte Loch einsetzen. Nach der Befestigung empfehlen wir stets, etwas Silikondichtmasse darum herum anzubringen, um sicherzustellen, dass die Lampe wieder 100 % wasserdicht ist.  <\/span><\/p>\n<h5><span style=\"color: #000000;\"><strong>Vorteilspackung: <\/strong><\/span><\/h5>\n<p><span style=\"color: #000000;\">Reichen dir ein oder zwei einzelne Lampenfassungen nicht aus? Dann wisse, dass diese T10 Gummi-Lampenfassung auch in einer Vorteilspackung erh\u00e4ltlich ist, diese Packung enth\u00e4lt 5 St\u00fcck und du findest sie <strong><a style=\"color: #000000;\" href=\"https:\/\/www.alldayled.com\/de\/produkt\/t10-lampfitting-rubber-5-stuks\/\">hier<\/a><\/strong>. <\/span><\/p>\n","protected":false},"excerpt":{"rendered":"<p>T10 Gummi-Lampenfassung 12\/24 Volt, geeignet f\u00fcr W5W Halogenlampe oder T10 LED Lampe.<\/p>\n","protected":false},"featured_media":61642,"comment_status":"open","ping_status":"closed","template":"","meta":{"_acf_changed":false},"product_brand":[5577],"product_cat":[5330],"product_tag":[9562,9561],"class_list":{"0":"post-68024","1":"product","2":"type-product","3":"status-publish","4":"has-post-thumbnail","6":"product_brand-product-all-day-led","7":"product_cat-fittingen-en-kabels","8":"product_tag-standlichtfassung","9":"product_tag-standlichtfassung-einzeln","11":"first","12":"instock","13":"taxable","14":"shipping-taxable","15":"purchasable","16":"product-type-simple"},"acf":[],"yoast_head":"<!-- This site is optimized with the Yoast SEO Premium plugin v26.5 (Yoast SEO v27.1.1) - https:\/\/yoast.com\/product\/yoast-seo-premium-wordpress\/ -->\n<title>T10 Gummi-Lampenfassung einzeln erh\u00e4ltlich - Beleuchtung f\u00fcr 12 und 24V<\/title>\n<meta name=\"description\" content=\"T10 Gummi-Lampenfassung - hitzebest\u00e4ndig - 12&amp;24 Volt Nutzung - W5W Lampenfassung - einfache Montage - auch f\u00fcr LED Standlicht\" \/>\n<meta name=\"robots\" content=\"index, follow, max-snippet:-1, max-image-preview:large, max-video-preview:-1\" \/>\n<link rel=\"canonical\" href=\"https:\/\/www.alldayled.com\/de\/produkt\/t10-lampfitting-rubber-1-stuk\/\" \/>\n<meta property=\"og:locale\" content=\"de_DE\" \/>\n<meta property=\"og:type\" content=\"article\" \/>\n<meta property=\"og:title\" content=\"T10 Gummi-Lampenfassung\" \/>\n<meta property=\"og:description\" content=\"T10 Gummi-Lampenfassung 12\/24 Volt, geeignet f\u00fcr W5W Halogenlampe oder T10 LED Lampe.\" \/>\n<meta property=\"og:url\" content=\"https:\/\/www.alldayled.com\/de\/produkt\/t10-lampfitting-rubber-1-stuk\/\" \/>\n<meta property=\"og:site_name\" content=\"All Day Led\" \/>\n<meta property=\"article:publisher\" content=\"https:\/\/www.facebook.com\/alldayled\/\" \/>\n<meta property=\"article:modified_time\" content=\"2026-03-25T17:29:54+00:00\" \/>\n<meta property=\"og:image\" content=\"https:\/\/www.alldayled.com\/wp-content\/uploads\/2020\/03\/ADL02525-T10-2.jpg\" \/>\n\t<meta property=\"og:image:width\" content=\"800\" \/>\n\t<meta property=\"og:image:height\" content=\"600\" \/>\n\t<meta property=\"og:image:type\" content=\"image\/jpeg\" \/>\n<meta name=\"twitter:label1\" content=\"Preis\" \/>\n\t<meta name=\"twitter:data1\" content=\"&euro;&nbsp;1,65\" \/>\n\t<meta name=\"twitter:label2\" content=\"Verf\u00fcgbarkeit\" \/>\n\t<meta name=\"twitter:data2\" content=\"Auf Lager\" \/>\n<script type=\"application\/ld+json\" class=\"yoast-schema-graph\">{\"@context\":\"https:\/\/schema.org\",\"@graph\":[{\"@type\":\"WebPage\",\"@id\":\"https:\/\/www.alldayled.com\/de\/produkt\/t10-lampfitting-rubber-1-stuk\/\",\"url\":\"https:\/\/www.alldayled.com\/de\/produkt\/t10-lampfitting-rubber-1-stuk\/\",\"name\":\"T10 Gummi-Lampenfassung einzeln erh\u00e4ltlich - Beleuchtung f\u00fcr 12 und 24V\",\"isPartOf\":{\"@id\":\"https:\/\/www.alldayled.com\/de\/#website\"},\"primaryImageOfPage\":{\"@id\":\"https:\/\/www.alldayled.com\/de\/produkt\/t10-lampfitting-rubber-1-stuk\/#primaryimage\"},\"image\":{\"@id\":\"https:\/\/www.alldayled.com\/de\/produkt\/t10-lampfitting-rubber-1-stuk\/#primaryimage\"},\"thumbnailUrl\":\"https:\/\/www.alldayled.com\/wp-content\/uploads\/2020\/03\/ADL02525-T10-2.jpg\",\"datePublished\":\"2020-03-26T15:24:20+00:00\",\"dateModified\":\"2026-03-25T17:29:54+00:00\",\"description\":\"T10 Gummi-Lampenfassung - hitzebest\u00e4ndig - 12&24 Volt Nutzung - W5W Lampenfassung - einfache Montage - auch f\u00fcr LED Standlicht\",\"breadcrumb\":{\"@id\":\"https:\/\/www.alldayled.com\/de\/produkt\/t10-lampfitting-rubber-1-stuk\/#breadcrumb\"},\"inLanguage\":\"de\",\"potentialAction\":[{\"@type\":\"ReadAction\",\"target\":[\"https:\/\/www.alldayled.com\/de\/produkt\/t10-lampfitting-rubber-1-stuk\/\"]}]},{\"@type\":\"ImageObject\",\"inLanguage\":\"de\",\"@id\":\"https:\/\/www.alldayled.com\/de\/produkt\/t10-lampfitting-rubber-1-stuk\/#primaryimage\",\"url\":\"https:\/\/www.alldayled.com\/wp-content\/uploads\/2020\/03\/ADL02525-T10-2.jpg\",\"contentUrl\":\"https:\/\/www.alldayled.com\/wp-content\/uploads\/2020\/03\/ADL02525-T10-2.jpg\",\"width\":800,\"height\":600,\"caption\":\"T10 Lampenfassung aus Gummi f\u00fcr 12 und 24 Volt Nutzung - EAN: 6090431091054\"},{\"@type\":\"BreadcrumbList\",\"@id\":\"https:\/\/www.alldayled.com\/de\/produkt\/t10-lampfitting-rubber-1-stuk\/#breadcrumb\",\"itemListElement\":[{\"@type\":\"ListItem\",\"position\":1,\"name\":\"Home\",\"item\":\"https:\/\/www.alldayled.com\/de\/\"},{\"@type\":\"ListItem\",\"position\":2,\"name\":\"Shop\",\"item\":\"https:\/\/www.alldayled.com\/de\/shop\/\"},{\"@type\":\"ListItem\",\"position\":3,\"name\":\"Andere\",\"item\":\"https:\/\/www.alldayled.com\/de\/produkt-kategorie\/andere-produkte\/\"},{\"@type\":\"ListItem\",\"position\":4,\"name\":\"Armaturen und Kabel\",\"item\":\"https:\/\/www.alldayled.com\/de\/produkt-kategorie\/andere-produkte\/fittingen-en-kabels\/\"},{\"@type\":\"ListItem\",\"position\":5,\"name\":\"T10 Gummi-Lampenfassung\"}]},{\"@type\":\"WebSite\",\"@id\":\"https:\/\/www.alldayled.com\/de\/#website\",\"url\":\"https:\/\/www.alldayled.com\/de\/\",\"name\":\"All Day Led\",\"description\":\"Verlichting voor 12&amp;24 volt gebruik\",\"publisher\":{\"@id\":\"https:\/\/www.alldayled.com\/de\/#organization\"},\"potentialAction\":[{\"@type\":\"SearchAction\",\"target\":{\"@type\":\"EntryPoint\",\"urlTemplate\":\"https:\/\/www.alldayled.com\/de\/?s={search_term_string}\"},\"query-input\":{\"@type\":\"PropertyValueSpecification\",\"valueRequired\":true,\"valueName\":\"search_term_string\"}}],\"inLanguage\":\"de\"},{\"@type\":\"Organization\",\"@id\":\"https:\/\/www.alldayled.com\/de\/#organization\",\"name\":\"All Day Led\",\"url\":\"https:\/\/www.alldayled.com\/de\/\",\"logo\":{\"@type\":\"ImageObject\",\"inLanguage\":\"de\",\"@id\":\"https:\/\/www.alldayled.com\/de\/#\/schema\/logo\/image\/\",\"url\":\"https:\/\/www.alldayled.com\/wp-content\/uploads\/2025\/10\/Logo-ALL-DAY-LED-800x800-zwart-witte-letters.png\",\"contentUrl\":\"https:\/\/www.alldayled.com\/wp-content\/uploads\/2025\/10\/Logo-ALL-DAY-LED-800x800-zwart-witte-letters.png\",\"width\":800,\"height\":800,\"caption\":\"All Day Led\"},\"image\":{\"@id\":\"https:\/\/www.alldayled.com\/de\/#\/schema\/logo\/image\/\"},\"sameAs\":[\"https:\/\/www.facebook.com\/alldayled\/\",\"https:\/\/www.instagram.com\/alldayled\/\"],\"vatID\":\"NL863960133B01\",\"taxID\":\"86416545\"}]}<\/script>\n<meta property=\"product:brand\" content=\"All Day Led\" \/>\n<meta property=\"product:price:amount\" content=\"1.65\" \/>\n<meta property=\"product:price:currency\" content=\"EUR\" \/>\n<meta property=\"og:availability\" content=\"instock\" \/>\n<meta property=\"product:availability\" content=\"instock\" \/>\n<meta property=\"product:retailer_item_id\" content=\"ADL02525\" \/>\n<meta property=\"product:condition\" content=\"new\" \/>\n<!-- \/ Yoast SEO Premium plugin. -->","yoast_head_json":{"title":"T10 Gummi-Lampenfassung einzeln erh\u00e4ltlich - Beleuchtung f\u00fcr 12 und 24V","description":"T10 Gummi-Lampenfassung - hitzebest\u00e4ndig - 12&24 Volt Nutzung - W5W Lampenfassung - einfache Montage - auch f\u00fcr LED Standlicht","robots":{"index":"index","follow":"follow","max-snippet":"max-snippet:-1","max-image-preview":"max-image-preview:large","max-video-preview":"max-video-preview:-1"},"canonical":"https:\/\/www.alldayled.com\/de\/produkt\/t10-lampfitting-rubber-1-stuk\/","og_locale":"de_DE","og_type":"article","og_title":"T10 Gummi-Lampenfassung","og_description":"T10 Gummi-Lampenfassung 12\/24 Volt, geeignet f\u00fcr W5W Halogenlampe oder T10 LED Lampe.","og_url":"https:\/\/www.alldayled.com\/de\/produkt\/t10-lampfitting-rubber-1-stuk\/","og_site_name":"All Day Led","article_publisher":"https:\/\/www.facebook.com\/alldayled\/","article_modified_time":"2026-03-25T17:29:54+00:00","og_image":[{"width":800,"height":600,"url":"https:\/\/www.alldayled.com\/wp-content\/uploads\/2020\/03\/ADL02525-T10-2.jpg","type":"image\/jpeg"}],"twitter_misc":{"Preis":"&euro;&nbsp;1,65","Verf\u00fcgbarkeit":"Auf Lager"},"schema":{"@context":"https:\/\/schema.org","@graph":[{"@type":"WebPage","@id":"https:\/\/www.alldayled.com\/de\/produkt\/t10-lampfitting-rubber-1-stuk\/","url":"https:\/\/www.alldayled.com\/de\/produkt\/t10-lampfitting-rubber-1-stuk\/","name":"T10 Gummi-Lampenfassung einzeln erh\u00e4ltlich - Beleuchtung f\u00fcr 12 und 24V","isPartOf":{"@id":"https:\/\/www.alldayled.com\/de\/#website"},"primaryImageOfPage":{"@id":"https:\/\/www.alldayled.com\/de\/produkt\/t10-lampfitting-rubber-1-stuk\/#primaryimage"},"image":{"@id":"https:\/\/www.alldayled.com\/de\/produkt\/t10-lampfitting-rubber-1-stuk\/#primaryimage"},"thumbnailUrl":"https:\/\/www.alldayled.com\/wp-content\/uploads\/2020\/03\/ADL02525-T10-2.jpg","datePublished":"2020-03-26T15:24:20+00:00","dateModified":"2026-03-25T17:29:54+00:00","description":"T10 Gummi-Lampenfassung - hitzebest\u00e4ndig - 12&24 Volt Nutzung - W5W Lampenfassung - einfache Montage - auch f\u00fcr LED Standlicht","breadcrumb":{"@id":"https:\/\/www.alldayled.com\/de\/produkt\/t10-lampfitting-rubber-1-stuk\/#breadcrumb"},"inLanguage":"de","potentialAction":[{"@type":"ReadAction","target":["https:\/\/www.alldayled.com\/de\/produkt\/t10-lampfitting-rubber-1-stuk\/"]}]},{"@type":"ImageObject","inLanguage":"de","@id":"https:\/\/www.alldayled.com\/de\/produkt\/t10-lampfitting-rubber-1-stuk\/#primaryimage","url":"https:\/\/www.alldayled.com\/wp-content\/uploads\/2020\/03\/ADL02525-T10-2.jpg","contentUrl":"https:\/\/www.alldayled.com\/wp-content\/uploads\/2020\/03\/ADL02525-T10-2.jpg","width":800,"height":600,"caption":"T10 Lampenfassung aus Gummi f\u00fcr 12 und 24 Volt Nutzung - EAN: 6090431091054"},{"@type":"BreadcrumbList","@id":"https:\/\/www.alldayled.com\/de\/produkt\/t10-lampfitting-rubber-1-stuk\/#breadcrumb","itemListElement":[{"@type":"ListItem","position":1,"name":"Home","item":"https:\/\/www.alldayled.com\/de\/"},{"@type":"ListItem","position":2,"name":"Shop","item":"https:\/\/www.alldayled.com\/de\/shop\/"},{"@type":"ListItem","position":3,"name":"Andere","item":"https:\/\/www.alldayled.com\/de\/produkt-kategorie\/andere-produkte\/"},{"@type":"ListItem","position":4,"name":"Armaturen und Kabel","item":"https:\/\/www.alldayled.com\/de\/produkt-kategorie\/andere-produkte\/fittingen-en-kabels\/"},{"@type":"ListItem","position":5,"name":"T10 Gummi-Lampenfassung"}]},{"@type":"WebSite","@id":"https:\/\/www.alldayled.com\/de\/#website","url":"https:\/\/www.alldayled.com\/de\/","name":"All Day Led","description":"Verlichting voor 12&amp;24 volt gebruik","publisher":{"@id":"https:\/\/www.alldayled.com\/de\/#organization"},"potentialAction":[{"@type":"SearchAction","target":{"@type":"EntryPoint","urlTemplate":"https:\/\/www.alldayled.com\/de\/?s={search_term_string}"},"query-input":{"@type":"PropertyValueSpecification","valueRequired":true,"valueName":"search_term_string"}}],"inLanguage":"de"},{"@type":"Organization","@id":"https:\/\/www.alldayled.com\/de\/#organization","name":"All Day Led","url":"https:\/\/www.alldayled.com\/de\/","logo":{"@type":"ImageObject","inLanguage":"de","@id":"https:\/\/www.alldayled.com\/de\/#\/schema\/logo\/image\/","url":"https:\/\/www.alldayled.com\/wp-content\/uploads\/2025\/10\/Logo-ALL-DAY-LED-800x800-zwart-witte-letters.png","contentUrl":"https:\/\/www.alldayled.com\/wp-content\/uploads\/2025\/10\/Logo-ALL-DAY-LED-800x800-zwart-witte-letters.png","width":800,"height":800,"caption":"All Day Led"},"image":{"@id":"https:\/\/www.alldayled.com\/de\/#\/schema\/logo\/image\/"},"sameAs":["https:\/\/www.facebook.com\/alldayled\/","https:\/\/www.instagram.com\/alldayled\/"],"vatID":"NL863960133B01","taxID":"86416545"}]},"product_brand":"All Day Led","product_price_amount":"1.65","product_price_currency":"EUR","og_availability":"instock","product_availability":"instock","product_retailer_item_id":"ADL02525","product_condition":"new"},"_links":{"self":[{"href":"https:\/\/www.alldayled.com\/de\/wp-json\/wp\/v2\/product\/68024","targetHints":{"allow":["GET"]}}],"collection":[{"href":"https:\/\/www.alldayled.com\/de\/wp-json\/wp\/v2\/product"}],"about":[{"href":"https:\/\/www.alldayled.com\/de\/wp-json\/wp\/v2\/types\/product"}],"replies":[{"embeddable":true,"href":"https:\/\/www.alldayled.com\/de\/wp-json\/wp\/v2\/comments?post=68024"}],"wp:featuredmedia":[{"embeddable":true,"href":"https:\/\/www.alldayled.com\/de\/wp-json\/wp\/v2\/media\/61642"}],"wp:attachment":[{"href":"https:\/\/www.alldayled.com\/de\/wp-json\/wp\/v2\/media?parent=68024"}],"wp:term":[{"taxonomy":"product_brand","embeddable":true,"href":"https:\/\/www.alldayled.com\/de\/wp-json\/wp\/v2\/product_brand?post=68024"},{"taxonomy":"product_cat","embeddable":true,"href":"https:\/\/www.alldayled.com\/de\/wp-json\/wp\/v2\/product_cat?post=68024"},{"taxonomy":"product_tag","embeddable":true,"href":"https:\/\/www.alldayled.com\/de\/wp-json\/wp\/v2\/product_tag?post=68024"}],"curies":[{"name":"wp","href":"https:\/\/api.w.org\/{rel}","templated":true}]}}