{"id":68053,"date":"2021-01-16T14:56:50","date_gmt":"2021-01-16T13:56:50","guid":{"rendered":"https:\/\/www.alldayled.com\/product\/strands-siberia-night-ranger-9-inch\/"},"modified":"2026-03-09T12:18:32","modified_gmt":"2026-03-09T11:18:32","slug":"strands-siberia-night-ranger-9-inch","status":"publish","type":"product","link":"https:\/\/www.alldayled.com\/de\/produkt\/strands-siberia-night-ranger-9-inch\/","title":{"rendered":"Strands Siberia Night Ranger &#8211; 9 Zoll"},"content":{"rendered":"<p><span style=\"color: #000000;\"><strong>Strands Siberia Night Ranger &#8211; 9 Zoll, f\u00fcr 12- und 24-Volt-Betrieb. <\/strong><\/span><\/p>\n<p><span style=\"color: #000000;\">Suchst du einen kleinen runden Full-LED-Fernscheinwerfer, der zudem mit einer farblich wechselbaren Positionsleuchte (orange &#8211; wei\u00df) ausgestattet ist? Dann ist diese LED-Lampe der Marke Strands vielleicht genau das, was du suchst. Der Siberia Night Ranger 9&#8220; Fernscheinwerfer verf\u00fcgt \u00fcber stolze 34 helle LEDs und eine Lichtleistung von 20.400 Lumen! So bist du sicher, dass du sowohl tags\u00fcber als auch abends gut sichtbar bist. Der Siberia Night Ranger 9 Zoll arbeitet mit 12 und 24 Volt, sodass du den LED-Fernscheinwerfer beispielsweise an deinem Auto, LKW, Traktor, Wohnmobil oder einem anderen Fahrzeug montieren kannst.    <\/span><\/p>\n<p><span style=\"color: #000000;\">Um sicherzugehen, dass der Siberia Night Ranger 9&#8220; f\u00fcr dein Fahrzeug geeignet ist, haben wir unten die wichtigsten Spezifikationen aufgelistet. Der LED-Fernscheinwerfer ist mit dem ECE R10-Pr\u00fcfzeichen versehen, was bedeutet, dass die Lampe w\u00e4hrend des Betriebs keine St\u00f6rungen, beispielsweise am Radio, verursacht. Zudem besitzt der Full-LED-Fernscheinwerfer die Schutzklassen IP68 und IP69K, wodurch er komplett staub- und wasserdicht ist. Um das Paket abzurunden, wird der LED-Fernscheinwerfer inklusive Edelstahl-Befestigungsmaterial und einem DT-4-Anschlusskabel geliefert.   <\/span><\/p>\n<h5><span style=\"color: #000000;\"><strong>Abmessungen:<\/strong><\/span><\/h5>\n<p><span style=\"color: #000000;\">Damit du sicher sein kannst, dass du den LED-Fernscheinwerfer dort montieren kannst, wo du m\u00f6chtest, haben wir unten die Ma\u00dfe notiert. Die Abmessungen des Strands Siberia Night Ranger 9&#8220; sind wie folgt: <\/span><\/p>\n<ul>\n<li><span style=\"color: #000000;\">H\u00f6he: 228,6 (249,3 mm inkl. Halterung)<\/span><\/li>\n<li><span style=\"color: #000000;\">Durchmesser: 228.6 mm<\/span><\/li>\n<li><span style=\"color: #000000;\">Dicke: 86.7 mm<\/span><\/li>\n<\/ul>\n<h5><span style=\"color: #000000;\"><strong>Andere Versionen: <\/strong><\/span><\/h5>\n<p><span style=\"color: #000000;\">M\u00f6chtest du einen LED-Fernscheinwerfer der Marke Strands kaufen, aber der Strands Siberia Night Ranger 9 Zoll ist nicht das, wonach du suchst? Dann wisse, dass Strands noch diverse andere Modelle anbietet, hier findest du einige davon:   <\/span><\/p>\n<ul>\n<li><span style=\"color: #000000;\"><a style=\"color: #000000;\" href=\"https:\/\/www.alldayled.com\/de\/produkt\/strands-siberia-night-ranger-7-inch\/\"><b>Night Ranger 7&#8220;<\/b><\/a><\/span><\/li>\n<\/ul>\n<p><span style=\"color: #000000;\">Bist du dennoch der Meinung, dass der Siberia Night Ranger 9&#8220; LED-Fernscheinwerfer nicht das Richtige f\u00fcr dich ist? Einfach weil Lichtleistung, Wattzahl oder Form nicht deinen W\u00fcnschen entsprechen? Dann sieh dir hier das komplette Sortiment von <a style=\"color: #000000;\" href=\"https:\/\/www.alldayled.com\/de\/marke\/product-strands-lighting-division\/\" target=\"_blank\" rel=\"noopener\">Strands<\/a> an.   <\/span><\/p>\n","protected":false},"excerpt":{"rendered":"<p>Strands 9 Zoll LED-Fernscheinwerfer mit wei\u00df und orange Standlicht, geeignet f\u00fcr 12 &amp; 24 Volt.<\/p>\n","protected":false},"featured_media":18717,"comment_status":"open","ping_status":"closed","template":"","meta":{"_acf_changed":false},"product_brand":[5114],"product_cat":[5384,5359],"product_tag":[9075,9079,9077,9078,9076,9074,9064,9065,9080],"class_list":{"0":"post-68053","1":"product","2":"type-product","3":"status-publish","4":"has-post-thumbnail","6":"product_brand-product-strands-lighting-division","7":"product_cat-verstraler-rond","8":"product_cat-strands-siberia","9":"product_tag-led-scheinwerfer-auto","10":"product_tag-led-scheinwerfer-lkw","11":"product_tag-led-scheinwerfer-tonabnehmer","12":"product_tag-led-scheinwerfer-traktor","13":"product_tag-led-scheinwerfer-wohnmobil","14":"product_tag-scheinwerfer-mit-stadtlicht","15":"product_tag-strands-led-beleuchtung","16":"product_tag-strands-lighting-division","17":"product_tag-strands-siberia-scheinwerfer","19":"first","20":"instock","21":"taxable","22":"shipping-taxable","23":"purchasable","24":"product-type-simple"},"acf":[],"yoast_head":"<!-- This site is optimized with the Yoast SEO Premium plugin v26.5 (Yoast SEO v27.1.1) - https:\/\/yoast.com\/product\/yoast-seo-premium-wordpress\/ -->\n<title>Siberia Night Ranger 9 Zoll - Strands - All Day Led - 12&amp;24V<\/title>\n<meta name=\"description\" content=\"Siberia Night Ranger 9 Zoll - Strands - f\u00fcr 12&amp;24V- 20.400 Lumen! - mit orange - wei\u00dfem Standlicht - Siberia NR 9&#039;&#039; mit ECE R112 &amp; ECE R7\" \/>\n<meta name=\"robots\" content=\"index, follow, max-snippet:-1, max-image-preview:large, max-video-preview:-1\" \/>\n<link rel=\"canonical\" href=\"https:\/\/www.alldayled.com\/de\/produkt\/strands-siberia-night-ranger-9-inch\/\" \/>\n<meta property=\"og:locale\" content=\"de_DE\" \/>\n<meta property=\"og:type\" content=\"article\" \/>\n<meta property=\"og:title\" content=\"Siberia Night Ranger 9 Zoll - Strands - All Day Led - 12&amp;24V\" \/>\n<meta property=\"og:description\" content=\"Siberia Night Ranger 9 Zoll - Strands - f\u00fcr 12&amp;24V- 20.400 Lumen! - mit orange - wei\u00dfem Standlicht - Siberia NR 9&#039;&#039; mit ECE R112 &amp; ECE R7\" \/>\n<meta property=\"og:url\" content=\"https:\/\/www.alldayled.com\/de\/produkt\/strands-siberia-night-ranger-9-inch\/\" \/>\n<meta property=\"og:site_name\" content=\"All Day Led\" \/>\n<meta property=\"article:publisher\" content=\"https:\/\/www.facebook.com\/alldayled\/\" \/>\n<meta property=\"article:modified_time\" content=\"2026-03-09T11:18:32+00:00\" \/>\n<meta property=\"og:image\" content=\"https:\/\/www.alldayled.com\/wp-content\/uploads\/2024\/04\/ADL809188-300x300.png\" \/>\n<meta name=\"twitter:label1\" content=\"Preis\" \/>\n\t<meta name=\"twitter:data1\" content=\"&euro;&nbsp;239,00\" \/>\n\t<meta name=\"twitter:label2\" content=\"Verf\u00fcgbarkeit\" \/>\n\t<meta name=\"twitter:data2\" content=\"Auf Lager\" \/>\n<script type=\"application\/ld+json\" class=\"yoast-schema-graph\">{\"@context\":\"https:\/\/schema.org\",\"@graph\":[{\"@type\":\"WebPage\",\"@id\":\"https:\/\/www.alldayled.com\/de\/produkt\/strands-siberia-night-ranger-9-inch\/\",\"url\":\"https:\/\/www.alldayled.com\/de\/produkt\/strands-siberia-night-ranger-9-inch\/\",\"name\":\"Siberia Night Ranger 9 Zoll - Strands - All Day Led - 12&24V\",\"isPartOf\":{\"@id\":\"https:\/\/www.alldayled.com\/de\/#website\"},\"primaryImageOfPage\":{\"@id\":\"https:\/\/www.alldayled.com\/de\/produkt\/strands-siberia-night-ranger-9-inch\/#primaryimage\"},\"image\":{\"@id\":\"https:\/\/www.alldayled.com\/de\/produkt\/strands-siberia-night-ranger-9-inch\/#primaryimage\"},\"thumbnailUrl\":\"https:\/\/www.alldayled.com\/wp-content\/uploads\/2021\/01\/ADL89188.png\",\"datePublished\":\"2021-01-16T13:56:50+00:00\",\"dateModified\":\"2026-03-09T11:18:32+00:00\",\"description\":\"Siberia Night Ranger 9 Zoll - Strands - f\u00fcr 12&24V- 20.400 Lumen! - mit orange - wei\u00dfem Standlicht - Siberia NR 9'' mit ECE R112 & ECE R7\",\"breadcrumb\":{\"@id\":\"https:\/\/www.alldayled.com\/de\/produkt\/strands-siberia-night-ranger-9-inch\/#breadcrumb\"},\"inLanguage\":\"de\",\"potentialAction\":[{\"@type\":\"ReadAction\",\"target\":[\"https:\/\/www.alldayled.com\/de\/produkt\/strands-siberia-night-ranger-9-inch\/\"]}]},{\"@type\":\"ImageObject\",\"inLanguage\":\"de\",\"@id\":\"https:\/\/www.alldayled.com\/de\/produkt\/strands-siberia-night-ranger-9-inch\/#primaryimage\",\"url\":\"https:\/\/www.alldayled.com\/wp-content\/uploads\/2021\/01\/ADL89188.png\",\"contentUrl\":\"https:\/\/www.alldayled.com\/wp-content\/uploads\/2021\/01\/ADL89188.png\",\"width\":800,\"height\":600,\"caption\":\"Strands Siberia Night Ranger 9 Zoll - Fernscheinwerfer f\u00fcr 12- und 24-Volt-Betrieb - EAN: 7323030185251\"},{\"@type\":\"BreadcrumbList\",\"@id\":\"https:\/\/www.alldayled.com\/de\/produkt\/strands-siberia-night-ranger-9-inch\/#breadcrumb\",\"itemListElement\":[{\"@type\":\"ListItem\",\"position\":1,\"name\":\"Home\",\"item\":\"https:\/\/www.alldayled.com\/de\/\"},{\"@type\":\"ListItem\",\"position\":2,\"name\":\"Shop\",\"item\":\"https:\/\/www.alldayled.com\/de\/shop\/\"},{\"@type\":\"ListItem\",\"position\":3,\"name\":\"Scheinwerfer\",\"item\":\"https:\/\/www.alldayled.com\/de\/produkt-kategorie\/scheinwerfer\/\"},{\"@type\":\"ListItem\",\"position\":4,\"name\":\"Scheinwerfer rund\",\"item\":\"https:\/\/www.alldayled.com\/de\/produkt-kategorie\/scheinwerfer\/verstraler-rond\/\"},{\"@type\":\"ListItem\",\"position\":5,\"name\":\"Strands Siberia Night Ranger &#8211; 9 Zoll\"}]},{\"@type\":\"WebSite\",\"@id\":\"https:\/\/www.alldayled.com\/de\/#website\",\"url\":\"https:\/\/www.alldayled.com\/de\/\",\"name\":\"All Day Led\",\"description\":\"Verlichting voor 12&amp;24 volt gebruik\",\"publisher\":{\"@id\":\"https:\/\/www.alldayled.com\/de\/#organization\"},\"potentialAction\":[{\"@type\":\"SearchAction\",\"target\":{\"@type\":\"EntryPoint\",\"urlTemplate\":\"https:\/\/www.alldayled.com\/de\/?s={search_term_string}\"},\"query-input\":{\"@type\":\"PropertyValueSpecification\",\"valueRequired\":true,\"valueName\":\"search_term_string\"}}],\"inLanguage\":\"de\"},{\"@type\":\"Organization\",\"@id\":\"https:\/\/www.alldayled.com\/de\/#organization\",\"name\":\"All Day Led\",\"url\":\"https:\/\/www.alldayled.com\/de\/\",\"logo\":{\"@type\":\"ImageObject\",\"inLanguage\":\"de\",\"@id\":\"https:\/\/www.alldayled.com\/de\/#\/schema\/logo\/image\/\",\"url\":\"https:\/\/www.alldayled.com\/wp-content\/uploads\/2025\/10\/Logo-ALL-DAY-LED-800x800-zwart-witte-letters.png\",\"contentUrl\":\"https:\/\/www.alldayled.com\/wp-content\/uploads\/2025\/10\/Logo-ALL-DAY-LED-800x800-zwart-witte-letters.png\",\"width\":800,\"height\":800,\"caption\":\"All Day Led\"},\"image\":{\"@id\":\"https:\/\/www.alldayled.com\/de\/#\/schema\/logo\/image\/\"},\"sameAs\":[\"https:\/\/www.facebook.com\/alldayled\/\",\"https:\/\/www.instagram.com\/alldayled\/\"],\"vatID\":\"NL863960133B01\",\"taxID\":\"86416545\"}]}<\/script>\n<meta property=\"product:brand\" content=\"Strands\" \/>\n<meta property=\"product:price:amount\" content=\"239.00\" \/>\n<meta property=\"product:price:currency\" content=\"EUR\" \/>\n<meta property=\"og:availability\" content=\"instock\" \/>\n<meta property=\"product:availability\" content=\"instock\" \/>\n<meta property=\"product:retailer_item_id\" content=\"ADL809188\" \/>\n<meta property=\"product:condition\" content=\"new\" \/>\n<!-- \/ Yoast SEO Premium plugin. -->","yoast_head_json":{"title":"Siberia Night Ranger 9 Zoll - Strands - All Day Led - 12&24V","description":"Siberia Night Ranger 9 Zoll - Strands - f\u00fcr 12&24V- 20.400 Lumen! - mit orange - wei\u00dfem Standlicht - Siberia NR 9'' mit ECE R112 & ECE R7","robots":{"index":"index","follow":"follow","max-snippet":"max-snippet:-1","max-image-preview":"max-image-preview:large","max-video-preview":"max-video-preview:-1"},"canonical":"https:\/\/www.alldayled.com\/de\/produkt\/strands-siberia-night-ranger-9-inch\/","og_locale":"de_DE","og_type":"article","og_title":"Siberia Night Ranger 9 Zoll - Strands - All Day Led - 12&24V","og_description":"Siberia Night Ranger 9 Zoll - Strands - f\u00fcr 12&24V- 20.400 Lumen! - mit orange - wei\u00dfem Standlicht - Siberia NR 9'' mit ECE R112 & ECE R7","og_url":"https:\/\/www.alldayled.com\/de\/produkt\/strands-siberia-night-ranger-9-inch\/","og_site_name":"All Day Led","article_publisher":"https:\/\/www.facebook.com\/alldayled\/","article_modified_time":"2026-03-09T11:18:32+00:00","og_image":[{"url":"https:\/\/www.alldayled.com\/wp-content\/uploads\/2024\/04\/ADL809188-300x300.png","type":"","width":"","height":""}],"twitter_misc":{"Preis":"&euro;&nbsp;239,00","Verf\u00fcgbarkeit":"Auf Lager"},"schema":{"@context":"https:\/\/schema.org","@graph":[{"@type":"WebPage","@id":"https:\/\/www.alldayled.com\/de\/produkt\/strands-siberia-night-ranger-9-inch\/","url":"https:\/\/www.alldayled.com\/de\/produkt\/strands-siberia-night-ranger-9-inch\/","name":"Siberia Night Ranger 9 Zoll - Strands - All Day Led - 12&24V","isPartOf":{"@id":"https:\/\/www.alldayled.com\/de\/#website"},"primaryImageOfPage":{"@id":"https:\/\/www.alldayled.com\/de\/produkt\/strands-siberia-night-ranger-9-inch\/#primaryimage"},"image":{"@id":"https:\/\/www.alldayled.com\/de\/produkt\/strands-siberia-night-ranger-9-inch\/#primaryimage"},"thumbnailUrl":"https:\/\/www.alldayled.com\/wp-content\/uploads\/2021\/01\/ADL89188.png","datePublished":"2021-01-16T13:56:50+00:00","dateModified":"2026-03-09T11:18:32+00:00","description":"Siberia Night Ranger 9 Zoll - Strands - f\u00fcr 12&24V- 20.400 Lumen! - mit orange - wei\u00dfem Standlicht - Siberia NR 9'' mit ECE R112 & ECE R7","breadcrumb":{"@id":"https:\/\/www.alldayled.com\/de\/produkt\/strands-siberia-night-ranger-9-inch\/#breadcrumb"},"inLanguage":"de","potentialAction":[{"@type":"ReadAction","target":["https:\/\/www.alldayled.com\/de\/produkt\/strands-siberia-night-ranger-9-inch\/"]}]},{"@type":"ImageObject","inLanguage":"de","@id":"https:\/\/www.alldayled.com\/de\/produkt\/strands-siberia-night-ranger-9-inch\/#primaryimage","url":"https:\/\/www.alldayled.com\/wp-content\/uploads\/2021\/01\/ADL89188.png","contentUrl":"https:\/\/www.alldayled.com\/wp-content\/uploads\/2021\/01\/ADL89188.png","width":800,"height":600,"caption":"Strands Siberia Night Ranger 9 Zoll - Fernscheinwerfer f\u00fcr 12- und 24-Volt-Betrieb - EAN: 7323030185251"},{"@type":"BreadcrumbList","@id":"https:\/\/www.alldayled.com\/de\/produkt\/strands-siberia-night-ranger-9-inch\/#breadcrumb","itemListElement":[{"@type":"ListItem","position":1,"name":"Home","item":"https:\/\/www.alldayled.com\/de\/"},{"@type":"ListItem","position":2,"name":"Shop","item":"https:\/\/www.alldayled.com\/de\/shop\/"},{"@type":"ListItem","position":3,"name":"Scheinwerfer","item":"https:\/\/www.alldayled.com\/de\/produkt-kategorie\/scheinwerfer\/"},{"@type":"ListItem","position":4,"name":"Scheinwerfer rund","item":"https:\/\/www.alldayled.com\/de\/produkt-kategorie\/scheinwerfer\/verstraler-rond\/"},{"@type":"ListItem","position":5,"name":"Strands Siberia Night Ranger &#8211; 9 Zoll"}]},{"@type":"WebSite","@id":"https:\/\/www.alldayled.com\/de\/#website","url":"https:\/\/www.alldayled.com\/de\/","name":"All Day Led","description":"Verlichting voor 12&amp;24 volt gebruik","publisher":{"@id":"https:\/\/www.alldayled.com\/de\/#organization"},"potentialAction":[{"@type":"SearchAction","target":{"@type":"EntryPoint","urlTemplate":"https:\/\/www.alldayled.com\/de\/?s={search_term_string}"},"query-input":{"@type":"PropertyValueSpecification","valueRequired":true,"valueName":"search_term_string"}}],"inLanguage":"de"},{"@type":"Organization","@id":"https:\/\/www.alldayled.com\/de\/#organization","name":"All Day Led","url":"https:\/\/www.alldayled.com\/de\/","logo":{"@type":"ImageObject","inLanguage":"de","@id":"https:\/\/www.alldayled.com\/de\/#\/schema\/logo\/image\/","url":"https:\/\/www.alldayled.com\/wp-content\/uploads\/2025\/10\/Logo-ALL-DAY-LED-800x800-zwart-witte-letters.png","contentUrl":"https:\/\/www.alldayled.com\/wp-content\/uploads\/2025\/10\/Logo-ALL-DAY-LED-800x800-zwart-witte-letters.png","width":800,"height":800,"caption":"All Day Led"},"image":{"@id":"https:\/\/www.alldayled.com\/de\/#\/schema\/logo\/image\/"},"sameAs":["https:\/\/www.facebook.com\/alldayled\/","https:\/\/www.instagram.com\/alldayled\/"],"vatID":"NL863960133B01","taxID":"86416545"}]},"product_brand":"Strands","product_price_amount":"239.00","product_price_currency":"EUR","og_availability":"instock","product_availability":"instock","product_retailer_item_id":"ADL809188","product_condition":"new"},"_links":{"self":[{"href":"https:\/\/www.alldayled.com\/de\/wp-json\/wp\/v2\/product\/68053","targetHints":{"allow":["GET"]}}],"collection":[{"href":"https:\/\/www.alldayled.com\/de\/wp-json\/wp\/v2\/product"}],"about":[{"href":"https:\/\/www.alldayled.com\/de\/wp-json\/wp\/v2\/types\/product"}],"replies":[{"embeddable":true,"href":"https:\/\/www.alldayled.com\/de\/wp-json\/wp\/v2\/comments?post=68053"}],"wp:featuredmedia":[{"embeddable":true,"href":"https:\/\/www.alldayled.com\/de\/wp-json\/wp\/v2\/media\/18717"}],"wp:attachment":[{"href":"https:\/\/www.alldayled.com\/de\/wp-json\/wp\/v2\/media?parent=68053"}],"wp:term":[{"taxonomy":"product_brand","embeddable":true,"href":"https:\/\/www.alldayled.com\/de\/wp-json\/wp\/v2\/product_brand?post=68053"},{"taxonomy":"product_cat","embeddable":true,"href":"https:\/\/www.alldayled.com\/de\/wp-json\/wp\/v2\/product_cat?post=68053"},{"taxonomy":"product_tag","embeddable":true,"href":"https:\/\/www.alldayled.com\/de\/wp-json\/wp\/v2\/product_tag?post=68053"}],"curies":[{"name":"wp","href":"https:\/\/api.w.org\/{rel}","templated":true}]}}