{"id":68054,"date":"2022-04-16T10:00:27","date_gmt":"2022-04-16T08:00:27","guid":{"rendered":"https:\/\/www.alldayled.com\/product\/strands-siberia-bush-ranger-9-inch\/"},"modified":"2022-04-16T10:00:27","modified_gmt":"2022-04-16T08:00:27","slug":"strands-siberia-bush-ranger-9-inch","status":"publish","type":"product","link":"https:\/\/www.alldayled.com\/de\/produkt\/strands-siberia-bush-ranger-9-inch\/","title":{"rendered":"Strands Siberia Bush Ranger &#8211; 9 Zoll"},"content":{"rendered":"<p><span style=\"color: #000000;\"><strong>Strands Siberia Bush Ranger &#8211; 9 Zoll, f\u00fcr 12 und 24 Volt Betrieb. <\/strong><\/span><\/p>\n<p><span style=\"color: #000000;\">Bist du auf der Suche nach einem gro\u00dfen LED Scheinwerfer mit gelbem Glas, der auch mit einer farbwechselnden Positionsleuchte (gelb \u2013 wei\u00df) ausgestattet ist? Dann ist diese LED Lampe der Marke Strands vielleicht genau die Lampe, die du suchst. Der Siberia Bush Ranger 9&#8220; Scheinwerfer ist mit insgesamt 34 LEDs ausgestattet und hat eine Lichtleistung von satten 20.400 Lumen! Dadurch bist du sicher, dass du sowohl tags\u00fcber als auch abends gut sichtbar bist. Der Siberia Bush Ranger 7 Zoll ist mit 12 und 24 Volt verwendbar. Das bedeutet, du kannst den LED Scheinwerfer zum Beispiel an deinem Auto, LKW, Traktor, Wohnmobil oder einem anderen Fahrzeugtyp verwenden.      <\/span><\/p>\n<p><span style=\"color: #000000;\">Um sicherzustellen, dass der Siberia Bush Ranger 9 Zoll Scheinwerfer mit gelbem Glas f\u00fcr dein Fahrzeug geeignet ist, haben wir unten einige Spezifikationen aufgef\u00fchrt. All dies, um deutlich zu machen, warum dies vielleicht genau der LED Scheinwerfer ist, den du suchst. Der LED Scheinwerfer ist zum Beispiel mit dem ECE R10 Pr\u00fcfzeichen versehen. Dieses Pr\u00fcfzeichen besagt, dass die Lampe w\u00e4hrend des Betriebs keine St\u00f6rungen, zum Beispiel am Radiosignal, verursachen wird. Die LED Lampe ist auch mit den Pr\u00fcfzeichen IP68 und IP69K versehen. Diese Pr\u00fcfzeichen zeigen an, dass der Strands Siberia Bush Ranger 7&#8220; Scheinwerfer vollst\u00e4ndig staub- und wasserdicht ist. Um das Ganze abzurunden, wird der LED Scheinwerfer mit Befestigungsmaterial aus Edelstahl und einem DT-4 Anschlusskabel geliefert.       <\/span><\/p>\n<h5><span style=\"color: #000000;\"><strong>Abmessungen:<\/strong><\/span><\/h5>\n<p><span style=\"color: #000000;\">Um sicherzustellen, dass du den LED Scheinwerfer montieren kannst, wo du m\u00f6chtest, haben wir unten die Abmessungen notiert. Die Abmessungen des Strands Siberia Bush Ranger 9&#8220; sind wie folgt: <\/span><\/p>\n<ul>\n<li><span style=\"color: #000000;\">H\u00f6he: 228,6 (249,3 mm inkl. Halterung)<\/span><\/li>\n<li><span style=\"color: #000000;\">Durchmesser: 228,6 mm<\/span><\/li>\n<li><span style=\"color: #000000;\">Dicke: 86,7 mm<\/span><\/li>\n<\/ul>\n<h5><span style=\"color: #000000;\"><strong>Andere Versionen: <\/strong><\/span><\/h5>\n<p><span style=\"color: #000000;\">M\u00f6chtest du einen LED Scheinwerfer der Marke Strands kaufen? Aber ist der Strands Siberia Bush Ranger 9 Zoll Scheinwerfer nicht das, wonach du suchst? Wisse, dass Strands auch noch verschiedene andere Modelle hat, unten findest du einige davon:   <\/span><\/p>\n<ul>\n<li><span style=\"color: #000000;\"><a style=\"color: #000000;\" href=\"https:\/\/www.alldayled.com\/de\/produkt\/strands-siberia-bush-ranger-7-inch\/\"><b>Bush Ranger 7&#8220;<\/b><\/a><\/span><\/li>\n<\/ul>\n<p><span style=\"color: #000000;\">Bist du immer noch der Meinung, dass der Strands Siberia Bush Ranger 9&#8220; Scheinwerfer nicht das ist, was du suchst? Einfach weil die Lichtleistung, Wattzahl oder Form nicht deinen W\u00fcnschen entspricht? Dann sieh dir hier das komplette Angebot von <a style=\"color: #000000;\" href=\"https:\/\/www.alldayled.com\/de\/marke\/product-strands-lighting-division\/\" target=\"_blank\" rel=\"noopener\">Strands<\/a> an.  <\/span><\/p>\n","protected":false},"excerpt":{"rendered":"<p>Der Bush Ranger 9&#8243; Scheinwerfer ist mit gelbem Glas und wechselbarem Standlicht in Gelb\/Wei\u00df ausgestattet.<\/p>\n","protected":false},"featured_media":21384,"comment_status":"open","ping_status":"closed","template":"","meta":{"_acf_changed":false},"product_brand":[5114],"product_cat":[5384,5359],"product_tag":[9075,9079,9077,9078,9076,9074,9064,9065,9080],"class_list":{"0":"post-68054","1":"product","2":"type-product","3":"status-publish","4":"has-post-thumbnail","6":"product_brand-product-strands-lighting-division","7":"product_cat-verstraler-rond","8":"product_cat-strands-siberia","9":"product_tag-led-scheinwerfer-auto","10":"product_tag-led-scheinwerfer-lkw","11":"product_tag-led-scheinwerfer-tonabnehmer","12":"product_tag-led-scheinwerfer-traktor","13":"product_tag-led-scheinwerfer-wohnmobil","14":"product_tag-scheinwerfer-mit-stadtlicht","15":"product_tag-strands-led-beleuchtung","16":"product_tag-strands-lighting-division","17":"product_tag-strands-siberia-scheinwerfer","19":"first","20":"instock","21":"taxable","22":"shipping-taxable","23":"purchasable","24":"product-type-simple"},"acf":[],"yoast_head":"<!-- This site is optimized with the Yoast SEO Premium plugin v26.5 (Yoast SEO v27.1.1) - https:\/\/yoast.com\/product\/yoast-seo-premium-wordpress\/ -->\n<title>Siberia Bush Ranger 9 Zoll - Strands - All Day Led - 12&amp;24V<\/title>\n<meta name=\"description\" content=\"Siberia Bush Ranger 9 Zoll - Strands - f\u00fcr 12&amp;24 Volt - 20.400 Lumen! - Scheinwerfer mit gelbem Licht - Siberia BR 7&#039;&#039; - 1 LUX @ 387 Meter\" \/>\n<meta name=\"robots\" content=\"index, follow, max-snippet:-1, max-image-preview:large, max-video-preview:-1\" \/>\n<link rel=\"canonical\" href=\"https:\/\/www.alldayled.com\/de\/produkt\/strands-siberia-bush-ranger-9-inch\/\" \/>\n<meta property=\"og:locale\" content=\"de_DE\" \/>\n<meta property=\"og:type\" content=\"article\" \/>\n<meta property=\"og:title\" content=\"Siberia Bush Ranger 9 Zoll - Strands - All Day Led - 12&amp;24V\" \/>\n<meta property=\"og:description\" content=\"Siberia Bush Ranger 9 Zoll - Strands - f\u00fcr 12&amp;24 Volt - 20.400 Lumen! - Scheinwerfer mit gelbem Licht - Siberia BR 7&#039;&#039; - 1 LUX @ 387 Meter\" \/>\n<meta property=\"og:url\" content=\"https:\/\/www.alldayled.com\/de\/produkt\/strands-siberia-bush-ranger-9-inch\/\" \/>\n<meta property=\"og:site_name\" content=\"All Day Led\" \/>\n<meta property=\"article:publisher\" content=\"https:\/\/www.facebook.com\/alldayled\/\" \/>\n<meta property=\"og:image\" content=\"https:\/\/www.alldayled.com\/wp-content\/uploads\/2024\/04\/ADL809190-300x300.png\" \/>\n<meta name=\"twitter:label1\" content=\"Preis\" \/>\n\t<meta name=\"twitter:data1\" content=\"&euro;&nbsp;239,00\" \/>\n\t<meta name=\"twitter:label2\" content=\"Verf\u00fcgbarkeit\" \/>\n\t<meta name=\"twitter:data2\" content=\"Auf Lager\" \/>\n<script type=\"application\/ld+json\" class=\"yoast-schema-graph\">{\"@context\":\"https:\/\/schema.org\",\"@graph\":[{\"@type\":\"WebPage\",\"@id\":\"https:\/\/www.alldayled.com\/de\/produkt\/strands-siberia-bush-ranger-9-inch\/\",\"url\":\"https:\/\/www.alldayled.com\/de\/produkt\/strands-siberia-bush-ranger-9-inch\/\",\"name\":\"Siberia Bush Ranger 9 Zoll - Strands - All Day Led - 12&24V\",\"isPartOf\":{\"@id\":\"https:\/\/www.alldayled.com\/de\/#website\"},\"primaryImageOfPage\":{\"@id\":\"https:\/\/www.alldayled.com\/de\/produkt\/strands-siberia-bush-ranger-9-inch\/#primaryimage\"},\"image\":{\"@id\":\"https:\/\/www.alldayled.com\/de\/produkt\/strands-siberia-bush-ranger-9-inch\/#primaryimage\"},\"thumbnailUrl\":\"https:\/\/www.alldayled.com\/wp-content\/uploads\/2022\/04\/ADL89190..png\",\"datePublished\":\"2022-04-16T08:00:27+00:00\",\"description\":\"Siberia Bush Ranger 9 Zoll - Strands - f\u00fcr 12&24 Volt - 20.400 Lumen! - Scheinwerfer mit gelbem Licht - Siberia BR 7'' - 1 LUX @ 387 Meter\",\"breadcrumb\":{\"@id\":\"https:\/\/www.alldayled.com\/de\/produkt\/strands-siberia-bush-ranger-9-inch\/#breadcrumb\"},\"inLanguage\":\"de\",\"potentialAction\":[{\"@type\":\"ReadAction\",\"target\":[\"https:\/\/www.alldayled.com\/de\/produkt\/strands-siberia-bush-ranger-9-inch\/\"]}]},{\"@type\":\"ImageObject\",\"inLanguage\":\"de\",\"@id\":\"https:\/\/www.alldayled.com\/de\/produkt\/strands-siberia-bush-ranger-9-inch\/#primaryimage\",\"url\":\"https:\/\/www.alldayled.com\/wp-content\/uploads\/2022\/04\/ADL89190..png\",\"contentUrl\":\"https:\/\/www.alldayled.com\/wp-content\/uploads\/2022\/04\/ADL89190..png\",\"width\":800,\"height\":600,\"caption\":\"Strands Siberia Bush Ranger 9 Zoll - Scheinwerfer f\u00fcr 12 und 24 Volt Betrieb mit GELBEM Glas - EAN: 7323030185343\"},{\"@type\":\"BreadcrumbList\",\"@id\":\"https:\/\/www.alldayled.com\/de\/produkt\/strands-siberia-bush-ranger-9-inch\/#breadcrumb\",\"itemListElement\":[{\"@type\":\"ListItem\",\"position\":1,\"name\":\"Home\",\"item\":\"https:\/\/www.alldayled.com\/de\/\"},{\"@type\":\"ListItem\",\"position\":2,\"name\":\"Shop\",\"item\":\"https:\/\/www.alldayled.com\/de\/shop\/\"},{\"@type\":\"ListItem\",\"position\":3,\"name\":\"Scheinwerfer\",\"item\":\"https:\/\/www.alldayled.com\/de\/produkt-kategorie\/scheinwerfer\/\"},{\"@type\":\"ListItem\",\"position\":4,\"name\":\"Scheinwerfer rund\",\"item\":\"https:\/\/www.alldayled.com\/de\/produkt-kategorie\/scheinwerfer\/verstraler-rond\/\"},{\"@type\":\"ListItem\",\"position\":5,\"name\":\"Strands Siberia Bush Ranger &#8211; 9 Zoll\"}]},{\"@type\":\"WebSite\",\"@id\":\"https:\/\/www.alldayled.com\/de\/#website\",\"url\":\"https:\/\/www.alldayled.com\/de\/\",\"name\":\"All Day Led\",\"description\":\"Verlichting voor 12&amp;24 volt gebruik\",\"publisher\":{\"@id\":\"https:\/\/www.alldayled.com\/de\/#organization\"},\"potentialAction\":[{\"@type\":\"SearchAction\",\"target\":{\"@type\":\"EntryPoint\",\"urlTemplate\":\"https:\/\/www.alldayled.com\/de\/?s={search_term_string}\"},\"query-input\":{\"@type\":\"PropertyValueSpecification\",\"valueRequired\":true,\"valueName\":\"search_term_string\"}}],\"inLanguage\":\"de\"},{\"@type\":\"Organization\",\"@id\":\"https:\/\/www.alldayled.com\/de\/#organization\",\"name\":\"All Day Led\",\"url\":\"https:\/\/www.alldayled.com\/de\/\",\"logo\":{\"@type\":\"ImageObject\",\"inLanguage\":\"de\",\"@id\":\"https:\/\/www.alldayled.com\/de\/#\/schema\/logo\/image\/\",\"url\":\"https:\/\/www.alldayled.com\/wp-content\/uploads\/2025\/10\/Logo-ALL-DAY-LED-800x800-zwart-witte-letters.png\",\"contentUrl\":\"https:\/\/www.alldayled.com\/wp-content\/uploads\/2025\/10\/Logo-ALL-DAY-LED-800x800-zwart-witte-letters.png\",\"width\":800,\"height\":800,\"caption\":\"All Day Led\"},\"image\":{\"@id\":\"https:\/\/www.alldayled.com\/de\/#\/schema\/logo\/image\/\"},\"sameAs\":[\"https:\/\/www.facebook.com\/alldayled\/\",\"https:\/\/www.instagram.com\/alldayled\/\"],\"vatID\":\"NL863960133B01\",\"taxID\":\"86416545\"}]}<\/script>\n<meta property=\"product:brand\" content=\"Strands\" \/>\n<meta property=\"product:price:amount\" content=\"239.00\" \/>\n<meta property=\"product:price:currency\" content=\"EUR\" \/>\n<meta property=\"og:availability\" content=\"instock\" \/>\n<meta property=\"product:availability\" content=\"instock\" \/>\n<meta property=\"product:retailer_item_id\" content=\"ADL809190\" \/>\n<meta property=\"product:condition\" content=\"new\" \/>\n<!-- \/ Yoast SEO Premium plugin. -->","yoast_head_json":{"title":"Siberia Bush Ranger 9 Zoll - Strands - All Day Led - 12&24V","description":"Siberia Bush Ranger 9 Zoll - Strands - f\u00fcr 12&24 Volt - 20.400 Lumen! - Scheinwerfer mit gelbem Licht - Siberia BR 7'' - 1 LUX @ 387 Meter","robots":{"index":"index","follow":"follow","max-snippet":"max-snippet:-1","max-image-preview":"max-image-preview:large","max-video-preview":"max-video-preview:-1"},"canonical":"https:\/\/www.alldayled.com\/de\/produkt\/strands-siberia-bush-ranger-9-inch\/","og_locale":"de_DE","og_type":"article","og_title":"Siberia Bush Ranger 9 Zoll - Strands - All Day Led - 12&24V","og_description":"Siberia Bush Ranger 9 Zoll - Strands - f\u00fcr 12&24 Volt - 20.400 Lumen! - Scheinwerfer mit gelbem Licht - Siberia BR 7'' - 1 LUX @ 387 Meter","og_url":"https:\/\/www.alldayled.com\/de\/produkt\/strands-siberia-bush-ranger-9-inch\/","og_site_name":"All Day Led","article_publisher":"https:\/\/www.facebook.com\/alldayled\/","og_image":[{"url":"https:\/\/www.alldayled.com\/wp-content\/uploads\/2024\/04\/ADL809190-300x300.png","type":"","width":"","height":""}],"twitter_misc":{"Preis":"&euro;&nbsp;239,00","Verf\u00fcgbarkeit":"Auf Lager"},"schema":{"@context":"https:\/\/schema.org","@graph":[{"@type":"WebPage","@id":"https:\/\/www.alldayled.com\/de\/produkt\/strands-siberia-bush-ranger-9-inch\/","url":"https:\/\/www.alldayled.com\/de\/produkt\/strands-siberia-bush-ranger-9-inch\/","name":"Siberia Bush Ranger 9 Zoll - Strands - All Day Led - 12&24V","isPartOf":{"@id":"https:\/\/www.alldayled.com\/de\/#website"},"primaryImageOfPage":{"@id":"https:\/\/www.alldayled.com\/de\/produkt\/strands-siberia-bush-ranger-9-inch\/#primaryimage"},"image":{"@id":"https:\/\/www.alldayled.com\/de\/produkt\/strands-siberia-bush-ranger-9-inch\/#primaryimage"},"thumbnailUrl":"https:\/\/www.alldayled.com\/wp-content\/uploads\/2022\/04\/ADL89190..png","datePublished":"2022-04-16T08:00:27+00:00","description":"Siberia Bush Ranger 9 Zoll - Strands - f\u00fcr 12&24 Volt - 20.400 Lumen! - Scheinwerfer mit gelbem Licht - Siberia BR 7'' - 1 LUX @ 387 Meter","breadcrumb":{"@id":"https:\/\/www.alldayled.com\/de\/produkt\/strands-siberia-bush-ranger-9-inch\/#breadcrumb"},"inLanguage":"de","potentialAction":[{"@type":"ReadAction","target":["https:\/\/www.alldayled.com\/de\/produkt\/strands-siberia-bush-ranger-9-inch\/"]}]},{"@type":"ImageObject","inLanguage":"de","@id":"https:\/\/www.alldayled.com\/de\/produkt\/strands-siberia-bush-ranger-9-inch\/#primaryimage","url":"https:\/\/www.alldayled.com\/wp-content\/uploads\/2022\/04\/ADL89190..png","contentUrl":"https:\/\/www.alldayled.com\/wp-content\/uploads\/2022\/04\/ADL89190..png","width":800,"height":600,"caption":"Strands Siberia Bush Ranger 9 Zoll - Scheinwerfer f\u00fcr 12 und 24 Volt Betrieb mit GELBEM Glas - EAN: 7323030185343"},{"@type":"BreadcrumbList","@id":"https:\/\/www.alldayled.com\/de\/produkt\/strands-siberia-bush-ranger-9-inch\/#breadcrumb","itemListElement":[{"@type":"ListItem","position":1,"name":"Home","item":"https:\/\/www.alldayled.com\/de\/"},{"@type":"ListItem","position":2,"name":"Shop","item":"https:\/\/www.alldayled.com\/de\/shop\/"},{"@type":"ListItem","position":3,"name":"Scheinwerfer","item":"https:\/\/www.alldayled.com\/de\/produkt-kategorie\/scheinwerfer\/"},{"@type":"ListItem","position":4,"name":"Scheinwerfer rund","item":"https:\/\/www.alldayled.com\/de\/produkt-kategorie\/scheinwerfer\/verstraler-rond\/"},{"@type":"ListItem","position":5,"name":"Strands Siberia Bush Ranger &#8211; 9 Zoll"}]},{"@type":"WebSite","@id":"https:\/\/www.alldayled.com\/de\/#website","url":"https:\/\/www.alldayled.com\/de\/","name":"All Day Led","description":"Verlichting voor 12&amp;24 volt gebruik","publisher":{"@id":"https:\/\/www.alldayled.com\/de\/#organization"},"potentialAction":[{"@type":"SearchAction","target":{"@type":"EntryPoint","urlTemplate":"https:\/\/www.alldayled.com\/de\/?s={search_term_string}"},"query-input":{"@type":"PropertyValueSpecification","valueRequired":true,"valueName":"search_term_string"}}],"inLanguage":"de"},{"@type":"Organization","@id":"https:\/\/www.alldayled.com\/de\/#organization","name":"All Day Led","url":"https:\/\/www.alldayled.com\/de\/","logo":{"@type":"ImageObject","inLanguage":"de","@id":"https:\/\/www.alldayled.com\/de\/#\/schema\/logo\/image\/","url":"https:\/\/www.alldayled.com\/wp-content\/uploads\/2025\/10\/Logo-ALL-DAY-LED-800x800-zwart-witte-letters.png","contentUrl":"https:\/\/www.alldayled.com\/wp-content\/uploads\/2025\/10\/Logo-ALL-DAY-LED-800x800-zwart-witte-letters.png","width":800,"height":800,"caption":"All Day Led"},"image":{"@id":"https:\/\/www.alldayled.com\/de\/#\/schema\/logo\/image\/"},"sameAs":["https:\/\/www.facebook.com\/alldayled\/","https:\/\/www.instagram.com\/alldayled\/"],"vatID":"NL863960133B01","taxID":"86416545"}]},"product_brand":"Strands","product_price_amount":"239.00","product_price_currency":"EUR","og_availability":"instock","product_availability":"instock","product_retailer_item_id":"ADL809190","product_condition":"new"},"_links":{"self":[{"href":"https:\/\/www.alldayled.com\/de\/wp-json\/wp\/v2\/product\/68054","targetHints":{"allow":["GET"]}}],"collection":[{"href":"https:\/\/www.alldayled.com\/de\/wp-json\/wp\/v2\/product"}],"about":[{"href":"https:\/\/www.alldayled.com\/de\/wp-json\/wp\/v2\/types\/product"}],"replies":[{"embeddable":true,"href":"https:\/\/www.alldayled.com\/de\/wp-json\/wp\/v2\/comments?post=68054"}],"wp:featuredmedia":[{"embeddable":true,"href":"https:\/\/www.alldayled.com\/de\/wp-json\/wp\/v2\/media\/21384"}],"wp:attachment":[{"href":"https:\/\/www.alldayled.com\/de\/wp-json\/wp\/v2\/media?parent=68054"}],"wp:term":[{"taxonomy":"product_brand","embeddable":true,"href":"https:\/\/www.alldayled.com\/de\/wp-json\/wp\/v2\/product_brand?post=68054"},{"taxonomy":"product_cat","embeddable":true,"href":"https:\/\/www.alldayled.com\/de\/wp-json\/wp\/v2\/product_cat?post=68054"},{"taxonomy":"product_tag","embeddable":true,"href":"https:\/\/www.alldayled.com\/de\/wp-json\/wp\/v2\/product_tag?post=68054"}],"curies":[{"name":"wp","href":"https:\/\/api.w.org\/{rel}","templated":true}]}}