{"id":68069,"date":"2021-02-09T15:57:23","date_gmt":"2021-02-09T14:57:23","guid":{"rendered":"https:\/\/www.alldayled.com\/product\/hella-luminator-full-led-verstraler-zwart\/"},"modified":"2026-04-03T14:19:27","modified_gmt":"2026-04-03T12:19:27","slug":"hella-luminator-full-led-verstraler-zwart","status":"publish","type":"product","link":"https:\/\/www.alldayled.com\/de\/produkt\/hella-luminator-full-led-verstraler-zwart\/","title":{"rendered":"Hella Luminator Fernscheinwerfer &#8211; schwarz"},"content":{"rendered":"<p><span style=\"color: #000000;\"><strong>Hella Luminator Full-LED Fernscheinwerfer mit schwarzem Geh\u00e4use, f\u00fcr 12 &amp; 24 Volt. <\/strong><\/span><\/p>\n<p><span style=\"color: #000000;\">Willst du einen Full-LED Fernscheinwerfer montieren, der deinem Fahrzeug ein einzigartiges Aussehen verleiht? Und willst du ihn auch als Standlicht und Fernlicht nutzen? Dann ist dieser runde Hella Luminator Schwarz vielleicht genau die Lampe, die du suchst. Er hat das ECE R112 und R7 Pr\u00fcfzeichen. Das bedeutet, dass du ihn legal als Fernlicht und Positionsleuchte verwenden darfst. Das schwarze Geh\u00e4use und das besonders gestaltete Standlicht machen diesen LED-Fernscheinwerfer in seinem Segment wirklich einzigartig.     <\/span><\/p>\n<p><span style=\"color: #000000;\">Der Hella Luminator Schwarz arbeitet mit 12 und 24 Volt, sodass du ihn an deinem LKW, Wohnmobil oder einem anderen Fahrzeug montieren kannst. Um sicherzugehen, dass dies der richtige Fernscheinwerfer f\u00fcr dich ist, haben wir unten die wichtigsten Eigenschaften aufgelistet. Der LED-Fernscheinwerfer hat das ECE R10 Pr\u00fcfzeichen, sodass er keine St\u00f6rungen, zum Beispiel am Radio, verursacht. Zudem ist er nach IP68 und IP69K zertifiziert, wodurch er vollst\u00e4ndig staub- und wasserdicht ist. So kannst du sicher sein, dass dein Fernscheinwerfer alles mitmacht. Schau dir hier das Einf\u00fchrungsvideo von Hella an, um zu sehen, wie der Fernscheinwerfer an einem LKW aussieht.     <\/span><\/p>\n<h5><span style=\"color: #000000;\"><strong>Abmessungen:<\/strong><\/span><\/h5>\n<p><span style=\"color: #000000;\">Um sicherzugehen, dass du diesen runden Full-LED Fernscheinwerfer von Hella an deinem Auto oder LKW montieren kannst, haben wir unten die Ma\u00dfe f\u00fcr dich aufgelistet:<\/span><\/p>\n<ul>\n<li><span style=\"color: #000000;\">H\u00f6he: 232,5 mm (inkl. Halter)<\/span><\/li>\n<li><span style=\"color: #000000;\">Durchmesser: 224,4 mm<\/span><\/li>\n<li><span style=\"color: #000000;\">Dicke: 129,6 mm<\/span><\/li>\n<\/ul>\n<p><span style=\"color: #000000;\"><em>Hella Artikelnummer: 1F8 016 560-011<\/em><\/span><\/p>\n<p><span style=\"color: #000000;\">Bist du doch der Meinung, dass dieser Hella Luminator Schwarz nicht das ist, was du suchst? Einfach weil Form, Farbe oder Lichtleistung nicht passen? Dann wisse, dass dieser Hella Luminator Full-LED Fernscheinwerfer &#8211; schwarz auch mit einem Chrom-Geh\u00e4use erh\u00e4ltlich ist. Den Hella Luminator Ref. 50 Full-LED Fernscheinwerfer mit Chrom-Geh\u00e4use findest du <a style=\"color: #000000;\" href=\"https:\/\/www.alldayled.com\/de\/produkt\/hella-luminator-full-led-verstraler-chroom\/\">hier<\/a>.   <\/span><\/p>\n","protected":false},"excerpt":{"rendered":"<p>Hella Luminator Full-LED Fernscheinwerfer schwarz. Mit ECE R112 und R7 Pr\u00fcfzeichen. <\/p>\n","protected":false},"featured_media":18807,"comment_status":"open","ping_status":"closed","template":"","meta":{"_acf_changed":false},"product_brand":[6294],"product_cat":[5384],"product_tag":[9543,9079,9077,9078,9076,9074],"class_list":{"0":"post-68069","1":"product","2":"type-product","3":"status-publish","4":"has-post-thumbnail","6":"product_brand-product-hella","7":"product_cat-verstraler-rond","8":"product_tag-hella-scheinwerfer","9":"product_tag-led-scheinwerfer-lkw","10":"product_tag-led-scheinwerfer-tonabnehmer","11":"product_tag-led-scheinwerfer-traktor","12":"product_tag-led-scheinwerfer-wohnmobil","13":"product_tag-scheinwerfer-mit-stadtlicht","15":"first","16":"instock","17":"taxable","18":"shipping-taxable","19":"purchasable","20":"product-type-simple"},"acf":[],"yoast_head":"<!-- This site is optimized with the Yoast SEO Premium plugin v26.5 (Yoast SEO v27.1.1) - https:\/\/yoast.com\/product\/yoast-seo-premium-wordpress\/ -->\n<title>Hella Luminator schwarz - Full-LED Fernscheinwerfer - All Day Led - 12&amp;24V<\/title>\n<meta name=\"description\" content=\"Hella Luminator schwarz - f\u00fcr 12&amp;24 Volt - 1F8 016 560-011 - Full-LED Fernscheinwerfer - mit ECE R112 &amp; R7 Pr\u00fcfzeichen - f\u00fcr LKW und mehr\" \/>\n<meta name=\"robots\" content=\"index, follow, max-snippet:-1, max-image-preview:large, max-video-preview:-1\" \/>\n<link rel=\"canonical\" href=\"https:\/\/www.alldayled.com\/de\/produkt\/hella-luminator-full-led-verstraler-zwart\/\" \/>\n<meta property=\"og:locale\" content=\"de_DE\" \/>\n<meta property=\"og:type\" content=\"article\" \/>\n<meta property=\"og:title\" content=\"Hella Luminator schwarz - Full-LED Fernscheinwerfer - All Day Led - 12&amp;24V\" \/>\n<meta property=\"og:description\" content=\"Hella Luminator schwarz - f\u00fcr 12&amp;24 Volt - 1F8 016 560-011 - Full-LED Fernscheinwerfer - mit ECE R112 &amp; R7 Pr\u00fcfzeichen - f\u00fcr LKW und mehr\" \/>\n<meta property=\"og:url\" content=\"https:\/\/www.alldayled.com\/de\/produkt\/hella-luminator-full-led-verstraler-zwart\/\" \/>\n<meta property=\"og:site_name\" content=\"All Day Led\" \/>\n<meta property=\"article:publisher\" content=\"https:\/\/www.facebook.com\/alldayled\/\" \/>\n<meta property=\"article:modified_time\" content=\"2026-04-03T12:19:27+00:00\" \/>\n<meta property=\"og:image\" content=\"https:\/\/www.alldayled.com\/wp-content\/uploads\/2021\/02\/ADL50293-SM-300x300.png\" \/>\n<meta name=\"twitter:label1\" content=\"Preis\" \/>\n\t<meta name=\"twitter:data1\" content=\"&euro;&nbsp;349,00\" \/>\n\t<meta name=\"twitter:label2\" content=\"Verf\u00fcgbarkeit\" \/>\n\t<meta name=\"twitter:data2\" content=\"Auf Lager\" \/>\n<script type=\"application\/ld+json\" class=\"yoast-schema-graph\">{\"@context\":\"https:\/\/schema.org\",\"@graph\":[{\"@type\":\"WebPage\",\"@id\":\"https:\/\/www.alldayled.com\/de\/produkt\/hella-luminator-full-led-verstraler-zwart\/\",\"url\":\"https:\/\/www.alldayled.com\/de\/produkt\/hella-luminator-full-led-verstraler-zwart\/\",\"name\":\"Hella Luminator schwarz - Full-LED Fernscheinwerfer - All Day Led - 12&24V\",\"isPartOf\":{\"@id\":\"https:\/\/www.alldayled.com\/de\/#website\"},\"primaryImageOfPage\":{\"@id\":\"https:\/\/www.alldayled.com\/de\/produkt\/hella-luminator-full-led-verstraler-zwart\/#primaryimage\"},\"image\":{\"@id\":\"https:\/\/www.alldayled.com\/de\/produkt\/hella-luminator-full-led-verstraler-zwart\/#primaryimage\"},\"thumbnailUrl\":\"https:\/\/www.alldayled.com\/wp-content\/uploads\/2021\/02\/ADL50293.png\",\"datePublished\":\"2021-02-09T14:57:23+00:00\",\"dateModified\":\"2026-04-03T12:19:27+00:00\",\"description\":\"Hella Luminator schwarz - f\u00fcr 12&24 Volt - 1F8 016 560-011 - Full-LED Fernscheinwerfer - mit ECE R112 & R7 Pr\u00fcfzeichen - f\u00fcr LKW und mehr\",\"breadcrumb\":{\"@id\":\"https:\/\/www.alldayled.com\/de\/produkt\/hella-luminator-full-led-verstraler-zwart\/#breadcrumb\"},\"inLanguage\":\"de\",\"potentialAction\":[{\"@type\":\"ReadAction\",\"target\":[\"https:\/\/www.alldayled.com\/de\/produkt\/hella-luminator-full-led-verstraler-zwart\/\"]}]},{\"@type\":\"ImageObject\",\"inLanguage\":\"de\",\"@id\":\"https:\/\/www.alldayled.com\/de\/produkt\/hella-luminator-full-led-verstraler-zwart\/#primaryimage\",\"url\":\"https:\/\/www.alldayled.com\/wp-content\/uploads\/2021\/02\/ADL50293.png\",\"contentUrl\":\"https:\/\/www.alldayled.com\/wp-content\/uploads\/2021\/02\/ADL50293.png\",\"width\":800,\"height\":600,\"caption\":\"Hella Luminator Full-LED Fernscheinwerfer mit LED-Standlicht - f\u00fcr 12&amp;24 Volt - Hella Artikelnummer: 1F8 016 560-011 - Geh\u00e4use: schwarz\"},{\"@type\":\"BreadcrumbList\",\"@id\":\"https:\/\/www.alldayled.com\/de\/produkt\/hella-luminator-full-led-verstraler-zwart\/#breadcrumb\",\"itemListElement\":[{\"@type\":\"ListItem\",\"position\":1,\"name\":\"Home\",\"item\":\"https:\/\/www.alldayled.com\/de\/\"},{\"@type\":\"ListItem\",\"position\":2,\"name\":\"Shop\",\"item\":\"https:\/\/www.alldayled.com\/de\/shop\/\"},{\"@type\":\"ListItem\",\"position\":3,\"name\":\"Scheinwerfer\",\"item\":\"https:\/\/www.alldayled.com\/de\/produkt-kategorie\/scheinwerfer\/\"},{\"@type\":\"ListItem\",\"position\":4,\"name\":\"Scheinwerfer rund\",\"item\":\"https:\/\/www.alldayled.com\/de\/produkt-kategorie\/scheinwerfer\/verstraler-rond\/\"},{\"@type\":\"ListItem\",\"position\":5,\"name\":\"Hella Luminator Fernscheinwerfer &#8211; schwarz\"}]},{\"@type\":\"WebSite\",\"@id\":\"https:\/\/www.alldayled.com\/de\/#website\",\"url\":\"https:\/\/www.alldayled.com\/de\/\",\"name\":\"All Day Led\",\"description\":\"Verlichting voor 12&amp;24 volt gebruik\",\"publisher\":{\"@id\":\"https:\/\/www.alldayled.com\/de\/#organization\"},\"potentialAction\":[{\"@type\":\"SearchAction\",\"target\":{\"@type\":\"EntryPoint\",\"urlTemplate\":\"https:\/\/www.alldayled.com\/de\/?s={search_term_string}\"},\"query-input\":{\"@type\":\"PropertyValueSpecification\",\"valueRequired\":true,\"valueName\":\"search_term_string\"}}],\"inLanguage\":\"de\"},{\"@type\":\"Organization\",\"@id\":\"https:\/\/www.alldayled.com\/de\/#organization\",\"name\":\"All Day Led\",\"url\":\"https:\/\/www.alldayled.com\/de\/\",\"logo\":{\"@type\":\"ImageObject\",\"inLanguage\":\"de\",\"@id\":\"https:\/\/www.alldayled.com\/de\/#\/schema\/logo\/image\/\",\"url\":\"https:\/\/www.alldayled.com\/wp-content\/uploads\/2025\/10\/Logo-ALL-DAY-LED-800x800-zwart-witte-letters.png\",\"contentUrl\":\"https:\/\/www.alldayled.com\/wp-content\/uploads\/2025\/10\/Logo-ALL-DAY-LED-800x800-zwart-witte-letters.png\",\"width\":800,\"height\":800,\"caption\":\"All Day Led\"},\"image\":{\"@id\":\"https:\/\/www.alldayled.com\/de\/#\/schema\/logo\/image\/\"},\"sameAs\":[\"https:\/\/www.facebook.com\/alldayled\/\",\"https:\/\/www.instagram.com\/alldayled\/\"],\"vatID\":\"NL863960133B01\",\"taxID\":\"86416545\"}]}<\/script>\n<meta property=\"product:brand\" content=\"Hella\" \/>\n<meta property=\"product:price:amount\" content=\"349.00\" \/>\n<meta property=\"product:price:currency\" content=\"EUR\" \/>\n<meta property=\"og:availability\" content=\"instock\" \/>\n<meta property=\"product:availability\" content=\"instock\" \/>\n<meta property=\"product:retailer_item_id\" content=\"ADL560011\" \/>\n<meta property=\"product:condition\" content=\"new\" \/>\n<!-- \/ Yoast SEO Premium plugin. -->","yoast_head_json":{"title":"Hella Luminator schwarz - Full-LED Fernscheinwerfer - All Day Led - 12&24V","description":"Hella Luminator schwarz - f\u00fcr 12&24 Volt - 1F8 016 560-011 - Full-LED Fernscheinwerfer - mit ECE R112 & R7 Pr\u00fcfzeichen - f\u00fcr LKW und mehr","robots":{"index":"index","follow":"follow","max-snippet":"max-snippet:-1","max-image-preview":"max-image-preview:large","max-video-preview":"max-video-preview:-1"},"canonical":"https:\/\/www.alldayled.com\/de\/produkt\/hella-luminator-full-led-verstraler-zwart\/","og_locale":"de_DE","og_type":"article","og_title":"Hella Luminator schwarz - Full-LED Fernscheinwerfer - All Day Led - 12&24V","og_description":"Hella Luminator schwarz - f\u00fcr 12&24 Volt - 1F8 016 560-011 - Full-LED Fernscheinwerfer - mit ECE R112 & R7 Pr\u00fcfzeichen - f\u00fcr LKW und mehr","og_url":"https:\/\/www.alldayled.com\/de\/produkt\/hella-luminator-full-led-verstraler-zwart\/","og_site_name":"All Day Led","article_publisher":"https:\/\/www.facebook.com\/alldayled\/","article_modified_time":"2026-04-03T12:19:27+00:00","og_image":[{"url":"https:\/\/www.alldayled.com\/wp-content\/uploads\/2021\/02\/ADL50293-SM-300x300.png","type":"","width":"","height":""}],"twitter_misc":{"Preis":"&euro;&nbsp;349,00","Verf\u00fcgbarkeit":"Auf Lager"},"schema":{"@context":"https:\/\/schema.org","@graph":[{"@type":"WebPage","@id":"https:\/\/www.alldayled.com\/de\/produkt\/hella-luminator-full-led-verstraler-zwart\/","url":"https:\/\/www.alldayled.com\/de\/produkt\/hella-luminator-full-led-verstraler-zwart\/","name":"Hella Luminator schwarz - Full-LED Fernscheinwerfer - All Day Led - 12&24V","isPartOf":{"@id":"https:\/\/www.alldayled.com\/de\/#website"},"primaryImageOfPage":{"@id":"https:\/\/www.alldayled.com\/de\/produkt\/hella-luminator-full-led-verstraler-zwart\/#primaryimage"},"image":{"@id":"https:\/\/www.alldayled.com\/de\/produkt\/hella-luminator-full-led-verstraler-zwart\/#primaryimage"},"thumbnailUrl":"https:\/\/www.alldayled.com\/wp-content\/uploads\/2021\/02\/ADL50293.png","datePublished":"2021-02-09T14:57:23+00:00","dateModified":"2026-04-03T12:19:27+00:00","description":"Hella Luminator schwarz - f\u00fcr 12&24 Volt - 1F8 016 560-011 - Full-LED Fernscheinwerfer - mit ECE R112 & R7 Pr\u00fcfzeichen - f\u00fcr LKW und mehr","breadcrumb":{"@id":"https:\/\/www.alldayled.com\/de\/produkt\/hella-luminator-full-led-verstraler-zwart\/#breadcrumb"},"inLanguage":"de","potentialAction":[{"@type":"ReadAction","target":["https:\/\/www.alldayled.com\/de\/produkt\/hella-luminator-full-led-verstraler-zwart\/"]}]},{"@type":"ImageObject","inLanguage":"de","@id":"https:\/\/www.alldayled.com\/de\/produkt\/hella-luminator-full-led-verstraler-zwart\/#primaryimage","url":"https:\/\/www.alldayled.com\/wp-content\/uploads\/2021\/02\/ADL50293.png","contentUrl":"https:\/\/www.alldayled.com\/wp-content\/uploads\/2021\/02\/ADL50293.png","width":800,"height":600,"caption":"Hella Luminator Full-LED Fernscheinwerfer mit LED-Standlicht - f\u00fcr 12&amp;24 Volt - Hella Artikelnummer: 1F8 016 560-011 - Geh\u00e4use: schwarz"},{"@type":"BreadcrumbList","@id":"https:\/\/www.alldayled.com\/de\/produkt\/hella-luminator-full-led-verstraler-zwart\/#breadcrumb","itemListElement":[{"@type":"ListItem","position":1,"name":"Home","item":"https:\/\/www.alldayled.com\/de\/"},{"@type":"ListItem","position":2,"name":"Shop","item":"https:\/\/www.alldayled.com\/de\/shop\/"},{"@type":"ListItem","position":3,"name":"Scheinwerfer","item":"https:\/\/www.alldayled.com\/de\/produkt-kategorie\/scheinwerfer\/"},{"@type":"ListItem","position":4,"name":"Scheinwerfer rund","item":"https:\/\/www.alldayled.com\/de\/produkt-kategorie\/scheinwerfer\/verstraler-rond\/"},{"@type":"ListItem","position":5,"name":"Hella Luminator Fernscheinwerfer &#8211; schwarz"}]},{"@type":"WebSite","@id":"https:\/\/www.alldayled.com\/de\/#website","url":"https:\/\/www.alldayled.com\/de\/","name":"All Day Led","description":"Verlichting voor 12&amp;24 volt gebruik","publisher":{"@id":"https:\/\/www.alldayled.com\/de\/#organization"},"potentialAction":[{"@type":"SearchAction","target":{"@type":"EntryPoint","urlTemplate":"https:\/\/www.alldayled.com\/de\/?s={search_term_string}"},"query-input":{"@type":"PropertyValueSpecification","valueRequired":true,"valueName":"search_term_string"}}],"inLanguage":"de"},{"@type":"Organization","@id":"https:\/\/www.alldayled.com\/de\/#organization","name":"All Day Led","url":"https:\/\/www.alldayled.com\/de\/","logo":{"@type":"ImageObject","inLanguage":"de","@id":"https:\/\/www.alldayled.com\/de\/#\/schema\/logo\/image\/","url":"https:\/\/www.alldayled.com\/wp-content\/uploads\/2025\/10\/Logo-ALL-DAY-LED-800x800-zwart-witte-letters.png","contentUrl":"https:\/\/www.alldayled.com\/wp-content\/uploads\/2025\/10\/Logo-ALL-DAY-LED-800x800-zwart-witte-letters.png","width":800,"height":800,"caption":"All Day Led"},"image":{"@id":"https:\/\/www.alldayled.com\/de\/#\/schema\/logo\/image\/"},"sameAs":["https:\/\/www.facebook.com\/alldayled\/","https:\/\/www.instagram.com\/alldayled\/"],"vatID":"NL863960133B01","taxID":"86416545"}]},"product_brand":"Hella","product_price_amount":"349.00","product_price_currency":"EUR","og_availability":"instock","product_availability":"instock","product_retailer_item_id":"ADL560011","product_condition":"new"},"_links":{"self":[{"href":"https:\/\/www.alldayled.com\/de\/wp-json\/wp\/v2\/product\/68069","targetHints":{"allow":["GET"]}}],"collection":[{"href":"https:\/\/www.alldayled.com\/de\/wp-json\/wp\/v2\/product"}],"about":[{"href":"https:\/\/www.alldayled.com\/de\/wp-json\/wp\/v2\/types\/product"}],"replies":[{"embeddable":true,"href":"https:\/\/www.alldayled.com\/de\/wp-json\/wp\/v2\/comments?post=68069"}],"wp:featuredmedia":[{"embeddable":true,"href":"https:\/\/www.alldayled.com\/de\/wp-json\/wp\/v2\/media\/18807"}],"wp:attachment":[{"href":"https:\/\/www.alldayled.com\/de\/wp-json\/wp\/v2\/media?parent=68069"}],"wp:term":[{"taxonomy":"product_brand","embeddable":true,"href":"https:\/\/www.alldayled.com\/de\/wp-json\/wp\/v2\/product_brand?post=68069"},{"taxonomy":"product_cat","embeddable":true,"href":"https:\/\/www.alldayled.com\/de\/wp-json\/wp\/v2\/product_cat?post=68069"},{"taxonomy":"product_tag","embeddable":true,"href":"https:\/\/www.alldayled.com\/de\/wp-json\/wp\/v2\/product_tag?post=68069"}],"curies":[{"name":"wp","href":"https:\/\/api.w.org\/{rel}","templated":true}]}}