{"id":68073,"date":"2024-09-25T10:00:24","date_gmt":"2024-09-25T08:00:24","guid":{"rendered":"https:\/\/www.alldayled.com\/product\/strands-for9t-dragon-drive-9-inch\/"},"modified":"2026-04-30T13:53:06","modified_gmt":"2026-04-30T11:53:06","slug":"strands-for9t-dragon-drive-9-inch","status":"publish","type":"product","link":"https:\/\/www.alldayled.com\/de\/produkt\/strands-for9t-dragon-drive-9-inch\/","title":{"rendered":"Strands FOR9T Dragon Drive 9 Zoll"},"content":{"rendered":"<p><span style=\"color: #000000;\"><strong>Strands FOR9T Dragon Drive 9 Zoll Scheinwerfer, f\u00fcr 12 und 24 Volt.<\/strong> <\/span><\/p>\n<p><span style=\"color: #000000;\">Sind Sie auf der Suche nach einem leistungsstarken und modernen LED Scheinwerfer, wissen aber noch nicht genau, welches Modell zu Ihrem Fahrzeug passt? Dann ist der Strands For9T Dragon Drive 9 Zoll LED Scheinwerfer vielleicht genau das, was Sie brauchen. Dieser robuste Scheinwerfer ist mit einem DUAL COLOR Standlicht ausgestattet und wird mit einem DT4-Stecker geliefert. Dank der 4 leistungsstarken LED-Einheiten liefert die Lampe eine beeindruckende theoretische Lichtleistung von 14.000 Lumen. Da er sowohl f\u00fcr 12 als auch f\u00fcr 24 Volt geeignet ist, k\u00f6nnen Sie diesen Scheinwerfer einfach an Ihrem Auto, Camper, LKW oder einer anderen Art von Fahrzeug montieren.    <\/span><\/p>\n<p><span style=\"color: #000000;\">Um sicherzustellen, dass dies der richtige Scheinwerfer f\u00fcr Ihre Situation ist, haben wir die wichtigsten Spezifikationen f\u00fcr Sie aufgelistet. Der Strands FOR9T DRAGON DRIVE ist mit einem robusten Aluminiumgeh\u00e4use, einer schlagfesten Polycarbonatlinse und einer IP67-Klassifizierung ausgestattet, was bedeutet, dass die Lampe vollst\u00e4ndig staub- und wasserdicht ist. Dies tr\u00e4gt zu einer langen Lebensdauer bei, und daher wird der Scheinwerfer mit einer Garantie von bis zu 3 Jahren geliefert. Dar\u00fcber hinaus ist die Lampe mit mehreren Pr\u00fcfzeichen versehen: ECE R10, ECE R148 und ECE R149. So k\u00f6nnen Sie sicher sein, dass Sie sicher und gem\u00e4\u00df den Vorschriften unterwegs sind.    <\/span><\/p>\n<h5><span style=\"color: #000000;\"><strong>Abmessungen:<\/strong><\/span><\/h5>\n<p><span style=\"color: #000000;\">Um sicherzustellen, dass Sie die LED Lampe an der gew\u00fcnschten Stelle montieren k\u00f6nnen, haben wir die Abmessungen dieser LED Lampe unten notiert. Die Abmessungen des Strands FOR9T DRAGON DRIVE 9 Zoll Scheinwerfers sind wie folgt:   <\/span><\/p>\n<ul>\n<li><span style=\"color: #000000;\">H\u00f6he: 220 (226 mm inkl. Halter)<\/span><\/li>\n<li><span style=\"color: #000000;\">Durchmesser: 220 mm<\/span><\/li>\n<li><span style=\"color: #000000;\">Tiefe: 90 mm<\/span><\/li>\n<\/ul>\n<h5><span style=\"color: #000000;\"><strong>Andere Versionen:<\/strong><\/span><\/h5>\n<div class=\"truncated\">\n<div class=\"truncated\">\n<p><span style=\"color: #000000;\">M\u00f6chten Sie eine LED Lampe von Strands aus der For9t-Linie kaufen? Aber ist der Strands FOR9T DRAGON DRIVE 9 Zoll Scheinwerfer nicht die Lampe, die Sie suchen? Dann wissen Sie, dass die FOR9T-Linie der Marke Strands auch verschiedene andere Arten von Lampen kennt. Nachfolgend finden Sie eine Auflistung der \u00fcbrigen Modelle, die Strands anbietet.   <\/span><\/p>\n<\/div>\n<ul>\n<li><a href=\"https:\/\/www.alldayled.com\/de\/produkt\/strands-for9t-dragon-drive-7-inch\/\"><span style=\"color: #000000;\"><strong>Fort9t Dragon Drive 7 Zoll<\/strong><\/span><\/a><\/li>\n<li><span style=\"color: #000000;\"><a style=\"color: #000000;\" href=\"https:\/\/www.alldayled.com\/de\/produkt\/strands-for9t-scale-positielicht-oranje\/\"><strong>For9t Scale orange<\/strong><\/a><\/span><\/li>\n<li><span style=\"color: #000000;\"><a style=\"color: #000000;\" href=\"https:\/\/www.alldayled.com\/de\/produkt\/strands-for9t-scale-positielicht-rood\/\"><strong>For9t Scale rot<\/strong><\/a><\/span><\/li>\n<li><span style=\"color: #000000;\"><a style=\"color: #000000;\" href=\"https:\/\/www.alldayled.com\/de\/produkt\/strands-for9t-scale-positielicht-wit\/\"><strong>For9t Scale wei\u00df<\/strong><\/a><\/span><\/li>\n<\/ul>\n<p><span style=\"color: #000000;\">Sind Sie nach dem Lesen aller Spezifikationen und dem Betrachten der Fotos noch nicht \u00fcberzeugt? Einfach weil die Form, der Lichtstrom oder die Farbe nicht Ihren W\u00fcnschen entsprechen? Dann sehen Sie sich hier das komplette Angebot von <a style=\"color: #000000;\" href=\"https:\/\/www.alldayled.com\/de\/marke\/product-strands-lighting-division\/\" target=\"_blank\" rel=\"noopener\">Strands<\/a> an. Vielleicht finden Sie hier das Lampenmodell, das Sie suchen.   <\/span><\/p>\n<\/div>\n","protected":false},"excerpt":{"rendered":"<p>Full LED Scheinwerfer mit wei\u00df und orange Standlicht, 9 Zoll Ausf\u00fchrung!<\/p>\n","protected":false},"featured_media":19359,"comment_status":"open","ping_status":"closed","template":"","meta":{"_acf_changed":false},"product_brand":[5114],"product_cat":[5384,5361],"product_tag":[9075,9079,9077,9078,9076,9074,9064,9065],"class_list":{"0":"post-68073","1":"product","2":"type-product","3":"status-publish","4":"has-post-thumbnail","6":"product_brand-product-strands-lighting-division","7":"product_cat-verstraler-rond","8":"product_cat-strands-for9t","9":"product_tag-led-scheinwerfer-auto","10":"product_tag-led-scheinwerfer-lkw","11":"product_tag-led-scheinwerfer-tonabnehmer","12":"product_tag-led-scheinwerfer-traktor","13":"product_tag-led-scheinwerfer-wohnmobil","14":"product_tag-scheinwerfer-mit-stadtlicht","15":"product_tag-strands-led-beleuchtung","16":"product_tag-strands-lighting-division","18":"first","19":"instock","20":"taxable","21":"shipping-taxable","22":"purchasable","23":"product-type-simple"},"acf":[],"yoast_head":"<!-- This site is optimized with the Yoast SEO Premium plugin v26.5 (Yoast SEO v27.1.1) - https:\/\/yoast.com\/product\/yoast-seo-premium-wordpress\/ -->\n<title>Strands FOR9T Dragon Drive 9 Zoll LED Scheinwerfer - All Day Led - f\u00fcr 12&amp;24V<\/title>\n<meta name=\"description\" content=\"Strands FOR9T Dragon Drive 9 Zoll - 14.000 Lumen! - Standlicht WEISS &amp; ORANGE - 1 Lux auf 600 Meter! - mit DT4 Stecker - IP67 - ECE R148 &amp; ECE 149 Pr\u00fcfzeichen\" \/>\n<meta name=\"robots\" content=\"index, follow, max-snippet:-1, max-image-preview:large, max-video-preview:-1\" \/>\n<link rel=\"canonical\" href=\"https:\/\/www.alldayled.com\/de\/produkt\/strands-for9t-dragon-drive-9-inch\/\" \/>\n<meta property=\"og:locale\" content=\"de_DE\" \/>\n<meta property=\"og:type\" content=\"article\" \/>\n<meta property=\"og:title\" content=\"Strands FOR9T Dragon Drive 9 Zoll LED Scheinwerfer - All Day Led - f\u00fcr 12&amp;24V\" \/>\n<meta property=\"og:description\" content=\"Strands FOR9T Dragon Drive 9 Zoll - 14.000 Lumen! - Standlicht WEISS &amp; ORANGE - 1 Lux auf 600 Meter! - mit DT4 Stecker - IP67 - ECE R148 &amp; ECE 149 Pr\u00fcfzeichen\" \/>\n<meta property=\"og:url\" content=\"https:\/\/www.alldayled.com\/de\/produkt\/strands-for9t-dragon-drive-9-inch\/\" \/>\n<meta property=\"og:site_name\" content=\"All Day Led\" \/>\n<meta property=\"article:publisher\" content=\"https:\/\/www.facebook.com\/alldayled\/\" \/>\n<meta property=\"article:modified_time\" content=\"2026-04-30T11:53:06+00:00\" \/>\n<meta property=\"og:image\" content=\"https:\/\/www.alldayled.com\/wp-content\/uploads\/2021\/06\/ADL270969-SM-2-300x300.png\" \/>\n<meta name=\"twitter:label1\" content=\"Preis\" \/>\n\t<meta name=\"twitter:data1\" content=\"&euro;&nbsp;239,00\" \/>\n\t<meta name=\"twitter:label2\" content=\"Verf\u00fcgbarkeit\" \/>\n\t<meta name=\"twitter:data2\" content=\"Auf Lager\" \/>\n<script type=\"application\/ld+json\" class=\"yoast-schema-graph\">{\"@context\":\"https:\/\/schema.org\",\"@graph\":[{\"@type\":\"WebPage\",\"@id\":\"https:\/\/www.alldayled.com\/de\/produkt\/strands-for9t-dragon-drive-9-inch\/\",\"url\":\"https:\/\/www.alldayled.com\/de\/produkt\/strands-for9t-dragon-drive-9-inch\/\",\"name\":\"Strands FOR9T Dragon Drive 9 Zoll LED Scheinwerfer - All Day Led - f\u00fcr 12&24V\",\"isPartOf\":{\"@id\":\"https:\/\/www.alldayled.com\/de\/#website\"},\"primaryImageOfPage\":{\"@id\":\"https:\/\/www.alldayled.com\/de\/produkt\/strands-for9t-dragon-drive-9-inch\/#primaryimage\"},\"image\":{\"@id\":\"https:\/\/www.alldayled.com\/de\/produkt\/strands-for9t-dragon-drive-9-inch\/#primaryimage\"},\"thumbnailUrl\":\"https:\/\/www.alldayled.com\/wp-content\/uploads\/2021\/06\/ADL270969.png\",\"datePublished\":\"2024-09-25T08:00:24+00:00\",\"dateModified\":\"2026-04-30T11:53:06+00:00\",\"description\":\"Strands FOR9T Dragon Drive 9 Zoll - 14.000 Lumen! - Standlicht WEISS & ORANGE - 1 Lux auf 600 Meter! - mit DT4 Stecker - IP67 - ECE R148 & ECE 149 Pr\u00fcfzeichen\",\"breadcrumb\":{\"@id\":\"https:\/\/www.alldayled.com\/de\/produkt\/strands-for9t-dragon-drive-9-inch\/#breadcrumb\"},\"inLanguage\":\"de\",\"potentialAction\":[{\"@type\":\"ReadAction\",\"target\":[\"https:\/\/www.alldayled.com\/de\/produkt\/strands-for9t-dragon-drive-9-inch\/\"]}]},{\"@type\":\"ImageObject\",\"inLanguage\":\"de\",\"@id\":\"https:\/\/www.alldayled.com\/de\/produkt\/strands-for9t-dragon-drive-9-inch\/#primaryimage\",\"url\":\"https:\/\/www.alldayled.com\/wp-content\/uploads\/2021\/06\/ADL270969.png\",\"contentUrl\":\"https:\/\/www.alldayled.com\/wp-content\/uploads\/2021\/06\/ADL270969.png\",\"width\":800,\"height\":600,\"caption\":\"Strands FOR9T DRAGON DRIVE 9'' - Scheinwerfer mit DUAL COLOR Standlicht in Farbe WEISS und ORANGE - geeignet f\u00fcr 12 und 24 Volt Betrieb - Lichtleistung 14000 Lumen - f\u00fcr Auto, LKW, Camper, Anh\u00e4nger und mehr - Strands 270969 - ECE R148 &amp; ECE 149 Pr\u00fcfzeichen\"},{\"@type\":\"BreadcrumbList\",\"@id\":\"https:\/\/www.alldayled.com\/de\/produkt\/strands-for9t-dragon-drive-9-inch\/#breadcrumb\",\"itemListElement\":[{\"@type\":\"ListItem\",\"position\":1,\"name\":\"Home\",\"item\":\"https:\/\/www.alldayled.com\/de\/\"},{\"@type\":\"ListItem\",\"position\":2,\"name\":\"Shop\",\"item\":\"https:\/\/www.alldayled.com\/de\/shop\/\"},{\"@type\":\"ListItem\",\"position\":3,\"name\":\"Scheinwerfer\",\"item\":\"https:\/\/www.alldayled.com\/de\/produkt-kategorie\/scheinwerfer\/\"},{\"@type\":\"ListItem\",\"position\":4,\"name\":\"Scheinwerfer rund\",\"item\":\"https:\/\/www.alldayled.com\/de\/produkt-kategorie\/scheinwerfer\/verstraler-rond\/\"},{\"@type\":\"ListItem\",\"position\":5,\"name\":\"Strands FOR9T Dragon Drive 9 Zoll\"}]},{\"@type\":\"WebSite\",\"@id\":\"https:\/\/www.alldayled.com\/de\/#website\",\"url\":\"https:\/\/www.alldayled.com\/de\/\",\"name\":\"All Day Led\",\"description\":\"Verlichting voor 12&amp;24 volt gebruik\",\"publisher\":{\"@id\":\"https:\/\/www.alldayled.com\/de\/#organization\"},\"potentialAction\":[{\"@type\":\"SearchAction\",\"target\":{\"@type\":\"EntryPoint\",\"urlTemplate\":\"https:\/\/www.alldayled.com\/de\/?s={search_term_string}\"},\"query-input\":{\"@type\":\"PropertyValueSpecification\",\"valueRequired\":true,\"valueName\":\"search_term_string\"}}],\"inLanguage\":\"de\"},{\"@type\":\"Organization\",\"@id\":\"https:\/\/www.alldayled.com\/de\/#organization\",\"name\":\"All Day Led\",\"url\":\"https:\/\/www.alldayled.com\/de\/\",\"logo\":{\"@type\":\"ImageObject\",\"inLanguage\":\"de\",\"@id\":\"https:\/\/www.alldayled.com\/de\/#\/schema\/logo\/image\/\",\"url\":\"https:\/\/www.alldayled.com\/wp-content\/uploads\/2025\/10\/Logo-ALL-DAY-LED-800x800-zwart-witte-letters.png\",\"contentUrl\":\"https:\/\/www.alldayled.com\/wp-content\/uploads\/2025\/10\/Logo-ALL-DAY-LED-800x800-zwart-witte-letters.png\",\"width\":800,\"height\":800,\"caption\":\"All Day Led\"},\"image\":{\"@id\":\"https:\/\/www.alldayled.com\/de\/#\/schema\/logo\/image\/\"},\"sameAs\":[\"https:\/\/www.facebook.com\/alldayled\/\",\"https:\/\/www.instagram.com\/alldayled\/\"],\"vatID\":\"NL863960133B01\",\"taxID\":\"86416545\"}]}<\/script>\n<meta property=\"product:brand\" content=\"Strands\" \/>\n<meta property=\"product:price:amount\" content=\"239.00\" \/>\n<meta property=\"product:price:currency\" content=\"EUR\" \/>\n<meta property=\"og:availability\" content=\"instock\" \/>\n<meta property=\"product:availability\" content=\"instock\" \/>\n<meta property=\"product:retailer_item_id\" content=\"ADL270969\" \/>\n<meta property=\"product:condition\" content=\"new\" \/>\n<!-- \/ Yoast SEO Premium plugin. -->","yoast_head_json":{"title":"Strands FOR9T Dragon Drive 9 Zoll LED Scheinwerfer - All Day Led - f\u00fcr 12&24V","description":"Strands FOR9T Dragon Drive 9 Zoll - 14.000 Lumen! - Standlicht WEISS & ORANGE - 1 Lux auf 600 Meter! - mit DT4 Stecker - IP67 - ECE R148 & ECE 149 Pr\u00fcfzeichen","robots":{"index":"index","follow":"follow","max-snippet":"max-snippet:-1","max-image-preview":"max-image-preview:large","max-video-preview":"max-video-preview:-1"},"canonical":"https:\/\/www.alldayled.com\/de\/produkt\/strands-for9t-dragon-drive-9-inch\/","og_locale":"de_DE","og_type":"article","og_title":"Strands FOR9T Dragon Drive 9 Zoll LED Scheinwerfer - All Day Led - f\u00fcr 12&24V","og_description":"Strands FOR9T Dragon Drive 9 Zoll - 14.000 Lumen! - Standlicht WEISS & ORANGE - 1 Lux auf 600 Meter! - mit DT4 Stecker - IP67 - ECE R148 & ECE 149 Pr\u00fcfzeichen","og_url":"https:\/\/www.alldayled.com\/de\/produkt\/strands-for9t-dragon-drive-9-inch\/","og_site_name":"All Day Led","article_publisher":"https:\/\/www.facebook.com\/alldayled\/","article_modified_time":"2026-04-30T11:53:06+00:00","og_image":[{"url":"https:\/\/www.alldayled.com\/wp-content\/uploads\/2021\/06\/ADL270969-SM-2-300x300.png","type":"","width":"","height":""}],"twitter_misc":{"Preis":"&euro;&nbsp;239,00","Verf\u00fcgbarkeit":"Auf Lager"},"schema":{"@context":"https:\/\/schema.org","@graph":[{"@type":"WebPage","@id":"https:\/\/www.alldayled.com\/de\/produkt\/strands-for9t-dragon-drive-9-inch\/","url":"https:\/\/www.alldayled.com\/de\/produkt\/strands-for9t-dragon-drive-9-inch\/","name":"Strands FOR9T Dragon Drive 9 Zoll LED Scheinwerfer - All Day Led - f\u00fcr 12&24V","isPartOf":{"@id":"https:\/\/www.alldayled.com\/de\/#website"},"primaryImageOfPage":{"@id":"https:\/\/www.alldayled.com\/de\/produkt\/strands-for9t-dragon-drive-9-inch\/#primaryimage"},"image":{"@id":"https:\/\/www.alldayled.com\/de\/produkt\/strands-for9t-dragon-drive-9-inch\/#primaryimage"},"thumbnailUrl":"https:\/\/www.alldayled.com\/wp-content\/uploads\/2021\/06\/ADL270969.png","datePublished":"2024-09-25T08:00:24+00:00","dateModified":"2026-04-30T11:53:06+00:00","description":"Strands FOR9T Dragon Drive 9 Zoll - 14.000 Lumen! - Standlicht WEISS & ORANGE - 1 Lux auf 600 Meter! - mit DT4 Stecker - IP67 - ECE R148 & ECE 149 Pr\u00fcfzeichen","breadcrumb":{"@id":"https:\/\/www.alldayled.com\/de\/produkt\/strands-for9t-dragon-drive-9-inch\/#breadcrumb"},"inLanguage":"de","potentialAction":[{"@type":"ReadAction","target":["https:\/\/www.alldayled.com\/de\/produkt\/strands-for9t-dragon-drive-9-inch\/"]}]},{"@type":"ImageObject","inLanguage":"de","@id":"https:\/\/www.alldayled.com\/de\/produkt\/strands-for9t-dragon-drive-9-inch\/#primaryimage","url":"https:\/\/www.alldayled.com\/wp-content\/uploads\/2021\/06\/ADL270969.png","contentUrl":"https:\/\/www.alldayled.com\/wp-content\/uploads\/2021\/06\/ADL270969.png","width":800,"height":600,"caption":"Strands FOR9T DRAGON DRIVE 9'' - Scheinwerfer mit DUAL COLOR Standlicht in Farbe WEISS und ORANGE - geeignet f\u00fcr 12 und 24 Volt Betrieb - Lichtleistung 14000 Lumen - f\u00fcr Auto, LKW, Camper, Anh\u00e4nger und mehr - Strands 270969 - ECE R148 &amp; ECE 149 Pr\u00fcfzeichen"},{"@type":"BreadcrumbList","@id":"https:\/\/www.alldayled.com\/de\/produkt\/strands-for9t-dragon-drive-9-inch\/#breadcrumb","itemListElement":[{"@type":"ListItem","position":1,"name":"Home","item":"https:\/\/www.alldayled.com\/de\/"},{"@type":"ListItem","position":2,"name":"Shop","item":"https:\/\/www.alldayled.com\/de\/shop\/"},{"@type":"ListItem","position":3,"name":"Scheinwerfer","item":"https:\/\/www.alldayled.com\/de\/produkt-kategorie\/scheinwerfer\/"},{"@type":"ListItem","position":4,"name":"Scheinwerfer rund","item":"https:\/\/www.alldayled.com\/de\/produkt-kategorie\/scheinwerfer\/verstraler-rond\/"},{"@type":"ListItem","position":5,"name":"Strands FOR9T Dragon Drive 9 Zoll"}]},{"@type":"WebSite","@id":"https:\/\/www.alldayled.com\/de\/#website","url":"https:\/\/www.alldayled.com\/de\/","name":"All Day Led","description":"Verlichting voor 12&amp;24 volt gebruik","publisher":{"@id":"https:\/\/www.alldayled.com\/de\/#organization"},"potentialAction":[{"@type":"SearchAction","target":{"@type":"EntryPoint","urlTemplate":"https:\/\/www.alldayled.com\/de\/?s={search_term_string}"},"query-input":{"@type":"PropertyValueSpecification","valueRequired":true,"valueName":"search_term_string"}}],"inLanguage":"de"},{"@type":"Organization","@id":"https:\/\/www.alldayled.com\/de\/#organization","name":"All Day Led","url":"https:\/\/www.alldayled.com\/de\/","logo":{"@type":"ImageObject","inLanguage":"de","@id":"https:\/\/www.alldayled.com\/de\/#\/schema\/logo\/image\/","url":"https:\/\/www.alldayled.com\/wp-content\/uploads\/2025\/10\/Logo-ALL-DAY-LED-800x800-zwart-witte-letters.png","contentUrl":"https:\/\/www.alldayled.com\/wp-content\/uploads\/2025\/10\/Logo-ALL-DAY-LED-800x800-zwart-witte-letters.png","width":800,"height":800,"caption":"All Day Led"},"image":{"@id":"https:\/\/www.alldayled.com\/de\/#\/schema\/logo\/image\/"},"sameAs":["https:\/\/www.facebook.com\/alldayled\/","https:\/\/www.instagram.com\/alldayled\/"],"vatID":"NL863960133B01","taxID":"86416545"}]},"product_brand":"Strands","product_price_amount":"239.00","product_price_currency":"EUR","og_availability":"instock","product_availability":"instock","product_retailer_item_id":"ADL270969","product_condition":"new"},"_links":{"self":[{"href":"https:\/\/www.alldayled.com\/de\/wp-json\/wp\/v2\/product\/68073","targetHints":{"allow":["GET"]}}],"collection":[{"href":"https:\/\/www.alldayled.com\/de\/wp-json\/wp\/v2\/product"}],"about":[{"href":"https:\/\/www.alldayled.com\/de\/wp-json\/wp\/v2\/types\/product"}],"replies":[{"embeddable":true,"href":"https:\/\/www.alldayled.com\/de\/wp-json\/wp\/v2\/comments?post=68073"}],"wp:featuredmedia":[{"embeddable":true,"href":"https:\/\/www.alldayled.com\/de\/wp-json\/wp\/v2\/media\/19359"}],"wp:attachment":[{"href":"https:\/\/www.alldayled.com\/de\/wp-json\/wp\/v2\/media?parent=68073"}],"wp:term":[{"taxonomy":"product_brand","embeddable":true,"href":"https:\/\/www.alldayled.com\/de\/wp-json\/wp\/v2\/product_brand?post=68073"},{"taxonomy":"product_cat","embeddable":true,"href":"https:\/\/www.alldayled.com\/de\/wp-json\/wp\/v2\/product_cat?post=68073"},{"taxonomy":"product_tag","embeddable":true,"href":"https:\/\/www.alldayled.com\/de\/wp-json\/wp\/v2\/product_tag?post=68073"}],"curies":[{"name":"wp","href":"https:\/\/api.w.org\/{rel}","templated":true}]}}