{"id":68077,"date":"2023-07-24T11:21:30","date_gmt":"2023-07-24T09:21:30","guid":{"rendered":"https:\/\/www.alldayled.com\/product\/strands-siberia-skylord-7-inch\/"},"modified":"2026-04-20T15:33:39","modified_gmt":"2026-04-20T13:33:39","slug":"strands-siberia-skylord-7-inch","status":"publish","type":"product","link":"https:\/\/www.alldayled.com\/de\/produkt\/strands-siberia-skylord-7-inch\/","title":{"rendered":"Strands Siberia Skylord 7 Zoll"},"content":{"rendered":"<p><span style=\"color: #000000;\"><strong>Strands Siberia Skylord 7 Zoll Scheinwerfer schwarz, f\u00fcr 12 und 24 Volt. <\/strong><\/span><\/p>\n<p><span style=\"color: #000000;\">M\u00f6chtest du dein Auto, deinen LKW oder Camper mit einem neuen LED-Lampenmodell ausstatten? Aber du wei\u00dft nicht, welche Art von Voll-LED-Scheinwerfer du suchst? Vielleicht ist der Strands Siberia Skylord 7 Zoll SCHWARZ genau die LED-Lampe, die du suchst. Dieser Voll-LED-Scheinwerfer ist mit einem zweifarbigen Standlicht ausgestattet, das in einer Ring-\/Streifenversion leuchtet. Des Weiteren verf\u00fcgt die LED-Lampe \u00fcber 11 LED-Punkte, die zusammen eine theoretische Lichtleistung von 8.250 Lumen liefern. Der 7&#8220; Siberia Scheinwerfer funktioniert mit 12 und 24 Volt. Das bedeutet, dass du den LED-Scheinwerfer zum Beispiel in deinem Auto, LKW, Traktor, Camper oder einem anderen Fahrzeugtyp verwenden kannst.       <\/span><\/p>\n<p><span style=\"color: #000000;\">Damit du vor dem Kauf sicher sein kannst, dass dies genau die Lampe ist, die du suchst, haben wir unten einige Spezifikationen des Strands Siberia Skylord 7 Zoll aufgef\u00fchrt. Der Voll-LED-Scheinwerfer ist zum Beispiel mit dem ECE R10 Pr\u00fcfzeichen versehen. Dieses Pr\u00fcfzeichen besagt, dass die Lampe w\u00e4hrend des Betriebs keine St\u00f6rungen, beispielsweise an einem Funksignal, verursachen wird. Auch ist der Voll-LED-Scheinwerfer mit dem IP68 und IP69K Pr\u00fcfzeichen versehen. Diese Pr\u00fcfzeichen weisen darauf hin, dass der Strands Siberia 7 Zoll LED-Scheinwerfer vollst\u00e4ndig staub- und wasserdicht ist. Um das Ganze abzurunden, wird die LED-Lampe mit Befestigungsmaterial aus Edelstahl und einem DT-4 Anschlusskabel geliefert.      <\/span><\/p>\n<h5><span style=\"color: #000000;\"><strong>Abmessungen:<\/strong><\/span><\/h5>\n<p><span style=\"color: #000000;\">Um sicherzustellen, dass du die LED-Lampe dort montieren kannst, wo du m\u00f6chtest, haben wir unten die Abmessungen der Lampe notiert. Die Abmessungen des Strands Siberia Skylord 7 Zoll Scheinwerfers schwarz sind wie folgt: <\/span><\/p>\n<ul>\n<li><span style=\"color: #000000;\">H\u00f6he: 170,3 (182,2 mm inkl. Halterung)<\/span><\/li>\n<li><span style=\"color: #000000;\">Durchmesser: 178 mm<\/span><\/li>\n<li><span style=\"color: #000000;\">Dicke: 71,9 mm<\/span><\/li>\n<\/ul>\n<h5><span style=\"color: #000000;\"><strong>Andere Versionen: <\/strong><\/span><\/h5>\n<p><span style=\"color: #000000;\">M\u00f6chtest du einen LED-Scheinwerfer der Marke Strands kaufen, aber der Strands Siberia Skylord 7 Zoll Scheinwerfer schwarz ist nicht das, wonach du suchst? Dann wisse, dass Strands dieses Modell auch mit wei\u00dfem Geh\u00e4use anbietet. <\/span><\/p>\n<ul>\n<li><span style=\"color: #000000;\"><a style=\"color: #000000;\" href=\"https:\/\/www.alldayled.com\/de\/produkt\/strands-siberia-skylord-9-inch-zwart\/\"><strong>Skylord 9&#8243; Scheinwerfer SCHWARZ<\/strong><\/a><\/span><\/li>\n<li><span style=\"color: #000000;\"><a style=\"color: #000000;\" href=\"https:\/\/www.alldayled.com\/de\/produkt\/strands-siberia-skylord-9-inch-wit\/\"><b>Skylord 9&#8220; Scheinwerfer WEISS <\/b><\/a><\/span><\/li>\n<\/ul>\n<div class=\"truncated\">\n<p><span style=\"color: #000000;\">Bist du immer noch nicht \u00fcberzeugt, dass der Strands Siberia Skylord schwarz in 7 Zoll Ausf\u00fchrung das ist, wonach du suchst? Einfach weil die Lichtleistung, Wattzahl oder Form nicht deinen W\u00fcnschen entspricht? Dann sieh dir hier das komplette Angebot von <a style=\"color: #000000;\" href=\"https:\/\/www.alldayled.com\/de\/marke\/product-strands-lighting-division\/\" target=\"_blank\" rel=\"noopener\">Strands<\/a> an. Vielleicht findest du hier das richtige Modell. Sieh dir <a style=\"color: #000000;\" href=\"https:\/\/strandseurope.com\/uploads\/2023\/07\/270948-manual.pdf\" target=\"_blank\" rel=\"noopener\">hier<\/a> die Anleitung von Strands an.    <\/span><\/p>\n<\/div>\n","protected":false},"excerpt":{"rendered":"<p>Robuster und moderner 7&#8243; Scheinwerfer von Strands mit 8250 Lumen &#8211; f\u00fcr 12 und 24 Volt.<\/p>\n","protected":false},"featured_media":33498,"comment_status":"open","ping_status":"closed","template":"","meta":{"_acf_changed":false},"product_brand":[5114],"product_cat":[5384,5359],"product_tag":[],"class_list":{"0":"post-68077","1":"product","2":"type-product","3":"status-publish","4":"has-post-thumbnail","6":"product_brand-product-strands-lighting-division","7":"product_cat-verstraler-rond","8":"product_cat-strands-siberia","10":"first","11":"instock","12":"taxable","13":"shipping-taxable","14":"purchasable","15":"product-type-simple"},"acf":[],"yoast_head":"<!-- This site is optimized with the Yoast SEO Premium plugin v26.5 (Yoast SEO v27.1.1) - https:\/\/yoast.com\/product\/yoast-seo-premium-wordpress\/ -->\n<title>Siberia Skylord 7 Zoll Scheinwerfer - Strands - All Day Led - mit Xperience Modus<\/title>\n<meta name=\"description\" content=\"Siberia Skylord 7 Zoll Scheinwerfer - Strands - f\u00fcr 12&amp;24V- 8.250 Lumen! - mit orange-wei\u00dfem Standlicht - 1 Lux auf 628 Metern - ECE R148 \/ R149\" \/>\n<meta name=\"robots\" content=\"index, follow, max-snippet:-1, max-image-preview:large, max-video-preview:-1\" \/>\n<link rel=\"canonical\" href=\"https:\/\/www.alldayled.com\/de\/produkt\/strands-siberia-skylord-7-inch\/\" \/>\n<meta property=\"og:locale\" content=\"de_DE\" \/>\n<meta property=\"og:type\" content=\"article\" \/>\n<meta property=\"og:title\" content=\"Siberia Skylord 7 Zoll Scheinwerfer - Strands - All Day Led - mit Xperience Modus\" \/>\n<meta property=\"og:description\" content=\"Siberia Skylord 7 Zoll Scheinwerfer - Strands - f\u00fcr 12&amp;24V- 8.250 Lumen! - mit orange-wei\u00dfem Standlicht - 1 Lux auf 628 Metern - ECE R148 \/ R149\" \/>\n<meta property=\"og:url\" content=\"https:\/\/www.alldayled.com\/de\/produkt\/strands-siberia-skylord-7-inch\/\" \/>\n<meta property=\"og:site_name\" content=\"All Day Led\" \/>\n<meta property=\"article:publisher\" content=\"https:\/\/www.facebook.com\/alldayled\/\" \/>\n<meta property=\"article:modified_time\" content=\"2026-04-20T13:33:39+00:00\" \/>\n<meta property=\"og:image\" content=\"https:\/\/www.alldayled.com\/wp-content\/uploads\/2025\/02\/ADL270947.01-300x300.jpg\" \/>\n<meta name=\"twitter:label1\" content=\"Preis\" \/>\n\t<meta name=\"twitter:data1\" content=\"&euro;&nbsp;279,00\" \/>\n\t<meta name=\"twitter:label2\" content=\"Verf\u00fcgbarkeit\" \/>\n\t<meta name=\"twitter:data2\" content=\"Auf Lager\" \/>\n<script type=\"application\/ld+json\" class=\"yoast-schema-graph\">{\"@context\":\"https:\/\/schema.org\",\"@graph\":[{\"@type\":\"WebPage\",\"@id\":\"https:\/\/www.alldayled.com\/de\/produkt\/strands-siberia-skylord-7-inch\/\",\"url\":\"https:\/\/www.alldayled.com\/de\/produkt\/strands-siberia-skylord-7-inch\/\",\"name\":\"Siberia Skylord 7 Zoll Scheinwerfer - Strands - All Day Led - mit Xperience Modus\",\"isPartOf\":{\"@id\":\"https:\/\/www.alldayled.com\/de\/#website\"},\"primaryImageOfPage\":{\"@id\":\"https:\/\/www.alldayled.com\/de\/produkt\/strands-siberia-skylord-7-inch\/#primaryimage\"},\"image\":{\"@id\":\"https:\/\/www.alldayled.com\/de\/produkt\/strands-siberia-skylord-7-inch\/#primaryimage\"},\"thumbnailUrl\":\"https:\/\/www.alldayled.com\/wp-content\/uploads\/2025\/02\/ADL270947.png\",\"datePublished\":\"2023-07-24T09:21:30+00:00\",\"dateModified\":\"2026-04-20T13:33:39+00:00\",\"description\":\"Siberia Skylord 7 Zoll Scheinwerfer - Strands - f\u00fcr 12&24V- 8.250 Lumen! - mit orange-wei\u00dfem Standlicht - 1 Lux auf 628 Metern - ECE R148 \/ R149\",\"breadcrumb\":{\"@id\":\"https:\/\/www.alldayled.com\/de\/produkt\/strands-siberia-skylord-7-inch\/#breadcrumb\"},\"inLanguage\":\"de\",\"potentialAction\":[{\"@type\":\"ReadAction\",\"target\":[\"https:\/\/www.alldayled.com\/de\/produkt\/strands-siberia-skylord-7-inch\/\"]}]},{\"@type\":\"ImageObject\",\"inLanguage\":\"de\",\"@id\":\"https:\/\/www.alldayled.com\/de\/produkt\/strands-siberia-skylord-7-inch\/#primaryimage\",\"url\":\"https:\/\/www.alldayled.com\/wp-content\/uploads\/2025\/02\/ADL270947.png\",\"contentUrl\":\"https:\/\/www.alldayled.com\/wp-content\/uploads\/2025\/02\/ADL270947.png\",\"width\":800,\"height\":600,\"caption\":\"Strands Siberia Skylord 7 Zoll Scheinwerfer - zweifarbiges Standlicht - geeignet f\u00fcr 12 und \/ oder 24 Volt Betrieb - Strands 270947 - 11 LED-Punkte - EAN: 7350133818359\"},{\"@type\":\"BreadcrumbList\",\"@id\":\"https:\/\/www.alldayled.com\/de\/produkt\/strands-siberia-skylord-7-inch\/#breadcrumb\",\"itemListElement\":[{\"@type\":\"ListItem\",\"position\":1,\"name\":\"Home\",\"item\":\"https:\/\/www.alldayled.com\/de\/\"},{\"@type\":\"ListItem\",\"position\":2,\"name\":\"Shop\",\"item\":\"https:\/\/www.alldayled.com\/de\/shop\/\"},{\"@type\":\"ListItem\",\"position\":3,\"name\":\"Scheinwerfer\",\"item\":\"https:\/\/www.alldayled.com\/de\/produkt-kategorie\/scheinwerfer\/\"},{\"@type\":\"ListItem\",\"position\":4,\"name\":\"Scheinwerfer rund\",\"item\":\"https:\/\/www.alldayled.com\/de\/produkt-kategorie\/scheinwerfer\/verstraler-rond\/\"},{\"@type\":\"ListItem\",\"position\":5,\"name\":\"Strands Siberia Skylord 7 Zoll\"}]},{\"@type\":\"WebSite\",\"@id\":\"https:\/\/www.alldayled.com\/de\/#website\",\"url\":\"https:\/\/www.alldayled.com\/de\/\",\"name\":\"All Day Led\",\"description\":\"Verlichting voor 12&amp;24 volt gebruik\",\"publisher\":{\"@id\":\"https:\/\/www.alldayled.com\/de\/#organization\"},\"potentialAction\":[{\"@type\":\"SearchAction\",\"target\":{\"@type\":\"EntryPoint\",\"urlTemplate\":\"https:\/\/www.alldayled.com\/de\/?s={search_term_string}\"},\"query-input\":{\"@type\":\"PropertyValueSpecification\",\"valueRequired\":true,\"valueName\":\"search_term_string\"}}],\"inLanguage\":\"de\"},{\"@type\":\"Organization\",\"@id\":\"https:\/\/www.alldayled.com\/de\/#organization\",\"name\":\"All Day Led\",\"url\":\"https:\/\/www.alldayled.com\/de\/\",\"logo\":{\"@type\":\"ImageObject\",\"inLanguage\":\"de\",\"@id\":\"https:\/\/www.alldayled.com\/de\/#\/schema\/logo\/image\/\",\"url\":\"https:\/\/www.alldayled.com\/wp-content\/uploads\/2025\/10\/Logo-ALL-DAY-LED-800x800-zwart-witte-letters.png\",\"contentUrl\":\"https:\/\/www.alldayled.com\/wp-content\/uploads\/2025\/10\/Logo-ALL-DAY-LED-800x800-zwart-witte-letters.png\",\"width\":800,\"height\":800,\"caption\":\"All Day Led\"},\"image\":{\"@id\":\"https:\/\/www.alldayled.com\/de\/#\/schema\/logo\/image\/\"},\"sameAs\":[\"https:\/\/www.facebook.com\/alldayled\/\",\"https:\/\/www.instagram.com\/alldayled\/\"],\"vatID\":\"NL863960133B01\",\"taxID\":\"86416545\"}]}<\/script>\n<meta property=\"product:brand\" content=\"Strands\" \/>\n<meta property=\"product:price:amount\" content=\"279.00\" \/>\n<meta property=\"product:price:currency\" content=\"EUR\" \/>\n<meta property=\"og:availability\" content=\"instock\" \/>\n<meta property=\"product:availability\" content=\"instock\" \/>\n<meta property=\"product:retailer_item_id\" content=\"ADL270947\" \/>\n<meta property=\"product:condition\" content=\"new\" \/>\n<!-- \/ Yoast SEO Premium plugin. -->","yoast_head_json":{"title":"Siberia Skylord 7 Zoll Scheinwerfer - Strands - All Day Led - mit Xperience Modus","description":"Siberia Skylord 7 Zoll Scheinwerfer - Strands - f\u00fcr 12&24V- 8.250 Lumen! - mit orange-wei\u00dfem Standlicht - 1 Lux auf 628 Metern - ECE R148 \/ R149","robots":{"index":"index","follow":"follow","max-snippet":"max-snippet:-1","max-image-preview":"max-image-preview:large","max-video-preview":"max-video-preview:-1"},"canonical":"https:\/\/www.alldayled.com\/de\/produkt\/strands-siberia-skylord-7-inch\/","og_locale":"de_DE","og_type":"article","og_title":"Siberia Skylord 7 Zoll Scheinwerfer - Strands - All Day Led - mit Xperience Modus","og_description":"Siberia Skylord 7 Zoll Scheinwerfer - Strands - f\u00fcr 12&24V- 8.250 Lumen! - mit orange-wei\u00dfem Standlicht - 1 Lux auf 628 Metern - ECE R148 \/ R149","og_url":"https:\/\/www.alldayled.com\/de\/produkt\/strands-siberia-skylord-7-inch\/","og_site_name":"All Day Led","article_publisher":"https:\/\/www.facebook.com\/alldayled\/","article_modified_time":"2026-04-20T13:33:39+00:00","og_image":[{"url":"https:\/\/www.alldayled.com\/wp-content\/uploads\/2025\/02\/ADL270947.01-300x300.jpg","type":"","width":"","height":""}],"twitter_misc":{"Preis":"&euro;&nbsp;279,00","Verf\u00fcgbarkeit":"Auf Lager"},"schema":{"@context":"https:\/\/schema.org","@graph":[{"@type":"WebPage","@id":"https:\/\/www.alldayled.com\/de\/produkt\/strands-siberia-skylord-7-inch\/","url":"https:\/\/www.alldayled.com\/de\/produkt\/strands-siberia-skylord-7-inch\/","name":"Siberia Skylord 7 Zoll Scheinwerfer - Strands - All Day Led - mit Xperience Modus","isPartOf":{"@id":"https:\/\/www.alldayled.com\/de\/#website"},"primaryImageOfPage":{"@id":"https:\/\/www.alldayled.com\/de\/produkt\/strands-siberia-skylord-7-inch\/#primaryimage"},"image":{"@id":"https:\/\/www.alldayled.com\/de\/produkt\/strands-siberia-skylord-7-inch\/#primaryimage"},"thumbnailUrl":"https:\/\/www.alldayled.com\/wp-content\/uploads\/2025\/02\/ADL270947.png","datePublished":"2023-07-24T09:21:30+00:00","dateModified":"2026-04-20T13:33:39+00:00","description":"Siberia Skylord 7 Zoll Scheinwerfer - Strands - f\u00fcr 12&24V- 8.250 Lumen! - mit orange-wei\u00dfem Standlicht - 1 Lux auf 628 Metern - ECE R148 \/ R149","breadcrumb":{"@id":"https:\/\/www.alldayled.com\/de\/produkt\/strands-siberia-skylord-7-inch\/#breadcrumb"},"inLanguage":"de","potentialAction":[{"@type":"ReadAction","target":["https:\/\/www.alldayled.com\/de\/produkt\/strands-siberia-skylord-7-inch\/"]}]},{"@type":"ImageObject","inLanguage":"de","@id":"https:\/\/www.alldayled.com\/de\/produkt\/strands-siberia-skylord-7-inch\/#primaryimage","url":"https:\/\/www.alldayled.com\/wp-content\/uploads\/2025\/02\/ADL270947.png","contentUrl":"https:\/\/www.alldayled.com\/wp-content\/uploads\/2025\/02\/ADL270947.png","width":800,"height":600,"caption":"Strands Siberia Skylord 7 Zoll Scheinwerfer - zweifarbiges Standlicht - geeignet f\u00fcr 12 und \/ oder 24 Volt Betrieb - Strands 270947 - 11 LED-Punkte - EAN: 7350133818359"},{"@type":"BreadcrumbList","@id":"https:\/\/www.alldayled.com\/de\/produkt\/strands-siberia-skylord-7-inch\/#breadcrumb","itemListElement":[{"@type":"ListItem","position":1,"name":"Home","item":"https:\/\/www.alldayled.com\/de\/"},{"@type":"ListItem","position":2,"name":"Shop","item":"https:\/\/www.alldayled.com\/de\/shop\/"},{"@type":"ListItem","position":3,"name":"Scheinwerfer","item":"https:\/\/www.alldayled.com\/de\/produkt-kategorie\/scheinwerfer\/"},{"@type":"ListItem","position":4,"name":"Scheinwerfer rund","item":"https:\/\/www.alldayled.com\/de\/produkt-kategorie\/scheinwerfer\/verstraler-rond\/"},{"@type":"ListItem","position":5,"name":"Strands Siberia Skylord 7 Zoll"}]},{"@type":"WebSite","@id":"https:\/\/www.alldayled.com\/de\/#website","url":"https:\/\/www.alldayled.com\/de\/","name":"All Day Led","description":"Verlichting voor 12&amp;24 volt gebruik","publisher":{"@id":"https:\/\/www.alldayled.com\/de\/#organization"},"potentialAction":[{"@type":"SearchAction","target":{"@type":"EntryPoint","urlTemplate":"https:\/\/www.alldayled.com\/de\/?s={search_term_string}"},"query-input":{"@type":"PropertyValueSpecification","valueRequired":true,"valueName":"search_term_string"}}],"inLanguage":"de"},{"@type":"Organization","@id":"https:\/\/www.alldayled.com\/de\/#organization","name":"All Day Led","url":"https:\/\/www.alldayled.com\/de\/","logo":{"@type":"ImageObject","inLanguage":"de","@id":"https:\/\/www.alldayled.com\/de\/#\/schema\/logo\/image\/","url":"https:\/\/www.alldayled.com\/wp-content\/uploads\/2025\/10\/Logo-ALL-DAY-LED-800x800-zwart-witte-letters.png","contentUrl":"https:\/\/www.alldayled.com\/wp-content\/uploads\/2025\/10\/Logo-ALL-DAY-LED-800x800-zwart-witte-letters.png","width":800,"height":800,"caption":"All Day Led"},"image":{"@id":"https:\/\/www.alldayled.com\/de\/#\/schema\/logo\/image\/"},"sameAs":["https:\/\/www.facebook.com\/alldayled\/","https:\/\/www.instagram.com\/alldayled\/"],"vatID":"NL863960133B01","taxID":"86416545"}]},"product_brand":"Strands","product_price_amount":"279.00","product_price_currency":"EUR","og_availability":"instock","product_availability":"instock","product_retailer_item_id":"ADL270947","product_condition":"new"},"_links":{"self":[{"href":"https:\/\/www.alldayled.com\/de\/wp-json\/wp\/v2\/product\/68077","targetHints":{"allow":["GET"]}}],"collection":[{"href":"https:\/\/www.alldayled.com\/de\/wp-json\/wp\/v2\/product"}],"about":[{"href":"https:\/\/www.alldayled.com\/de\/wp-json\/wp\/v2\/types\/product"}],"replies":[{"embeddable":true,"href":"https:\/\/www.alldayled.com\/de\/wp-json\/wp\/v2\/comments?post=68077"}],"wp:featuredmedia":[{"embeddable":true,"href":"https:\/\/www.alldayled.com\/de\/wp-json\/wp\/v2\/media\/33498"}],"wp:attachment":[{"href":"https:\/\/www.alldayled.com\/de\/wp-json\/wp\/v2\/media?parent=68077"}],"wp:term":[{"taxonomy":"product_brand","embeddable":true,"href":"https:\/\/www.alldayled.com\/de\/wp-json\/wp\/v2\/product_brand?post=68077"},{"taxonomy":"product_cat","embeddable":true,"href":"https:\/\/www.alldayled.com\/de\/wp-json\/wp\/v2\/product_cat?post=68077"},{"taxonomy":"product_tag","embeddable":true,"href":"https:\/\/www.alldayled.com\/de\/wp-json\/wp\/v2\/product_tag?post=68077"}],"curies":[{"name":"wp","href":"https:\/\/api.w.org\/{rel}","templated":true}]}}