{"id":68089,"date":"2025-02-20T11:28:18","date_gmt":"2025-02-20T10:28:18","guid":{"rendered":"https:\/\/www.alldayled.com\/product\/strands-siberia-outlaw-udx-12-inch\/"},"modified":"2025-12-04T11:19:13","modified_gmt":"2025-12-04T10:19:13","slug":"strands-siberia-outlaw-udx-12-inch","status":"publish","type":"product","link":"https:\/\/www.alldayled.com\/de\/produkt\/strands-siberia-outlaw-udx-12-inch\/","title":{"rendered":"Strands Siberia Outlaw UDX &#8211; 12 Zoll"},"content":{"rendered":"<p><span style=\"color: #000000;\"><strong>Strands Siberia Outlaw UDX 12 Zoll LED bar doppelreihig, f\u00fcr 12 und 24 Volt.<\/strong><\/span><\/p>\n<p><span style=\"color: #000000;\">Bist du auf der Suche nach einer LED bar mit einer leistungsstarken Lichtausbeute und den richtigen Pr\u00fcfzeichen f\u00fcr den Einsatz im Stra\u00dfenverkehr? Dann ist die Strands Siberia Outlaw UDX 12 Zoll eine ausgezeichnete Wahl. Diese kompakte, doppelreihige LED bar liefert beeindruckende 8000 Lumen helles wei\u00dfes Licht und ist sowohl mit ECE R148, R149 als auch R10 Zulassung ausgestattet. Damit ist sie f\u00fcr den Einsatz an nahezu jedem Fahrzeug geeignet, vom LKW und Transporter bis zum Traktor oder Gel\u00e4ndewagen. Das markante bernsteinfarbene Positionslicht sorgt zudem f\u00fcr ein elegantes, modernes Erscheinungsbild.    <\/span><\/p>\n<p><span style=\"color: #000000;\">Die Siberia Outlaw UDX ist f\u00fcr ernsthafte Leistung konzipiert. Mit einer Farbtemperatur von 5700K liefert sie ein tageslicht\u00e4hnliches Lichtbild, das f\u00fcr hervorragende Sicht im Dunkeln sorgt. Dank hochwertiger Komponenten, einer kratzfesten Linse ohne Rand und einem robusten, wasser- und staubdichten Geh\u00e4use (IP67 &amp; IP69K) ist diese LED bar perfekt gegen raue Bedingungen best\u00e4ndig. Das R10-Pr\u00fcfzeichen garantiert, dass die Lampe w\u00e4hrend des Betriebs keine St\u00f6rungen an anderen elektrischen Systemen deines Fahrzeugs verursacht. Der Lichtstrahl ist breit, lang und kraftvoll, mit einer Reichweite von \u00fcber 500 Metern. Eine Leistung, die du in der Praxis wirklich bemerken wirst. Um das Ganze abzurunden, wird diese LED bar mit Edelstahl-Befestigungsmaterial und einem DT4-Anschlusskabel f\u00fcr eine einfache und zuverl\u00e4ssige Installation geliefert.       <\/span><\/p>\n<h5><span style=\"color: #000000;\"><strong>Abmessungen:<\/strong><\/span><\/h5>\n<p><span style=\"color: #000000;\">Bevor Sie mit der Montage beginnen, wollen Sie nat\u00fcrlich sicher sein, ob sie passt. Hier unten finden Sie die Abmessungen der Siberia Outlaw UDX 12\u201d <\/span><\/p>\n<ul>\n<li><span style=\"color: #000000;\">H\u00f6he: 76 mm (89 mm inkl. Befestigung)<\/span><\/li>\n<li><span style=\"color: #000000;\">Breite: 307 mm<\/span><\/li>\n<li><span style=\"color: #000000;\">Dicke: 71.5 mm<\/span><\/li>\n<\/ul>\n<p><span style=\"color: #000000;\">Die Siberia Outlaw UDX 12&#8220; LED wird mit zwei Sorten Montageb\u00fcgel geliefert. Montieren Sie sie auf einem Lampenb\u00fcgel? Verwenden Sie dann die Siberia B\u00fcgelklemme f\u00fcr eine straffe Befestigung.  <\/span><\/p>\n<h5><span style=\"color: #000000;\"><strong>Weitere Abmessungen: <\/strong><\/span><\/h5>\n<p><span style=\"color: #000000;\">Ist die Strands Siberia Outlaw UDX LED bar 12 Zoll doch nicht die Gr\u00f6\u00dfe, nach der du suchst? Die Outlaw LED bar ist auch in den folgenden Abmessungen erh\u00e4ltlich: <\/span><\/p>\n<ul>\n<li><a href=\"https:\/\/www.alldayled.com\/de\/produkt\/strands-siberia-outlaw-udx-8-inch\/\"><span style=\"color: #000000;\"><strong>Siberia Outlaw UDX 8&#8243;<\/strong><\/span><\/a><\/li>\n<li><a href=\"https:\/\/www.alldayled.com\/de\/produkt\/strands-siberia-outlaw-udx-22-inch\/\"><span style=\"color: #000000;\"><strong>Siberia Outlaw UDX 22 Zoll<\/strong><\/span><\/a><\/li>\n<\/ul>\n<p><span style=\"color: #000000;\">Vielleicht passt die Outlaw UDX 12 Zoll nicht ganz dem, was du dir vorstellst, sei es Gr\u00f6\u00dfe, Lichtleistung oder Design. Keine Sorge, wir haben noch viel mehr zu bieten. Wirf einen Blick in unsere <a style=\"color: #000000;\" href=\"https:\/\/www.alldayled.com\/de\/marke\/product-strands-lighting-division\/\" target=\"_blank\" rel=\"noopener\">Strands<\/a> Kollektion oder st\u00f6bere durch alle <a style=\"color: #000000;\" href=\"https:\/\/www.alldayled.com\/de\/produkt-kategorie\/scheinwerfer\/led-bar\/\">LED bars<\/a> und finde die Lampe, die perfekt zu deinem LKW passt.  <\/span><\/p>\n","protected":false},"excerpt":{"rendered":"<p>Elegant und robust: Strands Siberia Outlaw UDX 12 Zoll mit 8000 Lumen &#8211; ECE R148\/R149.<\/p>\n","protected":false},"featured_media":82917,"comment_status":"open","ping_status":"closed","template":"","meta":{"_acf_changed":false},"product_brand":[5114],"product_cat":[5386,5359],"product_tag":[9161,9162,9163,9164,9075,9079,9077,9078,9076,9057,9032,9066,9064,9065,9165,9080],"class_list":{"0":"post-68089","1":"product","2":"type-product","3":"status-publish","4":"has-post-thumbnail","6":"product_brand-product-strands-lighting-division","7":"product_cat-led-bar","8":"product_cat-strands-siberia","9":"product_tag-led-bar","10":"product_tag-led-bar-auto","11":"product_tag-led-bar-lkw","12":"product_tag-led-scheinwerfer","13":"product_tag-led-scheinwerfer-auto","14":"product_tag-led-scheinwerfer-lkw","15":"product_tag-led-scheinwerfer-tonabnehmer","16":"product_tag-led-scheinwerfer-traktor","17":"product_tag-led-scheinwerfer-wohnmobil","18":"product_tag-led-arbeitsleuchte","19":"product_tag-sale","20":"product_tag-strands-led-arbeitsleuchte","21":"product_tag-strands-led-beleuchtung","22":"product_tag-strands-lighting-division","23":"product_tag-strands-siberia-led-bar","24":"product_tag-strands-siberia-scheinwerfer","26":"first","27":"instock","28":"sale","29":"taxable","30":"shipping-taxable","31":"purchasable","32":"product-type-simple"},"acf":[],"yoast_head":"<!-- This site is optimized with the Yoast SEO Premium plugin v26.5 (Yoast SEO v27.1.1) - https:\/\/yoast.com\/product\/yoast-seo-premium-wordpress\/ -->\n<title>Siberia Outlaw UDX 12 Zoll - LED bar - All Day Led - 12&amp;24V<\/title>\n<meta name=\"description\" content=\"Siberia Outlaw UDX 12 Zoll LED bar - STRANDS - f\u00fcr 12&amp;24 volt Betrieb - Auto, LKW und mehr - mit LED Standlicht - 8000 Lumen\" \/>\n<meta name=\"robots\" content=\"index, follow, max-snippet:-1, max-image-preview:large, max-video-preview:-1\" \/>\n<link rel=\"canonical\" href=\"https:\/\/www.alldayled.com\/de\/produkt\/strands-siberia-outlaw-udx-12-inch\/\" \/>\n<meta property=\"og:locale\" content=\"de_DE\" \/>\n<meta property=\"og:type\" content=\"article\" \/>\n<meta property=\"og:title\" content=\"Siberia Outlaw UDX 12 Zoll - LED bar - All Day Led - 12&amp;24V\" \/>\n<meta property=\"og:description\" content=\"Siberia Outlaw UDX 12 Zoll LED bar - STRANDS - f\u00fcr 12&amp;24 volt Betrieb - Auto, LKW und mehr - mit LED Standlicht - 8000 Lumen\" \/>\n<meta property=\"og:url\" content=\"https:\/\/www.alldayled.com\/de\/produkt\/strands-siberia-outlaw-udx-12-inch\/\" \/>\n<meta property=\"og:site_name\" content=\"All Day Led\" \/>\n<meta property=\"article:publisher\" content=\"https:\/\/www.facebook.com\/alldayled\/\" \/>\n<meta property=\"article:modified_time\" content=\"2025-12-04T10:19:13+00:00\" \/>\n<meta property=\"og:image\" content=\"https:\/\/www.alldayled.com\/wp-content\/uploads\/2025\/04\/ADL809162-SM-1-300x300.png\" \/>\n<meta name=\"twitter:label1\" content=\"Preis\" \/>\n\t<meta name=\"twitter:data1\" content=\"&euro;&nbsp;359,10\" \/>\n\t<meta name=\"twitter:label2\" content=\"Verf\u00fcgbarkeit\" \/>\n\t<meta name=\"twitter:data2\" content=\"Auf Lager\" \/>\n<script type=\"application\/ld+json\" class=\"yoast-schema-graph\">{\"@context\":\"https:\/\/schema.org\",\"@graph\":[{\"@type\":\"WebPage\",\"@id\":\"https:\/\/www.alldayled.com\/de\/produkt\/strands-siberia-outlaw-udx-12-inch\/\",\"url\":\"https:\/\/www.alldayled.com\/de\/produkt\/strands-siberia-outlaw-udx-12-inch\/\",\"name\":\"Siberia Outlaw UDX 12 Zoll - LED bar - All Day Led - 12&24V\",\"isPartOf\":{\"@id\":\"https:\/\/www.alldayled.com\/de\/#website\"},\"primaryImageOfPage\":{\"@id\":\"https:\/\/www.alldayled.com\/de\/produkt\/strands-siberia-outlaw-udx-12-inch\/#primaryimage\"},\"image\":{\"@id\":\"https:\/\/www.alldayled.com\/de\/produkt\/strands-siberia-outlaw-udx-12-inch\/#primaryimage\"},\"thumbnailUrl\":\"https:\/\/www.alldayled.com\/wp-content\/uploads\/2025\/02\/ADL809162-0.png\",\"datePublished\":\"2025-02-20T10:28:18+00:00\",\"dateModified\":\"2025-12-04T10:19:13+00:00\",\"description\":\"Siberia Outlaw UDX 12 Zoll LED bar - STRANDS - f\u00fcr 12&24 volt Betrieb - Auto, LKW und mehr - mit LED Standlicht - 8000 Lumen\",\"breadcrumb\":{\"@id\":\"https:\/\/www.alldayled.com\/de\/produkt\/strands-siberia-outlaw-udx-12-inch\/#breadcrumb\"},\"inLanguage\":\"de\",\"potentialAction\":[{\"@type\":\"ReadAction\",\"target\":[\"https:\/\/www.alldayled.com\/de\/produkt\/strands-siberia-outlaw-udx-12-inch\/\"]}]},{\"@type\":\"ImageObject\",\"inLanguage\":\"de\",\"@id\":\"https:\/\/www.alldayled.com\/de\/produkt\/strands-siberia-outlaw-udx-12-inch\/#primaryimage\",\"url\":\"https:\/\/www.alldayled.com\/wp-content\/uploads\/2025\/02\/ADL809162-0.png\",\"contentUrl\":\"https:\/\/www.alldayled.com\/wp-content\/uploads\/2025\/02\/ADL809162-0.png\",\"width\":800,\"height\":600,\"caption\":\"Siberia Outlaw UDX 12 inch\"},{\"@type\":\"BreadcrumbList\",\"@id\":\"https:\/\/www.alldayled.com\/de\/produkt\/strands-siberia-outlaw-udx-12-inch\/#breadcrumb\",\"itemListElement\":[{\"@type\":\"ListItem\",\"position\":1,\"name\":\"Home\",\"item\":\"https:\/\/www.alldayled.com\/de\/\"},{\"@type\":\"ListItem\",\"position\":2,\"name\":\"Shop\",\"item\":\"https:\/\/www.alldayled.com\/de\/shop\/\"},{\"@type\":\"ListItem\",\"position\":3,\"name\":\"Scheinwerfer\",\"item\":\"https:\/\/www.alldayled.com\/de\/produkt-kategorie\/scheinwerfer\/\"},{\"@type\":\"ListItem\",\"position\":4,\"name\":\"LED Bar\",\"item\":\"https:\/\/www.alldayled.com\/de\/produkt-kategorie\/scheinwerfer\/led-bar\/\"},{\"@type\":\"ListItem\",\"position\":5,\"name\":\"Strands Siberia Outlaw UDX &#8211; 12 Zoll\"}]},{\"@type\":\"WebSite\",\"@id\":\"https:\/\/www.alldayled.com\/de\/#website\",\"url\":\"https:\/\/www.alldayled.com\/de\/\",\"name\":\"All Day Led\",\"description\":\"Verlichting voor 12&amp;24 volt gebruik\",\"publisher\":{\"@id\":\"https:\/\/www.alldayled.com\/de\/#organization\"},\"potentialAction\":[{\"@type\":\"SearchAction\",\"target\":{\"@type\":\"EntryPoint\",\"urlTemplate\":\"https:\/\/www.alldayled.com\/de\/?s={search_term_string}\"},\"query-input\":{\"@type\":\"PropertyValueSpecification\",\"valueRequired\":true,\"valueName\":\"search_term_string\"}}],\"inLanguage\":\"de\"},{\"@type\":\"Organization\",\"@id\":\"https:\/\/www.alldayled.com\/de\/#organization\",\"name\":\"All Day Led\",\"url\":\"https:\/\/www.alldayled.com\/de\/\",\"logo\":{\"@type\":\"ImageObject\",\"inLanguage\":\"de\",\"@id\":\"https:\/\/www.alldayled.com\/de\/#\/schema\/logo\/image\/\",\"url\":\"https:\/\/www.alldayled.com\/wp-content\/uploads\/2025\/10\/Logo-ALL-DAY-LED-800x800-zwart-witte-letters.png\",\"contentUrl\":\"https:\/\/www.alldayled.com\/wp-content\/uploads\/2025\/10\/Logo-ALL-DAY-LED-800x800-zwart-witte-letters.png\",\"width\":800,\"height\":800,\"caption\":\"All Day Led\"},\"image\":{\"@id\":\"https:\/\/www.alldayled.com\/de\/#\/schema\/logo\/image\/\"},\"sameAs\":[\"https:\/\/www.facebook.com\/alldayled\/\",\"https:\/\/www.instagram.com\/alldayled\/\"],\"vatID\":\"NL863960133B01\",\"taxID\":\"86416545\"}]}<\/script>\n<meta property=\"product:brand\" content=\"Strands\" \/>\n<meta property=\"product:price:amount\" content=\"359.10\" \/>\n<meta property=\"product:price:currency\" content=\"EUR\" \/>\n<meta property=\"og:availability\" content=\"instock\" \/>\n<meta property=\"product:availability\" content=\"instock\" \/>\n<meta property=\"product:retailer_item_id\" content=\"ADL809162\" \/>\n<meta property=\"product:condition\" content=\"new\" \/>\n<!-- \/ Yoast SEO Premium plugin. -->","yoast_head_json":{"title":"Siberia Outlaw UDX 12 Zoll - LED bar - All Day Led - 12&24V","description":"Siberia Outlaw UDX 12 Zoll LED bar - STRANDS - f\u00fcr 12&24 volt Betrieb - Auto, LKW und mehr - mit LED Standlicht - 8000 Lumen","robots":{"index":"index","follow":"follow","max-snippet":"max-snippet:-1","max-image-preview":"max-image-preview:large","max-video-preview":"max-video-preview:-1"},"canonical":"https:\/\/www.alldayled.com\/de\/produkt\/strands-siberia-outlaw-udx-12-inch\/","og_locale":"de_DE","og_type":"article","og_title":"Siberia Outlaw UDX 12 Zoll - LED bar - All Day Led - 12&24V","og_description":"Siberia Outlaw UDX 12 Zoll LED bar - STRANDS - f\u00fcr 12&24 volt Betrieb - Auto, LKW und mehr - mit LED Standlicht - 8000 Lumen","og_url":"https:\/\/www.alldayled.com\/de\/produkt\/strands-siberia-outlaw-udx-12-inch\/","og_site_name":"All Day Led","article_publisher":"https:\/\/www.facebook.com\/alldayled\/","article_modified_time":"2025-12-04T10:19:13+00:00","og_image":[{"url":"https:\/\/www.alldayled.com\/wp-content\/uploads\/2025\/04\/ADL809162-SM-1-300x300.png","type":"","width":"","height":""}],"twitter_misc":{"Preis":"&euro;&nbsp;359,10","Verf\u00fcgbarkeit":"Auf Lager"},"schema":{"@context":"https:\/\/schema.org","@graph":[{"@type":"WebPage","@id":"https:\/\/www.alldayled.com\/de\/produkt\/strands-siberia-outlaw-udx-12-inch\/","url":"https:\/\/www.alldayled.com\/de\/produkt\/strands-siberia-outlaw-udx-12-inch\/","name":"Siberia Outlaw UDX 12 Zoll - LED bar - All Day Led - 12&24V","isPartOf":{"@id":"https:\/\/www.alldayled.com\/de\/#website"},"primaryImageOfPage":{"@id":"https:\/\/www.alldayled.com\/de\/produkt\/strands-siberia-outlaw-udx-12-inch\/#primaryimage"},"image":{"@id":"https:\/\/www.alldayled.com\/de\/produkt\/strands-siberia-outlaw-udx-12-inch\/#primaryimage"},"thumbnailUrl":"https:\/\/www.alldayled.com\/wp-content\/uploads\/2025\/02\/ADL809162-0.png","datePublished":"2025-02-20T10:28:18+00:00","dateModified":"2025-12-04T10:19:13+00:00","description":"Siberia Outlaw UDX 12 Zoll LED bar - STRANDS - f\u00fcr 12&24 volt Betrieb - Auto, LKW und mehr - mit LED Standlicht - 8000 Lumen","breadcrumb":{"@id":"https:\/\/www.alldayled.com\/de\/produkt\/strands-siberia-outlaw-udx-12-inch\/#breadcrumb"},"inLanguage":"de","potentialAction":[{"@type":"ReadAction","target":["https:\/\/www.alldayled.com\/de\/produkt\/strands-siberia-outlaw-udx-12-inch\/"]}]},{"@type":"ImageObject","inLanguage":"de","@id":"https:\/\/www.alldayled.com\/de\/produkt\/strands-siberia-outlaw-udx-12-inch\/#primaryimage","url":"https:\/\/www.alldayled.com\/wp-content\/uploads\/2025\/02\/ADL809162-0.png","contentUrl":"https:\/\/www.alldayled.com\/wp-content\/uploads\/2025\/02\/ADL809162-0.png","width":800,"height":600,"caption":"Siberia Outlaw UDX 12 inch"},{"@type":"BreadcrumbList","@id":"https:\/\/www.alldayled.com\/de\/produkt\/strands-siberia-outlaw-udx-12-inch\/#breadcrumb","itemListElement":[{"@type":"ListItem","position":1,"name":"Home","item":"https:\/\/www.alldayled.com\/de\/"},{"@type":"ListItem","position":2,"name":"Shop","item":"https:\/\/www.alldayled.com\/de\/shop\/"},{"@type":"ListItem","position":3,"name":"Scheinwerfer","item":"https:\/\/www.alldayled.com\/de\/produkt-kategorie\/scheinwerfer\/"},{"@type":"ListItem","position":4,"name":"LED Bar","item":"https:\/\/www.alldayled.com\/de\/produkt-kategorie\/scheinwerfer\/led-bar\/"},{"@type":"ListItem","position":5,"name":"Strands Siberia Outlaw UDX &#8211; 12 Zoll"}]},{"@type":"WebSite","@id":"https:\/\/www.alldayled.com\/de\/#website","url":"https:\/\/www.alldayled.com\/de\/","name":"All Day Led","description":"Verlichting voor 12&amp;24 volt gebruik","publisher":{"@id":"https:\/\/www.alldayled.com\/de\/#organization"},"potentialAction":[{"@type":"SearchAction","target":{"@type":"EntryPoint","urlTemplate":"https:\/\/www.alldayled.com\/de\/?s={search_term_string}"},"query-input":{"@type":"PropertyValueSpecification","valueRequired":true,"valueName":"search_term_string"}}],"inLanguage":"de"},{"@type":"Organization","@id":"https:\/\/www.alldayled.com\/de\/#organization","name":"All Day Led","url":"https:\/\/www.alldayled.com\/de\/","logo":{"@type":"ImageObject","inLanguage":"de","@id":"https:\/\/www.alldayled.com\/de\/#\/schema\/logo\/image\/","url":"https:\/\/www.alldayled.com\/wp-content\/uploads\/2025\/10\/Logo-ALL-DAY-LED-800x800-zwart-witte-letters.png","contentUrl":"https:\/\/www.alldayled.com\/wp-content\/uploads\/2025\/10\/Logo-ALL-DAY-LED-800x800-zwart-witte-letters.png","width":800,"height":800,"caption":"All Day Led"},"image":{"@id":"https:\/\/www.alldayled.com\/de\/#\/schema\/logo\/image\/"},"sameAs":["https:\/\/www.facebook.com\/alldayled\/","https:\/\/www.instagram.com\/alldayled\/"],"vatID":"NL863960133B01","taxID":"86416545"}]},"product_brand":"Strands","product_price_amount":"359.10","product_price_currency":"EUR","og_availability":"instock","product_availability":"instock","product_retailer_item_id":"ADL809162","product_condition":"new"},"_links":{"self":[{"href":"https:\/\/www.alldayled.com\/de\/wp-json\/wp\/v2\/product\/68089","targetHints":{"allow":["GET"]}}],"collection":[{"href":"https:\/\/www.alldayled.com\/de\/wp-json\/wp\/v2\/product"}],"about":[{"href":"https:\/\/www.alldayled.com\/de\/wp-json\/wp\/v2\/types\/product"}],"replies":[{"embeddable":true,"href":"https:\/\/www.alldayled.com\/de\/wp-json\/wp\/v2\/comments?post=68089"}],"wp:featuredmedia":[{"embeddable":true,"href":"https:\/\/www.alldayled.com\/de\/wp-json\/wp\/v2\/media\/82917"}],"wp:attachment":[{"href":"https:\/\/www.alldayled.com\/de\/wp-json\/wp\/v2\/media?parent=68089"}],"wp:term":[{"taxonomy":"product_brand","embeddable":true,"href":"https:\/\/www.alldayled.com\/de\/wp-json\/wp\/v2\/product_brand?post=68089"},{"taxonomy":"product_cat","embeddable":true,"href":"https:\/\/www.alldayled.com\/de\/wp-json\/wp\/v2\/product_cat?post=68089"},{"taxonomy":"product_tag","embeddable":true,"href":"https:\/\/www.alldayled.com\/de\/wp-json\/wp\/v2\/product_tag?post=68089"}],"curies":[{"name":"wp","href":"https:\/\/api.w.org\/{rel}","templated":true}]}}