{"id":68097,"date":"2022-02-25T15:11:51","date_gmt":"2022-02-25T14:11:51","guid":{"rendered":"https:\/\/www.alldayled.com\/product\/strands-dark-knight-identity-20-inch\/"},"modified":"2025-12-04T09:22:11","modified_gmt":"2025-12-04T08:22:11","slug":"strands-dark-knight-identity-20-inch","status":"publish","type":"product","link":"https:\/\/www.alldayled.com\/de\/produkt\/strands-dark-knight-identity-20-inch\/","title":{"rendered":"Strands Dark Knight Identity &#8211; 20 Zoll"},"content":{"rendered":"<p><span style=\"color: #000000;\"><strong>Strands Dark Knight Identity LED bar &#8211; 20 Zoll.<\/strong><\/span><\/p>\n<p><span style=\"color: #000000;\">Bist du auf der Suche nach einem flachen LED bar mit dunklem Glas und einer farbwechselnden Positionsleuchte (orange-wei\u00df)? Dann ist die Strands Dark Knight Identity 20 Zoll vielleicht genau die Lampe, die du suchst. Dieser LED bar verf\u00fcgt \u00fcber 12 helle LEDs und liefert beeindruckende 13.000 Lumen. So bist du sicher, dass du sowohl tags\u00fcber als auch abends gut sichtbar bist. Die Lampe funktioniert mit 12 und 24 Volt, sodass du sie an deinem Auto, LKW, Traktor, Wohnmobil oder einem anderen Fahrzeug montieren kannst.    <\/span><\/p>\n<p><span style=\"color: #000000;\">Um sicherzustellen, dass dieser LED bar f\u00fcr dein Fahrzeug geeignet ist, haben wir unten einige Spezifikationen aufgelistet. Die Lampe ist mit dem ECE R10 Pr\u00fcfzeichen versehen. Das bedeutet, dass er w\u00e4hrend des Betriebs keine St\u00f6rungen, zum Beispiel an deinem Radio, verursacht. Der LED bar verf\u00fcgt auch \u00fcber das IP68- und IP69K-Pr\u00fcfzeichen, wodurch er vollst\u00e4ndig staub- und wasserdicht ist. Die Lampe wird mit Befestigungsmaterial aus Edelstahl und einem DT-4 Anschlusskabel geliefert.    <\/span><\/p>\n<h5><span style=\"color: #000000;\"><strong>Abmessungen:<\/strong><\/span><\/h5>\n<p><span style=\"color: #000000;\">Um sicherzustellen, dass du den LED bar dort montieren kannst, wo du m\u00f6chtest, haben wir unten die Abmessungen notiert. Die Abmessungen der Dark Knight Identity LED Lampe der Marke Strands sind wie folgt: <\/span><\/p>\n<ul>\n<li><span style=\"color: #000000;\">H\u00f6he: 58 mm (75 mm inkl. Halterung)<\/span><\/li>\n<li><span style=\"color: #000000;\">Breite: 520 mm<\/span><\/li>\n<li><span style=\"color: #000000;\">Dicke: 58 mm<\/span><\/li>\n<\/ul>\n<h5><span style=\"color: #000000;\"><strong>Andere Versionen: <\/strong><\/span><\/h5>\n<p><span style=\"color: #000000;\">M\u00f6chtest du eine LED Lampe aus der Dark Knight Serie kaufen? Aber ist die Strands Dark Knight Identity nicht die Lampe, nach der du suchst? Wisse, dass Strands auch noch verschiedene andere Modelle mit dunklem Glas hat, wie zum Beispiel:    <\/span><\/p>\n<ul>\n<li><span style=\"color: #000000;\"><a style=\"color: #000000;\" href=\"https:\/\/www.alldayled.com\/de\/produkt\/strands-dark-knight-intense-9-inch\/\"><strong>Strands Dark Knight Intense &#8211; Scheinwerfer<\/strong><\/a><\/span><\/li>\n<li><span style=\"color: #000000;\"><a style=\"color: #000000;\" href=\"https:\/\/www.alldayled.com\/de\/produkt\/strands-dark-knight-insane-verstraler\/\"><strong>Strands Dark Knight Insane &#8211; Scheinwerfer  <\/strong><\/a><\/span><\/li>\n<\/ul>\n<p><span style=\"color: #000000;\">Bist du dennoch der Meinung, dass der Strands Dark Knight Identity LED bar nicht das ist, wonach du suchst? Einfach weil die Lichtleistung, Wattzahl oder Form nicht deinen W\u00fcnschen entspricht? Dann sieh dir hier das komplette Angebot von <a style=\"color: #000000;\" href=\"https:\/\/www.alldayled.com\/de\/marke\/product-strands-lighting-division\/\" target=\"_blank\" rel=\"noopener\">Strands<\/a> an.  <\/span><\/p>\n","protected":false},"excerpt":{"rendered":"<p>Strands 20 Zoll LED bar aus der Dark Knight Serie mit orange und wei\u00df Standlicht &#8211; 13.000 Lumen!<\/p>\n","protected":false},"featured_media":21060,"comment_status":"open","ping_status":"closed","template":"","meta":{"_acf_changed":false},"product_brand":[5114],"product_cat":[5386,5363],"product_tag":[9350,9161,9162,9163,9164,9075,9079,9077,9078,9076,9057,9074,9351,9066,9064,9065,9165,9080],"class_list":{"0":"post-68097","1":"product","2":"type-product","3":"status-publish","4":"has-post-thumbnail","6":"product_brand-product-strands-lighting-division","7":"product_cat-led-bar","8":"product_cat-strands-dark-knight","9":"product_tag-dark-knight-beleuchtung","10":"product_tag-led-bar","11":"product_tag-led-bar-auto","12":"product_tag-led-bar-lkw","13":"product_tag-led-scheinwerfer","14":"product_tag-led-scheinwerfer-auto","15":"product_tag-led-scheinwerfer-lkw","16":"product_tag-led-scheinwerfer-tonabnehmer","17":"product_tag-led-scheinwerfer-traktor","18":"product_tag-led-scheinwerfer-wohnmobil","19":"product_tag-led-arbeitsleuchte","20":"product_tag-scheinwerfer-mit-stadtlicht","21":"product_tag-strands-dark-knight","22":"product_tag-strands-led-arbeitsleuchte","23":"product_tag-strands-led-beleuchtung","24":"product_tag-strands-lighting-division","25":"product_tag-strands-siberia-led-bar","26":"product_tag-strands-siberia-scheinwerfer","28":"first","29":"instock","30":"taxable","31":"shipping-taxable","32":"purchasable","33":"product-type-simple"},"acf":[],"yoast_head":"<!-- This site is optimized with the Yoast SEO Premium plugin v26.5 (Yoast SEO v27.1.1) - https:\/\/yoast.com\/product\/yoast-seo-premium-wordpress\/ -->\n<title>Strands Dark Knight Identity 20 Zoll LED bar - All Day Led - 12&amp;24V<\/title>\n<meta name=\"description\" content=\"Strands Dark Knight Identity 20 Zoll - 1 LUX auf 458 Metern!! - ECE R7 &amp; ECE R112 Pr\u00fcfzeichen - 12.000 Lumen - DT4 Stecker - IP68 &amp; IP69K\" \/>\n<meta name=\"robots\" content=\"index, follow, max-snippet:-1, max-image-preview:large, max-video-preview:-1\" \/>\n<link rel=\"canonical\" href=\"https:\/\/www.alldayled.com\/de\/produkt\/strands-dark-knight-identity-20-inch\/\" \/>\n<meta property=\"og:locale\" content=\"de_DE\" \/>\n<meta property=\"og:type\" content=\"article\" \/>\n<meta property=\"og:title\" content=\"Strands Dark Knight Identity 20 Zoll LED bar - All Day Led - 12&amp;24V\" \/>\n<meta property=\"og:description\" content=\"Strands Dark Knight Identity 20 Zoll - 1 LUX auf 458 Metern!! - ECE R7 &amp; ECE R112 Pr\u00fcfzeichen - 12.000 Lumen - DT4 Stecker - IP68 &amp; IP69K\" \/>\n<meta property=\"og:url\" content=\"https:\/\/www.alldayled.com\/de\/produkt\/strands-dark-knight-identity-20-inch\/\" \/>\n<meta property=\"og:site_name\" content=\"All Day Led\" \/>\n<meta property=\"article:publisher\" content=\"https:\/\/www.facebook.com\/alldayled\/\" \/>\n<meta property=\"article:modified_time\" content=\"2025-12-04T08:22:11+00:00\" \/>\n<meta property=\"og:image\" content=\"https:\/\/www.alldayled.com\/wp-content\/uploads\/2024\/03\/ADL809169-300x300.png\" \/>\n<meta name=\"twitter:label1\" content=\"Preis\" \/>\n\t<meta name=\"twitter:data1\" content=\"&euro;&nbsp;249,00\" \/>\n\t<meta name=\"twitter:label2\" content=\"Verf\u00fcgbarkeit\" \/>\n\t<meta name=\"twitter:data2\" content=\"Auf Lager\" \/>\n<script type=\"application\/ld+json\" class=\"yoast-schema-graph\">{\"@context\":\"https:\/\/schema.org\",\"@graph\":[{\"@type\":\"WebPage\",\"@id\":\"https:\/\/www.alldayled.com\/de\/produkt\/strands-dark-knight-identity-20-inch\/\",\"url\":\"https:\/\/www.alldayled.com\/de\/produkt\/strands-dark-knight-identity-20-inch\/\",\"name\":\"Strands Dark Knight Identity 20 Zoll LED bar - All Day Led - 12&24V\",\"isPartOf\":{\"@id\":\"https:\/\/www.alldayled.com\/de\/#website\"},\"primaryImageOfPage\":{\"@id\":\"https:\/\/www.alldayled.com\/de\/produkt\/strands-dark-knight-identity-20-inch\/#primaryimage\"},\"image\":{\"@id\":\"https:\/\/www.alldayled.com\/de\/produkt\/strands-dark-knight-identity-20-inch\/#primaryimage\"},\"thumbnailUrl\":\"https:\/\/www.alldayled.com\/wp-content\/uploads\/2022\/02\/ADL89165..png\",\"datePublished\":\"2022-02-25T14:11:51+00:00\",\"dateModified\":\"2025-12-04T08:22:11+00:00\",\"description\":\"Strands Dark Knight Identity 20 Zoll - 1 LUX auf 458 Metern!! - ECE R7 & ECE R112 Pr\u00fcfzeichen - 12.000 Lumen - DT4 Stecker - IP68 & IP69K\",\"breadcrumb\":{\"@id\":\"https:\/\/www.alldayled.com\/de\/produkt\/strands-dark-knight-identity-20-inch\/#breadcrumb\"},\"inLanguage\":\"de\",\"potentialAction\":[{\"@type\":\"ReadAction\",\"target\":[\"https:\/\/www.alldayled.com\/de\/produkt\/strands-dark-knight-identity-20-inch\/\"]}]},{\"@type\":\"ImageObject\",\"inLanguage\":\"de\",\"@id\":\"https:\/\/www.alldayled.com\/de\/produkt\/strands-dark-knight-identity-20-inch\/#primaryimage\",\"url\":\"https:\/\/www.alldayled.com\/wp-content\/uploads\/2022\/02\/ADL89165..png\",\"contentUrl\":\"https:\/\/www.alldayled.com\/wp-content\/uploads\/2022\/02\/ADL89165..png\",\"width\":800,\"height\":600,\"caption\":\"Strands Dark Knight Identity 20 Zoll LED bar - mit orangefarbenem und wei\u00dfem LED-Standlicht - f\u00fcr 12 &amp; 24 Volt Betrieb - EAN: 7350133816300\"},{\"@type\":\"BreadcrumbList\",\"@id\":\"https:\/\/www.alldayled.com\/de\/produkt\/strands-dark-knight-identity-20-inch\/#breadcrumb\",\"itemListElement\":[{\"@type\":\"ListItem\",\"position\":1,\"name\":\"Home\",\"item\":\"https:\/\/www.alldayled.com\/de\/\"},{\"@type\":\"ListItem\",\"position\":2,\"name\":\"Shop\",\"item\":\"https:\/\/www.alldayled.com\/de\/shop\/\"},{\"@type\":\"ListItem\",\"position\":3,\"name\":\"Scheinwerfer\",\"item\":\"https:\/\/www.alldayled.com\/de\/produkt-kategorie\/scheinwerfer\/\"},{\"@type\":\"ListItem\",\"position\":4,\"name\":\"LED Bar\",\"item\":\"https:\/\/www.alldayled.com\/de\/produkt-kategorie\/scheinwerfer\/led-bar\/\"},{\"@type\":\"ListItem\",\"position\":5,\"name\":\"Strands Dark Knight Identity &#8211; 20 Zoll\"}]},{\"@type\":\"WebSite\",\"@id\":\"https:\/\/www.alldayled.com\/de\/#website\",\"url\":\"https:\/\/www.alldayled.com\/de\/\",\"name\":\"All Day Led\",\"description\":\"Verlichting voor 12&amp;24 volt gebruik\",\"publisher\":{\"@id\":\"https:\/\/www.alldayled.com\/de\/#organization\"},\"potentialAction\":[{\"@type\":\"SearchAction\",\"target\":{\"@type\":\"EntryPoint\",\"urlTemplate\":\"https:\/\/www.alldayled.com\/de\/?s={search_term_string}\"},\"query-input\":{\"@type\":\"PropertyValueSpecification\",\"valueRequired\":true,\"valueName\":\"search_term_string\"}}],\"inLanguage\":\"de\"},{\"@type\":\"Organization\",\"@id\":\"https:\/\/www.alldayled.com\/de\/#organization\",\"name\":\"All Day Led\",\"url\":\"https:\/\/www.alldayled.com\/de\/\",\"logo\":{\"@type\":\"ImageObject\",\"inLanguage\":\"de\",\"@id\":\"https:\/\/www.alldayled.com\/de\/#\/schema\/logo\/image\/\",\"url\":\"https:\/\/www.alldayled.com\/wp-content\/uploads\/2025\/10\/Logo-ALL-DAY-LED-800x800-zwart-witte-letters.png\",\"contentUrl\":\"https:\/\/www.alldayled.com\/wp-content\/uploads\/2025\/10\/Logo-ALL-DAY-LED-800x800-zwart-witte-letters.png\",\"width\":800,\"height\":800,\"caption\":\"All Day Led\"},\"image\":{\"@id\":\"https:\/\/www.alldayled.com\/de\/#\/schema\/logo\/image\/\"},\"sameAs\":[\"https:\/\/www.facebook.com\/alldayled\/\",\"https:\/\/www.instagram.com\/alldayled\/\"],\"vatID\":\"NL863960133B01\",\"taxID\":\"86416545\"}]}<\/script>\n<meta property=\"product:brand\" content=\"Strands\" \/>\n<meta property=\"product:price:amount\" content=\"249.00\" \/>\n<meta property=\"product:price:currency\" content=\"EUR\" \/>\n<meta property=\"og:availability\" content=\"instock\" \/>\n<meta property=\"product:availability\" content=\"instock\" \/>\n<meta property=\"product:retailer_item_id\" content=\"ADL809169\" \/>\n<meta property=\"product:condition\" content=\"new\" \/>\n<!-- \/ Yoast SEO Premium plugin. -->","yoast_head_json":{"title":"Strands Dark Knight Identity 20 Zoll LED bar - All Day Led - 12&24V","description":"Strands Dark Knight Identity 20 Zoll - 1 LUX auf 458 Metern!! - ECE R7 & ECE R112 Pr\u00fcfzeichen - 12.000 Lumen - DT4 Stecker - IP68 & IP69K","robots":{"index":"index","follow":"follow","max-snippet":"max-snippet:-1","max-image-preview":"max-image-preview:large","max-video-preview":"max-video-preview:-1"},"canonical":"https:\/\/www.alldayled.com\/de\/produkt\/strands-dark-knight-identity-20-inch\/","og_locale":"de_DE","og_type":"article","og_title":"Strands Dark Knight Identity 20 Zoll LED bar - All Day Led - 12&24V","og_description":"Strands Dark Knight Identity 20 Zoll - 1 LUX auf 458 Metern!! - ECE R7 & ECE R112 Pr\u00fcfzeichen - 12.000 Lumen - DT4 Stecker - IP68 & IP69K","og_url":"https:\/\/www.alldayled.com\/de\/produkt\/strands-dark-knight-identity-20-inch\/","og_site_name":"All Day Led","article_publisher":"https:\/\/www.facebook.com\/alldayled\/","article_modified_time":"2025-12-04T08:22:11+00:00","og_image":[{"url":"https:\/\/www.alldayled.com\/wp-content\/uploads\/2024\/03\/ADL809169-300x300.png","type":"","width":"","height":""}],"twitter_misc":{"Preis":"&euro;&nbsp;249,00","Verf\u00fcgbarkeit":"Auf Lager"},"schema":{"@context":"https:\/\/schema.org","@graph":[{"@type":"WebPage","@id":"https:\/\/www.alldayled.com\/de\/produkt\/strands-dark-knight-identity-20-inch\/","url":"https:\/\/www.alldayled.com\/de\/produkt\/strands-dark-knight-identity-20-inch\/","name":"Strands Dark Knight Identity 20 Zoll LED bar - All Day Led - 12&24V","isPartOf":{"@id":"https:\/\/www.alldayled.com\/de\/#website"},"primaryImageOfPage":{"@id":"https:\/\/www.alldayled.com\/de\/produkt\/strands-dark-knight-identity-20-inch\/#primaryimage"},"image":{"@id":"https:\/\/www.alldayled.com\/de\/produkt\/strands-dark-knight-identity-20-inch\/#primaryimage"},"thumbnailUrl":"https:\/\/www.alldayled.com\/wp-content\/uploads\/2022\/02\/ADL89165..png","datePublished":"2022-02-25T14:11:51+00:00","dateModified":"2025-12-04T08:22:11+00:00","description":"Strands Dark Knight Identity 20 Zoll - 1 LUX auf 458 Metern!! - ECE R7 & ECE R112 Pr\u00fcfzeichen - 12.000 Lumen - DT4 Stecker - IP68 & IP69K","breadcrumb":{"@id":"https:\/\/www.alldayled.com\/de\/produkt\/strands-dark-knight-identity-20-inch\/#breadcrumb"},"inLanguage":"de","potentialAction":[{"@type":"ReadAction","target":["https:\/\/www.alldayled.com\/de\/produkt\/strands-dark-knight-identity-20-inch\/"]}]},{"@type":"ImageObject","inLanguage":"de","@id":"https:\/\/www.alldayled.com\/de\/produkt\/strands-dark-knight-identity-20-inch\/#primaryimage","url":"https:\/\/www.alldayled.com\/wp-content\/uploads\/2022\/02\/ADL89165..png","contentUrl":"https:\/\/www.alldayled.com\/wp-content\/uploads\/2022\/02\/ADL89165..png","width":800,"height":600,"caption":"Strands Dark Knight Identity 20 Zoll LED bar - mit orangefarbenem und wei\u00dfem LED-Standlicht - f\u00fcr 12 &amp; 24 Volt Betrieb - EAN: 7350133816300"},{"@type":"BreadcrumbList","@id":"https:\/\/www.alldayled.com\/de\/produkt\/strands-dark-knight-identity-20-inch\/#breadcrumb","itemListElement":[{"@type":"ListItem","position":1,"name":"Home","item":"https:\/\/www.alldayled.com\/de\/"},{"@type":"ListItem","position":2,"name":"Shop","item":"https:\/\/www.alldayled.com\/de\/shop\/"},{"@type":"ListItem","position":3,"name":"Scheinwerfer","item":"https:\/\/www.alldayled.com\/de\/produkt-kategorie\/scheinwerfer\/"},{"@type":"ListItem","position":4,"name":"LED Bar","item":"https:\/\/www.alldayled.com\/de\/produkt-kategorie\/scheinwerfer\/led-bar\/"},{"@type":"ListItem","position":5,"name":"Strands Dark Knight Identity &#8211; 20 Zoll"}]},{"@type":"WebSite","@id":"https:\/\/www.alldayled.com\/de\/#website","url":"https:\/\/www.alldayled.com\/de\/","name":"All Day Led","description":"Verlichting voor 12&amp;24 volt gebruik","publisher":{"@id":"https:\/\/www.alldayled.com\/de\/#organization"},"potentialAction":[{"@type":"SearchAction","target":{"@type":"EntryPoint","urlTemplate":"https:\/\/www.alldayled.com\/de\/?s={search_term_string}"},"query-input":{"@type":"PropertyValueSpecification","valueRequired":true,"valueName":"search_term_string"}}],"inLanguage":"de"},{"@type":"Organization","@id":"https:\/\/www.alldayled.com\/de\/#organization","name":"All Day Led","url":"https:\/\/www.alldayled.com\/de\/","logo":{"@type":"ImageObject","inLanguage":"de","@id":"https:\/\/www.alldayled.com\/de\/#\/schema\/logo\/image\/","url":"https:\/\/www.alldayled.com\/wp-content\/uploads\/2025\/10\/Logo-ALL-DAY-LED-800x800-zwart-witte-letters.png","contentUrl":"https:\/\/www.alldayled.com\/wp-content\/uploads\/2025\/10\/Logo-ALL-DAY-LED-800x800-zwart-witte-letters.png","width":800,"height":800,"caption":"All Day Led"},"image":{"@id":"https:\/\/www.alldayled.com\/de\/#\/schema\/logo\/image\/"},"sameAs":["https:\/\/www.facebook.com\/alldayled\/","https:\/\/www.instagram.com\/alldayled\/"],"vatID":"NL863960133B01","taxID":"86416545"}]},"product_brand":"Strands","product_price_amount":"249.00","product_price_currency":"EUR","og_availability":"instock","product_availability":"instock","product_retailer_item_id":"ADL809169","product_condition":"new"},"_links":{"self":[{"href":"https:\/\/www.alldayled.com\/de\/wp-json\/wp\/v2\/product\/68097","targetHints":{"allow":["GET"]}}],"collection":[{"href":"https:\/\/www.alldayled.com\/de\/wp-json\/wp\/v2\/product"}],"about":[{"href":"https:\/\/www.alldayled.com\/de\/wp-json\/wp\/v2\/types\/product"}],"replies":[{"embeddable":true,"href":"https:\/\/www.alldayled.com\/de\/wp-json\/wp\/v2\/comments?post=68097"}],"wp:featuredmedia":[{"embeddable":true,"href":"https:\/\/www.alldayled.com\/de\/wp-json\/wp\/v2\/media\/21060"}],"wp:attachment":[{"href":"https:\/\/www.alldayled.com\/de\/wp-json\/wp\/v2\/media?parent=68097"}],"wp:term":[{"taxonomy":"product_brand","embeddable":true,"href":"https:\/\/www.alldayled.com\/de\/wp-json\/wp\/v2\/product_brand?post=68097"},{"taxonomy":"product_cat","embeddable":true,"href":"https:\/\/www.alldayled.com\/de\/wp-json\/wp\/v2\/product_cat?post=68097"},{"taxonomy":"product_tag","embeddable":true,"href":"https:\/\/www.alldayled.com\/de\/wp-json\/wp\/v2\/product_tag?post=68097"}],"curies":[{"name":"wp","href":"https:\/\/api.w.org\/{rel}","templated":true}]}}