{"id":68101,"date":"2024-01-27T11:55:53","date_gmt":"2024-01-27T10:55:53","guid":{"rendered":"https:\/\/www.alldayled.com\/product\/strands-nuuk-e-line-led-bar-duo\/"},"modified":"2026-04-30T13:41:27","modified_gmt":"2026-04-30T11:41:27","slug":"strands-nuuk-e-line-led-bar-duo","status":"publish","type":"product","link":"https:\/\/www.alldayled.com\/de\/produkt\/strands-nuuk-e-line-led-bar-duo\/","title":{"rendered":"Strands Nuuk E-line LED bar DUO"},"content":{"rendered":"<p><span style=\"color: #000000;\"><strong>Strands Nuuk E-LINE LED bar DUO mit Kennzeichenhalter. <\/strong><\/span><\/p>\n<p><span style=\"color: #000000;\">Sind Sie auf der Suche nach einem Kennzeichenhalter mit eingebauter LED bar? Dann ist die Nuuk E-Line LED bar DUO vielleicht genau das, was Sie suchen! Die LED bar ist nur 3 cm hoch und mit 16 hellen LEDs ausgestattet. Damit hat die Lampe eine theoretische Lichtleistung von 8800 Lumen. Die kompakte LED bar arbeitet mit 12 und 24 Volt. Das bedeutet, dass Sie die Lampe auch als Fernlicht an Ihrem Auto oder einem anderen Fahrzeug montieren k\u00f6nnen.     <\/span><\/p>\n<p><span style=\"color: #000000;\">Um sicherzustellen, dass die Strands Nuuk E-Line LED bar DUO f\u00fcr Ihr Fahrzeug geeignet ist, haben wir nachfolgend einige Spezifikationen f\u00fcr Sie aufgelistet. Die LED bar mit Kennzeichenhalter ist mit dem ECE R10-Pr\u00fcfzeichen versehen. Dies bedeutet, dass die Lampe w\u00e4hrend des Gebrauchs keine St\u00f6rungen verursacht, beispielsweise an Ihrem Radio. Auch hat die Strands LED Lampe das ECE R149 Ref. 40 Pr\u00fcfzeichen. So k\u00f6nnen Sie sicher sein, dass Sie die LED bar einfach auf \u00f6ffentlichen Stra\u00dfen verwenden d\u00fcrfen.     <\/span><\/p>\n<h5><span style=\"color: #000000;\"><strong>Abmessungen:<\/strong><\/span><\/h5>\n<p><span style=\"color: #000000;\">Da Sie vor dem Kauf wissen m\u00f6chten, ob Ihr Kennzeichen in den integrierten Nummernschildhalter passt, haben wir nachfolgend die Abmessungen der LED bar notiert. Die Abmessungen der Kennzeichen LED bar DUO sind wie folgt: <\/span><\/p>\n<ul>\n<li><span style=\"color: #000000;\">Breite Nummernschild: 522 mm<\/span><\/li>\n<li><span style=\"color: #000000;\">Breite gesamt: 535 mm<\/span><\/li>\n<li><span style=\"color: #000000;\">Breite LED bar: 514 mm<\/span><\/li>\n<li><span style=\"color: #000000;\">H\u00f6he Nummernschild: 114 mm<\/span><\/li>\n<li><span style=\"color: #000000;\">H\u00f6he gesamt: 154.4 mm<\/span><\/li>\n<li><span style=\"color: #000000;\">H\u00f6he LED bar: 30mm<\/span><\/li>\n<li><span style=\"color: #000000;\">Dicke: 36 mm<\/span><\/li>\n<\/ul>\n<p><span style=\"color: #000000;\"><em>Achtung: Der Kennzeichenhalter hat eine abgerundete Oberseite und folgt der Rundung des Sto\u00dff\u00e4ngers. \u00dcberpr\u00fcfe die Abmessungen sorgf\u00e4ltig, bevor du bestellst. So stellst du sicher, dass dein Kennzeichen passt und es keine \u00dcberraschungen gibt.  <\/em><\/span><\/p>\n<h5><span style=\"color: #000000;\"><strong>Andere Versionen:<\/strong><\/span><\/h5>\n<p><span style=\"color: #000000;\">M\u00f6chten Sie einen Kennzeichenhalter mit eingebauter LED bar kaufen? Aber ist die Nuuk E-Line LED bar DUO nicht das Modell, das Sie montieren m\u00f6chten? Wissen Sie dann, dass der Kennzeichenhalter auch in den untenstehenden Ausf\u00fchrungen erh\u00e4ltlich ist:  <\/span><\/p>\n<ul>\n<li><span style=\"color: #000000;\"><a style=\"color: #000000;\" href=\"https:\/\/www.alldayled.com\/de\/produkt\/strands-nuuk-e-line-led-bar-single\/\" target=\"_blank\" rel=\"noopener\"><strong>Strands Kennzeichen Licht mit 1 Lampe<\/strong><\/a><\/span><\/li>\n<\/ul>\n<p><span style=\"color: #000000;\">Sind Sie dennoch der Meinung, dass die LED DUO bar nicht das Produkt ist, nach dem Sie suchen? Einfach weil die Lichtleistung, Wattzahl oder Form nicht Ihren W\u00fcnschen entspricht? Dann sehen Sie sich hier das komplette Angebot von <a style=\"color: #000000;\" href=\"https:\/\/www.alldayled.com\/de\/marke\/product-strands-lighting-division\/\" target=\"_blank\" rel=\"noopener\">Strands<\/a> an.  <\/span><\/p>\n","protected":false},"excerpt":{"rendered":"<p>Nuuk E-Line DUO: ein Kennzeichenhalter und eine brachiale LED bar in einem schlanken Design.<\/p>\n","protected":false},"featured_media":27681,"comment_status":"open","ping_status":"closed","template":"","meta":{"_acf_changed":false},"product_brand":[5114],"product_cat":[5386],"product_tag":[9161,9162,9163,9164,9075,9079,9077,9078,9076,9057,9032,9066,9064,9065],"class_list":{"0":"post-68101","1":"product","2":"type-product","3":"status-publish","4":"has-post-thumbnail","6":"product_brand-product-strands-lighting-division","7":"product_cat-led-bar","8":"product_tag-led-bar","9":"product_tag-led-bar-auto","10":"product_tag-led-bar-lkw","11":"product_tag-led-scheinwerfer","12":"product_tag-led-scheinwerfer-auto","13":"product_tag-led-scheinwerfer-lkw","14":"product_tag-led-scheinwerfer-tonabnehmer","15":"product_tag-led-scheinwerfer-traktor","16":"product_tag-led-scheinwerfer-wohnmobil","17":"product_tag-led-arbeitsleuchte","18":"product_tag-sale","19":"product_tag-strands-led-arbeitsleuchte","20":"product_tag-strands-led-beleuchtung","21":"product_tag-strands-lighting-division","23":"first","24":"instock","25":"sale","26":"taxable","27":"shipping-taxable","28":"purchasable","29":"product-type-simple"},"acf":[],"yoast_head":"<!-- This site is optimized with the Yoast SEO Premium plugin v26.5 (Yoast SEO v27.1.1) - https:\/\/yoast.com\/product\/yoast-seo-premium-wordpress\/ -->\n<title>Strands Nuuk E-Line LED bar DUO - Strands LED Lampe - All Day Led - 12&amp;24V<\/title>\n<meta name=\"description\" content=\"Strands Nuuk E-Line LED bar DUO - 12&amp;24 volt - Auto, LKW und mehr - mit ECE R149 Ref. 20 Pr\u00fcfzeichen - Lichtleistung von 8793 Lumen - 1 LUX @408m\" \/>\n<meta name=\"robots\" content=\"index, follow, max-snippet:-1, max-image-preview:large, max-video-preview:-1\" \/>\n<link rel=\"canonical\" href=\"https:\/\/www.alldayled.com\/de\/produkt\/strands-nuuk-e-line-led-bar-duo\/\" \/>\n<meta property=\"og:locale\" content=\"de_DE\" \/>\n<meta property=\"og:type\" content=\"article\" \/>\n<meta property=\"og:title\" content=\"Strands Nuuk E-Line LED bar DUO - Strands LED Lampe - All Day Led - 12&amp;24V\" \/>\n<meta property=\"og:description\" content=\"Strands Nuuk E-Line LED bar DUO - 12&amp;24 volt - Auto, LKW und mehr - mit ECE R149 Ref. 20 Pr\u00fcfzeichen - Lichtleistung von 8793 Lumen - 1 LUX @408m\" \/>\n<meta property=\"og:url\" content=\"https:\/\/www.alldayled.com\/de\/produkt\/strands-nuuk-e-line-led-bar-duo\/\" \/>\n<meta property=\"og:site_name\" content=\"All Day Led\" \/>\n<meta property=\"article:publisher\" content=\"https:\/\/www.facebook.com\/alldayled\/\" \/>\n<meta property=\"article:modified_time\" content=\"2026-04-30T11:41:27+00:00\" \/>\n<meta property=\"og:image\" content=\"https:\/\/www.alldayled.com\/wp-content\/uploads\/2024\/02\/ADL89138.-3.png\" \/>\n<meta name=\"twitter:label1\" content=\"Preis\" \/>\n\t<meta name=\"twitter:data1\" content=\"&euro;&nbsp;159,20\" \/>\n\t<meta name=\"twitter:label2\" content=\"Verf\u00fcgbarkeit\" \/>\n\t<meta name=\"twitter:data2\" content=\"Auf Lager\" \/>\n<script type=\"application\/ld+json\" class=\"yoast-schema-graph\">{\"@context\":\"https:\/\/schema.org\",\"@graph\":[{\"@type\":\"WebPage\",\"@id\":\"https:\/\/www.alldayled.com\/de\/produkt\/strands-nuuk-e-line-led-bar-duo\/\",\"url\":\"https:\/\/www.alldayled.com\/de\/produkt\/strands-nuuk-e-line-led-bar-duo\/\",\"name\":\"Strands Nuuk E-Line LED bar DUO - Strands LED Lampe - All Day Led - 12&24V\",\"isPartOf\":{\"@id\":\"https:\/\/www.alldayled.com\/de\/#website\"},\"primaryImageOfPage\":{\"@id\":\"https:\/\/www.alldayled.com\/de\/produkt\/strands-nuuk-e-line-led-bar-duo\/#primaryimage\"},\"image\":{\"@id\":\"https:\/\/www.alldayled.com\/de\/produkt\/strands-nuuk-e-line-led-bar-duo\/#primaryimage\"},\"thumbnailUrl\":\"https:\/\/www.alldayled.com\/wp-content\/uploads\/2024\/02\/ADL89138.png\",\"datePublished\":\"2024-01-27T10:55:53+00:00\",\"dateModified\":\"2026-04-30T11:41:27+00:00\",\"description\":\"Strands Nuuk E-Line LED bar DUO - 12&24 volt - Auto, LKW und mehr - mit ECE R149 Ref. 20 Pr\u00fcfzeichen - Lichtleistung von 8793 Lumen - 1 LUX @408m\",\"breadcrumb\":{\"@id\":\"https:\/\/www.alldayled.com\/de\/produkt\/strands-nuuk-e-line-led-bar-duo\/#breadcrumb\"},\"inLanguage\":\"de\",\"potentialAction\":[{\"@type\":\"ReadAction\",\"target\":[\"https:\/\/www.alldayled.com\/de\/produkt\/strands-nuuk-e-line-led-bar-duo\/\"]}]},{\"@type\":\"ImageObject\",\"inLanguage\":\"de\",\"@id\":\"https:\/\/www.alldayled.com\/de\/produkt\/strands-nuuk-e-line-led-bar-duo\/#primaryimage\",\"url\":\"https:\/\/www.alldayled.com\/wp-content\/uploads\/2024\/02\/ADL89138.png\",\"contentUrl\":\"https:\/\/www.alldayled.com\/wp-content\/uploads\/2024\/02\/ADL89138.png\",\"width\":800,\"height\":600,\"caption\":\"Strands NUUK E-LINE Nummernschildhalter mit eingebauter DUO LED bar - funktioniert mit 12 und 24 Volt - geeignet f\u00fcr Auto, Camper, LKW, Traktor und mehr - EAN: 7323030191689\"},{\"@type\":\"BreadcrumbList\",\"@id\":\"https:\/\/www.alldayled.com\/de\/produkt\/strands-nuuk-e-line-led-bar-duo\/#breadcrumb\",\"itemListElement\":[{\"@type\":\"ListItem\",\"position\":1,\"name\":\"Home\",\"item\":\"https:\/\/www.alldayled.com\/de\/\"},{\"@type\":\"ListItem\",\"position\":2,\"name\":\"Shop\",\"item\":\"https:\/\/www.alldayled.com\/de\/shop\/\"},{\"@type\":\"ListItem\",\"position\":3,\"name\":\"Scheinwerfer\",\"item\":\"https:\/\/www.alldayled.com\/de\/produkt-kategorie\/scheinwerfer\/\"},{\"@type\":\"ListItem\",\"position\":4,\"name\":\"LED Bar\",\"item\":\"https:\/\/www.alldayled.com\/de\/produkt-kategorie\/scheinwerfer\/led-bar\/\"},{\"@type\":\"ListItem\",\"position\":5,\"name\":\"Strands Nuuk E-line LED bar DUO\"}]},{\"@type\":\"WebSite\",\"@id\":\"https:\/\/www.alldayled.com\/de\/#website\",\"url\":\"https:\/\/www.alldayled.com\/de\/\",\"name\":\"All Day Led\",\"description\":\"Verlichting voor 12&amp;24 volt gebruik\",\"publisher\":{\"@id\":\"https:\/\/www.alldayled.com\/de\/#organization\"},\"potentialAction\":[{\"@type\":\"SearchAction\",\"target\":{\"@type\":\"EntryPoint\",\"urlTemplate\":\"https:\/\/www.alldayled.com\/de\/?s={search_term_string}\"},\"query-input\":{\"@type\":\"PropertyValueSpecification\",\"valueRequired\":true,\"valueName\":\"search_term_string\"}}],\"inLanguage\":\"de\"},{\"@type\":\"Organization\",\"@id\":\"https:\/\/www.alldayled.com\/de\/#organization\",\"name\":\"All Day Led\",\"url\":\"https:\/\/www.alldayled.com\/de\/\",\"logo\":{\"@type\":\"ImageObject\",\"inLanguage\":\"de\",\"@id\":\"https:\/\/www.alldayled.com\/de\/#\/schema\/logo\/image\/\",\"url\":\"https:\/\/www.alldayled.com\/wp-content\/uploads\/2025\/10\/Logo-ALL-DAY-LED-800x800-zwart-witte-letters.png\",\"contentUrl\":\"https:\/\/www.alldayled.com\/wp-content\/uploads\/2025\/10\/Logo-ALL-DAY-LED-800x800-zwart-witte-letters.png\",\"width\":800,\"height\":800,\"caption\":\"All Day Led\"},\"image\":{\"@id\":\"https:\/\/www.alldayled.com\/de\/#\/schema\/logo\/image\/\"},\"sameAs\":[\"https:\/\/www.facebook.com\/alldayled\/\",\"https:\/\/www.instagram.com\/alldayled\/\"],\"vatID\":\"NL863960133B01\",\"taxID\":\"86416545\"}]}<\/script>\n<meta property=\"product:brand\" content=\"Strands\" \/>\n<meta property=\"product:price:amount\" content=\"159.20\" \/>\n<meta property=\"product:price:currency\" content=\"EUR\" \/>\n<meta property=\"og:availability\" content=\"instock\" \/>\n<meta property=\"product:availability\" content=\"instock\" \/>\n<meta property=\"product:retailer_item_id\" content=\"ADL809138\" \/>\n<meta property=\"product:condition\" content=\"new\" \/>\n<!-- \/ Yoast SEO Premium plugin. -->","yoast_head_json":{"title":"Strands Nuuk E-Line LED bar DUO - Strands LED Lampe - All Day Led - 12&24V","description":"Strands Nuuk E-Line LED bar DUO - 12&24 volt - Auto, LKW und mehr - mit ECE R149 Ref. 20 Pr\u00fcfzeichen - Lichtleistung von 8793 Lumen - 1 LUX @408m","robots":{"index":"index","follow":"follow","max-snippet":"max-snippet:-1","max-image-preview":"max-image-preview:large","max-video-preview":"max-video-preview:-1"},"canonical":"https:\/\/www.alldayled.com\/de\/produkt\/strands-nuuk-e-line-led-bar-duo\/","og_locale":"de_DE","og_type":"article","og_title":"Strands Nuuk E-Line LED bar DUO - Strands LED Lampe - All Day Led - 12&24V","og_description":"Strands Nuuk E-Line LED bar DUO - 12&24 volt - Auto, LKW und mehr - mit ECE R149 Ref. 20 Pr\u00fcfzeichen - Lichtleistung von 8793 Lumen - 1 LUX @408m","og_url":"https:\/\/www.alldayled.com\/de\/produkt\/strands-nuuk-e-line-led-bar-duo\/","og_site_name":"All Day Led","article_publisher":"https:\/\/www.facebook.com\/alldayled\/","article_modified_time":"2026-04-30T11:41:27+00:00","og_image":[{"url":"https:\/\/www.alldayled.com\/wp-content\/uploads\/2024\/02\/ADL89138.-3.png","type":"","width":"","height":""}],"twitter_misc":{"Preis":"&euro;&nbsp;159,20","Verf\u00fcgbarkeit":"Auf Lager"},"schema":{"@context":"https:\/\/schema.org","@graph":[{"@type":"WebPage","@id":"https:\/\/www.alldayled.com\/de\/produkt\/strands-nuuk-e-line-led-bar-duo\/","url":"https:\/\/www.alldayled.com\/de\/produkt\/strands-nuuk-e-line-led-bar-duo\/","name":"Strands Nuuk E-Line LED bar DUO - Strands LED Lampe - All Day Led - 12&24V","isPartOf":{"@id":"https:\/\/www.alldayled.com\/de\/#website"},"primaryImageOfPage":{"@id":"https:\/\/www.alldayled.com\/de\/produkt\/strands-nuuk-e-line-led-bar-duo\/#primaryimage"},"image":{"@id":"https:\/\/www.alldayled.com\/de\/produkt\/strands-nuuk-e-line-led-bar-duo\/#primaryimage"},"thumbnailUrl":"https:\/\/www.alldayled.com\/wp-content\/uploads\/2024\/02\/ADL89138.png","datePublished":"2024-01-27T10:55:53+00:00","dateModified":"2026-04-30T11:41:27+00:00","description":"Strands Nuuk E-Line LED bar DUO - 12&24 volt - Auto, LKW und mehr - mit ECE R149 Ref. 20 Pr\u00fcfzeichen - Lichtleistung von 8793 Lumen - 1 LUX @408m","breadcrumb":{"@id":"https:\/\/www.alldayled.com\/de\/produkt\/strands-nuuk-e-line-led-bar-duo\/#breadcrumb"},"inLanguage":"de","potentialAction":[{"@type":"ReadAction","target":["https:\/\/www.alldayled.com\/de\/produkt\/strands-nuuk-e-line-led-bar-duo\/"]}]},{"@type":"ImageObject","inLanguage":"de","@id":"https:\/\/www.alldayled.com\/de\/produkt\/strands-nuuk-e-line-led-bar-duo\/#primaryimage","url":"https:\/\/www.alldayled.com\/wp-content\/uploads\/2024\/02\/ADL89138.png","contentUrl":"https:\/\/www.alldayled.com\/wp-content\/uploads\/2024\/02\/ADL89138.png","width":800,"height":600,"caption":"Strands NUUK E-LINE Nummernschildhalter mit eingebauter DUO LED bar - funktioniert mit 12 und 24 Volt - geeignet f\u00fcr Auto, Camper, LKW, Traktor und mehr - EAN: 7323030191689"},{"@type":"BreadcrumbList","@id":"https:\/\/www.alldayled.com\/de\/produkt\/strands-nuuk-e-line-led-bar-duo\/#breadcrumb","itemListElement":[{"@type":"ListItem","position":1,"name":"Home","item":"https:\/\/www.alldayled.com\/de\/"},{"@type":"ListItem","position":2,"name":"Shop","item":"https:\/\/www.alldayled.com\/de\/shop\/"},{"@type":"ListItem","position":3,"name":"Scheinwerfer","item":"https:\/\/www.alldayled.com\/de\/produkt-kategorie\/scheinwerfer\/"},{"@type":"ListItem","position":4,"name":"LED Bar","item":"https:\/\/www.alldayled.com\/de\/produkt-kategorie\/scheinwerfer\/led-bar\/"},{"@type":"ListItem","position":5,"name":"Strands Nuuk E-line LED bar DUO"}]},{"@type":"WebSite","@id":"https:\/\/www.alldayled.com\/de\/#website","url":"https:\/\/www.alldayled.com\/de\/","name":"All Day Led","description":"Verlichting voor 12&amp;24 volt gebruik","publisher":{"@id":"https:\/\/www.alldayled.com\/de\/#organization"},"potentialAction":[{"@type":"SearchAction","target":{"@type":"EntryPoint","urlTemplate":"https:\/\/www.alldayled.com\/de\/?s={search_term_string}"},"query-input":{"@type":"PropertyValueSpecification","valueRequired":true,"valueName":"search_term_string"}}],"inLanguage":"de"},{"@type":"Organization","@id":"https:\/\/www.alldayled.com\/de\/#organization","name":"All Day Led","url":"https:\/\/www.alldayled.com\/de\/","logo":{"@type":"ImageObject","inLanguage":"de","@id":"https:\/\/www.alldayled.com\/de\/#\/schema\/logo\/image\/","url":"https:\/\/www.alldayled.com\/wp-content\/uploads\/2025\/10\/Logo-ALL-DAY-LED-800x800-zwart-witte-letters.png","contentUrl":"https:\/\/www.alldayled.com\/wp-content\/uploads\/2025\/10\/Logo-ALL-DAY-LED-800x800-zwart-witte-letters.png","width":800,"height":800,"caption":"All Day Led"},"image":{"@id":"https:\/\/www.alldayled.com\/de\/#\/schema\/logo\/image\/"},"sameAs":["https:\/\/www.facebook.com\/alldayled\/","https:\/\/www.instagram.com\/alldayled\/"],"vatID":"NL863960133B01","taxID":"86416545"}]},"product_brand":"Strands","product_price_amount":"159.20","product_price_currency":"EUR","og_availability":"instock","product_availability":"instock","product_retailer_item_id":"ADL809138","product_condition":"new"},"_links":{"self":[{"href":"https:\/\/www.alldayled.com\/de\/wp-json\/wp\/v2\/product\/68101","targetHints":{"allow":["GET"]}}],"collection":[{"href":"https:\/\/www.alldayled.com\/de\/wp-json\/wp\/v2\/product"}],"about":[{"href":"https:\/\/www.alldayled.com\/de\/wp-json\/wp\/v2\/types\/product"}],"replies":[{"embeddable":true,"href":"https:\/\/www.alldayled.com\/de\/wp-json\/wp\/v2\/comments?post=68101"}],"wp:featuredmedia":[{"embeddable":true,"href":"https:\/\/www.alldayled.com\/de\/wp-json\/wp\/v2\/media\/27681"}],"wp:attachment":[{"href":"https:\/\/www.alldayled.com\/de\/wp-json\/wp\/v2\/media?parent=68101"}],"wp:term":[{"taxonomy":"product_brand","embeddable":true,"href":"https:\/\/www.alldayled.com\/de\/wp-json\/wp\/v2\/product_brand?post=68101"},{"taxonomy":"product_cat","embeddable":true,"href":"https:\/\/www.alldayled.com\/de\/wp-json\/wp\/v2\/product_cat?post=68101"},{"taxonomy":"product_tag","embeddable":true,"href":"https:\/\/www.alldayled.com\/de\/wp-json\/wp\/v2\/product_tag?post=68101"}],"curies":[{"name":"wp","href":"https:\/\/api.w.org\/{rel}","templated":true}]}}