{"id":68121,"date":"2023-05-08T09:15:51","date_gmt":"2023-05-08T07:15:51","guid":{"rendered":"https:\/\/www.alldayled.com\/product\/strands-siberia-drt-12-inch\/"},"modified":"2023-05-08T09:15:51","modified_gmt":"2023-05-08T07:15:51","slug":"strands-siberia-drt-12-inch","status":"publish","type":"product","link":"https:\/\/www.alldayled.com\/de\/produkt\/strands-siberia-drt-12-inch\/","title":{"rendered":"Strands Siberia DRT &#8211; 12 Zoll"},"content":{"rendered":"<p><span style=\"color: #000000;\"><strong>Strands Siberia Double Row Tail Light 12 Zoll, f\u00fcr 12 und 24 Volt. <\/strong><\/span><\/p>\n<p><span style=\"color: #000000;\">Sind Sie auf der Suche nach einem neuen R\u00fccklicht mit eingebautem LED Blitz? Dann ist das Strands Siberia DRT R\u00fccklicht 12 Zoll vielleicht genau das, was Sie suchen. Dieses R\u00fccklicht hat 5 Funktionen und ist ECE R148-gepr\u00fcft, sodass Sie es problemlos an 12- und 24-Volt-Fahrzeugen montieren k\u00f6nnen. Ideal f\u00fcr Autos, Wohnmobile, LKWs oder andere Fahrzeuge.   <\/span><\/p>\n<p><span style=\"color: #000000;\">Um sicherzustellen, dass das Strands Siberia DRT R\u00fccklicht f\u00fcr Ihr Fahrzeug geeignet ist, haben wir im Folgenden einige wichtige Eigenschaften aufgelistet. Das 5-Funktionen-LED-R\u00fccklicht ist mit dem ECE R10-Pr\u00fcfzeichen versehen, sodass es w\u00e4hrend der Aktivierung keine St\u00f6rungen beispielsweise auf Funksignalen verursacht. Dar\u00fcber hinaus ist das R\u00fccklicht IP68- und IP69K-zertifiziert, wodurch es vollst\u00e4ndig staub- und wasserdicht ist. Das R\u00fccklicht wird mit Edelstahl-Befestigungsmaterial und schwarz beschichteten Halterungen geliefert, was f\u00fcr ein robustes und formsch\u00f6n verarbeitetes Aussehen nach der Montage sorgt.   <\/span><\/p>\n<h5><span style=\"color: #000000;\"><strong>Abmessungen:<\/strong><\/span><\/h5>\n<p><span style=\"color: #000000;\">Um sicherzustellen, dass Sie das Strands Siberia Double Row Tail Light 12\u2033 montieren k\u00f6nnen, wo Sie m\u00f6chten, haben wir im Folgenden die Abmessungen f\u00fcr Sie notiert. Die Abmessungen dieses Modells sind wie folgt: <\/span><\/p>\n<ul>\n<li><span style=\"color: #000000;\">H\u00f6he: 76 mm (89 mm inkl. Befestigung)<\/span><\/li>\n<li><span style=\"color: #000000;\">Breite: 307 mm<\/span><\/li>\n<li><span style=\"color: #000000;\">Dicke: 71.6 mm<\/span><\/li>\n<\/ul>\n<p><span style=\"color: #000000;\">Das Strands Siberia Double Row Tail Light wird mit zwei Arten von Montagehalterungen geliefert. Mit den Montagehalterungen k\u00f6nnen Sie die Lampe an der R\u00fcckseite oder Seite montieren. <\/span><\/p>\n<h5><span style=\"color: #000000;\"><strong>Andere Versionen: <\/strong><\/span><\/h5>\n<p><span style=\"color: #000000;\">M\u00f6chten Sie ein R\u00fccklicht von Strands, aber die Strands Siberia DRT LED Lampe 12 Zoll ist nicht das Modell, das Sie suchen? Keine Sorge, die Siberia-Serie hat auch die Double Row und die Single Row Ausf\u00fchrungen. Sehen Sie sich hier die anderen Optionen an und finden Sie die Lampe, die perfekt zu Ihrem Fahrzeug passt.  <\/span><\/p>\n<ul>\n<li><span style=\"color: #000000;\"><a style=\"color: #000000;\" href=\"https:\/\/www.alldayled.com\/de\/produkt\/strands-siberia-achterlicht-12inch\/\" target=\"_blank\" rel=\"noopener\"><strong>Siberia Tail Light Single Row <\/strong><\/a><\/span><\/li>\n<li><span style=\"color: #000000;\"><a style=\"color: #000000;\" href=\"https:\/\/www.alldayled.com\/de\/produkt\/strands-siberia-mo-achterlicht-25w\/\" target=\"_blank\" rel=\"noopener\"><strong>Siberia MO 25watt<\/strong><\/a><\/span><\/li>\n<li><span style=\"color: #000000;\"><a style=\"color: #000000;\" href=\"https:\/\/www.alldayled.com\/de\/produkt\/strands-siberia-mo-achterlicht-30w\/\" target=\"_blank\" rel=\"noopener\"><strong>Siberia MO 30watt<\/strong><\/a><\/span><\/li>\n<\/ul>\n<p><span style=\"color: #000000;\">Sind Sie immer noch nicht \u00fcberzeugt, dass das Strands Siberia DRT R\u00fccklicht das ist, wonach Sie suchen? Einfach, weil die Lichtleistung, die Wattleistung oder die Form nicht Ihren W\u00fcnschen entspricht? Sehen Sie sich dann hier das komplette Angebot von <a style=\"color: #000000;\" href=\"https:\/\/www.alldayled.com\/de\/marke\/product-strands-lighting-division\/\" target=\"_blank\" rel=\"noopener\">Strands<\/a> an. Vielleicht finden Sie hier das Lampenmodell, das Sie suchen. Sehen Sie sich <a style=\"color: #000000;\" href=\"https:\/\/youtu.be\/LRyJFGoumkM\" target=\"_blank\" rel=\"noopener\">hier<\/a> das Einf\u00fchrungsvideo von Strands an.    <\/span><\/p>\n","protected":false},"excerpt":{"rendered":"<p>Strands Siberia DRT 12\u201d R\u00fccklicht mit LED Blitz: 5 Funktionen und ECE R148-gepr\u00fcft.<\/p>\n","protected":false},"featured_media":25218,"comment_status":"open","ping_status":"closed","template":"","meta":{"_acf_changed":false},"product_brand":[5114],"product_cat":[5190,5386,5359],"product_tag":[9571,9573,9572,9065,9165],"class_list":{"0":"post-68121","1":"product","2":"type-product","3":"status-publish","4":"has-post-thumbnail","6":"product_brand-product-strands-lighting-division","7":"product_cat-rucklichter","8":"product_cat-led-bar","9":"product_cat-strands-siberia","10":"product_tag-led-arbeitsleuchte-2","11":"product_tag-strands-led-arbeitsleuchte-2","12":"product_tag-strands-led-beleuchtung-2","13":"product_tag-strands-lighting-division","14":"product_tag-strands-siberia-led-bar","16":"first","17":"instock","18":"taxable","19":"shipping-taxable","20":"purchasable","21":"product-type-simple"},"acf":[],"yoast_head":"<!-- This site is optimized with the Yoast SEO Premium plugin v26.5 (Yoast SEO v27.1.1) - https:\/\/yoast.com\/product\/yoast-seo-premium-wordpress\/ -->\n<title>Strands Siberia DRT - 12 Zoll - All Day Led - 12&amp;24V<\/title>\n<meta name=\"description\" content=\"Strands Siberia DRT R\u00fccklicht 12 Zoll - f\u00fcr 12&amp;24 volt - Auto, LKW und mehr - R\u00fccklicht mit 5 Funktionen und LED Blitz - ECE R148-Pr\u00fcfzeichen\" \/>\n<meta name=\"robots\" content=\"index, follow, max-snippet:-1, max-image-preview:large, max-video-preview:-1\" \/>\n<link rel=\"canonical\" href=\"https:\/\/www.alldayled.com\/de\/produkt\/strands-siberia-drt-12-inch\/\" \/>\n<meta property=\"og:locale\" content=\"de_DE\" \/>\n<meta property=\"og:type\" content=\"article\" \/>\n<meta property=\"og:title\" content=\"Strands Siberia DRT - 12 Zoll - All Day Led - 12&amp;24V\" \/>\n<meta property=\"og:description\" content=\"Strands Siberia DRT R\u00fccklicht 12 Zoll - f\u00fcr 12&amp;24 volt - Auto, LKW und mehr - R\u00fccklicht mit 5 Funktionen und LED Blitz - ECE R148-Pr\u00fcfzeichen\" \/>\n<meta property=\"og:url\" content=\"https:\/\/www.alldayled.com\/de\/produkt\/strands-siberia-drt-12-inch\/\" \/>\n<meta property=\"og:site_name\" content=\"All Day Led\" \/>\n<meta property=\"article:publisher\" content=\"https:\/\/www.facebook.com\/alldayled\/\" \/>\n<meta property=\"og:image\" content=\"https:\/\/www.alldayled.com\/wp-content\/uploads\/2024\/04\/ADL809222-300x300.png\" \/>\n<meta name=\"twitter:label1\" content=\"Preis\" \/>\n\t<meta name=\"twitter:data1\" content=\"&euro;&nbsp;249,00\" \/>\n\t<meta name=\"twitter:label2\" content=\"Verf\u00fcgbarkeit\" \/>\n\t<meta name=\"twitter:data2\" content=\"Auf Lager\" \/>\n<script type=\"application\/ld+json\" class=\"yoast-schema-graph\">{\"@context\":\"https:\/\/schema.org\",\"@graph\":[{\"@type\":\"WebPage\",\"@id\":\"https:\/\/www.alldayled.com\/de\/produkt\/strands-siberia-drt-12-inch\/\",\"url\":\"https:\/\/www.alldayled.com\/de\/produkt\/strands-siberia-drt-12-inch\/\",\"name\":\"Strands Siberia DRT - 12 Zoll - All Day Led - 12&24V\",\"isPartOf\":{\"@id\":\"https:\/\/www.alldayled.com\/de\/#website\"},\"primaryImageOfPage\":{\"@id\":\"https:\/\/www.alldayled.com\/de\/produkt\/strands-siberia-drt-12-inch\/#primaryimage\"},\"image\":{\"@id\":\"https:\/\/www.alldayled.com\/de\/produkt\/strands-siberia-drt-12-inch\/#primaryimage\"},\"thumbnailUrl\":\"https:\/\/www.alldayled.com\/wp-content\/uploads\/2023\/05\/ADL89222.png\",\"datePublished\":\"2023-05-08T07:15:51+00:00\",\"description\":\"Strands Siberia DRT R\u00fccklicht 12 Zoll - f\u00fcr 12&24 volt - Auto, LKW und mehr - R\u00fccklicht mit 5 Funktionen und LED Blitz - ECE R148-Pr\u00fcfzeichen\",\"breadcrumb\":{\"@id\":\"https:\/\/www.alldayled.com\/de\/produkt\/strands-siberia-drt-12-inch\/#breadcrumb\"},\"inLanguage\":\"de\",\"potentialAction\":[{\"@type\":\"ReadAction\",\"target\":[\"https:\/\/www.alldayled.com\/de\/produkt\/strands-siberia-drt-12-inch\/\"]}]},{\"@type\":\"ImageObject\",\"inLanguage\":\"de\",\"@id\":\"https:\/\/www.alldayled.com\/de\/produkt\/strands-siberia-drt-12-inch\/#primaryimage\",\"url\":\"https:\/\/www.alldayled.com\/wp-content\/uploads\/2023\/05\/ADL89222.png\",\"contentUrl\":\"https:\/\/www.alldayled.com\/wp-content\/uploads\/2023\/05\/ADL89222.png\",\"width\":800,\"height\":600,\"caption\":\"Strands Siberia DRT 12 Zoll LED R\u00fccklicht - R\u00fccklicht mit eingebautem LED Blitz f\u00fcr 12 &amp; 24 volt Betrieb - EAN: 7350133815761\"},{\"@type\":\"BreadcrumbList\",\"@id\":\"https:\/\/www.alldayled.com\/de\/produkt\/strands-siberia-drt-12-inch\/#breadcrumb\",\"itemListElement\":[{\"@type\":\"ListItem\",\"position\":1,\"name\":\"Home\",\"item\":\"https:\/\/www.alldayled.com\/de\/\"},{\"@type\":\"ListItem\",\"position\":2,\"name\":\"Shop\",\"item\":\"https:\/\/www.alldayled.com\/de\/shop\/\"},{\"@type\":\"ListItem\",\"position\":3,\"name\":\"Scheinwerfer\",\"item\":\"https:\/\/www.alldayled.com\/de\/produkt-kategorie\/scheinwerfer\/\"},{\"@type\":\"ListItem\",\"position\":4,\"name\":\"LED Bar\",\"item\":\"https:\/\/www.alldayled.com\/de\/produkt-kategorie\/scheinwerfer\/led-bar\/\"},{\"@type\":\"ListItem\",\"position\":5,\"name\":\"Strands Siberia DRT &#8211; 12 Zoll\"}]},{\"@type\":\"WebSite\",\"@id\":\"https:\/\/www.alldayled.com\/de\/#website\",\"url\":\"https:\/\/www.alldayled.com\/de\/\",\"name\":\"All Day Led\",\"description\":\"Verlichting voor 12&amp;24 volt gebruik\",\"publisher\":{\"@id\":\"https:\/\/www.alldayled.com\/de\/#organization\"},\"potentialAction\":[{\"@type\":\"SearchAction\",\"target\":{\"@type\":\"EntryPoint\",\"urlTemplate\":\"https:\/\/www.alldayled.com\/de\/?s={search_term_string}\"},\"query-input\":{\"@type\":\"PropertyValueSpecification\",\"valueRequired\":true,\"valueName\":\"search_term_string\"}}],\"inLanguage\":\"de\"},{\"@type\":\"Organization\",\"@id\":\"https:\/\/www.alldayled.com\/de\/#organization\",\"name\":\"All Day Led\",\"url\":\"https:\/\/www.alldayled.com\/de\/\",\"logo\":{\"@type\":\"ImageObject\",\"inLanguage\":\"de\",\"@id\":\"https:\/\/www.alldayled.com\/de\/#\/schema\/logo\/image\/\",\"url\":\"https:\/\/www.alldayled.com\/wp-content\/uploads\/2025\/10\/Logo-ALL-DAY-LED-800x800-zwart-witte-letters.png\",\"contentUrl\":\"https:\/\/www.alldayled.com\/wp-content\/uploads\/2025\/10\/Logo-ALL-DAY-LED-800x800-zwart-witte-letters.png\",\"width\":800,\"height\":800,\"caption\":\"All Day Led\"},\"image\":{\"@id\":\"https:\/\/www.alldayled.com\/de\/#\/schema\/logo\/image\/\"},\"sameAs\":[\"https:\/\/www.facebook.com\/alldayled\/\",\"https:\/\/www.instagram.com\/alldayled\/\"],\"vatID\":\"NL863960133B01\",\"taxID\":\"86416545\"}]}<\/script>\n<meta property=\"product:brand\" content=\"Strands\" \/>\n<meta property=\"product:price:amount\" content=\"249.00\" \/>\n<meta property=\"product:price:currency\" content=\"EUR\" \/>\n<meta property=\"og:availability\" content=\"instock\" \/>\n<meta property=\"product:availability\" content=\"instock\" \/>\n<meta property=\"product:retailer_item_id\" content=\"ADL809222\" \/>\n<meta property=\"product:condition\" content=\"new\" \/>\n<!-- \/ Yoast SEO Premium plugin. -->","yoast_head_json":{"title":"Strands Siberia DRT - 12 Zoll - All Day Led - 12&24V","description":"Strands Siberia DRT R\u00fccklicht 12 Zoll - f\u00fcr 12&24 volt - Auto, LKW und mehr - R\u00fccklicht mit 5 Funktionen und LED Blitz - ECE R148-Pr\u00fcfzeichen","robots":{"index":"index","follow":"follow","max-snippet":"max-snippet:-1","max-image-preview":"max-image-preview:large","max-video-preview":"max-video-preview:-1"},"canonical":"https:\/\/www.alldayled.com\/de\/produkt\/strands-siberia-drt-12-inch\/","og_locale":"de_DE","og_type":"article","og_title":"Strands Siberia DRT - 12 Zoll - All Day Led - 12&24V","og_description":"Strands Siberia DRT R\u00fccklicht 12 Zoll - f\u00fcr 12&24 volt - Auto, LKW und mehr - R\u00fccklicht mit 5 Funktionen und LED Blitz - ECE R148-Pr\u00fcfzeichen","og_url":"https:\/\/www.alldayled.com\/de\/produkt\/strands-siberia-drt-12-inch\/","og_site_name":"All Day Led","article_publisher":"https:\/\/www.facebook.com\/alldayled\/","og_image":[{"url":"https:\/\/www.alldayled.com\/wp-content\/uploads\/2024\/04\/ADL809222-300x300.png","type":"","width":"","height":""}],"twitter_misc":{"Preis":"&euro;&nbsp;249,00","Verf\u00fcgbarkeit":"Auf Lager"},"schema":{"@context":"https:\/\/schema.org","@graph":[{"@type":"WebPage","@id":"https:\/\/www.alldayled.com\/de\/produkt\/strands-siberia-drt-12-inch\/","url":"https:\/\/www.alldayled.com\/de\/produkt\/strands-siberia-drt-12-inch\/","name":"Strands Siberia DRT - 12 Zoll - All Day Led - 12&24V","isPartOf":{"@id":"https:\/\/www.alldayled.com\/de\/#website"},"primaryImageOfPage":{"@id":"https:\/\/www.alldayled.com\/de\/produkt\/strands-siberia-drt-12-inch\/#primaryimage"},"image":{"@id":"https:\/\/www.alldayled.com\/de\/produkt\/strands-siberia-drt-12-inch\/#primaryimage"},"thumbnailUrl":"https:\/\/www.alldayled.com\/wp-content\/uploads\/2023\/05\/ADL89222.png","datePublished":"2023-05-08T07:15:51+00:00","description":"Strands Siberia DRT R\u00fccklicht 12 Zoll - f\u00fcr 12&24 volt - Auto, LKW und mehr - R\u00fccklicht mit 5 Funktionen und LED Blitz - ECE R148-Pr\u00fcfzeichen","breadcrumb":{"@id":"https:\/\/www.alldayled.com\/de\/produkt\/strands-siberia-drt-12-inch\/#breadcrumb"},"inLanguage":"de","potentialAction":[{"@type":"ReadAction","target":["https:\/\/www.alldayled.com\/de\/produkt\/strands-siberia-drt-12-inch\/"]}]},{"@type":"ImageObject","inLanguage":"de","@id":"https:\/\/www.alldayled.com\/de\/produkt\/strands-siberia-drt-12-inch\/#primaryimage","url":"https:\/\/www.alldayled.com\/wp-content\/uploads\/2023\/05\/ADL89222.png","contentUrl":"https:\/\/www.alldayled.com\/wp-content\/uploads\/2023\/05\/ADL89222.png","width":800,"height":600,"caption":"Strands Siberia DRT 12 Zoll LED R\u00fccklicht - R\u00fccklicht mit eingebautem LED Blitz f\u00fcr 12 &amp; 24 volt Betrieb - EAN: 7350133815761"},{"@type":"BreadcrumbList","@id":"https:\/\/www.alldayled.com\/de\/produkt\/strands-siberia-drt-12-inch\/#breadcrumb","itemListElement":[{"@type":"ListItem","position":1,"name":"Home","item":"https:\/\/www.alldayled.com\/de\/"},{"@type":"ListItem","position":2,"name":"Shop","item":"https:\/\/www.alldayled.com\/de\/shop\/"},{"@type":"ListItem","position":3,"name":"Scheinwerfer","item":"https:\/\/www.alldayled.com\/de\/produkt-kategorie\/scheinwerfer\/"},{"@type":"ListItem","position":4,"name":"LED Bar","item":"https:\/\/www.alldayled.com\/de\/produkt-kategorie\/scheinwerfer\/led-bar\/"},{"@type":"ListItem","position":5,"name":"Strands Siberia DRT &#8211; 12 Zoll"}]},{"@type":"WebSite","@id":"https:\/\/www.alldayled.com\/de\/#website","url":"https:\/\/www.alldayled.com\/de\/","name":"All Day Led","description":"Verlichting voor 12&amp;24 volt gebruik","publisher":{"@id":"https:\/\/www.alldayled.com\/de\/#organization"},"potentialAction":[{"@type":"SearchAction","target":{"@type":"EntryPoint","urlTemplate":"https:\/\/www.alldayled.com\/de\/?s={search_term_string}"},"query-input":{"@type":"PropertyValueSpecification","valueRequired":true,"valueName":"search_term_string"}}],"inLanguage":"de"},{"@type":"Organization","@id":"https:\/\/www.alldayled.com\/de\/#organization","name":"All Day Led","url":"https:\/\/www.alldayled.com\/de\/","logo":{"@type":"ImageObject","inLanguage":"de","@id":"https:\/\/www.alldayled.com\/de\/#\/schema\/logo\/image\/","url":"https:\/\/www.alldayled.com\/wp-content\/uploads\/2025\/10\/Logo-ALL-DAY-LED-800x800-zwart-witte-letters.png","contentUrl":"https:\/\/www.alldayled.com\/wp-content\/uploads\/2025\/10\/Logo-ALL-DAY-LED-800x800-zwart-witte-letters.png","width":800,"height":800,"caption":"All Day Led"},"image":{"@id":"https:\/\/www.alldayled.com\/de\/#\/schema\/logo\/image\/"},"sameAs":["https:\/\/www.facebook.com\/alldayled\/","https:\/\/www.instagram.com\/alldayled\/"],"vatID":"NL863960133B01","taxID":"86416545"}]},"product_brand":"Strands","product_price_amount":"249.00","product_price_currency":"EUR","og_availability":"instock","product_availability":"instock","product_retailer_item_id":"ADL809222","product_condition":"new"},"_links":{"self":[{"href":"https:\/\/www.alldayled.com\/de\/wp-json\/wp\/v2\/product\/68121","targetHints":{"allow":["GET"]}}],"collection":[{"href":"https:\/\/www.alldayled.com\/de\/wp-json\/wp\/v2\/product"}],"about":[{"href":"https:\/\/www.alldayled.com\/de\/wp-json\/wp\/v2\/types\/product"}],"replies":[{"embeddable":true,"href":"https:\/\/www.alldayled.com\/de\/wp-json\/wp\/v2\/comments?post=68121"}],"wp:featuredmedia":[{"embeddable":true,"href":"https:\/\/www.alldayled.com\/de\/wp-json\/wp\/v2\/media\/25218"}],"wp:attachment":[{"href":"https:\/\/www.alldayled.com\/de\/wp-json\/wp\/v2\/media?parent=68121"}],"wp:term":[{"taxonomy":"product_brand","embeddable":true,"href":"https:\/\/www.alldayled.com\/de\/wp-json\/wp\/v2\/product_brand?post=68121"},{"taxonomy":"product_cat","embeddable":true,"href":"https:\/\/www.alldayled.com\/de\/wp-json\/wp\/v2\/product_cat?post=68121"},{"taxonomy":"product_tag","embeddable":true,"href":"https:\/\/www.alldayled.com\/de\/wp-json\/wp\/v2\/product_tag?post=68121"}],"curies":[{"name":"wp","href":"https:\/\/api.w.org\/{rel}","templated":true}]}}