{"id":68122,"date":"2023-05-08T11:15:24","date_gmt":"2023-05-08T09:15:24","guid":{"rendered":"https:\/\/www.alldayled.com\/product\/strands-siberia-achterlicht-12inch\/"},"modified":"2026-03-11T17:11:42","modified_gmt":"2026-03-11T16:11:42","slug":"strands-siberia-achterlicht-12inch","status":"publish","type":"product","link":"https:\/\/www.alldayled.com\/de\/produkt\/strands-siberia-achterlicht-12inch\/","title":{"rendered":"Strands Siberia R\u00fccklicht &#8211; 12 Zoll"},"content":{"rendered":"<p><span style=\"color: #000000;\"><strong>Strands Siberia Single Row R\u00fccklicht 12 Zoll, f\u00fcr 12 und 24 Volt. <\/strong><\/span><\/p>\n<p><span style=\"color: #000000;\">Auf der Suche nach einem neuen R\u00fccklicht mit Positionslicht, Bremslicht, R\u00fcckfahrlicht und Blinker? Das Strands Siberia 12-Zoll R\u00fccklicht ist eine kompakte und leistungsstarke LED-L\u00f6sung, die genau das tut, was man erwartet. Dieses R\u00fccklicht ist ECE R148-gepr\u00fcft und f\u00fcr 12 und 24 V geeignet, wodurch es einfach auf Autos, Campern, LKWs oder anderen Fahrzeugen montiert werden kann. Es kombiniert f\u00fcnf Funktionen in einer Lampe: Positionslicht, Bremslicht, R\u00fcckfahrlicht, Blinker und Markierungslicht, sodass man immer gut sichtbar ist.   <\/span><\/p>\n<p><span style=\"color: #000000;\">Das Strands Siberia 12-Zoll R\u00fccklicht ist mit dem ECE R10-Pr\u00fcfzeichen versehen, was garantiert, dass es keine St\u00f6rungen verursacht, beispielsweise auf Radiosignalen. Dank der IP68- und IP69K-Zertifizierung ist die Lampe vollst\u00e4ndig staub- und wasserdicht und f\u00fcr alle Wetterbedingungen geeignet. Das R\u00fccklicht wird mit RVS-Befestigungsmaterial und schwarz beschichteten B\u00fcgeln geliefert, wodurch es stabil montiert werden kann und zudem elegant auf Ihrem Fahrzeug aussieht.  <\/span><\/p>\n<h5><span style=\"color: #000000;\"><strong>Abmessungen:<\/strong><\/span><\/h5>\n<p><span style=\"color: #000000;\">Um sicherzustellen, dass Sie das Siberia R\u00fccklicht genau dort montieren k\u00f6nnen, wo Sie es m\u00f6chten, haben wir die Abmessungen hier unten f\u00fcr Sie aufgelistet. Die Abmessungen des Strands Siberia Single Row R\u00fccklichts 12&#8220; sind wie folgt: <\/span><\/p>\n<ul>\n<li><span style=\"color: #000000;\">H\u00f6he: 45 mm (65 mm inkl. Befestigung)<\/span><\/li>\n<li><span style=\"color: #000000;\">Breite: 300,6 mm<\/span><\/li>\n<li><span style=\"color: #000000;\">Dicke: 55,5 mm<\/span><\/li>\n<\/ul>\n<p><span style=\"color: #000000;\">Das Strands Siberia Single Row R\u00fccklicht wird mit zwei Arten von Montageb\u00fcgeln geliefert. Mit den Montageb\u00fcgeln k\u00f6nnen Sie die Lampe an der R\u00fcckseite oder Seite montieren. <\/span><\/p>\n<h5><span style=\"color: #000000;\"><strong>Andere Versionen: <\/strong><\/span><\/h5>\n<p><span style=\"color: #000000;\">M\u00f6chten Sie ein Strands Siberia R\u00fccklicht? Aber ist die 12-Zoll-Ausf\u00fchrung nicht das Modell, das Sie suchen? Wissen Sie dann, dass das Strands Siberia R\u00fccklicht 12 Zoll auch in verschiedenen anderen Ausf\u00fchrungen erh\u00e4ltlich ist. Sehen Sie sich hier unten die verschiedenen M\u00f6glichkeiten an, die Strands anbietet.    <\/span><\/p>\n<ul>\n<li><span style=\"color: #000000;\"><a style=\"color: #000000;\" href=\"https:\/\/www.alldayled.com\/de\/produkt\/strands-siberia-drt-12-inch\/\" target=\"_blank\" rel=\"noopener\"><strong>Siberia Tail Light Double Row<\/strong><\/a><\/span><\/li>\n<li><span style=\"color: #000000;\"><a style=\"color: #000000;\" href=\"https:\/\/www.alldayled.com\/de\/produkt\/strands-siberia-mo-achterlicht-25w\/\" target=\"_blank\" rel=\"noopener\"><strong>Siberia MO 25watt<\/strong><\/a><\/span><\/li>\n<li><span style=\"color: #000000;\"><a style=\"color: #000000;\" href=\"https:\/\/www.alldayled.com\/de\/produkt\/strands-siberia-mo-achterlicht-30w\/\" target=\"_blank\" rel=\"noopener\"><strong>Siberia MO 30watt<\/strong><\/a><\/span><\/li>\n<\/ul>\n<p><span style=\"color: #000000;\">Sind Sie noch immer nicht \u00fcberzeugt, dass das Strands Siberia R\u00fccklicht 12 Zoll das ist, was Sie suchen? Vielleicht entsprechen die Lichtleistung, das Wattzahl oder die Form doch nicht ganz Ihren W\u00fcnschen. Sehen Sie sich dann hier das komplette Angebot von <a style=\"color: #000000;\" href=\"https:\/\/www.alldayled.com\/de\/marke\/product-strands-lighting-division\/\" target=\"_blank\" rel=\"noopener\">Strands<\/a> an, Sie finden bestimmt das Modell, das perfekt zu Ihrem Fahrzeug passt. Sehen Sie <a style=\"color: #000000;\" href=\"https:\/\/youtu.be\/-CrzP3HuLkg\" target=\"_blank\" rel=\"noopener\">hier<\/a> auch das Einf\u00fchrungsvideo von Strands an.   <\/span><\/p>\n","protected":false},"excerpt":{"rendered":"<p>Dieses R\u00fccklicht aus der Siberia-Linie hat 4 Funktionen und ist ECE R148-gepr\u00fcft &#8211; 12\/24V.<\/p>\n","protected":false},"featured_media":25242,"comment_status":"open","ping_status":"closed","template":"","meta":{"_acf_changed":false},"product_brand":[5114],"product_cat":[5190,5386,5359],"product_tag":[9571,9573,9572,9065,9165],"class_list":{"0":"post-68122","1":"product","2":"type-product","3":"status-publish","4":"has-post-thumbnail","6":"product_brand-product-strands-lighting-division","7":"product_cat-rucklichter","8":"product_cat-led-bar","9":"product_cat-strands-siberia","10":"product_tag-led-arbeitsleuchte-2","11":"product_tag-strands-led-arbeitsleuchte-2","12":"product_tag-strands-led-beleuchtung-2","13":"product_tag-strands-lighting-division","14":"product_tag-strands-siberia-led-bar","16":"first","17":"instock","18":"taxable","19":"shipping-taxable","20":"purchasable","21":"product-type-simple"},"acf":[],"yoast_head":"<!-- This site is optimized with the Yoast SEO Premium plugin v26.5 (Yoast SEO v27.1.1) - https:\/\/yoast.com\/product\/yoast-seo-premium-wordpress\/ -->\n<title>Strands Siberia R\u00fccklicht 12 Zoll - All Day Led - f\u00fcr 12&amp;24V<\/title>\n<meta name=\"description\" content=\"Strands Siberia R\u00fccklicht 12 Zoll- f\u00fcr 12&amp;24 volt Betrieb - Auto, LKW und mehr - mit 4 R\u00fccklichtfunktionen und ECE R148 Pr\u00fcfzeichen - 1900 Lumen\" \/>\n<meta name=\"robots\" content=\"index, follow, max-snippet:-1, max-image-preview:large, max-video-preview:-1\" \/>\n<link rel=\"canonical\" href=\"https:\/\/www.alldayled.com\/de\/produkt\/strands-siberia-achterlicht-12inch\/\" \/>\n<meta property=\"og:locale\" content=\"de_DE\" \/>\n<meta property=\"og:type\" content=\"article\" \/>\n<meta property=\"og:title\" content=\"Strands Siberia R\u00fccklicht - 12 Zoll - All Day Led - 12&amp;24V\" \/>\n<meta property=\"og:description\" content=\"Strands Siberia R\u00fccklicht 12 Zoll- f\u00fcr 12&amp;24 volt Betrieb - Auto, LKW und mehr - mit 4 R\u00fccklichtfunktionen und ECE R148 Pr\u00fcfzeichen - 1900 Lumen\" \/>\n<meta property=\"og:url\" content=\"https:\/\/www.alldayled.com\/de\/produkt\/strands-siberia-achterlicht-12inch\/\" \/>\n<meta property=\"og:site_name\" content=\"All Day Led\" \/>\n<meta property=\"article:publisher\" content=\"https:\/\/www.facebook.com\/alldayled\/\" \/>\n<meta property=\"article:modified_time\" content=\"2026-03-11T16:11:42+00:00\" \/>\n<meta property=\"og:image\" content=\"https:\/\/www.alldayled.com\/wp-content\/uploads\/2024\/03\/ADL809226-300x300.png\" \/>\n<meta name=\"twitter:label1\" content=\"Preis\" \/>\n\t<meta name=\"twitter:data1\" content=\"&euro;&nbsp;169,00\" \/>\n\t<meta name=\"twitter:label2\" content=\"Verf\u00fcgbarkeit\" \/>\n\t<meta name=\"twitter:data2\" content=\"Auf Lager\" \/>\n<script type=\"application\/ld+json\" class=\"yoast-schema-graph\">{\"@context\":\"https:\/\/schema.org\",\"@graph\":[{\"@type\":\"WebPage\",\"@id\":\"https:\/\/www.alldayled.com\/de\/produkt\/strands-siberia-achterlicht-12inch\/\",\"url\":\"https:\/\/www.alldayled.com\/de\/produkt\/strands-siberia-achterlicht-12inch\/\",\"name\":\"Strands Siberia R\u00fccklicht 12 Zoll - All Day Led - f\u00fcr 12&24V\",\"isPartOf\":{\"@id\":\"https:\/\/www.alldayled.com\/de\/#website\"},\"primaryImageOfPage\":{\"@id\":\"https:\/\/www.alldayled.com\/de\/produkt\/strands-siberia-achterlicht-12inch\/#primaryimage\"},\"image\":{\"@id\":\"https:\/\/www.alldayled.com\/de\/produkt\/strands-siberia-achterlicht-12inch\/#primaryimage\"},\"thumbnailUrl\":\"https:\/\/www.alldayled.com\/wp-content\/uploads\/2023\/05\/ADL89226..png\",\"datePublished\":\"2023-05-08T09:15:24+00:00\",\"dateModified\":\"2026-03-11T16:11:42+00:00\",\"description\":\"Strands Siberia R\u00fccklicht 12 Zoll- f\u00fcr 12&24 volt Betrieb - Auto, LKW und mehr - mit 4 R\u00fccklichtfunktionen und ECE R148 Pr\u00fcfzeichen - 1900 Lumen\",\"breadcrumb\":{\"@id\":\"https:\/\/www.alldayled.com\/de\/produkt\/strands-siberia-achterlicht-12inch\/#breadcrumb\"},\"inLanguage\":\"de\",\"potentialAction\":[{\"@type\":\"ReadAction\",\"target\":[\"https:\/\/www.alldayled.com\/de\/produkt\/strands-siberia-achterlicht-12inch\/\"]}]},{\"@type\":\"ImageObject\",\"inLanguage\":\"de\",\"@id\":\"https:\/\/www.alldayled.com\/de\/produkt\/strands-siberia-achterlicht-12inch\/#primaryimage\",\"url\":\"https:\/\/www.alldayled.com\/wp-content\/uploads\/2023\/05\/ADL89226..png\",\"contentUrl\":\"https:\/\/www.alldayled.com\/wp-content\/uploads\/2023\/05\/ADL89226..png\",\"width\":800,\"height\":600,\"caption\":\"Strands Siberia LED R\u00fccklicht mit 4 Funktionen - geeignet f\u00fcr 12 &amp; 24 Volt Betrieb - f\u00fcr Auto, LKW, Camper, Anh\u00e4nger, Bagger und mehr - EAN: 7350133811817\"},{\"@type\":\"BreadcrumbList\",\"@id\":\"https:\/\/www.alldayled.com\/de\/produkt\/strands-siberia-achterlicht-12inch\/#breadcrumb\",\"itemListElement\":[{\"@type\":\"ListItem\",\"position\":1,\"name\":\"Home\",\"item\":\"https:\/\/www.alldayled.com\/de\/\"},{\"@type\":\"ListItem\",\"position\":2,\"name\":\"Shop\",\"item\":\"https:\/\/www.alldayled.com\/de\/shop\/\"},{\"@type\":\"ListItem\",\"position\":3,\"name\":\"Scheinwerfer\",\"item\":\"https:\/\/www.alldayled.com\/de\/produkt-kategorie\/scheinwerfer\/\"},{\"@type\":\"ListItem\",\"position\":4,\"name\":\"LED Bar\",\"item\":\"https:\/\/www.alldayled.com\/de\/produkt-kategorie\/scheinwerfer\/led-bar\/\"},{\"@type\":\"ListItem\",\"position\":5,\"name\":\"Strands Siberia R\u00fccklicht &#8211; 12 Zoll\"}]},{\"@type\":\"WebSite\",\"@id\":\"https:\/\/www.alldayled.com\/de\/#website\",\"url\":\"https:\/\/www.alldayled.com\/de\/\",\"name\":\"All Day Led\",\"description\":\"Verlichting voor 12&amp;24 volt gebruik\",\"publisher\":{\"@id\":\"https:\/\/www.alldayled.com\/de\/#organization\"},\"potentialAction\":[{\"@type\":\"SearchAction\",\"target\":{\"@type\":\"EntryPoint\",\"urlTemplate\":\"https:\/\/www.alldayled.com\/de\/?s={search_term_string}\"},\"query-input\":{\"@type\":\"PropertyValueSpecification\",\"valueRequired\":true,\"valueName\":\"search_term_string\"}}],\"inLanguage\":\"de\"},{\"@type\":\"Organization\",\"@id\":\"https:\/\/www.alldayled.com\/de\/#organization\",\"name\":\"All Day Led\",\"url\":\"https:\/\/www.alldayled.com\/de\/\",\"logo\":{\"@type\":\"ImageObject\",\"inLanguage\":\"de\",\"@id\":\"https:\/\/www.alldayled.com\/de\/#\/schema\/logo\/image\/\",\"url\":\"https:\/\/www.alldayled.com\/wp-content\/uploads\/2025\/10\/Logo-ALL-DAY-LED-800x800-zwart-witte-letters.png\",\"contentUrl\":\"https:\/\/www.alldayled.com\/wp-content\/uploads\/2025\/10\/Logo-ALL-DAY-LED-800x800-zwart-witte-letters.png\",\"width\":800,\"height\":800,\"caption\":\"All Day Led\"},\"image\":{\"@id\":\"https:\/\/www.alldayled.com\/de\/#\/schema\/logo\/image\/\"},\"sameAs\":[\"https:\/\/www.facebook.com\/alldayled\/\",\"https:\/\/www.instagram.com\/alldayled\/\"],\"vatID\":\"NL863960133B01\",\"taxID\":\"86416545\"}]}<\/script>\n<meta property=\"product:brand\" content=\"Strands\" \/>\n<meta property=\"product:price:amount\" content=\"169.00\" \/>\n<meta property=\"product:price:currency\" content=\"EUR\" \/>\n<meta property=\"og:availability\" content=\"instock\" \/>\n<meta property=\"product:availability\" content=\"instock\" \/>\n<meta property=\"product:retailer_item_id\" content=\"ADL809226\" \/>\n<meta property=\"product:condition\" content=\"new\" \/>\n<!-- \/ Yoast SEO Premium plugin. -->","yoast_head_json":{"title":"Strands Siberia R\u00fccklicht 12 Zoll - All Day Led - f\u00fcr 12&24V","description":"Strands Siberia R\u00fccklicht 12 Zoll- f\u00fcr 12&24 volt Betrieb - Auto, LKW und mehr - mit 4 R\u00fccklichtfunktionen und ECE R148 Pr\u00fcfzeichen - 1900 Lumen","robots":{"index":"index","follow":"follow","max-snippet":"max-snippet:-1","max-image-preview":"max-image-preview:large","max-video-preview":"max-video-preview:-1"},"canonical":"https:\/\/www.alldayled.com\/de\/produkt\/strands-siberia-achterlicht-12inch\/","og_locale":"de_DE","og_type":"article","og_title":"Strands Siberia R\u00fccklicht - 12 Zoll - All Day Led - 12&24V","og_description":"Strands Siberia R\u00fccklicht 12 Zoll- f\u00fcr 12&24 volt Betrieb - Auto, LKW und mehr - mit 4 R\u00fccklichtfunktionen und ECE R148 Pr\u00fcfzeichen - 1900 Lumen","og_url":"https:\/\/www.alldayled.com\/de\/produkt\/strands-siberia-achterlicht-12inch\/","og_site_name":"All Day Led","article_publisher":"https:\/\/www.facebook.com\/alldayled\/","article_modified_time":"2026-03-11T16:11:42+00:00","og_image":[{"url":"https:\/\/www.alldayled.com\/wp-content\/uploads\/2024\/03\/ADL809226-300x300.png","type":"","width":"","height":""}],"twitter_misc":{"Preis":"&euro;&nbsp;169,00","Verf\u00fcgbarkeit":"Auf Lager"},"schema":{"@context":"https:\/\/schema.org","@graph":[{"@type":"WebPage","@id":"https:\/\/www.alldayled.com\/de\/produkt\/strands-siberia-achterlicht-12inch\/","url":"https:\/\/www.alldayled.com\/de\/produkt\/strands-siberia-achterlicht-12inch\/","name":"Strands Siberia R\u00fccklicht 12 Zoll - All Day Led - f\u00fcr 12&24V","isPartOf":{"@id":"https:\/\/www.alldayled.com\/de\/#website"},"primaryImageOfPage":{"@id":"https:\/\/www.alldayled.com\/de\/produkt\/strands-siberia-achterlicht-12inch\/#primaryimage"},"image":{"@id":"https:\/\/www.alldayled.com\/de\/produkt\/strands-siberia-achterlicht-12inch\/#primaryimage"},"thumbnailUrl":"https:\/\/www.alldayled.com\/wp-content\/uploads\/2023\/05\/ADL89226..png","datePublished":"2023-05-08T09:15:24+00:00","dateModified":"2026-03-11T16:11:42+00:00","description":"Strands Siberia R\u00fccklicht 12 Zoll- f\u00fcr 12&24 volt Betrieb - Auto, LKW und mehr - mit 4 R\u00fccklichtfunktionen und ECE R148 Pr\u00fcfzeichen - 1900 Lumen","breadcrumb":{"@id":"https:\/\/www.alldayled.com\/de\/produkt\/strands-siberia-achterlicht-12inch\/#breadcrumb"},"inLanguage":"de","potentialAction":[{"@type":"ReadAction","target":["https:\/\/www.alldayled.com\/de\/produkt\/strands-siberia-achterlicht-12inch\/"]}]},{"@type":"ImageObject","inLanguage":"de","@id":"https:\/\/www.alldayled.com\/de\/produkt\/strands-siberia-achterlicht-12inch\/#primaryimage","url":"https:\/\/www.alldayled.com\/wp-content\/uploads\/2023\/05\/ADL89226..png","contentUrl":"https:\/\/www.alldayled.com\/wp-content\/uploads\/2023\/05\/ADL89226..png","width":800,"height":600,"caption":"Strands Siberia LED R\u00fccklicht mit 4 Funktionen - geeignet f\u00fcr 12 &amp; 24 Volt Betrieb - f\u00fcr Auto, LKW, Camper, Anh\u00e4nger, Bagger und mehr - EAN: 7350133811817"},{"@type":"BreadcrumbList","@id":"https:\/\/www.alldayled.com\/de\/produkt\/strands-siberia-achterlicht-12inch\/#breadcrumb","itemListElement":[{"@type":"ListItem","position":1,"name":"Home","item":"https:\/\/www.alldayled.com\/de\/"},{"@type":"ListItem","position":2,"name":"Shop","item":"https:\/\/www.alldayled.com\/de\/shop\/"},{"@type":"ListItem","position":3,"name":"Scheinwerfer","item":"https:\/\/www.alldayled.com\/de\/produkt-kategorie\/scheinwerfer\/"},{"@type":"ListItem","position":4,"name":"LED Bar","item":"https:\/\/www.alldayled.com\/de\/produkt-kategorie\/scheinwerfer\/led-bar\/"},{"@type":"ListItem","position":5,"name":"Strands Siberia R\u00fccklicht &#8211; 12 Zoll"}]},{"@type":"WebSite","@id":"https:\/\/www.alldayled.com\/de\/#website","url":"https:\/\/www.alldayled.com\/de\/","name":"All Day Led","description":"Verlichting voor 12&amp;24 volt gebruik","publisher":{"@id":"https:\/\/www.alldayled.com\/de\/#organization"},"potentialAction":[{"@type":"SearchAction","target":{"@type":"EntryPoint","urlTemplate":"https:\/\/www.alldayled.com\/de\/?s={search_term_string}"},"query-input":{"@type":"PropertyValueSpecification","valueRequired":true,"valueName":"search_term_string"}}],"inLanguage":"de"},{"@type":"Organization","@id":"https:\/\/www.alldayled.com\/de\/#organization","name":"All Day Led","url":"https:\/\/www.alldayled.com\/de\/","logo":{"@type":"ImageObject","inLanguage":"de","@id":"https:\/\/www.alldayled.com\/de\/#\/schema\/logo\/image\/","url":"https:\/\/www.alldayled.com\/wp-content\/uploads\/2025\/10\/Logo-ALL-DAY-LED-800x800-zwart-witte-letters.png","contentUrl":"https:\/\/www.alldayled.com\/wp-content\/uploads\/2025\/10\/Logo-ALL-DAY-LED-800x800-zwart-witte-letters.png","width":800,"height":800,"caption":"All Day Led"},"image":{"@id":"https:\/\/www.alldayled.com\/de\/#\/schema\/logo\/image\/"},"sameAs":["https:\/\/www.facebook.com\/alldayled\/","https:\/\/www.instagram.com\/alldayled\/"],"vatID":"NL863960133B01","taxID":"86416545"}]},"product_brand":"Strands","product_price_amount":"169.00","product_price_currency":"EUR","og_availability":"instock","product_availability":"instock","product_retailer_item_id":"ADL809226","product_condition":"new"},"_links":{"self":[{"href":"https:\/\/www.alldayled.com\/de\/wp-json\/wp\/v2\/product\/68122","targetHints":{"allow":["GET"]}}],"collection":[{"href":"https:\/\/www.alldayled.com\/de\/wp-json\/wp\/v2\/product"}],"about":[{"href":"https:\/\/www.alldayled.com\/de\/wp-json\/wp\/v2\/types\/product"}],"replies":[{"embeddable":true,"href":"https:\/\/www.alldayled.com\/de\/wp-json\/wp\/v2\/comments?post=68122"}],"wp:featuredmedia":[{"embeddable":true,"href":"https:\/\/www.alldayled.com\/de\/wp-json\/wp\/v2\/media\/25242"}],"wp:attachment":[{"href":"https:\/\/www.alldayled.com\/de\/wp-json\/wp\/v2\/media?parent=68122"}],"wp:term":[{"taxonomy":"product_brand","embeddable":true,"href":"https:\/\/www.alldayled.com\/de\/wp-json\/wp\/v2\/product_brand?post=68122"},{"taxonomy":"product_cat","embeddable":true,"href":"https:\/\/www.alldayled.com\/de\/wp-json\/wp\/v2\/product_cat?post=68122"},{"taxonomy":"product_tag","embeddable":true,"href":"https:\/\/www.alldayled.com\/de\/wp-json\/wp\/v2\/product_tag?post=68122"}],"curies":[{"name":"wp","href":"https:\/\/api.w.org\/{rel}","templated":true}]}}