{"id":68137,"date":"2024-05-29T15:03:07","date_gmt":"2024-05-29T13:03:07","guid":{"rendered":"https:\/\/www.alldayled.com\/product\/ba15s-led-lampen-set-12-24v-rood\/"},"modified":"2024-05-29T15:03:07","modified_gmt":"2024-05-29T13:03:07","slug":"ba15s-led-lampen-set-12-24v-rood","status":"publish","type":"product","link":"https:\/\/www.alldayled.com\/de\/produkt\/ba15s-led-lampen-set-12-24v-rood\/","title":{"rendered":"BA15S LED Lampenset 12\/24V &#8211; rot"},"content":{"rendered":"<p><span style=\"color: #000000;\"><strong>BA15S LED Lampe rot mit 8-SMD, f\u00fcr 12 &amp; 24 Volt. <\/strong><\/span><\/p>\n<p><span style=\"color: #000000;\">Suchst du eine LED Lampe mit Bajonettanschluss, um deine originale BA15S Halogenlampe zu ersetzen? Dann ist das BA15S LED Lampenset ROT vielleicht genau das, was du suchst. Diese BA15S LED Lampe hat 8 helle LEDs und spendet genauso viel Licht wie eine gew\u00f6hnliche P21W Halogenlampe. Die Lampen werden im 2er-Set geliefert und funktionieren sowohl mit 12 als auch mit 24 Volt. So kannst du sie in verschiedenen Fahrzeugen verwenden, vom Auto \u00fcber den LKW bis hin zum Wohnmobil oder Traktor.    <\/span><\/p>\n<h5><span style=\"color: #000000;\"><strong>Abmessungen:<\/strong><\/span><\/h5>\n<p><span style=\"color: #000000;\">Damit du das BA15S LED Lampenset ROT einfach montieren kannst, haben wir dir die Abmessungen unten aufgelistet. Die Abmessungen dieser roten LED Lampe mit Bajonettanschluss sind wie folgt: <\/span><\/p>\n<ul>\n<li><span style=\"color: #000000;\">L\u00e4nge: 40 mm<\/span><\/li>\n<li><span style=\"color: #000000;\">Breite oben: 23 mm<\/span><\/li>\n<li><span style=\"color: #000000;\">Breite unten: 15 mm<\/span><\/li>\n<\/ul>\n<p><span style=\"color: #000000;\"><em>Bitte beachte, diese LED Lampen sind nicht CAN-Bus-f\u00e4hig. Das bedeutet, dass diese Lampe eine Fehlermeldung auf deinem Armaturenbrett verursachen kann. Dies trifft haupts\u00e4chlich auf neuere Automodelle zu, LKWs sind davon oft ausgenommen. Auch zus\u00e4tzliche Lampen wie Fernscheinwerfer oder Skylights sind vom CAN-Bus-System ausgeschlossen.   <\/em> <\/span><\/p>\n<h5><span style=\"color: #000000;\"><strong>Andere Farben:<\/strong><\/span><\/h5>\n<p><span style=\"color: #000000;\">Suchst du eine R10W oder P21W LED Lampe, aber das BA15S LED Lampenset ROT ist nicht die Farbe, die du suchst? Keine Sorge! Diese LED Lampe mit Bajonettanschluss ist auch in den folgenden Farben erh\u00e4ltlich:  <\/span><\/p>\n<ul>\n<li><span style=\"color: #000000;\"><a style=\"color: #000000;\" href=\"https:\/\/www.alldayled.com\/de\/produkt\/ba15s-led-lampen-set-12-24v-oranje\/\"><strong>Bajonettlampe 8SMD &#8211; orange<\/strong><\/a><\/span><\/li>\n<li><span style=\"color: #000000;\"><a style=\"color: #000000;\" href=\"https:\/\/www.alldayled.com\/de\/produkt\/ba15s-led-lampen-set-12-24v-warm-wit\/\"><strong>Bajonett Lampe 8SMD &#8211; w.wei\u00df<\/strong><\/a><\/span><\/li>\n<li><span style=\"color: #000000;\"><a style=\"color: #000000;\" href=\"https:\/\/www.alldayled.com\/de\/produkt\/ba15s-led-lampen-set-12-24v-wit\/\"><strong>Bajonettlampe 8SMD &#8211; x.wei\u00df<\/strong><\/a><\/span><\/li>\n<\/ul>\n<p><span style=\"color: #000000;\">Bist du der Meinung, dass das BA15S LED Lampenset ROT der belgischen Marke AEB nicht das ist, was du suchst? Einfach weil die Farbe, Ausf\u00fchrung oder Form nicht deinen W\u00fcnschen entspricht? Dann sieh dir hier das komplette Angebot von <g id=\"gid_0\">AEB<\/g> an. Vielleicht findest du hier das Lampenmodell, wonach du suchst.   <\/span><\/p>\n<h5><span style=\"color: #000000;\"><strong>Warum hat diese BA15S LED Lampe kein E-Pr\u00fcfzeichen:<\/strong><\/span><\/h5>\n<p><span style=\"color: #000000;\">Ersatzlampen m\u00fcssen europ\u00e4ischen Normen f\u00fcr Sicherheit, Wasserdichtigkeit und Kurzschlussvermeidung (ECE R37) entsprechen. Diese Normen basieren auf den alten Gl\u00fch- und Halogenlampen. LED-Ersatzlampen k\u00f6nnen diesen nicht entsprechen, da sie keinen Gl\u00fchfaden haben. Daher erh\u00e4lt diese LED Lampe nicht das ECE R37 Pr\u00fcfzeichen und darf offiziell nicht im \u00f6ffentlichen Stra\u00dfenverkehr verwendet werden. Du kannst diese BA15S LED Lampe jedoch sicher auf deinem eigenen Gel\u00e4nde oder zum Beispiel im Rennsport verwenden. So holst du das Maximum aus der Lampe heraus, ohne dass es rechtliche Probleme gibt.     <\/span><\/p>\n","protected":false},"excerpt":{"rendered":"<p>BA15S LED Lampenset rot, ausgestattet mit 8 LED-Punkten, f\u00fcr 12 und 24 Volt.<\/p>\n","protected":false},"featured_media":28803,"comment_status":"open","ping_status":"closed","template":"","meta":{"_acf_changed":false},"product_brand":[5575],"product_cat":[5401,5367,5357,5398,5406,5411,5409,5413],"product_tag":[9495,9120,9118,9119,9184,9496,9497,9498],"class_list":{"0":"post-68137","1":"product","2":"type-product","3":"status-publish","4":"has-post-thumbnail","6":"product_brand-aeb","7":"product_cat-ba15s-24-volt-led","8":"product_cat-bajonet-12-volt","9":"product_cat-beleuchtung","10":"product_cat-daf-verlichting","11":"product_cat-iveco-verlichting","12":"product_cat-man-verlichting","13":"product_cat-scania-verlichting","14":"product_cat-volvo-beleuchtung","15":"product_tag-autobeleuchtung","16":"product_tag-innenraumbeleuchtung-lkw","17":"product_tag-kabinenbeleuchtung","18":"product_tag-lkw-beleuchtung","19":"product_tag-nedking-beleuchtung","20":"product_tag-p21w-led","21":"product_tag-r10w-led","22":"product_tag-r5w-led","24":"first","25":"instock","26":"taxable","27":"shipping-taxable","28":"purchasable","29":"product-type-simple"},"acf":[],"yoast_head":"<!-- This site is optimized with the Yoast SEO Premium plugin v26.5 (Yoast SEO v27.1.1) - https:\/\/yoast.com\/product\/yoast-seo-premium-wordpress\/ -->\n<title>BA15S LED Lampenset ROT - 2 St\u00fcck - All Day Led - f\u00fcr 12&amp;24V<\/title>\n<meta name=\"description\" content=\"BA15S LED Lampenset ROT - ersetzt deine R5W, R10W und P21W Lampe - rot - mit 8 LED-Punkten - 12\/24 Volt - f\u00fcr Auto, LKW und mehr\" \/>\n<meta name=\"robots\" content=\"index, follow, max-snippet:-1, max-image-preview:large, max-video-preview:-1\" \/>\n<link rel=\"canonical\" href=\"https:\/\/www.alldayled.com\/de\/produkt\/ba15s-led-lampen-set-12-24v-rood\/\" \/>\n<meta property=\"og:locale\" content=\"de_DE\" \/>\n<meta property=\"og:type\" content=\"article\" \/>\n<meta property=\"og:title\" content=\"BA15S LED Lampenset ROT - 2 St\u00fcck - All Day Led - f\u00fcr 12&amp;24V\" \/>\n<meta property=\"og:description\" content=\"BA15S LED Lampenset ROT - ersetzt deine R5W, R10W und P21W Lampe - rot - mit 8 LED-Punkten - 12\/24 Volt - f\u00fcr Auto, LKW und mehr\" \/>\n<meta property=\"og:url\" content=\"https:\/\/www.alldayled.com\/de\/produkt\/ba15s-led-lampen-set-12-24v-rood\/\" \/>\n<meta property=\"og:site_name\" content=\"All Day Led\" \/>\n<meta property=\"article:publisher\" content=\"https:\/\/www.facebook.com\/alldayled\/\" \/>\n<meta property=\"og:image\" content=\"https:\/\/www.alldayled.com\/wp-content\/uploads\/2024\/05\/ADL45815-RO.png\" \/>\n\t<meta property=\"og:image:width\" content=\"800\" \/>\n\t<meta property=\"og:image:height\" content=\"599\" \/>\n\t<meta property=\"og:image:type\" content=\"image\/png\" \/>\n<meta name=\"twitter:label1\" content=\"Preis\" \/>\n\t<meta name=\"twitter:data1\" content=\"&euro;&nbsp;20,00\" \/>\n\t<meta name=\"twitter:label2\" content=\"Verf\u00fcgbarkeit\" \/>\n\t<meta name=\"twitter:data2\" content=\"Auf Lager\" \/>\n<script type=\"application\/ld+json\" class=\"yoast-schema-graph\">{\"@context\":\"https:\/\/schema.org\",\"@graph\":[{\"@type\":\"WebPage\",\"@id\":\"https:\/\/www.alldayled.com\/de\/produkt\/ba15s-led-lampen-set-12-24v-rood\/\",\"url\":\"https:\/\/www.alldayled.com\/de\/produkt\/ba15s-led-lampen-set-12-24v-rood\/\",\"name\":\"BA15S LED Lampenset ROT - 2 St\u00fcck - All Day Led - f\u00fcr 12&24V\",\"isPartOf\":{\"@id\":\"https:\/\/www.alldayled.com\/de\/#website\"},\"primaryImageOfPage\":{\"@id\":\"https:\/\/www.alldayled.com\/de\/produkt\/ba15s-led-lampen-set-12-24v-rood\/#primaryimage\"},\"image\":{\"@id\":\"https:\/\/www.alldayled.com\/de\/produkt\/ba15s-led-lampen-set-12-24v-rood\/#primaryimage\"},\"thumbnailUrl\":\"https:\/\/www.alldayled.com\/wp-content\/uploads\/2024\/05\/ADL45815-RO.png\",\"datePublished\":\"2024-05-29T13:03:07+00:00\",\"description\":\"BA15S LED Lampenset ROT - ersetzt deine R5W, R10W und P21W Lampe - rot - mit 8 LED-Punkten - 12\/24 Volt - f\u00fcr Auto, LKW und mehr\",\"breadcrumb\":{\"@id\":\"https:\/\/www.alldayled.com\/de\/produkt\/ba15s-led-lampen-set-12-24v-rood\/#breadcrumb\"},\"inLanguage\":\"de\",\"potentialAction\":[{\"@type\":\"ReadAction\",\"target\":[\"https:\/\/www.alldayled.com\/de\/produkt\/ba15s-led-lampen-set-12-24v-rood\/\"]}]},{\"@type\":\"ImageObject\",\"inLanguage\":\"de\",\"@id\":\"https:\/\/www.alldayled.com\/de\/produkt\/ba15s-led-lampen-set-12-24v-rood\/#primaryimage\",\"url\":\"https:\/\/www.alldayled.com\/wp-content\/uploads\/2024\/05\/ADL45815-RO.png\",\"contentUrl\":\"https:\/\/www.alldayled.com\/wp-content\/uploads\/2024\/05\/ADL45815-RO.png\",\"width\":800,\"height\":599,\"caption\":\"BA15S LED Lampenset ROT - Lampe mit 15mm Bajonettanschluss f\u00fcr 12 und 24 Volt - Einzelfunktionslampe f\u00fcr Auto, LKW, Anh\u00e4nger, Wohnmobil, Traktor und mehr - EAN: 5414184377615\"},{\"@type\":\"BreadcrumbList\",\"@id\":\"https:\/\/www.alldayled.com\/de\/produkt\/ba15s-led-lampen-set-12-24v-rood\/#breadcrumb\",\"itemListElement\":[{\"@type\":\"ListItem\",\"position\":1,\"name\":\"Home\",\"item\":\"https:\/\/www.alldayled.com\/de\/\"},{\"@type\":\"ListItem\",\"position\":2,\"name\":\"Shop\",\"item\":\"https:\/\/www.alldayled.com\/de\/shop\/\"},{\"@type\":\"ListItem\",\"position\":3,\"name\":\"Beleuchtung\",\"item\":\"https:\/\/www.alldayled.com\/de\/produkt-kategorie\/beleuchtung\/\"},{\"@type\":\"ListItem\",\"position\":4,\"name\":\"Beleuchtung 24 Volt\",\"item\":\"https:\/\/www.alldayled.com\/de\/produkt-kategorie\/beleuchtung\/verlichting-24-volt\/\"},{\"@type\":\"ListItem\",\"position\":5,\"name\":\"Bajonet 24 Volt\",\"item\":\"https:\/\/www.alldayled.com\/de\/produkt-kategorie\/beleuchtung\/verlichting-24-volt\/bajonet-24-volt\/\"},{\"@type\":\"ListItem\",\"position\":6,\"name\":\"BA15S 24 Volt\",\"item\":\"https:\/\/www.alldayled.com\/de\/produkt-kategorie\/beleuchtung\/verlichting-24-volt\/bajonet-24-volt\/ba15s-24-volt-led\/\"},{\"@type\":\"ListItem\",\"position\":7,\"name\":\"BA15S LED Lampenset 12\/24V &#8211; rot\"}]},{\"@type\":\"WebSite\",\"@id\":\"https:\/\/www.alldayled.com\/de\/#website\",\"url\":\"https:\/\/www.alldayled.com\/de\/\",\"name\":\"All Day Led\",\"description\":\"Verlichting voor 12&amp;24 volt gebruik\",\"publisher\":{\"@id\":\"https:\/\/www.alldayled.com\/de\/#organization\"},\"potentialAction\":[{\"@type\":\"SearchAction\",\"target\":{\"@type\":\"EntryPoint\",\"urlTemplate\":\"https:\/\/www.alldayled.com\/de\/?s={search_term_string}\"},\"query-input\":{\"@type\":\"PropertyValueSpecification\",\"valueRequired\":true,\"valueName\":\"search_term_string\"}}],\"inLanguage\":\"de\"},{\"@type\":\"Organization\",\"@id\":\"https:\/\/www.alldayled.com\/de\/#organization\",\"name\":\"All Day Led\",\"url\":\"https:\/\/www.alldayled.com\/de\/\",\"logo\":{\"@type\":\"ImageObject\",\"inLanguage\":\"de\",\"@id\":\"https:\/\/www.alldayled.com\/de\/#\/schema\/logo\/image\/\",\"url\":\"https:\/\/www.alldayled.com\/wp-content\/uploads\/2025\/10\/Logo-ALL-DAY-LED-800x800-zwart-witte-letters.png\",\"contentUrl\":\"https:\/\/www.alldayled.com\/wp-content\/uploads\/2025\/10\/Logo-ALL-DAY-LED-800x800-zwart-witte-letters.png\",\"width\":800,\"height\":800,\"caption\":\"All Day Led\"},\"image\":{\"@id\":\"https:\/\/www.alldayled.com\/de\/#\/schema\/logo\/image\/\"},\"sameAs\":[\"https:\/\/www.facebook.com\/alldayled\/\",\"https:\/\/www.instagram.com\/alldayled\/\"],\"vatID\":\"NL863960133B01\",\"taxID\":\"86416545\"}]}<\/script>\n<meta property=\"product:brand\" content=\"AEB\" \/>\n<meta property=\"product:price:amount\" content=\"20.00\" \/>\n<meta property=\"product:price:currency\" content=\"EUR\" \/>\n<meta property=\"og:availability\" content=\"instock\" \/>\n<meta property=\"product:availability\" content=\"instock\" \/>\n<meta property=\"product:retailer_item_id\" content=\"ADL45815-RO\" \/>\n<meta property=\"product:condition\" content=\"new\" \/>\n<!-- \/ Yoast SEO Premium plugin. -->","yoast_head_json":{"title":"BA15S LED Lampenset ROT - 2 St\u00fcck - All Day Led - f\u00fcr 12&24V","description":"BA15S LED Lampenset ROT - ersetzt deine R5W, R10W und P21W Lampe - rot - mit 8 LED-Punkten - 12\/24 Volt - f\u00fcr Auto, LKW und mehr","robots":{"index":"index","follow":"follow","max-snippet":"max-snippet:-1","max-image-preview":"max-image-preview:large","max-video-preview":"max-video-preview:-1"},"canonical":"https:\/\/www.alldayled.com\/de\/produkt\/ba15s-led-lampen-set-12-24v-rood\/","og_locale":"de_DE","og_type":"article","og_title":"BA15S LED Lampenset ROT - 2 St\u00fcck - All Day Led - f\u00fcr 12&24V","og_description":"BA15S LED Lampenset ROT - ersetzt deine R5W, R10W und P21W Lampe - rot - mit 8 LED-Punkten - 12\/24 Volt - f\u00fcr Auto, LKW und mehr","og_url":"https:\/\/www.alldayled.com\/de\/produkt\/ba15s-led-lampen-set-12-24v-rood\/","og_site_name":"All Day Led","article_publisher":"https:\/\/www.facebook.com\/alldayled\/","og_image":[{"width":800,"height":599,"url":"https:\/\/www.alldayled.com\/wp-content\/uploads\/2024\/05\/ADL45815-RO.png","type":"image\/png"}],"twitter_misc":{"Preis":"&euro;&nbsp;20,00","Verf\u00fcgbarkeit":"Auf Lager"},"schema":{"@context":"https:\/\/schema.org","@graph":[{"@type":"WebPage","@id":"https:\/\/www.alldayled.com\/de\/produkt\/ba15s-led-lampen-set-12-24v-rood\/","url":"https:\/\/www.alldayled.com\/de\/produkt\/ba15s-led-lampen-set-12-24v-rood\/","name":"BA15S LED Lampenset ROT - 2 St\u00fcck - All Day Led - f\u00fcr 12&24V","isPartOf":{"@id":"https:\/\/www.alldayled.com\/de\/#website"},"primaryImageOfPage":{"@id":"https:\/\/www.alldayled.com\/de\/produkt\/ba15s-led-lampen-set-12-24v-rood\/#primaryimage"},"image":{"@id":"https:\/\/www.alldayled.com\/de\/produkt\/ba15s-led-lampen-set-12-24v-rood\/#primaryimage"},"thumbnailUrl":"https:\/\/www.alldayled.com\/wp-content\/uploads\/2024\/05\/ADL45815-RO.png","datePublished":"2024-05-29T13:03:07+00:00","description":"BA15S LED Lampenset ROT - ersetzt deine R5W, R10W und P21W Lampe - rot - mit 8 LED-Punkten - 12\/24 Volt - f\u00fcr Auto, LKW und mehr","breadcrumb":{"@id":"https:\/\/www.alldayled.com\/de\/produkt\/ba15s-led-lampen-set-12-24v-rood\/#breadcrumb"},"inLanguage":"de","potentialAction":[{"@type":"ReadAction","target":["https:\/\/www.alldayled.com\/de\/produkt\/ba15s-led-lampen-set-12-24v-rood\/"]}]},{"@type":"ImageObject","inLanguage":"de","@id":"https:\/\/www.alldayled.com\/de\/produkt\/ba15s-led-lampen-set-12-24v-rood\/#primaryimage","url":"https:\/\/www.alldayled.com\/wp-content\/uploads\/2024\/05\/ADL45815-RO.png","contentUrl":"https:\/\/www.alldayled.com\/wp-content\/uploads\/2024\/05\/ADL45815-RO.png","width":800,"height":599,"caption":"BA15S LED Lampenset ROT - Lampe mit 15mm Bajonettanschluss f\u00fcr 12 und 24 Volt - Einzelfunktionslampe f\u00fcr Auto, LKW, Anh\u00e4nger, Wohnmobil, Traktor und mehr - EAN: 5414184377615"},{"@type":"BreadcrumbList","@id":"https:\/\/www.alldayled.com\/de\/produkt\/ba15s-led-lampen-set-12-24v-rood\/#breadcrumb","itemListElement":[{"@type":"ListItem","position":1,"name":"Home","item":"https:\/\/www.alldayled.com\/de\/"},{"@type":"ListItem","position":2,"name":"Shop","item":"https:\/\/www.alldayled.com\/de\/shop\/"},{"@type":"ListItem","position":3,"name":"Beleuchtung","item":"https:\/\/www.alldayled.com\/de\/produkt-kategorie\/beleuchtung\/"},{"@type":"ListItem","position":4,"name":"Beleuchtung 24 Volt","item":"https:\/\/www.alldayled.com\/de\/produkt-kategorie\/beleuchtung\/verlichting-24-volt\/"},{"@type":"ListItem","position":5,"name":"Bajonet 24 Volt","item":"https:\/\/www.alldayled.com\/de\/produkt-kategorie\/beleuchtung\/verlichting-24-volt\/bajonet-24-volt\/"},{"@type":"ListItem","position":6,"name":"BA15S 24 Volt","item":"https:\/\/www.alldayled.com\/de\/produkt-kategorie\/beleuchtung\/verlichting-24-volt\/bajonet-24-volt\/ba15s-24-volt-led\/"},{"@type":"ListItem","position":7,"name":"BA15S LED Lampenset 12\/24V &#8211; rot"}]},{"@type":"WebSite","@id":"https:\/\/www.alldayled.com\/de\/#website","url":"https:\/\/www.alldayled.com\/de\/","name":"All Day Led","description":"Verlichting voor 12&amp;24 volt gebruik","publisher":{"@id":"https:\/\/www.alldayled.com\/de\/#organization"},"potentialAction":[{"@type":"SearchAction","target":{"@type":"EntryPoint","urlTemplate":"https:\/\/www.alldayled.com\/de\/?s={search_term_string}"},"query-input":{"@type":"PropertyValueSpecification","valueRequired":true,"valueName":"search_term_string"}}],"inLanguage":"de"},{"@type":"Organization","@id":"https:\/\/www.alldayled.com\/de\/#organization","name":"All Day Led","url":"https:\/\/www.alldayled.com\/de\/","logo":{"@type":"ImageObject","inLanguage":"de","@id":"https:\/\/www.alldayled.com\/de\/#\/schema\/logo\/image\/","url":"https:\/\/www.alldayled.com\/wp-content\/uploads\/2025\/10\/Logo-ALL-DAY-LED-800x800-zwart-witte-letters.png","contentUrl":"https:\/\/www.alldayled.com\/wp-content\/uploads\/2025\/10\/Logo-ALL-DAY-LED-800x800-zwart-witte-letters.png","width":800,"height":800,"caption":"All Day Led"},"image":{"@id":"https:\/\/www.alldayled.com\/de\/#\/schema\/logo\/image\/"},"sameAs":["https:\/\/www.facebook.com\/alldayled\/","https:\/\/www.instagram.com\/alldayled\/"],"vatID":"NL863960133B01","taxID":"86416545"}]},"product_brand":"AEB","product_price_amount":"20.00","product_price_currency":"EUR","og_availability":"instock","product_availability":"instock","product_retailer_item_id":"ADL45815-RO","product_condition":"new"},"_links":{"self":[{"href":"https:\/\/www.alldayled.com\/de\/wp-json\/wp\/v2\/product\/68137","targetHints":{"allow":["GET"]}}],"collection":[{"href":"https:\/\/www.alldayled.com\/de\/wp-json\/wp\/v2\/product"}],"about":[{"href":"https:\/\/www.alldayled.com\/de\/wp-json\/wp\/v2\/types\/product"}],"replies":[{"embeddable":true,"href":"https:\/\/www.alldayled.com\/de\/wp-json\/wp\/v2\/comments?post=68137"}],"wp:featuredmedia":[{"embeddable":true,"href":"https:\/\/www.alldayled.com\/de\/wp-json\/wp\/v2\/media\/28803"}],"wp:attachment":[{"href":"https:\/\/www.alldayled.com\/de\/wp-json\/wp\/v2\/media?parent=68137"}],"wp:term":[{"taxonomy":"product_brand","embeddable":true,"href":"https:\/\/www.alldayled.com\/de\/wp-json\/wp\/v2\/product_brand?post=68137"},{"taxonomy":"product_cat","embeddable":true,"href":"https:\/\/www.alldayled.com\/de\/wp-json\/wp\/v2\/product_cat?post=68137"},{"taxonomy":"product_tag","embeddable":true,"href":"https:\/\/www.alldayled.com\/de\/wp-json\/wp\/v2\/product_tag?post=68137"}],"curies":[{"name":"wp","href":"https:\/\/api.w.org\/{rel}","templated":true}]}}