{"id":68157,"date":"2020-10-19T18:40:35","date_gmt":"2020-10-19T16:40:35","guid":{"rendered":"https:\/\/www.alldayled.com\/product\/strands-siberia-led-bar-sr-47w-12-inch\/"},"modified":"2026-04-07T12:35:23","modified_gmt":"2026-04-07T10:35:23","slug":"strands-siberia-led-bar-sr-47w-12-inch","status":"publish","type":"product","link":"https:\/\/www.alldayled.com\/de\/produkt\/strands-siberia-led-bar-sr-47w-12-inch\/","title":{"rendered":"Strands Siberia LED bar SR &#8211; 12 Zoll"},"content":{"rendered":"<p><span style=\"color: #000000;\"><strong>Strands Siberia LED bar einreihig 12 Zoll, f\u00fcr 12 und 24 Volt Betrieb.<\/strong><\/span><\/p>\n<p><span style=\"color: #000000;\">Bist du auf der Suche nach einer einreihigen LED bar mit einem farbwechselnden Standlicht (Orange &#8211; Wei\u00df)? Dann ist die Strands Siberia LED bar 12&#8220; vielleicht genau die Lampe, die du suchst. Diese einreihige LED bar hat 10 helle LEDs und eine Lichtleistung von 4000 Lumen. So bist du sicher, dass du sowohl tags\u00fcber als auch abends gut sichtbar bist. Die Strands Siberia 12&#8220; funktioniert mit 12 und 24 Volt. Du kannst sie also einfach an deinem Auto, LKW, Wohnmobil oder einem anderen Fahrzeug montieren.     <\/span><\/p>\n<p><span style=\"color: #000000;\">Um sicherzustellen, dass diese LED bar f\u00fcr dein Fahrzeug geeignet ist, haben wir unten die wichtigsten Spezifikationen aufgelistet. Die LED bar hat das ECE R10 Pr\u00fcfzeichen, was bedeutet, dass sie w\u00e4hrend des Betriebs keine St\u00f6rungen, zum Beispiel an deinem Radio, verursacht. Sie ist au\u00dferdem mit IP68 und IP69K ausgestattet, also vollst\u00e4ndig staub- und wasserdicht. Um das Ganze abzurunden, wird die Siberia 12&#8220; mit Befestigungsmaterial aus Edelstahl und einem DT-4 Anschlusskabel geliefert.   <\/span><\/p>\n<h5><span style=\"color: #000000;\"><strong>Abmessungen:<\/strong><\/span><\/h5>\n<p><span style=\"color: #000000;\">Um sicherzustellen, dass du die LED Lampe montieren kannst, wo du m\u00f6chtest, haben wir unten die Abmessungen notiert. Die Abmessungen der 12 Zoll Siberia LED bar der Marke Strands sind wie folgt: <\/span><\/p>\n<ul>\n<li><span style=\"color: #000000;\">H\u00f6he: 45 mm (65 mm inkl. Befestigung)<\/span><\/li>\n<li><span style=\"color: #000000;\">Breite: 300,6 mm<\/span><\/li>\n<li><span style=\"color: #000000;\">Dicke: 55,5 mm<\/span><\/li>\n<\/ul>\n<p><span style=\"color: #000000;\">Die Siberia LED bar wird standardm\u00e4\u00dfig mit zwei Arten von Befestigungswinkeln geliefert. Mit dem einen montierst du die Lampe von der Seite, mit dem anderen von hinten. Um eine gute Vorstellung davon zu bekommen, was wir meinen, schau dir am besten Abbildung 4 an.  <\/span><\/p>\n<h5><span style=\"color: #000000;\"><strong>Weitere Abmessungen: <\/strong><\/span><\/h5>\n<p><span style=\"color: #000000;\">Ist diese Strands Siberia LED bar 32W doch nicht die Gr\u00f6\u00dfe, nach der du suchst? Wisse, dass der einreihige LED Scheinwerfer auch in den folgenden Gr\u00f6\u00dfen erh\u00e4ltlich ist: <\/span><\/p>\n<ul>\n<li><span style=\"color: #000000;\"><strong><a style=\"color: #000000;\" href=\"https:\/\/www.alldayled.com\/de\/produkt\/strands-siberia-led-bar-sr-95w-22-inch\/\">22 Zoll Strands LED bar einreihig<\/a><\/strong><\/span><\/li>\n<li><span style=\"color: #000000;\"><strong><a style=\"color: #000000;\" href=\"https:\/\/www.alldayled.com\/de\/produkt\/strands-siberia-led-bar-sr-146w-32-inch\/\">32 Zoll Strands LED bar einreihig<\/a><\/strong><\/span><\/li>\n<li><span style=\"color: #000000;\"><strong><a style=\"color: #000000;\" href=\"https:\/\/www.alldayled.com\/de\/produkt\/strands-siberia-led-bar-sr-199w-42-inch\/\">42 Zoll Strands LED bar einreihig<\/a><\/strong><\/span><\/li>\n<li><span style=\"color: #000000;\"><strong><a style=\"color: #000000;\" href=\"https:\/\/www.alldayled.com\/de\/produkt\/strands-siberia-led-bar-sr-241w-50-inch\/\">50 Zoll Strands LED bar einreihig<\/a><\/strong><\/span><\/li>\n<\/ul>\n<p><span style=\"color: #000000;\">Bist du immer noch nicht \u00fcberzeugt, dass die Strands Siberia LED bar einreihig 12 Zoll das ist, wonach du suchst? Einfach weil die Lichtleistung, Wattzahl oder Form nicht deinen W\u00fcnschen entspricht? Dann schau dir hier das komplette Angebot von <g id=\"gid_0\">Strands<\/g> an. Vielleicht findest du hier das Lampenmodell, das du suchst!   <\/span><\/p>\n","protected":false},"excerpt":{"rendered":"<p>Kraftpaket: Die Siberia SR 12\u201d LED bar liefert 4000 Lumen und ist f\u00fcr 12\/24V geeignet.<\/p>\n","protected":false},"featured_media":17733,"comment_status":"open","ping_status":"closed","template":"","meta":{"_acf_changed":false},"product_brand":[5114],"product_cat":[5386,5359],"product_tag":[9161,9162,9163,9164,9075,9079,9077,9078,9076,9057,9032,9074,9066,9064,9065,9165,9080],"class_list":{"0":"post-68157","1":"product","2":"type-product","3":"status-publish","4":"has-post-thumbnail","6":"product_brand-product-strands-lighting-division","7":"product_cat-led-bar","8":"product_cat-strands-siberia","9":"product_tag-led-bar","10":"product_tag-led-bar-auto","11":"product_tag-led-bar-lkw","12":"product_tag-led-scheinwerfer","13":"product_tag-led-scheinwerfer-auto","14":"product_tag-led-scheinwerfer-lkw","15":"product_tag-led-scheinwerfer-tonabnehmer","16":"product_tag-led-scheinwerfer-traktor","17":"product_tag-led-scheinwerfer-wohnmobil","18":"product_tag-led-arbeitsleuchte","19":"product_tag-sale","20":"product_tag-scheinwerfer-mit-stadtlicht","21":"product_tag-strands-led-arbeitsleuchte","22":"product_tag-strands-led-beleuchtung","23":"product_tag-strands-lighting-division","24":"product_tag-strands-siberia-led-bar","25":"product_tag-strands-siberia-scheinwerfer","27":"first","28":"instock","29":"sale","30":"taxable","31":"shipping-taxable","32":"purchasable","33":"product-type-simple"},"acf":[],"yoast_head":"<!-- This site is optimized with the Yoast SEO Premium plugin v26.5 (Yoast SEO v27.1.1) - https:\/\/yoast.com\/product\/yoast-seo-premium-wordpress\/ -->\n<title>Strands Siberia SR 12 Zoll - LED bar - All Day Led - f\u00fcr 12&amp;24V<\/title>\n<meta name=\"description\" content=\"Strands Siberia SR 12 Zoll LED bar - 12&amp;24 volt - ECE R112 - Auto, LKW und mehr - Scheinwerfer mit LED-Standlicht - 4000 Lumen\" \/>\n<meta name=\"robots\" content=\"index, follow, max-snippet:-1, max-image-preview:large, max-video-preview:-1\" \/>\n<link rel=\"canonical\" href=\"https:\/\/www.alldayled.com\/de\/produkt\/strands-siberia-led-bar-sr-47w-12-inch\/\" \/>\n<meta property=\"og:locale\" content=\"de_DE\" \/>\n<meta property=\"og:type\" content=\"article\" \/>\n<meta property=\"og:title\" content=\"Strands Siberia SR 12 Zoll - LED bar - All Day Led - f\u00fcr 12&amp;24V\" \/>\n<meta property=\"og:description\" content=\"Strands Siberia SR 12 Zoll LED bar - 12&amp;24 volt - ECE R112 - Auto, LKW und mehr - Scheinwerfer mit LED-Standlicht - 4000 Lumen\" \/>\n<meta property=\"og:url\" content=\"https:\/\/www.alldayled.com\/de\/produkt\/strands-siberia-led-bar-sr-47w-12-inch\/\" \/>\n<meta property=\"og:site_name\" content=\"All Day Led\" \/>\n<meta property=\"article:publisher\" content=\"https:\/\/www.facebook.com\/alldayled\/\" \/>\n<meta property=\"article:modified_time\" content=\"2026-04-07T10:35:23+00:00\" \/>\n<meta property=\"og:image\" content=\"https:\/\/www.alldayled.com\/wp-content\/uploads\/2024\/07\/ADL809170-300x300.png\" \/>\n<meta name=\"twitter:label1\" content=\"Preis\" \/>\n\t<meta name=\"twitter:data1\" content=\"&euro;&nbsp;134,25\" \/>\n\t<meta name=\"twitter:label2\" content=\"Verf\u00fcgbarkeit\" \/>\n\t<meta name=\"twitter:data2\" content=\"Auf Lager\" \/>\n<script type=\"application\/ld+json\" class=\"yoast-schema-graph\">{\"@context\":\"https:\/\/schema.org\",\"@graph\":[{\"@type\":\"WebPage\",\"@id\":\"https:\/\/www.alldayled.com\/de\/produkt\/strands-siberia-led-bar-sr-47w-12-inch\/\",\"url\":\"https:\/\/www.alldayled.com\/de\/produkt\/strands-siberia-led-bar-sr-47w-12-inch\/\",\"name\":\"Strands Siberia SR 12 Zoll - LED bar - All Day Led - f\u00fcr 12&24V\",\"isPartOf\":{\"@id\":\"https:\/\/www.alldayled.com\/de\/#website\"},\"primaryImageOfPage\":{\"@id\":\"https:\/\/www.alldayled.com\/de\/produkt\/strands-siberia-led-bar-sr-47w-12-inch\/#primaryimage\"},\"image\":{\"@id\":\"https:\/\/www.alldayled.com\/de\/produkt\/strands-siberia-led-bar-sr-47w-12-inch\/#primaryimage\"},\"thumbnailUrl\":\"https:\/\/www.alldayled.com\/wp-content\/uploads\/2020\/10\/ADL89170.-Siberia-12inch.png\",\"datePublished\":\"2020-10-19T16:40:35+00:00\",\"dateModified\":\"2026-04-07T10:35:23+00:00\",\"description\":\"Strands Siberia SR 12 Zoll LED bar - 12&24 volt - ECE R112 - Auto, LKW und mehr - Scheinwerfer mit LED-Standlicht - 4000 Lumen\",\"breadcrumb\":{\"@id\":\"https:\/\/www.alldayled.com\/de\/produkt\/strands-siberia-led-bar-sr-47w-12-inch\/#breadcrumb\"},\"inLanguage\":\"de\",\"potentialAction\":[{\"@type\":\"ReadAction\",\"target\":[\"https:\/\/www.alldayled.com\/de\/produkt\/strands-siberia-led-bar-sr-47w-12-inch\/\"]}]},{\"@type\":\"ImageObject\",\"inLanguage\":\"de\",\"@id\":\"https:\/\/www.alldayled.com\/de\/produkt\/strands-siberia-led-bar-sr-47w-12-inch\/#primaryimage\",\"url\":\"https:\/\/www.alldayled.com\/wp-content\/uploads\/2020\/10\/ADL89170.-Siberia-12inch.png\",\"contentUrl\":\"https:\/\/www.alldayled.com\/wp-content\/uploads\/2020\/10\/ADL89170.-Siberia-12inch.png\",\"width\":800,\"height\":600,\"caption\":\"Strands Siberia LED bar 47W einreihig 12 Zoll - LED Balken f\u00fcr 12 und 24 Volt EAN: 7323030183745\"},{\"@type\":\"BreadcrumbList\",\"@id\":\"https:\/\/www.alldayled.com\/de\/produkt\/strands-siberia-led-bar-sr-47w-12-inch\/#breadcrumb\",\"itemListElement\":[{\"@type\":\"ListItem\",\"position\":1,\"name\":\"Home\",\"item\":\"https:\/\/www.alldayled.com\/de\/\"},{\"@type\":\"ListItem\",\"position\":2,\"name\":\"Shop\",\"item\":\"https:\/\/www.alldayled.com\/de\/shop\/\"},{\"@type\":\"ListItem\",\"position\":3,\"name\":\"Scheinwerfer\",\"item\":\"https:\/\/www.alldayled.com\/de\/produkt-kategorie\/scheinwerfer\/\"},{\"@type\":\"ListItem\",\"position\":4,\"name\":\"LED Bar\",\"item\":\"https:\/\/www.alldayled.com\/de\/produkt-kategorie\/scheinwerfer\/led-bar\/\"},{\"@type\":\"ListItem\",\"position\":5,\"name\":\"Strands Siberia LED bar SR &#8211; 12 Zoll\"}]},{\"@type\":\"WebSite\",\"@id\":\"https:\/\/www.alldayled.com\/de\/#website\",\"url\":\"https:\/\/www.alldayled.com\/de\/\",\"name\":\"All Day Led\",\"description\":\"Verlichting voor 12&amp;24 volt gebruik\",\"publisher\":{\"@id\":\"https:\/\/www.alldayled.com\/de\/#organization\"},\"potentialAction\":[{\"@type\":\"SearchAction\",\"target\":{\"@type\":\"EntryPoint\",\"urlTemplate\":\"https:\/\/www.alldayled.com\/de\/?s={search_term_string}\"},\"query-input\":{\"@type\":\"PropertyValueSpecification\",\"valueRequired\":true,\"valueName\":\"search_term_string\"}}],\"inLanguage\":\"de\"},{\"@type\":\"Organization\",\"@id\":\"https:\/\/www.alldayled.com\/de\/#organization\",\"name\":\"All Day Led\",\"url\":\"https:\/\/www.alldayled.com\/de\/\",\"logo\":{\"@type\":\"ImageObject\",\"inLanguage\":\"de\",\"@id\":\"https:\/\/www.alldayled.com\/de\/#\/schema\/logo\/image\/\",\"url\":\"https:\/\/www.alldayled.com\/wp-content\/uploads\/2025\/10\/Logo-ALL-DAY-LED-800x800-zwart-witte-letters.png\",\"contentUrl\":\"https:\/\/www.alldayled.com\/wp-content\/uploads\/2025\/10\/Logo-ALL-DAY-LED-800x800-zwart-witte-letters.png\",\"width\":800,\"height\":800,\"caption\":\"All Day Led\"},\"image\":{\"@id\":\"https:\/\/www.alldayled.com\/de\/#\/schema\/logo\/image\/\"},\"sameAs\":[\"https:\/\/www.facebook.com\/alldayled\/\",\"https:\/\/www.instagram.com\/alldayled\/\"],\"vatID\":\"NL863960133B01\",\"taxID\":\"86416545\"}]}<\/script>\n<meta property=\"product:brand\" content=\"Strands\" \/>\n<meta property=\"product:price:amount\" content=\"134.25\" \/>\n<meta property=\"product:price:currency\" content=\"EUR\" \/>\n<meta property=\"og:availability\" content=\"instock\" \/>\n<meta property=\"product:availability\" content=\"instock\" \/>\n<meta property=\"product:retailer_item_id\" content=\"ADL809170\" \/>\n<meta property=\"product:condition\" content=\"new\" \/>\n<!-- \/ Yoast SEO Premium plugin. -->","yoast_head_json":{"title":"Strands Siberia SR 12 Zoll - LED bar - All Day Led - f\u00fcr 12&24V","description":"Strands Siberia SR 12 Zoll LED bar - 12&24 volt - ECE R112 - Auto, LKW und mehr - Scheinwerfer mit LED-Standlicht - 4000 Lumen","robots":{"index":"index","follow":"follow","max-snippet":"max-snippet:-1","max-image-preview":"max-image-preview:large","max-video-preview":"max-video-preview:-1"},"canonical":"https:\/\/www.alldayled.com\/de\/produkt\/strands-siberia-led-bar-sr-47w-12-inch\/","og_locale":"de_DE","og_type":"article","og_title":"Strands Siberia SR 12 Zoll - LED bar - All Day Led - f\u00fcr 12&24V","og_description":"Strands Siberia SR 12 Zoll LED bar - 12&24 volt - ECE R112 - Auto, LKW und mehr - Scheinwerfer mit LED-Standlicht - 4000 Lumen","og_url":"https:\/\/www.alldayled.com\/de\/produkt\/strands-siberia-led-bar-sr-47w-12-inch\/","og_site_name":"All Day Led","article_publisher":"https:\/\/www.facebook.com\/alldayled\/","article_modified_time":"2026-04-07T10:35:23+00:00","og_image":[{"url":"https:\/\/www.alldayled.com\/wp-content\/uploads\/2024\/07\/ADL809170-300x300.png","type":"","width":"","height":""}],"twitter_misc":{"Preis":"&euro;&nbsp;134,25","Verf\u00fcgbarkeit":"Auf Lager"},"schema":{"@context":"https:\/\/schema.org","@graph":[{"@type":"WebPage","@id":"https:\/\/www.alldayled.com\/de\/produkt\/strands-siberia-led-bar-sr-47w-12-inch\/","url":"https:\/\/www.alldayled.com\/de\/produkt\/strands-siberia-led-bar-sr-47w-12-inch\/","name":"Strands Siberia SR 12 Zoll - LED bar - All Day Led - f\u00fcr 12&24V","isPartOf":{"@id":"https:\/\/www.alldayled.com\/de\/#website"},"primaryImageOfPage":{"@id":"https:\/\/www.alldayled.com\/de\/produkt\/strands-siberia-led-bar-sr-47w-12-inch\/#primaryimage"},"image":{"@id":"https:\/\/www.alldayled.com\/de\/produkt\/strands-siberia-led-bar-sr-47w-12-inch\/#primaryimage"},"thumbnailUrl":"https:\/\/www.alldayled.com\/wp-content\/uploads\/2020\/10\/ADL89170.-Siberia-12inch.png","datePublished":"2020-10-19T16:40:35+00:00","dateModified":"2026-04-07T10:35:23+00:00","description":"Strands Siberia SR 12 Zoll LED bar - 12&24 volt - ECE R112 - Auto, LKW und mehr - Scheinwerfer mit LED-Standlicht - 4000 Lumen","breadcrumb":{"@id":"https:\/\/www.alldayled.com\/de\/produkt\/strands-siberia-led-bar-sr-47w-12-inch\/#breadcrumb"},"inLanguage":"de","potentialAction":[{"@type":"ReadAction","target":["https:\/\/www.alldayled.com\/de\/produkt\/strands-siberia-led-bar-sr-47w-12-inch\/"]}]},{"@type":"ImageObject","inLanguage":"de","@id":"https:\/\/www.alldayled.com\/de\/produkt\/strands-siberia-led-bar-sr-47w-12-inch\/#primaryimage","url":"https:\/\/www.alldayled.com\/wp-content\/uploads\/2020\/10\/ADL89170.-Siberia-12inch.png","contentUrl":"https:\/\/www.alldayled.com\/wp-content\/uploads\/2020\/10\/ADL89170.-Siberia-12inch.png","width":800,"height":600,"caption":"Strands Siberia LED bar 47W einreihig 12 Zoll - LED Balken f\u00fcr 12 und 24 Volt EAN: 7323030183745"},{"@type":"BreadcrumbList","@id":"https:\/\/www.alldayled.com\/de\/produkt\/strands-siberia-led-bar-sr-47w-12-inch\/#breadcrumb","itemListElement":[{"@type":"ListItem","position":1,"name":"Home","item":"https:\/\/www.alldayled.com\/de\/"},{"@type":"ListItem","position":2,"name":"Shop","item":"https:\/\/www.alldayled.com\/de\/shop\/"},{"@type":"ListItem","position":3,"name":"Scheinwerfer","item":"https:\/\/www.alldayled.com\/de\/produkt-kategorie\/scheinwerfer\/"},{"@type":"ListItem","position":4,"name":"LED Bar","item":"https:\/\/www.alldayled.com\/de\/produkt-kategorie\/scheinwerfer\/led-bar\/"},{"@type":"ListItem","position":5,"name":"Strands Siberia LED bar SR &#8211; 12 Zoll"}]},{"@type":"WebSite","@id":"https:\/\/www.alldayled.com\/de\/#website","url":"https:\/\/www.alldayled.com\/de\/","name":"All Day Led","description":"Verlichting voor 12&amp;24 volt gebruik","publisher":{"@id":"https:\/\/www.alldayled.com\/de\/#organization"},"potentialAction":[{"@type":"SearchAction","target":{"@type":"EntryPoint","urlTemplate":"https:\/\/www.alldayled.com\/de\/?s={search_term_string}"},"query-input":{"@type":"PropertyValueSpecification","valueRequired":true,"valueName":"search_term_string"}}],"inLanguage":"de"},{"@type":"Organization","@id":"https:\/\/www.alldayled.com\/de\/#organization","name":"All Day Led","url":"https:\/\/www.alldayled.com\/de\/","logo":{"@type":"ImageObject","inLanguage":"de","@id":"https:\/\/www.alldayled.com\/de\/#\/schema\/logo\/image\/","url":"https:\/\/www.alldayled.com\/wp-content\/uploads\/2025\/10\/Logo-ALL-DAY-LED-800x800-zwart-witte-letters.png","contentUrl":"https:\/\/www.alldayled.com\/wp-content\/uploads\/2025\/10\/Logo-ALL-DAY-LED-800x800-zwart-witte-letters.png","width":800,"height":800,"caption":"All Day Led"},"image":{"@id":"https:\/\/www.alldayled.com\/de\/#\/schema\/logo\/image\/"},"sameAs":["https:\/\/www.facebook.com\/alldayled\/","https:\/\/www.instagram.com\/alldayled\/"],"vatID":"NL863960133B01","taxID":"86416545"}]},"product_brand":"Strands","product_price_amount":"134.25","product_price_currency":"EUR","og_availability":"instock","product_availability":"instock","product_retailer_item_id":"ADL809170","product_condition":"new"},"_links":{"self":[{"href":"https:\/\/www.alldayled.com\/de\/wp-json\/wp\/v2\/product\/68157","targetHints":{"allow":["GET"]}}],"collection":[{"href":"https:\/\/www.alldayled.com\/de\/wp-json\/wp\/v2\/product"}],"about":[{"href":"https:\/\/www.alldayled.com\/de\/wp-json\/wp\/v2\/types\/product"}],"replies":[{"embeddable":true,"href":"https:\/\/www.alldayled.com\/de\/wp-json\/wp\/v2\/comments?post=68157"}],"wp:featuredmedia":[{"embeddable":true,"href":"https:\/\/www.alldayled.com\/de\/wp-json\/wp\/v2\/media\/17733"}],"wp:attachment":[{"href":"https:\/\/www.alldayled.com\/de\/wp-json\/wp\/v2\/media?parent=68157"}],"wp:term":[{"taxonomy":"product_brand","embeddable":true,"href":"https:\/\/www.alldayled.com\/de\/wp-json\/wp\/v2\/product_brand?post=68157"},{"taxonomy":"product_cat","embeddable":true,"href":"https:\/\/www.alldayled.com\/de\/wp-json\/wp\/v2\/product_cat?post=68157"},{"taxonomy":"product_tag","embeddable":true,"href":"https:\/\/www.alldayled.com\/de\/wp-json\/wp\/v2\/product_tag?post=68157"}],"curies":[{"name":"wp","href":"https:\/\/api.w.org\/{rel}","templated":true}]}}