{"id":68172,"date":"2021-01-25T15:43:11","date_gmt":"2021-01-25T14:43:11","guid":{"rendered":"https:\/\/www.alldayled.com\/product\/strands-siberia-led-bar-dr-498w-50-inch\/"},"modified":"2026-03-18T14:47:46","modified_gmt":"2026-03-18T13:47:46","slug":"strands-siberia-led-bar-dr-498w-50-inch","status":"publish","type":"product","link":"https:\/\/www.alldayled.com\/de\/produkt\/strands-siberia-led-bar-dr-498w-50-inch\/","title":{"rendered":"Strands Siberia LED bar DR &#8211; 50 Zoll"},"content":{"rendered":"<p><span style=\"color: #000000;\"><strong>Strands Siberia LED bar double row 50 Zoll, f\u00fcr 12 und 24 Volt Betrieb.<\/strong><\/span><\/p>\n<p><span style=\"color: #000000;\">M\u00f6chtest du dein Fahrzeug mit einem neuen oder zus\u00e4tzlichen LED Scheinwerfer ausstatten, aber wei\u00dft noch nicht genau, was du suchst? Dann ist die Strands Siberia DR LED bar 50Zoll vielleicht genau die richtige Lampe f\u00fcr dich. Diese 50\u201d LED bar verf\u00fcgt \u00fcber 96 helle LEDs und eine Lichtleistung von 38.400 Lumen. Dank des farbwechselnden Standlichts bist du sowohl tags\u00fcber als auch abends gut sichtbar. Die Siberia LED bar funktioniert mit 12 und 24 Volt, sodass du sie zum Beispiel an deinem Auto, LKW, Wohnmobil oder einem anderen Fahrzeug montieren kannst.    <\/span><\/p>\n<p><span style=\"color: #000000;\">Um sicherzustellen, dass der Strands Siberia DR 50Zoll LED Scheinwerfer f\u00fcr dein Fahrzeug geeignet ist, haben wir dir hier einige wichtige Eigenschaften aufgelistet. Der 50\u201d LED Scheinwerfer mit wechselndem Standlicht ist mit dem ECE R10 Pr\u00fcfzeichen versehen. Das bedeutet, dass die Lampe w\u00e4hrend des Betriebs keine St\u00f6rungen, zum Beispiel an deinem Radio, verursacht. Die LED-Lampe verf\u00fcgt auch \u00fcber das ECE R112 Pr\u00fcfzeichen, sodass du sie als Scheinwerfer verwenden darfst. Um das Ganze abzurunden, wird die LED-Lampe mit schwarz beschichtetem Edelstahl-Befestigungsmaterial geliefert.    <\/span><\/p>\n<h5><span style=\"color: #000000;\"><strong>Abmessungen:<\/strong><\/span><\/h5>\n<p><span style=\"color: #000000;\">Um sicherzustellen, dass du den Scheinwerfer montieren kannst, wo du m\u00f6chtest, haben wir dir hier die Abmessungen der Lampe notiert. Die Abmessungen des Strands Siberia DR 50Zoll Scheinwerfers sind wie folgt: <\/span><\/p>\n<ul>\n<li><span style=\"color: #000000;\">H\u00f6he: 76 mm (89 mm inkl. Befestigung)<\/span><\/li>\n<li><span style=\"color: #000000;\">Breite: 1276 mm<\/span><\/li>\n<li><span style=\"color: #000000;\">Dicke: 71,6 mm<\/span><\/li>\n<\/ul>\n<p><span style=\"color: #000000;\">Der Strands Siberia DR LED Scheinwerfer wird mit zwei Arten von Montagehalterungen geliefert. Mit der einen montierst du die Lampe von der Seite, mit der anderen von hinten. F\u00fcr eine bessere Vorstellung? Sieh dir dann Abbildung 5 an. M\u00f6chtest du die LED Lampe an einem Lampenb\u00fcgel montieren? Verwende dann die Strands Siberia Lampenb\u00fcgelklemme.     <\/span><\/p>\n<h5><span style=\"color: #000000;\"><strong>Weitere Abmessungen: <\/strong><\/span><\/h5>\n<p><span style=\"color: #000000;\">Ist die 50Zoll LED bar von Strands doch nicht die Gr\u00f6\u00dfe, die du suchst? Keine Sorge! Dieser double row LED Scheinwerfer ist auch in anderen Abmessungen erh\u00e4ltlich:  <\/span><\/p>\n<ul>\n<li><span style=\"color: #000000;\"><a style=\"color: #000000;\" href=\"https:\/\/www.alldayled.com\/de\/produkt\/strands-siberia-led-bar-dr-60w-8-inch\/\" target=\"_blank\" rel=\"noopener\"><strong>8 Zoll Strands LED bar double row<\/strong><\/a><\/span><\/li>\n<li><span style=\"color: #000000;\"><a style=\"color: #000000;\" href=\"https:\/\/www.alldayled.com\/de\/produkt\/strands-siberia-led-bar-dr-47w-12-inch\/\" target=\"_blank\" rel=\"noopener\"><strong>12 Zoll Strands LED bar Double Row <\/strong><\/a><strong><br \/>\n<\/strong><\/span><\/li>\n<li><span style=\"color: #000000;\"><a style=\"color: #000000;\" href=\"https:\/\/www.alldayled.com\/de\/produkt\/strands-siberia-led-bar-dr-194w-22-inch\/\" target=\"_blank\" rel=\"noopener\"><strong>22 Zoll Strands LED bar Double Row<\/strong><\/a><strong><br \/>\n<\/strong><\/span><\/li>\n<li><span style=\"color: #000000;\"><a style=\"color: #000000;\" href=\"https:\/\/www.alldayled.com\/de\/produkt\/strands-siberia-led-bar-dr-288w-32-inch\/\" target=\"_blank\" rel=\"noopener\"><strong>32 Zoll Strands LED bar Double Row<\/strong><\/a><strong><br \/>\n<\/strong><\/span><\/li>\n<li><span style=\"color: #000000;\"><a style=\"color: #000000;\" href=\"https:\/\/www.alldayled.com\/de\/produkt\/strands-siberia-led-bar-dr-412w-42-inch\/\" target=\"_blank\" rel=\"noopener\"><strong>42 Zoll Strands LED bar double row<\/strong><\/a><\/span><\/li>\n<\/ul>\n<p><span style=\"color: #000000;\">Bist du immer noch nicht \u00fcberzeugt, dass die Strands Siberia LED bar double row 50Zoll das ist, wonach du suchst? Einfach weil die Lichtleistung, Wattzahl oder Form nicht deinen W\u00fcnschen entspricht? Dann schau dir hier das komplette Angebot von <g id=\"gid_0\">Strands<\/g> an. Vielleicht findest du hier das Lampenmodell, das du suchst!   <\/span><\/p>\n","protected":false},"excerpt":{"rendered":"<p>Diese leistungsstarke 50&#8243; LED bar liefert 38.400 Lumen mit wechselndem Standlicht &#8211; f\u00fcr 12\/24V.<\/p>\n","protected":false},"featured_media":18633,"comment_status":"open","ping_status":"closed","template":"","meta":{"_acf_changed":false},"product_brand":[5048],"product_cat":[3107,3102],"product_tag":[3799,3800,3801,3802,3803,3807,3805,3806,3804,3134,3273,3808,3412,3413,3809,3810],"class_list":{"0":"post-68172","1":"product","2":"type-product","3":"status-publish","4":"has-post-thumbnail","6":"product_brand-product-strands-lighting-division","7":"product_cat-led-bar","8":"product_cat-strands-siberia","9":"product_tag-led-bar","10":"product_tag-led-bar-auto","11":"product_tag-led-bar-vrachtwagen","12":"product_tag-led-verstraler","13":"product_tag-led-verstraler-auto","14":"product_tag-led-verstraler-vrachtwagen","15":"product_tag-led-verstraler-pickup","16":"product_tag-led-verstraler-tractor","17":"product_tag-led-verstraler-camper","18":"product_tag-led-werklamp","19":"product_tag-verstraler-met-stadslicht","20":"product_tag-strands-led-werklamp","21":"product_tag-strands-led-verlichting","22":"product_tag-strands-lighting-division","23":"product_tag-strands-siberia-led-bar","24":"product_tag-strands-siberia-verstraler","26":"first","27":"outofstock","28":"taxable","29":"shipping-taxable","30":"purchasable","31":"product-type-simple"},"acf":[],"yoast_head":"<!-- This site is optimized with the Yoast SEO Premium plugin v26.5 (Yoast SEO v27.1.1) - https:\/\/yoast.com\/product\/yoast-seo-premium-wordpress\/ -->\n<title>Strands Siberia DR 50Zoll - LED bar - All Day Led - 12&amp;24 volt<\/title>\n<meta name=\"description\" content=\"Strands Siberia DR 50Zoll LED bar - 1 LUX @ 573 Meter \/ 38.400 Lumen - ECE R112 Pr\u00fcfzeichen - Auto, LKW, Traktor, Wohnmobil und mehr - f\u00fcr 12&amp;24 volt\" \/>\n<meta name=\"robots\" content=\"index, follow, max-snippet:-1, max-image-preview:large, max-video-preview:-1\" \/>\n<link rel=\"canonical\" href=\"https:\/\/www.alldayled.com\/de\/produkt\/strands-siberia-led-bar-dr-498w-50-inch\/\" \/>\n<meta property=\"og:locale\" content=\"de_DE\" \/>\n<meta property=\"og:type\" content=\"article\" \/>\n<meta property=\"og:title\" content=\"Strands Siberia DR 50Zoll - LED bar - All Day Led - 12&amp;24 volt\" \/>\n<meta property=\"og:description\" content=\"Strands Siberia DR 50Zoll LED bar - 1 LUX @ 573 Meter \/ 38.400 Lumen - ECE R112 Pr\u00fcfzeichen - Auto, LKW, Traktor, Wohnmobil und mehr - f\u00fcr 12&amp;24 volt\" \/>\n<meta property=\"og:url\" content=\"https:\/\/www.alldayled.com\/de\/produkt\/strands-siberia-led-bar-dr-498w-50-inch\/\" \/>\n<meta property=\"og:site_name\" content=\"All Day Led\" \/>\n<meta property=\"article:publisher\" content=\"https:\/\/www.facebook.com\/alldayled\/\" \/>\n<meta property=\"article:modified_time\" content=\"2026-03-18T13:47:46+00:00\" \/>\n<meta property=\"og:image\" content=\"https:\/\/www.alldayled.com\/wp-content\/uploads\/2024\/08\/ADL809184.01-300x300.png\" \/>\n<meta name=\"twitter:label1\" content=\"Preis\" \/>\n\t<meta name=\"twitter:data1\" content=\"&euro;&nbsp;679,00\" \/>\n\t<meta name=\"twitter:label2\" content=\"Verf\u00fcgbarkeit\" \/>\n\t<meta name=\"twitter:data2\" content=\"ausverkauft\" \/>\n<script type=\"application\/ld+json\" class=\"yoast-schema-graph\">{\"@context\":\"https:\/\/schema.org\",\"@graph\":[{\"@type\":\"WebPage\",\"@id\":\"https:\/\/www.alldayled.com\/de\/produkt\/strands-siberia-led-bar-dr-498w-50-inch\/\",\"url\":\"https:\/\/www.alldayled.com\/de\/produkt\/strands-siberia-led-bar-dr-498w-50-inch\/\",\"name\":\"Strands Siberia DR 50Zoll - LED bar - All Day Led - 12&24 volt\",\"isPartOf\":{\"@id\":\"https:\/\/www.alldayled.com\/de\/#website\"},\"primaryImageOfPage\":{\"@id\":\"https:\/\/www.alldayled.com\/de\/produkt\/strands-siberia-led-bar-dr-498w-50-inch\/#primaryimage\"},\"image\":{\"@id\":\"https:\/\/www.alldayled.com\/de\/produkt\/strands-siberia-led-bar-dr-498w-50-inch\/#primaryimage\"},\"thumbnailUrl\":\"https:\/\/www.alldayled.com\/wp-content\/uploads\/2021\/01\/ADL89184.-Siberia-DR50inch.png\",\"datePublished\":\"2021-01-25T14:43:11+00:00\",\"dateModified\":\"2026-03-18T13:47:46+00:00\",\"description\":\"Strands Siberia DR 50Zoll LED bar - 1 LUX @ 573 Meter \/ 38.400 Lumen - ECE R112 Pr\u00fcfzeichen - Auto, LKW, Traktor, Wohnmobil und mehr - f\u00fcr 12&24 volt\",\"breadcrumb\":{\"@id\":\"https:\/\/www.alldayled.com\/de\/produkt\/strands-siberia-led-bar-dr-498w-50-inch\/#breadcrumb\"},\"inLanguage\":\"de\",\"potentialAction\":[{\"@type\":\"ReadAction\",\"target\":[\"https:\/\/www.alldayled.com\/de\/produkt\/strands-siberia-led-bar-dr-498w-50-inch\/\"]}]},{\"@type\":\"ImageObject\",\"inLanguage\":\"de\",\"@id\":\"https:\/\/www.alldayled.com\/de\/produkt\/strands-siberia-led-bar-dr-498w-50-inch\/#primaryimage\",\"url\":\"https:\/\/www.alldayled.com\/wp-content\/uploads\/2021\/01\/ADL89184.-Siberia-DR50inch.png\",\"contentUrl\":\"https:\/\/www.alldayled.com\/wp-content\/uploads\/2021\/01\/ADL89184.-Siberia-DR50inch.png\",\"width\":800,\"height\":600,\"caption\":\"Strands Siberia LED bar 498W double row 50 Zoll - LED-Balken f\u00fcr 12 und 24 Volt - EAN: 7323030183837\"},{\"@type\":\"BreadcrumbList\",\"@id\":\"https:\/\/www.alldayled.com\/de\/produkt\/strands-siberia-led-bar-dr-498w-50-inch\/#breadcrumb\",\"itemListElement\":[{\"@type\":\"ListItem\",\"position\":1,\"name\":\"Home\",\"item\":\"https:\/\/www.alldayled.com\/de\/\"},{\"@type\":\"ListItem\",\"position\":2,\"name\":\"Shop\",\"item\":\"https:\/\/www.alldayled.com\/de\/shop\/\"},{\"@type\":\"ListItem\",\"position\":3,\"name\":\"Scheinwerfer\",\"item\":\"https:\/\/www.alldayled.com\/de\/produkt-kategorie\/scheinwerfer\/\"},{\"@type\":\"ListItem\",\"position\":4,\"name\":\"LED Bar\",\"item\":\"https:\/\/www.alldayled.com\/de\/produkt-kategorie\/scheinwerfer\/led-bar\/\"},{\"@type\":\"ListItem\",\"position\":5,\"name\":\"Strands Siberia LED bar DR &#8211; 50 Zoll\"}]},{\"@type\":\"WebSite\",\"@id\":\"https:\/\/www.alldayled.com\/de\/#website\",\"url\":\"https:\/\/www.alldayled.com\/de\/\",\"name\":\"All Day Led\",\"description\":\"Verlichting voor 12&amp;24 volt gebruik\",\"publisher\":{\"@id\":\"https:\/\/www.alldayled.com\/de\/#organization\"},\"potentialAction\":[{\"@type\":\"SearchAction\",\"target\":{\"@type\":\"EntryPoint\",\"urlTemplate\":\"https:\/\/www.alldayled.com\/de\/?s={search_term_string}\"},\"query-input\":{\"@type\":\"PropertyValueSpecification\",\"valueRequired\":true,\"valueName\":\"search_term_string\"}}],\"inLanguage\":\"de\"},{\"@type\":\"Organization\",\"@id\":\"https:\/\/www.alldayled.com\/de\/#organization\",\"name\":\"All Day Led\",\"url\":\"https:\/\/www.alldayled.com\/de\/\",\"logo\":{\"@type\":\"ImageObject\",\"inLanguage\":\"de\",\"@id\":\"https:\/\/www.alldayled.com\/de\/#\/schema\/logo\/image\/\",\"url\":\"https:\/\/www.alldayled.com\/wp-content\/uploads\/2025\/10\/Logo-ALL-DAY-LED-800x800-zwart-witte-letters.png\",\"contentUrl\":\"https:\/\/www.alldayled.com\/wp-content\/uploads\/2025\/10\/Logo-ALL-DAY-LED-800x800-zwart-witte-letters.png\",\"width\":800,\"height\":800,\"caption\":\"All Day Led\"},\"image\":{\"@id\":\"https:\/\/www.alldayled.com\/de\/#\/schema\/logo\/image\/\"},\"sameAs\":[\"https:\/\/www.facebook.com\/alldayled\/\",\"https:\/\/www.instagram.com\/alldayled\/\"],\"vatID\":\"NL863960133B01\",\"taxID\":\"86416545\"}]}<\/script>\n<meta property=\"product:brand\" content=\"Strands\" \/>\n<meta property=\"product:price:amount\" content=\"679.00\" \/>\n<meta property=\"product:price:currency\" content=\"EUR\" \/>\n<meta property=\"og:availability\" content=\"out of stock\" \/>\n<meta property=\"product:availability\" content=\"out of stock\" \/>\n<meta property=\"product:retailer_item_id\" content=\"ADL809184\" \/>\n<meta property=\"product:condition\" content=\"new\" \/>\n<!-- \/ Yoast SEO Premium plugin. -->","yoast_head_json":{"title":"Strands Siberia DR 50Zoll - LED bar - All Day Led - 12&24 volt","description":"Strands Siberia DR 50Zoll LED bar - 1 LUX @ 573 Meter \/ 38.400 Lumen - ECE R112 Pr\u00fcfzeichen - Auto, LKW, Traktor, Wohnmobil und mehr - f\u00fcr 12&24 volt","robots":{"index":"index","follow":"follow","max-snippet":"max-snippet:-1","max-image-preview":"max-image-preview:large","max-video-preview":"max-video-preview:-1"},"canonical":"https:\/\/www.alldayled.com\/de\/produkt\/strands-siberia-led-bar-dr-498w-50-inch\/","og_locale":"de_DE","og_type":"article","og_title":"Strands Siberia DR 50Zoll - LED bar - All Day Led - 12&24 volt","og_description":"Strands Siberia DR 50Zoll LED bar - 1 LUX @ 573 Meter \/ 38.400 Lumen - ECE R112 Pr\u00fcfzeichen - Auto, LKW, Traktor, Wohnmobil und mehr - f\u00fcr 12&24 volt","og_url":"https:\/\/www.alldayled.com\/de\/produkt\/strands-siberia-led-bar-dr-498w-50-inch\/","og_site_name":"All Day Led","article_publisher":"https:\/\/www.facebook.com\/alldayled\/","article_modified_time":"2026-03-18T13:47:46+00:00","og_image":[{"url":"https:\/\/www.alldayled.com\/wp-content\/uploads\/2024\/08\/ADL809184.01-300x300.png","type":"","width":"","height":""}],"twitter_misc":{"Preis":"&euro;&nbsp;679,00","Verf\u00fcgbarkeit":"ausverkauft"},"schema":{"@context":"https:\/\/schema.org","@graph":[{"@type":"WebPage","@id":"https:\/\/www.alldayled.com\/de\/produkt\/strands-siberia-led-bar-dr-498w-50-inch\/","url":"https:\/\/www.alldayled.com\/de\/produkt\/strands-siberia-led-bar-dr-498w-50-inch\/","name":"Strands Siberia DR 50Zoll - LED bar - All Day Led - 12&24 volt","isPartOf":{"@id":"https:\/\/www.alldayled.com\/de\/#website"},"primaryImageOfPage":{"@id":"https:\/\/www.alldayled.com\/de\/produkt\/strands-siberia-led-bar-dr-498w-50-inch\/#primaryimage"},"image":{"@id":"https:\/\/www.alldayled.com\/de\/produkt\/strands-siberia-led-bar-dr-498w-50-inch\/#primaryimage"},"thumbnailUrl":"https:\/\/www.alldayled.com\/wp-content\/uploads\/2021\/01\/ADL89184.-Siberia-DR50inch.png","datePublished":"2021-01-25T14:43:11+00:00","dateModified":"2026-03-18T13:47:46+00:00","description":"Strands Siberia DR 50Zoll LED bar - 1 LUX @ 573 Meter \/ 38.400 Lumen - ECE R112 Pr\u00fcfzeichen - Auto, LKW, Traktor, Wohnmobil und mehr - f\u00fcr 12&24 volt","breadcrumb":{"@id":"https:\/\/www.alldayled.com\/de\/produkt\/strands-siberia-led-bar-dr-498w-50-inch\/#breadcrumb"},"inLanguage":"de","potentialAction":[{"@type":"ReadAction","target":["https:\/\/www.alldayled.com\/de\/produkt\/strands-siberia-led-bar-dr-498w-50-inch\/"]}]},{"@type":"ImageObject","inLanguage":"de","@id":"https:\/\/www.alldayled.com\/de\/produkt\/strands-siberia-led-bar-dr-498w-50-inch\/#primaryimage","url":"https:\/\/www.alldayled.com\/wp-content\/uploads\/2021\/01\/ADL89184.-Siberia-DR50inch.png","contentUrl":"https:\/\/www.alldayled.com\/wp-content\/uploads\/2021\/01\/ADL89184.-Siberia-DR50inch.png","width":800,"height":600,"caption":"Strands Siberia LED bar 498W double row 50 Zoll - LED-Balken f\u00fcr 12 und 24 Volt - EAN: 7323030183837"},{"@type":"BreadcrumbList","@id":"https:\/\/www.alldayled.com\/de\/produkt\/strands-siberia-led-bar-dr-498w-50-inch\/#breadcrumb","itemListElement":[{"@type":"ListItem","position":1,"name":"Home","item":"https:\/\/www.alldayled.com\/de\/"},{"@type":"ListItem","position":2,"name":"Shop","item":"https:\/\/www.alldayled.com\/de\/shop\/"},{"@type":"ListItem","position":3,"name":"Scheinwerfer","item":"https:\/\/www.alldayled.com\/de\/produkt-kategorie\/scheinwerfer\/"},{"@type":"ListItem","position":4,"name":"LED Bar","item":"https:\/\/www.alldayled.com\/de\/produkt-kategorie\/scheinwerfer\/led-bar\/"},{"@type":"ListItem","position":5,"name":"Strands Siberia LED bar DR &#8211; 50 Zoll"}]},{"@type":"WebSite","@id":"https:\/\/www.alldayled.com\/de\/#website","url":"https:\/\/www.alldayled.com\/de\/","name":"All Day Led","description":"Verlichting voor 12&amp;24 volt gebruik","publisher":{"@id":"https:\/\/www.alldayled.com\/de\/#organization"},"potentialAction":[{"@type":"SearchAction","target":{"@type":"EntryPoint","urlTemplate":"https:\/\/www.alldayled.com\/de\/?s={search_term_string}"},"query-input":{"@type":"PropertyValueSpecification","valueRequired":true,"valueName":"search_term_string"}}],"inLanguage":"de"},{"@type":"Organization","@id":"https:\/\/www.alldayled.com\/de\/#organization","name":"All Day Led","url":"https:\/\/www.alldayled.com\/de\/","logo":{"@type":"ImageObject","inLanguage":"de","@id":"https:\/\/www.alldayled.com\/de\/#\/schema\/logo\/image\/","url":"https:\/\/www.alldayled.com\/wp-content\/uploads\/2025\/10\/Logo-ALL-DAY-LED-800x800-zwart-witte-letters.png","contentUrl":"https:\/\/www.alldayled.com\/wp-content\/uploads\/2025\/10\/Logo-ALL-DAY-LED-800x800-zwart-witte-letters.png","width":800,"height":800,"caption":"All Day Led"},"image":{"@id":"https:\/\/www.alldayled.com\/de\/#\/schema\/logo\/image\/"},"sameAs":["https:\/\/www.facebook.com\/alldayled\/","https:\/\/www.instagram.com\/alldayled\/"],"vatID":"NL863960133B01","taxID":"86416545"}]},"product_brand":"Strands","product_price_amount":"679.00","product_price_currency":"EUR","og_availability":"out of stock","product_availability":"out of stock","product_retailer_item_id":"ADL809184","product_condition":"new"},"_links":{"self":[{"href":"https:\/\/www.alldayled.com\/de\/wp-json\/wp\/v2\/product\/68172","targetHints":{"allow":["GET"]}}],"collection":[{"href":"https:\/\/www.alldayled.com\/de\/wp-json\/wp\/v2\/product"}],"about":[{"href":"https:\/\/www.alldayled.com\/de\/wp-json\/wp\/v2\/types\/product"}],"replies":[{"embeddable":true,"href":"https:\/\/www.alldayled.com\/de\/wp-json\/wp\/v2\/comments?post=68172"}],"wp:featuredmedia":[{"embeddable":true,"href":"https:\/\/www.alldayled.com\/de\/wp-json\/wp\/v2\/media\/18633"}],"wp:attachment":[{"href":"https:\/\/www.alldayled.com\/de\/wp-json\/wp\/v2\/media?parent=68172"}],"wp:term":[{"taxonomy":"product_brand","embeddable":true,"href":"https:\/\/www.alldayled.com\/de\/wp-json\/wp\/v2\/product_brand?post=68172"},{"taxonomy":"product_cat","embeddable":true,"href":"https:\/\/www.alldayled.com\/de\/wp-json\/wp\/v2\/product_cat?post=68172"},{"taxonomy":"product_tag","embeddable":true,"href":"https:\/\/www.alldayled.com\/de\/wp-json\/wp\/v2\/product_tag?post=68172"}],"curies":[{"name":"wp","href":"https:\/\/api.w.org\/{rel}","templated":true}]}}