{"id":68177,"date":"2021-01-22T15:12:28","date_gmt":"2021-01-22T14:12:28","guid":{"rendered":"https:\/\/www.alldayled.com\/product\/strands-siberia-led-bar-dr-47w-12-inch\/"},"modified":"2026-02-26T10:42:49","modified_gmt":"2026-02-26T09:42:49","slug":"strands-siberia-led-bar-dr-47w-12-inch","status":"publish","type":"product","link":"https:\/\/www.alldayled.com\/de\/produkt\/strands-siberia-led-bar-dr-47w-12-inch\/","title":{"rendered":"Strands Siberia LED bar DR &#8211; 12 Zoll"},"content":{"rendered":"<p><span style=\"color: #000000;\"><strong>Strands Siberia LED bar double row 12 Zoll, f\u00fcr 12 und 24 Volt Betrieb.<\/strong><\/span><\/p>\n<p><span style=\"color: #000000;\">M\u00f6chten Sie Ihr Fahrzeug mit einem neuen oder zus\u00e4tzlichen LED Scheinwerfer ausstatten, wissen aber noch nicht genau, was Sie suchen? Dann ist die Strands Siberia DR LED bar 12 Zoll vielleicht die richtige Lampe f\u00fcr Sie. Diese 12\u201d LED bar hat 20 helle LEDs und eine Lichtleistung von 4800 Lumen. Dank des farbwechselnden Standlichts sind Sie sowohl tags\u00fcber als auch abends gut sichtbar. Die Siberia LED bar funktioniert mit 12 und 24 Volt, sodass Sie sie beispielsweise an Ihrem Auto, LKW, Camper oder einem anderen Fahrzeug montieren k\u00f6nnen.    <\/span><\/p>\n<p><span style=\"color: #000000;\">Um sicherzustellen, dass der Strands Siberia DR 12 Zoll LED Scheinwerfer f\u00fcr Ihr Fahrzeug geeignet ist, haben wir im Folgenden einige wichtige Eigenschaften aufgelistet. Der 12\u201d LED Scheinwerfer mit wechselndem Standlicht ist mit dem ECE R10-Pr\u00fcfzeichen versehen. Dies bedeutet, dass die Lampe w\u00e4hrend des Betriebs keine St\u00f6rungen verursacht, beispielsweise an Ihrem Radio. Au\u00dferdem hat die LED Lampe das ECE R112-Pr\u00fcfzeichen, sodass Sie sie als Scheinwerfer verwenden d\u00fcrfen. Um das Ganze abzurunden, wird die LED Lampe mit schwarz beschichtetem RVS-Befestigungsmaterial geliefert.    <\/span><\/p>\n<h5><span style=\"color: #000000;\"><strong>Abmessungen:<\/strong><\/span><\/h5>\n<p><span style=\"color: #000000;\">Um sicherzustellen, dass Sie den Scheinwerfer dort montieren k\u00f6nnen, wo Sie m\u00f6chten, haben wir im Folgenden die Abmessungen der Lampe notiert. Die Abmessungen des Strands Siberia DR 12 Zoll Scheinwerfers sind wie folgt <\/span><\/p>\n<ul>\n<li><span style=\"color: #000000;\">H\u00f6he: 76 mm (89 mm inkl. Befestigung)<\/span><\/li>\n<li><span style=\"color: #000000;\">Breite: 307 mm<\/span><\/li>\n<li><span style=\"color: #000000;\">Dicke: 71,6 mm<\/span><\/li>\n<\/ul>\n<p><span style=\"color: #000000;\">Der Strands Siberia DR LED Scheinwerfer wird mit zwei Arten von Montagehalterungen geliefert. Mit der einen montierst du die Lampe von der Seite, mit der anderen von hinten. F\u00fcr eine bessere Vorstellung? Sieh dir dann Abbildung 5 an. M\u00f6chtest du die LED Lampe an einem Lampenb\u00fcgel montieren? Verwende dann die Strands Siberia Lampenb\u00fcgelklemme.     <\/span><\/p>\n<h5><span style=\"color: #000000;\"><strong>Weitere Abmessungen: <\/strong><\/span><\/h5>\n<p><span style=\"color: #000000;\">Ist die 12 Zoll LED bar von Strands doch nicht die Gr\u00f6\u00dfe, die Sie suchen? Keine Sorge! Dieser double row LED Scheinwerfer ist auch in anderen Abmessungen erh\u00e4ltlich:  <\/span><\/p>\n<ul>\n<li><span style=\"color: #000000;\"><a style=\"color: #000000;\" href=\"https:\/\/www.alldayled.com\/de\/produkt\/strands-siberia-led-bar-dr-60w-8-inch\/\" target=\"_blank\" rel=\"noopener\"><strong>8 Zoll Strands LED bar double row<\/strong><\/a><\/span><\/li>\n<li><span style=\"color: #000000;\"><a style=\"color: #000000;\" href=\"https:\/\/www.alldayled.com\/de\/produkt\/strands-siberia-led-bar-dr-194w-22-inch\/\" target=\"_blank\" rel=\"noopener\"><strong>22 Zoll Strands LED bar Double Row<\/strong><\/a><\/span><\/li>\n<li><span style=\"color: #000000;\"><a style=\"color: #000000;\" href=\"https:\/\/www.alldayled.com\/de\/produkt\/strands-siberia-led-bar-dr-288w-32-inch\/\" target=\"_blank\" rel=\"noopener\"><strong>32 Zoll Strands LED bar Double Row<\/strong><\/a><\/span><\/li>\n<li><span style=\"color: #000000;\"><a style=\"color: #000000;\" href=\"https:\/\/www.alldayled.com\/de\/produkt\/strands-siberia-led-bar-dr-412w-42-inch\/\" target=\"_blank\" rel=\"noopener\"><strong>42 Zoll Strands LED bar double row<\/strong><\/a><\/span><\/li>\n<li><span style=\"color: #000000;\"><a style=\"color: #000000;\" href=\"https:\/\/www.alldayled.com\/de\/produkt\/strands-siberia-led-bar-dr-498w-50-inch\/\" target=\"_blank\" rel=\"noopener\"><strong>50 Zoll Strands LED bar Double Row<\/strong><\/a><\/span><\/li>\n<\/ul>\n<p><span style=\"color: #000000;\">Sind Sie immer noch nicht \u00fcberzeugt, dass die Strands Siberia LED bar double row 12 Zoll das ist, wonach Sie suchen? Einfach weil die Lichtleistung, die Wattzahl oder die Form nicht Ihren W\u00fcnschen entspricht? Dann sehen Sie sich hier das komplette Angebot von <a style=\"color: #000000;\" href=\"https:\/\/www.alldayled.com\/de\/marke\/product-strands-lighting-division\/\" target=\"_blank\" rel=\"noopener\">Strands<\/a> an. Vielleicht finden Sie hier das Modell Lampe, das Sie suchen!   <\/span><\/p>\n","protected":false},"excerpt":{"rendered":"<p>Diese leistungsstarke 12&#8243; LED bar liefert 4800 Lumen mit wechselndem Standlicht &#8211; f\u00fcr 12\/24V.<\/p>\n","protected":false},"featured_media":18513,"comment_status":"open","ping_status":"closed","template":"","meta":{"_acf_changed":false},"product_brand":[5114],"product_cat":[5386,5359],"product_tag":[9161,9162,9163,9164,9075,9079,9077,9078,9076,9057,9032,9074,9066,9064,9065,9165,9080],"class_list":{"0":"post-68177","1":"product","2":"type-product","3":"status-publish","4":"has-post-thumbnail","6":"product_brand-product-strands-lighting-division","7":"product_cat-led-bar","8":"product_cat-strands-siberia","9":"product_tag-led-bar","10":"product_tag-led-bar-auto","11":"product_tag-led-bar-lkw","12":"product_tag-led-scheinwerfer","13":"product_tag-led-scheinwerfer-auto","14":"product_tag-led-scheinwerfer-lkw","15":"product_tag-led-scheinwerfer-tonabnehmer","16":"product_tag-led-scheinwerfer-traktor","17":"product_tag-led-scheinwerfer-wohnmobil","18":"product_tag-led-arbeitsleuchte","19":"product_tag-sale","20":"product_tag-scheinwerfer-mit-stadtlicht","21":"product_tag-strands-led-arbeitsleuchte","22":"product_tag-strands-led-beleuchtung","23":"product_tag-strands-lighting-division","24":"product_tag-strands-siberia-led-bar","25":"product_tag-strands-siberia-scheinwerfer","27":"first","28":"instock","29":"sale","30":"taxable","31":"shipping-taxable","32":"purchasable","33":"product-type-simple"},"acf":[],"yoast_head":"<!-- This site is optimized with the Yoast SEO Premium plugin v26.5 (Yoast SEO v27.1.1) - https:\/\/yoast.com\/product\/yoast-seo-premium-wordpress\/ -->\n<title>Strands Siberia DR 12 Zoll - LED bar - All Day Led - 12&amp;24 volt<\/title>\n<meta name=\"description\" content=\"Strands Siberia DR 12 Zoll LED bar - 1 LUX @ 437 Meter - ECE R112 Pr\u00fcfzeichen - Auto, LKW, Traktor, Camper und mehr - f\u00fcr 12&amp;24 volt Betrieb - IP67\/69K\" \/>\n<meta name=\"robots\" content=\"index, follow, max-snippet:-1, max-image-preview:large, max-video-preview:-1\" \/>\n<link rel=\"canonical\" href=\"https:\/\/www.alldayled.com\/de\/produkt\/strands-siberia-led-bar-dr-47w-12-inch\/\" \/>\n<meta property=\"og:locale\" content=\"de_DE\" \/>\n<meta property=\"og:type\" content=\"article\" \/>\n<meta property=\"og:title\" content=\"Strands Siberia DR 12 Zoll - LED bar - All Day Led - 12&amp;24 volt\" \/>\n<meta property=\"og:description\" content=\"Strands Siberia DR 12 Zoll LED bar - 1 LUX @ 437 Meter - ECE R112 Pr\u00fcfzeichen - Auto, LKW, Traktor, Camper und mehr - f\u00fcr 12&amp;24 volt Betrieb - IP67\/69K\" \/>\n<meta property=\"og:url\" content=\"https:\/\/www.alldayled.com\/de\/produkt\/strands-siberia-led-bar-dr-47w-12-inch\/\" \/>\n<meta property=\"og:site_name\" content=\"All Day Led\" \/>\n<meta property=\"article:publisher\" content=\"https:\/\/www.facebook.com\/alldayled\/\" \/>\n<meta property=\"article:modified_time\" content=\"2026-02-26T09:42:49+00:00\" \/>\n<meta property=\"og:image\" content=\"https:\/\/www.alldayled.com\/wp-content\/uploads\/2024\/08\/ADL809180.01-300x300.png\" \/>\n<meta name=\"twitter:label1\" content=\"Preis\" \/>\n\t<meta name=\"twitter:data1\" content=\"&euro;&nbsp;191,20\" \/>\n\t<meta name=\"twitter:label2\" content=\"Verf\u00fcgbarkeit\" \/>\n\t<meta name=\"twitter:data2\" content=\"Auf Lager\" \/>\n<script type=\"application\/ld+json\" class=\"yoast-schema-graph\">{\"@context\":\"https:\/\/schema.org\",\"@graph\":[{\"@type\":\"WebPage\",\"@id\":\"https:\/\/www.alldayled.com\/de\/produkt\/strands-siberia-led-bar-dr-47w-12-inch\/\",\"url\":\"https:\/\/www.alldayled.com\/de\/produkt\/strands-siberia-led-bar-dr-47w-12-inch\/\",\"name\":\"Strands Siberia DR 12 Zoll - LED bar - All Day Led - 12&24 volt\",\"isPartOf\":{\"@id\":\"https:\/\/www.alldayled.com\/de\/#website\"},\"primaryImageOfPage\":{\"@id\":\"https:\/\/www.alldayled.com\/de\/produkt\/strands-siberia-led-bar-dr-47w-12-inch\/#primaryimage\"},\"image\":{\"@id\":\"https:\/\/www.alldayled.com\/de\/produkt\/strands-siberia-led-bar-dr-47w-12-inch\/#primaryimage\"},\"thumbnailUrl\":\"https:\/\/www.alldayled.com\/wp-content\/uploads\/2021\/01\/ADL89180.-Siberia-DR12inch.png\",\"datePublished\":\"2021-01-22T14:12:28+00:00\",\"dateModified\":\"2026-02-26T09:42:49+00:00\",\"description\":\"Strands Siberia DR 12 Zoll LED bar - 1 LUX @ 437 Meter - ECE R112 Pr\u00fcfzeichen - Auto, LKW, Traktor, Camper und mehr - f\u00fcr 12&24 volt Betrieb - IP67\/69K\",\"breadcrumb\":{\"@id\":\"https:\/\/www.alldayled.com\/de\/produkt\/strands-siberia-led-bar-dr-47w-12-inch\/#breadcrumb\"},\"inLanguage\":\"de\",\"potentialAction\":[{\"@type\":\"ReadAction\",\"target\":[\"https:\/\/www.alldayled.com\/de\/produkt\/strands-siberia-led-bar-dr-47w-12-inch\/\"]}]},{\"@type\":\"ImageObject\",\"inLanguage\":\"de\",\"@id\":\"https:\/\/www.alldayled.com\/de\/produkt\/strands-siberia-led-bar-dr-47w-12-inch\/#primaryimage\",\"url\":\"https:\/\/www.alldayled.com\/wp-content\/uploads\/2021\/01\/ADL89180.-Siberia-DR12inch.png\",\"contentUrl\":\"https:\/\/www.alldayled.com\/wp-content\/uploads\/2021\/01\/ADL89180.-Siberia-DR12inch.png\",\"width\":800,\"height\":600,\"caption\":\"Strands Siberia LED bar 95W double row 12 Zoll - LED Balken f\u00fcr 12 und 24 Volt - EAN: 7323030183790\"},{\"@type\":\"BreadcrumbList\",\"@id\":\"https:\/\/www.alldayled.com\/de\/produkt\/strands-siberia-led-bar-dr-47w-12-inch\/#breadcrumb\",\"itemListElement\":[{\"@type\":\"ListItem\",\"position\":1,\"name\":\"Home\",\"item\":\"https:\/\/www.alldayled.com\/de\/\"},{\"@type\":\"ListItem\",\"position\":2,\"name\":\"Shop\",\"item\":\"https:\/\/www.alldayled.com\/de\/shop\/\"},{\"@type\":\"ListItem\",\"position\":3,\"name\":\"Scheinwerfer\",\"item\":\"https:\/\/www.alldayled.com\/de\/produkt-kategorie\/scheinwerfer\/\"},{\"@type\":\"ListItem\",\"position\":4,\"name\":\"LED Bar\",\"item\":\"https:\/\/www.alldayled.com\/de\/produkt-kategorie\/scheinwerfer\/led-bar\/\"},{\"@type\":\"ListItem\",\"position\":5,\"name\":\"Strands Siberia LED bar DR &#8211; 12 Zoll\"}]},{\"@type\":\"WebSite\",\"@id\":\"https:\/\/www.alldayled.com\/de\/#website\",\"url\":\"https:\/\/www.alldayled.com\/de\/\",\"name\":\"All Day Led\",\"description\":\"Verlichting voor 12&amp;24 volt gebruik\",\"publisher\":{\"@id\":\"https:\/\/www.alldayled.com\/de\/#organization\"},\"potentialAction\":[{\"@type\":\"SearchAction\",\"target\":{\"@type\":\"EntryPoint\",\"urlTemplate\":\"https:\/\/www.alldayled.com\/de\/?s={search_term_string}\"},\"query-input\":{\"@type\":\"PropertyValueSpecification\",\"valueRequired\":true,\"valueName\":\"search_term_string\"}}],\"inLanguage\":\"de\"},{\"@type\":\"Organization\",\"@id\":\"https:\/\/www.alldayled.com\/de\/#organization\",\"name\":\"All Day Led\",\"url\":\"https:\/\/www.alldayled.com\/de\/\",\"logo\":{\"@type\":\"ImageObject\",\"inLanguage\":\"de\",\"@id\":\"https:\/\/www.alldayled.com\/de\/#\/schema\/logo\/image\/\",\"url\":\"https:\/\/www.alldayled.com\/wp-content\/uploads\/2025\/10\/Logo-ALL-DAY-LED-800x800-zwart-witte-letters.png\",\"contentUrl\":\"https:\/\/www.alldayled.com\/wp-content\/uploads\/2025\/10\/Logo-ALL-DAY-LED-800x800-zwart-witte-letters.png\",\"width\":800,\"height\":800,\"caption\":\"All Day Led\"},\"image\":{\"@id\":\"https:\/\/www.alldayled.com\/de\/#\/schema\/logo\/image\/\"},\"sameAs\":[\"https:\/\/www.facebook.com\/alldayled\/\",\"https:\/\/www.instagram.com\/alldayled\/\"],\"vatID\":\"NL863960133B01\",\"taxID\":\"86416545\"}]}<\/script>\n<meta property=\"product:brand\" content=\"Strands\" \/>\n<meta property=\"product:price:amount\" content=\"191.20\" \/>\n<meta property=\"product:price:currency\" content=\"EUR\" \/>\n<meta property=\"og:availability\" content=\"instock\" \/>\n<meta property=\"product:availability\" content=\"instock\" \/>\n<meta property=\"product:retailer_item_id\" content=\"ADL809180\" \/>\n<meta property=\"product:condition\" content=\"new\" \/>\n<!-- \/ Yoast SEO Premium plugin. -->","yoast_head_json":{"title":"Strands Siberia DR 12 Zoll - LED bar - All Day Led - 12&24 volt","description":"Strands Siberia DR 12 Zoll LED bar - 1 LUX @ 437 Meter - ECE R112 Pr\u00fcfzeichen - Auto, LKW, Traktor, Camper und mehr - f\u00fcr 12&24 volt Betrieb - IP67\/69K","robots":{"index":"index","follow":"follow","max-snippet":"max-snippet:-1","max-image-preview":"max-image-preview:large","max-video-preview":"max-video-preview:-1"},"canonical":"https:\/\/www.alldayled.com\/de\/produkt\/strands-siberia-led-bar-dr-47w-12-inch\/","og_locale":"de_DE","og_type":"article","og_title":"Strands Siberia DR 12 Zoll - LED bar - All Day Led - 12&24 volt","og_description":"Strands Siberia DR 12 Zoll LED bar - 1 LUX @ 437 Meter - ECE R112 Pr\u00fcfzeichen - Auto, LKW, Traktor, Camper und mehr - f\u00fcr 12&24 volt Betrieb - IP67\/69K","og_url":"https:\/\/www.alldayled.com\/de\/produkt\/strands-siberia-led-bar-dr-47w-12-inch\/","og_site_name":"All Day Led","article_publisher":"https:\/\/www.facebook.com\/alldayled\/","article_modified_time":"2026-02-26T09:42:49+00:00","og_image":[{"url":"https:\/\/www.alldayled.com\/wp-content\/uploads\/2024\/08\/ADL809180.01-300x300.png","type":"","width":"","height":""}],"twitter_misc":{"Preis":"&euro;&nbsp;191,20","Verf\u00fcgbarkeit":"Auf Lager"},"schema":{"@context":"https:\/\/schema.org","@graph":[{"@type":"WebPage","@id":"https:\/\/www.alldayled.com\/de\/produkt\/strands-siberia-led-bar-dr-47w-12-inch\/","url":"https:\/\/www.alldayled.com\/de\/produkt\/strands-siberia-led-bar-dr-47w-12-inch\/","name":"Strands Siberia DR 12 Zoll - LED bar - All Day Led - 12&24 volt","isPartOf":{"@id":"https:\/\/www.alldayled.com\/de\/#website"},"primaryImageOfPage":{"@id":"https:\/\/www.alldayled.com\/de\/produkt\/strands-siberia-led-bar-dr-47w-12-inch\/#primaryimage"},"image":{"@id":"https:\/\/www.alldayled.com\/de\/produkt\/strands-siberia-led-bar-dr-47w-12-inch\/#primaryimage"},"thumbnailUrl":"https:\/\/www.alldayled.com\/wp-content\/uploads\/2021\/01\/ADL89180.-Siberia-DR12inch.png","datePublished":"2021-01-22T14:12:28+00:00","dateModified":"2026-02-26T09:42:49+00:00","description":"Strands Siberia DR 12 Zoll LED bar - 1 LUX @ 437 Meter - ECE R112 Pr\u00fcfzeichen - Auto, LKW, Traktor, Camper und mehr - f\u00fcr 12&24 volt Betrieb - IP67\/69K","breadcrumb":{"@id":"https:\/\/www.alldayled.com\/de\/produkt\/strands-siberia-led-bar-dr-47w-12-inch\/#breadcrumb"},"inLanguage":"de","potentialAction":[{"@type":"ReadAction","target":["https:\/\/www.alldayled.com\/de\/produkt\/strands-siberia-led-bar-dr-47w-12-inch\/"]}]},{"@type":"ImageObject","inLanguage":"de","@id":"https:\/\/www.alldayled.com\/de\/produkt\/strands-siberia-led-bar-dr-47w-12-inch\/#primaryimage","url":"https:\/\/www.alldayled.com\/wp-content\/uploads\/2021\/01\/ADL89180.-Siberia-DR12inch.png","contentUrl":"https:\/\/www.alldayled.com\/wp-content\/uploads\/2021\/01\/ADL89180.-Siberia-DR12inch.png","width":800,"height":600,"caption":"Strands Siberia LED bar 95W double row 12 Zoll - LED Balken f\u00fcr 12 und 24 Volt - EAN: 7323030183790"},{"@type":"BreadcrumbList","@id":"https:\/\/www.alldayled.com\/de\/produkt\/strands-siberia-led-bar-dr-47w-12-inch\/#breadcrumb","itemListElement":[{"@type":"ListItem","position":1,"name":"Home","item":"https:\/\/www.alldayled.com\/de\/"},{"@type":"ListItem","position":2,"name":"Shop","item":"https:\/\/www.alldayled.com\/de\/shop\/"},{"@type":"ListItem","position":3,"name":"Scheinwerfer","item":"https:\/\/www.alldayled.com\/de\/produkt-kategorie\/scheinwerfer\/"},{"@type":"ListItem","position":4,"name":"LED Bar","item":"https:\/\/www.alldayled.com\/de\/produkt-kategorie\/scheinwerfer\/led-bar\/"},{"@type":"ListItem","position":5,"name":"Strands Siberia LED bar DR &#8211; 12 Zoll"}]},{"@type":"WebSite","@id":"https:\/\/www.alldayled.com\/de\/#website","url":"https:\/\/www.alldayled.com\/de\/","name":"All Day Led","description":"Verlichting voor 12&amp;24 volt gebruik","publisher":{"@id":"https:\/\/www.alldayled.com\/de\/#organization"},"potentialAction":[{"@type":"SearchAction","target":{"@type":"EntryPoint","urlTemplate":"https:\/\/www.alldayled.com\/de\/?s={search_term_string}"},"query-input":{"@type":"PropertyValueSpecification","valueRequired":true,"valueName":"search_term_string"}}],"inLanguage":"de"},{"@type":"Organization","@id":"https:\/\/www.alldayled.com\/de\/#organization","name":"All Day Led","url":"https:\/\/www.alldayled.com\/de\/","logo":{"@type":"ImageObject","inLanguage":"de","@id":"https:\/\/www.alldayled.com\/de\/#\/schema\/logo\/image\/","url":"https:\/\/www.alldayled.com\/wp-content\/uploads\/2025\/10\/Logo-ALL-DAY-LED-800x800-zwart-witte-letters.png","contentUrl":"https:\/\/www.alldayled.com\/wp-content\/uploads\/2025\/10\/Logo-ALL-DAY-LED-800x800-zwart-witte-letters.png","width":800,"height":800,"caption":"All Day Led"},"image":{"@id":"https:\/\/www.alldayled.com\/de\/#\/schema\/logo\/image\/"},"sameAs":["https:\/\/www.facebook.com\/alldayled\/","https:\/\/www.instagram.com\/alldayled\/"],"vatID":"NL863960133B01","taxID":"86416545"}]},"product_brand":"Strands","product_price_amount":"191.20","product_price_currency":"EUR","og_availability":"instock","product_availability":"instock","product_retailer_item_id":"ADL809180","product_condition":"new"},"_links":{"self":[{"href":"https:\/\/www.alldayled.com\/de\/wp-json\/wp\/v2\/product\/68177","targetHints":{"allow":["GET"]}}],"collection":[{"href":"https:\/\/www.alldayled.com\/de\/wp-json\/wp\/v2\/product"}],"about":[{"href":"https:\/\/www.alldayled.com\/de\/wp-json\/wp\/v2\/types\/product"}],"replies":[{"embeddable":true,"href":"https:\/\/www.alldayled.com\/de\/wp-json\/wp\/v2\/comments?post=68177"}],"wp:featuredmedia":[{"embeddable":true,"href":"https:\/\/www.alldayled.com\/de\/wp-json\/wp\/v2\/media\/18513"}],"wp:attachment":[{"href":"https:\/\/www.alldayled.com\/de\/wp-json\/wp\/v2\/media?parent=68177"}],"wp:term":[{"taxonomy":"product_brand","embeddable":true,"href":"https:\/\/www.alldayled.com\/de\/wp-json\/wp\/v2\/product_brand?post=68177"},{"taxonomy":"product_cat","embeddable":true,"href":"https:\/\/www.alldayled.com\/de\/wp-json\/wp\/v2\/product_cat?post=68177"},{"taxonomy":"product_tag","embeddable":true,"href":"https:\/\/www.alldayled.com\/de\/wp-json\/wp\/v2\/product_tag?post=68177"}],"curies":[{"name":"wp","href":"https:\/\/api.w.org\/{rel}","templated":true}]}}