{"id":68179,"date":"2021-01-23T10:35:57","date_gmt":"2021-01-23T09:35:57","guid":{"rendered":"https:\/\/www.alldayled.com\/product\/strands-siberia-led-bar-dr-194w-22-inch\/"},"modified":"2026-04-17T20:59:07","modified_gmt":"2026-04-17T18:59:07","slug":"strands-siberia-led-bar-dr-194w-22-inch","status":"publish","type":"product","link":"https:\/\/www.alldayled.com\/de\/produkt\/strands-siberia-led-bar-dr-194w-22-inch\/","title":{"rendered":"Strands Siberia LED bar DR &#8211; 22 Zoll"},"content":{"rendered":"<p><span style=\"color: #000000;\"><strong>Strands Siberia LED bar Double Row 22 Zoll, f\u00fcr 12 und 24 Volt Betrieb.<\/strong><\/span><\/p>\n<p><span style=\"color: #000000;\">M\u00f6chtest du dein Fahrzeug mit einem neuen oder zus\u00e4tzlichen LED-Scheinwerfer ausstatten, wei\u00dft aber noch nicht genau, wonach du suchst? Dann ist die Strands Siberia DR LED bar 22Zoll vielleicht genau die richtige Lampe f\u00fcr dich. Diese 22\u201d LED bar verf\u00fcgt \u00fcber 40 helle LEDs und eine Lichtleistung von 16.000 Lumen. Dank des farbwechselnden Standlichts bist du sowohl tags\u00fcber als auch abends gut sichtbar. Die Siberia LED bar funktioniert mit 12 und 24 Volt, sodass du sie zum Beispiel an deinem Auto, LKW, Wohnmobil oder einem anderen Fahrzeug montieren kannst.    <\/span><\/p>\n<p><span style=\"color: #000000;\">Um sicherzustellen, dass der Strands Siberia DR 22Zoll LED-Scheinwerfer f\u00fcr dein Fahrzeug geeignet ist, haben wir unten ein paar wichtige Eigenschaften aufgelistet. Der 22\u201d LED-Scheinwerfer mit wechselndem Standlicht ist mit dem ECE R10 Pr\u00fcfzeichen versehen. Das bedeutet, dass die Lampe w\u00e4hrend des Betriebs keine St\u00f6rungen, zum Beispiel an deinem Radio, verursacht. Die LED-Lampe besitzt auch das ECE R112 Pr\u00fcfzeichen, sodass du sie als Scheinwerfer verwenden darfst. Um das Ganze abzurunden, wird die LED-Lampe mit schwarz beschichtetem Edelstahl-Befestigungsmaterial geliefert.    <\/span><\/p>\n<h5><span style=\"color: #000000;\"><strong>Abmessungen:<\/strong><\/span><\/h5>\n<p><span style=\"color: #000000;\">Um sicherzustellen, dass du den Scheinwerfer dort montieren kannst, wo du m\u00f6chtest, haben wir unten die Abmessungen der Lampe notiert. Die Abmessungen des Strands Siberia DR 22Zoll Scheinwerfers sind wie folgt: <\/span><\/p>\n<ul>\n<li><span style=\"color: #000000;\">H\u00f6he: 76 mm (89 mm inkl. Befestigung)<\/span><\/li>\n<li><span style=\"color: #000000;\">Breite: 562 mm<\/span><\/li>\n<li><span style=\"color: #000000;\">Dicke: 71,6 mm<\/span><\/li>\n<\/ul>\n<p><span style=\"color: #000000;\">Der Strands Siberia DR LED Scheinwerfer wird mit zwei Arten von Montagehalterungen geliefert. Mit der einen montierst du die Lampe von der Seite, mit der anderen von hinten. F\u00fcr eine bessere Vorstellung? Sieh dir dann Abbildung 5 an. M\u00f6chtest du die LED Lampe an einem Lampenb\u00fcgel montieren? Verwende dann die Strands Siberia Lampenb\u00fcgelklemme.     <\/span><\/p>\n<h5><span style=\"color: #000000;\"><strong>Weitere Abmessungen: <\/strong><\/span><\/h5>\n<p><span style=\"color: #000000;\">Ist die 22Zoll LED bar von Strands doch nicht die Gr\u00f6\u00dfe, die du suchst? Keine Sorge! Dieser Double Row LED-Scheinwerfer ist auch in anderen Abmessungen erh\u00e4ltlich:  <\/span><\/p>\n<ul>\n<li><span style=\"color: #000000;\"><a style=\"color: #000000;\" href=\"https:\/\/www.alldayled.com\/de\/produkt\/strands-siberia-led-bar-dr-60w-8-inch\/\" target=\"_blank\" rel=\"noopener\"><strong>8 Zoll Strands LED bar double row<\/strong><\/a><\/span><\/li>\n<li><span style=\"color: #000000;\"><a style=\"color: #000000;\" href=\"https:\/\/www.alldayled.com\/de\/produkt\/strands-siberia-led-bar-dr-47w-12-inch\/\" target=\"_blank\" rel=\"noopener\"><strong>12 Zoll Strands LED bar Double Row <\/strong><\/a><strong><br \/>\n<\/strong><\/span><\/li>\n<li><span style=\"color: #000000;\"><a style=\"color: #000000;\" href=\"https:\/\/www.alldayled.com\/de\/produkt\/strands-siberia-led-bar-dr-288w-32-inch\/\" target=\"_blank\" rel=\"noopener\"><strong>32 Zoll Strands LED bar Double Row<\/strong><\/a><strong><br \/>\n<\/strong><\/span><\/li>\n<li><span style=\"color: #000000;\"><a style=\"color: #000000;\" href=\"https:\/\/www.alldayled.com\/de\/produkt\/strands-siberia-led-bar-dr-412w-42-inch\/\" target=\"_blank\" rel=\"noopener\"><strong>42 Zoll Strands LED bar double row<\/strong><\/a><strong><br \/>\n<\/strong><\/span><\/li>\n<li><span style=\"color: #000000;\"><a style=\"color: #000000;\" href=\"https:\/\/www.alldayled.com\/de\/produkt\/strands-siberia-led-bar-dr-498w-50-inch\/\" target=\"_blank\" rel=\"noopener\"><strong>50 Zoll Strands LED bar Double Row<\/strong><\/a><\/span><\/li>\n<\/ul>\n<p><span style=\"color: #000000;\">Bist du immer noch nicht \u00fcberzeugt, dass die Strands Siberia LED bar Double Row 22Zoll das ist, wonach du suchst? Einfach weil die Lichtleistung, Wattzahl oder Form nicht deinen W\u00fcnschen entspricht? Dann sieh dir hier das komplette Angebot von <a style=\"color: #000000;\" href=\"https:\/\/www.alldayled.com\/de\/marke\/product-strands-lighting-division\/\" target=\"_blank\" rel=\"noopener\">Strands<\/a> an. Vielleicht findest du hier ja das Lampenmodell, das du suchst!   <\/span><\/p>\n","protected":false},"excerpt":{"rendered":"<p>Diese kr\u00e4ftige 22&#8243; LED bar liefert 16.000 Lumen mit wechselndem Standlicht &#8211; f\u00fcr 12\/24V.<\/p>\n","protected":false},"featured_media":18543,"comment_status":"open","ping_status":"closed","template":"","meta":{"_acf_changed":false},"product_brand":[5114],"product_cat":[5386,5359],"product_tag":[9161,9162,9163,9164,9075,9079,9077,9078,9076,9057,9032,9074,9066,9064,9065,9165,9080],"class_list":{"0":"post-68179","1":"product","2":"type-product","3":"status-publish","4":"has-post-thumbnail","6":"product_brand-product-strands-lighting-division","7":"product_cat-led-bar","8":"product_cat-strands-siberia","9":"product_tag-led-bar","10":"product_tag-led-bar-auto","11":"product_tag-led-bar-lkw","12":"product_tag-led-scheinwerfer","13":"product_tag-led-scheinwerfer-auto","14":"product_tag-led-scheinwerfer-lkw","15":"product_tag-led-scheinwerfer-tonabnehmer","16":"product_tag-led-scheinwerfer-traktor","17":"product_tag-led-scheinwerfer-wohnmobil","18":"product_tag-led-arbeitsleuchte","19":"product_tag-sale","20":"product_tag-scheinwerfer-mit-stadtlicht","21":"product_tag-strands-led-arbeitsleuchte","22":"product_tag-strands-led-beleuchtung","23":"product_tag-strands-lighting-division","24":"product_tag-strands-siberia-led-bar","25":"product_tag-strands-siberia-scheinwerfer","27":"first","28":"outofstock","29":"sale","30":"taxable","31":"shipping-taxable","32":"purchasable","33":"product-type-simple"},"acf":[],"yoast_head":"<!-- This site is optimized with the Yoast SEO Premium plugin v26.5 (Yoast SEO v27.1.1) - https:\/\/yoast.com\/product\/yoast-seo-premium-wordpress\/ -->\n<title>Strands Siberia DR 22Zoll - LED bar - All Day Led - 12&amp;24 volt<\/title>\n<meta name=\"description\" content=\"Strands Siberia DR 22Zoll LED bar - 1 LUX @ 450 Meter - ECE R112 Pr\u00fcfzeichen - Auto, LKW, Traktor, Wohnmobil und mehr - f\u00fcr 12&amp;24 Volt Betrieb - IP67\/69K\" \/>\n<meta name=\"robots\" content=\"index, follow, max-snippet:-1, max-image-preview:large, max-video-preview:-1\" \/>\n<link rel=\"canonical\" href=\"https:\/\/www.alldayled.com\/de\/produkt\/strands-siberia-led-bar-dr-194w-22-inch\/\" \/>\n<meta property=\"og:locale\" content=\"de_DE\" \/>\n<meta property=\"og:type\" content=\"article\" \/>\n<meta property=\"og:title\" content=\"Siberia LED bar 194W - Strands - 22 Zoll - All Day Led - 12&amp;24V\" \/>\n<meta property=\"og:description\" content=\"Siberia LED bar 194W Scheinwerfer 22 Zoll von Strands - 12&amp;24 volt - ECE R112 - Auto, LKW und mehr - mit LED-Standlicht - 16.000 Lumen\" \/>\n<meta property=\"og:url\" content=\"https:\/\/www.alldayled.com\/de\/produkt\/strands-siberia-led-bar-dr-194w-22-inch\/\" \/>\n<meta property=\"og:site_name\" content=\"All Day Led\" \/>\n<meta property=\"article:publisher\" content=\"https:\/\/www.facebook.com\/alldayled\/\" \/>\n<meta property=\"article:modified_time\" content=\"2026-04-17T18:59:07+00:00\" \/>\n<meta property=\"og:image\" content=\"https:\/\/www.alldayled.com\/wp-content\/uploads\/2024\/08\/ADL809181.01-300x300.png\" \/>\n<meta name=\"twitter:label1\" content=\"Preis\" \/>\n\t<meta name=\"twitter:data1\" content=\"&euro;&nbsp;271,20\" \/>\n\t<meta name=\"twitter:label2\" content=\"Verf\u00fcgbarkeit\" \/>\n\t<meta name=\"twitter:data2\" content=\"ausverkauft\" \/>\n<script type=\"application\/ld+json\" class=\"yoast-schema-graph\">{\"@context\":\"https:\/\/schema.org\",\"@graph\":[{\"@type\":\"WebPage\",\"@id\":\"https:\/\/www.alldayled.com\/de\/produkt\/strands-siberia-led-bar-dr-194w-22-inch\/\",\"url\":\"https:\/\/www.alldayled.com\/de\/produkt\/strands-siberia-led-bar-dr-194w-22-inch\/\",\"name\":\"Strands Siberia DR 22Zoll - LED bar - All Day Led - 12&24 volt\",\"isPartOf\":{\"@id\":\"https:\/\/www.alldayled.com\/de\/#website\"},\"primaryImageOfPage\":{\"@id\":\"https:\/\/www.alldayled.com\/de\/produkt\/strands-siberia-led-bar-dr-194w-22-inch\/#primaryimage\"},\"image\":{\"@id\":\"https:\/\/www.alldayled.com\/de\/produkt\/strands-siberia-led-bar-dr-194w-22-inch\/#primaryimage\"},\"thumbnailUrl\":\"https:\/\/www.alldayled.com\/wp-content\/uploads\/2021\/01\/ADL89181.-Siberia-DR22inch.png\",\"datePublished\":\"2021-01-23T09:35:57+00:00\",\"dateModified\":\"2026-04-17T18:59:07+00:00\",\"description\":\"Strands Siberia DR 22Zoll LED bar - 1 LUX @ 450 Meter - ECE R112 Pr\u00fcfzeichen - Auto, LKW, Traktor, Wohnmobil und mehr - f\u00fcr 12&24 Volt Betrieb - IP67\/69K\",\"breadcrumb\":{\"@id\":\"https:\/\/www.alldayled.com\/de\/produkt\/strands-siberia-led-bar-dr-194w-22-inch\/#breadcrumb\"},\"inLanguage\":\"de\",\"potentialAction\":[{\"@type\":\"ReadAction\",\"target\":[\"https:\/\/www.alldayled.com\/de\/produkt\/strands-siberia-led-bar-dr-194w-22-inch\/\"]}]},{\"@type\":\"ImageObject\",\"inLanguage\":\"de\",\"@id\":\"https:\/\/www.alldayled.com\/de\/produkt\/strands-siberia-led-bar-dr-194w-22-inch\/#primaryimage\",\"url\":\"https:\/\/www.alldayled.com\/wp-content\/uploads\/2021\/01\/ADL89181.-Siberia-DR22inch.png\",\"contentUrl\":\"https:\/\/www.alldayled.com\/wp-content\/uploads\/2021\/01\/ADL89181.-Siberia-DR22inch.png\",\"width\":800,\"height\":600,\"caption\":\"Strands Siberia LED bar 194W Double Row 22 Zoll - LED-Balken f\u00fcr 12 und 24 Volt - EAN: 7323030183790\"},{\"@type\":\"BreadcrumbList\",\"@id\":\"https:\/\/www.alldayled.com\/de\/produkt\/strands-siberia-led-bar-dr-194w-22-inch\/#breadcrumb\",\"itemListElement\":[{\"@type\":\"ListItem\",\"position\":1,\"name\":\"Home\",\"item\":\"https:\/\/www.alldayled.com\/de\/\"},{\"@type\":\"ListItem\",\"position\":2,\"name\":\"Shop\",\"item\":\"https:\/\/www.alldayled.com\/de\/shop\/\"},{\"@type\":\"ListItem\",\"position\":3,\"name\":\"Scheinwerfer\",\"item\":\"https:\/\/www.alldayled.com\/de\/produkt-kategorie\/scheinwerfer\/\"},{\"@type\":\"ListItem\",\"position\":4,\"name\":\"LED Bar\",\"item\":\"https:\/\/www.alldayled.com\/de\/produkt-kategorie\/scheinwerfer\/led-bar\/\"},{\"@type\":\"ListItem\",\"position\":5,\"name\":\"Strands Siberia LED bar DR &#8211; 22 Zoll\"}]},{\"@type\":\"WebSite\",\"@id\":\"https:\/\/www.alldayled.com\/de\/#website\",\"url\":\"https:\/\/www.alldayled.com\/de\/\",\"name\":\"All Day Led\",\"description\":\"Verlichting voor 12&amp;24 volt gebruik\",\"publisher\":{\"@id\":\"https:\/\/www.alldayled.com\/de\/#organization\"},\"potentialAction\":[{\"@type\":\"SearchAction\",\"target\":{\"@type\":\"EntryPoint\",\"urlTemplate\":\"https:\/\/www.alldayled.com\/de\/?s={search_term_string}\"},\"query-input\":{\"@type\":\"PropertyValueSpecification\",\"valueRequired\":true,\"valueName\":\"search_term_string\"}}],\"inLanguage\":\"de\"},{\"@type\":\"Organization\",\"@id\":\"https:\/\/www.alldayled.com\/de\/#organization\",\"name\":\"All Day Led\",\"url\":\"https:\/\/www.alldayled.com\/de\/\",\"logo\":{\"@type\":\"ImageObject\",\"inLanguage\":\"de\",\"@id\":\"https:\/\/www.alldayled.com\/de\/#\/schema\/logo\/image\/\",\"url\":\"https:\/\/www.alldayled.com\/wp-content\/uploads\/2025\/10\/Logo-ALL-DAY-LED-800x800-zwart-witte-letters.png\",\"contentUrl\":\"https:\/\/www.alldayled.com\/wp-content\/uploads\/2025\/10\/Logo-ALL-DAY-LED-800x800-zwart-witte-letters.png\",\"width\":800,\"height\":800,\"caption\":\"All Day Led\"},\"image\":{\"@id\":\"https:\/\/www.alldayled.com\/de\/#\/schema\/logo\/image\/\"},\"sameAs\":[\"https:\/\/www.facebook.com\/alldayled\/\",\"https:\/\/www.instagram.com\/alldayled\/\"],\"vatID\":\"NL863960133B01\",\"taxID\":\"86416545\"}]}<\/script>\n<meta property=\"product:brand\" content=\"Strands\" \/>\n<meta property=\"product:price:amount\" content=\"271.20\" \/>\n<meta property=\"product:price:currency\" content=\"EUR\" \/>\n<meta property=\"og:availability\" content=\"out of stock\" \/>\n<meta property=\"product:availability\" content=\"out of stock\" \/>\n<meta property=\"product:retailer_item_id\" content=\"ADL809181\" \/>\n<meta property=\"product:condition\" content=\"new\" \/>\n<!-- \/ Yoast SEO Premium plugin. -->","yoast_head_json":{"title":"Strands Siberia DR 22Zoll - LED bar - All Day Led - 12&24 volt","description":"Strands Siberia DR 22Zoll LED bar - 1 LUX @ 450 Meter - ECE R112 Pr\u00fcfzeichen - Auto, LKW, Traktor, Wohnmobil und mehr - f\u00fcr 12&24 Volt Betrieb - IP67\/69K","robots":{"index":"index","follow":"follow","max-snippet":"max-snippet:-1","max-image-preview":"max-image-preview:large","max-video-preview":"max-video-preview:-1"},"canonical":"https:\/\/www.alldayled.com\/de\/produkt\/strands-siberia-led-bar-dr-194w-22-inch\/","og_locale":"de_DE","og_type":"article","og_title":"Siberia LED bar 194W - Strands - 22 Zoll - All Day Led - 12&24V","og_description":"Siberia LED bar 194W Scheinwerfer 22 Zoll von Strands - 12&24 volt - ECE R112 - Auto, LKW und mehr - mit LED-Standlicht - 16.000 Lumen","og_url":"https:\/\/www.alldayled.com\/de\/produkt\/strands-siberia-led-bar-dr-194w-22-inch\/","og_site_name":"All Day Led","article_publisher":"https:\/\/www.facebook.com\/alldayled\/","article_modified_time":"2026-04-17T18:59:07+00:00","og_image":[{"url":"https:\/\/www.alldayled.com\/wp-content\/uploads\/2024\/08\/ADL809181.01-300x300.png","type":"","width":"","height":""}],"twitter_misc":{"Preis":"&euro;&nbsp;271,20","Verf\u00fcgbarkeit":"ausverkauft"},"schema":{"@context":"https:\/\/schema.org","@graph":[{"@type":"WebPage","@id":"https:\/\/www.alldayled.com\/de\/produkt\/strands-siberia-led-bar-dr-194w-22-inch\/","url":"https:\/\/www.alldayled.com\/de\/produkt\/strands-siberia-led-bar-dr-194w-22-inch\/","name":"Strands Siberia DR 22Zoll - LED bar - All Day Led - 12&24 volt","isPartOf":{"@id":"https:\/\/www.alldayled.com\/de\/#website"},"primaryImageOfPage":{"@id":"https:\/\/www.alldayled.com\/de\/produkt\/strands-siberia-led-bar-dr-194w-22-inch\/#primaryimage"},"image":{"@id":"https:\/\/www.alldayled.com\/de\/produkt\/strands-siberia-led-bar-dr-194w-22-inch\/#primaryimage"},"thumbnailUrl":"https:\/\/www.alldayled.com\/wp-content\/uploads\/2021\/01\/ADL89181.-Siberia-DR22inch.png","datePublished":"2021-01-23T09:35:57+00:00","dateModified":"2026-04-17T18:59:07+00:00","description":"Strands Siberia DR 22Zoll LED bar - 1 LUX @ 450 Meter - ECE R112 Pr\u00fcfzeichen - Auto, LKW, Traktor, Wohnmobil und mehr - f\u00fcr 12&24 Volt Betrieb - IP67\/69K","breadcrumb":{"@id":"https:\/\/www.alldayled.com\/de\/produkt\/strands-siberia-led-bar-dr-194w-22-inch\/#breadcrumb"},"inLanguage":"de","potentialAction":[{"@type":"ReadAction","target":["https:\/\/www.alldayled.com\/de\/produkt\/strands-siberia-led-bar-dr-194w-22-inch\/"]}]},{"@type":"ImageObject","inLanguage":"de","@id":"https:\/\/www.alldayled.com\/de\/produkt\/strands-siberia-led-bar-dr-194w-22-inch\/#primaryimage","url":"https:\/\/www.alldayled.com\/wp-content\/uploads\/2021\/01\/ADL89181.-Siberia-DR22inch.png","contentUrl":"https:\/\/www.alldayled.com\/wp-content\/uploads\/2021\/01\/ADL89181.-Siberia-DR22inch.png","width":800,"height":600,"caption":"Strands Siberia LED bar 194W Double Row 22 Zoll - LED-Balken f\u00fcr 12 und 24 Volt - EAN: 7323030183790"},{"@type":"BreadcrumbList","@id":"https:\/\/www.alldayled.com\/de\/produkt\/strands-siberia-led-bar-dr-194w-22-inch\/#breadcrumb","itemListElement":[{"@type":"ListItem","position":1,"name":"Home","item":"https:\/\/www.alldayled.com\/de\/"},{"@type":"ListItem","position":2,"name":"Shop","item":"https:\/\/www.alldayled.com\/de\/shop\/"},{"@type":"ListItem","position":3,"name":"Scheinwerfer","item":"https:\/\/www.alldayled.com\/de\/produkt-kategorie\/scheinwerfer\/"},{"@type":"ListItem","position":4,"name":"LED Bar","item":"https:\/\/www.alldayled.com\/de\/produkt-kategorie\/scheinwerfer\/led-bar\/"},{"@type":"ListItem","position":5,"name":"Strands Siberia LED bar DR &#8211; 22 Zoll"}]},{"@type":"WebSite","@id":"https:\/\/www.alldayled.com\/de\/#website","url":"https:\/\/www.alldayled.com\/de\/","name":"All Day Led","description":"Verlichting voor 12&amp;24 volt gebruik","publisher":{"@id":"https:\/\/www.alldayled.com\/de\/#organization"},"potentialAction":[{"@type":"SearchAction","target":{"@type":"EntryPoint","urlTemplate":"https:\/\/www.alldayled.com\/de\/?s={search_term_string}"},"query-input":{"@type":"PropertyValueSpecification","valueRequired":true,"valueName":"search_term_string"}}],"inLanguage":"de"},{"@type":"Organization","@id":"https:\/\/www.alldayled.com\/de\/#organization","name":"All Day Led","url":"https:\/\/www.alldayled.com\/de\/","logo":{"@type":"ImageObject","inLanguage":"de","@id":"https:\/\/www.alldayled.com\/de\/#\/schema\/logo\/image\/","url":"https:\/\/www.alldayled.com\/wp-content\/uploads\/2025\/10\/Logo-ALL-DAY-LED-800x800-zwart-witte-letters.png","contentUrl":"https:\/\/www.alldayled.com\/wp-content\/uploads\/2025\/10\/Logo-ALL-DAY-LED-800x800-zwart-witte-letters.png","width":800,"height":800,"caption":"All Day Led"},"image":{"@id":"https:\/\/www.alldayled.com\/de\/#\/schema\/logo\/image\/"},"sameAs":["https:\/\/www.facebook.com\/alldayled\/","https:\/\/www.instagram.com\/alldayled\/"],"vatID":"NL863960133B01","taxID":"86416545"}]},"product_brand":"Strands","product_price_amount":"271.20","product_price_currency":"EUR","og_availability":"out of stock","product_availability":"out of stock","product_retailer_item_id":"ADL809181","product_condition":"new"},"_links":{"self":[{"href":"https:\/\/www.alldayled.com\/de\/wp-json\/wp\/v2\/product\/68179","targetHints":{"allow":["GET"]}}],"collection":[{"href":"https:\/\/www.alldayled.com\/de\/wp-json\/wp\/v2\/product"}],"about":[{"href":"https:\/\/www.alldayled.com\/de\/wp-json\/wp\/v2\/types\/product"}],"replies":[{"embeddable":true,"href":"https:\/\/www.alldayled.com\/de\/wp-json\/wp\/v2\/comments?post=68179"}],"wp:featuredmedia":[{"embeddable":true,"href":"https:\/\/www.alldayled.com\/de\/wp-json\/wp\/v2\/media\/18543"}],"wp:attachment":[{"href":"https:\/\/www.alldayled.com\/de\/wp-json\/wp\/v2\/media?parent=68179"}],"wp:term":[{"taxonomy":"product_brand","embeddable":true,"href":"https:\/\/www.alldayled.com\/de\/wp-json\/wp\/v2\/product_brand?post=68179"},{"taxonomy":"product_cat","embeddable":true,"href":"https:\/\/www.alldayled.com\/de\/wp-json\/wp\/v2\/product_cat?post=68179"},{"taxonomy":"product_tag","embeddable":true,"href":"https:\/\/www.alldayled.com\/de\/wp-json\/wp\/v2\/product_tag?post=68179"}],"curies":[{"name":"wp","href":"https:\/\/api.w.org\/{rel}","templated":true}]}}