{"id":68199,"date":"2025-02-21T14:30:47","date_gmt":"2025-02-21T13:30:47","guid":{"rendered":"https:\/\/www.alldayled.com\/product\/nedking-mini-melon-light-wit\/"},"modified":"2025-02-21T14:30:47","modified_gmt":"2025-02-21T13:30:47","slug":"nedking-mini-melon-light-wit","status":"publish","type":"product","link":"https:\/\/www.alldayled.com\/de\/produkt\/nedking-mini-melon-light-wit\/","title":{"rendered":"Nedking mini melon light wei\u00df"},"content":{"rendered":"<p><span style=\"color: #000000;\"><strong>Nedking mini melon light wei\u00df, f\u00fcr 12 und 24 Volt.<\/strong><\/span><\/p>\n<p><span style=\"color: #000000;\">Bist du auf der Suche nach einem einzigartigen Detail f\u00fcr dein LKW-Interieur? Die Nedking mini melon light wei\u00df mit Klarglas ist genau das, was du brauchst. Diese kompakte Innenraumleuchte hat die erkennbare Melonenform und strahlt wei\u00dfes Licht aus, perfekt, um etwas Atmosph\u00e4re in deine Kabine zu bringen. Ob du beispielsweise deinen Schlafbereich beleuchten m\u00f6chtest, eine gem\u00fctliche Ausstrahlung suchst oder gleichzeitig etwas zus\u00e4tzlichen Stil in dein Interieur bringen willst, mit dieser Lampe liegst du immer richtig. Au\u00dferdem ist sie IP67-zertifiziert, was bedeutet, dass sie staub- und wasserbest\u00e4ndig ist und somit einiges aush\u00e4lt.    <\/span><\/p>\n<p><span style=\"color: #000000;\">Dank des klaren Glases wird das wei\u00dfe Licht sch\u00f6n verteilt, wodurch es nicht nur funktional ist, sondern f\u00fcr eine warme, gem\u00fctliche Atmosph\u00e4re sorgt. Kurzum, eine perfekte Erg\u00e4nzung f\u00fcr Fahrer, die ihrem LKW das gewisse Extra verleihen m\u00f6chten. Dar\u00fcber hinaus bleibt es nicht nur bei LKWs, auch in Campern, Bussen oder Showfahrzeugen kommt diese mini melon light voll zur Geltung. Die Lampe funktioniert sowohl mit 12 als auch mit 24 Volt, wodurch du sie also in verschiedenen Fahrzeugen verwenden kannst.    <\/span><\/p>\n<h5><span style=\"color: #000000;\"><strong>Abmessungen:<\/strong><\/span><\/h5>\n<p><span style=\"color: #000000;\">Bevor du eine Melonlight bestellst, m\u00f6chtest du nat\u00fcrlich sicher sein, ob sie an die Stelle passt, an der du sie montieren m\u00f6chtest. Deshalb haben wir hier die Abmessungen der Nedking mini melon light wei\u00df mit Klarglas f\u00fcr dich aufgelistet. <\/span><\/p>\n<ul>\n<li><span style=\"color: #000000;\">Durchmesser Lampe: 38 mm<\/span><\/li>\n<li><span style=\"color: #000000;\">H\u00f6he: 25 mm (51 mm inkl. Fu\u00df)<\/span><\/li>\n<\/ul>\n<h5><span style=\"color: #000000;\"><strong>Andere Farben:<\/strong><\/span><\/h5>\n<p><span style=\"color: #000000;\">Lieber eine Melon Light in einer anderen Farbe oder Ausf\u00fchrung? Diese Nedking mini melon light ist n\u00e4mlich in mehreren Varianten erh\u00e4ltlich. Egal, ob du auf der Suche nach einer anderen Lichtfarbe oder einer anderen Ausf\u00fchrung bist, die besser zu deinem Interieur passt, du findest sie alle in unserem Sortiment. Sieh dir hier auch alle verf\u00fcgbaren Modelle an und gib deinem LKW oder Camper das Interieur, das wirklich zu dir passt.   <\/span><\/p>\n<ul>\n<li><span style=\"color: #000000;\"><a style=\"color: #000000;\" href=\"https:\/\/www.alldayled.com\/de\/produkt\/nedking-mini-melon-light-oranje-helder\/\"><strong>Nedking mini melon light orange mit klarem Glas<\/strong><\/a><\/span><\/li>\n<li><span style=\"color: #000000;\"><a style=\"color: #000000;\" href=\"https:\/\/www.alldayled.com\/de\/produkt\/nedking-mini-melon-light-blauw\/\"><strong>Nedking mini melon light blau mit klarem Glas<\/strong><\/a><\/span><\/li>\n<li><span style=\"color: #000000;\"><a style=\"color: #000000;\" href=\"https:\/\/www.alldayled.com\/de\/produkt\/nedking-mini-melon-light-groen\/\"><strong>Nedking mini melon light gr\u00fcn mit klarem Glas<\/strong><\/a><\/span><\/li>\n<li><span style=\"color: #000000;\"><a style=\"color: #000000;\" href=\"https:\/\/www.alldayled.com\/de\/produkt\/nedking-mini-melon-light-paars\/\"><strong>Nedking mini melon light lila mit klarem Glas<\/strong><\/a><\/span><\/li>\n<li><span style=\"color: #000000;\"><a style=\"color: #000000;\" href=\"https:\/\/www.alldayled.com\/de\/produkt\/nedking-mini-melon-light-rood-helder\/\"><strong>Nedking mini melon light rot mit klarem Glas<\/strong><\/a><\/span><\/li>\n<li><span style=\"color: #000000;\"><a style=\"color: #000000;\" href=\"https:\/\/www.alldayled.com\/de\/produkt\/nedking-mini-melon-light-rgb\/\"><strong>Nedking mini melon light RGB mit klarem Glas<\/strong><\/a><\/span><\/li>\n<li><span style=\"color: #000000;\"><a style=\"color: #000000;\" href=\"https:\/\/www.alldayled.com\/de\/produkt\/nedking-mini-melon-light-roze\/\"><strong>Nedking mini melon light rosa mit klarem Glas<\/strong><\/a><\/span><\/li>\n<li><span style=\"color: #000000;\"><a style=\"color: #000000;\" href=\"https:\/\/www.alldayled.com\/de\/produkt\/afstandsbediening-voor-rgb-melon-light\/\"><strong>Fernbedienung f\u00fcr RGB Melon-Licht<\/strong><\/a><\/span><\/li>\n<li><span style=\"color: #000000;\"><a style=\"color: #000000;\" href=\"https:\/\/www.alldayled.com\/de\/produkt\/nedking-mini-melon-light-oranje\/\"><strong>Nedking mini melon light orange<\/strong><\/a><\/span><\/li>\n<li><span style=\"color: #000000;\"><a style=\"color: #000000;\" href=\"https:\/\/www.alldayled.com\/de\/produkt\/nedking-mini-melon-light-rood\/\"><strong>Nedking mini melon light rot<\/strong><\/a><\/span><\/li>\n<\/ul>\n<p><span style=\"color: #000000;\">Doch nicht ganz das, was du suchst? Vielleicht passt die Farbe oder Form dieser Nedking mini melon light gr\u00fcn nicht zu deinem Stil. Kein Problem, wir haben au\u00dferdem noch viel mehr Innenraumleuchten in unserem Sortiment. Wirf gerne einen Blick auf unsere Seite <a style=\"color: #000000;\" href=\"\/?product_cat=inbouw-verlichting\">Einbauleuchten<\/a>. Gro\u00dfe Chance, dass dort noch die perfekte Lampe f\u00fcr deinen LKW, Camper oder dein Interieur dabei ist.    <\/span><\/p>\n","protected":false},"excerpt":{"rendered":"<p>Nedking Mini Melon Light wei\u00df 12\/24V &#8211; kompakte Innenraumleuchte f\u00fcr LKW, Camper oder Bus.<\/p>\n","protected":false},"featured_media":34677,"comment_status":"open","ping_status":"closed","template":"","meta":{"_acf_changed":false},"product_brand":[6505],"product_cat":[5371,5389],"product_tag":[9186,9188,9189,9120,9185,9187,9184],"class_list":{"0":"post-68199","1":"product","2":"type-product","3":"status-publish","4":"has-post-thumbnail","6":"product_brand-product-nedking","7":"product_cat-inbouw-verlichting-12-volt","8":"product_cat-inbouw-verlichting-24-volt","9":"product_tag-innenraumbeleuchtung","10":"product_tag-innenraumbeleuchtung-auto","11":"product_tag-innenraumbeleuchtung-camper","12":"product_tag-innenraumbeleuchtung-lkw","13":"product_tag-led-innenraumbeleuchtung","14":"product_tag-nedking","15":"product_tag-nedking-beleuchtung","17":"first","18":"instock","19":"taxable","20":"shipping-taxable","21":"purchasable","22":"product-type-simple"},"acf":[],"yoast_head":"<!-- This site is optimized with the Yoast SEO Premium plugin v26.5 (Yoast SEO v27.1.1) - https:\/\/yoast.com\/product\/yoast-seo-premium-wordpress\/ -->\n<title>Nedking melon light wei\u00df - 12\/24V All Day Led - Einbauleuchte<\/title>\n<meta name=\"description\" content=\"Nedking melon light wei\u00df - Innenraumbeleuchtung LKW \/ Camper - 12\/24V - Klarglas - kompaktes Modell Innenraumleuchte\" \/>\n<meta name=\"robots\" content=\"index, follow, max-snippet:-1, max-image-preview:large, max-video-preview:-1\" \/>\n<link rel=\"canonical\" href=\"https:\/\/www.alldayled.com\/de\/produkt\/nedking-mini-melon-light-wit\/\" \/>\n<meta property=\"og:locale\" content=\"de_DE\" \/>\n<meta property=\"og:type\" content=\"article\" \/>\n<meta property=\"og:title\" content=\"Nedking melon light wei\u00df - 12\/24V All Day Led - Einbauleuchte\" \/>\n<meta property=\"og:description\" content=\"Nedking melon light wei\u00df - Innenraumbeleuchtung LKW \/ Camper - 12\/24V - Klarglas - kompaktes Modell Innenraumleuchte\" \/>\n<meta property=\"og:url\" content=\"https:\/\/www.alldayled.com\/de\/produkt\/nedking-mini-melon-light-wit\/\" \/>\n<meta property=\"og:site_name\" content=\"All Day Led\" \/>\n<meta property=\"article:publisher\" content=\"https:\/\/www.facebook.com\/alldayled\/\" \/>\n<meta property=\"og:image\" content=\"https:\/\/www.alldayled.com\/wp-content\/uploads\/2025\/03\/ADL350219-C-SM-300x300.png\" \/>\n<meta name=\"twitter:label1\" content=\"Preis\" \/>\n\t<meta name=\"twitter:data1\" content=\"&euro;&nbsp;19,95\" \/>\n\t<meta name=\"twitter:label2\" content=\"Verf\u00fcgbarkeit\" \/>\n\t<meta name=\"twitter:data2\" content=\"Auf Lager\" \/>\n<script type=\"application\/ld+json\" class=\"yoast-schema-graph\">{\"@context\":\"https:\/\/schema.org\",\"@graph\":[{\"@type\":\"WebPage\",\"@id\":\"https:\/\/www.alldayled.com\/de\/produkt\/nedking-mini-melon-light-wit\/\",\"url\":\"https:\/\/www.alldayled.com\/de\/produkt\/nedking-mini-melon-light-wit\/\",\"name\":\"Nedking melon light wei\u00df - 12\/24V All Day Led - Einbauleuchte\",\"isPartOf\":{\"@id\":\"https:\/\/www.alldayled.com\/de\/#website\"},\"primaryImageOfPage\":{\"@id\":\"https:\/\/www.alldayled.com\/de\/produkt\/nedking-mini-melon-light-wit\/#primaryimage\"},\"image\":{\"@id\":\"https:\/\/www.alldayled.com\/de\/produkt\/nedking-mini-melon-light-wit\/#primaryimage\"},\"thumbnailUrl\":\"https:\/\/www.alldayled.com\/wp-content\/uploads\/2025\/03\/ADL350219-C.png\",\"datePublished\":\"2025-02-21T13:30:47+00:00\",\"description\":\"Nedking melon light wei\u00df - Innenraumbeleuchtung LKW \/ Camper - 12\/24V - Klarglas - kompaktes Modell Innenraumleuchte\",\"breadcrumb\":{\"@id\":\"https:\/\/www.alldayled.com\/de\/produkt\/nedking-mini-melon-light-wit\/#breadcrumb\"},\"inLanguage\":\"de\",\"potentialAction\":[{\"@type\":\"ReadAction\",\"target\":[\"https:\/\/www.alldayled.com\/de\/produkt\/nedking-mini-melon-light-wit\/\"]}]},{\"@type\":\"ImageObject\",\"inLanguage\":\"de\",\"@id\":\"https:\/\/www.alldayled.com\/de\/produkt\/nedking-mini-melon-light-wit\/#primaryimage\",\"url\":\"https:\/\/www.alldayled.com\/wp-content\/uploads\/2025\/03\/ADL350219-C.png\",\"contentUrl\":\"https:\/\/www.alldayled.com\/wp-content\/uploads\/2025\/03\/ADL350219-C.png\",\"width\":800,\"height\":600,\"caption\":\"Nedking mini melon light wei\u00df - 350219 - Klarglas - Durchmesser 38 mm - 12\/24V - IP67\"},{\"@type\":\"BreadcrumbList\",\"@id\":\"https:\/\/www.alldayled.com\/de\/produkt\/nedking-mini-melon-light-wit\/#breadcrumb\",\"itemListElement\":[{\"@type\":\"ListItem\",\"position\":1,\"name\":\"Home\",\"item\":\"https:\/\/www.alldayled.com\/de\/\"},{\"@type\":\"ListItem\",\"position\":2,\"name\":\"Shop\",\"item\":\"https:\/\/www.alldayled.com\/de\/shop\/\"},{\"@type\":\"ListItem\",\"position\":3,\"name\":\"Beleuchtung\",\"item\":\"https:\/\/www.alldayled.com\/de\/produkt-kategorie\/beleuchtung\/\"},{\"@type\":\"ListItem\",\"position\":4,\"name\":\"Beleuchtung 12 Volt\",\"item\":\"https:\/\/www.alldayled.com\/de\/produkt-kategorie\/beleuchtung\/verlichting-12-volt\/\"},{\"@type\":\"ListItem\",\"position\":5,\"name\":\"Einbauleuchten\",\"item\":\"https:\/\/www.alldayled.com\/de\/produkt-kategorie\/beleuchtung\/verlichting-12-volt\/inbouw-verlichting-12-volt\/\"},{\"@type\":\"ListItem\",\"position\":6,\"name\":\"Nedking mini melon light wei\u00df\"}]},{\"@type\":\"WebSite\",\"@id\":\"https:\/\/www.alldayled.com\/de\/#website\",\"url\":\"https:\/\/www.alldayled.com\/de\/\",\"name\":\"All Day Led\",\"description\":\"Verlichting voor 12&amp;24 volt gebruik\",\"publisher\":{\"@id\":\"https:\/\/www.alldayled.com\/de\/#organization\"},\"potentialAction\":[{\"@type\":\"SearchAction\",\"target\":{\"@type\":\"EntryPoint\",\"urlTemplate\":\"https:\/\/www.alldayled.com\/de\/?s={search_term_string}\"},\"query-input\":{\"@type\":\"PropertyValueSpecification\",\"valueRequired\":true,\"valueName\":\"search_term_string\"}}],\"inLanguage\":\"de\"},{\"@type\":\"Organization\",\"@id\":\"https:\/\/www.alldayled.com\/de\/#organization\",\"name\":\"All Day Led\",\"url\":\"https:\/\/www.alldayled.com\/de\/\",\"logo\":{\"@type\":\"ImageObject\",\"inLanguage\":\"de\",\"@id\":\"https:\/\/www.alldayled.com\/de\/#\/schema\/logo\/image\/\",\"url\":\"https:\/\/www.alldayled.com\/wp-content\/uploads\/2025\/10\/Logo-ALL-DAY-LED-800x800-zwart-witte-letters.png\",\"contentUrl\":\"https:\/\/www.alldayled.com\/wp-content\/uploads\/2025\/10\/Logo-ALL-DAY-LED-800x800-zwart-witte-letters.png\",\"width\":800,\"height\":800,\"caption\":\"All Day Led\"},\"image\":{\"@id\":\"https:\/\/www.alldayled.com\/de\/#\/schema\/logo\/image\/\"},\"sameAs\":[\"https:\/\/www.facebook.com\/alldayled\/\",\"https:\/\/www.instagram.com\/alldayled\/\"],\"vatID\":\"NL863960133B01\",\"taxID\":\"86416545\"}]}<\/script>\n<meta property=\"product:brand\" content=\"Nedking\" \/>\n<meta property=\"product:price:amount\" content=\"19.95\" \/>\n<meta property=\"product:price:currency\" content=\"EUR\" \/>\n<meta property=\"og:availability\" content=\"instock\" \/>\n<meta property=\"product:availability\" content=\"instock\" \/>\n<meta property=\"product:retailer_item_id\" content=\"ADL350219-C\" \/>\n<meta property=\"product:condition\" content=\"new\" \/>\n<!-- \/ Yoast SEO Premium plugin. -->","yoast_head_json":{"title":"Nedking melon light wei\u00df - 12\/24V All Day Led - Einbauleuchte","description":"Nedking melon light wei\u00df - Innenraumbeleuchtung LKW \/ Camper - 12\/24V - Klarglas - kompaktes Modell Innenraumleuchte","robots":{"index":"index","follow":"follow","max-snippet":"max-snippet:-1","max-image-preview":"max-image-preview:large","max-video-preview":"max-video-preview:-1"},"canonical":"https:\/\/www.alldayled.com\/de\/produkt\/nedking-mini-melon-light-wit\/","og_locale":"de_DE","og_type":"article","og_title":"Nedking melon light wei\u00df - 12\/24V All Day Led - Einbauleuchte","og_description":"Nedking melon light wei\u00df - Innenraumbeleuchtung LKW \/ Camper - 12\/24V - Klarglas - kompaktes Modell Innenraumleuchte","og_url":"https:\/\/www.alldayled.com\/de\/produkt\/nedking-mini-melon-light-wit\/","og_site_name":"All Day Led","article_publisher":"https:\/\/www.facebook.com\/alldayled\/","og_image":[{"url":"https:\/\/www.alldayled.com\/wp-content\/uploads\/2025\/03\/ADL350219-C-SM-300x300.png","type":"","width":"","height":""}],"twitter_misc":{"Preis":"&euro;&nbsp;19,95","Verf\u00fcgbarkeit":"Auf Lager"},"schema":{"@context":"https:\/\/schema.org","@graph":[{"@type":"WebPage","@id":"https:\/\/www.alldayled.com\/de\/produkt\/nedking-mini-melon-light-wit\/","url":"https:\/\/www.alldayled.com\/de\/produkt\/nedking-mini-melon-light-wit\/","name":"Nedking melon light wei\u00df - 12\/24V All Day Led - Einbauleuchte","isPartOf":{"@id":"https:\/\/www.alldayled.com\/de\/#website"},"primaryImageOfPage":{"@id":"https:\/\/www.alldayled.com\/de\/produkt\/nedking-mini-melon-light-wit\/#primaryimage"},"image":{"@id":"https:\/\/www.alldayled.com\/de\/produkt\/nedking-mini-melon-light-wit\/#primaryimage"},"thumbnailUrl":"https:\/\/www.alldayled.com\/wp-content\/uploads\/2025\/03\/ADL350219-C.png","datePublished":"2025-02-21T13:30:47+00:00","description":"Nedking melon light wei\u00df - Innenraumbeleuchtung LKW \/ Camper - 12\/24V - Klarglas - kompaktes Modell Innenraumleuchte","breadcrumb":{"@id":"https:\/\/www.alldayled.com\/de\/produkt\/nedking-mini-melon-light-wit\/#breadcrumb"},"inLanguage":"de","potentialAction":[{"@type":"ReadAction","target":["https:\/\/www.alldayled.com\/de\/produkt\/nedking-mini-melon-light-wit\/"]}]},{"@type":"ImageObject","inLanguage":"de","@id":"https:\/\/www.alldayled.com\/de\/produkt\/nedking-mini-melon-light-wit\/#primaryimage","url":"https:\/\/www.alldayled.com\/wp-content\/uploads\/2025\/03\/ADL350219-C.png","contentUrl":"https:\/\/www.alldayled.com\/wp-content\/uploads\/2025\/03\/ADL350219-C.png","width":800,"height":600,"caption":"Nedking mini melon light wei\u00df - 350219 - Klarglas - Durchmesser 38 mm - 12\/24V - IP67"},{"@type":"BreadcrumbList","@id":"https:\/\/www.alldayled.com\/de\/produkt\/nedking-mini-melon-light-wit\/#breadcrumb","itemListElement":[{"@type":"ListItem","position":1,"name":"Home","item":"https:\/\/www.alldayled.com\/de\/"},{"@type":"ListItem","position":2,"name":"Shop","item":"https:\/\/www.alldayled.com\/de\/shop\/"},{"@type":"ListItem","position":3,"name":"Beleuchtung","item":"https:\/\/www.alldayled.com\/de\/produkt-kategorie\/beleuchtung\/"},{"@type":"ListItem","position":4,"name":"Beleuchtung 12 Volt","item":"https:\/\/www.alldayled.com\/de\/produkt-kategorie\/beleuchtung\/verlichting-12-volt\/"},{"@type":"ListItem","position":5,"name":"Einbauleuchten","item":"https:\/\/www.alldayled.com\/de\/produkt-kategorie\/beleuchtung\/verlichting-12-volt\/inbouw-verlichting-12-volt\/"},{"@type":"ListItem","position":6,"name":"Nedking mini melon light wei\u00df"}]},{"@type":"WebSite","@id":"https:\/\/www.alldayled.com\/de\/#website","url":"https:\/\/www.alldayled.com\/de\/","name":"All Day Led","description":"Verlichting voor 12&amp;24 volt gebruik","publisher":{"@id":"https:\/\/www.alldayled.com\/de\/#organization"},"potentialAction":[{"@type":"SearchAction","target":{"@type":"EntryPoint","urlTemplate":"https:\/\/www.alldayled.com\/de\/?s={search_term_string}"},"query-input":{"@type":"PropertyValueSpecification","valueRequired":true,"valueName":"search_term_string"}}],"inLanguage":"de"},{"@type":"Organization","@id":"https:\/\/www.alldayled.com\/de\/#organization","name":"All Day Led","url":"https:\/\/www.alldayled.com\/de\/","logo":{"@type":"ImageObject","inLanguage":"de","@id":"https:\/\/www.alldayled.com\/de\/#\/schema\/logo\/image\/","url":"https:\/\/www.alldayled.com\/wp-content\/uploads\/2025\/10\/Logo-ALL-DAY-LED-800x800-zwart-witte-letters.png","contentUrl":"https:\/\/www.alldayled.com\/wp-content\/uploads\/2025\/10\/Logo-ALL-DAY-LED-800x800-zwart-witte-letters.png","width":800,"height":800,"caption":"All Day Led"},"image":{"@id":"https:\/\/www.alldayled.com\/de\/#\/schema\/logo\/image\/"},"sameAs":["https:\/\/www.facebook.com\/alldayled\/","https:\/\/www.instagram.com\/alldayled\/"],"vatID":"NL863960133B01","taxID":"86416545"}]},"product_brand":"Nedking","product_price_amount":"19.95","product_price_currency":"EUR","og_availability":"instock","product_availability":"instock","product_retailer_item_id":"ADL350219-C","product_condition":"new"},"_links":{"self":[{"href":"https:\/\/www.alldayled.com\/de\/wp-json\/wp\/v2\/product\/68199","targetHints":{"allow":["GET"]}}],"collection":[{"href":"https:\/\/www.alldayled.com\/de\/wp-json\/wp\/v2\/product"}],"about":[{"href":"https:\/\/www.alldayled.com\/de\/wp-json\/wp\/v2\/types\/product"}],"replies":[{"embeddable":true,"href":"https:\/\/www.alldayled.com\/de\/wp-json\/wp\/v2\/comments?post=68199"}],"wp:featuredmedia":[{"embeddable":true,"href":"https:\/\/www.alldayled.com\/de\/wp-json\/wp\/v2\/media\/34677"}],"wp:attachment":[{"href":"https:\/\/www.alldayled.com\/de\/wp-json\/wp\/v2\/media?parent=68199"}],"wp:term":[{"taxonomy":"product_brand","embeddable":true,"href":"https:\/\/www.alldayled.com\/de\/wp-json\/wp\/v2\/product_brand?post=68199"},{"taxonomy":"product_cat","embeddable":true,"href":"https:\/\/www.alldayled.com\/de\/wp-json\/wp\/v2\/product_cat?post=68199"},{"taxonomy":"product_tag","embeddable":true,"href":"https:\/\/www.alldayled.com\/de\/wp-json\/wp\/v2\/product_tag?post=68199"}],"curies":[{"name":"wp","href":"https:\/\/api.w.org\/{rel}","templated":true}]}}