{"id":68220,"date":"2024-07-19T07:11:46","date_gmt":"2024-07-19T05:11:46","guid":{"rendered":"https:\/\/www.alldayled.com\/product\/strands-firefly-verstraler-9inch-zwart\/"},"modified":"2026-05-05T12:50:47","modified_gmt":"2026-05-05T10:50:47","slug":"strands-firefly-verstraler-9inch-zwart","status":"publish","type":"product","link":"https:\/\/www.alldayled.com\/de\/produkt\/strands-firefly-verstraler-9inch-zwart\/","title":{"rendered":"Strands Firefly Scheinwerfer 9 Zoll &#8211; schwarz"},"content":{"rendered":"<p><span style=\"color: #000000;\"><strong>Strands Firefly 9 Zoll Scheinwerfer schwarz mit Blitzleuchte, f\u00fcr 12 und 24 Volt. <\/strong><\/span><\/p>\n<p><span style=\"color: #000000;\">M\u00f6chtest du dein Auto, SUV, LKW, Nutzfahrzeug oder ein anderes Fahrzeug mit einem Scheinwerfer ausstatten, wei\u00dft aber nicht genau, was du suchst? Vielleicht ist der Firefly 9 Zoll LED Scheinwerfer mit zweifarbigem Positionslicht genau die Lampe, die du suchst. Der vollst\u00e4ndig ECE-zugelassene Scheinwerfer ist mit 28 LED-Punkten ausgestattet und hat eine theoretische Lichtleistung von 16.800 Lumen. Des Weiteren ist der Firefly Scheinwerfer SCHWARZ f\u00fcr 12 und 24 Volt geeignet und wird auch mit einem DT6-Anschlusskabel geliefert.   <\/span><\/p>\n<p><span style=\"color: #000000;\">Da du vor dem Kauf sicherstellen m\u00f6chtest, dass der Strands Firefly 9 Zoll Scheinwerfer SCHWARZ f\u00fcr dein Fahrzeug geeignet ist, haben wir unten einige Spezifikationen aufgef\u00fchrt. All dies, um deutlich zu machen, warum dies vielleicht genau die Lampe ist, die du suchst. Die Voll-LED ist mit dem ECE R10 Pr\u00fcfzeichen versehen. Dieses Pr\u00fcfzeichen besagt, dass die Lampe w\u00e4hrend des Betriebs keine St\u00f6rungen, beispielsweise am Radiosignal, verursachen wird. Schlie\u00dflich ist der Voll-LED Scheinwerfer mit dem ECE R65, ECE R148 und R149 Pr\u00fcfzeichen versehen. Diese Pr\u00fcfzeichen besagen, dass der Strands Voll-LED Scheinwerfer vollst\u00e4ndig f\u00fcr den \u00f6ffentlichen Stra\u00dfenverkehr zugelassen ist.     <\/span><\/p>\n<h5><span style=\"color: #000000;\"><strong>Abmessungen:<\/strong><\/span><\/h5>\n<p><span style=\"color: #000000;\">Um sicherzustellen, dass du die LED-Lampe genau dort montieren kannst, wo du m\u00f6chtest, haben wir unten die Abmessungen notiert. Die Abmessungen des Strands Firefly Scheinwerfers schwarz in 9 Zoll Ausf\u00fchrung sind wie folgt: <\/span><\/p>\n<ul>\n<li><span style=\"color: #000000;\">H\u00f6he: 220 (239 mm inkl. Halterung)<\/span><\/li>\n<li><span style=\"color: #000000;\">Durchmesser: 220 mm<\/span><\/li>\n<li><span style=\"color: #000000;\">Tiefe: 85 mm<\/span><\/li>\n<\/ul>\n<h5><span style=\"color: #000000;\"><strong>Andere Versionen:<\/strong><\/span><\/h5>\n<p><span style=\"color: #000000;\">Bist du auf der Suche nach einer LED-Lampe aus der Strands Firefly Linie? Aber ist der Strands Firefly 9 Zoll Scheinwerfer SCHWARZ nicht die Lampe, die du suchst? Dann wisse, dass die Firefly Linie der Marke Strands auch verschiedene andere Lampentypen umfasst. Siehe unten eine Auflistung der weiteren Modelle, die Strands anbietet.    <\/span><\/p>\n<ul>\n<li><span style=\"color: #000000;\"><a style=\"color: #000000;\" href=\"https:\/\/www.alldayled.com\/de\/produkt\/strands-firefly-verstraler-9inch-wit\/\"><strong>Firefly Scheinwerfer 9&#8220; wei\u00df<\/strong><\/a><\/span><\/li>\n<li><span style=\"color: #000000;\"><a style=\"color: #000000;\" href=\"https:\/\/www.alldayled.com\/de\/produkt\/strands-firefly-one-verstraler\/\"><strong>Firefly Scheinwerfer oval<\/strong><\/a><\/span><\/li>\n<li><span style=\"color: #000000;\"><strong><a style=\"color: #000000;\" href=\"https:\/\/www.alldayled.com\/de\/produkt\/strands-firefly-led-bar-20-inch\/\">Firefly LED bar 20&#8220;<\/a><\/strong><\/span><\/li>\n<li><span style=\"color: #000000;\"><a style=\"color: #000000;\" href=\"https:\/\/www.alldayled.com\/de\/produkt\/strands-firefly-led-bar-10-inch\/\"><strong>Firefly LED bar 10&#8220;<\/strong><\/a><\/span><\/li>\n<li><span style=\"color: #000000;\"><a style=\"color: #000000;\" href=\"https:\/\/www.alldayled.com\/de\/produkt\/strands-firefly-best-view-led-lamp\/\"><strong>Firefly best view<\/strong><\/a><\/span><\/li>\n<\/ul>\n<p><span style=\"color: #000000;\">Bist du immer noch nicht \u00fcberzeugt, dass der Strands Firefly Scheinwerfer schwarz in 9 Zoll Ausf\u00fchrung das ist, wonach du suchst? Einfach weil die Lichtleistung, Wattzahl oder Form nicht deinen W\u00fcnschen entspricht? Dann sieh dir hier das komplette Angebot von <a style=\"color: #000000;\" href=\"https:\/\/www.alldayled.com\/de\/marke\/product-strands-lighting-division\/\" target=\"_blank\" rel=\"noopener\">Strands<\/a> an. Vielleicht findest du hier genau die Lampe oder das Zubeh\u00f6r, das du suchst.  <\/span><\/p>\n","protected":false},"excerpt":{"rendered":"<p>Runder 9&#8243; Scheinwerfer mit Blitzleuchte und einem schwarzen Geh\u00e4use. Ausgestattet mit orange\/wei\u00dfem Positionslicht. <\/p>\n","protected":false},"featured_media":68814,"comment_status":"open","ping_status":"closed","template":"","meta":{"_acf_changed":false},"product_brand":[5114],"product_cat":[5384],"product_tag":[9075,9079,9077,9078,9076,9074,9064,9065],"class_list":{"0":"post-68220","1":"product","2":"type-product","3":"status-publish","4":"has-post-thumbnail","6":"product_brand-product-strands-lighting-division","7":"product_cat-verstraler-rond","8":"product_tag-led-scheinwerfer-auto","9":"product_tag-led-scheinwerfer-lkw","10":"product_tag-led-scheinwerfer-tonabnehmer","11":"product_tag-led-scheinwerfer-traktor","12":"product_tag-led-scheinwerfer-wohnmobil","13":"product_tag-scheinwerfer-mit-stadtlicht","14":"product_tag-strands-led-beleuchtung","15":"product_tag-strands-lighting-division","17":"first","18":"instock","19":"taxable","20":"shipping-taxable","21":"purchasable","22":"product-type-simple"},"acf":[],"yoast_head":"<!-- This site is optimized with the Yoast SEO Premium plugin v26.5 (Yoast SEO v27.1.1) - https:\/\/yoast.com\/product\/yoast-seo-premium-wordpress\/ -->\n<title>Strands Firefly Scheinwerfer schwarz - VOLL-LED-LAMPE - All Day Led - 12&amp;24V Nutzung<\/title>\n<meta name=\"description\" content=\"Strands Firefly Scheinwerfer schwarz - Strands - f\u00fcr 12&amp;24V - 16.800 Lumen! - orange - wei\u00dfes Positionslicht und Blitzer - mit ECE R65, R148 und R149 Zulassung\" \/>\n<meta name=\"robots\" content=\"index, follow, max-snippet:-1, max-image-preview:large, max-video-preview:-1\" \/>\n<link rel=\"canonical\" href=\"https:\/\/www.alldayled.com\/de\/produkt\/strands-firefly-verstraler-9inch-zwart\/\" \/>\n<meta property=\"og:locale\" content=\"de_DE\" \/>\n<meta property=\"og:type\" content=\"article\" \/>\n<meta property=\"og:title\" content=\"Strands Firefly Scheinwerfer schwarz - VOLL-LED-LAMPE - All Day Led - 12&amp;24V Nutzung\" \/>\n<meta property=\"og:description\" content=\"Strands Firefly Scheinwerfer schwarz - Strands - f\u00fcr 12&amp;24V - 16.800 Lumen! - orange - wei\u00dfes Positionslicht und Blitzer - mit ECE R65, R148 und R149 Zulassung\" \/>\n<meta property=\"og:url\" content=\"https:\/\/www.alldayled.com\/de\/produkt\/strands-firefly-verstraler-9inch-zwart\/\" \/>\n<meta property=\"og:site_name\" content=\"All Day Led\" \/>\n<meta property=\"article:publisher\" content=\"https:\/\/www.facebook.com\/alldayled\/\" \/>\n<meta property=\"article:modified_time\" content=\"2026-05-05T10:50:47+00:00\" \/>\n<meta property=\"og:image\" content=\"https:\/\/www.alldayled.com\/wp-content\/uploads\/2024\/07\/ADL70956-07-300x300.png\" \/>\n<meta name=\"twitter:label1\" content=\"Preis\" \/>\n\t<meta name=\"twitter:data1\" content=\"&euro;&nbsp;309,00\" \/>\n\t<meta name=\"twitter:label2\" content=\"Verf\u00fcgbarkeit\" \/>\n\t<meta name=\"twitter:data2\" content=\"Auf Lager\" \/>\n<script type=\"application\/ld+json\" class=\"yoast-schema-graph\">{\"@context\":\"https:\/\/schema.org\",\"@graph\":[{\"@type\":\"WebPage\",\"@id\":\"https:\/\/www.alldayled.com\/de\/produkt\/strands-firefly-verstraler-9inch-zwart\/\",\"url\":\"https:\/\/www.alldayled.com\/de\/produkt\/strands-firefly-verstraler-9inch-zwart\/\",\"name\":\"Strands Firefly Scheinwerfer schwarz - VOLL-LED-LAMPE - All Day Led - 12&24V Nutzung\",\"isPartOf\":{\"@id\":\"https:\/\/www.alldayled.com\/de\/#website\"},\"primaryImageOfPage\":{\"@id\":\"https:\/\/www.alldayled.com\/de\/produkt\/strands-firefly-verstraler-9inch-zwart\/#primaryimage\"},\"image\":{\"@id\":\"https:\/\/www.alldayled.com\/de\/produkt\/strands-firefly-verstraler-9inch-zwart\/#primaryimage\"},\"thumbnailUrl\":\"https:\/\/www.alldayled.com\/wp-content\/uploads\/2024\/07\/ADL270955-00.png\",\"datePublished\":\"2024-07-19T05:11:46+00:00\",\"dateModified\":\"2026-05-05T10:50:47+00:00\",\"description\":\"Strands Firefly Scheinwerfer schwarz - Strands - f\u00fcr 12&24V - 16.800 Lumen! - orange - wei\u00dfes Positionslicht und Blitzer - mit ECE R65, R148 und R149 Zulassung\",\"breadcrumb\":{\"@id\":\"https:\/\/www.alldayled.com\/de\/produkt\/strands-firefly-verstraler-9inch-zwart\/#breadcrumb\"},\"inLanguage\":\"de\",\"potentialAction\":[{\"@type\":\"ReadAction\",\"target\":[\"https:\/\/www.alldayled.com\/de\/produkt\/strands-firefly-verstraler-9inch-zwart\/\"]}]},{\"@type\":\"ImageObject\",\"inLanguage\":\"de\",\"@id\":\"https:\/\/www.alldayled.com\/de\/produkt\/strands-firefly-verstraler-9inch-zwart\/#primaryimage\",\"url\":\"https:\/\/www.alldayled.com\/wp-content\/uploads\/2024\/07\/ADL270955-00.png\",\"contentUrl\":\"https:\/\/www.alldayled.com\/wp-content\/uploads\/2024\/07\/ADL270955-00.png\",\"width\":800,\"height\":600,\"caption\":\"ADL270955\"},{\"@type\":\"BreadcrumbList\",\"@id\":\"https:\/\/www.alldayled.com\/de\/produkt\/strands-firefly-verstraler-9inch-zwart\/#breadcrumb\",\"itemListElement\":[{\"@type\":\"ListItem\",\"position\":1,\"name\":\"Home\",\"item\":\"https:\/\/www.alldayled.com\/de\/\"},{\"@type\":\"ListItem\",\"position\":2,\"name\":\"Shop\",\"item\":\"https:\/\/www.alldayled.com\/de\/shop\/\"},{\"@type\":\"ListItem\",\"position\":3,\"name\":\"Scheinwerfer\",\"item\":\"https:\/\/www.alldayled.com\/de\/produkt-kategorie\/scheinwerfer\/\"},{\"@type\":\"ListItem\",\"position\":4,\"name\":\"Scheinwerfer rund\",\"item\":\"https:\/\/www.alldayled.com\/de\/produkt-kategorie\/scheinwerfer\/verstraler-rond\/\"},{\"@type\":\"ListItem\",\"position\":5,\"name\":\"Strands Firefly Scheinwerfer 9 Zoll &#8211; schwarz\"}]},{\"@type\":\"WebSite\",\"@id\":\"https:\/\/www.alldayled.com\/de\/#website\",\"url\":\"https:\/\/www.alldayled.com\/de\/\",\"name\":\"All Day Led\",\"description\":\"Verlichting voor 12&amp;24 volt gebruik\",\"publisher\":{\"@id\":\"https:\/\/www.alldayled.com\/de\/#organization\"},\"potentialAction\":[{\"@type\":\"SearchAction\",\"target\":{\"@type\":\"EntryPoint\",\"urlTemplate\":\"https:\/\/www.alldayled.com\/de\/?s={search_term_string}\"},\"query-input\":{\"@type\":\"PropertyValueSpecification\",\"valueRequired\":true,\"valueName\":\"search_term_string\"}}],\"inLanguage\":\"de\"},{\"@type\":\"Organization\",\"@id\":\"https:\/\/www.alldayled.com\/de\/#organization\",\"name\":\"All Day Led\",\"url\":\"https:\/\/www.alldayled.com\/de\/\",\"logo\":{\"@type\":\"ImageObject\",\"inLanguage\":\"de\",\"@id\":\"https:\/\/www.alldayled.com\/de\/#\/schema\/logo\/image\/\",\"url\":\"https:\/\/www.alldayled.com\/wp-content\/uploads\/2025\/10\/Logo-ALL-DAY-LED-800x800-zwart-witte-letters.png\",\"contentUrl\":\"https:\/\/www.alldayled.com\/wp-content\/uploads\/2025\/10\/Logo-ALL-DAY-LED-800x800-zwart-witte-letters.png\",\"width\":800,\"height\":800,\"caption\":\"All Day Led\"},\"image\":{\"@id\":\"https:\/\/www.alldayled.com\/de\/#\/schema\/logo\/image\/\"},\"sameAs\":[\"https:\/\/www.facebook.com\/alldayled\/\",\"https:\/\/www.instagram.com\/alldayled\/\"],\"vatID\":\"NL863960133B01\",\"taxID\":\"86416545\"}]}<\/script>\n<meta property=\"product:brand\" content=\"Strands\" \/>\n<meta property=\"product:price:amount\" content=\"309.00\" \/>\n<meta property=\"product:price:currency\" content=\"EUR\" \/>\n<meta property=\"og:availability\" content=\"instock\" \/>\n<meta property=\"product:availability\" content=\"instock\" \/>\n<meta property=\"product:retailer_item_id\" content=\"ADL270956\" \/>\n<meta property=\"product:condition\" content=\"new\" \/>\n<!-- \/ Yoast SEO Premium plugin. -->","yoast_head_json":{"title":"Strands Firefly Scheinwerfer schwarz - VOLL-LED-LAMPE - All Day Led - 12&24V Nutzung","description":"Strands Firefly Scheinwerfer schwarz - Strands - f\u00fcr 12&24V - 16.800 Lumen! - orange - wei\u00dfes Positionslicht und Blitzer - mit ECE R65, R148 und R149 Zulassung","robots":{"index":"index","follow":"follow","max-snippet":"max-snippet:-1","max-image-preview":"max-image-preview:large","max-video-preview":"max-video-preview:-1"},"canonical":"https:\/\/www.alldayled.com\/de\/produkt\/strands-firefly-verstraler-9inch-zwart\/","og_locale":"de_DE","og_type":"article","og_title":"Strands Firefly Scheinwerfer schwarz - VOLL-LED-LAMPE - All Day Led - 12&24V Nutzung","og_description":"Strands Firefly Scheinwerfer schwarz - Strands - f\u00fcr 12&24V - 16.800 Lumen! - orange - wei\u00dfes Positionslicht und Blitzer - mit ECE R65, R148 und R149 Zulassung","og_url":"https:\/\/www.alldayled.com\/de\/produkt\/strands-firefly-verstraler-9inch-zwart\/","og_site_name":"All Day Led","article_publisher":"https:\/\/www.facebook.com\/alldayled\/","article_modified_time":"2026-05-05T10:50:47+00:00","og_image":[{"url":"https:\/\/www.alldayled.com\/wp-content\/uploads\/2024\/07\/ADL70956-07-300x300.png","type":"","width":"","height":""}],"twitter_misc":{"Preis":"&euro;&nbsp;309,00","Verf\u00fcgbarkeit":"Auf Lager"},"schema":{"@context":"https:\/\/schema.org","@graph":[{"@type":"WebPage","@id":"https:\/\/www.alldayled.com\/de\/produkt\/strands-firefly-verstraler-9inch-zwart\/","url":"https:\/\/www.alldayled.com\/de\/produkt\/strands-firefly-verstraler-9inch-zwart\/","name":"Strands Firefly Scheinwerfer schwarz - VOLL-LED-LAMPE - All Day Led - 12&24V Nutzung","isPartOf":{"@id":"https:\/\/www.alldayled.com\/de\/#website"},"primaryImageOfPage":{"@id":"https:\/\/www.alldayled.com\/de\/produkt\/strands-firefly-verstraler-9inch-zwart\/#primaryimage"},"image":{"@id":"https:\/\/www.alldayled.com\/de\/produkt\/strands-firefly-verstraler-9inch-zwart\/#primaryimage"},"thumbnailUrl":"https:\/\/www.alldayled.com\/wp-content\/uploads\/2024\/07\/ADL270955-00.png","datePublished":"2024-07-19T05:11:46+00:00","dateModified":"2026-05-05T10:50:47+00:00","description":"Strands Firefly Scheinwerfer schwarz - Strands - f\u00fcr 12&24V - 16.800 Lumen! - orange - wei\u00dfes Positionslicht und Blitzer - mit ECE R65, R148 und R149 Zulassung","breadcrumb":{"@id":"https:\/\/www.alldayled.com\/de\/produkt\/strands-firefly-verstraler-9inch-zwart\/#breadcrumb"},"inLanguage":"de","potentialAction":[{"@type":"ReadAction","target":["https:\/\/www.alldayled.com\/de\/produkt\/strands-firefly-verstraler-9inch-zwart\/"]}]},{"@type":"ImageObject","inLanguage":"de","@id":"https:\/\/www.alldayled.com\/de\/produkt\/strands-firefly-verstraler-9inch-zwart\/#primaryimage","url":"https:\/\/www.alldayled.com\/wp-content\/uploads\/2024\/07\/ADL270955-00.png","contentUrl":"https:\/\/www.alldayled.com\/wp-content\/uploads\/2024\/07\/ADL270955-00.png","width":800,"height":600,"caption":"ADL270955"},{"@type":"BreadcrumbList","@id":"https:\/\/www.alldayled.com\/de\/produkt\/strands-firefly-verstraler-9inch-zwart\/#breadcrumb","itemListElement":[{"@type":"ListItem","position":1,"name":"Home","item":"https:\/\/www.alldayled.com\/de\/"},{"@type":"ListItem","position":2,"name":"Shop","item":"https:\/\/www.alldayled.com\/de\/shop\/"},{"@type":"ListItem","position":3,"name":"Scheinwerfer","item":"https:\/\/www.alldayled.com\/de\/produkt-kategorie\/scheinwerfer\/"},{"@type":"ListItem","position":4,"name":"Scheinwerfer rund","item":"https:\/\/www.alldayled.com\/de\/produkt-kategorie\/scheinwerfer\/verstraler-rond\/"},{"@type":"ListItem","position":5,"name":"Strands Firefly Scheinwerfer 9 Zoll &#8211; schwarz"}]},{"@type":"WebSite","@id":"https:\/\/www.alldayled.com\/de\/#website","url":"https:\/\/www.alldayled.com\/de\/","name":"All Day Led","description":"Verlichting voor 12&amp;24 volt gebruik","publisher":{"@id":"https:\/\/www.alldayled.com\/de\/#organization"},"potentialAction":[{"@type":"SearchAction","target":{"@type":"EntryPoint","urlTemplate":"https:\/\/www.alldayled.com\/de\/?s={search_term_string}"},"query-input":{"@type":"PropertyValueSpecification","valueRequired":true,"valueName":"search_term_string"}}],"inLanguage":"de"},{"@type":"Organization","@id":"https:\/\/www.alldayled.com\/de\/#organization","name":"All Day Led","url":"https:\/\/www.alldayled.com\/de\/","logo":{"@type":"ImageObject","inLanguage":"de","@id":"https:\/\/www.alldayled.com\/de\/#\/schema\/logo\/image\/","url":"https:\/\/www.alldayled.com\/wp-content\/uploads\/2025\/10\/Logo-ALL-DAY-LED-800x800-zwart-witte-letters.png","contentUrl":"https:\/\/www.alldayled.com\/wp-content\/uploads\/2025\/10\/Logo-ALL-DAY-LED-800x800-zwart-witte-letters.png","width":800,"height":800,"caption":"All Day Led"},"image":{"@id":"https:\/\/www.alldayled.com\/de\/#\/schema\/logo\/image\/"},"sameAs":["https:\/\/www.facebook.com\/alldayled\/","https:\/\/www.instagram.com\/alldayled\/"],"vatID":"NL863960133B01","taxID":"86416545"}]},"product_brand":"Strands","product_price_amount":"309.00","product_price_currency":"EUR","og_availability":"instock","product_availability":"instock","product_retailer_item_id":"ADL270956","product_condition":"new"},"_links":{"self":[{"href":"https:\/\/www.alldayled.com\/de\/wp-json\/wp\/v2\/product\/68220","targetHints":{"allow":["GET"]}}],"collection":[{"href":"https:\/\/www.alldayled.com\/de\/wp-json\/wp\/v2\/product"}],"about":[{"href":"https:\/\/www.alldayled.com\/de\/wp-json\/wp\/v2\/types\/product"}],"replies":[{"embeddable":true,"href":"https:\/\/www.alldayled.com\/de\/wp-json\/wp\/v2\/comments?post=68220"}],"wp:featuredmedia":[{"embeddable":true,"href":"https:\/\/www.alldayled.com\/de\/wp-json\/wp\/v2\/media\/68814"}],"wp:attachment":[{"href":"https:\/\/www.alldayled.com\/de\/wp-json\/wp\/v2\/media?parent=68220"}],"wp:term":[{"taxonomy":"product_brand","embeddable":true,"href":"https:\/\/www.alldayled.com\/de\/wp-json\/wp\/v2\/product_brand?post=68220"},{"taxonomy":"product_cat","embeddable":true,"href":"https:\/\/www.alldayled.com\/de\/wp-json\/wp\/v2\/product_cat?post=68220"},{"taxonomy":"product_tag","embeddable":true,"href":"https:\/\/www.alldayled.com\/de\/wp-json\/wp\/v2\/product_tag?post=68220"}],"curies":[{"name":"wp","href":"https:\/\/api.w.org\/{rel}","templated":true}]}}