{"id":68241,"date":"2022-09-26T11:58:12","date_gmt":"2022-09-26T09:58:12","guid":{"rendered":"https:\/\/www.alldayled.com\/product\/strands-cruise-light-afstandsbediening-draadloos\/"},"modified":"2026-01-24T20:59:14","modified_gmt":"2026-01-24T19:59:14","slug":"strands-cruise-light-afstandsbediening-draadloos","status":"publish","type":"product","link":"https:\/\/www.alldayled.com\/de\/produkt\/strands-cruise-light-afstandsbediening-draadloos\/","title":{"rendered":"Strands Cruise Light Fernbedienung &#8211; kabellos"},"content":{"rendered":"<p><span style=\"color: #000000;\"><strong>Strands Cruise Light Fernbedienung kabellos, geeignet f\u00fcr u.a. die Cruise Light LED Rundumleuchtenbalken.<\/strong><\/span><\/p>\n<p><span style=\"color: #000000;\">M\u00f6chtest du deine gesamte Beleuchtung am Fahrzeug einfach steuern? Mit der Strands Cruise Light Fernbedienung kabellos wird dies Wirklichkeit. Diese kabellose Fernbedienung ist ideal, wenn du einen oder mehrere Rundumleuchtenbalken steuern, aber auch zus\u00e4tzliche Leuchten schalten m\u00f6chtest. Dank der mitgelieferten Relaisbox kannst du maximal 6 Leuchtenkan\u00e4le mit einer Gesamtleistung von 700W bedienen. F\u00fcr die Cruise Light Rundumleuchtenbalken sind 2x 150W (15A) verf\u00fcgbar und die restlichen 4x 100W (10A) kannst du f\u00fcr Arbeitsleuchten, Blitzer oder andere Fahrzeugbeleuchtung nutzen. Zudem funktioniert die Fernbedienung mit einem Lithium-Ionen-Akku und du l\u00e4dst sie einfach \u00fcber das mitgelieferte USB-Kabel auf. So bist du immer einsatzbereit.      <\/span><\/p>\n<p><span style=\"color: #000000;\">Zudem ist die Strands Cruise Light Fernbedienung kabellos f\u00fcr nahezu alle Fahrzeuge geeignet. Die Relaisbox ist wasserdicht (IP67) und dank der Gummidichtungen widerstandsf\u00e4hig gegen raue Bedingungen. Die Fernbedienung verf\u00fcgt \u00fcber klare, farbcodierte Tasten: 9 bernsteinfarbene Tasten f\u00fcr die Cruise Light Roof Bars, 8 wei\u00dfe Tasten und 1 blaue Taste. Damit schaltest du Lichter ein oder aus, wechselst Muster und aktivierst Funktionen wie den Tag- und Nachtmodus. Dank der integrierten Speicherfunktion merkt sich der Controller die zuletzt verwendeten Einstellungen, sodass du immer zu deinem bevorzugten Setup zur\u00fcckkehrst. Kurz gesagt, mit dieser Cruise Light Fernbedienung hast du die volle Kontrolle und machst dein Fahrzeug sofort auff\u00e4lliger und flexibler.      <\/span><\/p>\n<h5><span style=\"color: #000000;\"><strong>Abmessungen:<\/strong><\/span><\/h5>\n<p><span style=\"color: #000000;\">Um sicherzustellen, dass du die Strands Cruise Light Fernbedienung kabellos einfach montieren kannst, haben wir dir unten auch die Abmessungen des Empf\u00e4ngers aufgelistet. So wei\u00dft du genau, wie viel Platz du ben\u00f6tigst und wo du ihn am besten platzieren kannst. <\/span><\/p>\n<ul>\n<li><span style=\"color: #000000;\">H\u00f6he: 81 mm <\/span><\/li>\n<li><span style=\"color: #000000;\">Breite: 162 mm<\/span><\/li>\n<li><span style=\"color: #000000;\">Dicke: 20 mm<\/span><\/li>\n<\/ul>\n<h5><span style=\"color: #000000;\"><strong>Strands CL Rundumleuchtenbalken:<\/strong><\/span><\/h5>\n<p><span style=\"color: #000000;\">M\u00f6chtest du die Strands Cruise Light Fernbedienung kabellos kaufen, hast aber noch keinen Rundumleuchtenbalken ausgew\u00e4hlt? Kein Problem! Sieh dir hier alle Cruise Light Roof Bars an, die perfekt mit diesem praktischen Zubeh\u00f6r zusammenarbeiten.<\/span><\/p>\n<ul>\n<li><span style=\"color: #000000;\"><a style=\"color: #000000;\" href=\"https:\/\/www.alldayled.com\/de\/produkt\/strands-cl-led-zwaailampbalk-31cm\/\"><strong>Cruise Light Roof Bar 31 cm<\/strong><\/a><\/span><\/li>\n<li><span style=\"color: #000000;\"><a style=\"color: #000000;\" href=\"https:\/\/www.alldayled.com\/de\/produkt\/strands-cl-led-zwaailampbalk-77cm\/\"><strong>Cruise Light Roof Bar 77 cm<\/strong><\/a><\/span><\/li>\n<li><span style=\"color: #000000;\"><a style=\"color: #000000;\" href=\"https:\/\/www.alldayled.com\/de\/produkt\/strands-cl-led-zwaailampbalk-92cm\/\"><strong>Cruise Light Roof Bar 92 cm<\/strong><\/a><\/span><\/li>\n<li><span style=\"color: #000000;\"><a style=\"color: #000000;\" href=\"https:\/\/www.alldayled.com\/de\/produkt\/strands-cl-led-zwaailampbalk-107cm\/\"><strong>Cruise Light Roof Bar 107 cm<\/strong><\/a><\/span><\/li>\n<li><span style=\"color: #000000;\"><a style=\"color: #000000;\" href=\"https:\/\/www.alldayled.com\/de\/produkt\/strands-cl-led-zwaailampbalk-122cm\/\"><strong>Cruise Light Roof Bar 122 cm<\/strong><\/a><\/span><\/li>\n<li><span style=\"color: #000000;\"><a style=\"color: #000000;\" href=\"https:\/\/www.alldayled.com\/de\/produkt\/strands-cl-led-zwaailampbalk-138cm\/\"><strong>Cruise Light Roof Bar 138 cm<\/strong><\/a><\/span><\/li>\n<li><span style=\"color: #000000;\"><a style=\"color: #000000;\" href=\"https:\/\/www.alldayled.com\/de\/produkt\/strands-cl-led-zwaailampbalk-153cm\/\"><strong>Cruise Light Roof Bar 153 cm<\/strong><\/a><\/span><\/li>\n<li><span style=\"color: #000000;\"><a style=\"color: #000000;\" href=\"https:\/\/www.alldayled.com\/de\/produkt\/strands-cl-led-zwaailampbalk-183cm\/\"><strong>Cruise Light Roof Bar 183 cm<\/strong><\/a><\/span><\/li>\n<\/ul>\n<div class=\"truncated\">\n<p><span style=\"color: #000000;\">Bist du noch nicht ganz \u00fcberzeugt, dass die Strands Cruise Light Fernbedienung kabellos das richtige Modell f\u00fcr dich ist? Vielleicht weil Form oder Funktion nicht ganz deinen W\u00fcnschen entsprechen. Dann sieh dir unser komplettes <g id=\"gid_0\">Strands<\/g> Sortiment an; m\u00f6glicherweise findest du hier die Leuchte, die besser zu deinem Fahrzeug passt. Zudem kannst du <a style=\"color: #000000;\" href=\"https:\/\/youtu.be\/Xr6a4VoPXTU\" target=\"_blank\" rel=\"noopener\">hier<\/a> das Einf\u00fchrungsvideo von Strands ansehen, um einen besseren Eindruck von der Bedienung zu bekommen.   <\/span><\/p>\n<\/div>\n","protected":false},"excerpt":{"rendered":"<p>Kabellose Cruise Light Fernbedienung &#8211; 6 Kan\u00e4le, wasserdichte Relaisbox und Akku.<\/p>\n","protected":false},"featured_media":25614,"comment_status":"open","ping_status":"closed","template":"","meta":{"_acf_changed":false},"product_brand":[5114],"product_cat":[5330],"product_tag":[9065],"class_list":{"0":"post-68241","1":"product","2":"type-product","3":"status-publish","4":"has-post-thumbnail","6":"product_brand-product-strands-lighting-division","7":"product_cat-fittingen-en-kabels","8":"product_tag-strands-lighting-division","10":"first","11":"instock","12":"taxable","13":"shipping-taxable","14":"purchasable","15":"product-type-simple"},"acf":[],"yoast_head":"<!-- This site is optimized with the Yoast SEO Premium plugin v26.5 (Yoast SEO v27.1.1) - https:\/\/yoast.com\/product\/yoast-seo-premium-wordpress\/ -->\n<title>Strands Cruise Light Fernbedienung kabellos - All Day Led - f\u00fcr 12&amp;24V<\/title>\n<meta name=\"description\" content=\"Strands Cruise Light Fernbedienung kabellos - geeignet f\u00fcr u.a. Cruise Light Roof Bars - passt auf jedes Fahrzeug - 6 Kan\u00e4le f\u00fcr max. 700W\" \/>\n<meta name=\"robots\" content=\"index, follow, max-snippet:-1, max-image-preview:large, max-video-preview:-1\" \/>\n<link rel=\"canonical\" href=\"https:\/\/www.alldayled.com\/de\/produkt\/strands-cruise-light-afstandsbediening-draadloos\/\" \/>\n<meta property=\"og:locale\" content=\"de_DE\" \/>\n<meta property=\"og:type\" content=\"article\" \/>\n<meta property=\"og:title\" content=\"Strands Cruise Light Fernbedienung kabellos - All Day Led - f\u00fcr 12&amp;24V\" \/>\n<meta property=\"og:description\" content=\"Kabellose Cruise Light Fernbedienung - 6 Kan\u00e4le, wasserdichte Relaisbox und Akku.\" \/>\n<meta property=\"og:url\" content=\"https:\/\/www.alldayled.com\/de\/produkt\/strands-cruise-light-afstandsbediening-draadloos\/\" \/>\n<meta property=\"og:site_name\" content=\"All Day Led\" \/>\n<meta property=\"article:publisher\" content=\"https:\/\/www.facebook.com\/alldayled\/\" \/>\n<meta property=\"article:modified_time\" content=\"2026-01-24T19:59:14+00:00\" \/>\n<meta property=\"og:image\" content=\"https:\/\/www.alldayled.com\/wp-content\/uploads\/2022\/09\/ADL850208-SM-300x300.png\" \/>\n<meta name=\"twitter:label1\" content=\"Preis\" \/>\n\t<meta name=\"twitter:data1\" content=\"&euro;&nbsp;199,00\" \/>\n\t<meta name=\"twitter:label2\" content=\"Verf\u00fcgbarkeit\" \/>\n\t<meta name=\"twitter:data2\" content=\"Auf Lager\" \/>\n<script type=\"application\/ld+json\" class=\"yoast-schema-graph\">{\"@context\":\"https:\/\/schema.org\",\"@graph\":[{\"@type\":\"WebPage\",\"@id\":\"https:\/\/www.alldayled.com\/de\/produkt\/strands-cruise-light-afstandsbediening-draadloos\/\",\"url\":\"https:\/\/www.alldayled.com\/de\/produkt\/strands-cruise-light-afstandsbediening-draadloos\/\",\"name\":\"Strands Cruise Light Fernbedienung kabellos - All Day Led - f\u00fcr 12&24V\",\"isPartOf\":{\"@id\":\"https:\/\/www.alldayled.com\/de\/#website\"},\"primaryImageOfPage\":{\"@id\":\"https:\/\/www.alldayled.com\/de\/produkt\/strands-cruise-light-afstandsbediening-draadloos\/#primaryimage\"},\"image\":{\"@id\":\"https:\/\/www.alldayled.com\/de\/produkt\/strands-cruise-light-afstandsbediening-draadloos\/#primaryimage\"},\"thumbnailUrl\":\"https:\/\/www.alldayled.com\/wp-content\/uploads\/2023\/07\/ADL85208.png\",\"datePublished\":\"2022-09-26T09:58:12+00:00\",\"dateModified\":\"2026-01-24T19:59:14+00:00\",\"description\":\"Strands Cruise Light Fernbedienung kabellos - geeignet f\u00fcr u.a. Cruise Light Roof Bars - passt auf jedes Fahrzeug - 6 Kan\u00e4le f\u00fcr max. 700W\",\"breadcrumb\":{\"@id\":\"https:\/\/www.alldayled.com\/de\/produkt\/strands-cruise-light-afstandsbediening-draadloos\/#breadcrumb\"},\"inLanguage\":\"de\",\"potentialAction\":[{\"@type\":\"ReadAction\",\"target\":[\"https:\/\/www.alldayled.com\/de\/produkt\/strands-cruise-light-afstandsbediening-draadloos\/\"]}]},{\"@type\":\"ImageObject\",\"inLanguage\":\"de\",\"@id\":\"https:\/\/www.alldayled.com\/de\/produkt\/strands-cruise-light-afstandsbediening-draadloos\/#primaryimage\",\"url\":\"https:\/\/www.alldayled.com\/wp-content\/uploads\/2023\/07\/ADL85208.png\",\"contentUrl\":\"https:\/\/www.alldayled.com\/wp-content\/uploads\/2023\/07\/ADL85208.png\",\"width\":800,\"height\":600,\"caption\":\"Strands Cruise Light Fernbedienung kabellos - Fernbedienung, die f\u00fcr die CL Beacon Bars von Strands geeignet ist - Empf\u00e4nger hat 6 Eingangsports und kann maximal 700W vertragen - EAN: 7350133815556\"},{\"@type\":\"BreadcrumbList\",\"@id\":\"https:\/\/www.alldayled.com\/de\/produkt\/strands-cruise-light-afstandsbediening-draadloos\/#breadcrumb\",\"itemListElement\":[{\"@type\":\"ListItem\",\"position\":1,\"name\":\"Home\",\"item\":\"https:\/\/www.alldayled.com\/de\/\"},{\"@type\":\"ListItem\",\"position\":2,\"name\":\"Shop\",\"item\":\"https:\/\/www.alldayled.com\/de\/shop\/\"},{\"@type\":\"ListItem\",\"position\":3,\"name\":\"Andere\",\"item\":\"https:\/\/www.alldayled.com\/de\/produkt-kategorie\/andere-produkte\/\"},{\"@type\":\"ListItem\",\"position\":4,\"name\":\"Armaturen und Kabel\",\"item\":\"https:\/\/www.alldayled.com\/de\/produkt-kategorie\/andere-produkte\/fittingen-en-kabels\/\"},{\"@type\":\"ListItem\",\"position\":5,\"name\":\"Strands Cruise Light Fernbedienung &#8211; kabellos\"}]},{\"@type\":\"WebSite\",\"@id\":\"https:\/\/www.alldayled.com\/de\/#website\",\"url\":\"https:\/\/www.alldayled.com\/de\/\",\"name\":\"All Day Led\",\"description\":\"Verlichting voor 12&amp;24 volt gebruik\",\"publisher\":{\"@id\":\"https:\/\/www.alldayled.com\/de\/#organization\"},\"potentialAction\":[{\"@type\":\"SearchAction\",\"target\":{\"@type\":\"EntryPoint\",\"urlTemplate\":\"https:\/\/www.alldayled.com\/de\/?s={search_term_string}\"},\"query-input\":{\"@type\":\"PropertyValueSpecification\",\"valueRequired\":true,\"valueName\":\"search_term_string\"}}],\"inLanguage\":\"de\"},{\"@type\":\"Organization\",\"@id\":\"https:\/\/www.alldayled.com\/de\/#organization\",\"name\":\"All Day Led\",\"url\":\"https:\/\/www.alldayled.com\/de\/\",\"logo\":{\"@type\":\"ImageObject\",\"inLanguage\":\"de\",\"@id\":\"https:\/\/www.alldayled.com\/de\/#\/schema\/logo\/image\/\",\"url\":\"https:\/\/www.alldayled.com\/wp-content\/uploads\/2025\/10\/Logo-ALL-DAY-LED-800x800-zwart-witte-letters.png\",\"contentUrl\":\"https:\/\/www.alldayled.com\/wp-content\/uploads\/2025\/10\/Logo-ALL-DAY-LED-800x800-zwart-witte-letters.png\",\"width\":800,\"height\":800,\"caption\":\"All Day Led\"},\"image\":{\"@id\":\"https:\/\/www.alldayled.com\/de\/#\/schema\/logo\/image\/\"},\"sameAs\":[\"https:\/\/www.facebook.com\/alldayled\/\",\"https:\/\/www.instagram.com\/alldayled\/\"],\"vatID\":\"NL863960133B01\",\"taxID\":\"86416545\"}]}<\/script>\n<meta property=\"product:brand\" content=\"Strands\" \/>\n<meta property=\"product:price:amount\" content=\"199.00\" \/>\n<meta property=\"product:price:currency\" content=\"EUR\" \/>\n<meta property=\"og:availability\" content=\"instock\" \/>\n<meta property=\"product:availability\" content=\"instock\" \/>\n<meta property=\"product:retailer_item_id\" content=\"ADL850208\" \/>\n<meta property=\"product:condition\" content=\"new\" \/>\n<!-- \/ Yoast SEO Premium plugin. -->","yoast_head_json":{"title":"Strands Cruise Light Fernbedienung kabellos - All Day Led - f\u00fcr 12&24V","description":"Strands Cruise Light Fernbedienung kabellos - geeignet f\u00fcr u.a. Cruise Light Roof Bars - passt auf jedes Fahrzeug - 6 Kan\u00e4le f\u00fcr max. 700W","robots":{"index":"index","follow":"follow","max-snippet":"max-snippet:-1","max-image-preview":"max-image-preview:large","max-video-preview":"max-video-preview:-1"},"canonical":"https:\/\/www.alldayled.com\/de\/produkt\/strands-cruise-light-afstandsbediening-draadloos\/","og_locale":"de_DE","og_type":"article","og_title":"Strands Cruise Light Fernbedienung kabellos - All Day Led - f\u00fcr 12&24V","og_description":"Kabellose Cruise Light Fernbedienung - 6 Kan\u00e4le, wasserdichte Relaisbox und Akku.","og_url":"https:\/\/www.alldayled.com\/de\/produkt\/strands-cruise-light-afstandsbediening-draadloos\/","og_site_name":"All Day Led","article_publisher":"https:\/\/www.facebook.com\/alldayled\/","article_modified_time":"2026-01-24T19:59:14+00:00","og_image":[{"url":"https:\/\/www.alldayled.com\/wp-content\/uploads\/2022\/09\/ADL850208-SM-300x300.png","type":"","width":"","height":""}],"twitter_misc":{"Preis":"&euro;&nbsp;199,00","Verf\u00fcgbarkeit":"Auf Lager"},"schema":{"@context":"https:\/\/schema.org","@graph":[{"@type":"WebPage","@id":"https:\/\/www.alldayled.com\/de\/produkt\/strands-cruise-light-afstandsbediening-draadloos\/","url":"https:\/\/www.alldayled.com\/de\/produkt\/strands-cruise-light-afstandsbediening-draadloos\/","name":"Strands Cruise Light Fernbedienung kabellos - All Day Led - f\u00fcr 12&24V","isPartOf":{"@id":"https:\/\/www.alldayled.com\/de\/#website"},"primaryImageOfPage":{"@id":"https:\/\/www.alldayled.com\/de\/produkt\/strands-cruise-light-afstandsbediening-draadloos\/#primaryimage"},"image":{"@id":"https:\/\/www.alldayled.com\/de\/produkt\/strands-cruise-light-afstandsbediening-draadloos\/#primaryimage"},"thumbnailUrl":"https:\/\/www.alldayled.com\/wp-content\/uploads\/2023\/07\/ADL85208.png","datePublished":"2022-09-26T09:58:12+00:00","dateModified":"2026-01-24T19:59:14+00:00","description":"Strands Cruise Light Fernbedienung kabellos - geeignet f\u00fcr u.a. Cruise Light Roof Bars - passt auf jedes Fahrzeug - 6 Kan\u00e4le f\u00fcr max. 700W","breadcrumb":{"@id":"https:\/\/www.alldayled.com\/de\/produkt\/strands-cruise-light-afstandsbediening-draadloos\/#breadcrumb"},"inLanguage":"de","potentialAction":[{"@type":"ReadAction","target":["https:\/\/www.alldayled.com\/de\/produkt\/strands-cruise-light-afstandsbediening-draadloos\/"]}]},{"@type":"ImageObject","inLanguage":"de","@id":"https:\/\/www.alldayled.com\/de\/produkt\/strands-cruise-light-afstandsbediening-draadloos\/#primaryimage","url":"https:\/\/www.alldayled.com\/wp-content\/uploads\/2023\/07\/ADL85208.png","contentUrl":"https:\/\/www.alldayled.com\/wp-content\/uploads\/2023\/07\/ADL85208.png","width":800,"height":600,"caption":"Strands Cruise Light Fernbedienung kabellos - Fernbedienung, die f\u00fcr die CL Beacon Bars von Strands geeignet ist - Empf\u00e4nger hat 6 Eingangsports und kann maximal 700W vertragen - EAN: 7350133815556"},{"@type":"BreadcrumbList","@id":"https:\/\/www.alldayled.com\/de\/produkt\/strands-cruise-light-afstandsbediening-draadloos\/#breadcrumb","itemListElement":[{"@type":"ListItem","position":1,"name":"Home","item":"https:\/\/www.alldayled.com\/de\/"},{"@type":"ListItem","position":2,"name":"Shop","item":"https:\/\/www.alldayled.com\/de\/shop\/"},{"@type":"ListItem","position":3,"name":"Andere","item":"https:\/\/www.alldayled.com\/de\/produkt-kategorie\/andere-produkte\/"},{"@type":"ListItem","position":4,"name":"Armaturen und Kabel","item":"https:\/\/www.alldayled.com\/de\/produkt-kategorie\/andere-produkte\/fittingen-en-kabels\/"},{"@type":"ListItem","position":5,"name":"Strands Cruise Light Fernbedienung &#8211; kabellos"}]},{"@type":"WebSite","@id":"https:\/\/www.alldayled.com\/de\/#website","url":"https:\/\/www.alldayled.com\/de\/","name":"All Day Led","description":"Verlichting voor 12&amp;24 volt gebruik","publisher":{"@id":"https:\/\/www.alldayled.com\/de\/#organization"},"potentialAction":[{"@type":"SearchAction","target":{"@type":"EntryPoint","urlTemplate":"https:\/\/www.alldayled.com\/de\/?s={search_term_string}"},"query-input":{"@type":"PropertyValueSpecification","valueRequired":true,"valueName":"search_term_string"}}],"inLanguage":"de"},{"@type":"Organization","@id":"https:\/\/www.alldayled.com\/de\/#organization","name":"All Day Led","url":"https:\/\/www.alldayled.com\/de\/","logo":{"@type":"ImageObject","inLanguage":"de","@id":"https:\/\/www.alldayled.com\/de\/#\/schema\/logo\/image\/","url":"https:\/\/www.alldayled.com\/wp-content\/uploads\/2025\/10\/Logo-ALL-DAY-LED-800x800-zwart-witte-letters.png","contentUrl":"https:\/\/www.alldayled.com\/wp-content\/uploads\/2025\/10\/Logo-ALL-DAY-LED-800x800-zwart-witte-letters.png","width":800,"height":800,"caption":"All Day Led"},"image":{"@id":"https:\/\/www.alldayled.com\/de\/#\/schema\/logo\/image\/"},"sameAs":["https:\/\/www.facebook.com\/alldayled\/","https:\/\/www.instagram.com\/alldayled\/"],"vatID":"NL863960133B01","taxID":"86416545"}]},"product_brand":"Strands","product_price_amount":"199.00","product_price_currency":"EUR","og_availability":"instock","product_availability":"instock","product_retailer_item_id":"ADL850208","product_condition":"new"},"_links":{"self":[{"href":"https:\/\/www.alldayled.com\/de\/wp-json\/wp\/v2\/product\/68241","targetHints":{"allow":["GET"]}}],"collection":[{"href":"https:\/\/www.alldayled.com\/de\/wp-json\/wp\/v2\/product"}],"about":[{"href":"https:\/\/www.alldayled.com\/de\/wp-json\/wp\/v2\/types\/product"}],"replies":[{"embeddable":true,"href":"https:\/\/www.alldayled.com\/de\/wp-json\/wp\/v2\/comments?post=68241"}],"wp:featuredmedia":[{"embeddable":true,"href":"https:\/\/www.alldayled.com\/de\/wp-json\/wp\/v2\/media\/25614"}],"wp:attachment":[{"href":"https:\/\/www.alldayled.com\/de\/wp-json\/wp\/v2\/media?parent=68241"}],"wp:term":[{"taxonomy":"product_brand","embeddable":true,"href":"https:\/\/www.alldayled.com\/de\/wp-json\/wp\/v2\/product_brand?post=68241"},{"taxonomy":"product_cat","embeddable":true,"href":"https:\/\/www.alldayled.com\/de\/wp-json\/wp\/v2\/product_cat?post=68241"},{"taxonomy":"product_tag","embeddable":true,"href":"https:\/\/www.alldayled.com\/de\/wp-json\/wp\/v2\/product_tag?post=68241"}],"curies":[{"name":"wp","href":"https:\/\/api.w.org\/{rel}","templated":true}]}}