{"id":68269,"date":"2023-01-10T12:30:35","date_gmt":"2023-01-10T11:30:35","guid":{"rendered":"https:\/\/www.alldayled.com\/product\/t10-led-rood-24-volt-2stuks\/"},"modified":"2026-03-19T08:45:54","modified_gmt":"2026-03-19T07:45:54","slug":"t10-led-rood-24-volt-2stuks","status":"publish","type":"product","link":"https:\/\/www.alldayled.com\/de\/produkt\/t10-led-rood-24-volt-2stuks\/","title":{"rendered":"T10 LED Lampe 24 Volt rot &#8211; 2 St\u00fcck"},"content":{"rendered":"<p><span style=\"color: #000000;\"><strong>T10 LED Lampe rot, f\u00fcr 24 Volt Betrieb.<\/strong><\/span><\/p>\n<p><span style=\"color: #000000;\">Suchst du eine LED Lampe, die du gegen deine originale T10 Halogenlampe austauschen kannst? Dann ist diese rote T10 LED Lampe vielleicht genau das, was du suchst. Die Lampe hat 4 LEDs und wird im 2er-Set geliefert. Dank der LEDs leuchtet die Lampe gut rundum und ersetzt eine 5 Watt Halogenlampe. Achtung: Die T10 LED Lampe rot ist nur f\u00fcr 24 Volt geeignet, du kannst sie also zum Beispiel in deinem LKW, Wohnmobil oder Anh\u00e4nger verwenden. Stelle sicher, dass die originale Lampe mit Abbildung 3 \u00fcbereinstimmt. Stimmt dies nicht \u00fcberein? Dann passt die LED Lampe wahrscheinlich nicht.       <\/span><\/p>\n<p><span style=\"color: #000000;\">Um sicherzustellen, dass die T10 LED Lampe rot 24 Volt f\u00fcr dein Fahrzeug geeignet ist, haben wir die wichtigsten Eigenschaften unten aufgef\u00fchrt. Die Lampe ist mit dem ECE R10-Pr\u00fcfzeichen versehen, was bedeutet, dass sie zum Beispiel keine St\u00f6rungen deines Radiosignals verursacht. Zudem kann die Lampe bis zu 32 Volt aushalten, wodurch sie beim Starten deines Fahrzeugs vor Spannungsspitzen gesch\u00fctzt ist. Kurz gesagt, diese T10 LED Lampe rot 24 Volt ist ideal f\u00fcr zum Beispiel dein Standlicht oder deine Innenbeleuchtung in deinem Truck oder Anh\u00e4nger.   <\/span><\/p>\n<p><span style=\"color: #000000;\"><em>Bitte beachte, diese LED Lampen sind nicht CAN-Bus-f\u00e4hig. Das bedeutet, dass diese Lampe eine Fehlermeldung auf deinem Armaturenbrett verursachen kann. Dies trifft haupts\u00e4chlich auf neuere Automodelle zu, LKWs sind davon oft ausgenommen. Auch zus\u00e4tzliche Lampen wie Fernscheinwerfer oder Skylights sind vom CAN-Bus-System ausgeschlossen.   <\/em> <\/span><\/p>\n<h5><span style=\"color: #000000;\"><strong>Andere Farben:<\/strong><\/span><\/h5>\n<p><span style=\"color: #000000;\">Suchst du zwar eine W5W LED Lampe, aber die T10 LED Lampe rot 24 Volt f\u00fcr LKW-Nutzung ist nicht die Farbe, die du suchst? Dann wisse, dass diese T10 LED Lampe auch in den folgenden Farben erh\u00e4ltlich ist: <\/span><\/p>\n<ul>\n<li><span style=\"color: #000000;\"><a style=\"color: #000000;\" href=\"https:\/\/www.alldayled.com\/de\/produkt\/t10-led-oranje-24-volt-2stuks\/\"><strong>T10 LED Lampe orange 24 volt<\/strong><\/a><\/span><\/li>\n<li><span style=\"color: #000000;\"><a style=\"color: #000000;\" href=\"https:\/\/www.alldayled.com\/de\/produkt\/t10-led-blauw-24-volt-2stuks\/\"><strong>T10 LED Lampe blau 24 volt<\/strong><\/a><\/span><\/li>\n<li><span style=\"color: #000000;\"><a style=\"color: #000000;\" href=\"https:\/\/www.alldayled.com\/de\/produkt\/t10-led-groen-24-volt-2stuks\/\"><strong>T10 LED Lampe gr\u00fcn 24 volt<\/strong><\/a><\/span><\/li>\n<li><span style=\"color: #000000;\"><a style=\"color: #000000;\" href=\"https:\/\/www.alldayled.com\/de\/produkt\/t10-led-wit-24-volt-2stuks\/\"><strong>T10 LED Lampe wei\u00df 24 Volt<\/strong><\/a><\/span><\/li>\n<\/ul>\n<h5><span style=\"color: #000000;\"><strong>Warum hat diese T10 LED Lampe kein E-Pr\u00fcfzeichen:<\/strong><\/span><\/h5>\n<p><span style=\"color: #000000;\">Ersatzlampen m\u00fcssen europ\u00e4ischen Normen f\u00fcr Sicherheit, Wasserdichtigkeit und Kurzschlussvermeidung (ECE R37) entsprechen. Diese Normen basieren auf den alten Gl\u00fch- und Halogenlampen. LED-Ersatzlampen k\u00f6nnen diesen nicht entsprechen, da sie keinen Gl\u00fchfaden haben. Daher erh\u00e4lt diese LED Lampe nicht das ECE R37 Pr\u00fcfzeichen und darf offiziell nicht im \u00f6ffentlichen Stra\u00dfenverkehr verwendet werden. Du kannst diese BA15S LED Lampe jedoch sicher auf deinem eigenen Gel\u00e4nde oder zum Beispiel im Rennsport verwenden. So holst du das Maximum aus der Lampe heraus, ohne dass es rechtliche Probleme gibt.     <\/span><\/p>\n","protected":false},"excerpt":{"rendered":"<p>T10 LED Lampe 24 Volt rot &#8211; 2 St\u00fcck, geeignet f\u00fcr Truck und Anh\u00e4nger.<\/p>\n","protected":false},"featured_media":23541,"comment_status":"open","ping_status":"closed","template":"","meta":{"_acf_changed":false},"product_brand":[5577],"product_cat":[5393,5398,5406,5411,5409,5403,5413],"product_tag":[9120,9118,9119,9578,9187],"class_list":{"0":"post-68269","1":"product","2":"type-product","3":"status-publish","4":"has-post-thumbnail","6":"product_brand-product-all-day-led","7":"product_cat-verlichting-24-volt","8":"product_cat-daf-verlichting","9":"product_cat-iveco-verlichting","10":"product_cat-man-verlichting","11":"product_cat-scania-verlichting","12":"product_cat-t10-led-24-volt","13":"product_cat-volvo-beleuchtung","14":"product_tag-innenraumbeleuchtung-lkw","15":"product_tag-kabinenbeleuchtung","16":"product_tag-lkw-beleuchtung","17":"product_tag-lkw-beleuchtung-24-volt","18":"product_tag-nedking","20":"first","21":"instock","22":"taxable","23":"shipping-taxable","24":"purchasable","25":"product-type-simple"},"acf":[],"yoast_head":"<!-- This site is optimized with the Yoast SEO Premium plugin v26.5 (Yoast SEO v27.1.1) - https:\/\/yoast.com\/product\/yoast-seo-premium-wordpress\/ -->\n<title>T10 LED rot 24 Volt - 2 St\u00fcck - All Day Led - Beleuchtung und mehr<\/title>\n<meta name=\"description\" content=\"T10 LED Lampe - 2 St\u00fcck - Innenbeleuchtung - rot - f\u00fcr LKW, Wohnmobil und mehr - nur f\u00fcr 24 Volt Betrieb - T10 5W5 LED Lampe\" \/>\n<meta name=\"robots\" content=\"index, follow, max-snippet:-1, max-image-preview:large, max-video-preview:-1\" \/>\n<link rel=\"canonical\" href=\"https:\/\/www.alldayled.com\/de\/produkt\/t10-led-rood-24-volt-2stuks\/\" \/>\n<meta property=\"og:locale\" content=\"de_DE\" \/>\n<meta property=\"og:type\" content=\"article\" \/>\n<meta property=\"og:title\" content=\"T10 LED rot 24 Volt - 2 St\u00fcck - All Day Led - Beleuchtung und mehr\" \/>\n<meta property=\"og:description\" content=\"T10 LED Lampe - 2 St\u00fcck - Innenbeleuchtung - rot - f\u00fcr LKW, Wohnmobil und mehr - nur f\u00fcr 24 Volt Betrieb - T10 5W5 LED Lampe\" \/>\n<meta property=\"og:url\" content=\"https:\/\/www.alldayled.com\/de\/produkt\/t10-led-rood-24-volt-2stuks\/\" \/>\n<meta property=\"og:site_name\" content=\"All Day Led\" \/>\n<meta property=\"article:publisher\" content=\"https:\/\/www.facebook.com\/alldayled\/\" \/>\n<meta property=\"article:modified_time\" content=\"2026-03-19T07:45:54+00:00\" \/>\n<meta property=\"og:image\" content=\"https:\/\/www.alldayled.com\/wp-content\/uploads\/2025\/01\/ADL40106-R.02-300x300.png\" \/>\n<meta name=\"twitter:label1\" content=\"Preis\" \/>\n\t<meta name=\"twitter:data1\" content=\"&euro;&nbsp;7,95\" \/>\n\t<meta name=\"twitter:label2\" content=\"Verf\u00fcgbarkeit\" \/>\n\t<meta name=\"twitter:data2\" content=\"Auf Lager\" \/>\n<script type=\"application\/ld+json\" class=\"yoast-schema-graph\">{\"@context\":\"https:\/\/schema.org\",\"@graph\":[{\"@type\":\"WebPage\",\"@id\":\"https:\/\/www.alldayled.com\/de\/produkt\/t10-led-rood-24-volt-2stuks\/\",\"url\":\"https:\/\/www.alldayled.com\/de\/produkt\/t10-led-rood-24-volt-2stuks\/\",\"name\":\"T10 LED rot 24 Volt - 2 St\u00fcck - All Day Led - Beleuchtung und mehr\",\"isPartOf\":{\"@id\":\"https:\/\/www.alldayled.com\/de\/#website\"},\"primaryImageOfPage\":{\"@id\":\"https:\/\/www.alldayled.com\/de\/produkt\/t10-led-rood-24-volt-2stuks\/#primaryimage\"},\"image\":{\"@id\":\"https:\/\/www.alldayled.com\/de\/produkt\/t10-led-rood-24-volt-2stuks\/#primaryimage\"},\"thumbnailUrl\":\"https:\/\/www.alldayled.com\/wp-content\/uploads\/2023\/01\/ADL40106-R.png\",\"datePublished\":\"2023-01-10T11:30:35+00:00\",\"dateModified\":\"2026-03-19T07:45:54+00:00\",\"description\":\"T10 LED Lampe - 2 St\u00fcck - Innenbeleuchtung - rot - f\u00fcr LKW, Wohnmobil und mehr - nur f\u00fcr 24 Volt Betrieb - T10 5W5 LED Lampe\",\"breadcrumb\":{\"@id\":\"https:\/\/www.alldayled.com\/de\/produkt\/t10-led-rood-24-volt-2stuks\/#breadcrumb\"},\"inLanguage\":\"de\",\"potentialAction\":[{\"@type\":\"ReadAction\",\"target\":[\"https:\/\/www.alldayled.com\/de\/produkt\/t10-led-rood-24-volt-2stuks\/\"]}]},{\"@type\":\"ImageObject\",\"inLanguage\":\"de\",\"@id\":\"https:\/\/www.alldayled.com\/de\/produkt\/t10-led-rood-24-volt-2stuks\/#primaryimage\",\"url\":\"https:\/\/www.alldayled.com\/wp-content\/uploads\/2023\/01\/ADL40106-R.png\",\"contentUrl\":\"https:\/\/www.alldayled.com\/wp-content\/uploads\/2023\/01\/ADL40106-R.png\",\"width\":800,\"height\":600,\"caption\":\"T10 LED Lampe ROT - geeignet f\u00fcr 24 Volt Betrieb - als Innenleuchte f\u00fcr den LKW verwendbar - 2er-Set - EAN: 6090449458436\"},{\"@type\":\"BreadcrumbList\",\"@id\":\"https:\/\/www.alldayled.com\/de\/produkt\/t10-led-rood-24-volt-2stuks\/#breadcrumb\",\"itemListElement\":[{\"@type\":\"ListItem\",\"position\":1,\"name\":\"Home\",\"item\":\"https:\/\/www.alldayled.com\/de\/\"},{\"@type\":\"ListItem\",\"position\":2,\"name\":\"Shop\",\"item\":\"https:\/\/www.alldayled.com\/de\/shop\/\"},{\"@type\":\"ListItem\",\"position\":3,\"name\":\"Beleuchtung\",\"item\":\"https:\/\/www.alldayled.com\/de\/produkt-kategorie\/beleuchtung\/\"},{\"@type\":\"ListItem\",\"position\":4,\"name\":\"Beleuchtung 24 Volt\",\"item\":\"https:\/\/www.alldayled.com\/de\/produkt-kategorie\/beleuchtung\/verlichting-24-volt\/\"},{\"@type\":\"ListItem\",\"position\":5,\"name\":\"T10 24 Volt\",\"item\":\"https:\/\/www.alldayled.com\/de\/produkt-kategorie\/beleuchtung\/verlichting-24-volt\/t10-led-24-volt\/\"},{\"@type\":\"ListItem\",\"position\":6,\"name\":\"T10 LED Lampe 24 Volt rot &#8211; 2 St\u00fcck\"}]},{\"@type\":\"WebSite\",\"@id\":\"https:\/\/www.alldayled.com\/de\/#website\",\"url\":\"https:\/\/www.alldayled.com\/de\/\",\"name\":\"All Day Led\",\"description\":\"Verlichting voor 12&amp;24 volt gebruik\",\"publisher\":{\"@id\":\"https:\/\/www.alldayled.com\/de\/#organization\"},\"potentialAction\":[{\"@type\":\"SearchAction\",\"target\":{\"@type\":\"EntryPoint\",\"urlTemplate\":\"https:\/\/www.alldayled.com\/de\/?s={search_term_string}\"},\"query-input\":{\"@type\":\"PropertyValueSpecification\",\"valueRequired\":true,\"valueName\":\"search_term_string\"}}],\"inLanguage\":\"de\"},{\"@type\":\"Organization\",\"@id\":\"https:\/\/www.alldayled.com\/de\/#organization\",\"name\":\"All Day Led\",\"url\":\"https:\/\/www.alldayled.com\/de\/\",\"logo\":{\"@type\":\"ImageObject\",\"inLanguage\":\"de\",\"@id\":\"https:\/\/www.alldayled.com\/de\/#\/schema\/logo\/image\/\",\"url\":\"https:\/\/www.alldayled.com\/wp-content\/uploads\/2025\/10\/Logo-ALL-DAY-LED-800x800-zwart-witte-letters.png\",\"contentUrl\":\"https:\/\/www.alldayled.com\/wp-content\/uploads\/2025\/10\/Logo-ALL-DAY-LED-800x800-zwart-witte-letters.png\",\"width\":800,\"height\":800,\"caption\":\"All Day Led\"},\"image\":{\"@id\":\"https:\/\/www.alldayled.com\/de\/#\/schema\/logo\/image\/\"},\"sameAs\":[\"https:\/\/www.facebook.com\/alldayled\/\",\"https:\/\/www.instagram.com\/alldayled\/\"],\"vatID\":\"NL863960133B01\",\"taxID\":\"86416545\"}]}<\/script>\n<meta property=\"product:brand\" content=\"All Day Led\" \/>\n<meta property=\"product:price:amount\" content=\"7.95\" \/>\n<meta property=\"product:price:currency\" content=\"EUR\" \/>\n<meta property=\"og:availability\" content=\"instock\" \/>\n<meta property=\"product:availability\" content=\"instock\" \/>\n<meta property=\"product:retailer_item_id\" content=\"ADL40106-R\" \/>\n<meta property=\"product:condition\" content=\"new\" \/>\n<!-- \/ Yoast SEO Premium plugin. -->","yoast_head_json":{"title":"T10 LED rot 24 Volt - 2 St\u00fcck - All Day Led - Beleuchtung und mehr","description":"T10 LED Lampe - 2 St\u00fcck - Innenbeleuchtung - rot - f\u00fcr LKW, Wohnmobil und mehr - nur f\u00fcr 24 Volt Betrieb - T10 5W5 LED Lampe","robots":{"index":"index","follow":"follow","max-snippet":"max-snippet:-1","max-image-preview":"max-image-preview:large","max-video-preview":"max-video-preview:-1"},"canonical":"https:\/\/www.alldayled.com\/de\/produkt\/t10-led-rood-24-volt-2stuks\/","og_locale":"de_DE","og_type":"article","og_title":"T10 LED rot 24 Volt - 2 St\u00fcck - All Day Led - Beleuchtung und mehr","og_description":"T10 LED Lampe - 2 St\u00fcck - Innenbeleuchtung - rot - f\u00fcr LKW, Wohnmobil und mehr - nur f\u00fcr 24 Volt Betrieb - T10 5W5 LED Lampe","og_url":"https:\/\/www.alldayled.com\/de\/produkt\/t10-led-rood-24-volt-2stuks\/","og_site_name":"All Day Led","article_publisher":"https:\/\/www.facebook.com\/alldayled\/","article_modified_time":"2026-03-19T07:45:54+00:00","og_image":[{"url":"https:\/\/www.alldayled.com\/wp-content\/uploads\/2025\/01\/ADL40106-R.02-300x300.png","type":"","width":"","height":""}],"twitter_misc":{"Preis":"&euro;&nbsp;7,95","Verf\u00fcgbarkeit":"Auf Lager"},"schema":{"@context":"https:\/\/schema.org","@graph":[{"@type":"WebPage","@id":"https:\/\/www.alldayled.com\/de\/produkt\/t10-led-rood-24-volt-2stuks\/","url":"https:\/\/www.alldayled.com\/de\/produkt\/t10-led-rood-24-volt-2stuks\/","name":"T10 LED rot 24 Volt - 2 St\u00fcck - All Day Led - Beleuchtung und mehr","isPartOf":{"@id":"https:\/\/www.alldayled.com\/de\/#website"},"primaryImageOfPage":{"@id":"https:\/\/www.alldayled.com\/de\/produkt\/t10-led-rood-24-volt-2stuks\/#primaryimage"},"image":{"@id":"https:\/\/www.alldayled.com\/de\/produkt\/t10-led-rood-24-volt-2stuks\/#primaryimage"},"thumbnailUrl":"https:\/\/www.alldayled.com\/wp-content\/uploads\/2023\/01\/ADL40106-R.png","datePublished":"2023-01-10T11:30:35+00:00","dateModified":"2026-03-19T07:45:54+00:00","description":"T10 LED Lampe - 2 St\u00fcck - Innenbeleuchtung - rot - f\u00fcr LKW, Wohnmobil und mehr - nur f\u00fcr 24 Volt Betrieb - T10 5W5 LED Lampe","breadcrumb":{"@id":"https:\/\/www.alldayled.com\/de\/produkt\/t10-led-rood-24-volt-2stuks\/#breadcrumb"},"inLanguage":"de","potentialAction":[{"@type":"ReadAction","target":["https:\/\/www.alldayled.com\/de\/produkt\/t10-led-rood-24-volt-2stuks\/"]}]},{"@type":"ImageObject","inLanguage":"de","@id":"https:\/\/www.alldayled.com\/de\/produkt\/t10-led-rood-24-volt-2stuks\/#primaryimage","url":"https:\/\/www.alldayled.com\/wp-content\/uploads\/2023\/01\/ADL40106-R.png","contentUrl":"https:\/\/www.alldayled.com\/wp-content\/uploads\/2023\/01\/ADL40106-R.png","width":800,"height":600,"caption":"T10 LED Lampe ROT - geeignet f\u00fcr 24 Volt Betrieb - als Innenleuchte f\u00fcr den LKW verwendbar - 2er-Set - EAN: 6090449458436"},{"@type":"BreadcrumbList","@id":"https:\/\/www.alldayled.com\/de\/produkt\/t10-led-rood-24-volt-2stuks\/#breadcrumb","itemListElement":[{"@type":"ListItem","position":1,"name":"Home","item":"https:\/\/www.alldayled.com\/de\/"},{"@type":"ListItem","position":2,"name":"Shop","item":"https:\/\/www.alldayled.com\/de\/shop\/"},{"@type":"ListItem","position":3,"name":"Beleuchtung","item":"https:\/\/www.alldayled.com\/de\/produkt-kategorie\/beleuchtung\/"},{"@type":"ListItem","position":4,"name":"Beleuchtung 24 Volt","item":"https:\/\/www.alldayled.com\/de\/produkt-kategorie\/beleuchtung\/verlichting-24-volt\/"},{"@type":"ListItem","position":5,"name":"T10 24 Volt","item":"https:\/\/www.alldayled.com\/de\/produkt-kategorie\/beleuchtung\/verlichting-24-volt\/t10-led-24-volt\/"},{"@type":"ListItem","position":6,"name":"T10 LED Lampe 24 Volt rot &#8211; 2 St\u00fcck"}]},{"@type":"WebSite","@id":"https:\/\/www.alldayled.com\/de\/#website","url":"https:\/\/www.alldayled.com\/de\/","name":"All Day Led","description":"Verlichting voor 12&amp;24 volt gebruik","publisher":{"@id":"https:\/\/www.alldayled.com\/de\/#organization"},"potentialAction":[{"@type":"SearchAction","target":{"@type":"EntryPoint","urlTemplate":"https:\/\/www.alldayled.com\/de\/?s={search_term_string}"},"query-input":{"@type":"PropertyValueSpecification","valueRequired":true,"valueName":"search_term_string"}}],"inLanguage":"de"},{"@type":"Organization","@id":"https:\/\/www.alldayled.com\/de\/#organization","name":"All Day Led","url":"https:\/\/www.alldayled.com\/de\/","logo":{"@type":"ImageObject","inLanguage":"de","@id":"https:\/\/www.alldayled.com\/de\/#\/schema\/logo\/image\/","url":"https:\/\/www.alldayled.com\/wp-content\/uploads\/2025\/10\/Logo-ALL-DAY-LED-800x800-zwart-witte-letters.png","contentUrl":"https:\/\/www.alldayled.com\/wp-content\/uploads\/2025\/10\/Logo-ALL-DAY-LED-800x800-zwart-witte-letters.png","width":800,"height":800,"caption":"All Day Led"},"image":{"@id":"https:\/\/www.alldayled.com\/de\/#\/schema\/logo\/image\/"},"sameAs":["https:\/\/www.facebook.com\/alldayled\/","https:\/\/www.instagram.com\/alldayled\/"],"vatID":"NL863960133B01","taxID":"86416545"}]},"product_brand":"All Day Led","product_price_amount":"7.95","product_price_currency":"EUR","og_availability":"instock","product_availability":"instock","product_retailer_item_id":"ADL40106-R","product_condition":"new"},"_links":{"self":[{"href":"https:\/\/www.alldayled.com\/de\/wp-json\/wp\/v2\/product\/68269","targetHints":{"allow":["GET"]}}],"collection":[{"href":"https:\/\/www.alldayled.com\/de\/wp-json\/wp\/v2\/product"}],"about":[{"href":"https:\/\/www.alldayled.com\/de\/wp-json\/wp\/v2\/types\/product"}],"replies":[{"embeddable":true,"href":"https:\/\/www.alldayled.com\/de\/wp-json\/wp\/v2\/comments?post=68269"}],"wp:featuredmedia":[{"embeddable":true,"href":"https:\/\/www.alldayled.com\/de\/wp-json\/wp\/v2\/media\/23541"}],"wp:attachment":[{"href":"https:\/\/www.alldayled.com\/de\/wp-json\/wp\/v2\/media?parent=68269"}],"wp:term":[{"taxonomy":"product_brand","embeddable":true,"href":"https:\/\/www.alldayled.com\/de\/wp-json\/wp\/v2\/product_brand?post=68269"},{"taxonomy":"product_cat","embeddable":true,"href":"https:\/\/www.alldayled.com\/de\/wp-json\/wp\/v2\/product_cat?post=68269"},{"taxonomy":"product_tag","embeddable":true,"href":"https:\/\/www.alldayled.com\/de\/wp-json\/wp\/v2\/product_tag?post=68269"}],"curies":[{"name":"wp","href":"https:\/\/api.w.org\/{rel}","templated":true}]}}