{"id":68275,"date":"2020-07-01T12:00:54","date_gmt":"2020-07-01T10:00:54","guid":{"rendered":"https:\/\/www.alldayled.com\/product\/t10-led-wit-24v-10-stuks\/"},"modified":"2026-05-03T14:56:12","modified_gmt":"2026-05-03T12:56:12","slug":"t10-led-wit-24v-10-stuks","status":"publish","type":"product","link":"https:\/\/www.alldayled.com\/de\/produkt\/t10-led-wit-24v-10-stuks\/","title":{"rendered":"T10 LED Lampe 24V wei\u00df &#8211; 10 St\u00fcck"},"content":{"rendered":"<p><span style=\"color: #000000;\"><strong>T10 LED Lampe wei\u00df 24V &#8211; Vorteilspackung 10 St\u00fcck, geeignet f\u00fcr LKW und Trailer.<\/strong><\/span><\/p>\n<p><span style=\"color: #000000;\">Sind Sie auf der Suche nach einer budgetfreundlichen T10 LED Lampe, die Sie gegen Ihre originale Halogenlampe austauschen k\u00f6nnen? Dann ist diese wei\u00dfe T10 LED Lampe vielleicht genau das, was Sie suchen. Die Lampe hat 5 LEDs und wird im Set von 10 St\u00fcck geliefert. Dank der 5 LEDs scheint die Lampe rundum und ersetzt eine 5-Watt-Halogenlampe. Die T10 LED Lampe wei\u00df funktioniert nur mit 24 Volt, sodass Sie sie beispielsweise in Ihrem LKW, Camper oder Trailer verwenden k\u00f6nnen. Stellen Sie sicher, dass die originale Lampe mit der auf Abbildung 3 \u00fcbereinstimmt. Stimmt dies nicht \u00fcberein? Dann passt die LED Lampe wahrscheinlich nicht.       <\/span><\/p>\n<p><span style=\"color: #000000;\">Um sicherzustellen, dass diese T10 LED Lampe wei\u00df f\u00fcr Ihr Fahrzeug geeignet ist, haben wir die wichtigsten Eigenschaften hierunter aufgelistet. Die Lampe hat das ECE R10-Pr\u00fcfzeichen, was bedeutet, dass sie keine St\u00f6rungen verursacht, beispielsweise auf Ihrem Funksignal. Dar\u00fcber hinaus h\u00e4lt die Lampe bis zu 28 Volt aus, wodurch sie vor Spannungsspitzen beim Starten Ihres Fahrzeugs gesch\u00fctzt ist. Kurz gesagt, dies ist eine ausgezeichnete LED-Ersatzlampe wei\u00df, die perfekt als Innenbeleuchtung in Ihrem LKW oder Trailer dienen kann.   <\/span><\/p>\n<p><span style=\"color: #000000;\"><em>Bitte beachte, diese LED Lampen sind nicht CAN-Bus-f\u00e4hig. Das bedeutet, dass diese Lampe eine Fehlermeldung auf deinem Armaturenbrett verursachen kann. Dies trifft haupts\u00e4chlich auf neuere Automodelle zu, LKWs sind davon oft ausgenommen. Auch zus\u00e4tzliche Lampen wie Fernscheinwerfer oder Skylights sind vom CAN-Bus-System ausgeschlossen.   <\/em> <\/span><\/p>\n<h5><span style=\"color: #000000;\"><strong>Andere Farben:<\/strong><\/span><\/h5>\n<p><span style=\"color: #000000;\">M\u00f6chten Sie von einer Vorteilspackung profitieren? Aber ist die T10 Lampe in der Farbe Wei\u00df nicht das, was Sie suchen? Sehen Sie sich dann hierunter die \u00fcbrigen verf\u00fcgbaren Farben an:  <\/span><\/p>\n<ul>\n<li><span style=\"color: #000000;\"><strong><a style=\"color: #000000;\" href=\"https:\/\/www.alldayled.com\/de\/produkt\/t10-led-ambergeel-24v-10-stuks\/\">Vorteilspackung T10 gelb 24 Volt<\/a><\/strong><\/span><\/li>\n<li><span style=\"color: #000000;\"><a style=\"color: #000000;\" href=\"https:\/\/www.alldayled.com\/de\/produkt\/t10-led-warm-wit-24v-10-stuks\/\"><strong>Vorteilspackung T10 warm wei\u00df 24 Volt<\/strong><\/a><\/span><\/li>\n<li><span style=\"color: #000000;\"><strong><a style=\"color: #000000;\" href=\"https:\/\/www.alldayled.com\/de\/produkt\/t10-led-blauw-24v-10-stuks\/\">Vorteilspackung T10 blau 24 Volt<\/a><\/strong><\/span><\/li>\n<li><span style=\"color: #000000;\"><strong><a style=\"color: #000000;\" href=\"https:\/\/www.alldayled.com\/de\/produkt\/t10-led-groen-24v-10-stuks\/\">Vorteilspackung T10 gr\u00fcn 24 Volt<\/a><\/strong><\/span><\/li>\n<li><span style=\"color: #000000;\"><strong><a style=\"color: #000000;\" href=\"https:\/\/www.alldayled.com\/de\/produkt\/t10-led-rood-24v-10-stuks\/\">Vorteilspackung T10 rot 24 Volt<\/a><\/strong><\/span><\/li>\n<\/ul>\n<h5><span style=\"color: #000000;\"><strong>Warum hat diese T10 LED Lampe kein E-Pr\u00fcfzeichen:<\/strong><\/span><\/h5>\n<p><span style=\"color: #000000;\">Ersatzlampen m\u00fcssen europ\u00e4ischen Normen f\u00fcr Sicherheit, Wasserdichtigkeit und Kurzschlussvermeidung (ECE R37) entsprechen. Diese Normen basieren auf den alten Gl\u00fch- und Halogenlampen. LED-Ersatzlampen k\u00f6nnen diesen nicht entsprechen, da sie keinen Gl\u00fchfaden haben. Daher erh\u00e4lt diese LED Lampe nicht das ECE R37 Pr\u00fcfzeichen und darf offiziell nicht im \u00f6ffentlichen Stra\u00dfenverkehr verwendet werden. Du kannst diese BA15S LED Lampe jedoch sicher auf deinem eigenen Gel\u00e4nde oder zum Beispiel im Rennsport verwenden. So holst du das Maximum aus der Lampe heraus, ohne dass es rechtliche Probleme gibt.     <\/span><\/p>\n","protected":false},"excerpt":{"rendered":"<p>Vorteilspackung mit 10 St\u00fcck T10 LED Lampe wei\u00df f\u00fcr 24V-Betrieb.<\/p>\n","protected":false},"featured_media":16632,"comment_status":"open","ping_status":"closed","template":"","meta":{"_acf_changed":false},"product_brand":[5577],"product_cat":[5393,5403],"product_tag":[9120,9118,9578],"class_list":{"0":"post-68275","1":"product","2":"type-product","3":"status-publish","4":"has-post-thumbnail","6":"product_brand-product-all-day-led","7":"product_cat-verlichting-24-volt","8":"product_cat-t10-led-24-volt","9":"product_tag-innenraumbeleuchtung-lkw","10":"product_tag-kabinenbeleuchtung","11":"product_tag-lkw-beleuchtung-24-volt","13":"first","14":"instock","15":"taxable","16":"shipping-taxable","17":"purchasable","18":"product-type-simple"},"acf":[],"yoast_head":"<!-- This site is optimized with the Yoast SEO Premium plugin v26.5 (Yoast SEO v27.1.1) - https:\/\/yoast.com\/product\/yoast-seo-premium-wordpress\/ -->\n<title>T10 LED wei\u00df 24V - 5700K - All Day Led - f\u00fcr LKW &amp; Trailer<\/title>\n<meta name=\"description\" content=\"T10 LED wei\u00df 24V - Vorteilspackung mit 10 St\u00fcck hellwei\u00dfen LED Lampen - LKW Standlicht - 24 Volt T10 LED Lampe wei\u00df 5700K\" \/>\n<meta name=\"robots\" content=\"index, follow, max-snippet:-1, max-image-preview:large, max-video-preview:-1\" \/>\n<link rel=\"canonical\" href=\"https:\/\/www.alldayled.com\/de\/produkt\/t10-led-wit-24v-10-stuks\/\" \/>\n<meta property=\"og:locale\" content=\"de_DE\" \/>\n<meta property=\"og:type\" content=\"article\" \/>\n<meta property=\"og:title\" content=\"T10 LED wei\u00df 24V - 5700K - All Day Led - f\u00fcr LKW &amp; Trailer\" \/>\n<meta property=\"og:description\" content=\"T10 LED wei\u00df 24V - Vorteilspackung mit 10 St\u00fcck hellwei\u00dfen LED Lampen - LKW Standlicht - 24 Volt T10 LED Lampe wei\u00df 5700K\" \/>\n<meta property=\"og:url\" content=\"https:\/\/www.alldayled.com\/de\/produkt\/t10-led-wit-24v-10-stuks\/\" \/>\n<meta property=\"og:site_name\" content=\"All Day Led\" \/>\n<meta property=\"article:publisher\" content=\"https:\/\/www.facebook.com\/alldayled\/\" \/>\n<meta property=\"article:modified_time\" content=\"2026-05-03T12:56:12+00:00\" \/>\n<meta property=\"og:image\" content=\"https:\/\/www.alldayled.com\/wp-content\/uploads\/2020\/07\/ADL50510.-W-2.png\" \/>\n<meta name=\"twitter:label1\" content=\"Preis\" \/>\n\t<meta name=\"twitter:data1\" content=\"&euro;&nbsp;14,95\" \/>\n\t<meta name=\"twitter:label2\" content=\"Verf\u00fcgbarkeit\" \/>\n\t<meta name=\"twitter:data2\" content=\"Auf Lager\" \/>\n<script type=\"application\/ld+json\" class=\"yoast-schema-graph\">{\"@context\":\"https:\/\/schema.org\",\"@graph\":[{\"@type\":\"WebPage\",\"@id\":\"https:\/\/www.alldayled.com\/de\/produkt\/t10-led-wit-24v-10-stuks\/\",\"url\":\"https:\/\/www.alldayled.com\/de\/produkt\/t10-led-wit-24v-10-stuks\/\",\"name\":\"T10 LED wei\u00df 24V - 5700K - All Day Led - f\u00fcr LKW & Trailer\",\"isPartOf\":{\"@id\":\"https:\/\/www.alldayled.com\/de\/#website\"},\"primaryImageOfPage\":{\"@id\":\"https:\/\/www.alldayled.com\/de\/produkt\/t10-led-wit-24v-10-stuks\/#primaryimage\"},\"image\":{\"@id\":\"https:\/\/www.alldayled.com\/de\/produkt\/t10-led-wit-24v-10-stuks\/#primaryimage\"},\"thumbnailUrl\":\"https:\/\/www.alldayled.com\/wp-content\/uploads\/2020\/07\/ADL50510.-W..png\",\"datePublished\":\"2020-07-01T10:00:54+00:00\",\"dateModified\":\"2026-05-03T12:56:12+00:00\",\"description\":\"T10 LED wei\u00df 24V - Vorteilspackung mit 10 St\u00fcck hellwei\u00dfen LED Lampen - LKW Standlicht - 24 Volt T10 LED Lampe wei\u00df 5700K\",\"breadcrumb\":{\"@id\":\"https:\/\/www.alldayled.com\/de\/produkt\/t10-led-wit-24v-10-stuks\/#breadcrumb\"},\"inLanguage\":\"de\",\"potentialAction\":[{\"@type\":\"ReadAction\",\"target\":[\"https:\/\/www.alldayled.com\/de\/produkt\/t10-led-wit-24v-10-stuks\/\"]}]},{\"@type\":\"ImageObject\",\"inLanguage\":\"de\",\"@id\":\"https:\/\/www.alldayled.com\/de\/produkt\/t10-led-wit-24v-10-stuks\/#primaryimage\",\"url\":\"https:\/\/www.alldayled.com\/wp-content\/uploads\/2020\/07\/ADL50510.-W..png\",\"contentUrl\":\"https:\/\/www.alldayled.com\/wp-content\/uploads\/2020\/07\/ADL50510.-W..png\",\"width\":800,\"height\":600,\"caption\":\"T10 LED Lampe hell wei\u00df 24V - Vorteilspackung 10 St\u00fcck - f\u00fcr 24-Volt-Betrieb - EAN: 6090536944941\"},{\"@type\":\"BreadcrumbList\",\"@id\":\"https:\/\/www.alldayled.com\/de\/produkt\/t10-led-wit-24v-10-stuks\/#breadcrumb\",\"itemListElement\":[{\"@type\":\"ListItem\",\"position\":1,\"name\":\"Home\",\"item\":\"https:\/\/www.alldayled.com\/de\/\"},{\"@type\":\"ListItem\",\"position\":2,\"name\":\"Shop\",\"item\":\"https:\/\/www.alldayled.com\/de\/shop\/\"},{\"@type\":\"ListItem\",\"position\":3,\"name\":\"Beleuchtung\",\"item\":\"https:\/\/www.alldayled.com\/de\/produkt-kategorie\/beleuchtung\/\"},{\"@type\":\"ListItem\",\"position\":4,\"name\":\"Beleuchtung 24 Volt\",\"item\":\"https:\/\/www.alldayled.com\/de\/produkt-kategorie\/beleuchtung\/verlichting-24-volt\/\"},{\"@type\":\"ListItem\",\"position\":5,\"name\":\"T10 24 Volt\",\"item\":\"https:\/\/www.alldayled.com\/de\/produkt-kategorie\/beleuchtung\/verlichting-24-volt\/t10-led-24-volt\/\"},{\"@type\":\"ListItem\",\"position\":6,\"name\":\"T10 LED Lampe 24V wei\u00df &#8211; 10 St\u00fcck\"}]},{\"@type\":\"WebSite\",\"@id\":\"https:\/\/www.alldayled.com\/de\/#website\",\"url\":\"https:\/\/www.alldayled.com\/de\/\",\"name\":\"All Day Led\",\"description\":\"Verlichting voor 12&amp;24 volt gebruik\",\"publisher\":{\"@id\":\"https:\/\/www.alldayled.com\/de\/#organization\"},\"potentialAction\":[{\"@type\":\"SearchAction\",\"target\":{\"@type\":\"EntryPoint\",\"urlTemplate\":\"https:\/\/www.alldayled.com\/de\/?s={search_term_string}\"},\"query-input\":{\"@type\":\"PropertyValueSpecification\",\"valueRequired\":true,\"valueName\":\"search_term_string\"}}],\"inLanguage\":\"de\"},{\"@type\":\"Organization\",\"@id\":\"https:\/\/www.alldayled.com\/de\/#organization\",\"name\":\"All Day Led\",\"url\":\"https:\/\/www.alldayled.com\/de\/\",\"logo\":{\"@type\":\"ImageObject\",\"inLanguage\":\"de\",\"@id\":\"https:\/\/www.alldayled.com\/de\/#\/schema\/logo\/image\/\",\"url\":\"https:\/\/www.alldayled.com\/wp-content\/uploads\/2025\/10\/Logo-ALL-DAY-LED-800x800-zwart-witte-letters.png\",\"contentUrl\":\"https:\/\/www.alldayled.com\/wp-content\/uploads\/2025\/10\/Logo-ALL-DAY-LED-800x800-zwart-witte-letters.png\",\"width\":800,\"height\":800,\"caption\":\"All Day Led\"},\"image\":{\"@id\":\"https:\/\/www.alldayled.com\/de\/#\/schema\/logo\/image\/\"},\"sameAs\":[\"https:\/\/www.facebook.com\/alldayled\/\",\"https:\/\/www.instagram.com\/alldayled\/\"],\"vatID\":\"NL863960133B01\",\"taxID\":\"86416545\"}]}<\/script>\n<meta property=\"product:brand\" content=\"All Day Led\" \/>\n<meta property=\"product:price:amount\" content=\"14.95\" \/>\n<meta property=\"product:price:currency\" content=\"EUR\" \/>\n<meta property=\"og:availability\" content=\"instock\" \/>\n<meta property=\"product:availability\" content=\"instock\" \/>\n<meta property=\"product:retailer_item_id\" content=\"ADL50510-W\" \/>\n<meta property=\"product:condition\" content=\"new\" \/>\n<!-- \/ Yoast SEO Premium plugin. -->","yoast_head_json":{"title":"T10 LED wei\u00df 24V - 5700K - All Day Led - f\u00fcr LKW & Trailer","description":"T10 LED wei\u00df 24V - Vorteilspackung mit 10 St\u00fcck hellwei\u00dfen LED Lampen - LKW Standlicht - 24 Volt T10 LED Lampe wei\u00df 5700K","robots":{"index":"index","follow":"follow","max-snippet":"max-snippet:-1","max-image-preview":"max-image-preview:large","max-video-preview":"max-video-preview:-1"},"canonical":"https:\/\/www.alldayled.com\/de\/produkt\/t10-led-wit-24v-10-stuks\/","og_locale":"de_DE","og_type":"article","og_title":"T10 LED wei\u00df 24V - 5700K - All Day Led - f\u00fcr LKW & Trailer","og_description":"T10 LED wei\u00df 24V - Vorteilspackung mit 10 St\u00fcck hellwei\u00dfen LED Lampen - LKW Standlicht - 24 Volt T10 LED Lampe wei\u00df 5700K","og_url":"https:\/\/www.alldayled.com\/de\/produkt\/t10-led-wit-24v-10-stuks\/","og_site_name":"All Day Led","article_publisher":"https:\/\/www.facebook.com\/alldayled\/","article_modified_time":"2026-05-03T12:56:12+00:00","og_image":[{"url":"https:\/\/www.alldayled.com\/wp-content\/uploads\/2020\/07\/ADL50510.-W-2.png","type":"","width":"","height":""}],"twitter_misc":{"Preis":"&euro;&nbsp;14,95","Verf\u00fcgbarkeit":"Auf Lager"},"schema":{"@context":"https:\/\/schema.org","@graph":[{"@type":"WebPage","@id":"https:\/\/www.alldayled.com\/de\/produkt\/t10-led-wit-24v-10-stuks\/","url":"https:\/\/www.alldayled.com\/de\/produkt\/t10-led-wit-24v-10-stuks\/","name":"T10 LED wei\u00df 24V - 5700K - All Day Led - f\u00fcr LKW & Trailer","isPartOf":{"@id":"https:\/\/www.alldayled.com\/de\/#website"},"primaryImageOfPage":{"@id":"https:\/\/www.alldayled.com\/de\/produkt\/t10-led-wit-24v-10-stuks\/#primaryimage"},"image":{"@id":"https:\/\/www.alldayled.com\/de\/produkt\/t10-led-wit-24v-10-stuks\/#primaryimage"},"thumbnailUrl":"https:\/\/www.alldayled.com\/wp-content\/uploads\/2020\/07\/ADL50510.-W..png","datePublished":"2020-07-01T10:00:54+00:00","dateModified":"2026-05-03T12:56:12+00:00","description":"T10 LED wei\u00df 24V - Vorteilspackung mit 10 St\u00fcck hellwei\u00dfen LED Lampen - LKW Standlicht - 24 Volt T10 LED Lampe wei\u00df 5700K","breadcrumb":{"@id":"https:\/\/www.alldayled.com\/de\/produkt\/t10-led-wit-24v-10-stuks\/#breadcrumb"},"inLanguage":"de","potentialAction":[{"@type":"ReadAction","target":["https:\/\/www.alldayled.com\/de\/produkt\/t10-led-wit-24v-10-stuks\/"]}]},{"@type":"ImageObject","inLanguage":"de","@id":"https:\/\/www.alldayled.com\/de\/produkt\/t10-led-wit-24v-10-stuks\/#primaryimage","url":"https:\/\/www.alldayled.com\/wp-content\/uploads\/2020\/07\/ADL50510.-W..png","contentUrl":"https:\/\/www.alldayled.com\/wp-content\/uploads\/2020\/07\/ADL50510.-W..png","width":800,"height":600,"caption":"T10 LED Lampe hell wei\u00df 24V - Vorteilspackung 10 St\u00fcck - f\u00fcr 24-Volt-Betrieb - EAN: 6090536944941"},{"@type":"BreadcrumbList","@id":"https:\/\/www.alldayled.com\/de\/produkt\/t10-led-wit-24v-10-stuks\/#breadcrumb","itemListElement":[{"@type":"ListItem","position":1,"name":"Home","item":"https:\/\/www.alldayled.com\/de\/"},{"@type":"ListItem","position":2,"name":"Shop","item":"https:\/\/www.alldayled.com\/de\/shop\/"},{"@type":"ListItem","position":3,"name":"Beleuchtung","item":"https:\/\/www.alldayled.com\/de\/produkt-kategorie\/beleuchtung\/"},{"@type":"ListItem","position":4,"name":"Beleuchtung 24 Volt","item":"https:\/\/www.alldayled.com\/de\/produkt-kategorie\/beleuchtung\/verlichting-24-volt\/"},{"@type":"ListItem","position":5,"name":"T10 24 Volt","item":"https:\/\/www.alldayled.com\/de\/produkt-kategorie\/beleuchtung\/verlichting-24-volt\/t10-led-24-volt\/"},{"@type":"ListItem","position":6,"name":"T10 LED Lampe 24V wei\u00df &#8211; 10 St\u00fcck"}]},{"@type":"WebSite","@id":"https:\/\/www.alldayled.com\/de\/#website","url":"https:\/\/www.alldayled.com\/de\/","name":"All Day Led","description":"Verlichting voor 12&amp;24 volt gebruik","publisher":{"@id":"https:\/\/www.alldayled.com\/de\/#organization"},"potentialAction":[{"@type":"SearchAction","target":{"@type":"EntryPoint","urlTemplate":"https:\/\/www.alldayled.com\/de\/?s={search_term_string}"},"query-input":{"@type":"PropertyValueSpecification","valueRequired":true,"valueName":"search_term_string"}}],"inLanguage":"de"},{"@type":"Organization","@id":"https:\/\/www.alldayled.com\/de\/#organization","name":"All Day Led","url":"https:\/\/www.alldayled.com\/de\/","logo":{"@type":"ImageObject","inLanguage":"de","@id":"https:\/\/www.alldayled.com\/de\/#\/schema\/logo\/image\/","url":"https:\/\/www.alldayled.com\/wp-content\/uploads\/2025\/10\/Logo-ALL-DAY-LED-800x800-zwart-witte-letters.png","contentUrl":"https:\/\/www.alldayled.com\/wp-content\/uploads\/2025\/10\/Logo-ALL-DAY-LED-800x800-zwart-witte-letters.png","width":800,"height":800,"caption":"All Day Led"},"image":{"@id":"https:\/\/www.alldayled.com\/de\/#\/schema\/logo\/image\/"},"sameAs":["https:\/\/www.facebook.com\/alldayled\/","https:\/\/www.instagram.com\/alldayled\/"],"vatID":"NL863960133B01","taxID":"86416545"}]},"product_brand":"All Day Led","product_price_amount":"14.95","product_price_currency":"EUR","og_availability":"instock","product_availability":"instock","product_retailer_item_id":"ADL50510-W","product_condition":"new"},"_links":{"self":[{"href":"https:\/\/www.alldayled.com\/de\/wp-json\/wp\/v2\/product\/68275","targetHints":{"allow":["GET"]}}],"collection":[{"href":"https:\/\/www.alldayled.com\/de\/wp-json\/wp\/v2\/product"}],"about":[{"href":"https:\/\/www.alldayled.com\/de\/wp-json\/wp\/v2\/types\/product"}],"replies":[{"embeddable":true,"href":"https:\/\/www.alldayled.com\/de\/wp-json\/wp\/v2\/comments?post=68275"}],"wp:featuredmedia":[{"embeddable":true,"href":"https:\/\/www.alldayled.com\/de\/wp-json\/wp\/v2\/media\/16632"}],"wp:attachment":[{"href":"https:\/\/www.alldayled.com\/de\/wp-json\/wp\/v2\/media?parent=68275"}],"wp:term":[{"taxonomy":"product_brand","embeddable":true,"href":"https:\/\/www.alldayled.com\/de\/wp-json\/wp\/v2\/product_brand?post=68275"},{"taxonomy":"product_cat","embeddable":true,"href":"https:\/\/www.alldayled.com\/de\/wp-json\/wp\/v2\/product_cat?post=68275"},{"taxonomy":"product_tag","embeddable":true,"href":"https:\/\/www.alldayled.com\/de\/wp-json\/wp\/v2\/product_tag?post=68275"}],"curies":[{"name":"wp","href":"https:\/\/api.w.org\/{rel}","templated":true}]}}