{"id":68298,"date":"2023-11-30T13:05:02","date_gmt":"2023-11-30T12:05:02","guid":{"rendered":"https:\/\/www.alldayled.com\/product\/festoon-led-lamp-42mm-24v-blauw\/"},"modified":"2026-04-10T07:54:05","modified_gmt":"2026-04-10T05:54:05","slug":"festoon-led-lamp-42mm-24v-blauw","status":"publish","type":"product","link":"https:\/\/www.alldayled.com\/de\/produkt\/festoon-led-lamp-42mm-24v-blauw\/","title":{"rendered":"Festoon LED Lampe 42mm &#8211; 24V &#8211; blau"},"content":{"rendered":"<p><span style=\"color: #000000;\"><strong>Festoon LED Lampe 42mm BLAU, f\u00fcr 24-Volt-Betrieb. <\/strong><\/span><\/p>\n<p><span style=\"color: #000000;\">M\u00f6chten Sie die Innenraumbeleuchtung Ihres LKWs verbessern, wissen aber noch nicht, welche Farbe Sie m\u00f6chten? Dann ist die Festoon LED Lampe 42mm blau vielleicht genau das, was Sie suchen. Diese blau gef\u00e4rbte LED-Lampe hat 6 helle SMD-LED-Punkte und wird im Set von 2 St\u00fcck geliefert. Au\u00dferdem ist die Lichtleistung mit einer 10W-Halogenlampe vergleichbar, sodass Sie sicher sein k\u00f6nnen, dass Sie in Ihrem Interieur gute Sicht haben. Achtung: Diese Soffittenlampe ist nur f\u00fcr 24V geeignet. Das bedeutet, dass Sie sie beispielsweise in Ihrem LKW, Anh\u00e4nger oder Wohnmobil platzieren k\u00f6nnen. Auf Abbildung 5 sehen Sie, wie die Original Lampe montiert ist. Stimmt diese nicht \u00fcberein? Dann passt die LED-Ersatzlampe leider nicht.        <\/span><\/p>\n<h5><span style=\"color: #000000;\"><strong>Abmessungen:<\/strong><\/span><\/h5>\n<p><span style=\"color: #000000;\">Um sicherzustellen, dass Sie die LED-Ersatzlampe mit 6 SMD-Punkten einfach montieren k\u00f6nnen, haben wir hier unten die Abmessungen f\u00fcr Sie aufgelistet. Die Abmessungen dieser Festoon LED Lampe 42mm BLAU sind wie folgt: <\/span><\/p>\n<ul>\n<li><span style=\"color: #000000;\">L\u00e4nge: 42 mm<\/span><\/li>\n<li><span style=\"color: #000000;\">Durchmesser: 11 mm<\/span><\/li>\n<\/ul>\n<p><span style=\"color: #000000;\"><em>Bitte beachte, diese LED Lampen sind nicht CAN-Bus-f\u00e4hig. Das bedeutet, dass diese Lampe eine Fehlermeldung auf deinem Armaturenbrett verursachen kann. Dies trifft haupts\u00e4chlich auf neuere Automodelle zu, LKWs sind davon oft ausgenommen. Auch zus\u00e4tzliche Lampen wie Fernscheinwerfer oder Skylights sind vom CAN-Bus-System ausgeschlossen.   <\/em> <\/span><\/p>\n<h5><span style=\"color: #000000;\"><strong>Andere Farben:<\/strong><\/span><\/h5>\n<p><span style=\"color: #000000;\">Sind Sie auf der Suche nach einer C5W- oder C10W-LED-Lampe, aber die Festoon LED Lampe 42mm BLAU f\u00fcr 24-Volt-Betrieb ist nicht die Farbe, die Sie suchen? Keine Sorge! Diese LED-Ersatzlampe mit Festoon-Anschluss ist auch in den folgenden Farben erh\u00e4ltlich:  <\/span><\/p>\n<ul>\n<li><span style=\"color: #000000;\"><a style=\"color: #000000;\" href=\"https:\/\/www.alldayled.com\/de\/produkt\/festoon-led-lamp-42mm-24v-oranje\/\" target=\"_blank\" rel=\"noopener\"><strong>LED Soffittenlampe 24V ORANGE<\/strong><\/a><\/span><\/li>\n<li><span style=\"color: #000000;\"><a style=\"color: #000000;\" href=\"https:\/\/www.alldayled.com\/de\/produkt\/festoon-led-lamp-42mm-24v-groen\/\" target=\"_blank\" rel=\"noopener\"><strong>LED Soffittenlampe 24V GR\u00dcN<\/strong><\/a><\/span><\/li>\n<li><span style=\"color: #000000;\"><a style=\"color: #000000;\" href=\"https:\/\/www.alldayled.com\/de\/produkt\/festoon-led-lamp-42mm-24v-rood\/\" target=\"_blank\" rel=\"noopener\"><strong>LED Soffittenlampe 24V ROT<\/strong><\/a><\/span><\/li>\n<li><span style=\"color: #000000;\"><a style=\"color: #000000;\" href=\"https:\/\/www.alldayled.com\/de\/produkt\/festoon-led-lamp-42mm-24v-wit\/\" target=\"_blank\" rel=\"noopener\"><strong>LED Soffittenlampe 24V WEISS<\/strong><\/a><\/span><\/li>\n<\/ul>\n<h5><span style=\"color: #000000;\"><strong>Warum hat die LED Soffittenlampe kein E-Pr\u00fcfzeichen:<\/strong><\/span><\/h5>\n<p><span style=\"color: #000000;\">Ersatzlampen m\u00fcssen europ\u00e4ischen Normen f\u00fcr Sicherheit, Wasserdichtigkeit und Kurzschlussvermeidung (ECE R37) entsprechen. Diese Normen basieren auf den alten Gl\u00fch- und Halogenlampen. LED-Ersatzlampen k\u00f6nnen diesen nicht entsprechen, da sie keinen Gl\u00fchfaden haben. Daher erh\u00e4lt diese LED Lampe nicht das ECE R37 Pr\u00fcfzeichen und darf offiziell nicht im \u00f6ffentlichen Stra\u00dfenverkehr verwendet werden. Du kannst diese BA15S LED Lampe jedoch sicher auf deinem eigenen Gel\u00e4nde oder zum Beispiel im Rennsport verwenden. So holst du das Maximum aus der Lampe heraus, ohne dass es rechtliche Probleme gibt.     <\/span><\/p>\n","protected":false},"excerpt":{"rendered":"<p>LED Soffittenlampe 42mm blau mit 6 LED-Punkten, Set von 2 St\u00fcck f\u00fcr 24 Volt.<\/p>\n","protected":false},"featured_media":27171,"comment_status":"open","ping_status":"closed","template":"","meta":{"_acf_changed":false},"product_brand":[5577],"product_cat":[5393,5398,5379,5413],"product_tag":[9118,9185,9119],"class_list":{"0":"post-68298","1":"product","2":"type-product","3":"status-publish","4":"has-post-thumbnail","6":"product_brand-product-all-day-led","7":"product_cat-verlichting-24-volt","8":"product_cat-daf-verlichting","9":"product_cat-festoon-led-24-volt","10":"product_cat-volvo-beleuchtung","11":"product_tag-kabinenbeleuchtung","12":"product_tag-led-innenraumbeleuchtung","13":"product_tag-lkw-beleuchtung","15":"first","16":"instock","17":"taxable","18":"shipping-taxable","19":"purchasable","20":"product-type-simple"},"acf":[],"yoast_head":"<!-- This site is optimized with the Yoast SEO Premium plugin v26.5 (Yoast SEO v27.1.1) - https:\/\/yoast.com\/product\/yoast-seo-premium-wordpress\/ -->\n<title>Festoon LED Lampe 42mm BLAU - All Day Led - 2 St\u00fcck \/ 24 Volt<\/title>\n<meta name=\"description\" content=\"Festoon LED Lampe 42mm BLAU - Beleuchtung geeignet f\u00fcr LKW-Interieur - ersetzt C5W, C10W Lampe - LED Soffittenlampe 42mm mit 6 LED-Punkten\" \/>\n<meta name=\"robots\" content=\"index, follow, max-snippet:-1, max-image-preview:large, max-video-preview:-1\" \/>\n<link rel=\"canonical\" href=\"https:\/\/www.alldayled.com\/de\/produkt\/festoon-led-lamp-42mm-24v-blauw\/\" \/>\n<meta property=\"og:locale\" content=\"de_DE\" \/>\n<meta property=\"og:type\" content=\"article\" \/>\n<meta property=\"og:title\" content=\"Festoon LED Lampe 42mm BLAU - All Day Led - 2 St\u00fcck \/ 24 Volt\" \/>\n<meta property=\"og:description\" content=\"Festoon LED Lampe 42mm BLAU - Beleuchtung geeignet f\u00fcr LKW-Interieur - ersetzt C5W, C10W Lampe - LED Soffittenlampe 42mm mit 6 LED-Punkten\" \/>\n<meta property=\"og:url\" content=\"https:\/\/www.alldayled.com\/de\/produkt\/festoon-led-lamp-42mm-24v-blauw\/\" \/>\n<meta property=\"og:site_name\" content=\"All Day Led\" \/>\n<meta property=\"article:publisher\" content=\"https:\/\/www.facebook.com\/alldayled\/\" \/>\n<meta property=\"article:modified_time\" content=\"2026-04-10T05:54:05+00:00\" \/>\n<meta property=\"og:image\" content=\"https:\/\/www.alldayled.com\/wp-content\/uploads\/2024\/02\/ADL00100.-B-1.png\" \/>\n<meta name=\"twitter:label1\" content=\"Preis\" \/>\n\t<meta name=\"twitter:data1\" content=\"&euro;&nbsp;10,00\" \/>\n\t<meta name=\"twitter:label2\" content=\"Verf\u00fcgbarkeit\" \/>\n\t<meta name=\"twitter:data2\" content=\"Auf Lager\" \/>\n<script type=\"application\/ld+json\" class=\"yoast-schema-graph\">{\"@context\":\"https:\/\/schema.org\",\"@graph\":[{\"@type\":\"WebPage\",\"@id\":\"https:\/\/www.alldayled.com\/de\/produkt\/festoon-led-lamp-42mm-24v-blauw\/\",\"url\":\"https:\/\/www.alldayled.com\/de\/produkt\/festoon-led-lamp-42mm-24v-blauw\/\",\"name\":\"Festoon LED Lampe 42mm BLAU - All Day Led - 2 St\u00fcck \/ 24 Volt\",\"isPartOf\":{\"@id\":\"https:\/\/www.alldayled.com\/de\/#website\"},\"primaryImageOfPage\":{\"@id\":\"https:\/\/www.alldayled.com\/de\/produkt\/festoon-led-lamp-42mm-24v-blauw\/#primaryimage\"},\"image\":{\"@id\":\"https:\/\/www.alldayled.com\/de\/produkt\/festoon-led-lamp-42mm-24v-blauw\/#primaryimage\"},\"thumbnailUrl\":\"https:\/\/www.alldayled.com\/wp-content\/uploads\/2024\/02\/ADL00100.-B.png\",\"datePublished\":\"2023-11-30T12:05:02+00:00\",\"dateModified\":\"2026-04-10T05:54:05+00:00\",\"description\":\"Festoon LED Lampe 42mm BLAU - Beleuchtung geeignet f\u00fcr LKW-Interieur - ersetzt C5W, C10W Lampe - LED Soffittenlampe 42mm mit 6 LED-Punkten\",\"breadcrumb\":{\"@id\":\"https:\/\/www.alldayled.com\/de\/produkt\/festoon-led-lamp-42mm-24v-blauw\/#breadcrumb\"},\"inLanguage\":\"de\",\"potentialAction\":[{\"@type\":\"ReadAction\",\"target\":[\"https:\/\/www.alldayled.com\/de\/produkt\/festoon-led-lamp-42mm-24v-blauw\/\"]}]},{\"@type\":\"ImageObject\",\"inLanguage\":\"de\",\"@id\":\"https:\/\/www.alldayled.com\/de\/produkt\/festoon-led-lamp-42mm-24v-blauw\/#primaryimage\",\"url\":\"https:\/\/www.alldayled.com\/wp-content\/uploads\/2024\/02\/ADL00100.-B.png\",\"contentUrl\":\"https:\/\/www.alldayled.com\/wp-content\/uploads\/2024\/02\/ADL00100.-B.png\",\"width\":800,\"height\":600,\"caption\":\"Festoon LED Soffittenlampe 24 Volt BLAU - LED Innenraumlampe, die in einen Soffittenlampenanschluss passt - zu montieren in LKW, Anh\u00e4nger und Wohnmobil, wenn dieser an 24 Volt angeschlossen ist - LED Lampe ist mit 6 LED-Punkten ausgestattet - EAN: 7448153441401\"},{\"@type\":\"BreadcrumbList\",\"@id\":\"https:\/\/www.alldayled.com\/de\/produkt\/festoon-led-lamp-42mm-24v-blauw\/#breadcrumb\",\"itemListElement\":[{\"@type\":\"ListItem\",\"position\":1,\"name\":\"Home\",\"item\":\"https:\/\/www.alldayled.com\/de\/\"},{\"@type\":\"ListItem\",\"position\":2,\"name\":\"Shop\",\"item\":\"https:\/\/www.alldayled.com\/de\/shop\/\"},{\"@type\":\"ListItem\",\"position\":3,\"name\":\"Beleuchtung\",\"item\":\"https:\/\/www.alldayled.com\/de\/produkt-kategorie\/beleuchtung\/\"},{\"@type\":\"ListItem\",\"position\":4,\"name\":\"Beleuchtung 24 Volt\",\"item\":\"https:\/\/www.alldayled.com\/de\/produkt-kategorie\/beleuchtung\/verlichting-24-volt\/\"},{\"@type\":\"ListItem\",\"position\":5,\"name\":\"Festoon 24 Volt\",\"item\":\"https:\/\/www.alldayled.com\/de\/produkt-kategorie\/beleuchtung\/verlichting-24-volt\/festoon-led-24-volt\/\"},{\"@type\":\"ListItem\",\"position\":6,\"name\":\"Festoon LED Lampe 42mm &#8211; 24V &#8211; blau\"}]},{\"@type\":\"WebSite\",\"@id\":\"https:\/\/www.alldayled.com\/de\/#website\",\"url\":\"https:\/\/www.alldayled.com\/de\/\",\"name\":\"All Day Led\",\"description\":\"Verlichting voor 12&amp;24 volt gebruik\",\"publisher\":{\"@id\":\"https:\/\/www.alldayled.com\/de\/#organization\"},\"potentialAction\":[{\"@type\":\"SearchAction\",\"target\":{\"@type\":\"EntryPoint\",\"urlTemplate\":\"https:\/\/www.alldayled.com\/de\/?s={search_term_string}\"},\"query-input\":{\"@type\":\"PropertyValueSpecification\",\"valueRequired\":true,\"valueName\":\"search_term_string\"}}],\"inLanguage\":\"de\"},{\"@type\":\"Organization\",\"@id\":\"https:\/\/www.alldayled.com\/de\/#organization\",\"name\":\"All Day Led\",\"url\":\"https:\/\/www.alldayled.com\/de\/\",\"logo\":{\"@type\":\"ImageObject\",\"inLanguage\":\"de\",\"@id\":\"https:\/\/www.alldayled.com\/de\/#\/schema\/logo\/image\/\",\"url\":\"https:\/\/www.alldayled.com\/wp-content\/uploads\/2025\/10\/Logo-ALL-DAY-LED-800x800-zwart-witte-letters.png\",\"contentUrl\":\"https:\/\/www.alldayled.com\/wp-content\/uploads\/2025\/10\/Logo-ALL-DAY-LED-800x800-zwart-witte-letters.png\",\"width\":800,\"height\":800,\"caption\":\"All Day Led\"},\"image\":{\"@id\":\"https:\/\/www.alldayled.com\/de\/#\/schema\/logo\/image\/\"},\"sameAs\":[\"https:\/\/www.facebook.com\/alldayled\/\",\"https:\/\/www.instagram.com\/alldayled\/\"],\"vatID\":\"NL863960133B01\",\"taxID\":\"86416545\"}]}<\/script>\n<meta property=\"product:brand\" content=\"All Day Led\" \/>\n<meta property=\"product:price:amount\" content=\"10.00\" \/>\n<meta property=\"product:price:currency\" content=\"EUR\" \/>\n<meta property=\"og:availability\" content=\"instock\" \/>\n<meta property=\"product:availability\" content=\"instock\" \/>\n<meta property=\"product:retailer_item_id\" content=\"ADL00100-B\" \/>\n<meta property=\"product:condition\" content=\"new\" \/>\n<!-- \/ Yoast SEO Premium plugin. -->","yoast_head_json":{"title":"Festoon LED Lampe 42mm BLAU - All Day Led - 2 St\u00fcck \/ 24 Volt","description":"Festoon LED Lampe 42mm BLAU - Beleuchtung geeignet f\u00fcr LKW-Interieur - ersetzt C5W, C10W Lampe - LED Soffittenlampe 42mm mit 6 LED-Punkten","robots":{"index":"index","follow":"follow","max-snippet":"max-snippet:-1","max-image-preview":"max-image-preview:large","max-video-preview":"max-video-preview:-1"},"canonical":"https:\/\/www.alldayled.com\/de\/produkt\/festoon-led-lamp-42mm-24v-blauw\/","og_locale":"de_DE","og_type":"article","og_title":"Festoon LED Lampe 42mm BLAU - All Day Led - 2 St\u00fcck \/ 24 Volt","og_description":"Festoon LED Lampe 42mm BLAU - Beleuchtung geeignet f\u00fcr LKW-Interieur - ersetzt C5W, C10W Lampe - LED Soffittenlampe 42mm mit 6 LED-Punkten","og_url":"https:\/\/www.alldayled.com\/de\/produkt\/festoon-led-lamp-42mm-24v-blauw\/","og_site_name":"All Day Led","article_publisher":"https:\/\/www.facebook.com\/alldayled\/","article_modified_time":"2026-04-10T05:54:05+00:00","og_image":[{"url":"https:\/\/www.alldayled.com\/wp-content\/uploads\/2024\/02\/ADL00100.-B-1.png","type":"","width":"","height":""}],"twitter_misc":{"Preis":"&euro;&nbsp;10,00","Verf\u00fcgbarkeit":"Auf Lager"},"schema":{"@context":"https:\/\/schema.org","@graph":[{"@type":"WebPage","@id":"https:\/\/www.alldayled.com\/de\/produkt\/festoon-led-lamp-42mm-24v-blauw\/","url":"https:\/\/www.alldayled.com\/de\/produkt\/festoon-led-lamp-42mm-24v-blauw\/","name":"Festoon LED Lampe 42mm BLAU - All Day Led - 2 St\u00fcck \/ 24 Volt","isPartOf":{"@id":"https:\/\/www.alldayled.com\/de\/#website"},"primaryImageOfPage":{"@id":"https:\/\/www.alldayled.com\/de\/produkt\/festoon-led-lamp-42mm-24v-blauw\/#primaryimage"},"image":{"@id":"https:\/\/www.alldayled.com\/de\/produkt\/festoon-led-lamp-42mm-24v-blauw\/#primaryimage"},"thumbnailUrl":"https:\/\/www.alldayled.com\/wp-content\/uploads\/2024\/02\/ADL00100.-B.png","datePublished":"2023-11-30T12:05:02+00:00","dateModified":"2026-04-10T05:54:05+00:00","description":"Festoon LED Lampe 42mm BLAU - Beleuchtung geeignet f\u00fcr LKW-Interieur - ersetzt C5W, C10W Lampe - LED Soffittenlampe 42mm mit 6 LED-Punkten","breadcrumb":{"@id":"https:\/\/www.alldayled.com\/de\/produkt\/festoon-led-lamp-42mm-24v-blauw\/#breadcrumb"},"inLanguage":"de","potentialAction":[{"@type":"ReadAction","target":["https:\/\/www.alldayled.com\/de\/produkt\/festoon-led-lamp-42mm-24v-blauw\/"]}]},{"@type":"ImageObject","inLanguage":"de","@id":"https:\/\/www.alldayled.com\/de\/produkt\/festoon-led-lamp-42mm-24v-blauw\/#primaryimage","url":"https:\/\/www.alldayled.com\/wp-content\/uploads\/2024\/02\/ADL00100.-B.png","contentUrl":"https:\/\/www.alldayled.com\/wp-content\/uploads\/2024\/02\/ADL00100.-B.png","width":800,"height":600,"caption":"Festoon LED Soffittenlampe 24 Volt BLAU - LED Innenraumlampe, die in einen Soffittenlampenanschluss passt - zu montieren in LKW, Anh\u00e4nger und Wohnmobil, wenn dieser an 24 Volt angeschlossen ist - LED Lampe ist mit 6 LED-Punkten ausgestattet - EAN: 7448153441401"},{"@type":"BreadcrumbList","@id":"https:\/\/www.alldayled.com\/de\/produkt\/festoon-led-lamp-42mm-24v-blauw\/#breadcrumb","itemListElement":[{"@type":"ListItem","position":1,"name":"Home","item":"https:\/\/www.alldayled.com\/de\/"},{"@type":"ListItem","position":2,"name":"Shop","item":"https:\/\/www.alldayled.com\/de\/shop\/"},{"@type":"ListItem","position":3,"name":"Beleuchtung","item":"https:\/\/www.alldayled.com\/de\/produkt-kategorie\/beleuchtung\/"},{"@type":"ListItem","position":4,"name":"Beleuchtung 24 Volt","item":"https:\/\/www.alldayled.com\/de\/produkt-kategorie\/beleuchtung\/verlichting-24-volt\/"},{"@type":"ListItem","position":5,"name":"Festoon 24 Volt","item":"https:\/\/www.alldayled.com\/de\/produkt-kategorie\/beleuchtung\/verlichting-24-volt\/festoon-led-24-volt\/"},{"@type":"ListItem","position":6,"name":"Festoon LED Lampe 42mm &#8211; 24V &#8211; blau"}]},{"@type":"WebSite","@id":"https:\/\/www.alldayled.com\/de\/#website","url":"https:\/\/www.alldayled.com\/de\/","name":"All Day Led","description":"Verlichting voor 12&amp;24 volt gebruik","publisher":{"@id":"https:\/\/www.alldayled.com\/de\/#organization"},"potentialAction":[{"@type":"SearchAction","target":{"@type":"EntryPoint","urlTemplate":"https:\/\/www.alldayled.com\/de\/?s={search_term_string}"},"query-input":{"@type":"PropertyValueSpecification","valueRequired":true,"valueName":"search_term_string"}}],"inLanguage":"de"},{"@type":"Organization","@id":"https:\/\/www.alldayled.com\/de\/#organization","name":"All Day Led","url":"https:\/\/www.alldayled.com\/de\/","logo":{"@type":"ImageObject","inLanguage":"de","@id":"https:\/\/www.alldayled.com\/de\/#\/schema\/logo\/image\/","url":"https:\/\/www.alldayled.com\/wp-content\/uploads\/2025\/10\/Logo-ALL-DAY-LED-800x800-zwart-witte-letters.png","contentUrl":"https:\/\/www.alldayled.com\/wp-content\/uploads\/2025\/10\/Logo-ALL-DAY-LED-800x800-zwart-witte-letters.png","width":800,"height":800,"caption":"All Day Led"},"image":{"@id":"https:\/\/www.alldayled.com\/de\/#\/schema\/logo\/image\/"},"sameAs":["https:\/\/www.facebook.com\/alldayled\/","https:\/\/www.instagram.com\/alldayled\/"],"vatID":"NL863960133B01","taxID":"86416545"}]},"product_brand":"All Day Led","product_price_amount":"10.00","product_price_currency":"EUR","og_availability":"instock","product_availability":"instock","product_retailer_item_id":"ADL00100-B","product_condition":"new"},"_links":{"self":[{"href":"https:\/\/www.alldayled.com\/de\/wp-json\/wp\/v2\/product\/68298","targetHints":{"allow":["GET"]}}],"collection":[{"href":"https:\/\/www.alldayled.com\/de\/wp-json\/wp\/v2\/product"}],"about":[{"href":"https:\/\/www.alldayled.com\/de\/wp-json\/wp\/v2\/types\/product"}],"replies":[{"embeddable":true,"href":"https:\/\/www.alldayled.com\/de\/wp-json\/wp\/v2\/comments?post=68298"}],"wp:featuredmedia":[{"embeddable":true,"href":"https:\/\/www.alldayled.com\/de\/wp-json\/wp\/v2\/media\/27171"}],"wp:attachment":[{"href":"https:\/\/www.alldayled.com\/de\/wp-json\/wp\/v2\/media?parent=68298"}],"wp:term":[{"taxonomy":"product_brand","embeddable":true,"href":"https:\/\/www.alldayled.com\/de\/wp-json\/wp\/v2\/product_brand?post=68298"},{"taxonomy":"product_cat","embeddable":true,"href":"https:\/\/www.alldayled.com\/de\/wp-json\/wp\/v2\/product_cat?post=68298"},{"taxonomy":"product_tag","embeddable":true,"href":"https:\/\/www.alldayled.com\/de\/wp-json\/wp\/v2\/product_tag?post=68298"}],"curies":[{"name":"wp","href":"https:\/\/api.w.org\/{rel}","templated":true}]}}