{"id":68316,"date":"2024-02-28T15:34:39","date_gmt":"2024-02-28T14:34:39","guid":{"rendered":"https:\/\/www.alldayled.com\/product\/strands-unity-interior-light-50cm-amber\/"},"modified":"2024-02-28T15:34:39","modified_gmt":"2024-02-28T14:34:39","slug":"strands-unity-interior-light-50cm-amber","status":"publish","type":"product","link":"https:\/\/www.alldayled.com\/de\/produkt\/strands-unity-interior-light-50cm-amber\/","title":{"rendered":"Strands Unity interior light 50cm AMBER"},"content":{"rendered":"<p><span style=\"color: #000000;\"><strong>Strands Unity interior light 50cm AMBER. <\/strong><\/span><\/p>\n<p><span style=\"color: #000000;\">Sind Sie auf der Suche nach einer sch\u00f6nen LED-Innenraumleuchte, die orange leuchtet? Dann ist die Underglow 50cm vielleicht genau das, was Sie suchen. Die Lampe hat 48 LED-Punkte und liefert 350 Lumen, sodass Ihr Innenraum gut beleuchtet wird. Dank des Aluminiumgeh\u00e4uses funktioniert die Strands LED Underglow mit 12 und 24 Volt, wodurch Sie sie in Ihrem Auto, LKW, Traktor, Anh\u00e4nger oder anderem Fahrzeug verwenden k\u00f6nnen.   <\/span><\/p>\n<p><span style=\"color: #000000;\">Um sicherzustellen, dass die Strands Unity Interior Light 50cm AMBER f\u00fcr Ihr Fahrzeug oder Ihren Anh\u00e4nger geeignet ist, haben wir im Folgenden die wichtigsten Eigenschaften aufgelistet. Die Lampe hat das ECE R10-Pr\u00fcfzeichen, was bedeutet, dass sie keine St\u00f6rungen beispielsweise auf Funksignalen verursacht. Dar\u00fcber hinaus wird die Lampe mit Schrauben und Clips geliefert, sodass Sie selbst bestimmen k\u00f6nnen, wie Sie sie befestigen.  <\/span><\/p>\n<h5><span style=\"color: #000000;\"><strong>Abmessungen:<\/strong><\/span><\/h5>\n<p><span style=\"color: #000000;\">M\u00f6chten Sie sicherstellen, dass die Innenraumleuchte dort passt, wo Sie sie montieren m\u00f6chten? Sehen Sie sich dann hier unten die Abmessungen der Aluminium Strands Unity Interior Light 50cm an. So wissen Sie genau, woran Sie sind.  <\/span><\/p>\n<ul>\n<li><span style=\"color: #000000;\">L\u00e4nge: 505 mm<br \/>\n<\/span><\/li>\n<li><span style=\"color: #000000;\">H.o.H: 479 mm<\/span><\/li>\n<li><span style=\"color: #000000;\">H\u00f6he: 16 mm<\/span><\/li>\n<li><span style=\"color: #000000;\">Dicke: 8 mm<\/span><\/li>\n<\/ul>\n<h5><span style=\"color: #000000;\"><strong>Andere Farben:<\/strong><\/span><\/h5>\n<p><span style=\"color: #000000;\">M\u00f6chten Sie zwar eine Strands Unity Interior Light montieren, aber die 50cm ist nicht die Ausf\u00fchrung, die Sie suchen? Kein Problem. Die Strands Unity Underglow ist auch in mehreren Ausf\u00fchrungen erh\u00e4ltlich:  <\/span><\/p>\n<ul>\n<li><span style=\"color: #000000;\"><a style=\"color: #000000;\" href=\"https:\/\/www.alldayled.com\/de\/produkt\/strands-unity-interior-light-28cm-amber\/\" target=\"_blank\" rel=\"noopener\"><strong>Unity Underglow 28cm AMBER<\/strong><\/a><\/span><\/li>\n<li><span style=\"color: #000000;\"><a style=\"color: #000000;\" href=\"https:\/\/www.alldayled.com\/de\/produkt\/strands-unity-interior-light-28cm-rood\/\" target=\"_blank\" rel=\"noopener\"><strong>Unity Underglow 28cm ROT<\/strong><\/a><\/span><\/li>\n<li><span style=\"color: #000000;\"><a style=\"color: #000000;\" href=\"https:\/\/www.alldayled.com\/de\/produkt\/strands-unity-interior-light-50cm-rood\/\" target=\"_blank\" rel=\"noopener\"><strong>Unity Underglow 50cm ROT<\/strong><\/a><\/span><\/li>\n<li><span style=\"color: #000000;\"><a style=\"color: #000000;\" href=\"https:\/\/www.alldayled.com\/de\/produkt\/strands-unity-interior-light-28cm-wit\/\" target=\"_blank\" rel=\"noopener\"><strong>Unity Underglow 28cm WEISS<\/strong><\/a><\/span><\/li>\n<li><span style=\"color: #000000;\"><a style=\"color: #000000;\" href=\"https:\/\/www.alldayled.com\/de\/produkt\/strands-unity-interior-light-50cm-wit\/\" target=\"_blank\" rel=\"noopener\"><strong>Unity Underglow 50cm WEISS<\/strong><\/a><\/span><\/li>\n<\/ul>\n<p><span style=\"color: #000000;\">Ist die Strands Unity Interior Light 50cm AMBER doch nicht das, was Sie suchen? Vielleicht entspricht sie nicht ganz Ihren W\u00fcnschen. Keine Sorge. Sehen Sie sich dann gerne unser komplettes <a style=\"color: #000000;\" href=\"https:\/\/www.alldayled.com\/de\/marke\/product-strands-lighting-division\/\" target=\"_blank\" rel=\"noopener\">Strands<\/a>-Angebot an. Die Wahrscheinlichkeit ist gro\u00df, dass Sie dort die LED-Lampe finden, die Sie suchen.    <\/span><\/p>\n","protected":false},"excerpt":{"rendered":"<p>Verleihen Sie Ihrer Kabine einen Boost mit dieser Innenraumleuchte 50cm AMBER von Strands &#8211; 12\/24 Volt.<\/p>\n","protected":false},"featured_media":27909,"comment_status":"open","ping_status":"closed","template":"","meta":{"_acf_changed":false},"product_brand":[5114],"product_cat":[5371,5389,5196],"product_tag":[9064,9065,9160],"class_list":{"0":"post-68316","1":"product","2":"type-product","3":"status-publish","4":"has-post-thumbnail","6":"product_brand-product-strands-lighting-division","7":"product_cat-inbouw-verlichting-12-volt","8":"product_cat-inbouw-verlichting-24-volt","9":"product_cat-markeringslampen","10":"product_tag-strands-led-beleuchtung","11":"product_tag-strands-lighting-division","12":"product_tag-truckstyling","14":"first","15":"instock","16":"taxable","17":"shipping-taxable","18":"purchasable","19":"product-type-simple"},"acf":[],"yoast_head":"<!-- This site is optimized with the Yoast SEO Premium plugin v26.5 (Yoast SEO v27.1.1) - https:\/\/yoast.com\/product\/yoast-seo-premium-wordpress\/ -->\n<title>Strands Unity interior light 50cm AMBER - All Day Led - LED-Leiste f\u00fcr 12&amp;24V<\/title>\n<meta name=\"description\" content=\"Strands Unity interior light 50cm AMBER - 48 LED-Punkte - 960 Lumen - Aluminiumgeh\u00e4use - Strands Underglow ORANGE - f\u00fcr Auto, LKW und mehr\" \/>\n<meta name=\"robots\" content=\"index, follow, max-snippet:-1, max-image-preview:large, max-video-preview:-1\" \/>\n<link rel=\"canonical\" href=\"https:\/\/www.alldayled.com\/de\/produkt\/strands-unity-interior-light-50cm-amber\/\" \/>\n<meta property=\"og:locale\" content=\"de_DE\" \/>\n<meta property=\"og:type\" content=\"article\" \/>\n<meta property=\"og:title\" content=\"Strands Unity interior light 50cm AMBER - All Day Led - LED-Leiste f\u00fcr 12&amp;24V\" \/>\n<meta property=\"og:description\" content=\"Strands Unity interior light 50cm AMBER - 48 LED-Punkte - 960 Lumen - Aluminiumgeh\u00e4use - Strands Underglow ORANGE - f\u00fcr Auto, LKW und mehr\" \/>\n<meta property=\"og:url\" content=\"https:\/\/www.alldayled.com\/de\/produkt\/strands-unity-interior-light-50cm-amber\/\" \/>\n<meta property=\"og:site_name\" content=\"All Day Led\" \/>\n<meta property=\"article:publisher\" content=\"https:\/\/www.facebook.com\/alldayled\/\" \/>\n<meta property=\"og:image\" content=\"https:\/\/www.alldayled.com\/wp-content\/uploads\/2024\/02\/ADL89270.png\" \/>\n\t<meta property=\"og:image:width\" content=\"800\" \/>\n\t<meta property=\"og:image:height\" content=\"600\" \/>\n\t<meta property=\"og:image:type\" content=\"image\/png\" \/>\n<meta name=\"twitter:label1\" content=\"Preis\" \/>\n\t<meta name=\"twitter:data1\" content=\"&euro;&nbsp;39,00\" \/>\n\t<meta name=\"twitter:label2\" content=\"Verf\u00fcgbarkeit\" \/>\n\t<meta name=\"twitter:data2\" content=\"Auf Lager\" \/>\n<script type=\"application\/ld+json\" class=\"yoast-schema-graph\">{\"@context\":\"https:\/\/schema.org\",\"@graph\":[{\"@type\":\"WebPage\",\"@id\":\"https:\/\/www.alldayled.com\/de\/produkt\/strands-unity-interior-light-50cm-amber\/\",\"url\":\"https:\/\/www.alldayled.com\/de\/produkt\/strands-unity-interior-light-50cm-amber\/\",\"name\":\"Strands Unity interior light 50cm AMBER - All Day Led - LED-Leiste f\u00fcr 12&24V\",\"isPartOf\":{\"@id\":\"https:\/\/www.alldayled.com\/de\/#website\"},\"primaryImageOfPage\":{\"@id\":\"https:\/\/www.alldayled.com\/de\/produkt\/strands-unity-interior-light-50cm-amber\/#primaryimage\"},\"image\":{\"@id\":\"https:\/\/www.alldayled.com\/de\/produkt\/strands-unity-interior-light-50cm-amber\/#primaryimage\"},\"thumbnailUrl\":\"https:\/\/www.alldayled.com\/wp-content\/uploads\/2024\/02\/ADL89270.png\",\"datePublished\":\"2024-02-28T14:34:39+00:00\",\"description\":\"Strands Unity interior light 50cm AMBER - 48 LED-Punkte - 960 Lumen - Aluminiumgeh\u00e4use - Strands Underglow ORANGE - f\u00fcr Auto, LKW und mehr\",\"breadcrumb\":{\"@id\":\"https:\/\/www.alldayled.com\/de\/produkt\/strands-unity-interior-light-50cm-amber\/#breadcrumb\"},\"inLanguage\":\"de\",\"potentialAction\":[{\"@type\":\"ReadAction\",\"target\":[\"https:\/\/www.alldayled.com\/de\/produkt\/strands-unity-interior-light-50cm-amber\/\"]}]},{\"@type\":\"ImageObject\",\"inLanguage\":\"de\",\"@id\":\"https:\/\/www.alldayled.com\/de\/produkt\/strands-unity-interior-light-50cm-amber\/#primaryimage\",\"url\":\"https:\/\/www.alldayled.com\/wp-content\/uploads\/2024\/02\/ADL89270.png\",\"contentUrl\":\"https:\/\/www.alldayled.com\/wp-content\/uploads\/2024\/02\/ADL89270.png\",\"width\":800,\"height\":600,\"caption\":\"Strands Unity Interior light AMBER - LED-Streifen Underglow 50cm - Strands 809270 - LED-Beleuchtung f\u00fcr 12- und 24-Volt-Betrieb - geeignet f\u00fcr den Innen- und Au\u00dfenbereich mit IP67-Pr\u00fcfung - auch als Innenraumleuchte verwendbar - EAN: 7323030191603\"},{\"@type\":\"BreadcrumbList\",\"@id\":\"https:\/\/www.alldayled.com\/de\/produkt\/strands-unity-interior-light-50cm-amber\/#breadcrumb\",\"itemListElement\":[{\"@type\":\"ListItem\",\"position\":1,\"name\":\"Home\",\"item\":\"https:\/\/www.alldayled.com\/de\/\"},{\"@type\":\"ListItem\",\"position\":2,\"name\":\"Shop\",\"item\":\"https:\/\/www.alldayled.com\/de\/shop\/\"},{\"@type\":\"ListItem\",\"position\":3,\"name\":\"Beleuchtung\",\"item\":\"https:\/\/www.alldayled.com\/de\/produkt-kategorie\/beleuchtung\/\"},{\"@type\":\"ListItem\",\"position\":4,\"name\":\"Beleuchtung 12 Volt\",\"item\":\"https:\/\/www.alldayled.com\/de\/produkt-kategorie\/beleuchtung\/verlichting-12-volt\/\"},{\"@type\":\"ListItem\",\"position\":5,\"name\":\"Einbauleuchten\",\"item\":\"https:\/\/www.alldayled.com\/de\/produkt-kategorie\/beleuchtung\/verlichting-12-volt\/inbouw-verlichting-12-volt\/\"},{\"@type\":\"ListItem\",\"position\":6,\"name\":\"Strands Unity interior light 50cm AMBER\"}]},{\"@type\":\"WebSite\",\"@id\":\"https:\/\/www.alldayled.com\/de\/#website\",\"url\":\"https:\/\/www.alldayled.com\/de\/\",\"name\":\"All Day Led\",\"description\":\"Verlichting voor 12&amp;24 volt gebruik\",\"publisher\":{\"@id\":\"https:\/\/www.alldayled.com\/de\/#organization\"},\"potentialAction\":[{\"@type\":\"SearchAction\",\"target\":{\"@type\":\"EntryPoint\",\"urlTemplate\":\"https:\/\/www.alldayled.com\/de\/?s={search_term_string}\"},\"query-input\":{\"@type\":\"PropertyValueSpecification\",\"valueRequired\":true,\"valueName\":\"search_term_string\"}}],\"inLanguage\":\"de\"},{\"@type\":\"Organization\",\"@id\":\"https:\/\/www.alldayled.com\/de\/#organization\",\"name\":\"All Day Led\",\"url\":\"https:\/\/www.alldayled.com\/de\/\",\"logo\":{\"@type\":\"ImageObject\",\"inLanguage\":\"de\",\"@id\":\"https:\/\/www.alldayled.com\/de\/#\/schema\/logo\/image\/\",\"url\":\"https:\/\/www.alldayled.com\/wp-content\/uploads\/2025\/10\/Logo-ALL-DAY-LED-800x800-zwart-witte-letters.png\",\"contentUrl\":\"https:\/\/www.alldayled.com\/wp-content\/uploads\/2025\/10\/Logo-ALL-DAY-LED-800x800-zwart-witte-letters.png\",\"width\":800,\"height\":800,\"caption\":\"All Day Led\"},\"image\":{\"@id\":\"https:\/\/www.alldayled.com\/de\/#\/schema\/logo\/image\/\"},\"sameAs\":[\"https:\/\/www.facebook.com\/alldayled\/\",\"https:\/\/www.instagram.com\/alldayled\/\"],\"vatID\":\"NL863960133B01\",\"taxID\":\"86416545\"}]}<\/script>\n<meta property=\"product:brand\" content=\"Strands\" \/>\n<meta property=\"product:price:amount\" content=\"39.00\" \/>\n<meta property=\"product:price:currency\" content=\"EUR\" \/>\n<meta property=\"og:availability\" content=\"instock\" \/>\n<meta property=\"product:availability\" content=\"instock\" \/>\n<meta property=\"product:retailer_item_id\" content=\"ADL809270\" \/>\n<meta property=\"product:condition\" content=\"new\" \/>\n<!-- \/ Yoast SEO Premium plugin. -->","yoast_head_json":{"title":"Strands Unity interior light 50cm AMBER - All Day Led - LED-Leiste f\u00fcr 12&24V","description":"Strands Unity interior light 50cm AMBER - 48 LED-Punkte - 960 Lumen - Aluminiumgeh\u00e4use - Strands Underglow ORANGE - f\u00fcr Auto, LKW und mehr","robots":{"index":"index","follow":"follow","max-snippet":"max-snippet:-1","max-image-preview":"max-image-preview:large","max-video-preview":"max-video-preview:-1"},"canonical":"https:\/\/www.alldayled.com\/de\/produkt\/strands-unity-interior-light-50cm-amber\/","og_locale":"de_DE","og_type":"article","og_title":"Strands Unity interior light 50cm AMBER - All Day Led - LED-Leiste f\u00fcr 12&24V","og_description":"Strands Unity interior light 50cm AMBER - 48 LED-Punkte - 960 Lumen - Aluminiumgeh\u00e4use - Strands Underglow ORANGE - f\u00fcr Auto, LKW und mehr","og_url":"https:\/\/www.alldayled.com\/de\/produkt\/strands-unity-interior-light-50cm-amber\/","og_site_name":"All Day Led","article_publisher":"https:\/\/www.facebook.com\/alldayled\/","og_image":[{"width":800,"height":600,"url":"https:\/\/www.alldayled.com\/wp-content\/uploads\/2024\/02\/ADL89270.png","type":"image\/png"}],"twitter_misc":{"Preis":"&euro;&nbsp;39,00","Verf\u00fcgbarkeit":"Auf Lager"},"schema":{"@context":"https:\/\/schema.org","@graph":[{"@type":"WebPage","@id":"https:\/\/www.alldayled.com\/de\/produkt\/strands-unity-interior-light-50cm-amber\/","url":"https:\/\/www.alldayled.com\/de\/produkt\/strands-unity-interior-light-50cm-amber\/","name":"Strands Unity interior light 50cm AMBER - All Day Led - LED-Leiste f\u00fcr 12&24V","isPartOf":{"@id":"https:\/\/www.alldayled.com\/de\/#website"},"primaryImageOfPage":{"@id":"https:\/\/www.alldayled.com\/de\/produkt\/strands-unity-interior-light-50cm-amber\/#primaryimage"},"image":{"@id":"https:\/\/www.alldayled.com\/de\/produkt\/strands-unity-interior-light-50cm-amber\/#primaryimage"},"thumbnailUrl":"https:\/\/www.alldayled.com\/wp-content\/uploads\/2024\/02\/ADL89270.png","datePublished":"2024-02-28T14:34:39+00:00","description":"Strands Unity interior light 50cm AMBER - 48 LED-Punkte - 960 Lumen - Aluminiumgeh\u00e4use - Strands Underglow ORANGE - f\u00fcr Auto, LKW und mehr","breadcrumb":{"@id":"https:\/\/www.alldayled.com\/de\/produkt\/strands-unity-interior-light-50cm-amber\/#breadcrumb"},"inLanguage":"de","potentialAction":[{"@type":"ReadAction","target":["https:\/\/www.alldayled.com\/de\/produkt\/strands-unity-interior-light-50cm-amber\/"]}]},{"@type":"ImageObject","inLanguage":"de","@id":"https:\/\/www.alldayled.com\/de\/produkt\/strands-unity-interior-light-50cm-amber\/#primaryimage","url":"https:\/\/www.alldayled.com\/wp-content\/uploads\/2024\/02\/ADL89270.png","contentUrl":"https:\/\/www.alldayled.com\/wp-content\/uploads\/2024\/02\/ADL89270.png","width":800,"height":600,"caption":"Strands Unity Interior light AMBER - LED-Streifen Underglow 50cm - Strands 809270 - LED-Beleuchtung f\u00fcr 12- und 24-Volt-Betrieb - geeignet f\u00fcr den Innen- und Au\u00dfenbereich mit IP67-Pr\u00fcfung - auch als Innenraumleuchte verwendbar - EAN: 7323030191603"},{"@type":"BreadcrumbList","@id":"https:\/\/www.alldayled.com\/de\/produkt\/strands-unity-interior-light-50cm-amber\/#breadcrumb","itemListElement":[{"@type":"ListItem","position":1,"name":"Home","item":"https:\/\/www.alldayled.com\/de\/"},{"@type":"ListItem","position":2,"name":"Shop","item":"https:\/\/www.alldayled.com\/de\/shop\/"},{"@type":"ListItem","position":3,"name":"Beleuchtung","item":"https:\/\/www.alldayled.com\/de\/produkt-kategorie\/beleuchtung\/"},{"@type":"ListItem","position":4,"name":"Beleuchtung 12 Volt","item":"https:\/\/www.alldayled.com\/de\/produkt-kategorie\/beleuchtung\/verlichting-12-volt\/"},{"@type":"ListItem","position":5,"name":"Einbauleuchten","item":"https:\/\/www.alldayled.com\/de\/produkt-kategorie\/beleuchtung\/verlichting-12-volt\/inbouw-verlichting-12-volt\/"},{"@type":"ListItem","position":6,"name":"Strands Unity interior light 50cm AMBER"}]},{"@type":"WebSite","@id":"https:\/\/www.alldayled.com\/de\/#website","url":"https:\/\/www.alldayled.com\/de\/","name":"All Day Led","description":"Verlichting voor 12&amp;24 volt gebruik","publisher":{"@id":"https:\/\/www.alldayled.com\/de\/#organization"},"potentialAction":[{"@type":"SearchAction","target":{"@type":"EntryPoint","urlTemplate":"https:\/\/www.alldayled.com\/de\/?s={search_term_string}"},"query-input":{"@type":"PropertyValueSpecification","valueRequired":true,"valueName":"search_term_string"}}],"inLanguage":"de"},{"@type":"Organization","@id":"https:\/\/www.alldayled.com\/de\/#organization","name":"All Day Led","url":"https:\/\/www.alldayled.com\/de\/","logo":{"@type":"ImageObject","inLanguage":"de","@id":"https:\/\/www.alldayled.com\/de\/#\/schema\/logo\/image\/","url":"https:\/\/www.alldayled.com\/wp-content\/uploads\/2025\/10\/Logo-ALL-DAY-LED-800x800-zwart-witte-letters.png","contentUrl":"https:\/\/www.alldayled.com\/wp-content\/uploads\/2025\/10\/Logo-ALL-DAY-LED-800x800-zwart-witte-letters.png","width":800,"height":800,"caption":"All Day Led"},"image":{"@id":"https:\/\/www.alldayled.com\/de\/#\/schema\/logo\/image\/"},"sameAs":["https:\/\/www.facebook.com\/alldayled\/","https:\/\/www.instagram.com\/alldayled\/"],"vatID":"NL863960133B01","taxID":"86416545"}]},"product_brand":"Strands","product_price_amount":"39.00","product_price_currency":"EUR","og_availability":"instock","product_availability":"instock","product_retailer_item_id":"ADL809270","product_condition":"new"},"_links":{"self":[{"href":"https:\/\/www.alldayled.com\/de\/wp-json\/wp\/v2\/product\/68316","targetHints":{"allow":["GET"]}}],"collection":[{"href":"https:\/\/www.alldayled.com\/de\/wp-json\/wp\/v2\/product"}],"about":[{"href":"https:\/\/www.alldayled.com\/de\/wp-json\/wp\/v2\/types\/product"}],"replies":[{"embeddable":true,"href":"https:\/\/www.alldayled.com\/de\/wp-json\/wp\/v2\/comments?post=68316"}],"wp:featuredmedia":[{"embeddable":true,"href":"https:\/\/www.alldayled.com\/de\/wp-json\/wp\/v2\/media\/27909"}],"wp:attachment":[{"href":"https:\/\/www.alldayled.com\/de\/wp-json\/wp\/v2\/media?parent=68316"}],"wp:term":[{"taxonomy":"product_brand","embeddable":true,"href":"https:\/\/www.alldayled.com\/de\/wp-json\/wp\/v2\/product_brand?post=68316"},{"taxonomy":"product_cat","embeddable":true,"href":"https:\/\/www.alldayled.com\/de\/wp-json\/wp\/v2\/product_cat?post=68316"},{"taxonomy":"product_tag","embeddable":true,"href":"https:\/\/www.alldayled.com\/de\/wp-json\/wp\/v2\/product_tag?post=68316"}],"curies":[{"name":"wp","href":"https:\/\/api.w.org\/{rel}","templated":true}]}}