{"id":68326,"date":"2023-01-30T16:04:09","date_gmt":"2023-01-30T15:04:09","guid":{"rendered":"https:\/\/www.alldayled.com\/product\/was-w116-full-led-verstraler\/"},"modified":"2023-01-30T16:04:09","modified_gmt":"2023-01-30T15:04:09","slug":"was-w116-full-led-verstraler","status":"publish","type":"product","link":"https:\/\/www.alldayled.com\/de\/produkt\/was-w116-full-led-verstraler\/","title":{"rendered":"WA\u015a W116 LED Scheinwerfer"},"content":{"rendered":"<p><span style=\"color: #000000;\"><strong>WA\u015a W116 Full LED Scheinwerfer ohne Positionsleuchte, f\u00fcr 12 und 24 Volt.<\/strong><\/span><\/p>\n<p><span style=\"color: #000000;\">M\u00f6chten Sie Ihr Fahrzeug mit einem neuen oder zus\u00e4tzlichen LED Scheinwerfer ausstatten, wissen aber nicht genau, was Sie suchen? Dann ist der WA\u015a W116 LED Scheinwerfer vielleicht die Lampe f\u00fcr Sie. Der W116 ist mit 2 hellen LED-Modulen ausgestattet und liefert eine Lichtleistung von 3200 Lumen. Dieser Full LED Scheinwerfer ohne Positionsleuchte arbeitet mit 12 und 24 Volt. So k\u00f6nnen Sie ihn beispielsweise an Ihrem Auto, LKW, Wohnmobil oder einem anderen Fahrzeug montieren.    <\/span><\/p>\n<p><span style=\"color: #000000;\">Um Ihnen zu zeigen, warum dies der richtige Scheinwerfer f\u00fcr Ihr Fahrzeug ist, haben wir die wichtigsten Spezifikationen unten aufgef\u00fchrt. Der W116 ist ein einzigartiger LED Scheinwerfer in seinem Segment, was sich unter anderem in der Ausstrahlung und den G\u00fctezeichen zeigt. So ist die Lampe mit dem ECE R10 G\u00fctezeichen versehen. Das bedeutet, dass er w\u00e4hrend des Gebrauchs keine St\u00f6rungen verursacht, beispielsweise an Ihrem Radio. Au\u00dferdem hat der W116 das IP68 G\u00fctezeichen, was angibt, dass die Lampe vollst\u00e4ndig wasserdicht ist.    <\/span><\/p>\n<h5><span style=\"color: #000000;\"><strong>Abmessungen:<\/strong><\/span><\/h5>\n<p><span style=\"color: #000000;\">Um sicherzustellen, dass Sie den WA\u015a W116 LED Scheinwerfer genau dort montieren k\u00f6nnen, wo Sie ihn haben m\u00f6chten, haben wir die Abmessungen unten f\u00fcr Sie notiert. Die Abmessungen der LED Lampe sind wie folgt: <\/span><\/p>\n<ul>\n<li><span style=\"color: #000000;\">H\u00f6he: 230,5 mm (245 mm inkl. Halterung)<\/span><\/li>\n<li><span style=\"color: #000000;\">Durchmesser: 230,5 mm<\/span><\/li>\n<li><span style=\"color: #000000;\">Dicke: 132 mm<\/span><\/li>\n<\/ul>\n<h5><span style=\"color: #000000;\"><strong>Weitere Modelle:  <\/strong><\/span><\/h5>\n<p><span style=\"color: #000000;\">M\u00f6chten Sie zwar den WA\u015a W116 Full LED Scheinwerfer, aber lieber eine Ausf\u00fchrung mit Positionsleuchte? Dann ist das kein Problem. Die Lampe ist auch mit einer LED Positionsleuchte erh\u00e4ltlich. Die verf\u00fcgbaren Modelle mit LED Positionsleuchte finden Sie hier:   <\/span><\/p>\n<ul>\n<li><span style=\"color: #000000;\"><a style=\"color: #000000;\" href=\"https:\/\/www.alldayled.com\/de\/produkt\/was-w116-full-led-verstraler-ring\/\"><strong>W116 Scheinwerfer mit Positionsleuchte Ring<\/strong><\/a><\/span><\/li>\n<li><span style=\"color: #000000;\"><a style=\"color: #000000;\" href=\"https:\/\/www.alldayled.com\/de\/produkt\/was-w116-full-led-verstraler-streep\/\"><strong>W116 Scheinwerfer mit Positionsleuchte Streifen<\/strong><\/a><\/span><\/li>\n<li><span style=\"color: #000000;\"><a style=\"color: #000000;\" href=\"https:\/\/www.alldayled.com\/de\/produkt\/was-w116-full-led-verstraler-streep-ring\/\"><strong>W116 Scheinwerfer mit Positionsleuchte Ring &#8211; Streifen <\/strong><\/a><\/span><\/li>\n<\/ul>\n<p><span style=\"color: #000000;\">Sind Sie noch immer nicht \u00fcberzeugt, dass der WA\u015a W116 LED Scheinwerfer das ist, wonach Sie suchen? Einfach weil die Lichtleistung, die Wattzahl oder die Form nicht Ihren W\u00fcnschen entspricht? Dann sehen Sie sich hier das komplette Angebot von <a style=\"color: #000000;\" href=\"https:\/\/www.alldayled.com\/de\/marke\/product-was\/\" target=\"_blank\" rel=\"noopener\">WA\u015a<\/a> an. Vielleicht finden Sie hier das Lampenmodell, das Sie suchen.   <\/span><\/p>\n","protected":false},"excerpt":{"rendered":"<p>Full LED Scheinwerfer mit 3200 Lumen von WA\u015a, ohne Positionsleuchte &#8211; f\u00fcr 12\/24V.<\/p>\n","protected":false},"featured_media":23340,"comment_status":"open","ping_status":"closed","template":"","meta":{"_acf_changed":false},"product_brand":[5053],"product_cat":[3105],"product_tag":[3803,3807,3805,3806,3804,4222],"class_list":{"0":"post-68326","1":"product","2":"type-product","3":"status-publish","4":"has-post-thumbnail","6":"product_brand-product-was","7":"product_cat-verstraler-rond","8":"product_tag-led-verstraler-auto","9":"product_tag-led-verstraler-vrachtwagen","10":"product_tag-led-verstraler-pickup","11":"product_tag-led-verstraler-tractor","12":"product_tag-led-verstraler-camper","13":"product_tag-was-full-led-verstraler","15":"first","16":"instock","17":"taxable","18":"shipping-taxable","19":"purchasable","20":"product-type-simple"},"acf":[],"yoast_head":"<!-- This site is optimized with the Yoast SEO Premium plugin v26.5 (Yoast SEO v27.1.1) - https:\/\/yoast.com\/product\/yoast-seo-premium-wordpress\/ -->\n<title>WA\u015a W116 LED Scheinwerfer ohne Positionsleuchte - All Day Led - 12&amp;24 Volt<\/title>\n<meta name=\"description\" content=\"WA\u015a W116 LED Scheinwerfer - f\u00fcr 12&amp;24 volt - 3200 Lumen! - ohne Positionsleuchte - mit ECE R112 &amp; ECE R7 - Full LED Scheinwerfer 50W\" \/>\n<meta name=\"robots\" content=\"index, follow, max-snippet:-1, max-image-preview:large, max-video-preview:-1\" \/>\n<link rel=\"canonical\" href=\"https:\/\/www.alldayled.com\/de\/produkt\/was-w116-full-led-verstraler\/\" \/>\n<meta property=\"og:locale\" content=\"de_DE\" \/>\n<meta property=\"og:type\" content=\"article\" \/>\n<meta property=\"og:title\" content=\"WA\u015a W116 LED Scheinwerfer ohne Positionsleuchte - All Day Led - 12&amp;24V\" \/>\n<meta property=\"og:description\" content=\"WA\u015a W116 LED Scheinwerfer - f\u00fcr 12&amp;24 volt - 3200 Lumen! - ohne Positionsleuchte - mit ECE R112 &amp; ECE R7 - Full LED Scheinwerfer 50W\" \/>\n<meta property=\"og:url\" content=\"https:\/\/www.alldayled.com\/de\/produkt\/was-w116-full-led-verstraler\/\" \/>\n<meta property=\"og:site_name\" content=\"All Day Led\" \/>\n<meta property=\"article:publisher\" content=\"https:\/\/www.facebook.com\/alldayled\/\" \/>\n<meta property=\"og:image\" content=\"https:\/\/www.alldayled.com\/wp-content\/uploads\/2024\/05\/ADL00869-300x300.png\" \/>\n<meta name=\"twitter:label1\" content=\"Preis\" \/>\n\t<meta name=\"twitter:data1\" content=\"&euro;&nbsp;219,00\" \/>\n\t<meta name=\"twitter:label2\" content=\"Verf\u00fcgbarkeit\" \/>\n\t<meta name=\"twitter:data2\" content=\"Auf Lager\" \/>\n<script type=\"application\/ld+json\" class=\"yoast-schema-graph\">{\"@context\":\"https:\/\/schema.org\",\"@graph\":[{\"@type\":\"WebPage\",\"@id\":\"https:\/\/www.alldayled.com\/de\/produkt\/was-w116-full-led-verstraler\/\",\"url\":\"https:\/\/www.alldayled.com\/de\/produkt\/was-w116-full-led-verstraler\/\",\"name\":\"WA\u015a W116 LED Scheinwerfer ohne Positionsleuchte - All Day Led - 12&24 Volt\",\"isPartOf\":{\"@id\":\"https:\/\/www.alldayled.com\/de\/#website\"},\"primaryImageOfPage\":{\"@id\":\"https:\/\/www.alldayled.com\/de\/produkt\/was-w116-full-led-verstraler\/#primaryimage\"},\"image\":{\"@id\":\"https:\/\/www.alldayled.com\/de\/produkt\/was-w116-full-led-verstraler\/#primaryimage\"},\"thumbnailUrl\":\"https:\/\/www.alldayled.com\/wp-content\/uploads\/2023\/01\/ADL00869..png\",\"datePublished\":\"2023-01-30T15:04:09+00:00\",\"description\":\"WA\u015a W116 LED Scheinwerfer - f\u00fcr 12&24 volt - 3200 Lumen! - ohne Positionsleuchte - mit ECE R112 & ECE R7 - Full LED Scheinwerfer 50W\",\"breadcrumb\":{\"@id\":\"https:\/\/www.alldayled.com\/de\/produkt\/was-w116-full-led-verstraler\/#breadcrumb\"},\"inLanguage\":\"de\",\"potentialAction\":[{\"@type\":\"ReadAction\",\"target\":[\"https:\/\/www.alldayled.com\/de\/produkt\/was-w116-full-led-verstraler\/\"]}]},{\"@type\":\"ImageObject\",\"inLanguage\":\"de\",\"@id\":\"https:\/\/www.alldayled.com\/de\/produkt\/was-w116-full-led-verstraler\/#primaryimage\",\"url\":\"https:\/\/www.alldayled.com\/wp-content\/uploads\/2023\/01\/ADL00869..png\",\"contentUrl\":\"https:\/\/www.alldayled.com\/wp-content\/uploads\/2023\/01\/ADL00869..png\",\"width\":800,\"height\":600,\"caption\":\"WA\u015a W116 Full LED Scheinwerfer ohne Positionsleuchte f\u00fcr 12 &amp; 24 Volt Betrieb - EAN: 5901323125225\"},{\"@type\":\"BreadcrumbList\",\"@id\":\"https:\/\/www.alldayled.com\/de\/produkt\/was-w116-full-led-verstraler\/#breadcrumb\",\"itemListElement\":[{\"@type\":\"ListItem\",\"position\":1,\"name\":\"Home\",\"item\":\"https:\/\/www.alldayled.com\/de\/\"},{\"@type\":\"ListItem\",\"position\":2,\"name\":\"Shop\",\"item\":\"https:\/\/www.alldayled.com\/de\/shop\/\"},{\"@type\":\"ListItem\",\"position\":3,\"name\":\"Scheinwerfer\",\"item\":\"https:\/\/www.alldayled.com\/de\/produkt-kategorie\/scheinwerfer\/\"},{\"@type\":\"ListItem\",\"position\":4,\"name\":\"Scheinwerfer rund\",\"item\":\"https:\/\/www.alldayled.com\/de\/produkt-kategorie\/scheinwerfer\/verstraler-rond\/\"},{\"@type\":\"ListItem\",\"position\":5,\"name\":\"WA\u015a W116 LED Scheinwerfer\"}]},{\"@type\":\"WebSite\",\"@id\":\"https:\/\/www.alldayled.com\/de\/#website\",\"url\":\"https:\/\/www.alldayled.com\/de\/\",\"name\":\"All Day Led\",\"description\":\"Verlichting voor 12&amp;24 volt gebruik\",\"publisher\":{\"@id\":\"https:\/\/www.alldayled.com\/de\/#organization\"},\"potentialAction\":[{\"@type\":\"SearchAction\",\"target\":{\"@type\":\"EntryPoint\",\"urlTemplate\":\"https:\/\/www.alldayled.com\/de\/?s={search_term_string}\"},\"query-input\":{\"@type\":\"PropertyValueSpecification\",\"valueRequired\":true,\"valueName\":\"search_term_string\"}}],\"inLanguage\":\"de\"},{\"@type\":\"Organization\",\"@id\":\"https:\/\/www.alldayled.com\/de\/#organization\",\"name\":\"All Day Led\",\"url\":\"https:\/\/www.alldayled.com\/de\/\",\"logo\":{\"@type\":\"ImageObject\",\"inLanguage\":\"de\",\"@id\":\"https:\/\/www.alldayled.com\/de\/#\/schema\/logo\/image\/\",\"url\":\"https:\/\/www.alldayled.com\/wp-content\/uploads\/2025\/10\/Logo-ALL-DAY-LED-800x800-zwart-witte-letters.png\",\"contentUrl\":\"https:\/\/www.alldayled.com\/wp-content\/uploads\/2025\/10\/Logo-ALL-DAY-LED-800x800-zwart-witte-letters.png\",\"width\":800,\"height\":800,\"caption\":\"All Day Led\"},\"image\":{\"@id\":\"https:\/\/www.alldayled.com\/de\/#\/schema\/logo\/image\/\"},\"sameAs\":[\"https:\/\/www.facebook.com\/alldayled\/\",\"https:\/\/www.instagram.com\/alldayled\/\"],\"vatID\":\"NL863960133B01\",\"taxID\":\"86416545\"}]}<\/script>\n<meta property=\"product:brand\" content=\"WA\u015a\" \/>\n<meta property=\"product:price:amount\" content=\"219.00\" \/>\n<meta property=\"product:price:currency\" content=\"EUR\" \/>\n<meta property=\"og:availability\" content=\"instock\" \/>\n<meta property=\"product:availability\" content=\"instock\" \/>\n<meta property=\"product:retailer_item_id\" content=\"ADL00869\" \/>\n<meta property=\"product:condition\" content=\"new\" \/>\n<!-- \/ Yoast SEO Premium plugin. -->","yoast_head_json":{"title":"WA\u015a W116 LED Scheinwerfer ohne Positionsleuchte - All Day Led - 12&24 Volt","description":"WA\u015a W116 LED Scheinwerfer - f\u00fcr 12&24 volt - 3200 Lumen! - ohne Positionsleuchte - mit ECE R112 & ECE R7 - Full LED Scheinwerfer 50W","robots":{"index":"index","follow":"follow","max-snippet":"max-snippet:-1","max-image-preview":"max-image-preview:large","max-video-preview":"max-video-preview:-1"},"canonical":"https:\/\/www.alldayled.com\/de\/produkt\/was-w116-full-led-verstraler\/","og_locale":"de_DE","og_type":"article","og_title":"WA\u015a W116 LED Scheinwerfer ohne Positionsleuchte - All Day Led - 12&24V","og_description":"WA\u015a W116 LED Scheinwerfer - f\u00fcr 12&24 volt - 3200 Lumen! - ohne Positionsleuchte - mit ECE R112 & ECE R7 - Full LED Scheinwerfer 50W","og_url":"https:\/\/www.alldayled.com\/de\/produkt\/was-w116-full-led-verstraler\/","og_site_name":"All Day Led","article_publisher":"https:\/\/www.facebook.com\/alldayled\/","og_image":[{"url":"https:\/\/www.alldayled.com\/wp-content\/uploads\/2024\/05\/ADL00869-300x300.png","type":"","width":"","height":""}],"twitter_misc":{"Preis":"&euro;&nbsp;219,00","Verf\u00fcgbarkeit":"Auf Lager"},"schema":{"@context":"https:\/\/schema.org","@graph":[{"@type":"WebPage","@id":"https:\/\/www.alldayled.com\/de\/produkt\/was-w116-full-led-verstraler\/","url":"https:\/\/www.alldayled.com\/de\/produkt\/was-w116-full-led-verstraler\/","name":"WA\u015a W116 LED Scheinwerfer ohne Positionsleuchte - All Day Led - 12&24 Volt","isPartOf":{"@id":"https:\/\/www.alldayled.com\/de\/#website"},"primaryImageOfPage":{"@id":"https:\/\/www.alldayled.com\/de\/produkt\/was-w116-full-led-verstraler\/#primaryimage"},"image":{"@id":"https:\/\/www.alldayled.com\/de\/produkt\/was-w116-full-led-verstraler\/#primaryimage"},"thumbnailUrl":"https:\/\/www.alldayled.com\/wp-content\/uploads\/2023\/01\/ADL00869..png","datePublished":"2023-01-30T15:04:09+00:00","description":"WA\u015a W116 LED Scheinwerfer - f\u00fcr 12&24 volt - 3200 Lumen! - ohne Positionsleuchte - mit ECE R112 & ECE R7 - Full LED Scheinwerfer 50W","breadcrumb":{"@id":"https:\/\/www.alldayled.com\/de\/produkt\/was-w116-full-led-verstraler\/#breadcrumb"},"inLanguage":"de","potentialAction":[{"@type":"ReadAction","target":["https:\/\/www.alldayled.com\/de\/produkt\/was-w116-full-led-verstraler\/"]}]},{"@type":"ImageObject","inLanguage":"de","@id":"https:\/\/www.alldayled.com\/de\/produkt\/was-w116-full-led-verstraler\/#primaryimage","url":"https:\/\/www.alldayled.com\/wp-content\/uploads\/2023\/01\/ADL00869..png","contentUrl":"https:\/\/www.alldayled.com\/wp-content\/uploads\/2023\/01\/ADL00869..png","width":800,"height":600,"caption":"WA\u015a W116 Full LED Scheinwerfer ohne Positionsleuchte f\u00fcr 12 &amp; 24 Volt Betrieb - EAN: 5901323125225"},{"@type":"BreadcrumbList","@id":"https:\/\/www.alldayled.com\/de\/produkt\/was-w116-full-led-verstraler\/#breadcrumb","itemListElement":[{"@type":"ListItem","position":1,"name":"Home","item":"https:\/\/www.alldayled.com\/de\/"},{"@type":"ListItem","position":2,"name":"Shop","item":"https:\/\/www.alldayled.com\/de\/shop\/"},{"@type":"ListItem","position":3,"name":"Scheinwerfer","item":"https:\/\/www.alldayled.com\/de\/produkt-kategorie\/scheinwerfer\/"},{"@type":"ListItem","position":4,"name":"Scheinwerfer rund","item":"https:\/\/www.alldayled.com\/de\/produkt-kategorie\/scheinwerfer\/verstraler-rond\/"},{"@type":"ListItem","position":5,"name":"WA\u015a W116 LED Scheinwerfer"}]},{"@type":"WebSite","@id":"https:\/\/www.alldayled.com\/de\/#website","url":"https:\/\/www.alldayled.com\/de\/","name":"All Day Led","description":"Verlichting voor 12&amp;24 volt gebruik","publisher":{"@id":"https:\/\/www.alldayled.com\/de\/#organization"},"potentialAction":[{"@type":"SearchAction","target":{"@type":"EntryPoint","urlTemplate":"https:\/\/www.alldayled.com\/de\/?s={search_term_string}"},"query-input":{"@type":"PropertyValueSpecification","valueRequired":true,"valueName":"search_term_string"}}],"inLanguage":"de"},{"@type":"Organization","@id":"https:\/\/www.alldayled.com\/de\/#organization","name":"All Day Led","url":"https:\/\/www.alldayled.com\/de\/","logo":{"@type":"ImageObject","inLanguage":"de","@id":"https:\/\/www.alldayled.com\/de\/#\/schema\/logo\/image\/","url":"https:\/\/www.alldayled.com\/wp-content\/uploads\/2025\/10\/Logo-ALL-DAY-LED-800x800-zwart-witte-letters.png","contentUrl":"https:\/\/www.alldayled.com\/wp-content\/uploads\/2025\/10\/Logo-ALL-DAY-LED-800x800-zwart-witte-letters.png","width":800,"height":800,"caption":"All Day Led"},"image":{"@id":"https:\/\/www.alldayled.com\/de\/#\/schema\/logo\/image\/"},"sameAs":["https:\/\/www.facebook.com\/alldayled\/","https:\/\/www.instagram.com\/alldayled\/"],"vatID":"NL863960133B01","taxID":"86416545"}]},"product_brand":"WA\u015a","product_price_amount":"219.00","product_price_currency":"EUR","og_availability":"instock","product_availability":"instock","product_retailer_item_id":"ADL00869","product_condition":"new"},"_links":{"self":[{"href":"https:\/\/www.alldayled.com\/de\/wp-json\/wp\/v2\/product\/68326","targetHints":{"allow":["GET"]}}],"collection":[{"href":"https:\/\/www.alldayled.com\/de\/wp-json\/wp\/v2\/product"}],"about":[{"href":"https:\/\/www.alldayled.com\/de\/wp-json\/wp\/v2\/types\/product"}],"replies":[{"embeddable":true,"href":"https:\/\/www.alldayled.com\/de\/wp-json\/wp\/v2\/comments?post=68326"}],"wp:featuredmedia":[{"embeddable":true,"href":"https:\/\/www.alldayled.com\/de\/wp-json\/wp\/v2\/media\/23340"}],"wp:attachment":[{"href":"https:\/\/www.alldayled.com\/de\/wp-json\/wp\/v2\/media?parent=68326"}],"wp:term":[{"taxonomy":"product_brand","embeddable":true,"href":"https:\/\/www.alldayled.com\/de\/wp-json\/wp\/v2\/product_brand?post=68326"},{"taxonomy":"product_cat","embeddable":true,"href":"https:\/\/www.alldayled.com\/de\/wp-json\/wp\/v2\/product_cat?post=68326"},{"taxonomy":"product_tag","embeddable":true,"href":"https:\/\/www.alldayled.com\/de\/wp-json\/wp\/v2\/product_tag?post=68326"}],"curies":[{"name":"wp","href":"https:\/\/api.w.org\/{rel}","templated":true}]}}