{"id":68335,"date":"2023-01-30T16:04:11","date_gmt":"2023-01-30T15:04:11","guid":{"rendered":"https:\/\/www.alldayled.com\/product\/was-w116-full-led-verstraler-streep\/"},"modified":"2023-01-30T16:04:11","modified_gmt":"2023-01-30T15:04:11","slug":"was-w116-full-led-verstraler-streep","status":"publish","type":"product","link":"https:\/\/www.alldayled.com\/de\/produkt\/was-w116-full-led-verstraler-streep\/","title":{"rendered":"WA\u015a W116 Scheinwerfer &#8211; Streifen"},"content":{"rendered":"<p><span style=\"color: #000000;\"><strong>WA\u015a W116 Full LED Scheinwerfer mit LED Positionsleuchte Streifen, f\u00fcr 12 und 24 Volt. <\/strong><\/span><\/p>\n<p><span style=\"color: #000000;\">M\u00f6chten Sie Ihr Fahrzeug mit einem neuen oder zus\u00e4tzlichen LED Scheinwerfer mit Positionsleuchte ausstatten, wissen aber nicht genau, was Sie suchen? Dann ist der WA\u015a W116 LED Scheinwerfer vielleicht die Lampe f\u00fcr Sie. Der W116 ist mit 2 sehr hellen LED-Modulen ausgestattet und hat eine Lichtleistung von 3200 Lumen. Der WA\u015a W116 mit Positionsleuchte arbeitet mit 12 und 24 Volt. Sie k\u00f6nnen die Lampe also an einem Auto, LKW, Camper oder einer anderen Art von Fahrzeug montieren.    <\/span><\/p>\n<p><span style=\"color: #000000;\">Um sicherzustellen, dass dies der Scheinwerfer f\u00fcr Ihr Fahrzeug ist, haben wir die wichtigsten Spezifikationen im Folgenden aufgelistet. Der Full LED Scheinwerfer von WA\u015a ist einzigartig in seinem Segment, was sich in der Ausstrahlung und verschiedenen G\u00fctezeichen zeigt. So hat der LED Scheinwerfer das ECE R10 G\u00fctezeichen. Dies bedeutet, dass die Lampe w\u00e4hrend des Gebrauchs keine St\u00f6rungen verursacht, beispielsweise auf Ihrem Funksignal. Dar\u00fcber hinaus ist der WA\u015a W116 mit Standlichtstreifen mit dem IP68-G\u00fctezeichen versehen, wodurch er vollst\u00e4ndig wasserdicht ist. M\u00f6chten Sie sehen, wie dieser Scheinwerfer aussieht?     <\/span><\/p>\n<h5><span style=\"color: #000000;\"><strong>Abmessungen:<\/strong><\/span><\/h5>\n<p><span style=\"color: #000000;\">Um sicherzustellen, dass Sie den WA\u015a W116 LED Scheinwerfer mit Standlichtstreifen genau dort montieren k\u00f6nnen, wo Sie ihn haben m\u00f6chten, haben wir die Abmessungen f\u00fcr Sie unten notiert. Die Abmessungen der LED Lampe sind wie folgt: <\/span><\/p>\n<ul>\n<li><span style=\"color: #000000;\">H\u00f6he: 230,5 mm (245 mm inkl. Halterung)<\/span><\/li>\n<li><span style=\"color: #000000;\">Durchmesser: 230,5 mm<\/span><\/li>\n<li><span style=\"color: #000000;\">Dicke: 132 mm<\/span><\/li>\n<\/ul>\n<h5><span style=\"color: #000000;\"><strong>Weitere Modelle:  <\/strong><\/span><\/h5>\n<p><span style=\"color: #000000;\">M\u00f6chten Sie zwar den WA\u015a W116 Full LED Scheinwerfer, aber lieber eine Ausf\u00fchrung mit Positionsleuchte und Streifen? Dann ist das kein Problem. Die Lampe ist auch mit einem LED Positionsleuchte erh\u00e4ltlich. Die verf\u00fcgbaren Modelle mit LED Positionsleuchte finden Sie hier:   <\/span><\/p>\n<ul>\n<li><span style=\"color: #000000;\"><a style=\"color: #000000;\" href=\"https:\/\/www.alldayled.com\/de\/produkt\/was-w116-full-led-verstraler\/\"><strong>W116 Scheinwerfer ohne Positionsleuchte<\/strong><\/a><\/span><\/li>\n<li><span style=\"color: #000000;\"><a style=\"color: #000000;\" href=\"https:\/\/www.alldayled.com\/de\/produkt\/was-w116-full-led-verstraler-ring\/\"><strong>W116 Scheinwerfer mit Positionsleuchte Ring<\/strong><\/a><\/span><\/li>\n<li><span style=\"color: #000000;\"><a style=\"color: #000000;\" href=\"https:\/\/www.alldayled.com\/de\/produkt\/was-w116-full-led-verstraler-streep-ring\/\"><strong>W116 Scheinwerfer mit Positionsleuchte Ring &#8211; Streifen <\/strong><\/a><\/span><\/li>\n<\/ul>\n<p><span style=\"color: #000000;\">Sind Sie noch immer nicht \u00fcberzeugt, dass der WA\u015a W116 LED Scheinwerfer das ist, wonach Sie suchen? Einfach weil die Lichtleistung, die Wattzahl oder die Form nicht Ihren W\u00fcnschen entspricht? Dann sehen Sie sich hier das komplette Angebot von <a style=\"color: #000000;\" href=\"https:\/\/www.alldayled.com\/de\/marke\/product-was\/\" target=\"_blank\" rel=\"noopener\">WA\u015a<\/a> an. Vielleicht finden Sie hier das Lampenmodell, das Sie suchen.   <\/span><\/p>\n","protected":false},"excerpt":{"rendered":"<p>Full LED Scheinwerfer (Streifen) mit 3200 Lumen von WA\u015a &#8211; f\u00fcr 12\/24V.<\/p>\n","protected":false},"featured_media":23424,"comment_status":"open","ping_status":"closed","template":"","meta":{"_acf_changed":false},"product_brand":[5691],"product_cat":[5384],"product_tag":[9075,9079,9077,9078,9076,9074,9579],"class_list":{"0":"post-68335","1":"product","2":"type-product","3":"status-publish","4":"has-post-thumbnail","6":"product_brand-product-was","7":"product_cat-verstraler-rond","8":"product_tag-led-scheinwerfer-auto","9":"product_tag-led-scheinwerfer-lkw","10":"product_tag-led-scheinwerfer-tonabnehmer","11":"product_tag-led-scheinwerfer-traktor","12":"product_tag-led-scheinwerfer-wohnmobil","13":"product_tag-scheinwerfer-mit-stadtlicht","14":"product_tag-was-full-led-scheinwerfer","16":"first","17":"instock","18":"taxable","19":"shipping-taxable","20":"purchasable","21":"product-type-simple"},"acf":[],"yoast_head":"<!-- This site is optimized with the Yoast SEO Premium plugin v26.5 (Yoast SEO v27.1.1) - https:\/\/yoast.com\/product\/yoast-seo-premium-wordpress\/ -->\n<title>WA\u015a W116 Scheinwerfer STREEP - All Day Led - f\u00fcr 12&amp;24 volt<\/title>\n<meta name=\"description\" content=\"WA\u015a W116 Scheinwerfer STREEP - f\u00fcr 12&amp;24 volt - 3200 Lumen! - mit Positionsleuchte - mit ECE R112 &amp; ECE R7 - Full LED Scheinwerfer 50W\" \/>\n<meta name=\"robots\" content=\"index, follow, max-snippet:-1, max-image-preview:large, max-video-preview:-1\" \/>\n<link rel=\"canonical\" href=\"https:\/\/www.alldayled.com\/de\/produkt\/was-w116-full-led-verstraler-streep\/\" \/>\n<meta property=\"og:locale\" content=\"de_DE\" \/>\n<meta property=\"og:type\" content=\"article\" \/>\n<meta property=\"og:title\" content=\"WA\u015a W116 Scheinwerfer STREEP - All Day Led - f\u00fcr 12&amp;24 volt\" \/>\n<meta property=\"og:description\" content=\"WA\u015a W116 Scheinwerfer STREEP - f\u00fcr 12&amp;24 volt - 3200 Lumen! - mit Positionsleuchte - mit ECE R112 &amp; ECE R7 - Full LED Scheinwerfer 50W\" \/>\n<meta property=\"og:url\" content=\"https:\/\/www.alldayled.com\/de\/produkt\/was-w116-full-led-verstraler-streep\/\" \/>\n<meta property=\"og:site_name\" content=\"All Day Led\" \/>\n<meta property=\"article:publisher\" content=\"https:\/\/www.facebook.com\/alldayled\/\" \/>\n<meta property=\"og:image\" content=\"https:\/\/www.alldayled.com\/wp-content\/uploads\/2024\/05\/ADL00871-300x300.png\" \/>\n<meta name=\"twitter:label1\" content=\"Preis\" \/>\n\t<meta name=\"twitter:data1\" content=\"&euro;&nbsp;229,00\" \/>\n\t<meta name=\"twitter:label2\" content=\"Verf\u00fcgbarkeit\" \/>\n\t<meta name=\"twitter:data2\" content=\"Auf Lager\" \/>\n<script type=\"application\/ld+json\" class=\"yoast-schema-graph\">{\"@context\":\"https:\/\/schema.org\",\"@graph\":[{\"@type\":\"WebPage\",\"@id\":\"https:\/\/www.alldayled.com\/de\/produkt\/was-w116-full-led-verstraler-streep\/\",\"url\":\"https:\/\/www.alldayled.com\/de\/produkt\/was-w116-full-led-verstraler-streep\/\",\"name\":\"WA\u015a W116 Scheinwerfer STREEP - All Day Led - f\u00fcr 12&24 volt\",\"isPartOf\":{\"@id\":\"https:\/\/www.alldayled.com\/de\/#website\"},\"primaryImageOfPage\":{\"@id\":\"https:\/\/www.alldayled.com\/de\/produkt\/was-w116-full-led-verstraler-streep\/#primaryimage\"},\"image\":{\"@id\":\"https:\/\/www.alldayled.com\/de\/produkt\/was-w116-full-led-verstraler-streep\/#primaryimage\"},\"thumbnailUrl\":\"https:\/\/www.alldayled.com\/wp-content\/uploads\/2023\/01\/ADL00871..png\",\"datePublished\":\"2023-01-30T15:04:11+00:00\",\"description\":\"WA\u015a W116 Scheinwerfer STREEP - f\u00fcr 12&24 volt - 3200 Lumen! - mit Positionsleuchte - mit ECE R112 & ECE R7 - Full LED Scheinwerfer 50W\",\"breadcrumb\":{\"@id\":\"https:\/\/www.alldayled.com\/de\/produkt\/was-w116-full-led-verstraler-streep\/#breadcrumb\"},\"inLanguage\":\"de\",\"potentialAction\":[{\"@type\":\"ReadAction\",\"target\":[\"https:\/\/www.alldayled.com\/de\/produkt\/was-w116-full-led-verstraler-streep\/\"]}]},{\"@type\":\"ImageObject\",\"inLanguage\":\"de\",\"@id\":\"https:\/\/www.alldayled.com\/de\/produkt\/was-w116-full-led-verstraler-streep\/#primaryimage\",\"url\":\"https:\/\/www.alldayled.com\/wp-content\/uploads\/2023\/01\/ADL00871..png\",\"contentUrl\":\"https:\/\/www.alldayled.com\/wp-content\/uploads\/2023\/01\/ADL00871..png\",\"width\":800,\"height\":600,\"caption\":\"WA\u015a W116 Full LED Scheinwerfer mit LED Positionsleuchte STREEP f\u00fcr 12 &amp; 24 Volt Betrieb - EAN: 5903098122553\"},{\"@type\":\"BreadcrumbList\",\"@id\":\"https:\/\/www.alldayled.com\/de\/produkt\/was-w116-full-led-verstraler-streep\/#breadcrumb\",\"itemListElement\":[{\"@type\":\"ListItem\",\"position\":1,\"name\":\"Home\",\"item\":\"https:\/\/www.alldayled.com\/de\/\"},{\"@type\":\"ListItem\",\"position\":2,\"name\":\"Shop\",\"item\":\"https:\/\/www.alldayled.com\/de\/shop\/\"},{\"@type\":\"ListItem\",\"position\":3,\"name\":\"Scheinwerfer\",\"item\":\"https:\/\/www.alldayled.com\/de\/produkt-kategorie\/scheinwerfer\/\"},{\"@type\":\"ListItem\",\"position\":4,\"name\":\"Scheinwerfer rund\",\"item\":\"https:\/\/www.alldayled.com\/de\/produkt-kategorie\/scheinwerfer\/verstraler-rond\/\"},{\"@type\":\"ListItem\",\"position\":5,\"name\":\"WA\u015a W116 Scheinwerfer &#8211; Streifen\"}]},{\"@type\":\"WebSite\",\"@id\":\"https:\/\/www.alldayled.com\/de\/#website\",\"url\":\"https:\/\/www.alldayled.com\/de\/\",\"name\":\"All Day Led\",\"description\":\"Verlichting voor 12&amp;24 volt gebruik\",\"publisher\":{\"@id\":\"https:\/\/www.alldayled.com\/de\/#organization\"},\"potentialAction\":[{\"@type\":\"SearchAction\",\"target\":{\"@type\":\"EntryPoint\",\"urlTemplate\":\"https:\/\/www.alldayled.com\/de\/?s={search_term_string}\"},\"query-input\":{\"@type\":\"PropertyValueSpecification\",\"valueRequired\":true,\"valueName\":\"search_term_string\"}}],\"inLanguage\":\"de\"},{\"@type\":\"Organization\",\"@id\":\"https:\/\/www.alldayled.com\/de\/#organization\",\"name\":\"All Day Led\",\"url\":\"https:\/\/www.alldayled.com\/de\/\",\"logo\":{\"@type\":\"ImageObject\",\"inLanguage\":\"de\",\"@id\":\"https:\/\/www.alldayled.com\/de\/#\/schema\/logo\/image\/\",\"url\":\"https:\/\/www.alldayled.com\/wp-content\/uploads\/2025\/10\/Logo-ALL-DAY-LED-800x800-zwart-witte-letters.png\",\"contentUrl\":\"https:\/\/www.alldayled.com\/wp-content\/uploads\/2025\/10\/Logo-ALL-DAY-LED-800x800-zwart-witte-letters.png\",\"width\":800,\"height\":800,\"caption\":\"All Day Led\"},\"image\":{\"@id\":\"https:\/\/www.alldayled.com\/de\/#\/schema\/logo\/image\/\"},\"sameAs\":[\"https:\/\/www.facebook.com\/alldayled\/\",\"https:\/\/www.instagram.com\/alldayled\/\"],\"vatID\":\"NL863960133B01\",\"taxID\":\"86416545\"}]}<\/script>\n<meta property=\"product:brand\" content=\"WA\u015a\" \/>\n<meta property=\"product:price:amount\" content=\"229.00\" \/>\n<meta property=\"product:price:currency\" content=\"EUR\" \/>\n<meta property=\"og:availability\" content=\"instock\" \/>\n<meta property=\"product:availability\" content=\"instock\" \/>\n<meta property=\"product:retailer_item_id\" content=\"ADL00871\" \/>\n<meta property=\"product:condition\" content=\"new\" \/>\n<!-- \/ Yoast SEO Premium plugin. -->","yoast_head_json":{"title":"WA\u015a W116 Scheinwerfer STREEP - All Day Led - f\u00fcr 12&24 volt","description":"WA\u015a W116 Scheinwerfer STREEP - f\u00fcr 12&24 volt - 3200 Lumen! - mit Positionsleuchte - mit ECE R112 & ECE R7 - Full LED Scheinwerfer 50W","robots":{"index":"index","follow":"follow","max-snippet":"max-snippet:-1","max-image-preview":"max-image-preview:large","max-video-preview":"max-video-preview:-1"},"canonical":"https:\/\/www.alldayled.com\/de\/produkt\/was-w116-full-led-verstraler-streep\/","og_locale":"de_DE","og_type":"article","og_title":"WA\u015a W116 Scheinwerfer STREEP - All Day Led - f\u00fcr 12&24 volt","og_description":"WA\u015a W116 Scheinwerfer STREEP - f\u00fcr 12&24 volt - 3200 Lumen! - mit Positionsleuchte - mit ECE R112 & ECE R7 - Full LED Scheinwerfer 50W","og_url":"https:\/\/www.alldayled.com\/de\/produkt\/was-w116-full-led-verstraler-streep\/","og_site_name":"All Day Led","article_publisher":"https:\/\/www.facebook.com\/alldayled\/","og_image":[{"url":"https:\/\/www.alldayled.com\/wp-content\/uploads\/2024\/05\/ADL00871-300x300.png","type":"","width":"","height":""}],"twitter_misc":{"Preis":"&euro;&nbsp;229,00","Verf\u00fcgbarkeit":"Auf Lager"},"schema":{"@context":"https:\/\/schema.org","@graph":[{"@type":"WebPage","@id":"https:\/\/www.alldayled.com\/de\/produkt\/was-w116-full-led-verstraler-streep\/","url":"https:\/\/www.alldayled.com\/de\/produkt\/was-w116-full-led-verstraler-streep\/","name":"WA\u015a W116 Scheinwerfer STREEP - All Day Led - f\u00fcr 12&24 volt","isPartOf":{"@id":"https:\/\/www.alldayled.com\/de\/#website"},"primaryImageOfPage":{"@id":"https:\/\/www.alldayled.com\/de\/produkt\/was-w116-full-led-verstraler-streep\/#primaryimage"},"image":{"@id":"https:\/\/www.alldayled.com\/de\/produkt\/was-w116-full-led-verstraler-streep\/#primaryimage"},"thumbnailUrl":"https:\/\/www.alldayled.com\/wp-content\/uploads\/2023\/01\/ADL00871..png","datePublished":"2023-01-30T15:04:11+00:00","description":"WA\u015a W116 Scheinwerfer STREEP - f\u00fcr 12&24 volt - 3200 Lumen! - mit Positionsleuchte - mit ECE R112 & ECE R7 - Full LED Scheinwerfer 50W","breadcrumb":{"@id":"https:\/\/www.alldayled.com\/de\/produkt\/was-w116-full-led-verstraler-streep\/#breadcrumb"},"inLanguage":"de","potentialAction":[{"@type":"ReadAction","target":["https:\/\/www.alldayled.com\/de\/produkt\/was-w116-full-led-verstraler-streep\/"]}]},{"@type":"ImageObject","inLanguage":"de","@id":"https:\/\/www.alldayled.com\/de\/produkt\/was-w116-full-led-verstraler-streep\/#primaryimage","url":"https:\/\/www.alldayled.com\/wp-content\/uploads\/2023\/01\/ADL00871..png","contentUrl":"https:\/\/www.alldayled.com\/wp-content\/uploads\/2023\/01\/ADL00871..png","width":800,"height":600,"caption":"WA\u015a W116 Full LED Scheinwerfer mit LED Positionsleuchte STREEP f\u00fcr 12 &amp; 24 Volt Betrieb - EAN: 5903098122553"},{"@type":"BreadcrumbList","@id":"https:\/\/www.alldayled.com\/de\/produkt\/was-w116-full-led-verstraler-streep\/#breadcrumb","itemListElement":[{"@type":"ListItem","position":1,"name":"Home","item":"https:\/\/www.alldayled.com\/de\/"},{"@type":"ListItem","position":2,"name":"Shop","item":"https:\/\/www.alldayled.com\/de\/shop\/"},{"@type":"ListItem","position":3,"name":"Scheinwerfer","item":"https:\/\/www.alldayled.com\/de\/produkt-kategorie\/scheinwerfer\/"},{"@type":"ListItem","position":4,"name":"Scheinwerfer rund","item":"https:\/\/www.alldayled.com\/de\/produkt-kategorie\/scheinwerfer\/verstraler-rond\/"},{"@type":"ListItem","position":5,"name":"WA\u015a W116 Scheinwerfer &#8211; Streifen"}]},{"@type":"WebSite","@id":"https:\/\/www.alldayled.com\/de\/#website","url":"https:\/\/www.alldayled.com\/de\/","name":"All Day Led","description":"Verlichting voor 12&amp;24 volt gebruik","publisher":{"@id":"https:\/\/www.alldayled.com\/de\/#organization"},"potentialAction":[{"@type":"SearchAction","target":{"@type":"EntryPoint","urlTemplate":"https:\/\/www.alldayled.com\/de\/?s={search_term_string}"},"query-input":{"@type":"PropertyValueSpecification","valueRequired":true,"valueName":"search_term_string"}}],"inLanguage":"de"},{"@type":"Organization","@id":"https:\/\/www.alldayled.com\/de\/#organization","name":"All Day Led","url":"https:\/\/www.alldayled.com\/de\/","logo":{"@type":"ImageObject","inLanguage":"de","@id":"https:\/\/www.alldayled.com\/de\/#\/schema\/logo\/image\/","url":"https:\/\/www.alldayled.com\/wp-content\/uploads\/2025\/10\/Logo-ALL-DAY-LED-800x800-zwart-witte-letters.png","contentUrl":"https:\/\/www.alldayled.com\/wp-content\/uploads\/2025\/10\/Logo-ALL-DAY-LED-800x800-zwart-witte-letters.png","width":800,"height":800,"caption":"All Day Led"},"image":{"@id":"https:\/\/www.alldayled.com\/de\/#\/schema\/logo\/image\/"},"sameAs":["https:\/\/www.facebook.com\/alldayled\/","https:\/\/www.instagram.com\/alldayled\/"],"vatID":"NL863960133B01","taxID":"86416545"}]},"product_brand":"WA\u015a","product_price_amount":"229.00","product_price_currency":"EUR","og_availability":"instock","product_availability":"instock","product_retailer_item_id":"ADL00871","product_condition":"new"},"_links":{"self":[{"href":"https:\/\/www.alldayled.com\/de\/wp-json\/wp\/v2\/product\/68335","targetHints":{"allow":["GET"]}}],"collection":[{"href":"https:\/\/www.alldayled.com\/de\/wp-json\/wp\/v2\/product"}],"about":[{"href":"https:\/\/www.alldayled.com\/de\/wp-json\/wp\/v2\/types\/product"}],"replies":[{"embeddable":true,"href":"https:\/\/www.alldayled.com\/de\/wp-json\/wp\/v2\/comments?post=68335"}],"wp:featuredmedia":[{"embeddable":true,"href":"https:\/\/www.alldayled.com\/de\/wp-json\/wp\/v2\/media\/23424"}],"wp:attachment":[{"href":"https:\/\/www.alldayled.com\/de\/wp-json\/wp\/v2\/media?parent=68335"}],"wp:term":[{"taxonomy":"product_brand","embeddable":true,"href":"https:\/\/www.alldayled.com\/de\/wp-json\/wp\/v2\/product_brand?post=68335"},{"taxonomy":"product_cat","embeddable":true,"href":"https:\/\/www.alldayled.com\/de\/wp-json\/wp\/v2\/product_cat?post=68335"},{"taxonomy":"product_tag","embeddable":true,"href":"https:\/\/www.alldayled.com\/de\/wp-json\/wp\/v2\/product_tag?post=68335"}],"curies":[{"name":"wp","href":"https:\/\/api.w.org\/{rel}","templated":true}]}}