{"id":68350,"date":"2021-01-01T12:15:23","date_gmt":"2021-01-01T11:15:23","guid":{"rendered":"https:\/\/www.alldayled.com\/product\/swedstuff-ldl-01-verstraler\/"},"modified":"2025-12-19T00:07:23","modified_gmt":"2025-12-18T23:07:23","slug":"swedstuff-ldl-01-verstraler","status":"publish","type":"product","link":"https:\/\/www.alldayled.com\/de\/produkt\/swedstuff-ldl-01-verstraler\/","title":{"rendered":"Swedstuff LDL-01 Scheinwerfer"},"content":{"rendered":"<p><span style=\"color: #000000;\"><strong>Swedstuff LDL-01 Full LED Scheinwerfer 9 Zoll, geeignet f\u00fcr 12 und 24 Volt Betrieb.<\/strong><\/span><\/p>\n<p><span style=\"color: #000000;\">Bist du auf der Suche nach einem gro\u00dfen, runden 9 Zoll Full LED Scheinwerfer? Und m\u00f6chtest du, dass er ein farbwechselndes Standlicht (Orange\/Wei\u00df) hat? Dann ist der Swedstuff LDL-01 vielleicht die Lampe, die du suchst. Dieser LED Scheinwerfer hat 8 helle LEDs und eine Lichtleistung von satten 12.000 Lumen! So bist du sicher, dass du sowohl tags\u00fcber als auch abends gut sichtbar bist. Der LDL-01 arbeitet mit 12 und 24 Volt, sodass du ihn zum Beispiel an deinem Auto, LKW, Traktor, Wohnmobil oder einem anderen Fahrzeug montieren kannst.     <\/span><\/p>\n<p><span style=\"color: #000000;\">Um sicherzustellen, dass der Swedstuff LDL-01 f\u00fcr dein Fahrzeug geeignet ist, haben wir dir hier die wichtigsten Spezifikationen aufgelistet. Der Full LED Scheinwerfer hat das ECE R10 Pr\u00fcfzeichen, wodurch er w\u00e4hrend des Betriebs keine St\u00f6rungen, zum Beispiel an deinem Radio, verursacht. Zudem ist die Lampe mit dem IP68 und IP69K Pr\u00fcfzeichen versehen, was bedeutet, dass sie vollst\u00e4ndig staub- und wasserdicht ist. Der Scheinwerfer wird mit Edelstahl-Befestigungsmaterial und einem DT-4 Anschlusskabel geliefert, damit du ihn sofort montieren kannst.   <\/span><\/p>\n<h5><span style=\"color: #000000;\"><strong>Abmessungen:<\/strong><\/span><\/h5>\n<p><span style=\"color: #000000;\">Um sicherzustellen, dass du diesen runden Full LED Scheinwerfer der Marke Swedstuff an deinem Auto oder LKW montieren kannst, haben wir hier die Abmessungen notiert:<\/span><\/p>\n<ul>\n<li><span style=\"color: #000000;\">H\u00f6he: 218 mm (232 inkl. Halterung)<\/span><\/li>\n<li><span style=\"color: #000000;\">Diameter: 218 mm<\/span><\/li>\n<li><span style=\"color: #000000;\">Tiefe: 84 mm<\/span><\/li>\n<\/ul>\n<h5><span style=\"color: #000000;\"><strong>Andere Versionen: <\/strong><\/span><\/h5>\n<p><span style=\"color: #000000;\">M\u00f6chtest du einen Full LED Scheinwerfer kaufen, aber die LDL-01 Ausf\u00fchrung der Marke Swedstuff ist nicht das, was du suchst? Dann wisse, dass dieser Scheinwerfer der Marke Swedstuff auch in den folgenden Ausf\u00fchrungen erh\u00e4ltlich ist:  <\/span><\/p>\n<ul>\n<li><span style=\"color: #000000;\"><a style=\"color: #000000;\" href=\"https:\/\/www.alldayled.com\/de\/produkt\/swedstuff-ldl-03-verstraler\/\"><strong>Swedstuff LDL-03 &#8211; rund<\/strong><\/a><\/span><\/li>\n<\/ul>\n<p><span style=\"color: #000000;\">Bist du dennoch der Meinung, dass der LDL-01 LED Scheinwerfer nicht das ist, was du suchst? Einfach weil die Lichtleistung, Wattzahl oder Form nicht deinen W\u00fcnschen entspricht? Dann wirf doch einen Blick auf unsere Seite <a style=\"color: #000000;\" href=\"https:\/\/www.alldayled.com\/de\/produkt-kategorie\/scheinwerfer\/\">Scheinwerfer<\/a>. Vielleicht findest du hier das Lampenmodell, nach dem du suchst.   <\/span><\/p>\n","protected":false},"excerpt":{"rendered":"<p>Mit seinen 9 Zoll und orange\/wei\u00dfem Standlicht ist dieser Swedstuff Scheinwerfer ein stilvoller Anblick!<\/p>\n","protected":false},"featured_media":18417,"comment_status":"open","ping_status":"closed","template":"","meta":{"_acf_changed":false},"product_brand":[6601],"product_cat":[5384],"product_tag":[9075,9079,9077,9078,9076,9074,9276],"class_list":{"0":"post-68350","1":"product","2":"type-product","3":"status-publish","4":"has-post-thumbnail","6":"product_brand-product-swedstuff","7":"product_cat-verstraler-rond","8":"product_tag-led-scheinwerfer-auto","9":"product_tag-led-scheinwerfer-lkw","10":"product_tag-led-scheinwerfer-tonabnehmer","11":"product_tag-led-scheinwerfer-traktor","12":"product_tag-led-scheinwerfer-wohnmobil","13":"product_tag-scheinwerfer-mit-stadtlicht","14":"product_tag-swedstuff-led-beleuchtung","16":"first","17":"instock","18":"taxable","19":"shipping-taxable","20":"purchasable","21":"product-type-simple"},"acf":[],"yoast_head":"<!-- This site is optimized with the Yoast SEO Premium plugin v26.5 (Yoast SEO v27.1.1) - https:\/\/yoast.com\/product\/yoast-seo-premium-wordpress\/ -->\n<title>Swedstuff LDL-01 Scheinwerfer - All Day Led - f\u00fcr 12&amp;24V<\/title>\n<meta name=\"description\" content=\"Swedstuff LDL-01 full LED Scheinwerfer - f\u00fcr 1224 volt - get\u00f6ntes Glas - 12.000 Lumen! - 1 LUX auf 469 Meter - mit ECE R112 ECE R7\" \/>\n<meta name=\"robots\" content=\"index, follow, max-snippet:-1, max-image-preview:large, max-video-preview:-1\" \/>\n<link rel=\"canonical\" href=\"https:\/\/www.alldayled.com\/de\/produkt\/swedstuff-ldl-01-verstraler\/\" \/>\n<meta property=\"og:locale\" content=\"de_DE\" \/>\n<meta property=\"og:type\" content=\"article\" \/>\n<meta property=\"og:title\" content=\"Swedstuff LDL-01 Scheinwerfer - All Day Led - Beleuchtung f\u00fcr 1224V\" \/>\n<meta property=\"og:description\" content=\"Swedstuff LDL-01 full LED Scheinwerfer - f\u00fcr 1224 volt - get\u00f6ntes Glas - 12.000 Lumen! - 1 LUX auf 469 Meter - mit ECE R112 ECE R7\" \/>\n<meta property=\"og:url\" content=\"https:\/\/www.alldayled.com\/de\/produkt\/swedstuff-ldl-01-verstraler\/\" \/>\n<meta property=\"og:site_name\" content=\"All Day Led\" \/>\n<meta property=\"article:publisher\" content=\"https:\/\/www.facebook.com\/alldayled\/\" \/>\n<meta property=\"article:modified_time\" content=\"2025-12-18T23:07:23+00:00\" \/>\n<meta property=\"og:image\" content=\"https:\/\/www.alldayled.com\/wp-content\/uploads\/2021\/01\/ADL70787-3-300x300.png\" \/>\n<meta name=\"twitter:label1\" content=\"Preis\" \/>\n\t<meta name=\"twitter:data1\" content=\"&euro;&nbsp;169,00\" \/>\n\t<meta name=\"twitter:label2\" content=\"Verf\u00fcgbarkeit\" \/>\n\t<meta name=\"twitter:data2\" content=\"Auf Lager\" \/>\n<script type=\"application\/ld+json\" class=\"yoast-schema-graph\">{\"@context\":\"https:\/\/schema.org\",\"@graph\":[{\"@type\":\"WebPage\",\"@id\":\"https:\/\/www.alldayled.com\/de\/produkt\/swedstuff-ldl-01-verstraler\/\",\"url\":\"https:\/\/www.alldayled.com\/de\/produkt\/swedstuff-ldl-01-verstraler\/\",\"name\":\"Swedstuff LDL-01 Scheinwerfer - All Day Led - f\u00fcr 12&24V\",\"isPartOf\":{\"@id\":\"https:\/\/www.alldayled.com\/de\/#website\"},\"primaryImageOfPage\":{\"@id\":\"https:\/\/www.alldayled.com\/de\/produkt\/swedstuff-ldl-01-verstraler\/#primaryimage\"},\"image\":{\"@id\":\"https:\/\/www.alldayled.com\/de\/produkt\/swedstuff-ldl-01-verstraler\/#primaryimage\"},\"thumbnailUrl\":\"https:\/\/www.alldayled.com\/wp-content\/uploads\/2021\/01\/ADL70787.png\",\"datePublished\":\"2021-01-01T11:15:23+00:00\",\"dateModified\":\"2025-12-18T23:07:23+00:00\",\"description\":\"Swedstuff LDL-01 full LED Scheinwerfer - f\u00fcr 1224 volt - get\u00f6ntes Glas - 12.000 Lumen! - 1 LUX auf 469 Meter - mit ECE R112 ECE R7\",\"breadcrumb\":{\"@id\":\"https:\/\/www.alldayled.com\/de\/produkt\/swedstuff-ldl-01-verstraler\/#breadcrumb\"},\"inLanguage\":\"de\",\"potentialAction\":[{\"@type\":\"ReadAction\",\"target\":[\"https:\/\/www.alldayled.com\/de\/produkt\/swedstuff-ldl-01-verstraler\/\"]}]},{\"@type\":\"ImageObject\",\"inLanguage\":\"de\",\"@id\":\"https:\/\/www.alldayled.com\/de\/produkt\/swedstuff-ldl-01-verstraler\/#primaryimage\",\"url\":\"https:\/\/www.alldayled.com\/wp-content\/uploads\/2021\/01\/ADL70787.png\",\"contentUrl\":\"https:\/\/www.alldayled.com\/wp-content\/uploads\/2021\/01\/ADL70787.png\",\"width\":800,\"height\":600,\"caption\":\"Swedstuff LDL-01 Full LED Scheinwerfer f\u00fcr 12 und 24 Volt Betrieb - EAN: 7323030185404\"},{\"@type\":\"BreadcrumbList\",\"@id\":\"https:\/\/www.alldayled.com\/de\/produkt\/swedstuff-ldl-01-verstraler\/#breadcrumb\",\"itemListElement\":[{\"@type\":\"ListItem\",\"position\":1,\"name\":\"Home\",\"item\":\"https:\/\/www.alldayled.com\/de\/\"},{\"@type\":\"ListItem\",\"position\":2,\"name\":\"Shop\",\"item\":\"https:\/\/www.alldayled.com\/de\/shop\/\"},{\"@type\":\"ListItem\",\"position\":3,\"name\":\"Scheinwerfer\",\"item\":\"https:\/\/www.alldayled.com\/de\/produkt-kategorie\/scheinwerfer\/\"},{\"@type\":\"ListItem\",\"position\":4,\"name\":\"Scheinwerfer rund\",\"item\":\"https:\/\/www.alldayled.com\/de\/produkt-kategorie\/scheinwerfer\/verstraler-rond\/\"},{\"@type\":\"ListItem\",\"position\":5,\"name\":\"Swedstuff LDL-01 Scheinwerfer\"}]},{\"@type\":\"WebSite\",\"@id\":\"https:\/\/www.alldayled.com\/de\/#website\",\"url\":\"https:\/\/www.alldayled.com\/de\/\",\"name\":\"All Day Led\",\"description\":\"Verlichting voor 12&amp;24 volt gebruik\",\"publisher\":{\"@id\":\"https:\/\/www.alldayled.com\/de\/#organization\"},\"potentialAction\":[{\"@type\":\"SearchAction\",\"target\":{\"@type\":\"EntryPoint\",\"urlTemplate\":\"https:\/\/www.alldayled.com\/de\/?s={search_term_string}\"},\"query-input\":{\"@type\":\"PropertyValueSpecification\",\"valueRequired\":true,\"valueName\":\"search_term_string\"}}],\"inLanguage\":\"de\"},{\"@type\":\"Organization\",\"@id\":\"https:\/\/www.alldayled.com\/de\/#organization\",\"name\":\"All Day Led\",\"url\":\"https:\/\/www.alldayled.com\/de\/\",\"logo\":{\"@type\":\"ImageObject\",\"inLanguage\":\"de\",\"@id\":\"https:\/\/www.alldayled.com\/de\/#\/schema\/logo\/image\/\",\"url\":\"https:\/\/www.alldayled.com\/wp-content\/uploads\/2025\/10\/Logo-ALL-DAY-LED-800x800-zwart-witte-letters.png\",\"contentUrl\":\"https:\/\/www.alldayled.com\/wp-content\/uploads\/2025\/10\/Logo-ALL-DAY-LED-800x800-zwart-witte-letters.png\",\"width\":800,\"height\":800,\"caption\":\"All Day Led\"},\"image\":{\"@id\":\"https:\/\/www.alldayled.com\/de\/#\/schema\/logo\/image\/\"},\"sameAs\":[\"https:\/\/www.facebook.com\/alldayled\/\",\"https:\/\/www.instagram.com\/alldayled\/\"],\"vatID\":\"NL863960133B01\",\"taxID\":\"86416545\"}]}<\/script>\n<meta property=\"product:brand\" content=\"Swedstuff\" \/>\n<meta property=\"product:price:amount\" content=\"169.00\" \/>\n<meta property=\"product:price:currency\" content=\"EUR\" \/>\n<meta property=\"og:availability\" content=\"instock\" \/>\n<meta property=\"product:availability\" content=\"instock\" \/>\n<meta property=\"product:retailer_item_id\" content=\"ADL70787\" \/>\n<meta property=\"product:condition\" content=\"new\" \/>\n<!-- \/ Yoast SEO Premium plugin. -->","yoast_head_json":{"title":"Swedstuff LDL-01 Scheinwerfer - All Day Led - f\u00fcr 12&24V","description":"Swedstuff LDL-01 full LED Scheinwerfer - f\u00fcr 1224 volt - get\u00f6ntes Glas - 12.000 Lumen! - 1 LUX auf 469 Meter - mit ECE R112 ECE R7","robots":{"index":"index","follow":"follow","max-snippet":"max-snippet:-1","max-image-preview":"max-image-preview:large","max-video-preview":"max-video-preview:-1"},"canonical":"https:\/\/www.alldayled.com\/de\/produkt\/swedstuff-ldl-01-verstraler\/","og_locale":"de_DE","og_type":"article","og_title":"Swedstuff LDL-01 Scheinwerfer - All Day Led - Beleuchtung f\u00fcr 1224V","og_description":"Swedstuff LDL-01 full LED Scheinwerfer - f\u00fcr 1224 volt - get\u00f6ntes Glas - 12.000 Lumen! - 1 LUX auf 469 Meter - mit ECE R112 ECE R7","og_url":"https:\/\/www.alldayled.com\/de\/produkt\/swedstuff-ldl-01-verstraler\/","og_site_name":"All Day Led","article_publisher":"https:\/\/www.facebook.com\/alldayled\/","article_modified_time":"2025-12-18T23:07:23+00:00","og_image":[{"url":"https:\/\/www.alldayled.com\/wp-content\/uploads\/2021\/01\/ADL70787-3-300x300.png","type":"","width":"","height":""}],"twitter_misc":{"Preis":"&euro;&nbsp;169,00","Verf\u00fcgbarkeit":"Auf Lager"},"schema":{"@context":"https:\/\/schema.org","@graph":[{"@type":"WebPage","@id":"https:\/\/www.alldayled.com\/de\/produkt\/swedstuff-ldl-01-verstraler\/","url":"https:\/\/www.alldayled.com\/de\/produkt\/swedstuff-ldl-01-verstraler\/","name":"Swedstuff LDL-01 Scheinwerfer - All Day Led - f\u00fcr 12&24V","isPartOf":{"@id":"https:\/\/www.alldayled.com\/de\/#website"},"primaryImageOfPage":{"@id":"https:\/\/www.alldayled.com\/de\/produkt\/swedstuff-ldl-01-verstraler\/#primaryimage"},"image":{"@id":"https:\/\/www.alldayled.com\/de\/produkt\/swedstuff-ldl-01-verstraler\/#primaryimage"},"thumbnailUrl":"https:\/\/www.alldayled.com\/wp-content\/uploads\/2021\/01\/ADL70787.png","datePublished":"2021-01-01T11:15:23+00:00","dateModified":"2025-12-18T23:07:23+00:00","description":"Swedstuff LDL-01 full LED Scheinwerfer - f\u00fcr 1224 volt - get\u00f6ntes Glas - 12.000 Lumen! - 1 LUX auf 469 Meter - mit ECE R112 ECE R7","breadcrumb":{"@id":"https:\/\/www.alldayled.com\/de\/produkt\/swedstuff-ldl-01-verstraler\/#breadcrumb"},"inLanguage":"de","potentialAction":[{"@type":"ReadAction","target":["https:\/\/www.alldayled.com\/de\/produkt\/swedstuff-ldl-01-verstraler\/"]}]},{"@type":"ImageObject","inLanguage":"de","@id":"https:\/\/www.alldayled.com\/de\/produkt\/swedstuff-ldl-01-verstraler\/#primaryimage","url":"https:\/\/www.alldayled.com\/wp-content\/uploads\/2021\/01\/ADL70787.png","contentUrl":"https:\/\/www.alldayled.com\/wp-content\/uploads\/2021\/01\/ADL70787.png","width":800,"height":600,"caption":"Swedstuff LDL-01 Full LED Scheinwerfer f\u00fcr 12 und 24 Volt Betrieb - EAN: 7323030185404"},{"@type":"BreadcrumbList","@id":"https:\/\/www.alldayled.com\/de\/produkt\/swedstuff-ldl-01-verstraler\/#breadcrumb","itemListElement":[{"@type":"ListItem","position":1,"name":"Home","item":"https:\/\/www.alldayled.com\/de\/"},{"@type":"ListItem","position":2,"name":"Shop","item":"https:\/\/www.alldayled.com\/de\/shop\/"},{"@type":"ListItem","position":3,"name":"Scheinwerfer","item":"https:\/\/www.alldayled.com\/de\/produkt-kategorie\/scheinwerfer\/"},{"@type":"ListItem","position":4,"name":"Scheinwerfer rund","item":"https:\/\/www.alldayled.com\/de\/produkt-kategorie\/scheinwerfer\/verstraler-rond\/"},{"@type":"ListItem","position":5,"name":"Swedstuff LDL-01 Scheinwerfer"}]},{"@type":"WebSite","@id":"https:\/\/www.alldayled.com\/de\/#website","url":"https:\/\/www.alldayled.com\/de\/","name":"All Day Led","description":"Verlichting voor 12&amp;24 volt gebruik","publisher":{"@id":"https:\/\/www.alldayled.com\/de\/#organization"},"potentialAction":[{"@type":"SearchAction","target":{"@type":"EntryPoint","urlTemplate":"https:\/\/www.alldayled.com\/de\/?s={search_term_string}"},"query-input":{"@type":"PropertyValueSpecification","valueRequired":true,"valueName":"search_term_string"}}],"inLanguage":"de"},{"@type":"Organization","@id":"https:\/\/www.alldayled.com\/de\/#organization","name":"All Day Led","url":"https:\/\/www.alldayled.com\/de\/","logo":{"@type":"ImageObject","inLanguage":"de","@id":"https:\/\/www.alldayled.com\/de\/#\/schema\/logo\/image\/","url":"https:\/\/www.alldayled.com\/wp-content\/uploads\/2025\/10\/Logo-ALL-DAY-LED-800x800-zwart-witte-letters.png","contentUrl":"https:\/\/www.alldayled.com\/wp-content\/uploads\/2025\/10\/Logo-ALL-DAY-LED-800x800-zwart-witte-letters.png","width":800,"height":800,"caption":"All Day Led"},"image":{"@id":"https:\/\/www.alldayled.com\/de\/#\/schema\/logo\/image\/"},"sameAs":["https:\/\/www.facebook.com\/alldayled\/","https:\/\/www.instagram.com\/alldayled\/"],"vatID":"NL863960133B01","taxID":"86416545"}]},"product_brand":"Swedstuff","product_price_amount":"169.00","product_price_currency":"EUR","og_availability":"instock","product_availability":"instock","product_retailer_item_id":"ADL70787","product_condition":"new"},"_links":{"self":[{"href":"https:\/\/www.alldayled.com\/de\/wp-json\/wp\/v2\/product\/68350","targetHints":{"allow":["GET"]}}],"collection":[{"href":"https:\/\/www.alldayled.com\/de\/wp-json\/wp\/v2\/product"}],"about":[{"href":"https:\/\/www.alldayled.com\/de\/wp-json\/wp\/v2\/types\/product"}],"replies":[{"embeddable":true,"href":"https:\/\/www.alldayled.com\/de\/wp-json\/wp\/v2\/comments?post=68350"}],"wp:featuredmedia":[{"embeddable":true,"href":"https:\/\/www.alldayled.com\/de\/wp-json\/wp\/v2\/media\/18417"}],"wp:attachment":[{"href":"https:\/\/www.alldayled.com\/de\/wp-json\/wp\/v2\/media?parent=68350"}],"wp:term":[{"taxonomy":"product_brand","embeddable":true,"href":"https:\/\/www.alldayled.com\/de\/wp-json\/wp\/v2\/product_brand?post=68350"},{"taxonomy":"product_cat","embeddable":true,"href":"https:\/\/www.alldayled.com\/de\/wp-json\/wp\/v2\/product_cat?post=68350"},{"taxonomy":"product_tag","embeddable":true,"href":"https:\/\/www.alldayled.com\/de\/wp-json\/wp\/v2\/product_tag?post=68350"}],"curies":[{"name":"wp","href":"https:\/\/api.w.org\/{rel}","templated":true}]}}