{"id":68357,"date":"2022-08-30T14:42:52","date_gmt":"2022-08-30T12:42:52","guid":{"rendered":"https:\/\/www.alldayled.com\/product\/dasteri-led-interieurlamp-wit\/"},"modified":"2025-12-18T10:49:11","modified_gmt":"2025-12-18T09:49:11","slug":"dasteri-led-interieurlamp-wit","status":"publish","type":"product","link":"https:\/\/www.alldayled.com\/de\/produkt\/dasteri-led-interieurlamp-wit\/","title":{"rendered":"Dasteri LED interior Lampe wei\u00df"},"content":{"rendered":"<p><span style=\"color: #000000;\"><strong>Dasteri LED interior Lampe wei\u00df, geeignet f\u00fcr 24 Volt Betrieb. <\/strong><\/span><\/p>\n<p><span style=\"color: #000000;\">Sind Sie auf der Suche nach einem sch\u00f6nen, hellen LED Spot f\u00fcr den LKW, der in der Farbe Wei\u00df leuchtet? Dann ist dieser LED Interieur Spot vielleicht die Lampe, die Sie suchen. Die LED Lampe ist mit insgesamt 18 LED\u2019s ausgestattet und hat eine Lichtleistung von sage und schreibe 240 Lumen! Dadurch k\u00f6nnen Sie sicher sein, dass Ihre LKW-Kabine wei\u00df beleuchtet wird. Die Dasteri LED interior Lampe ist nur f\u00fcr 24 Volt geeignet. Das bedeutet, dass Sie den LED Interieur Spot beispielsweise in Ihrem LKW verwenden k\u00f6nnen.      <\/span><\/p>\n<p><span style=\"color: #000000;\">Um sicherzustellen, dass die Dasteri LED interior Lampe wei\u00df f\u00fcr Ihren LKW geeignet ist, haben wir im Folgenden eine Reihe von Spezifikationen aufgef\u00fchrt. All dies, um deutlich zu machen, warum dies vielleicht der LED Spot ist, den Sie suchen. Die LED Interieur Lampe ist beispielsweise mit dem ECE R10-Pr\u00fcfzeichen versehen. Dieses Pr\u00fcfzeichen gibt an, dass die Lampe w\u00e4hrend der Aktivierung keine St\u00f6rungen beispielsweise des Funksignals verursacht. Die LED Lampe ist auch dimmbar, was die Lampe ideal f\u00fcr den Einsatz beispielsweise in einem LKW-Interieur macht.     <\/span><\/p>\n<h5><span style=\"color: #000000;\"><strong>Andere Farben:<\/strong><\/span><\/h5>\n<p><span style=\"color: #000000;\">Ist die Dasteri LED interior Lampe wei\u00df nach Ihren W\u00fcnschen, aber die Farbe ist nicht die, die Sie suchen? Oder m\u00f6chten Sie kein gro\u00dfes Loch f\u00fcr die Interieur Lampe machen? Dann sehen Sie sich hier die \u00fcbrigen Dasteri Artikel an.   <\/span><\/p>\n<ul>\n<li><span style=\"color: #000000;\"><a style=\"color: #000000;\" href=\"https:\/\/www.alldayled.com\/de\/produkt\/dasteri-led-interieurlamp-rood-24v\/\"><strong>Dasteri LED Spot rot<\/strong><\/a><\/span><\/li>\n<li><span style=\"color: #000000;\"><a style=\"color: #000000;\" href=\"https:\/\/www.alldayled.com\/de\/produkt\/dasteri-opbouwframe-interieurlamp\/\"><strong>Dasteri Rahmen grau<\/strong><\/a><\/span><\/li>\n<\/ul>\n<p><span style=\"color: #000000;\">Sind Sie letztendlich doch der Meinung, dass die Dasteri LED interior Lampe wei\u00df nicht das ist, was Sie suchen? Einfach, weil die Farbe oder Form nicht Ihren W\u00fcnschen entspricht? Dann werfen Sie auch einen Blick auf unsere Seite <a style=\"color: #000000;\" href=\"\/?product_cat=inbouw-verlichting\">Einbauleuchten<\/a>. Vielleicht finden Sie hier das Lampenmodell, das Sie suchen!   <\/span><\/p>\n","protected":false},"excerpt":{"rendered":"<p>Dasteri LED interior Lampe wei\u00df mit 18 LED&#8217;s, geeignet f\u00fcr 24 Volt.<\/p>\n","protected":false},"featured_media":21864,"comment_status":"open","ping_status":"closed","template":"","meta":{"_acf_changed":false},"product_brand":[5617],"product_cat":[5395,5389],"product_tag":[9169,9186,9118,9581,9582],"class_list":{"0":"post-68357","1":"product","2":"type-product","3":"status-publish","4":"has-post-thumbnail","6":"product_brand-product-dasteri","7":"product_cat-beleuchtungswagen","8":"product_cat-inbouw-verlichting-24-volt","9":"product_tag-innenbeleuchtung-lkw","10":"product_tag-innenraumbeleuchtung","11":"product_tag-kabinenbeleuchtung","12":"product_tag-led-einbauspot","13":"product_tag-lkw","15":"first","16":"instock","17":"taxable","18":"shipping-taxable","19":"purchasable","20":"product-type-simple"},"acf":[],"yoast_head":"<!-- This site is optimized with the Yoast SEO Premium plugin v26.5 (Yoast SEO v27.1.1) - https:\/\/yoast.com\/product\/yoast-seo-premium-wordpress\/ -->\n<title>Dasteri LED interior Lampe wei\u00df - All Day Led - geeignet f\u00fcr 24V<\/title>\n<meta name=\"description\" content=\"Dasteri LED interior Lampe wei\u00df - wei\u00dfe Innenraumbeleuchtung f\u00fcr einen LKW - mit 18 LED&#039;s - DS-SL-2418 WHITE- Aufbaurahmen optional\" \/>\n<meta name=\"robots\" content=\"index, follow, max-snippet:-1, max-image-preview:large, max-video-preview:-1\" \/>\n<link rel=\"canonical\" href=\"https:\/\/www.alldayled.com\/de\/produkt\/dasteri-led-interieurlamp-wit\/\" \/>\n<meta property=\"og:locale\" content=\"de_DE\" \/>\n<meta property=\"og:type\" content=\"article\" \/>\n<meta property=\"og:title\" content=\"Dasteri LED interior Lampe wei\u00df - All Day Led - geeignet f\u00fcr 24V\" \/>\n<meta property=\"og:description\" content=\"Dasteri LED interior Lampe wei\u00df - wei\u00dfe Innenraumbeleuchtung f\u00fcr einen LKW - mit LED&#039;s - einfache Installation - Aufbaurahmen optional\" \/>\n<meta property=\"og:url\" content=\"https:\/\/www.alldayled.com\/de\/produkt\/dasteri-led-interieurlamp-wit\/\" \/>\n<meta property=\"og:site_name\" content=\"All Day Led\" \/>\n<meta property=\"article:publisher\" content=\"https:\/\/www.facebook.com\/alldayled\/\" \/>\n<meta property=\"article:modified_time\" content=\"2025-12-18T09:49:11+00:00\" \/>\n<meta property=\"og:image\" content=\"https:\/\/www.alldayled.com\/wp-content\/uploads\/2022\/08\/ADL50172-1.png\" \/>\n<meta name=\"twitter:label1\" content=\"Preis\" \/>\n\t<meta name=\"twitter:data1\" content=\"&euro;&nbsp;19,95\" \/>\n\t<meta name=\"twitter:label2\" content=\"Verf\u00fcgbarkeit\" \/>\n\t<meta name=\"twitter:data2\" content=\"Auf Lager\" \/>\n<script type=\"application\/ld+json\" class=\"yoast-schema-graph\">{\"@context\":\"https:\/\/schema.org\",\"@graph\":[{\"@type\":\"WebPage\",\"@id\":\"https:\/\/www.alldayled.com\/de\/produkt\/dasteri-led-interieurlamp-wit\/\",\"url\":\"https:\/\/www.alldayled.com\/de\/produkt\/dasteri-led-interieurlamp-wit\/\",\"name\":\"Dasteri LED interior Lampe wei\u00df - All Day Led - geeignet f\u00fcr 24V\",\"isPartOf\":{\"@id\":\"https:\/\/www.alldayled.com\/de\/#website\"},\"primaryImageOfPage\":{\"@id\":\"https:\/\/www.alldayled.com\/de\/produkt\/dasteri-led-interieurlamp-wit\/#primaryimage\"},\"image\":{\"@id\":\"https:\/\/www.alldayled.com\/de\/produkt\/dasteri-led-interieurlamp-wit\/#primaryimage\"},\"thumbnailUrl\":\"https:\/\/www.alldayled.com\/wp-content\/uploads\/2022\/08\/ADL50172.png\",\"datePublished\":\"2022-08-30T12:42:52+00:00\",\"dateModified\":\"2025-12-18T09:49:11+00:00\",\"description\":\"Dasteri LED interior Lampe wei\u00df - wei\u00dfe Innenraumbeleuchtung f\u00fcr einen LKW - mit 18 LED's - DS-SL-2418 WHITE- Aufbaurahmen optional\",\"breadcrumb\":{\"@id\":\"https:\/\/www.alldayled.com\/de\/produkt\/dasteri-led-interieurlamp-wit\/#breadcrumb\"},\"inLanguage\":\"de\",\"potentialAction\":[{\"@type\":\"ReadAction\",\"target\":[\"https:\/\/www.alldayled.com\/de\/produkt\/dasteri-led-interieurlamp-wit\/\"]}]},{\"@type\":\"ImageObject\",\"inLanguage\":\"de\",\"@id\":\"https:\/\/www.alldayled.com\/de\/produkt\/dasteri-led-interieurlamp-wit\/#primaryimage\",\"url\":\"https:\/\/www.alldayled.com\/wp-content\/uploads\/2022\/08\/ADL50172.png\",\"contentUrl\":\"https:\/\/www.alldayled.com\/wp-content\/uploads\/2022\/08\/ADL50172.png\",\"width\":800,\"height\":600,\"caption\":\"Dasteri LED interior Lampe wei\u00df - geeignet f\u00fcr 24 Volt Betrieb - Interieur Lampe LKW - LED Spot LKW Kabine - EAN: 6090545176111\"},{\"@type\":\"BreadcrumbList\",\"@id\":\"https:\/\/www.alldayled.com\/de\/produkt\/dasteri-led-interieurlamp-wit\/#breadcrumb\",\"itemListElement\":[{\"@type\":\"ListItem\",\"position\":1,\"name\":\"Home\",\"item\":\"https:\/\/www.alldayled.com\/de\/\"},{\"@type\":\"ListItem\",\"position\":2,\"name\":\"Shop\",\"item\":\"https:\/\/www.alldayled.com\/de\/shop\/\"},{\"@type\":\"ListItem\",\"position\":3,\"name\":\"Beleuchtung\",\"item\":\"https:\/\/www.alldayled.com\/de\/produkt-kategorie\/beleuchtung\/\"},{\"@type\":\"ListItem\",\"position\":4,\"name\":\"Beleuchtung 24 Volt\",\"item\":\"https:\/\/www.alldayled.com\/de\/produkt-kategorie\/beleuchtung\/verlichting-24-volt\/\"},{\"@type\":\"ListItem\",\"position\":5,\"name\":\"Einbauleuchten\",\"item\":\"https:\/\/www.alldayled.com\/de\/produkt-kategorie\/beleuchtung\/verlichting-24-volt\/inbouw-verlichting-24-volt\/\"},{\"@type\":\"ListItem\",\"position\":6,\"name\":\"Dasteri LED interior Lampe wei\u00df\"}]},{\"@type\":\"WebSite\",\"@id\":\"https:\/\/www.alldayled.com\/de\/#website\",\"url\":\"https:\/\/www.alldayled.com\/de\/\",\"name\":\"All Day Led\",\"description\":\"Verlichting voor 12&amp;24 volt gebruik\",\"publisher\":{\"@id\":\"https:\/\/www.alldayled.com\/de\/#organization\"},\"potentialAction\":[{\"@type\":\"SearchAction\",\"target\":{\"@type\":\"EntryPoint\",\"urlTemplate\":\"https:\/\/www.alldayled.com\/de\/?s={search_term_string}\"},\"query-input\":{\"@type\":\"PropertyValueSpecification\",\"valueRequired\":true,\"valueName\":\"search_term_string\"}}],\"inLanguage\":\"de\"},{\"@type\":\"Organization\",\"@id\":\"https:\/\/www.alldayled.com\/de\/#organization\",\"name\":\"All Day Led\",\"url\":\"https:\/\/www.alldayled.com\/de\/\",\"logo\":{\"@type\":\"ImageObject\",\"inLanguage\":\"de\",\"@id\":\"https:\/\/www.alldayled.com\/de\/#\/schema\/logo\/image\/\",\"url\":\"https:\/\/www.alldayled.com\/wp-content\/uploads\/2025\/10\/Logo-ALL-DAY-LED-800x800-zwart-witte-letters.png\",\"contentUrl\":\"https:\/\/www.alldayled.com\/wp-content\/uploads\/2025\/10\/Logo-ALL-DAY-LED-800x800-zwart-witte-letters.png\",\"width\":800,\"height\":800,\"caption\":\"All Day Led\"},\"image\":{\"@id\":\"https:\/\/www.alldayled.com\/de\/#\/schema\/logo\/image\/\"},\"sameAs\":[\"https:\/\/www.facebook.com\/alldayled\/\",\"https:\/\/www.instagram.com\/alldayled\/\"],\"vatID\":\"NL863960133B01\",\"taxID\":\"86416545\"}]}<\/script>\n<meta property=\"product:brand\" content=\"Dasteri\" \/>\n<meta property=\"product:price:amount\" content=\"19.95\" \/>\n<meta property=\"product:price:currency\" content=\"EUR\" \/>\n<meta property=\"og:availability\" content=\"instock\" \/>\n<meta property=\"product:availability\" content=\"instock\" \/>\n<meta property=\"product:retailer_item_id\" content=\"ADL50172\" \/>\n<meta property=\"product:condition\" content=\"new\" \/>\n<!-- \/ Yoast SEO Premium plugin. -->","yoast_head_json":{"title":"Dasteri LED interior Lampe wei\u00df - All Day Led - geeignet f\u00fcr 24V","description":"Dasteri LED interior Lampe wei\u00df - wei\u00dfe Innenraumbeleuchtung f\u00fcr einen LKW - mit 18 LED's - DS-SL-2418 WHITE- Aufbaurahmen optional","robots":{"index":"index","follow":"follow","max-snippet":"max-snippet:-1","max-image-preview":"max-image-preview:large","max-video-preview":"max-video-preview:-1"},"canonical":"https:\/\/www.alldayled.com\/de\/produkt\/dasteri-led-interieurlamp-wit\/","og_locale":"de_DE","og_type":"article","og_title":"Dasteri LED interior Lampe wei\u00df - All Day Led - geeignet f\u00fcr 24V","og_description":"Dasteri LED interior Lampe wei\u00df - wei\u00dfe Innenraumbeleuchtung f\u00fcr einen LKW - mit LED's - einfache Installation - Aufbaurahmen optional","og_url":"https:\/\/www.alldayled.com\/de\/produkt\/dasteri-led-interieurlamp-wit\/","og_site_name":"All Day Led","article_publisher":"https:\/\/www.facebook.com\/alldayled\/","article_modified_time":"2025-12-18T09:49:11+00:00","og_image":[{"url":"https:\/\/www.alldayled.com\/wp-content\/uploads\/2022\/08\/ADL50172-1.png","type":"","width":"","height":""}],"twitter_misc":{"Preis":"&euro;&nbsp;19,95","Verf\u00fcgbarkeit":"Auf Lager"},"schema":{"@context":"https:\/\/schema.org","@graph":[{"@type":"WebPage","@id":"https:\/\/www.alldayled.com\/de\/produkt\/dasteri-led-interieurlamp-wit\/","url":"https:\/\/www.alldayled.com\/de\/produkt\/dasteri-led-interieurlamp-wit\/","name":"Dasteri LED interior Lampe wei\u00df - All Day Led - geeignet f\u00fcr 24V","isPartOf":{"@id":"https:\/\/www.alldayled.com\/de\/#website"},"primaryImageOfPage":{"@id":"https:\/\/www.alldayled.com\/de\/produkt\/dasteri-led-interieurlamp-wit\/#primaryimage"},"image":{"@id":"https:\/\/www.alldayled.com\/de\/produkt\/dasteri-led-interieurlamp-wit\/#primaryimage"},"thumbnailUrl":"https:\/\/www.alldayled.com\/wp-content\/uploads\/2022\/08\/ADL50172.png","datePublished":"2022-08-30T12:42:52+00:00","dateModified":"2025-12-18T09:49:11+00:00","description":"Dasteri LED interior Lampe wei\u00df - wei\u00dfe Innenraumbeleuchtung f\u00fcr einen LKW - mit 18 LED's - DS-SL-2418 WHITE- Aufbaurahmen optional","breadcrumb":{"@id":"https:\/\/www.alldayled.com\/de\/produkt\/dasteri-led-interieurlamp-wit\/#breadcrumb"},"inLanguage":"de","potentialAction":[{"@type":"ReadAction","target":["https:\/\/www.alldayled.com\/de\/produkt\/dasteri-led-interieurlamp-wit\/"]}]},{"@type":"ImageObject","inLanguage":"de","@id":"https:\/\/www.alldayled.com\/de\/produkt\/dasteri-led-interieurlamp-wit\/#primaryimage","url":"https:\/\/www.alldayled.com\/wp-content\/uploads\/2022\/08\/ADL50172.png","contentUrl":"https:\/\/www.alldayled.com\/wp-content\/uploads\/2022\/08\/ADL50172.png","width":800,"height":600,"caption":"Dasteri LED interior Lampe wei\u00df - geeignet f\u00fcr 24 Volt Betrieb - Interieur Lampe LKW - LED Spot LKW Kabine - EAN: 6090545176111"},{"@type":"BreadcrumbList","@id":"https:\/\/www.alldayled.com\/de\/produkt\/dasteri-led-interieurlamp-wit\/#breadcrumb","itemListElement":[{"@type":"ListItem","position":1,"name":"Home","item":"https:\/\/www.alldayled.com\/de\/"},{"@type":"ListItem","position":2,"name":"Shop","item":"https:\/\/www.alldayled.com\/de\/shop\/"},{"@type":"ListItem","position":3,"name":"Beleuchtung","item":"https:\/\/www.alldayled.com\/de\/produkt-kategorie\/beleuchtung\/"},{"@type":"ListItem","position":4,"name":"Beleuchtung 24 Volt","item":"https:\/\/www.alldayled.com\/de\/produkt-kategorie\/beleuchtung\/verlichting-24-volt\/"},{"@type":"ListItem","position":5,"name":"Einbauleuchten","item":"https:\/\/www.alldayled.com\/de\/produkt-kategorie\/beleuchtung\/verlichting-24-volt\/inbouw-verlichting-24-volt\/"},{"@type":"ListItem","position":6,"name":"Dasteri LED interior Lampe wei\u00df"}]},{"@type":"WebSite","@id":"https:\/\/www.alldayled.com\/de\/#website","url":"https:\/\/www.alldayled.com\/de\/","name":"All Day Led","description":"Verlichting voor 12&amp;24 volt gebruik","publisher":{"@id":"https:\/\/www.alldayled.com\/de\/#organization"},"potentialAction":[{"@type":"SearchAction","target":{"@type":"EntryPoint","urlTemplate":"https:\/\/www.alldayled.com\/de\/?s={search_term_string}"},"query-input":{"@type":"PropertyValueSpecification","valueRequired":true,"valueName":"search_term_string"}}],"inLanguage":"de"},{"@type":"Organization","@id":"https:\/\/www.alldayled.com\/de\/#organization","name":"All Day Led","url":"https:\/\/www.alldayled.com\/de\/","logo":{"@type":"ImageObject","inLanguage":"de","@id":"https:\/\/www.alldayled.com\/de\/#\/schema\/logo\/image\/","url":"https:\/\/www.alldayled.com\/wp-content\/uploads\/2025\/10\/Logo-ALL-DAY-LED-800x800-zwart-witte-letters.png","contentUrl":"https:\/\/www.alldayled.com\/wp-content\/uploads\/2025\/10\/Logo-ALL-DAY-LED-800x800-zwart-witte-letters.png","width":800,"height":800,"caption":"All Day Led"},"image":{"@id":"https:\/\/www.alldayled.com\/de\/#\/schema\/logo\/image\/"},"sameAs":["https:\/\/www.facebook.com\/alldayled\/","https:\/\/www.instagram.com\/alldayled\/"],"vatID":"NL863960133B01","taxID":"86416545"}]},"product_brand":"Dasteri","product_price_amount":"19.95","product_price_currency":"EUR","og_availability":"instock","product_availability":"instock","product_retailer_item_id":"ADL50172","product_condition":"new"},"_links":{"self":[{"href":"https:\/\/www.alldayled.com\/de\/wp-json\/wp\/v2\/product\/68357","targetHints":{"allow":["GET"]}}],"collection":[{"href":"https:\/\/www.alldayled.com\/de\/wp-json\/wp\/v2\/product"}],"about":[{"href":"https:\/\/www.alldayled.com\/de\/wp-json\/wp\/v2\/types\/product"}],"replies":[{"embeddable":true,"href":"https:\/\/www.alldayled.com\/de\/wp-json\/wp\/v2\/comments?post=68357"}],"wp:featuredmedia":[{"embeddable":true,"href":"https:\/\/www.alldayled.com\/de\/wp-json\/wp\/v2\/media\/21864"}],"wp:attachment":[{"href":"https:\/\/www.alldayled.com\/de\/wp-json\/wp\/v2\/media?parent=68357"}],"wp:term":[{"taxonomy":"product_brand","embeddable":true,"href":"https:\/\/www.alldayled.com\/de\/wp-json\/wp\/v2\/product_brand?post=68357"},{"taxonomy":"product_cat","embeddable":true,"href":"https:\/\/www.alldayled.com\/de\/wp-json\/wp\/v2\/product_cat?post=68357"},{"taxonomy":"product_tag","embeddable":true,"href":"https:\/\/www.alldayled.com\/de\/wp-json\/wp\/v2\/product_tag?post=68357"}],"curies":[{"name":"wp","href":"https:\/\/api.w.org\/{rel}","templated":true}]}}