{"id":68369,"date":"2020-03-26T16:23:46","date_gmt":"2020-03-26T15:23:46","guid":{"rendered":"https:\/\/www.alldayled.com\/product\/ba15s-led-wit-19smd\/"},"modified":"2025-12-19T17:52:05","modified_gmt":"2025-12-19T16:52:05","slug":"ba15s-led-wit-19smd","status":"publish","type":"product","link":"https:\/\/www.alldayled.com\/de\/produkt\/ba15s-led-wit-19smd\/","title":{"rendered":"BA15S LED Lampe 19SMD 24 volt wei\u00df &#8211; 2 St\u00fcck"},"content":{"rendered":"<p><span style=\"color: #000000;\"><strong>BA15S LED Lampe wei\u00df mit 19-SMD, geeignet f\u00fcr 24-Volt-Betrieb. <\/strong><\/span><\/p>\n<p><span style=\"color: #000000;\">Sind Sie auf der Suche nach einer LED Lampe, die Sie gegen Ihre originale BA15S Halogenlampe austauschen k\u00f6nnen? Dann ist diese wei\u00dfe BA15S LED Lampe vielleicht genau das, was Sie suchen. Die Lampe hat 19 helle LEDs, die nach vorne leuchten. Sie erhalten sie im Set von 2 St\u00fcck. Die Lichtleistung ist vergleichbar mit einer 21W Halogenlampe. Die BA15S LED Lampe wei\u00df arbeitet mit 24 Volt, sodass Sie sie beispielsweise in Ihrem LKW, Wohnmobil oder Anh\u00e4nger verwenden k\u00f6nnen. Bitte beachten Sie: Die Original-Lampe muss mit Abbildung 3 \u00fcbereinstimmen. Andernfalls passt die Lampe nicht.       <\/span><\/p>\n<p><span style=\"color: #000000;\">Die BA15S LED Lampe wei\u00df ist mit dem ECE R10-Pr\u00fcfzeichen versehen, sodass sie beispielsweise Ihr Funksignal nicht st\u00f6rt. Die Lampe kann bis zu 32 Volt vertragen, wodurch sie vor Spannungsspitzen beim Starten Ihres Fahrzeugs gesch\u00fctzt ist. Kurz gesagt, eine zuverl\u00e4ssige und helle LED-Ersatzlampe f\u00fcr Ihren LKW, Ihr Wohnmobil oder Ihren Anh\u00e4nger.  <\/span><\/p>\n<h5><span style=\"color: #000000;\"><strong>Abmessungen:<\/strong><\/span><\/h5>\n<p><span style=\"color: #000000;\">Um sicherzustellen, dass Sie die BA15S LED Lampe wei\u00df dort montieren k\u00f6nnen, wo Sie m\u00f6chten, haben wir die Abmessungen unten notiert. Die Abmessungen dieser wei\u00dfen LED Lampe mit Bajonettanschluss sind wie folgt: <\/span><\/p>\n<ul>\n<li><span style=\"color: #000000;\">L\u00e4nge: 44 mm <\/span><\/li>\n<li><span style=\"color: #000000;\">Breite oben: 26 mm<\/span><\/li>\n<li><span style=\"color: #000000;\">Breite unten: 15 mm<\/span><\/li>\n<\/ul>\n<p><span style=\"color: #000000;\"><em>Achtung, diese LED Lampen sind nicht CAN-Bus-f\u00e4hig. Dies bedeutet, dass diese Lampe eine Meldung \u00fcber eine defekte Lampe auf Ihrem Armaturenbrett ausgeben kann. Dies gilt haupts\u00e4chlich f\u00fcr neuere Automodelle, LKWs sind hiervon oft ausgeschlossen. Auch zus\u00e4tzliche Lampen wie Fernscheinwerfer oder Skylights sind vom CAN-Bus-System ausgeschlossen.    <\/em><\/span><\/p>\n<h5><span style=\"color: #000000;\"><strong>Andere Farben:<\/strong><\/span><\/h5>\n<p><span style=\"color: #000000;\">Sind Sie auf der Suche nach einer P21W LED Lampe, aber die BA15S LED Lampe rot mit 19SMD ist nicht die Farbe, die Sie suchen? Beachten Sie, dass die LED Lampe mit Bajonettanschluss auch in den folgenden Farben erh\u00e4ltlich ist: <\/span><\/p>\n<ul>\n<li><span style=\"color: #000000;\"><a style=\"color: #000000;\" href=\"https:\/\/www.alldayled.com\/de\/produkt\/ba15s-led-rood-19smd-24v\/\"><strong>BA15S LED Lampe rot &#8211; 19 SMD<\/strong><\/a><\/span><\/li>\n<\/ul>\n<h5><span style=\"color: #000000;\"><strong>Warum hat diese BA15S LED Lampe kein E-Pr\u00fcfzeichen:<\/strong><\/span><\/h5>\n<p><span style=\"color: #000000;\">Ersatzlampen m\u00fcssen europ\u00e4ischen Normen f\u00fcr Sicherheit, Wasserdichtigkeit und Kurzschlussvermeidung (ECE R37) entsprechen. Diese Normen basieren auf den alten Gl\u00fch- und Halogenlampen. LED-Ersatzlampen k\u00f6nnen diesen nicht entsprechen, da sie keinen Gl\u00fchfaden haben. Daher erh\u00e4lt diese LED Lampe nicht das ECE R37 Pr\u00fcfzeichen und darf offiziell nicht im \u00f6ffentlichen Stra\u00dfenverkehr verwendet werden. Du kannst diese BA15S LED Lampe jedoch sicher auf deinem eigenen Gel\u00e4nde oder zum Beispiel im Rennsport verwenden. So holst du das Maximum aus der Lampe heraus, ohne dass es rechtliche Probleme gibt.     <\/span><\/p>\n","protected":false},"excerpt":{"rendered":"<p>BA15S LED Lampenset wei\u00df mit 19 LED-Punkten. Geeignet f\u00fcr 24 Volt. <\/p>\n","protected":false},"featured_media":38054,"comment_status":"open","ping_status":"closed","template":"","meta":{"_acf_changed":false},"product_brand":[6501],"product_cat":[5401,5393],"product_tag":[9118,9119],"class_list":{"0":"post-68369","1":"product","2":"type-product","3":"status-publish","4":"has-post-thumbnail","6":"product_brand-mtrs","7":"product_cat-ba15s-24-volt-led","8":"product_cat-verlichting-24-volt","9":"product_tag-kabinenbeleuchtung","10":"product_tag-lkw-beleuchtung","12":"first","13":"instock","14":"taxable","15":"shipping-taxable","16":"purchasable","17":"product-type-simple"},"acf":[],"yoast_head":"<!-- This site is optimized with the Yoast SEO Premium plugin v26.5 (Yoast SEO v27.1.1) - https:\/\/yoast.com\/product\/yoast-seo-premium-wordpress\/ -->\n<title>BA15S LED wei\u00df 24 Volt 19 SMD - All Day Led - 2er-Set<\/title>\n<meta name=\"description\" content=\"BA15S LED WEISS 24 Volt - wei\u00dfe LED Beleuchtung LKW - ersetzt eine P21W Halogenlampe - mit 19SMD LEDs - 2er Set\" \/>\n<meta name=\"robots\" content=\"index, follow, max-snippet:-1, max-image-preview:large, max-video-preview:-1\" \/>\n<link rel=\"canonical\" href=\"https:\/\/www.alldayled.com\/de\/produkt\/ba15s-led-wit-19smd\/\" \/>\n<meta property=\"og:locale\" content=\"de_DE\" \/>\n<meta property=\"og:type\" content=\"article\" \/>\n<meta property=\"og:title\" content=\"BA15S LED wei\u00df 24 Volt 19 SMD - All Day Led - 2er-Set\" \/>\n<meta property=\"og:description\" content=\"BA15S LED Lampenset wei\u00df mit 19 LED-Punkten. Geeignet f\u00fcr 24 Volt.\" \/>\n<meta property=\"og:url\" content=\"https:\/\/www.alldayled.com\/de\/produkt\/ba15s-led-wit-19smd\/\" \/>\n<meta property=\"og:site_name\" content=\"All Day Led\" \/>\n<meta property=\"article:publisher\" content=\"https:\/\/www.facebook.com\/alldayled\/\" \/>\n<meta property=\"article:modified_time\" content=\"2025-12-19T16:52:05+00:00\" \/>\n<meta property=\"og:image\" content=\"https:\/\/www.alldayled.com\/wp-content\/uploads\/2025\/10\/ADL00151.-W.png\" \/>\n\t<meta property=\"og:image:width\" content=\"800\" \/>\n\t<meta property=\"og:image:height\" content=\"600\" \/>\n\t<meta property=\"og:image:type\" content=\"image\/png\" \/>\n<meta name=\"twitter:label1\" content=\"Preis\" \/>\n\t<meta name=\"twitter:data1\" content=\"&euro;&nbsp;15,00\" \/>\n\t<meta name=\"twitter:label2\" content=\"Verf\u00fcgbarkeit\" \/>\n\t<meta name=\"twitter:data2\" content=\"Auf Lager\" \/>\n<script type=\"application\/ld+json\" class=\"yoast-schema-graph\">{\"@context\":\"https:\/\/schema.org\",\"@graph\":[{\"@type\":\"WebPage\",\"@id\":\"https:\/\/www.alldayled.com\/de\/produkt\/ba15s-led-wit-19smd\/\",\"url\":\"https:\/\/www.alldayled.com\/de\/produkt\/ba15s-led-wit-19smd\/\",\"name\":\"BA15S LED wei\u00df 24 Volt 19 SMD - All Day Led - 2er-Set\",\"isPartOf\":{\"@id\":\"https:\/\/www.alldayled.com\/de\/#website\"},\"primaryImageOfPage\":{\"@id\":\"https:\/\/www.alldayled.com\/de\/produkt\/ba15s-led-wit-19smd\/#primaryimage\"},\"image\":{\"@id\":\"https:\/\/www.alldayled.com\/de\/produkt\/ba15s-led-wit-19smd\/#primaryimage\"},\"thumbnailUrl\":\"https:\/\/www.alldayled.com\/wp-content\/uploads\/2025\/10\/ADL00151.-W.png\",\"datePublished\":\"2020-03-26T15:23:46+00:00\",\"dateModified\":\"2025-12-19T16:52:05+00:00\",\"description\":\"BA15S LED WEISS 24 Volt - wei\u00dfe LED Beleuchtung LKW - ersetzt eine P21W Halogenlampe - mit 19SMD LEDs - 2er Set\",\"breadcrumb\":{\"@id\":\"https:\/\/www.alldayled.com\/de\/produkt\/ba15s-led-wit-19smd\/#breadcrumb\"},\"inLanguage\":\"de\",\"potentialAction\":[{\"@type\":\"ReadAction\",\"target\":[\"https:\/\/www.alldayled.com\/de\/produkt\/ba15s-led-wit-19smd\/\"]}]},{\"@type\":\"ImageObject\",\"inLanguage\":\"de\",\"@id\":\"https:\/\/www.alldayled.com\/de\/produkt\/ba15s-led-wit-19smd\/#primaryimage\",\"url\":\"https:\/\/www.alldayled.com\/wp-content\/uploads\/2025\/10\/ADL00151.-W.png\",\"contentUrl\":\"https:\/\/www.alldayled.com\/wp-content\/uploads\/2025\/10\/ADL00151.-W.png\",\"width\":800,\"height\":600},{\"@type\":\"BreadcrumbList\",\"@id\":\"https:\/\/www.alldayled.com\/de\/produkt\/ba15s-led-wit-19smd\/#breadcrumb\",\"itemListElement\":[{\"@type\":\"ListItem\",\"position\":1,\"name\":\"Home\",\"item\":\"https:\/\/www.alldayled.com\/de\/\"},{\"@type\":\"ListItem\",\"position\":2,\"name\":\"Shop\",\"item\":\"https:\/\/www.alldayled.com\/de\/shop\/\"},{\"@type\":\"ListItem\",\"position\":3,\"name\":\"Beleuchtung\",\"item\":\"https:\/\/www.alldayled.com\/de\/produkt-kategorie\/beleuchtung\/\"},{\"@type\":\"ListItem\",\"position\":4,\"name\":\"Beleuchtung 24 Volt\",\"item\":\"https:\/\/www.alldayled.com\/de\/produkt-kategorie\/beleuchtung\/verlichting-24-volt\/\"},{\"@type\":\"ListItem\",\"position\":5,\"name\":\"Bajonet 24 Volt\",\"item\":\"https:\/\/www.alldayled.com\/de\/produkt-kategorie\/beleuchtung\/verlichting-24-volt\/bajonet-24-volt\/\"},{\"@type\":\"ListItem\",\"position\":6,\"name\":\"BA15S 24 Volt\",\"item\":\"https:\/\/www.alldayled.com\/de\/produkt-kategorie\/beleuchtung\/verlichting-24-volt\/bajonet-24-volt\/ba15s-24-volt-led\/\"},{\"@type\":\"ListItem\",\"position\":7,\"name\":\"BA15S LED Lampe 19SMD 24 volt wei\u00df &#8211; 2 St\u00fcck\"}]},{\"@type\":\"WebSite\",\"@id\":\"https:\/\/www.alldayled.com\/de\/#website\",\"url\":\"https:\/\/www.alldayled.com\/de\/\",\"name\":\"All Day Led\",\"description\":\"Verlichting voor 12&amp;24 volt gebruik\",\"publisher\":{\"@id\":\"https:\/\/www.alldayled.com\/de\/#organization\"},\"potentialAction\":[{\"@type\":\"SearchAction\",\"target\":{\"@type\":\"EntryPoint\",\"urlTemplate\":\"https:\/\/www.alldayled.com\/de\/?s={search_term_string}\"},\"query-input\":{\"@type\":\"PropertyValueSpecification\",\"valueRequired\":true,\"valueName\":\"search_term_string\"}}],\"inLanguage\":\"de\"},{\"@type\":\"Organization\",\"@id\":\"https:\/\/www.alldayled.com\/de\/#organization\",\"name\":\"All Day Led\",\"url\":\"https:\/\/www.alldayled.com\/de\/\",\"logo\":{\"@type\":\"ImageObject\",\"inLanguage\":\"de\",\"@id\":\"https:\/\/www.alldayled.com\/de\/#\/schema\/logo\/image\/\",\"url\":\"https:\/\/www.alldayled.com\/wp-content\/uploads\/2025\/10\/Logo-ALL-DAY-LED-800x800-zwart-witte-letters.png\",\"contentUrl\":\"https:\/\/www.alldayled.com\/wp-content\/uploads\/2025\/10\/Logo-ALL-DAY-LED-800x800-zwart-witte-letters.png\",\"width\":800,\"height\":800,\"caption\":\"All Day Led\"},\"image\":{\"@id\":\"https:\/\/www.alldayled.com\/de\/#\/schema\/logo\/image\/\"},\"sameAs\":[\"https:\/\/www.facebook.com\/alldayled\/\",\"https:\/\/www.instagram.com\/alldayled\/\"],\"vatID\":\"NL863960133B01\",\"taxID\":\"86416545\"}]}<\/script>\n<meta property=\"product:brand\" content=\"MTRS\" \/>\n<meta property=\"product:price:amount\" content=\"15.00\" \/>\n<meta property=\"product:price:currency\" content=\"EUR\" \/>\n<meta property=\"og:availability\" content=\"instock\" \/>\n<meta property=\"product:availability\" content=\"instock\" \/>\n<meta property=\"product:retailer_item_id\" content=\"ADL00151-W\" \/>\n<meta property=\"product:condition\" content=\"new\" \/>\n<!-- \/ Yoast SEO Premium plugin. -->","yoast_head_json":{"title":"BA15S LED wei\u00df 24 Volt 19 SMD - All Day Led - 2er-Set","description":"BA15S LED WEISS 24 Volt - wei\u00dfe LED Beleuchtung LKW - ersetzt eine P21W Halogenlampe - mit 19SMD LEDs - 2er Set","robots":{"index":"index","follow":"follow","max-snippet":"max-snippet:-1","max-image-preview":"max-image-preview:large","max-video-preview":"max-video-preview:-1"},"canonical":"https:\/\/www.alldayled.com\/de\/produkt\/ba15s-led-wit-19smd\/","og_locale":"de_DE","og_type":"article","og_title":"BA15S LED wei\u00df 24 Volt 19 SMD - All Day Led - 2er-Set","og_description":"BA15S LED Lampenset wei\u00df mit 19 LED-Punkten. Geeignet f\u00fcr 24 Volt.","og_url":"https:\/\/www.alldayled.com\/de\/produkt\/ba15s-led-wit-19smd\/","og_site_name":"All Day Led","article_publisher":"https:\/\/www.facebook.com\/alldayled\/","article_modified_time":"2025-12-19T16:52:05+00:00","og_image":[{"width":800,"height":600,"url":"https:\/\/www.alldayled.com\/wp-content\/uploads\/2025\/10\/ADL00151.-W.png","type":"image\/png"}],"twitter_misc":{"Preis":"&euro;&nbsp;15,00","Verf\u00fcgbarkeit":"Auf Lager"},"schema":{"@context":"https:\/\/schema.org","@graph":[{"@type":"WebPage","@id":"https:\/\/www.alldayled.com\/de\/produkt\/ba15s-led-wit-19smd\/","url":"https:\/\/www.alldayled.com\/de\/produkt\/ba15s-led-wit-19smd\/","name":"BA15S LED wei\u00df 24 Volt 19 SMD - All Day Led - 2er-Set","isPartOf":{"@id":"https:\/\/www.alldayled.com\/de\/#website"},"primaryImageOfPage":{"@id":"https:\/\/www.alldayled.com\/de\/produkt\/ba15s-led-wit-19smd\/#primaryimage"},"image":{"@id":"https:\/\/www.alldayled.com\/de\/produkt\/ba15s-led-wit-19smd\/#primaryimage"},"thumbnailUrl":"https:\/\/www.alldayled.com\/wp-content\/uploads\/2025\/10\/ADL00151.-W.png","datePublished":"2020-03-26T15:23:46+00:00","dateModified":"2025-12-19T16:52:05+00:00","description":"BA15S LED WEISS 24 Volt - wei\u00dfe LED Beleuchtung LKW - ersetzt eine P21W Halogenlampe - mit 19SMD LEDs - 2er Set","breadcrumb":{"@id":"https:\/\/www.alldayled.com\/de\/produkt\/ba15s-led-wit-19smd\/#breadcrumb"},"inLanguage":"de","potentialAction":[{"@type":"ReadAction","target":["https:\/\/www.alldayled.com\/de\/produkt\/ba15s-led-wit-19smd\/"]}]},{"@type":"ImageObject","inLanguage":"de","@id":"https:\/\/www.alldayled.com\/de\/produkt\/ba15s-led-wit-19smd\/#primaryimage","url":"https:\/\/www.alldayled.com\/wp-content\/uploads\/2025\/10\/ADL00151.-W.png","contentUrl":"https:\/\/www.alldayled.com\/wp-content\/uploads\/2025\/10\/ADL00151.-W.png","width":800,"height":600},{"@type":"BreadcrumbList","@id":"https:\/\/www.alldayled.com\/de\/produkt\/ba15s-led-wit-19smd\/#breadcrumb","itemListElement":[{"@type":"ListItem","position":1,"name":"Home","item":"https:\/\/www.alldayled.com\/de\/"},{"@type":"ListItem","position":2,"name":"Shop","item":"https:\/\/www.alldayled.com\/de\/shop\/"},{"@type":"ListItem","position":3,"name":"Beleuchtung","item":"https:\/\/www.alldayled.com\/de\/produkt-kategorie\/beleuchtung\/"},{"@type":"ListItem","position":4,"name":"Beleuchtung 24 Volt","item":"https:\/\/www.alldayled.com\/de\/produkt-kategorie\/beleuchtung\/verlichting-24-volt\/"},{"@type":"ListItem","position":5,"name":"Bajonet 24 Volt","item":"https:\/\/www.alldayled.com\/de\/produkt-kategorie\/beleuchtung\/verlichting-24-volt\/bajonet-24-volt\/"},{"@type":"ListItem","position":6,"name":"BA15S 24 Volt","item":"https:\/\/www.alldayled.com\/de\/produkt-kategorie\/beleuchtung\/verlichting-24-volt\/bajonet-24-volt\/ba15s-24-volt-led\/"},{"@type":"ListItem","position":7,"name":"BA15S LED Lampe 19SMD 24 volt wei\u00df &#8211; 2 St\u00fcck"}]},{"@type":"WebSite","@id":"https:\/\/www.alldayled.com\/de\/#website","url":"https:\/\/www.alldayled.com\/de\/","name":"All Day Led","description":"Verlichting voor 12&amp;24 volt gebruik","publisher":{"@id":"https:\/\/www.alldayled.com\/de\/#organization"},"potentialAction":[{"@type":"SearchAction","target":{"@type":"EntryPoint","urlTemplate":"https:\/\/www.alldayled.com\/de\/?s={search_term_string}"},"query-input":{"@type":"PropertyValueSpecification","valueRequired":true,"valueName":"search_term_string"}}],"inLanguage":"de"},{"@type":"Organization","@id":"https:\/\/www.alldayled.com\/de\/#organization","name":"All Day Led","url":"https:\/\/www.alldayled.com\/de\/","logo":{"@type":"ImageObject","inLanguage":"de","@id":"https:\/\/www.alldayled.com\/de\/#\/schema\/logo\/image\/","url":"https:\/\/www.alldayled.com\/wp-content\/uploads\/2025\/10\/Logo-ALL-DAY-LED-800x800-zwart-witte-letters.png","contentUrl":"https:\/\/www.alldayled.com\/wp-content\/uploads\/2025\/10\/Logo-ALL-DAY-LED-800x800-zwart-witte-letters.png","width":800,"height":800,"caption":"All Day Led"},"image":{"@id":"https:\/\/www.alldayled.com\/de\/#\/schema\/logo\/image\/"},"sameAs":["https:\/\/www.facebook.com\/alldayled\/","https:\/\/www.instagram.com\/alldayled\/"],"vatID":"NL863960133B01","taxID":"86416545"}]},"product_brand":"MTRS","product_price_amount":"15.00","product_price_currency":"EUR","og_availability":"instock","product_availability":"instock","product_retailer_item_id":"ADL00151-W","product_condition":"new"},"_links":{"self":[{"href":"https:\/\/www.alldayled.com\/de\/wp-json\/wp\/v2\/product\/68369","targetHints":{"allow":["GET"]}}],"collection":[{"href":"https:\/\/www.alldayled.com\/de\/wp-json\/wp\/v2\/product"}],"about":[{"href":"https:\/\/www.alldayled.com\/de\/wp-json\/wp\/v2\/types\/product"}],"replies":[{"embeddable":true,"href":"https:\/\/www.alldayled.com\/de\/wp-json\/wp\/v2\/comments?post=68369"}],"wp:featuredmedia":[{"embeddable":true,"href":"https:\/\/www.alldayled.com\/de\/wp-json\/wp\/v2\/media\/38054"}],"wp:attachment":[{"href":"https:\/\/www.alldayled.com\/de\/wp-json\/wp\/v2\/media?parent=68369"}],"wp:term":[{"taxonomy":"product_brand","embeddable":true,"href":"https:\/\/www.alldayled.com\/de\/wp-json\/wp\/v2\/product_brand?post=68369"},{"taxonomy":"product_cat","embeddable":true,"href":"https:\/\/www.alldayled.com\/de\/wp-json\/wp\/v2\/product_cat?post=68369"},{"taxonomy":"product_tag","embeddable":true,"href":"https:\/\/www.alldayled.com\/de\/wp-json\/wp\/v2\/product_tag?post=68369"}],"curies":[{"name":"wp","href":"https:\/\/api.w.org\/{rel}","templated":true}]}}