{"id":68380,"date":"2020-07-15T12:45:26","date_gmt":"2020-07-15T10:45:26","guid":{"rendered":"https:\/\/www.alldayled.com\/product\/ba9s-led-blauw-24-volt-2-stuks\/"},"modified":"2020-07-15T12:45:26","modified_gmt":"2020-07-15T10:45:26","slug":"ba9s-led-blauw-24-volt-2-stuks","status":"publish","type":"product","link":"https:\/\/www.alldayled.com\/de\/produkt\/ba9s-led-blauw-24-volt-2-stuks\/","title":{"rendered":"BA9S LED Lampe 24 volt blau &#8211; 2 St\u00fcck"},"content":{"rendered":"<p><span style=\"color: #000000;\"><strong>BA9S LED Lampe blau mit 5-SMD, f\u00fcr 24 Volt Betrieb. <\/strong><\/span><\/p>\n<p><span style=\"color: #000000;\">Sind Sie auf der Suche nach einer LED Lampe, die Sie gegen Ihre originale BA9S Halogenlampe austauschen k\u00f6nnen? Dann ist diese blaue BA9S LED Lampe vielleicht genau das, was Sie suchen. Diese Lampe hat 5 helle LEDs und wird im Set von 2 St\u00fcck geliefert. Dank der 5 LEDs leuchtet sie rundum, wodurch Sie sofort eine gute Sichtbarkeit haben. Au\u00dferdem hat die Lampe eine Lichtleistung, die mit einer 5W Halogenlampe vergleichbar ist. Die BA9S LED Lampe blau funktioniert mit 24 Volt, was bedeutet, dass Sie sie beispielsweise in Ihrem LKW, Camper oder Trailer verwenden k\u00f6nnen. Bitte beachten Sie: Die originale Lampe muss mit der auf Abbildung 2 \u00fcbereinstimmen, sonst passt die LED Lampe nicht.      <\/span><\/p>\n<p><span style=\"color: #000000;\">Dar\u00fcber hinaus ist die blaue BA9S LED Lampe mit dem ECE R10-Pr\u00fcfzeichen versehen, was bedeutet, dass sie w\u00e4hrend des Gebrauchs keine St\u00f6rungen verursacht, beispielsweise an Ihrem Funksignal. Die Lampe kann auch bis zu 28 Volt vertragen, ist also gegen Spannungsspitzen beim Starten Ihres Fahrzeugs gesch\u00fctzt. Kurzum, dies ist eine kompakte, helle und zuverl\u00e4ssige 24V LED Lampe blau, ideal als Innenraumbeleuchtung f\u00fcr Ihren LKW, Camper oder Trailer.  <\/span><\/p>\n<h5><span style=\"color: #000000;\"><strong>Abmessungen:<\/strong><\/span><\/h5>\n<p><span style=\"color: #000000;\">Um sicherzustellen, dass Sie die BA9S LED Lampe blau dort montieren k\u00f6nnen, wo Sie m\u00f6chten, haben wir unten die Abmessungen notiert. Die Abmessungen dieser blauen LED Lampe mit Bajonettanschluss sind wie folgt: <\/span><\/p>\n<ul>\n<li><span style=\"color: #000000;\">L\u00e4nge: 30 mm<\/span><\/li>\n<li><span style=\"color: #000000;\">Breite oben: 11 mm<\/span><\/li>\n<li><span style=\"color: #000000;\">Breite unten: 9 mm<\/span><\/li>\n<\/ul>\n<p><span style=\"color: #000000;\"><em>Achtung, diese LED Lampen sind nicht CAN-Bus-f\u00e4hig. Das bedeutet, dass diese Lampe eine Meldung \u00fcber eine defekte Lampe im Armaturenbrett verursachen kann. Dies trifft haupts\u00e4chlich auf neuere Automodelle zu, LKWs sind davon oft ausgenommen. Auch zus\u00e4tzliche Lampen wie Fernscheinwerfer oder Skylights sind vom CAN-Bus-System ausgeschlossen.    <\/em><\/span><\/p>\n<h5><span style=\"color: #000000;\"><strong>Andere Farben:<\/strong><\/span><\/h5>\n<p><span style=\"color: #000000;\">Sind Sie auf der Suche nach einer T4W LED Lampe, aber die BA9S LED Lampe blau f\u00fcr 24 Volt ist nicht die Farbe, die Sie suchen? Beachten Sie, dass die LED Lampe mit Bajonettanschluss auch in den folgenden Farben erh\u00e4ltlich ist: <\/span><\/p>\n<ul>\n<li><span style=\"color: #000000;\"><strong><a style=\"color: #000000;\" href=\"https:\/\/www.alldayled.com\/de\/produkt\/ba9s-led-ambergeel-24-volt-2-stuks\/\">Ambergelb<\/a><br \/>\n<\/strong><\/span><\/li>\n<li><span style=\"color: #000000;\"><strong><a style=\"color: #000000;\" href=\"https:\/\/www.alldayled.com\/de\/produkt\/ba9s-led-groen-24-volt-2-stuks\/\">Gr\u00fcn<\/a><br \/>\n<\/strong><\/span><\/li>\n<li><span style=\"color: #000000;\"><strong><a style=\"color: #000000;\" href=\"https:\/\/www.alldayled.com\/de\/produkt\/ba9s-led-rood-24-volt-2-stuks\/\">Rot<\/a><\/strong><\/span><\/li>\n<li><span style=\"color: #000000;\"><strong><a style=\"color: #000000;\" href=\"https:\/\/www.alldayled.com\/de\/produkt\/ba9s-led-wit-24-volt-2-stuks\/\">Wei\u00df<\/a><\/strong><\/span><\/li>\n<\/ul>\n<h5><span style=\"color: #000000;\"><strong>Warum hat die BA9S LED Lampe kein E-Pr\u00fcfzeichen:<\/strong><\/span><\/h5>\n<p><span style=\"color: #000000;\">Ersatzlampen m\u00fcssen europ\u00e4ischen Normen f\u00fcr Sicherheit, Wasserdichtigkeit und Kurzschlussvermeidung (ECE R37) entsprechen. Diese Normen basieren auf den alten Gl\u00fch- und Halogenlampen. LED-Ersatzlampen k\u00f6nnen diesen nicht entsprechen, da sie keinen Gl\u00fchfaden haben. Daher erh\u00e4lt diese LED Lampe nicht das ECE R37 Pr\u00fcfzeichen und darf offiziell nicht im \u00f6ffentlichen Stra\u00dfenverkehr verwendet werden. Du kannst diese BA15S LED Lampe jedoch sicher auf deinem eigenen Gel\u00e4nde oder zum Beispiel im Rennsport verwenden. So holst du das Maximum aus der Lampe heraus, ohne dass es rechtliche Probleme gibt.     <\/span><\/p>\n","protected":false},"excerpt":{"rendered":"<p>BA9S LED Lampe blau, mit 5 LED Punkten f\u00fcr 24 Volt Betrieb.<\/p>\n","protected":false},"featured_media":16410,"comment_status":"open","ping_status":"closed","template":"","meta":{"_acf_changed":false},"product_brand":[5577],"product_cat":[5400,5377,5393],"product_tag":[9120,9118,9119],"class_list":{"0":"post-68380","1":"product","2":"type-product","3":"status-publish","4":"has-post-thumbnail","6":"product_brand-product-all-day-led","7":"product_cat-ba9s-24-volt","8":"product_cat-bajonet-24-volt","9":"product_cat-verlichting-24-volt","10":"product_tag-innenraumbeleuchtung-lkw","11":"product_tag-kabinenbeleuchtung","12":"product_tag-lkw-beleuchtung","14":"first","15":"instock","16":"taxable","17":"shipping-taxable","18":"purchasable","19":"product-type-simple"},"acf":[],"yoast_head":"<!-- This site is optimized with the Yoast SEO Premium plugin v26.5 (Yoast SEO v27.1.1) - https:\/\/yoast.com\/product\/yoast-seo-premium-wordpress\/ -->\n<title>BA9S LED blau 24 Volt - All Day Led - 2er-Set<\/title>\n<meta name=\"description\" content=\"BA9S LED blau 24 Volt - blaue LED Beleuchtung LKW - ersetzt eine T4W Halogenlampe - mit 5-SMD LEDs - Innenraumbeleuchtung\" \/>\n<meta name=\"robots\" content=\"index, follow, max-snippet:-1, max-image-preview:large, max-video-preview:-1\" \/>\n<link rel=\"canonical\" href=\"https:\/\/www.alldayled.com\/de\/produkt\/ba9s-led-blauw-24-volt-2-stuks\/\" \/>\n<meta property=\"og:locale\" content=\"de_DE\" \/>\n<meta property=\"og:type\" content=\"article\" \/>\n<meta property=\"og:title\" content=\"BA9S LED blau 24 Volt - All Day Led - 2er-Set\" \/>\n<meta property=\"og:description\" content=\"BA9S LED blau 24 Volt - blaue LED Beleuchtung LKW - ersetzt eine T4W Halogenlampe - mit 5-SMD LEDs - Innenraumbeleuchtung\" \/>\n<meta property=\"og:url\" content=\"https:\/\/www.alldayled.com\/de\/produkt\/ba9s-led-blauw-24-volt-2-stuks\/\" \/>\n<meta property=\"og:site_name\" content=\"All Day Led\" \/>\n<meta property=\"article:publisher\" content=\"https:\/\/www.facebook.com\/alldayled\/\" \/>\n<meta property=\"og:image\" content=\"https:\/\/www.alldayled.com\/wp-content\/uploads\/2020\/07\/ADL05009-B-BA9S.png\" \/>\n\t<meta property=\"og:image:width\" content=\"800\" \/>\n\t<meta property=\"og:image:height\" content=\"600\" \/>\n\t<meta property=\"og:image:type\" content=\"image\/png\" \/>\n<meta name=\"twitter:label1\" content=\"Preis\" \/>\n\t<meta name=\"twitter:data1\" content=\"&euro;&nbsp;4,95\" \/>\n\t<meta name=\"twitter:label2\" content=\"Verf\u00fcgbarkeit\" \/>\n\t<meta name=\"twitter:data2\" content=\"Auf Lager\" \/>\n<script type=\"application\/ld+json\" class=\"yoast-schema-graph\">{\"@context\":\"https:\/\/schema.org\",\"@graph\":[{\"@type\":\"WebPage\",\"@id\":\"https:\/\/www.alldayled.com\/de\/produkt\/ba9s-led-blauw-24-volt-2-stuks\/\",\"url\":\"https:\/\/www.alldayled.com\/de\/produkt\/ba9s-led-blauw-24-volt-2-stuks\/\",\"name\":\"BA9S LED blau 24 Volt - All Day Led - 2er-Set\",\"isPartOf\":{\"@id\":\"https:\/\/www.alldayled.com\/de\/#website\"},\"primaryImageOfPage\":{\"@id\":\"https:\/\/www.alldayled.com\/de\/produkt\/ba9s-led-blauw-24-volt-2-stuks\/#primaryimage\"},\"image\":{\"@id\":\"https:\/\/www.alldayled.com\/de\/produkt\/ba9s-led-blauw-24-volt-2-stuks\/#primaryimage\"},\"thumbnailUrl\":\"https:\/\/www.alldayled.com\/wp-content\/uploads\/2020\/07\/ADL05009-B-BA9S.png\",\"datePublished\":\"2020-07-15T10:45:26+00:00\",\"description\":\"BA9S LED blau 24 Volt - blaue LED Beleuchtung LKW - ersetzt eine T4W Halogenlampe - mit 5-SMD LEDs - Innenraumbeleuchtung\",\"breadcrumb\":{\"@id\":\"https:\/\/www.alldayled.com\/de\/produkt\/ba9s-led-blauw-24-volt-2-stuks\/#breadcrumb\"},\"inLanguage\":\"de\",\"potentialAction\":[{\"@type\":\"ReadAction\",\"target\":[\"https:\/\/www.alldayled.com\/de\/produkt\/ba9s-led-blauw-24-volt-2-stuks\/\"]}]},{\"@type\":\"ImageObject\",\"inLanguage\":\"de\",\"@id\":\"https:\/\/www.alldayled.com\/de\/produkt\/ba9s-led-blauw-24-volt-2-stuks\/#primaryimage\",\"url\":\"https:\/\/www.alldayled.com\/wp-content\/uploads\/2020\/07\/ADL05009-B-BA9S.png\",\"contentUrl\":\"https:\/\/www.alldayled.com\/wp-content\/uploads\/2020\/07\/ADL05009-B-BA9S.png\",\"width\":800,\"height\":600,\"caption\":\"BA9S LED Lampe blau - geeignet f\u00fcr 24 Volt Betrieb - Innenraumbeleuchtung f\u00fcr LKW, Camper und mehr - mit 5 SMD LEDs - EAN: 6090555220293\"},{\"@type\":\"BreadcrumbList\",\"@id\":\"https:\/\/www.alldayled.com\/de\/produkt\/ba9s-led-blauw-24-volt-2-stuks\/#breadcrumb\",\"itemListElement\":[{\"@type\":\"ListItem\",\"position\":1,\"name\":\"Home\",\"item\":\"https:\/\/www.alldayled.com\/de\/\"},{\"@type\":\"ListItem\",\"position\":2,\"name\":\"Shop\",\"item\":\"https:\/\/www.alldayled.com\/de\/shop\/\"},{\"@type\":\"ListItem\",\"position\":3,\"name\":\"Beleuchtung\",\"item\":\"https:\/\/www.alldayled.com\/de\/produkt-kategorie\/beleuchtung\/\"},{\"@type\":\"ListItem\",\"position\":4,\"name\":\"Beleuchtung 24 Volt\",\"item\":\"https:\/\/www.alldayled.com\/de\/produkt-kategorie\/beleuchtung\/verlichting-24-volt\/\"},{\"@type\":\"ListItem\",\"position\":5,\"name\":\"Bajonet 24 Volt\",\"item\":\"https:\/\/www.alldayled.com\/de\/produkt-kategorie\/beleuchtung\/verlichting-24-volt\/bajonet-24-volt\/\"},{\"@type\":\"ListItem\",\"position\":6,\"name\":\"BA9S 24 Volt\",\"item\":\"https:\/\/www.alldayled.com\/de\/produkt-kategorie\/beleuchtung\/verlichting-24-volt\/bajonet-24-volt\/ba9s-24-volt\/\"},{\"@type\":\"ListItem\",\"position\":7,\"name\":\"BA9S LED Lampe 24 volt blau &#8211; 2 St\u00fcck\"}]},{\"@type\":\"WebSite\",\"@id\":\"https:\/\/www.alldayled.com\/de\/#website\",\"url\":\"https:\/\/www.alldayled.com\/de\/\",\"name\":\"All Day Led\",\"description\":\"Verlichting voor 12&amp;24 volt gebruik\",\"publisher\":{\"@id\":\"https:\/\/www.alldayled.com\/de\/#organization\"},\"potentialAction\":[{\"@type\":\"SearchAction\",\"target\":{\"@type\":\"EntryPoint\",\"urlTemplate\":\"https:\/\/www.alldayled.com\/de\/?s={search_term_string}\"},\"query-input\":{\"@type\":\"PropertyValueSpecification\",\"valueRequired\":true,\"valueName\":\"search_term_string\"}}],\"inLanguage\":\"de\"},{\"@type\":\"Organization\",\"@id\":\"https:\/\/www.alldayled.com\/de\/#organization\",\"name\":\"All Day Led\",\"url\":\"https:\/\/www.alldayled.com\/de\/\",\"logo\":{\"@type\":\"ImageObject\",\"inLanguage\":\"de\",\"@id\":\"https:\/\/www.alldayled.com\/de\/#\/schema\/logo\/image\/\",\"url\":\"https:\/\/www.alldayled.com\/wp-content\/uploads\/2025\/10\/Logo-ALL-DAY-LED-800x800-zwart-witte-letters.png\",\"contentUrl\":\"https:\/\/www.alldayled.com\/wp-content\/uploads\/2025\/10\/Logo-ALL-DAY-LED-800x800-zwart-witte-letters.png\",\"width\":800,\"height\":800,\"caption\":\"All Day Led\"},\"image\":{\"@id\":\"https:\/\/www.alldayled.com\/de\/#\/schema\/logo\/image\/\"},\"sameAs\":[\"https:\/\/www.facebook.com\/alldayled\/\",\"https:\/\/www.instagram.com\/alldayled\/\"],\"vatID\":\"NL863960133B01\",\"taxID\":\"86416545\"}]}<\/script>\n<meta property=\"product:brand\" content=\"All Day Led\" \/>\n<meta property=\"product:price:amount\" content=\"4.95\" \/>\n<meta property=\"product:price:currency\" content=\"EUR\" \/>\n<meta property=\"og:availability\" content=\"instock\" \/>\n<meta property=\"product:availability\" content=\"instock\" \/>\n<meta property=\"product:retailer_item_id\" content=\"ADL05009-B\" \/>\n<meta property=\"product:condition\" content=\"new\" \/>\n<!-- \/ Yoast SEO Premium plugin. -->","yoast_head_json":{"title":"BA9S LED blau 24 Volt - All Day Led - 2er-Set","description":"BA9S LED blau 24 Volt - blaue LED Beleuchtung LKW - ersetzt eine T4W Halogenlampe - mit 5-SMD LEDs - Innenraumbeleuchtung","robots":{"index":"index","follow":"follow","max-snippet":"max-snippet:-1","max-image-preview":"max-image-preview:large","max-video-preview":"max-video-preview:-1"},"canonical":"https:\/\/www.alldayled.com\/de\/produkt\/ba9s-led-blauw-24-volt-2-stuks\/","og_locale":"de_DE","og_type":"article","og_title":"BA9S LED blau 24 Volt - All Day Led - 2er-Set","og_description":"BA9S LED blau 24 Volt - blaue LED Beleuchtung LKW - ersetzt eine T4W Halogenlampe - mit 5-SMD LEDs - Innenraumbeleuchtung","og_url":"https:\/\/www.alldayled.com\/de\/produkt\/ba9s-led-blauw-24-volt-2-stuks\/","og_site_name":"All Day Led","article_publisher":"https:\/\/www.facebook.com\/alldayled\/","og_image":[{"width":800,"height":600,"url":"https:\/\/www.alldayled.com\/wp-content\/uploads\/2020\/07\/ADL05009-B-BA9S.png","type":"image\/png"}],"twitter_misc":{"Preis":"&euro;&nbsp;4,95","Verf\u00fcgbarkeit":"Auf Lager"},"schema":{"@context":"https:\/\/schema.org","@graph":[{"@type":"WebPage","@id":"https:\/\/www.alldayled.com\/de\/produkt\/ba9s-led-blauw-24-volt-2-stuks\/","url":"https:\/\/www.alldayled.com\/de\/produkt\/ba9s-led-blauw-24-volt-2-stuks\/","name":"BA9S LED blau 24 Volt - All Day Led - 2er-Set","isPartOf":{"@id":"https:\/\/www.alldayled.com\/de\/#website"},"primaryImageOfPage":{"@id":"https:\/\/www.alldayled.com\/de\/produkt\/ba9s-led-blauw-24-volt-2-stuks\/#primaryimage"},"image":{"@id":"https:\/\/www.alldayled.com\/de\/produkt\/ba9s-led-blauw-24-volt-2-stuks\/#primaryimage"},"thumbnailUrl":"https:\/\/www.alldayled.com\/wp-content\/uploads\/2020\/07\/ADL05009-B-BA9S.png","datePublished":"2020-07-15T10:45:26+00:00","description":"BA9S LED blau 24 Volt - blaue LED Beleuchtung LKW - ersetzt eine T4W Halogenlampe - mit 5-SMD LEDs - Innenraumbeleuchtung","breadcrumb":{"@id":"https:\/\/www.alldayled.com\/de\/produkt\/ba9s-led-blauw-24-volt-2-stuks\/#breadcrumb"},"inLanguage":"de","potentialAction":[{"@type":"ReadAction","target":["https:\/\/www.alldayled.com\/de\/produkt\/ba9s-led-blauw-24-volt-2-stuks\/"]}]},{"@type":"ImageObject","inLanguage":"de","@id":"https:\/\/www.alldayled.com\/de\/produkt\/ba9s-led-blauw-24-volt-2-stuks\/#primaryimage","url":"https:\/\/www.alldayled.com\/wp-content\/uploads\/2020\/07\/ADL05009-B-BA9S.png","contentUrl":"https:\/\/www.alldayled.com\/wp-content\/uploads\/2020\/07\/ADL05009-B-BA9S.png","width":800,"height":600,"caption":"BA9S LED Lampe blau - geeignet f\u00fcr 24 Volt Betrieb - Innenraumbeleuchtung f\u00fcr LKW, Camper und mehr - mit 5 SMD LEDs - EAN: 6090555220293"},{"@type":"BreadcrumbList","@id":"https:\/\/www.alldayled.com\/de\/produkt\/ba9s-led-blauw-24-volt-2-stuks\/#breadcrumb","itemListElement":[{"@type":"ListItem","position":1,"name":"Home","item":"https:\/\/www.alldayled.com\/de\/"},{"@type":"ListItem","position":2,"name":"Shop","item":"https:\/\/www.alldayled.com\/de\/shop\/"},{"@type":"ListItem","position":3,"name":"Beleuchtung","item":"https:\/\/www.alldayled.com\/de\/produkt-kategorie\/beleuchtung\/"},{"@type":"ListItem","position":4,"name":"Beleuchtung 24 Volt","item":"https:\/\/www.alldayled.com\/de\/produkt-kategorie\/beleuchtung\/verlichting-24-volt\/"},{"@type":"ListItem","position":5,"name":"Bajonet 24 Volt","item":"https:\/\/www.alldayled.com\/de\/produkt-kategorie\/beleuchtung\/verlichting-24-volt\/bajonet-24-volt\/"},{"@type":"ListItem","position":6,"name":"BA9S 24 Volt","item":"https:\/\/www.alldayled.com\/de\/produkt-kategorie\/beleuchtung\/verlichting-24-volt\/bajonet-24-volt\/ba9s-24-volt\/"},{"@type":"ListItem","position":7,"name":"BA9S LED Lampe 24 volt blau &#8211; 2 St\u00fcck"}]},{"@type":"WebSite","@id":"https:\/\/www.alldayled.com\/de\/#website","url":"https:\/\/www.alldayled.com\/de\/","name":"All Day Led","description":"Verlichting voor 12&amp;24 volt gebruik","publisher":{"@id":"https:\/\/www.alldayled.com\/de\/#organization"},"potentialAction":[{"@type":"SearchAction","target":{"@type":"EntryPoint","urlTemplate":"https:\/\/www.alldayled.com\/de\/?s={search_term_string}"},"query-input":{"@type":"PropertyValueSpecification","valueRequired":true,"valueName":"search_term_string"}}],"inLanguage":"de"},{"@type":"Organization","@id":"https:\/\/www.alldayled.com\/de\/#organization","name":"All Day Led","url":"https:\/\/www.alldayled.com\/de\/","logo":{"@type":"ImageObject","inLanguage":"de","@id":"https:\/\/www.alldayled.com\/de\/#\/schema\/logo\/image\/","url":"https:\/\/www.alldayled.com\/wp-content\/uploads\/2025\/10\/Logo-ALL-DAY-LED-800x800-zwart-witte-letters.png","contentUrl":"https:\/\/www.alldayled.com\/wp-content\/uploads\/2025\/10\/Logo-ALL-DAY-LED-800x800-zwart-witte-letters.png","width":800,"height":800,"caption":"All Day Led"},"image":{"@id":"https:\/\/www.alldayled.com\/de\/#\/schema\/logo\/image\/"},"sameAs":["https:\/\/www.facebook.com\/alldayled\/","https:\/\/www.instagram.com\/alldayled\/"],"vatID":"NL863960133B01","taxID":"86416545"}]},"product_brand":"All Day Led","product_price_amount":"4.95","product_price_currency":"EUR","og_availability":"instock","product_availability":"instock","product_retailer_item_id":"ADL05009-B","product_condition":"new"},"_links":{"self":[{"href":"https:\/\/www.alldayled.com\/de\/wp-json\/wp\/v2\/product\/68380","targetHints":{"allow":["GET"]}}],"collection":[{"href":"https:\/\/www.alldayled.com\/de\/wp-json\/wp\/v2\/product"}],"about":[{"href":"https:\/\/www.alldayled.com\/de\/wp-json\/wp\/v2\/types\/product"}],"replies":[{"embeddable":true,"href":"https:\/\/www.alldayled.com\/de\/wp-json\/wp\/v2\/comments?post=68380"}],"wp:featuredmedia":[{"embeddable":true,"href":"https:\/\/www.alldayled.com\/de\/wp-json\/wp\/v2\/media\/16410"}],"wp:attachment":[{"href":"https:\/\/www.alldayled.com\/de\/wp-json\/wp\/v2\/media?parent=68380"}],"wp:term":[{"taxonomy":"product_brand","embeddable":true,"href":"https:\/\/www.alldayled.com\/de\/wp-json\/wp\/v2\/product_brand?post=68380"},{"taxonomy":"product_cat","embeddable":true,"href":"https:\/\/www.alldayled.com\/de\/wp-json\/wp\/v2\/product_cat?post=68380"},{"taxonomy":"product_tag","embeddable":true,"href":"https:\/\/www.alldayled.com\/de\/wp-json\/wp\/v2\/product_tag?post=68380"}],"curies":[{"name":"wp","href":"https:\/\/api.w.org\/{rel}","templated":true}]}}