{"id":68385,"date":"2023-01-01T14:14:57","date_gmt":"2023-01-01T13:14:57","guid":{"rendered":"https:\/\/www.alldayled.com\/product\/dual-color-zonneklep-lamp-adapter\/"},"modified":"2023-01-01T14:14:57","modified_gmt":"2023-01-01T13:14:57","slug":"dual-color-zonneklep-lamp-adapter","status":"publish","type":"product","link":"https:\/\/www.alldayled.com\/de\/produkt\/dual-color-zonneklep-lamp-adapter\/","title":{"rendered":"Dual color Adapter Sonnenblend lampe"},"content":{"rendered":"<p><span style=\"color: #000000;\"><strong>Dual color Adapter Sonnenblend lampe f\u00fcr 24 Volt. <\/strong><\/span><\/p>\n<p><span style=\"color: #000000;\">Haben Sie eine MTRS DUAL COLOR Sonnenblendenlampe bestellt und m\u00f6chten Sie einfach die Farbe wechseln lassen? Dann nutzen Sie den Dual color Adapter Sonnenblend lampe f\u00fcr 24 Volt. Der Adapter ist mit einem Stecker versehen, der direkt auf den Sonnenblenden-Kabelbaum passt. Da der Adapter mit einem Stecker versehen ist, ist die Installation recht einfach. Das zus\u00e4tzlich montierte Kabel muss an den Pluspol des Schalters angeschlossen werden, damit Sie die Farbe mit diesem Knopf wechseln k\u00f6nnen. Mit nur einem Modul k\u00f6nnen Sie bis zu 15 Lampen die Farbe wechseln lassen.      <\/span><\/p>\n<p><span style=\"color: #000000;\">Damit Sie vor dem Kauf sicher sein k\u00f6nnen, dass dies das Zubeh\u00f6r ist, das Sie suchen, haben wir hier einige Eigenschaften aufgeschrieben. Eine der wichtigsten Eigenschaften des Adapters ist, dass er direkt auf den originalen Sonnenblenden-Kabelbaum gesteckt werden kann. Dadurch ist die Installation einfach und Sie m\u00fcssen nur den zus\u00e4tzlichen Schaltdraht an einen Schalter anschlie\u00dfen. Weiterhin ist es gut zu wissen, dass das Modul mit einem 5 Meter langen Anschlusskabel geliefert wird. Auf diese Weise k\u00f6nnen Sie den MTRS DUAL COLOR Adapter an verschiedenen Stellen trocken verstauen, ohne dass Sie mit einem zu kurzen Kabel in Schwierigkeiten geraten. Bitte beachten Sie, dass wir empfehlen, die Installation von einem anerkannten Unternehmen durchf\u00fchren zu lassen.        <\/span><\/p>\n<h5><span style=\"color: #000000;\"><strong>Weitere Artikel:<\/strong><\/span><\/h5>\n<p><span style=\"color: #000000;\">Haben Sie den Dual color Adapter Sonnenblend lampe bereits an Ihrem Fahrzeug montiert und suchen Sie nur die Lampen, die Sie damit bedienen k\u00f6nnen? Dann schauen Sie sich unten die MTRS LED Lampen an, die f\u00fcr diesen Adapter geeignet sind. <\/span><\/p>\n<ul>\n<li><span style=\"color: #000000;\"><a style=\"color: #000000;\" href=\"https:\/\/www.alldayled.com\/product\/scania-next-gen-zonneklep-lamp-wit-oranje-zwart\/\"><strong>MTRS DUAL COLOR LAMP SCHWARZ<\/strong><\/a><\/span><\/li>\n<li><span style=\"color: #000000;\"><a style=\"color: #000000;\" href=\"https:\/\/www.alldayled.com\/product\/scania-next-gen-zonneklep-lamp-wit-oranje-wit\/\"><strong>MTRS DUAL COLOR LAMP WEISS<\/strong><\/a><\/span><\/li>\n<\/ul>\n<p><span style=\"color: #000000;\">Sind Sie nach dem Lesen der obigen Beschreibung immer noch nicht davon \u00fcberzeugt, dass der MTRS Dual color Adapter Sonnenblend lampe das ist, was Sie suchen? Einfach weil es nicht das Zubeh\u00f6r ist, das Sie suchen? Dann schauen Sie sich auch unser gesamtes Angebot an <a style=\"color: #000000;\" href=\"https:\/\/www.alldayled.com\/de\/marke\/mtrs\/\">MTRS<\/a> an. Vielleicht finden Sie hier das Zubeh\u00f6r oder die Lampe, die Sie suchen.  <\/span><\/p>\n","protected":false},"excerpt":{"rendered":"<p>Wenn Sie eine Dual color Sonnenblendenlampe gekauft haben, darf diese nicht fehlen!<\/p>\n","protected":false},"featured_media":31587,"comment_status":"open","ping_status":"closed","template":"","meta":{"_acf_changed":false},"product_brand":[6501],"product_cat":[5330],"product_tag":[],"class_list":{"0":"post-68385","1":"product","2":"type-product","3":"status-publish","4":"has-post-thumbnail","6":"product_brand-mtrs","7":"product_cat-fittingen-en-kabels","9":"first","10":"instock","11":"taxable","12":"shipping-taxable","13":"purchasable","14":"product-type-simple"},"acf":[],"yoast_head":"<!-- This site is optimized with the Yoast SEO Premium plugin v26.5 (Yoast SEO v27.1.1) - https:\/\/yoast.com\/product\/yoast-seo-premium-wordpress\/ -->\n<title>Dual color Adapter Sonnenblend lampe - All Day Led - f\u00fcr Sonnenblendenlampe 24 Volt<\/title>\n<meta name=\"description\" content=\"DUAL COLOR LAMP ADAPTER - f\u00fcr Scania Sonnenblendenlampe - originaler Kabelbaum-Anschlussstecker - f\u00fcr 15 Lampen - Plug-and-Play - !Nur 24 Volt!\" \/>\n<meta name=\"robots\" content=\"index, follow, max-snippet:-1, max-image-preview:large, max-video-preview:-1\" \/>\n<link rel=\"canonical\" href=\"https:\/\/www.alldayled.com\/de\/produkt\/dual-color-zonneklep-lamp-adapter\/\" \/>\n<meta property=\"og:locale\" content=\"de_DE\" \/>\n<meta property=\"og:type\" content=\"article\" \/>\n<meta property=\"og:title\" content=\"Dual color Adapter Sonnenblend lampe - All Day Led - f\u00fcr Sonnenblendenlampe 24 Volt\" \/>\n<meta property=\"og:description\" content=\"DUAL COLOR LAMP ADAPTER - f\u00fcr Scania Sonnenblendenlampe - originaler Kabelbaum-Anschlussstecker - f\u00fcr 15 Lampen - Plug-and-Play - !Nur 24 Volt!\" \/>\n<meta property=\"og:url\" content=\"https:\/\/www.alldayled.com\/de\/produkt\/dual-color-zonneklep-lamp-adapter\/\" \/>\n<meta property=\"og:site_name\" content=\"All Day Led\" \/>\n<meta property=\"article:publisher\" content=\"https:\/\/www.facebook.com\/alldayled\/\" \/>\n<meta property=\"og:image\" content=\"https:\/\/www.alldayled.com\/wp-content\/uploads\/2024\/10\/ADL40919.png\" \/>\n\t<meta property=\"og:image:width\" content=\"800\" \/>\n\t<meta property=\"og:image:height\" content=\"600\" \/>\n\t<meta property=\"og:image:type\" content=\"image\/png\" \/>\n<meta name=\"twitter:label1\" content=\"Preis\" \/>\n\t<meta name=\"twitter:data1\" content=\"&euro;&nbsp;49,95\" \/>\n\t<meta name=\"twitter:label2\" content=\"Verf\u00fcgbarkeit\" \/>\n\t<meta name=\"twitter:data2\" content=\"Auf Lager\" \/>\n<script type=\"application\/ld+json\" class=\"yoast-schema-graph\">{\"@context\":\"https:\/\/schema.org\",\"@graph\":[{\"@type\":\"WebPage\",\"@id\":\"https:\/\/www.alldayled.com\/de\/produkt\/dual-color-zonneklep-lamp-adapter\/\",\"url\":\"https:\/\/www.alldayled.com\/de\/produkt\/dual-color-zonneklep-lamp-adapter\/\",\"name\":\"Dual color Adapter Sonnenblend lampe - All Day Led - f\u00fcr Sonnenblendenlampe 24 Volt\",\"isPartOf\":{\"@id\":\"https:\/\/www.alldayled.com\/de\/#website\"},\"primaryImageOfPage\":{\"@id\":\"https:\/\/www.alldayled.com\/de\/produkt\/dual-color-zonneklep-lamp-adapter\/#primaryimage\"},\"image\":{\"@id\":\"https:\/\/www.alldayled.com\/de\/produkt\/dual-color-zonneklep-lamp-adapter\/#primaryimage\"},\"thumbnailUrl\":\"https:\/\/www.alldayled.com\/wp-content\/uploads\/2024\/10\/ADL40919.png\",\"datePublished\":\"2023-01-01T13:14:57+00:00\",\"description\":\"DUAL COLOR LAMP ADAPTER - f\u00fcr Scania Sonnenblendenlampe - originaler Kabelbaum-Anschlussstecker - f\u00fcr 15 Lampen - Plug-and-Play - !Nur 24 Volt!\",\"breadcrumb\":{\"@id\":\"https:\/\/www.alldayled.com\/de\/produkt\/dual-color-zonneklep-lamp-adapter\/#breadcrumb\"},\"inLanguage\":\"de\",\"potentialAction\":[{\"@type\":\"ReadAction\",\"target\":[\"https:\/\/www.alldayled.com\/de\/produkt\/dual-color-zonneklep-lamp-adapter\/\"]}]},{\"@type\":\"ImageObject\",\"inLanguage\":\"de\",\"@id\":\"https:\/\/www.alldayled.com\/de\/produkt\/dual-color-zonneklep-lamp-adapter\/#primaryimage\",\"url\":\"https:\/\/www.alldayled.com\/wp-content\/uploads\/2024\/10\/ADL40919.png\",\"contentUrl\":\"https:\/\/www.alldayled.com\/wp-content\/uploads\/2024\/10\/ADL40919.png\",\"width\":800,\"height\":600,\"caption\":\"MTRS Dual color Adapter Sonnenblend lampe - Zubeh\u00f6r, das eine DUAL COLOR Sonnenblendenlampe ben\u00f6tigt, um einen Farbwechsel zu realisieren - EAN: 7423515590584\"},{\"@type\":\"BreadcrumbList\",\"@id\":\"https:\/\/www.alldayled.com\/de\/produkt\/dual-color-zonneklep-lamp-adapter\/#breadcrumb\",\"itemListElement\":[{\"@type\":\"ListItem\",\"position\":1,\"name\":\"Home\",\"item\":\"https:\/\/www.alldayled.com\/de\/\"},{\"@type\":\"ListItem\",\"position\":2,\"name\":\"Shop\",\"item\":\"https:\/\/www.alldayled.com\/de\/shop\/\"},{\"@type\":\"ListItem\",\"position\":3,\"name\":\"Andere\",\"item\":\"https:\/\/www.alldayled.com\/de\/produkt-kategorie\/andere-produkte\/\"},{\"@type\":\"ListItem\",\"position\":4,\"name\":\"Armaturen und Kabel\",\"item\":\"https:\/\/www.alldayled.com\/de\/produkt-kategorie\/andere-produkte\/fittingen-en-kabels\/\"},{\"@type\":\"ListItem\",\"position\":5,\"name\":\"Dual color Adapter Sonnenblend lampe\"}]},{\"@type\":\"WebSite\",\"@id\":\"https:\/\/www.alldayled.com\/de\/#website\",\"url\":\"https:\/\/www.alldayled.com\/de\/\",\"name\":\"All Day Led\",\"description\":\"Verlichting voor 12&amp;24 volt gebruik\",\"publisher\":{\"@id\":\"https:\/\/www.alldayled.com\/de\/#organization\"},\"potentialAction\":[{\"@type\":\"SearchAction\",\"target\":{\"@type\":\"EntryPoint\",\"urlTemplate\":\"https:\/\/www.alldayled.com\/de\/?s={search_term_string}\"},\"query-input\":{\"@type\":\"PropertyValueSpecification\",\"valueRequired\":true,\"valueName\":\"search_term_string\"}}],\"inLanguage\":\"de\"},{\"@type\":\"Organization\",\"@id\":\"https:\/\/www.alldayled.com\/de\/#organization\",\"name\":\"All Day Led\",\"url\":\"https:\/\/www.alldayled.com\/de\/\",\"logo\":{\"@type\":\"ImageObject\",\"inLanguage\":\"de\",\"@id\":\"https:\/\/www.alldayled.com\/de\/#\/schema\/logo\/image\/\",\"url\":\"https:\/\/www.alldayled.com\/wp-content\/uploads\/2025\/10\/Logo-ALL-DAY-LED-800x800-zwart-witte-letters.png\",\"contentUrl\":\"https:\/\/www.alldayled.com\/wp-content\/uploads\/2025\/10\/Logo-ALL-DAY-LED-800x800-zwart-witte-letters.png\",\"width\":800,\"height\":800,\"caption\":\"All Day Led\"},\"image\":{\"@id\":\"https:\/\/www.alldayled.com\/de\/#\/schema\/logo\/image\/\"},\"sameAs\":[\"https:\/\/www.facebook.com\/alldayled\/\",\"https:\/\/www.instagram.com\/alldayled\/\"],\"vatID\":\"NL863960133B01\",\"taxID\":\"86416545\"}]}<\/script>\n<meta property=\"product:brand\" content=\"MTRS\" \/>\n<meta property=\"product:price:amount\" content=\"49.95\" \/>\n<meta property=\"product:price:currency\" content=\"EUR\" \/>\n<meta property=\"og:availability\" content=\"instock\" \/>\n<meta property=\"product:availability\" content=\"instock\" \/>\n<meta property=\"product:retailer_item_id\" content=\"ADL40919\" \/>\n<meta property=\"product:condition\" content=\"new\" \/>\n<!-- \/ Yoast SEO Premium plugin. -->","yoast_head_json":{"title":"Dual color Adapter Sonnenblend lampe - All Day Led - f\u00fcr Sonnenblendenlampe 24 Volt","description":"DUAL COLOR LAMP ADAPTER - f\u00fcr Scania Sonnenblendenlampe - originaler Kabelbaum-Anschlussstecker - f\u00fcr 15 Lampen - Plug-and-Play - !Nur 24 Volt!","robots":{"index":"index","follow":"follow","max-snippet":"max-snippet:-1","max-image-preview":"max-image-preview:large","max-video-preview":"max-video-preview:-1"},"canonical":"https:\/\/www.alldayled.com\/de\/produkt\/dual-color-zonneklep-lamp-adapter\/","og_locale":"de_DE","og_type":"article","og_title":"Dual color Adapter Sonnenblend lampe - All Day Led - f\u00fcr Sonnenblendenlampe 24 Volt","og_description":"DUAL COLOR LAMP ADAPTER - f\u00fcr Scania Sonnenblendenlampe - originaler Kabelbaum-Anschlussstecker - f\u00fcr 15 Lampen - Plug-and-Play - !Nur 24 Volt!","og_url":"https:\/\/www.alldayled.com\/de\/produkt\/dual-color-zonneklep-lamp-adapter\/","og_site_name":"All Day Led","article_publisher":"https:\/\/www.facebook.com\/alldayled\/","og_image":[{"width":800,"height":600,"url":"https:\/\/www.alldayled.com\/wp-content\/uploads\/2024\/10\/ADL40919.png","type":"image\/png"}],"twitter_misc":{"Preis":"&euro;&nbsp;49,95","Verf\u00fcgbarkeit":"Auf Lager"},"schema":{"@context":"https:\/\/schema.org","@graph":[{"@type":"WebPage","@id":"https:\/\/www.alldayled.com\/de\/produkt\/dual-color-zonneklep-lamp-adapter\/","url":"https:\/\/www.alldayled.com\/de\/produkt\/dual-color-zonneklep-lamp-adapter\/","name":"Dual color Adapter Sonnenblend lampe - All Day Led - f\u00fcr Sonnenblendenlampe 24 Volt","isPartOf":{"@id":"https:\/\/www.alldayled.com\/de\/#website"},"primaryImageOfPage":{"@id":"https:\/\/www.alldayled.com\/de\/produkt\/dual-color-zonneklep-lamp-adapter\/#primaryimage"},"image":{"@id":"https:\/\/www.alldayled.com\/de\/produkt\/dual-color-zonneklep-lamp-adapter\/#primaryimage"},"thumbnailUrl":"https:\/\/www.alldayled.com\/wp-content\/uploads\/2024\/10\/ADL40919.png","datePublished":"2023-01-01T13:14:57+00:00","description":"DUAL COLOR LAMP ADAPTER - f\u00fcr Scania Sonnenblendenlampe - originaler Kabelbaum-Anschlussstecker - f\u00fcr 15 Lampen - Plug-and-Play - !Nur 24 Volt!","breadcrumb":{"@id":"https:\/\/www.alldayled.com\/de\/produkt\/dual-color-zonneklep-lamp-adapter\/#breadcrumb"},"inLanguage":"de","potentialAction":[{"@type":"ReadAction","target":["https:\/\/www.alldayled.com\/de\/produkt\/dual-color-zonneklep-lamp-adapter\/"]}]},{"@type":"ImageObject","inLanguage":"de","@id":"https:\/\/www.alldayled.com\/de\/produkt\/dual-color-zonneklep-lamp-adapter\/#primaryimage","url":"https:\/\/www.alldayled.com\/wp-content\/uploads\/2024\/10\/ADL40919.png","contentUrl":"https:\/\/www.alldayled.com\/wp-content\/uploads\/2024\/10\/ADL40919.png","width":800,"height":600,"caption":"MTRS Dual color Adapter Sonnenblend lampe - Zubeh\u00f6r, das eine DUAL COLOR Sonnenblendenlampe ben\u00f6tigt, um einen Farbwechsel zu realisieren - EAN: 7423515590584"},{"@type":"BreadcrumbList","@id":"https:\/\/www.alldayled.com\/de\/produkt\/dual-color-zonneklep-lamp-adapter\/#breadcrumb","itemListElement":[{"@type":"ListItem","position":1,"name":"Home","item":"https:\/\/www.alldayled.com\/de\/"},{"@type":"ListItem","position":2,"name":"Shop","item":"https:\/\/www.alldayled.com\/de\/shop\/"},{"@type":"ListItem","position":3,"name":"Andere","item":"https:\/\/www.alldayled.com\/de\/produkt-kategorie\/andere-produkte\/"},{"@type":"ListItem","position":4,"name":"Armaturen und Kabel","item":"https:\/\/www.alldayled.com\/de\/produkt-kategorie\/andere-produkte\/fittingen-en-kabels\/"},{"@type":"ListItem","position":5,"name":"Dual color Adapter Sonnenblend lampe"}]},{"@type":"WebSite","@id":"https:\/\/www.alldayled.com\/de\/#website","url":"https:\/\/www.alldayled.com\/de\/","name":"All Day Led","description":"Verlichting voor 12&amp;24 volt gebruik","publisher":{"@id":"https:\/\/www.alldayled.com\/de\/#organization"},"potentialAction":[{"@type":"SearchAction","target":{"@type":"EntryPoint","urlTemplate":"https:\/\/www.alldayled.com\/de\/?s={search_term_string}"},"query-input":{"@type":"PropertyValueSpecification","valueRequired":true,"valueName":"search_term_string"}}],"inLanguage":"de"},{"@type":"Organization","@id":"https:\/\/www.alldayled.com\/de\/#organization","name":"All Day Led","url":"https:\/\/www.alldayled.com\/de\/","logo":{"@type":"ImageObject","inLanguage":"de","@id":"https:\/\/www.alldayled.com\/de\/#\/schema\/logo\/image\/","url":"https:\/\/www.alldayled.com\/wp-content\/uploads\/2025\/10\/Logo-ALL-DAY-LED-800x800-zwart-witte-letters.png","contentUrl":"https:\/\/www.alldayled.com\/wp-content\/uploads\/2025\/10\/Logo-ALL-DAY-LED-800x800-zwart-witte-letters.png","width":800,"height":800,"caption":"All Day Led"},"image":{"@id":"https:\/\/www.alldayled.com\/de\/#\/schema\/logo\/image\/"},"sameAs":["https:\/\/www.facebook.com\/alldayled\/","https:\/\/www.instagram.com\/alldayled\/"],"vatID":"NL863960133B01","taxID":"86416545"}]},"product_brand":"MTRS","product_price_amount":"49.95","product_price_currency":"EUR","og_availability":"instock","product_availability":"instock","product_retailer_item_id":"ADL40919","product_condition":"new"},"_links":{"self":[{"href":"https:\/\/www.alldayled.com\/de\/wp-json\/wp\/v2\/product\/68385","targetHints":{"allow":["GET"]}}],"collection":[{"href":"https:\/\/www.alldayled.com\/de\/wp-json\/wp\/v2\/product"}],"about":[{"href":"https:\/\/www.alldayled.com\/de\/wp-json\/wp\/v2\/types\/product"}],"replies":[{"embeddable":true,"href":"https:\/\/www.alldayled.com\/de\/wp-json\/wp\/v2\/comments?post=68385"}],"wp:featuredmedia":[{"embeddable":true,"href":"https:\/\/www.alldayled.com\/de\/wp-json\/wp\/v2\/media\/31587"}],"wp:attachment":[{"href":"https:\/\/www.alldayled.com\/de\/wp-json\/wp\/v2\/media?parent=68385"}],"wp:term":[{"taxonomy":"product_brand","embeddable":true,"href":"https:\/\/www.alldayled.com\/de\/wp-json\/wp\/v2\/product_brand?post=68385"},{"taxonomy":"product_cat","embeddable":true,"href":"https:\/\/www.alldayled.com\/de\/wp-json\/wp\/v2\/product_cat?post=68385"},{"taxonomy":"product_tag","embeddable":true,"href":"https:\/\/www.alldayled.com\/de\/wp-json\/wp\/v2\/product_tag?post=68385"}],"curies":[{"name":"wp","href":"https:\/\/api.w.org\/{rel}","templated":true}]}}