{"id":68388,"date":"2023-01-01T14:16:43","date_gmt":"2023-01-01T13:16:43","guid":{"rendered":"https:\/\/www.alldayled.com\/product\/aansluitkabel-voor-zonneklep-lamp\/"},"modified":"2026-01-23T13:20:56","modified_gmt":"2026-01-23T12:20:56","slug":"aansluitkabel-voor-zonneklep-lamp","status":"publish","type":"product","link":"https:\/\/www.alldayled.com\/de\/produkt\/aansluitkabel-voor-zonneklep-lamp\/","title":{"rendered":"Anschlusskabel f\u00fcr Sonnenblend Lampe"},"content":{"rendered":"<p><span style=\"color: #000000;\"><strong>Anschlusskabel f\u00fcr Sonnenblend Lampe. <\/strong><\/span><\/p>\n<p><span style=\"color: #000000;\">Hast du eine Sonnenblend Lampe gekauft, die mit dem bekannten Scania Eingangsstecker ausgestattet ist? Aber wei\u00dft du nicht, wie du die Lampe mit Strom versorgst? Dann ist das MTRS Anschlusskabel f\u00fcr eine Sonnenblend Lampe vielleicht genau das Zubeh\u00f6r, das du suchst. Das Kabel ist f\u00fcr die bekannte Scania Next Gen Sonnenblend Lampe geeignet und passt auch auf Replika-Lampen anderer Marken.   <span style=\"font-size: 16px;\"> <\/span><\/span><\/p>\n<p><span style=\"color: #000000;\">Damit du vor dem Kauf sicher sein kannst, dass dies das Zubeh\u00f6r ist, das du suchst. Haben wir hier einige wichtige Eigenschaften aufgef\u00fchrt. Eine der wichtigsten Eigenschaften ist, dass das Sonnenblend Lampenkabel mit einem Scania Stecker ausgestattet ist. Da das Kabel mit diesem Stecker am Eingang ausgestattet ist, ist die Installation recht einfach. Des Weiteren ist es gut zu wissen, dass der Kabelbaum mit einem Gummidichtring am Stecker versehen ist. Dadurch kannst du den Anschluss bei korrekter Installation gut abdichten und verhindern, dass Wasser eindringt. Bitte beachte, wir empfehlen jedoch, die Installation von einem zertifizierten Unternehmen durchf\u00fchren zu lassen.       <\/span><\/p>\n<h5><span style=\"color: #000000;\"><strong>Weitere Artikel:<\/strong><\/span><\/h5>\n<p><span style=\"color: #000000;\">Hast du das MTRS Anschlusskabel f\u00fcr eine Sonnenblend Lampe bereits an deinem LKW installiert, kannst die Lampen aber noch nicht mit dem Kabelbaum verbinden? Dann sieh dir unten eine \u00dcbersicht der weiteren Artikel an, die du oft in Kombination mit diesem Zubeh\u00f6r verwenden kannst.  <\/span><\/p>\n<ul>\n<li><span style=\"color: #000000;\"><a style=\"color: #000000;\" href=\"https:\/\/www.alldayled.com\/de\/produkt\/kabelboom-voor-5-zonneklep-lampen\/\"><strong>MTRS Kabelbaum 5 Leuchten<\/strong><\/a><\/span><\/li>\n<\/ul>\n<p><span style=\"color: #000000;\">Bist du nach dem Lesen der obigen Beschreibung immer noch nicht \u00fcberzeugt, dass das MTRS Anschlusskabel f\u00fcr eine Sonnenblend Lampe das ist, was du suchst? Einfach weil es nicht das Zubeh\u00f6r ist, das du suchst? Dann schau dir auch unser gesamtes Angebot von <a style=\"color: #000000;\" href=\"https:\/\/www.alldayled.com\/de\/marke\/mtrs\/\">MTRS<\/a> an. Vielleicht findest du hier das Zubeh\u00f6r oder die Lampe, wonach du suchst.  <\/span><\/p>\n","protected":false},"excerpt":{"rendered":"<p>Geeignet f\u00fcr die Sonnenblend Lampen von Boreman und MTRS!<\/p>\n","protected":false},"featured_media":24606,"comment_status":"open","ping_status":"closed","template":"","meta":{"_acf_changed":false},"product_brand":[6501],"product_cat":[5330],"product_tag":[9520,9522],"class_list":{"0":"post-68388","1":"product","2":"type-product","3":"status-publish","4":"has-post-thumbnail","6":"product_brand-mtrs","7":"product_cat-fittingen-en-kabels","8":"product_tag-scania","9":"product_tag-scania-next-gen","11":"first","12":"instock","13":"taxable","14":"shipping-taxable","15":"purchasable","16":"product-type-simple"},"acf":[],"yoast_head":"<!-- This site is optimized with the Yoast SEO Premium plugin v26.5 (Yoast SEO v27.1.1) - https:\/\/yoast.com\/product\/yoast-seo-premium-wordpress\/ -->\n<title>Anschlusskabel Sonnenblend Lampe - All Day Led - Plug-and-Play<\/title>\n<meta name=\"description\" content=\"Anschlusskabel Sonnenblend Lampe - originaler Scania Stecker am Eingang - mit wasserdichtem Anschluss - Plug-and-Play-Produkt\" \/>\n<meta name=\"robots\" content=\"index, follow, max-snippet:-1, max-image-preview:large, max-video-preview:-1\" \/>\n<link rel=\"canonical\" href=\"https:\/\/www.alldayled.com\/de\/produkt\/aansluitkabel-voor-zonneklep-lamp\/\" \/>\n<meta property=\"og:locale\" content=\"de_DE\" \/>\n<meta property=\"og:type\" content=\"article\" \/>\n<meta property=\"og:title\" content=\"Anschlusskabel Sonnenblend Lampe Scania - All Day Led - NG Serie\" \/>\n<meta property=\"og:description\" content=\"Anschlusskabel Sonnenblend Lampe Scania - Scania LED-Toplampe - f\u00fcr Scania Next Gen Serien - Plug &amp; Play Scania Stecker - Baujahr 2016+\" \/>\n<meta property=\"og:url\" content=\"https:\/\/www.alldayled.com\/de\/produkt\/aansluitkabel-voor-zonneklep-lamp\/\" \/>\n<meta property=\"og:site_name\" content=\"All Day Led\" \/>\n<meta property=\"article:publisher\" content=\"https:\/\/www.facebook.com\/alldayled\/\" \/>\n<meta property=\"article:modified_time\" content=\"2026-01-23T12:20:56+00:00\" \/>\n<meta property=\"og:image\" content=\"https:\/\/www.alldayled.com\/wp-content\/uploads\/2023\/03\/ADL40863.png\" \/>\n<meta name=\"twitter:label1\" content=\"Preis\" \/>\n\t<meta name=\"twitter:data1\" content=\"&euro;&nbsp;14,95\" \/>\n\t<meta name=\"twitter:label2\" content=\"Verf\u00fcgbarkeit\" \/>\n\t<meta name=\"twitter:data2\" content=\"Auf Lager\" \/>\n<script type=\"application\/ld+json\" class=\"yoast-schema-graph\">{\"@context\":\"https:\/\/schema.org\",\"@graph\":[{\"@type\":\"WebPage\",\"@id\":\"https:\/\/www.alldayled.com\/de\/produkt\/aansluitkabel-voor-zonneklep-lamp\/\",\"url\":\"https:\/\/www.alldayled.com\/de\/produkt\/aansluitkabel-voor-zonneklep-lamp\/\",\"name\":\"Anschlusskabel Sonnenblend Lampe - All Day Led - Plug-and-Play\",\"isPartOf\":{\"@id\":\"https:\/\/www.alldayled.com\/de\/#website\"},\"primaryImageOfPage\":{\"@id\":\"https:\/\/www.alldayled.com\/de\/produkt\/aansluitkabel-voor-zonneklep-lamp\/#primaryimage\"},\"image\":{\"@id\":\"https:\/\/www.alldayled.com\/de\/produkt\/aansluitkabel-voor-zonneklep-lamp\/#primaryimage\"},\"thumbnailUrl\":\"https:\/\/www.alldayled.com\/wp-content\/uploads\/2023\/03\/ADL40863.png\",\"datePublished\":\"2023-01-01T13:16:43+00:00\",\"dateModified\":\"2026-01-23T12:20:56+00:00\",\"description\":\"Anschlusskabel Sonnenblend Lampe - originaler Scania Stecker am Eingang - mit wasserdichtem Anschluss - Plug-and-Play-Produkt\",\"breadcrumb\":{\"@id\":\"https:\/\/www.alldayled.com\/de\/produkt\/aansluitkabel-voor-zonneklep-lamp\/#breadcrumb\"},\"inLanguage\":\"de\",\"potentialAction\":[{\"@type\":\"ReadAction\",\"target\":[\"https:\/\/www.alldayled.com\/de\/produkt\/aansluitkabel-voor-zonneklep-lamp\/\"]}]},{\"@type\":\"ImageObject\",\"inLanguage\":\"de\",\"@id\":\"https:\/\/www.alldayled.com\/de\/produkt\/aansluitkabel-voor-zonneklep-lamp\/#primaryimage\",\"url\":\"https:\/\/www.alldayled.com\/wp-content\/uploads\/2023\/03\/ADL40863.png\",\"contentUrl\":\"https:\/\/www.alldayled.com\/wp-content\/uploads\/2023\/03\/ADL40863.png\",\"width\":800,\"height\":600,\"caption\":\"Anschlusskabel Scania NG Sonnenblend Lampe - geeignet f\u00fcr verschiedene LKW-Marken - EAN: 6090555597500\"},{\"@type\":\"BreadcrumbList\",\"@id\":\"https:\/\/www.alldayled.com\/de\/produkt\/aansluitkabel-voor-zonneklep-lamp\/#breadcrumb\",\"itemListElement\":[{\"@type\":\"ListItem\",\"position\":1,\"name\":\"Home\",\"item\":\"https:\/\/www.alldayled.com\/de\/\"},{\"@type\":\"ListItem\",\"position\":2,\"name\":\"Shop\",\"item\":\"https:\/\/www.alldayled.com\/de\/shop\/\"},{\"@type\":\"ListItem\",\"position\":3,\"name\":\"Andere\",\"item\":\"https:\/\/www.alldayled.com\/de\/produkt-kategorie\/andere-produkte\/\"},{\"@type\":\"ListItem\",\"position\":4,\"name\":\"Armaturen und Kabel\",\"item\":\"https:\/\/www.alldayled.com\/de\/produkt-kategorie\/andere-produkte\/fittingen-en-kabels\/\"},{\"@type\":\"ListItem\",\"position\":5,\"name\":\"Anschlusskabel f\u00fcr Sonnenblend Lampe\"}]},{\"@type\":\"WebSite\",\"@id\":\"https:\/\/www.alldayled.com\/de\/#website\",\"url\":\"https:\/\/www.alldayled.com\/de\/\",\"name\":\"All Day Led\",\"description\":\"Verlichting voor 12&amp;24 volt gebruik\",\"publisher\":{\"@id\":\"https:\/\/www.alldayled.com\/de\/#organization\"},\"potentialAction\":[{\"@type\":\"SearchAction\",\"target\":{\"@type\":\"EntryPoint\",\"urlTemplate\":\"https:\/\/www.alldayled.com\/de\/?s={search_term_string}\"},\"query-input\":{\"@type\":\"PropertyValueSpecification\",\"valueRequired\":true,\"valueName\":\"search_term_string\"}}],\"inLanguage\":\"de\"},{\"@type\":\"Organization\",\"@id\":\"https:\/\/www.alldayled.com\/de\/#organization\",\"name\":\"All Day Led\",\"url\":\"https:\/\/www.alldayled.com\/de\/\",\"logo\":{\"@type\":\"ImageObject\",\"inLanguage\":\"de\",\"@id\":\"https:\/\/www.alldayled.com\/de\/#\/schema\/logo\/image\/\",\"url\":\"https:\/\/www.alldayled.com\/wp-content\/uploads\/2025\/10\/Logo-ALL-DAY-LED-800x800-zwart-witte-letters.png\",\"contentUrl\":\"https:\/\/www.alldayled.com\/wp-content\/uploads\/2025\/10\/Logo-ALL-DAY-LED-800x800-zwart-witte-letters.png\",\"width\":800,\"height\":800,\"caption\":\"All Day Led\"},\"image\":{\"@id\":\"https:\/\/www.alldayled.com\/de\/#\/schema\/logo\/image\/\"},\"sameAs\":[\"https:\/\/www.facebook.com\/alldayled\/\",\"https:\/\/www.instagram.com\/alldayled\/\"],\"vatID\":\"NL863960133B01\",\"taxID\":\"86416545\"}]}<\/script>\n<meta property=\"product:brand\" content=\"MTRS\" \/>\n<meta property=\"product:price:amount\" content=\"14.95\" \/>\n<meta property=\"product:price:currency\" content=\"EUR\" \/>\n<meta property=\"og:availability\" content=\"instock\" \/>\n<meta property=\"product:availability\" content=\"instock\" \/>\n<meta property=\"product:retailer_item_id\" content=\"ADL40863\" \/>\n<meta property=\"product:condition\" content=\"new\" \/>\n<!-- \/ Yoast SEO Premium plugin. -->","yoast_head_json":{"title":"Anschlusskabel Sonnenblend Lampe - All Day Led - Plug-and-Play","description":"Anschlusskabel Sonnenblend Lampe - originaler Scania Stecker am Eingang - mit wasserdichtem Anschluss - Plug-and-Play-Produkt","robots":{"index":"index","follow":"follow","max-snippet":"max-snippet:-1","max-image-preview":"max-image-preview:large","max-video-preview":"max-video-preview:-1"},"canonical":"https:\/\/www.alldayled.com\/de\/produkt\/aansluitkabel-voor-zonneklep-lamp\/","og_locale":"de_DE","og_type":"article","og_title":"Anschlusskabel Sonnenblend Lampe Scania - All Day Led - NG Serie","og_description":"Anschlusskabel Sonnenblend Lampe Scania - Scania LED-Toplampe - f\u00fcr Scania Next Gen Serien - Plug & Play Scania Stecker - Baujahr 2016+","og_url":"https:\/\/www.alldayled.com\/de\/produkt\/aansluitkabel-voor-zonneklep-lamp\/","og_site_name":"All Day Led","article_publisher":"https:\/\/www.facebook.com\/alldayled\/","article_modified_time":"2026-01-23T12:20:56+00:00","og_image":[{"url":"https:\/\/www.alldayled.com\/wp-content\/uploads\/2023\/03\/ADL40863.png","type":"","width":"","height":""}],"twitter_misc":{"Preis":"&euro;&nbsp;14,95","Verf\u00fcgbarkeit":"Auf Lager"},"schema":{"@context":"https:\/\/schema.org","@graph":[{"@type":"WebPage","@id":"https:\/\/www.alldayled.com\/de\/produkt\/aansluitkabel-voor-zonneklep-lamp\/","url":"https:\/\/www.alldayled.com\/de\/produkt\/aansluitkabel-voor-zonneklep-lamp\/","name":"Anschlusskabel Sonnenblend Lampe - All Day Led - Plug-and-Play","isPartOf":{"@id":"https:\/\/www.alldayled.com\/de\/#website"},"primaryImageOfPage":{"@id":"https:\/\/www.alldayled.com\/de\/produkt\/aansluitkabel-voor-zonneklep-lamp\/#primaryimage"},"image":{"@id":"https:\/\/www.alldayled.com\/de\/produkt\/aansluitkabel-voor-zonneklep-lamp\/#primaryimage"},"thumbnailUrl":"https:\/\/www.alldayled.com\/wp-content\/uploads\/2023\/03\/ADL40863.png","datePublished":"2023-01-01T13:16:43+00:00","dateModified":"2026-01-23T12:20:56+00:00","description":"Anschlusskabel Sonnenblend Lampe - originaler Scania Stecker am Eingang - mit wasserdichtem Anschluss - Plug-and-Play-Produkt","breadcrumb":{"@id":"https:\/\/www.alldayled.com\/de\/produkt\/aansluitkabel-voor-zonneklep-lamp\/#breadcrumb"},"inLanguage":"de","potentialAction":[{"@type":"ReadAction","target":["https:\/\/www.alldayled.com\/de\/produkt\/aansluitkabel-voor-zonneklep-lamp\/"]}]},{"@type":"ImageObject","inLanguage":"de","@id":"https:\/\/www.alldayled.com\/de\/produkt\/aansluitkabel-voor-zonneklep-lamp\/#primaryimage","url":"https:\/\/www.alldayled.com\/wp-content\/uploads\/2023\/03\/ADL40863.png","contentUrl":"https:\/\/www.alldayled.com\/wp-content\/uploads\/2023\/03\/ADL40863.png","width":800,"height":600,"caption":"Anschlusskabel Scania NG Sonnenblend Lampe - geeignet f\u00fcr verschiedene LKW-Marken - EAN: 6090555597500"},{"@type":"BreadcrumbList","@id":"https:\/\/www.alldayled.com\/de\/produkt\/aansluitkabel-voor-zonneklep-lamp\/#breadcrumb","itemListElement":[{"@type":"ListItem","position":1,"name":"Home","item":"https:\/\/www.alldayled.com\/de\/"},{"@type":"ListItem","position":2,"name":"Shop","item":"https:\/\/www.alldayled.com\/de\/shop\/"},{"@type":"ListItem","position":3,"name":"Andere","item":"https:\/\/www.alldayled.com\/de\/produkt-kategorie\/andere-produkte\/"},{"@type":"ListItem","position":4,"name":"Armaturen und Kabel","item":"https:\/\/www.alldayled.com\/de\/produkt-kategorie\/andere-produkte\/fittingen-en-kabels\/"},{"@type":"ListItem","position":5,"name":"Anschlusskabel f\u00fcr Sonnenblend Lampe"}]},{"@type":"WebSite","@id":"https:\/\/www.alldayled.com\/de\/#website","url":"https:\/\/www.alldayled.com\/de\/","name":"All Day Led","description":"Verlichting voor 12&amp;24 volt gebruik","publisher":{"@id":"https:\/\/www.alldayled.com\/de\/#organization"},"potentialAction":[{"@type":"SearchAction","target":{"@type":"EntryPoint","urlTemplate":"https:\/\/www.alldayled.com\/de\/?s={search_term_string}"},"query-input":{"@type":"PropertyValueSpecification","valueRequired":true,"valueName":"search_term_string"}}],"inLanguage":"de"},{"@type":"Organization","@id":"https:\/\/www.alldayled.com\/de\/#organization","name":"All Day Led","url":"https:\/\/www.alldayled.com\/de\/","logo":{"@type":"ImageObject","inLanguage":"de","@id":"https:\/\/www.alldayled.com\/de\/#\/schema\/logo\/image\/","url":"https:\/\/www.alldayled.com\/wp-content\/uploads\/2025\/10\/Logo-ALL-DAY-LED-800x800-zwart-witte-letters.png","contentUrl":"https:\/\/www.alldayled.com\/wp-content\/uploads\/2025\/10\/Logo-ALL-DAY-LED-800x800-zwart-witte-letters.png","width":800,"height":800,"caption":"All Day Led"},"image":{"@id":"https:\/\/www.alldayled.com\/de\/#\/schema\/logo\/image\/"},"sameAs":["https:\/\/www.facebook.com\/alldayled\/","https:\/\/www.instagram.com\/alldayled\/"],"vatID":"NL863960133B01","taxID":"86416545"}]},"product_brand":"MTRS","product_price_amount":"14.95","product_price_currency":"EUR","og_availability":"instock","product_availability":"instock","product_retailer_item_id":"ADL40863","product_condition":"new"},"_links":{"self":[{"href":"https:\/\/www.alldayled.com\/de\/wp-json\/wp\/v2\/product\/68388","targetHints":{"allow":["GET"]}}],"collection":[{"href":"https:\/\/www.alldayled.com\/de\/wp-json\/wp\/v2\/product"}],"about":[{"href":"https:\/\/www.alldayled.com\/de\/wp-json\/wp\/v2\/types\/product"}],"replies":[{"embeddable":true,"href":"https:\/\/www.alldayled.com\/de\/wp-json\/wp\/v2\/comments?post=68388"}],"wp:featuredmedia":[{"embeddable":true,"href":"https:\/\/www.alldayled.com\/de\/wp-json\/wp\/v2\/media\/24606"}],"wp:attachment":[{"href":"https:\/\/www.alldayled.com\/de\/wp-json\/wp\/v2\/media?parent=68388"}],"wp:term":[{"taxonomy":"product_brand","embeddable":true,"href":"https:\/\/www.alldayled.com\/de\/wp-json\/wp\/v2\/product_brand?post=68388"},{"taxonomy":"product_cat","embeddable":true,"href":"https:\/\/www.alldayled.com\/de\/wp-json\/wp\/v2\/product_cat?post=68388"},{"taxonomy":"product_tag","embeddable":true,"href":"https:\/\/www.alldayled.com\/de\/wp-json\/wp\/v2\/product_tag?post=68388"}],"curies":[{"name":"wp","href":"https:\/\/api.w.org\/{rel}","templated":true}]}}