{"id":68389,"date":"2023-01-01T14:15:32","date_gmt":"2023-01-01T13:15:32","guid":{"rendered":"https:\/\/www.alldayled.com\/product\/kabelboom-voor-5-zonneklep-lampen\/"},"modified":"2026-03-29T09:19:25","modified_gmt":"2026-03-29T07:19:25","slug":"kabelboom-voor-5-zonneklep-lampen","status":"publish","type":"product","link":"https:\/\/www.alldayled.com\/de\/produkt\/kabelboom-voor-5-zonneklep-lampen\/","title":{"rendered":"Kabelbaum f\u00fcr 5 Sonnenblend Lampe"},"content":{"rendered":"<p><span style=\"color: #000000;\"><strong>Kabelbaum f\u00fcr 5 Sonnenblend Lampe. <\/strong><\/span><\/p>\n<p><span style=\"color: #000000;\">Hast du eine Sonnenblende am LKW mit 5 Lampen und m\u00f6chtest diese einfach und schnell mit einem guten Kabelbaum ausstatten? Dann ist der MTRS Kabelbaum f\u00fcr 5 Sonnenblend Lampe vielleicht DAS Zubeh\u00f6r, das du suchst. Der Kabelbaum ist f\u00fcr 5 Lampen geeignet, die wie folgt verteilt sind: 1 links &#8211; 3 in der Mitte &#8211; 1 rechts. Am Ende jedes Kabels befindet sich ein Stecker, der zu den originalen Sonnenblend Lampen passt.   <\/span><\/p>\n<p><span style=\"color: #000000;\">Da du vor dem Kauf sicher sein m\u00f6chtest, dass dies das Zubeh\u00f6r ist, das du suchst, haben wir hier einige wichtige Eigenschaften aufgef\u00fchrt. Eine der wichtigsten Eigenschaften ist, dass der Kabelbaum mit einem Scania-Anschluss ausgestattet ist. Da der Kabelbaum mit diesem Stecker am Eingang ausgestattet ist, ist die Installation recht einfach. Es ist auch gut zu wissen, dass der Kabelbaum mit einem Gummidichtring am Stecker versehen ist. Dadurch kannst du das Loch bei korrekter Installation gut abdichten und verhindern, dass Wasser eindringt. Bitte beachte, wir empfehlen, die Installation von einem zertifizierten Unternehmen durchf\u00fchren zu lassen.       <\/span><\/p>\n<h5><span style=\"color: #000000;\"><strong>Weitere Artikel:<\/strong><\/span><\/h5>\n<p><span style=\"color: #000000;\">Hast du den Kabelbaum f\u00fcr 5 Sonnenblend Lampe bereits an deinem LKW, aber kannst die Lampen noch nicht mit dem Kabelbaum verbinden? Dann sieh dir unten eine \u00dcbersicht der weiteren Artikel an, die du oft in Kombination mit dem Kabelbaum verwenden kannst.  <\/span><\/p>\n<ul>\n<li><span style=\"color: #000000;\"><a style=\"color: #000000;\" href=\"https:\/\/www.alldayled.com\/de\/produkt\/aansluitkabel-voor-zonneklep-lamp\/\"><strong>MTRS Kabel Sonnenblend Lampe<\/strong><\/a><\/span><\/li>\n<\/ul>\n<p><span style=\"color: #000000;\">Bist du nach dem Lesen der obigen Beschreibung immer noch nicht \u00fcberzeugt, dass der MTRS Kabelbaum f\u00fcr 5 Sonnenblend Lampe das ist, was du suchst? Einfach weil es nicht das Zubeh\u00f6r ist, das du suchst? Dann schau dir auch unser gesamtes Angebot von <a style=\"color: #000000;\" href=\"https:\/\/www.alldayled.com\/de\/marke\/mtrs\/\">MTRS<\/a> an. Vielleicht findest du hier das Zubeh\u00f6r oder die Lampe, wonach du suchst.  <\/span><\/p>\n","protected":false},"excerpt":{"rendered":"<p>Kabelbaum zum Anschluss von 5 Toplichtern in der Sonnenblende.<\/p>\n","protected":false},"featured_media":31563,"comment_status":"open","ping_status":"closed","template":"","meta":{"_acf_changed":false},"product_brand":[6501],"product_cat":[5330],"product_tag":[],"class_list":{"0":"post-68389","1":"product","2":"type-product","3":"status-publish","4":"has-post-thumbnail","6":"product_brand-mtrs","7":"product_cat-fittingen-en-kabels","9":"first","10":"instock","11":"taxable","12":"shipping-taxable","13":"purchasable","14":"product-type-simple"},"acf":[],"yoast_head":"<!-- This site is optimized with the Yoast SEO Premium plugin v26.5 (Yoast SEO v27.1.1) - https:\/\/yoast.com\/product\/yoast-seo-premium-wordpress\/ -->\n<title>Kabelbaum f\u00fcr 5 Sonnenblend Lampe - All Day Led - plug and play<\/title>\n<meta name=\"description\" content=\"Kabelbaum f\u00fcr 5 Sonnenblend Lampe - originaler Scania-Anschluss am Eingang - Verteilung: 1 links - 3 in der Mitte - 1 rechts - Plug-and-Play-Produkt\" \/>\n<meta name=\"robots\" content=\"index, follow, max-snippet:-1, max-image-preview:large, max-video-preview:-1\" \/>\n<link rel=\"canonical\" href=\"https:\/\/www.alldayled.com\/de\/produkt\/kabelboom-voor-5-zonneklep-lampen\/\" \/>\n<meta property=\"og:locale\" content=\"de_DE\" \/>\n<meta property=\"og:type\" content=\"article\" \/>\n<meta property=\"og:title\" content=\"Kabelbaum f\u00fcr 5 Sonnenblend Lampe - All Day Led - plug and play\" \/>\n<meta property=\"og:description\" content=\"Kabelbaum f\u00fcr 5 Sonnenblend Lampe - originaler Scania-Anschluss am Eingang - Verteilung: 1 links - 3 in der Mitte - 1 rechts - Plug-and-Play-Produkt\" \/>\n<meta property=\"og:url\" content=\"https:\/\/www.alldayled.com\/de\/produkt\/kabelboom-voor-5-zonneklep-lampen\/\" \/>\n<meta property=\"og:site_name\" content=\"All Day Led\" \/>\n<meta property=\"article:publisher\" content=\"https:\/\/www.facebook.com\/alldayled\/\" \/>\n<meta property=\"article:modified_time\" content=\"2026-03-29T07:19:25+00:00\" \/>\n<meta property=\"og:image\" content=\"https:\/\/www.alldayled.com\/wp-content\/uploads\/2024\/10\/ADL40861.png\" \/>\n\t<meta property=\"og:image:width\" content=\"800\" \/>\n\t<meta property=\"og:image:height\" content=\"600\" \/>\n\t<meta property=\"og:image:type\" content=\"image\/png\" \/>\n<meta name=\"twitter:label1\" content=\"Preis\" \/>\n\t<meta name=\"twitter:data1\" content=\"&euro;&nbsp;69,95\" \/>\n\t<meta name=\"twitter:label2\" content=\"Verf\u00fcgbarkeit\" \/>\n\t<meta name=\"twitter:data2\" content=\"Auf Lager\" \/>\n<script type=\"application\/ld+json\" class=\"yoast-schema-graph\">{\"@context\":\"https:\/\/schema.org\",\"@graph\":[{\"@type\":\"WebPage\",\"@id\":\"https:\/\/www.alldayled.com\/de\/produkt\/kabelboom-voor-5-zonneklep-lampen\/\",\"url\":\"https:\/\/www.alldayled.com\/de\/produkt\/kabelboom-voor-5-zonneklep-lampen\/\",\"name\":\"Kabelbaum f\u00fcr 5 Sonnenblend Lampe - All Day Led - plug and play\",\"isPartOf\":{\"@id\":\"https:\/\/www.alldayled.com\/de\/#website\"},\"primaryImageOfPage\":{\"@id\":\"https:\/\/www.alldayled.com\/de\/produkt\/kabelboom-voor-5-zonneklep-lampen\/#primaryimage\"},\"image\":{\"@id\":\"https:\/\/www.alldayled.com\/de\/produkt\/kabelboom-voor-5-zonneklep-lampen\/#primaryimage\"},\"thumbnailUrl\":\"https:\/\/www.alldayled.com\/wp-content\/uploads\/2024\/10\/ADL40861.png\",\"datePublished\":\"2023-01-01T13:15:32+00:00\",\"dateModified\":\"2026-03-29T07:19:25+00:00\",\"description\":\"Kabelbaum f\u00fcr 5 Sonnenblend Lampe - originaler Scania-Anschluss am Eingang - Verteilung: 1 links - 3 in der Mitte - 1 rechts - Plug-and-Play-Produkt\",\"breadcrumb\":{\"@id\":\"https:\/\/www.alldayled.com\/de\/produkt\/kabelboom-voor-5-zonneklep-lampen\/#breadcrumb\"},\"inLanguage\":\"de\",\"potentialAction\":[{\"@type\":\"ReadAction\",\"target\":[\"https:\/\/www.alldayled.com\/de\/produkt\/kabelboom-voor-5-zonneklep-lampen\/\"]}]},{\"@type\":\"ImageObject\",\"inLanguage\":\"de\",\"@id\":\"https:\/\/www.alldayled.com\/de\/produkt\/kabelboom-voor-5-zonneklep-lampen\/#primaryimage\",\"url\":\"https:\/\/www.alldayled.com\/wp-content\/uploads\/2024\/10\/ADL40861.png\",\"contentUrl\":\"https:\/\/www.alldayled.com\/wp-content\/uploads\/2024\/10\/ADL40861.png\",\"width\":800,\"height\":600,\"caption\":\"MTRS Kabelbaum f\u00fcr 5 Sonnenblend Lampe - mit originalem Scania-Anschluss am Eingang - EAN: 7423515596562\"},{\"@type\":\"BreadcrumbList\",\"@id\":\"https:\/\/www.alldayled.com\/de\/produkt\/kabelboom-voor-5-zonneklep-lampen\/#breadcrumb\",\"itemListElement\":[{\"@type\":\"ListItem\",\"position\":1,\"name\":\"Home\",\"item\":\"https:\/\/www.alldayled.com\/de\/\"},{\"@type\":\"ListItem\",\"position\":2,\"name\":\"Shop\",\"item\":\"https:\/\/www.alldayled.com\/de\/shop\/\"},{\"@type\":\"ListItem\",\"position\":3,\"name\":\"Andere\",\"item\":\"https:\/\/www.alldayled.com\/de\/produkt-kategorie\/andere-produkte\/\"},{\"@type\":\"ListItem\",\"position\":4,\"name\":\"Armaturen und Kabel\",\"item\":\"https:\/\/www.alldayled.com\/de\/produkt-kategorie\/andere-produkte\/fittingen-en-kabels\/\"},{\"@type\":\"ListItem\",\"position\":5,\"name\":\"Kabelbaum f\u00fcr 5 Sonnenblend Lampe\"}]},{\"@type\":\"WebSite\",\"@id\":\"https:\/\/www.alldayled.com\/de\/#website\",\"url\":\"https:\/\/www.alldayled.com\/de\/\",\"name\":\"All Day Led\",\"description\":\"Verlichting voor 12&amp;24 volt gebruik\",\"publisher\":{\"@id\":\"https:\/\/www.alldayled.com\/de\/#organization\"},\"potentialAction\":[{\"@type\":\"SearchAction\",\"target\":{\"@type\":\"EntryPoint\",\"urlTemplate\":\"https:\/\/www.alldayled.com\/de\/?s={search_term_string}\"},\"query-input\":{\"@type\":\"PropertyValueSpecification\",\"valueRequired\":true,\"valueName\":\"search_term_string\"}}],\"inLanguage\":\"de\"},{\"@type\":\"Organization\",\"@id\":\"https:\/\/www.alldayled.com\/de\/#organization\",\"name\":\"All Day Led\",\"url\":\"https:\/\/www.alldayled.com\/de\/\",\"logo\":{\"@type\":\"ImageObject\",\"inLanguage\":\"de\",\"@id\":\"https:\/\/www.alldayled.com\/de\/#\/schema\/logo\/image\/\",\"url\":\"https:\/\/www.alldayled.com\/wp-content\/uploads\/2025\/10\/Logo-ALL-DAY-LED-800x800-zwart-witte-letters.png\",\"contentUrl\":\"https:\/\/www.alldayled.com\/wp-content\/uploads\/2025\/10\/Logo-ALL-DAY-LED-800x800-zwart-witte-letters.png\",\"width\":800,\"height\":800,\"caption\":\"All Day Led\"},\"image\":{\"@id\":\"https:\/\/www.alldayled.com\/de\/#\/schema\/logo\/image\/\"},\"sameAs\":[\"https:\/\/www.facebook.com\/alldayled\/\",\"https:\/\/www.instagram.com\/alldayled\/\"],\"vatID\":\"NL863960133B01\",\"taxID\":\"86416545\"}]}<\/script>\n<meta property=\"product:brand\" content=\"MTRS\" \/>\n<meta property=\"product:price:amount\" content=\"69.95\" \/>\n<meta property=\"product:price:currency\" content=\"EUR\" \/>\n<meta property=\"og:availability\" content=\"instock\" \/>\n<meta property=\"product:availability\" content=\"instock\" \/>\n<meta property=\"product:retailer_item_id\" content=\"ADL40861\" \/>\n<meta property=\"product:condition\" content=\"new\" \/>\n<!-- \/ Yoast SEO Premium plugin. -->","yoast_head_json":{"title":"Kabelbaum f\u00fcr 5 Sonnenblend Lampe - All Day Led - plug and play","description":"Kabelbaum f\u00fcr 5 Sonnenblend Lampe - originaler Scania-Anschluss am Eingang - Verteilung: 1 links - 3 in der Mitte - 1 rechts - Plug-and-Play-Produkt","robots":{"index":"index","follow":"follow","max-snippet":"max-snippet:-1","max-image-preview":"max-image-preview:large","max-video-preview":"max-video-preview:-1"},"canonical":"https:\/\/www.alldayled.com\/de\/produkt\/kabelboom-voor-5-zonneklep-lampen\/","og_locale":"de_DE","og_type":"article","og_title":"Kabelbaum f\u00fcr 5 Sonnenblend Lampe - All Day Led - plug and play","og_description":"Kabelbaum f\u00fcr 5 Sonnenblend Lampe - originaler Scania-Anschluss am Eingang - Verteilung: 1 links - 3 in der Mitte - 1 rechts - Plug-and-Play-Produkt","og_url":"https:\/\/www.alldayled.com\/de\/produkt\/kabelboom-voor-5-zonneklep-lampen\/","og_site_name":"All Day Led","article_publisher":"https:\/\/www.facebook.com\/alldayled\/","article_modified_time":"2026-03-29T07:19:25+00:00","og_image":[{"width":800,"height":600,"url":"https:\/\/www.alldayled.com\/wp-content\/uploads\/2024\/10\/ADL40861.png","type":"image\/png"}],"twitter_misc":{"Preis":"&euro;&nbsp;69,95","Verf\u00fcgbarkeit":"Auf Lager"},"schema":{"@context":"https:\/\/schema.org","@graph":[{"@type":"WebPage","@id":"https:\/\/www.alldayled.com\/de\/produkt\/kabelboom-voor-5-zonneklep-lampen\/","url":"https:\/\/www.alldayled.com\/de\/produkt\/kabelboom-voor-5-zonneklep-lampen\/","name":"Kabelbaum f\u00fcr 5 Sonnenblend Lampe - All Day Led - plug and play","isPartOf":{"@id":"https:\/\/www.alldayled.com\/de\/#website"},"primaryImageOfPage":{"@id":"https:\/\/www.alldayled.com\/de\/produkt\/kabelboom-voor-5-zonneklep-lampen\/#primaryimage"},"image":{"@id":"https:\/\/www.alldayled.com\/de\/produkt\/kabelboom-voor-5-zonneklep-lampen\/#primaryimage"},"thumbnailUrl":"https:\/\/www.alldayled.com\/wp-content\/uploads\/2024\/10\/ADL40861.png","datePublished":"2023-01-01T13:15:32+00:00","dateModified":"2026-03-29T07:19:25+00:00","description":"Kabelbaum f\u00fcr 5 Sonnenblend Lampe - originaler Scania-Anschluss am Eingang - Verteilung: 1 links - 3 in der Mitte - 1 rechts - Plug-and-Play-Produkt","breadcrumb":{"@id":"https:\/\/www.alldayled.com\/de\/produkt\/kabelboom-voor-5-zonneklep-lampen\/#breadcrumb"},"inLanguage":"de","potentialAction":[{"@type":"ReadAction","target":["https:\/\/www.alldayled.com\/de\/produkt\/kabelboom-voor-5-zonneklep-lampen\/"]}]},{"@type":"ImageObject","inLanguage":"de","@id":"https:\/\/www.alldayled.com\/de\/produkt\/kabelboom-voor-5-zonneklep-lampen\/#primaryimage","url":"https:\/\/www.alldayled.com\/wp-content\/uploads\/2024\/10\/ADL40861.png","contentUrl":"https:\/\/www.alldayled.com\/wp-content\/uploads\/2024\/10\/ADL40861.png","width":800,"height":600,"caption":"MTRS Kabelbaum f\u00fcr 5 Sonnenblend Lampe - mit originalem Scania-Anschluss am Eingang - EAN: 7423515596562"},{"@type":"BreadcrumbList","@id":"https:\/\/www.alldayled.com\/de\/produkt\/kabelboom-voor-5-zonneklep-lampen\/#breadcrumb","itemListElement":[{"@type":"ListItem","position":1,"name":"Home","item":"https:\/\/www.alldayled.com\/de\/"},{"@type":"ListItem","position":2,"name":"Shop","item":"https:\/\/www.alldayled.com\/de\/shop\/"},{"@type":"ListItem","position":3,"name":"Andere","item":"https:\/\/www.alldayled.com\/de\/produkt-kategorie\/andere-produkte\/"},{"@type":"ListItem","position":4,"name":"Armaturen und Kabel","item":"https:\/\/www.alldayled.com\/de\/produkt-kategorie\/andere-produkte\/fittingen-en-kabels\/"},{"@type":"ListItem","position":5,"name":"Kabelbaum f\u00fcr 5 Sonnenblend Lampe"}]},{"@type":"WebSite","@id":"https:\/\/www.alldayled.com\/de\/#website","url":"https:\/\/www.alldayled.com\/de\/","name":"All Day Led","description":"Verlichting voor 12&amp;24 volt gebruik","publisher":{"@id":"https:\/\/www.alldayled.com\/de\/#organization"},"potentialAction":[{"@type":"SearchAction","target":{"@type":"EntryPoint","urlTemplate":"https:\/\/www.alldayled.com\/de\/?s={search_term_string}"},"query-input":{"@type":"PropertyValueSpecification","valueRequired":true,"valueName":"search_term_string"}}],"inLanguage":"de"},{"@type":"Organization","@id":"https:\/\/www.alldayled.com\/de\/#organization","name":"All Day Led","url":"https:\/\/www.alldayled.com\/de\/","logo":{"@type":"ImageObject","inLanguage":"de","@id":"https:\/\/www.alldayled.com\/de\/#\/schema\/logo\/image\/","url":"https:\/\/www.alldayled.com\/wp-content\/uploads\/2025\/10\/Logo-ALL-DAY-LED-800x800-zwart-witte-letters.png","contentUrl":"https:\/\/www.alldayled.com\/wp-content\/uploads\/2025\/10\/Logo-ALL-DAY-LED-800x800-zwart-witte-letters.png","width":800,"height":800,"caption":"All Day Led"},"image":{"@id":"https:\/\/www.alldayled.com\/de\/#\/schema\/logo\/image\/"},"sameAs":["https:\/\/www.facebook.com\/alldayled\/","https:\/\/www.instagram.com\/alldayled\/"],"vatID":"NL863960133B01","taxID":"86416545"}]},"product_brand":"MTRS","product_price_amount":"69.95","product_price_currency":"EUR","og_availability":"instock","product_availability":"instock","product_retailer_item_id":"ADL40861","product_condition":"new"},"_links":{"self":[{"href":"https:\/\/www.alldayled.com\/de\/wp-json\/wp\/v2\/product\/68389","targetHints":{"allow":["GET"]}}],"collection":[{"href":"https:\/\/www.alldayled.com\/de\/wp-json\/wp\/v2\/product"}],"about":[{"href":"https:\/\/www.alldayled.com\/de\/wp-json\/wp\/v2\/types\/product"}],"replies":[{"embeddable":true,"href":"https:\/\/www.alldayled.com\/de\/wp-json\/wp\/v2\/comments?post=68389"}],"wp:featuredmedia":[{"embeddable":true,"href":"https:\/\/www.alldayled.com\/de\/wp-json\/wp\/v2\/media\/31563"}],"wp:attachment":[{"href":"https:\/\/www.alldayled.com\/de\/wp-json\/wp\/v2\/media?parent=68389"}],"wp:term":[{"taxonomy":"product_brand","embeddable":true,"href":"https:\/\/www.alldayled.com\/de\/wp-json\/wp\/v2\/product_brand?post=68389"},{"taxonomy":"product_cat","embeddable":true,"href":"https:\/\/www.alldayled.com\/de\/wp-json\/wp\/v2\/product_cat?post=68389"},{"taxonomy":"product_tag","embeddable":true,"href":"https:\/\/www.alldayled.com\/de\/wp-json\/wp\/v2\/product_tag?post=68389"}],"curies":[{"name":"wp","href":"https:\/\/api.w.org\/{rel}","templated":true}]}}