{"id":68397,"date":"2024-01-01T10:20:36","date_gmt":"2024-01-01T09:20:36","guid":{"rendered":"https:\/\/www.alldayled.com\/product\/mini-led-spot-wit-24v-5-stuks-chrome\/"},"modified":"2025-12-04T16:24:38","modified_gmt":"2025-12-04T15:24:38","slug":"mini-led-spot-wit-24v-5-stuks-chrome","status":"publish","type":"product","link":"https:\/\/www.alldayled.com\/de\/produkt\/mini-led-spot-wit-24v-5-stuks-chrome\/","title":{"rendered":"Mini LED spot wei\u00df 24V &#8211; 5 St\u00fcck &#8211; Chrom"},"content":{"rendered":"<p><span style=\"color: #000000;\"><strong>Mini LED spot wei\u00df 24V mit Chromgeh\u00e4use.<\/strong><\/span><\/p>\n<p><span style=\"color: #000000;\">M\u00f6chten Sie den Innenraum Ihres LKWs oder Campers beleuchten? Wissen aber nicht, wo Sie anfangen sollen? Dann ist der Mini LED spot wei\u00df 24V Chrom vielleicht genau das, was Sie suchen. Die Lampen werden pro 5 St\u00fcck geliefert, jede mit 1 Meter Kabel. Bitte beachten Sie: Der Mini LED spot funktioniert nur mit 24V. Das bedeutet, dass Sie sie nur in Fahrzeugen mit einer 24V Stromversorgung montieren k\u00f6nnen, wie z.B. einem LKW oder Camper.     <\/span><\/p>\n<p><span style=\"color: #000000;\">Um sicherzustellen, dass dies die Lampen sind, nach denen du suchst, haben wir die wichtigsten Eigenschaften unten aufgelistet. Der Mini LED spot wei\u00df 24V ist beispielsweise mit dem ECE R10-Pr\u00fcfzeichen versehen, was bedeutet, dass die Lampe keine St\u00f6rungen deines Funksignals verursacht. Zudem ist die Lampe dimmbar. Dadurch ist sie ideal f\u00fcr den LKW-Innenraum. Und dank der Kabell\u00e4nge von 1 Meter pro Lampe kannst du sie weiter auseinander platzieren und trotzdem miteinander verbinden. Kurz gesagt, dies ist ein kompakter, flexibler und stilvoller wei\u00dfer LED spot f\u00fcr deine 24V Innenbeleuchtung.     <\/span><\/p>\n<h5><span style=\"color: #000000;\"><strong>Abmessungen:<\/strong><\/span><\/h5>\n<p><span style=\"color: #000000;\">Da Sie sicher sein wollen, dass der Innenraumspot dort passt, wo Sie ihn montieren m\u00f6chten, haben wir nachfolgend die Abmessungen des Mini LED spot wei\u00df 24V mit Chromgeh\u00e4use notiert.<\/span><\/p>\n<ul>\n<li><span style=\"color: #000000;\">Durchmesser Lampe: 10 mm<\/span><\/li>\n<li><span style=\"color: #000000;\">Durchmesser Ring: 17 mm<\/span><\/li>\n<li><span style=\"color: #000000;\">Bohrloch: 9 mm<\/span><\/li>\n<li><span style=\"color: #000000;\">Tiefe: 13 mm<\/span><\/li>\n<\/ul>\n<h5><span style=\"color: #000000;\"><strong>Andere Farben:<\/strong><\/span><\/h5>\n<p><span style=\"color: #000000;\">M\u00f6chten Sie zwar einen Innenraumspot kaufen, aber der wei\u00dfe 24V Mini LED spot mit Chromgeh\u00e4use ist nicht die Ausf\u00fchrung, die Sie suchen? Kein Problem! Diese Innenraumspots sind auch in verschiedenen anderen Ausf\u00fchrungen erh\u00e4ltlich. Achtung: F\u00fcr die RGB-Variante ben\u00f6tigen Sie auch eine Fernbedienung. <\/span><\/p>\n<ul>\n<li><span style=\"color: #000000;\"><a style=\"color: #000000;\" href=\"https:\/\/www.alldayled.com\/de\/produkt\/mini-led-spot-rood-24v-5-stuks-chrome\/\"><strong>Mini LED spot ROT &#8211; Chrom<\/strong><\/a><\/span><\/li>\n<li><span style=\"color: #000000;\"><a style=\"color: #000000;\" href=\"https:\/\/www.alldayled.com\/de\/produkt\/mini-led-spot-rgb-24v-5-stuks-chrome\/\"><strong>Mini LED spot RGB &#8211; Chrom<\/strong><\/a><\/span><\/li>\n<li><span style=\"color: #000000;\"><a style=\"color: #000000;\" href=\"https:\/\/www.alldayled.com\/de\/produkt\/mini-led-spot-rood-24v-5-stuks-zwart\/\"><strong>Mini LED spot ROT &#8211; Schwarz<\/strong><\/a><\/span><\/li>\n<li><span style=\"color: #000000;\"><a style=\"color: #000000;\" href=\"https:\/\/www.alldayled.com\/de\/produkt\/mini-led-spot-rgb-24v-5-stuks-zwart\/\"><strong>Mini LED spot RGB &#8211; Schwarz<\/strong><\/a><\/span><\/li>\n<li><span style=\"color: #000000;\"><a style=\"color: #000000;\" href=\"https:\/\/www.alldayled.com\/de\/produkt\/mini-led-spot-wit-24v-5-stuks-zwart\/\"><strong>Mini LED spot WEISS &#8211; Schwarz<\/strong><\/a><\/span><\/li>\n<li><span style=\"color: #000000;\"><a style=\"color: #000000;\" href=\"https:\/\/www.alldayled.com\/de\/produkt\/luxe-rgb-afstandsbediening-12-24v\/\" rel=\"noopener\"><strong>RGB Fernbedienung<\/strong><\/a><\/span><\/li>\n<\/ul>\n<p><span style=\"color: #000000;\">Sind Sie letztendlich doch der Meinung, dass der pro 5 St\u00fcck ausgelieferte Mini LED spot xenon wei\u00df 24V nicht das ist, was Sie suchen? Einfach weil die Chromfarbe oder Form nicht Ihren W\u00fcnschen entspricht? Dann werfen Sie auch einen Blick auf unsere Seite <a style=\"color: #000000;\" href=\"\/?product_cat=inbouw-verlichting\">Einbauleuchten<\/a>. Vielleicht finden Sie hier das Lampenmodell, das Sie suchen!   <\/span><\/p>\n","protected":false},"excerpt":{"rendered":"<p>Schaffen Sie Atmosph\u00e4re mit diesen 24V Mini LED Spots wei\u00df mit Chromgeh\u00e4use &#8211; 5er Set.<\/p>\n","protected":false},"featured_media":28095,"comment_status":"open","ping_status":"closed","template":"","meta":{"_acf_changed":false},"product_brand":[6501],"product_cat":[5357,5389],"product_tag":[9171,9170,9169,9168,9173,9172,9118,9175,9174],"class_list":{"0":"post-68397","1":"product","2":"type-product","3":"status-publish","4":"has-post-thumbnail","6":"product_brand-mtrs","7":"product_cat-beleuchtung","8":"product_cat-inbouw-verlichting-24-volt","9":"product_tag-einbaustrahler-lkw","10":"product_tag-einbaustrahler-wohnmobil","11":"product_tag-innenbeleuchtung-lkw","12":"product_tag-innenbeleuchtung-wohnmobil","13":"product_tag-interieur-spot-lkw","14":"product_tag-interieur-spot-wohnmobil","15":"product_tag-kabinenbeleuchtung","16":"product_tag-sternenhimmel-lkw","17":"product_tag-sternenhimmel-wohnmobil","19":"first","20":"instock","21":"taxable","22":"shipping-taxable","23":"purchasable","24":"product-type-simple"},"acf":[],"yoast_head":"<!-- This site is optimized with the Yoast SEO Premium plugin v26.5 (Yoast SEO v27.1.1) - https:\/\/yoast.com\/product\/yoast-seo-premium-wordpress\/ -->\n<title>Mini LED spot WEISS 24V CHROM - 5 St\u00fcck All Day Led - Innenraumlampe<\/title>\n<meta name=\"description\" content=\"Mini LED spot wei\u00df 24V CHROM - Innenraumbeleuchtung LKW \/ Camper - Inhalt 5 St\u00fcck - mit 1 Meter Anschlusskabel - Schrauben\/Muttern-Montage\" \/>\n<meta name=\"robots\" content=\"index, follow, max-snippet:-1, max-image-preview:large, max-video-preview:-1\" \/>\n<link rel=\"canonical\" href=\"https:\/\/www.alldayled.com\/de\/produkt\/mini-led-spot-wit-24v-5-stuks-chrome\/\" \/>\n<meta property=\"og:locale\" content=\"de_DE\" \/>\n<meta property=\"og:type\" content=\"article\" \/>\n<meta property=\"og:title\" content=\"Mini LED spot WEISS 24V CHROM - 5 St\u00fcck All Day Led - Innenraumlampe\" \/>\n<meta property=\"og:description\" content=\"Mini LED spot wei\u00df 24V CHROM - Innenraumbeleuchtung LKW \/ Camper - Inhalt 5 St\u00fcck - mit 1 Meter Anschlusskabel - Schrauben\/Muttern-Montage\" \/>\n<meta property=\"og:url\" content=\"https:\/\/www.alldayled.com\/de\/produkt\/mini-led-spot-wit-24v-5-stuks-chrome\/\" \/>\n<meta property=\"og:site_name\" content=\"All Day Led\" \/>\n<meta property=\"article:publisher\" content=\"https:\/\/www.facebook.com\/alldayled\/\" \/>\n<meta property=\"article:modified_time\" content=\"2025-12-04T15:24:38+00:00\" \/>\n<meta property=\"og:image\" content=\"https:\/\/www.alldayled.com\/wp-content\/uploads\/2024\/03\/ADL40703.-04.png\" \/>\n<meta name=\"twitter:label1\" content=\"Preis\" \/>\n\t<meta name=\"twitter:data1\" content=\"&euro;&nbsp;25,00\" \/>\n\t<meta name=\"twitter:label2\" content=\"Verf\u00fcgbarkeit\" \/>\n\t<meta name=\"twitter:data2\" content=\"Auf Lager\" \/>\n<script type=\"application\/ld+json\" class=\"yoast-schema-graph\">{\"@context\":\"https:\/\/schema.org\",\"@graph\":[{\"@type\":\"WebPage\",\"@id\":\"https:\/\/www.alldayled.com\/de\/produkt\/mini-led-spot-wit-24v-5-stuks-chrome\/\",\"url\":\"https:\/\/www.alldayled.com\/de\/produkt\/mini-led-spot-wit-24v-5-stuks-chrome\/\",\"name\":\"Mini LED spot WEISS 24V CHROM - 5 St\u00fcck All Day Led - Innenraumlampe\",\"isPartOf\":{\"@id\":\"https:\/\/www.alldayled.com\/de\/#website\"},\"primaryImageOfPage\":{\"@id\":\"https:\/\/www.alldayled.com\/de\/produkt\/mini-led-spot-wit-24v-5-stuks-chrome\/#primaryimage\"},\"image\":{\"@id\":\"https:\/\/www.alldayled.com\/de\/produkt\/mini-led-spot-wit-24v-5-stuks-chrome\/#primaryimage\"},\"thumbnailUrl\":\"https:\/\/www.alldayled.com\/wp-content\/uploads\/2024\/03\/ADL40703.png\",\"datePublished\":\"2024-01-01T09:20:36+00:00\",\"dateModified\":\"2025-12-04T15:24:38+00:00\",\"description\":\"Mini LED spot wei\u00df 24V CHROM - Innenraumbeleuchtung LKW \/ Camper - Inhalt 5 St\u00fcck - mit 1 Meter Anschlusskabel - Schrauben\/Muttern-Montage\",\"breadcrumb\":{\"@id\":\"https:\/\/www.alldayled.com\/de\/produkt\/mini-led-spot-wit-24v-5-stuks-chrome\/#breadcrumb\"},\"inLanguage\":\"de\",\"potentialAction\":[{\"@type\":\"ReadAction\",\"target\":[\"https:\/\/www.alldayled.com\/de\/produkt\/mini-led-spot-wit-24v-5-stuks-chrome\/\"]}]},{\"@type\":\"ImageObject\",\"inLanguage\":\"de\",\"@id\":\"https:\/\/www.alldayled.com\/de\/produkt\/mini-led-spot-wit-24v-5-stuks-chrome\/#primaryimage\",\"url\":\"https:\/\/www.alldayled.com\/wp-content\/uploads\/2024\/03\/ADL40703.png\",\"contentUrl\":\"https:\/\/www.alldayled.com\/wp-content\/uploads\/2024\/03\/ADL40703.png\",\"width\":800,\"height\":600,\"caption\":\"Mini LED spot XENON WEISS 24V - 5 St\u00fcck - schwarz - Innenraumlampe geeignet f\u00fcr 24 Volt Betrieb - LKW \/ Camper Beleuchtung - Einbauspot f\u00fcr Sternenhimmel - Kabinenbeleuchtung LKW\"},{\"@type\":\"BreadcrumbList\",\"@id\":\"https:\/\/www.alldayled.com\/de\/produkt\/mini-led-spot-wit-24v-5-stuks-chrome\/#breadcrumb\",\"itemListElement\":[{\"@type\":\"ListItem\",\"position\":1,\"name\":\"Home\",\"item\":\"https:\/\/www.alldayled.com\/de\/\"},{\"@type\":\"ListItem\",\"position\":2,\"name\":\"Shop\",\"item\":\"https:\/\/www.alldayled.com\/de\/shop\/\"},{\"@type\":\"ListItem\",\"position\":3,\"name\":\"Beleuchtung\",\"item\":\"https:\/\/www.alldayled.com\/de\/produkt-kategorie\/beleuchtung\/\"},{\"@type\":\"ListItem\",\"position\":4,\"name\":\"Beleuchtung 24 Volt\",\"item\":\"https:\/\/www.alldayled.com\/de\/produkt-kategorie\/beleuchtung\/verlichting-24-volt\/\"},{\"@type\":\"ListItem\",\"position\":5,\"name\":\"Einbauleuchten\",\"item\":\"https:\/\/www.alldayled.com\/de\/produkt-kategorie\/beleuchtung\/verlichting-24-volt\/inbouw-verlichting-24-volt\/\"},{\"@type\":\"ListItem\",\"position\":6,\"name\":\"Mini LED spot wei\u00df 24V &#8211; 5 St\u00fcck &#8211; Chrom\"}]},{\"@type\":\"WebSite\",\"@id\":\"https:\/\/www.alldayled.com\/de\/#website\",\"url\":\"https:\/\/www.alldayled.com\/de\/\",\"name\":\"All Day Led\",\"description\":\"Verlichting voor 12&amp;24 volt gebruik\",\"publisher\":{\"@id\":\"https:\/\/www.alldayled.com\/de\/#organization\"},\"potentialAction\":[{\"@type\":\"SearchAction\",\"target\":{\"@type\":\"EntryPoint\",\"urlTemplate\":\"https:\/\/www.alldayled.com\/de\/?s={search_term_string}\"},\"query-input\":{\"@type\":\"PropertyValueSpecification\",\"valueRequired\":true,\"valueName\":\"search_term_string\"}}],\"inLanguage\":\"de\"},{\"@type\":\"Organization\",\"@id\":\"https:\/\/www.alldayled.com\/de\/#organization\",\"name\":\"All Day Led\",\"url\":\"https:\/\/www.alldayled.com\/de\/\",\"logo\":{\"@type\":\"ImageObject\",\"inLanguage\":\"de\",\"@id\":\"https:\/\/www.alldayled.com\/de\/#\/schema\/logo\/image\/\",\"url\":\"https:\/\/www.alldayled.com\/wp-content\/uploads\/2025\/10\/Logo-ALL-DAY-LED-800x800-zwart-witte-letters.png\",\"contentUrl\":\"https:\/\/www.alldayled.com\/wp-content\/uploads\/2025\/10\/Logo-ALL-DAY-LED-800x800-zwart-witte-letters.png\",\"width\":800,\"height\":800,\"caption\":\"All Day Led\"},\"image\":{\"@id\":\"https:\/\/www.alldayled.com\/de\/#\/schema\/logo\/image\/\"},\"sameAs\":[\"https:\/\/www.facebook.com\/alldayled\/\",\"https:\/\/www.instagram.com\/alldayled\/\"],\"vatID\":\"NL863960133B01\",\"taxID\":\"86416545\"}]}<\/script>\n<meta property=\"product:brand\" content=\"MTRS\" \/>\n<meta property=\"product:price:amount\" content=\"25.00\" \/>\n<meta property=\"product:price:currency\" content=\"EUR\" \/>\n<meta property=\"og:availability\" content=\"instock\" \/>\n<meta property=\"product:availability\" content=\"instock\" \/>\n<meta property=\"product:retailer_item_id\" content=\"ADL40703\" \/>\n<meta property=\"product:condition\" content=\"new\" \/>\n<!-- \/ Yoast SEO Premium plugin. -->","yoast_head_json":{"title":"Mini LED spot WEISS 24V CHROM - 5 St\u00fcck All Day Led - Innenraumlampe","description":"Mini LED spot wei\u00df 24V CHROM - Innenraumbeleuchtung LKW \/ Camper - Inhalt 5 St\u00fcck - mit 1 Meter Anschlusskabel - Schrauben\/Muttern-Montage","robots":{"index":"index","follow":"follow","max-snippet":"max-snippet:-1","max-image-preview":"max-image-preview:large","max-video-preview":"max-video-preview:-1"},"canonical":"https:\/\/www.alldayled.com\/de\/produkt\/mini-led-spot-wit-24v-5-stuks-chrome\/","og_locale":"de_DE","og_type":"article","og_title":"Mini LED spot WEISS 24V CHROM - 5 St\u00fcck All Day Led - Innenraumlampe","og_description":"Mini LED spot wei\u00df 24V CHROM - Innenraumbeleuchtung LKW \/ Camper - Inhalt 5 St\u00fcck - mit 1 Meter Anschlusskabel - Schrauben\/Muttern-Montage","og_url":"https:\/\/www.alldayled.com\/de\/produkt\/mini-led-spot-wit-24v-5-stuks-chrome\/","og_site_name":"All Day Led","article_publisher":"https:\/\/www.facebook.com\/alldayled\/","article_modified_time":"2025-12-04T15:24:38+00:00","og_image":[{"url":"https:\/\/www.alldayled.com\/wp-content\/uploads\/2024\/03\/ADL40703.-04.png","type":"","width":"","height":""}],"twitter_misc":{"Preis":"&euro;&nbsp;25,00","Verf\u00fcgbarkeit":"Auf Lager"},"schema":{"@context":"https:\/\/schema.org","@graph":[{"@type":"WebPage","@id":"https:\/\/www.alldayled.com\/de\/produkt\/mini-led-spot-wit-24v-5-stuks-chrome\/","url":"https:\/\/www.alldayled.com\/de\/produkt\/mini-led-spot-wit-24v-5-stuks-chrome\/","name":"Mini LED spot WEISS 24V CHROM - 5 St\u00fcck All Day Led - Innenraumlampe","isPartOf":{"@id":"https:\/\/www.alldayled.com\/de\/#website"},"primaryImageOfPage":{"@id":"https:\/\/www.alldayled.com\/de\/produkt\/mini-led-spot-wit-24v-5-stuks-chrome\/#primaryimage"},"image":{"@id":"https:\/\/www.alldayled.com\/de\/produkt\/mini-led-spot-wit-24v-5-stuks-chrome\/#primaryimage"},"thumbnailUrl":"https:\/\/www.alldayled.com\/wp-content\/uploads\/2024\/03\/ADL40703.png","datePublished":"2024-01-01T09:20:36+00:00","dateModified":"2025-12-04T15:24:38+00:00","description":"Mini LED spot wei\u00df 24V CHROM - Innenraumbeleuchtung LKW \/ Camper - Inhalt 5 St\u00fcck - mit 1 Meter Anschlusskabel - Schrauben\/Muttern-Montage","breadcrumb":{"@id":"https:\/\/www.alldayled.com\/de\/produkt\/mini-led-spot-wit-24v-5-stuks-chrome\/#breadcrumb"},"inLanguage":"de","potentialAction":[{"@type":"ReadAction","target":["https:\/\/www.alldayled.com\/de\/produkt\/mini-led-spot-wit-24v-5-stuks-chrome\/"]}]},{"@type":"ImageObject","inLanguage":"de","@id":"https:\/\/www.alldayled.com\/de\/produkt\/mini-led-spot-wit-24v-5-stuks-chrome\/#primaryimage","url":"https:\/\/www.alldayled.com\/wp-content\/uploads\/2024\/03\/ADL40703.png","contentUrl":"https:\/\/www.alldayled.com\/wp-content\/uploads\/2024\/03\/ADL40703.png","width":800,"height":600,"caption":"Mini LED spot XENON WEISS 24V - 5 St\u00fcck - schwarz - Innenraumlampe geeignet f\u00fcr 24 Volt Betrieb - LKW \/ Camper Beleuchtung - Einbauspot f\u00fcr Sternenhimmel - Kabinenbeleuchtung LKW"},{"@type":"BreadcrumbList","@id":"https:\/\/www.alldayled.com\/de\/produkt\/mini-led-spot-wit-24v-5-stuks-chrome\/#breadcrumb","itemListElement":[{"@type":"ListItem","position":1,"name":"Home","item":"https:\/\/www.alldayled.com\/de\/"},{"@type":"ListItem","position":2,"name":"Shop","item":"https:\/\/www.alldayled.com\/de\/shop\/"},{"@type":"ListItem","position":3,"name":"Beleuchtung","item":"https:\/\/www.alldayled.com\/de\/produkt-kategorie\/beleuchtung\/"},{"@type":"ListItem","position":4,"name":"Beleuchtung 24 Volt","item":"https:\/\/www.alldayled.com\/de\/produkt-kategorie\/beleuchtung\/verlichting-24-volt\/"},{"@type":"ListItem","position":5,"name":"Einbauleuchten","item":"https:\/\/www.alldayled.com\/de\/produkt-kategorie\/beleuchtung\/verlichting-24-volt\/inbouw-verlichting-24-volt\/"},{"@type":"ListItem","position":6,"name":"Mini LED spot wei\u00df 24V &#8211; 5 St\u00fcck &#8211; Chrom"}]},{"@type":"WebSite","@id":"https:\/\/www.alldayled.com\/de\/#website","url":"https:\/\/www.alldayled.com\/de\/","name":"All Day Led","description":"Verlichting voor 12&amp;24 volt gebruik","publisher":{"@id":"https:\/\/www.alldayled.com\/de\/#organization"},"potentialAction":[{"@type":"SearchAction","target":{"@type":"EntryPoint","urlTemplate":"https:\/\/www.alldayled.com\/de\/?s={search_term_string}"},"query-input":{"@type":"PropertyValueSpecification","valueRequired":true,"valueName":"search_term_string"}}],"inLanguage":"de"},{"@type":"Organization","@id":"https:\/\/www.alldayled.com\/de\/#organization","name":"All Day Led","url":"https:\/\/www.alldayled.com\/de\/","logo":{"@type":"ImageObject","inLanguage":"de","@id":"https:\/\/www.alldayled.com\/de\/#\/schema\/logo\/image\/","url":"https:\/\/www.alldayled.com\/wp-content\/uploads\/2025\/10\/Logo-ALL-DAY-LED-800x800-zwart-witte-letters.png","contentUrl":"https:\/\/www.alldayled.com\/wp-content\/uploads\/2025\/10\/Logo-ALL-DAY-LED-800x800-zwart-witte-letters.png","width":800,"height":800,"caption":"All Day Led"},"image":{"@id":"https:\/\/www.alldayled.com\/de\/#\/schema\/logo\/image\/"},"sameAs":["https:\/\/www.facebook.com\/alldayled\/","https:\/\/www.instagram.com\/alldayled\/"],"vatID":"NL863960133B01","taxID":"86416545"}]},"product_brand":"MTRS","product_price_amount":"25.00","product_price_currency":"EUR","og_availability":"instock","product_availability":"instock","product_retailer_item_id":"ADL40703","product_condition":"new"},"_links":{"self":[{"href":"https:\/\/www.alldayled.com\/de\/wp-json\/wp\/v2\/product\/68397","targetHints":{"allow":["GET"]}}],"collection":[{"href":"https:\/\/www.alldayled.com\/de\/wp-json\/wp\/v2\/product"}],"about":[{"href":"https:\/\/www.alldayled.com\/de\/wp-json\/wp\/v2\/types\/product"}],"replies":[{"embeddable":true,"href":"https:\/\/www.alldayled.com\/de\/wp-json\/wp\/v2\/comments?post=68397"}],"wp:featuredmedia":[{"embeddable":true,"href":"https:\/\/www.alldayled.com\/de\/wp-json\/wp\/v2\/media\/28095"}],"wp:attachment":[{"href":"https:\/\/www.alldayled.com\/de\/wp-json\/wp\/v2\/media?parent=68397"}],"wp:term":[{"taxonomy":"product_brand","embeddable":true,"href":"https:\/\/www.alldayled.com\/de\/wp-json\/wp\/v2\/product_brand?post=68397"},{"taxonomy":"product_cat","embeddable":true,"href":"https:\/\/www.alldayled.com\/de\/wp-json\/wp\/v2\/product_cat?post=68397"},{"taxonomy":"product_tag","embeddable":true,"href":"https:\/\/www.alldayled.com\/de\/wp-json\/wp\/v2\/product_tag?post=68397"}],"curies":[{"name":"wp","href":"https:\/\/api.w.org\/{rel}","templated":true}]}}