{"id":68401,"date":"2024-01-02T09:54:09","date_gmt":"2024-01-02T08:54:09","guid":{"rendered":"https:\/\/www.alldayled.com\/product\/mini-led-spot-rood-24v-5-stuks-chrome\/"},"modified":"2026-03-22T19:42:27","modified_gmt":"2026-03-22T18:42:27","slug":"mini-led-spot-rood-24v-5-stuks-chrome","status":"publish","type":"product","link":"https:\/\/www.alldayled.com\/de\/produkt\/mini-led-spot-rood-24v-5-stuks-chrome\/","title":{"rendered":"Mini LED spot rot 24V &#8211; 5 St\u00fcck &#8211; Chrom"},"content":{"rendered":"<p><span style=\"color: #000000;\"><strong>Mini LED spot rot 24V mit Chromgeh\u00e4use.<\/strong><\/span><\/p>\n<p><span style=\"color: #000000;\">M\u00f6chtest du das Interieur deines LKW oder Wohnmobils beleuchten? Aber du wei\u00dft nicht, wo du anfangen sollst? Dann ist der Mini LED spot rot 24V Chrom vielleicht genau das, wonach du suchst. Die Lampen werden in 5er-Sets geliefert, jede mit 1 Meter Kabel. Achtung: Der Mini LED spot funktioniert nur mit 24V. Das bedeutet, du kannst sie nur in Fahrzeugen mit einer 24V-Stromversorgung montieren, wie einem LKW oder Wohnmobil.     <\/span><\/p>\n<p><span style=\"color: #000000;\">Um sicherzustellen, dass dies die Lampen sind, nach denen Sie suchen, haben wir hier die wichtigsten Eigenschaften aufgelistet. Der Mini LED spot rot 24V ist beispielsweise mit dem ECE R10-Pr\u00fcfzeichen versehen, was bedeutet, dass die Lampe keine St\u00f6rungen auf Ihrem Funksignal verursacht. Au\u00dferdem ist die Lampe dimmbar. Dadurch ist sie ideal f\u00fcr ein LKW-Interieur. Und dank der Kabell\u00e4nge von 1 Meter pro Lampe k\u00f6nnen Sie sie weiter auseinander platzieren und trotzdem miteinander verbinden. Kurzum, dies ist ein kompakter, flexibler und stilvoller roter LED spot f\u00fcr Ihre 24V Innenraumbeleuchtung.     <\/span><\/p>\n<h5><span style=\"color: #000000;\"><strong>Abmessungen:<\/strong><\/span><\/h5>\n<p><span style=\"color: #000000;\">Da du sicherstellen m\u00f6chtest, dass der Interieurspot passt, wo du ihn montieren willst, haben wir unten die Abmessungen des Mini LED spot rot 24V mit Chromgeh\u00e4use notiert.<\/span><\/p>\n<ul>\n<li><span style=\"color: #000000;\">Durchmesser Lampe: 10 mm<\/span><\/li>\n<li><span style=\"color: #000000;\">Durchmesser Ring: 17 mm<\/span><\/li>\n<li><span style=\"color: #000000;\">Bohrloch: 9 mm<\/span><\/li>\n<li><span style=\"color: #000000;\">Tiefe: 13 mm<\/span><\/li>\n<\/ul>\n<h5><span style=\"color: #000000;\"><strong>Andere Farben:<\/strong><\/span><\/h5>\n<p><span style=\"color: #000000;\">M\u00f6chtest du einen Interieurspot kaufen, aber der rote 24V Mini LED spot mit Chromgeh\u00e4use ist nicht die Ausf\u00fchrung, die du suchst? Kein Problem! Diese Innenraumspots sind auch in verschiedenen anderen Ausf\u00fchrungen erh\u00e4ltlich. Achtung: F\u00fcr die RGB-Variante ben\u00f6tigen Sie auch eine Fernbedienung. <\/span><\/p>\n<ul>\n<li><span style=\"color: #000000;\"><a style=\"color: #000000;\" href=\"https:\/\/www.alldayled.com\/de\/produkt\/mini-led-spot-rgb-24v-5-stuks-chrome\/\"><strong>Mini LED spot RGB &#8211; Chrom<\/strong><\/a><\/span><\/li>\n<li><span style=\"color: #000000;\"><a style=\"color: #000000;\" href=\"https:\/\/www.alldayled.com\/de\/produkt\/mini-led-spot-rood-24v-5-stuks-zwart\/\"><strong>Mini LED spot ROT &#8211; Schwarz<\/strong><\/a><\/span><\/li>\n<li><span style=\"color: #000000;\"><a style=\"color: #000000;\" href=\"https:\/\/www.alldayled.com\/de\/produkt\/mini-led-spot-wit-24v-5-stuks-chrome\/\"><strong>Mini LED spot WEISS &#8211; Chrom<\/strong><\/a><\/span><\/li>\n<li><span style=\"color: #000000;\"><a style=\"color: #000000;\" href=\"https:\/\/www.alldayled.com\/de\/produkt\/mini-led-spot-rgb-24v-5-stuks-zwart\/\"><strong>Mini LED spot RGB &#8211; Schwarz<\/strong><\/a><\/span><\/li>\n<li><span style=\"color: #000000;\"><a style=\"color: #000000;\" href=\"https:\/\/www.alldayled.com\/de\/produkt\/mini-led-spot-wit-24v-5-stuks-zwart\/\"><strong>Mini LED spot WEISS &#8211; Schwarz<\/strong><\/a><\/span><\/li>\n<li><span style=\"color: #000000;\"><a style=\"color: #000000;\" href=\"https:\/\/www.alldayled.com\/de\/produkt\/luxe-rgb-afstandsbediening-12-24v\/\" rel=\"noopener\"><strong>RGB Fernbedienung<\/strong><\/a><\/span><\/li>\n<\/ul>\n<p><span style=\"color: #000000;\">Bist du letztendlich doch der Meinung, dass der in 5er-Sets gelieferte Mini LED spot rot 24V nicht das ist, was du suchst? Einfach weil die Chromfarbe oder -form nicht deinen W\u00fcnschen entspricht? Dann wirf doch einen Blick auf unsere Seite <g id=\"gid_0\">Einbauleuchten<\/g>. Vielleicht findest du hier das Lampenmodell, das du suchst!   <\/span><\/p>\n","protected":false},"excerpt":{"rendered":"<p>Schaffe Atmosph\u00e4re mit diesen 24V Mini LED spots rot mit Chromgeh\u00e4use &#8211; Set aus 5 St\u00fcck.<\/p>\n","protected":false},"featured_media":28065,"comment_status":"open","ping_status":"closed","template":"","meta":{"_acf_changed":false},"product_brand":[6501],"product_cat":[5357,5389],"product_tag":[9171,9170,9169,9168,9173,9172,9118,9175,9174],"class_list":{"0":"post-68401","1":"product","2":"type-product","3":"status-publish","4":"has-post-thumbnail","6":"product_brand-mtrs","7":"product_cat-beleuchtung","8":"product_cat-inbouw-verlichting-24-volt","9":"product_tag-einbaustrahler-lkw","10":"product_tag-einbaustrahler-wohnmobil","11":"product_tag-innenbeleuchtung-lkw","12":"product_tag-innenbeleuchtung-wohnmobil","13":"product_tag-interieur-spot-lkw","14":"product_tag-interieur-spot-wohnmobil","15":"product_tag-kabinenbeleuchtung","16":"product_tag-sternenhimmel-lkw","17":"product_tag-sternenhimmel-wohnmobil","19":"first","20":"instock","21":"taxable","22":"shipping-taxable","23":"purchasable","24":"product-type-simple"},"acf":[],"yoast_head":"<!-- This site is optimized with the Yoast SEO Premium plugin v26.5 (Yoast SEO v27.1.1) - https:\/\/yoast.com\/product\/yoast-seo-premium-wordpress\/ -->\n<title>Mini LED spot ROT 24V CHROM - 5 St\u00fcck All Day Led - Interieur<\/title>\n<meta name=\"description\" content=\"Mini LED spot ROT 24V CHROM - Innenbeleuchtung LKW \/ Wohnmobil - Inhalt 5 St\u00fcck - mit 1 Meter Anschlusskabel - Schraub-\/Mutter-Montage\" \/>\n<meta name=\"robots\" content=\"index, follow, max-snippet:-1, max-image-preview:large, max-video-preview:-1\" \/>\n<link rel=\"canonical\" href=\"https:\/\/www.alldayled.com\/de\/produkt\/mini-led-spot-rood-24v-5-stuks-chrome\/\" \/>\n<meta property=\"og:locale\" content=\"de_DE\" \/>\n<meta property=\"og:type\" content=\"article\" \/>\n<meta property=\"og:title\" content=\"Mini LED spot ROT 24V CHROM - 5 St\u00fcck All Day Led - Interieur\" \/>\n<meta property=\"og:description\" content=\"Mini LED spot ROT 24V CHROM - Innenbeleuchtung LKW \/ Wohnmobil - Inhalt 5 St\u00fcck - mit 1 Meter Anschlusskabel - Schraub-\/Mutter-Montage\" \/>\n<meta property=\"og:url\" content=\"https:\/\/www.alldayled.com\/de\/produkt\/mini-led-spot-rood-24v-5-stuks-chrome\/\" \/>\n<meta property=\"og:site_name\" content=\"All Day Led\" \/>\n<meta property=\"article:publisher\" content=\"https:\/\/www.facebook.com\/alldayled\/\" \/>\n<meta property=\"article:modified_time\" content=\"2026-03-22T18:42:27+00:00\" \/>\n<meta property=\"og:image\" content=\"https:\/\/www.alldayled.com\/wp-content\/uploads\/2024\/03\/ADL40701.-06.png\" \/>\n<meta name=\"twitter:label1\" content=\"Preis\" \/>\n\t<meta name=\"twitter:data1\" content=\"&euro;&nbsp;25,00\" \/>\n\t<meta name=\"twitter:label2\" content=\"Verf\u00fcgbarkeit\" \/>\n\t<meta name=\"twitter:data2\" content=\"Auf Lager\" \/>\n<script type=\"application\/ld+json\" class=\"yoast-schema-graph\">{\"@context\":\"https:\/\/schema.org\",\"@graph\":[{\"@type\":\"WebPage\",\"@id\":\"https:\/\/www.alldayled.com\/de\/produkt\/mini-led-spot-rood-24v-5-stuks-chrome\/\",\"url\":\"https:\/\/www.alldayled.com\/de\/produkt\/mini-led-spot-rood-24v-5-stuks-chrome\/\",\"name\":\"Mini LED spot ROT 24V CHROM - 5 St\u00fcck All Day Led - Interieur\",\"isPartOf\":{\"@id\":\"https:\/\/www.alldayled.com\/de\/#website\"},\"primaryImageOfPage\":{\"@id\":\"https:\/\/www.alldayled.com\/de\/produkt\/mini-led-spot-rood-24v-5-stuks-chrome\/#primaryimage\"},\"image\":{\"@id\":\"https:\/\/www.alldayled.com\/de\/produkt\/mini-led-spot-rood-24v-5-stuks-chrome\/#primaryimage\"},\"thumbnailUrl\":\"https:\/\/www.alldayled.com\/wp-content\/uploads\/2024\/03\/ADL40701.png\",\"datePublished\":\"2024-01-02T08:54:09+00:00\",\"dateModified\":\"2026-03-22T18:42:27+00:00\",\"description\":\"Mini LED spot ROT 24V CHROM - Innenbeleuchtung LKW \/ Wohnmobil - Inhalt 5 St\u00fcck - mit 1 Meter Anschlusskabel - Schraub-\/Mutter-Montage\",\"breadcrumb\":{\"@id\":\"https:\/\/www.alldayled.com\/de\/produkt\/mini-led-spot-rood-24v-5-stuks-chrome\/#breadcrumb\"},\"inLanguage\":\"de\",\"potentialAction\":[{\"@type\":\"ReadAction\",\"target\":[\"https:\/\/www.alldayled.com\/de\/produkt\/mini-led-spot-rood-24v-5-stuks-chrome\/\"]}]},{\"@type\":\"ImageObject\",\"inLanguage\":\"de\",\"@id\":\"https:\/\/www.alldayled.com\/de\/produkt\/mini-led-spot-rood-24v-5-stuks-chrome\/#primaryimage\",\"url\":\"https:\/\/www.alldayled.com\/wp-content\/uploads\/2024\/03\/ADL40701.png\",\"contentUrl\":\"https:\/\/www.alldayled.com\/wp-content\/uploads\/2024\/03\/ADL40701.png\",\"width\":800,\"height\":600,\"caption\":\"Mini LED spot ROT 24V - 5 St\u00fcck - schwarz - Innenleuchte geeignet f\u00fcr 24 Volt Betrieb - LKW \/ Wohnmobil Beleuchtung - Einbauspot f\u00fcr Sternenhimmel - Kabinenbeleuchtung LKW\"},{\"@type\":\"BreadcrumbList\",\"@id\":\"https:\/\/www.alldayled.com\/de\/produkt\/mini-led-spot-rood-24v-5-stuks-chrome\/#breadcrumb\",\"itemListElement\":[{\"@type\":\"ListItem\",\"position\":1,\"name\":\"Home\",\"item\":\"https:\/\/www.alldayled.com\/de\/\"},{\"@type\":\"ListItem\",\"position\":2,\"name\":\"Shop\",\"item\":\"https:\/\/www.alldayled.com\/de\/shop\/\"},{\"@type\":\"ListItem\",\"position\":3,\"name\":\"Beleuchtung\",\"item\":\"https:\/\/www.alldayled.com\/de\/produkt-kategorie\/beleuchtung\/\"},{\"@type\":\"ListItem\",\"position\":4,\"name\":\"Beleuchtung 24 Volt\",\"item\":\"https:\/\/www.alldayled.com\/de\/produkt-kategorie\/beleuchtung\/verlichting-24-volt\/\"},{\"@type\":\"ListItem\",\"position\":5,\"name\":\"Einbauleuchten\",\"item\":\"https:\/\/www.alldayled.com\/de\/produkt-kategorie\/beleuchtung\/verlichting-24-volt\/inbouw-verlichting-24-volt\/\"},{\"@type\":\"ListItem\",\"position\":6,\"name\":\"Mini LED spot rot 24V &#8211; 5 St\u00fcck &#8211; Chrom\"}]},{\"@type\":\"WebSite\",\"@id\":\"https:\/\/www.alldayled.com\/de\/#website\",\"url\":\"https:\/\/www.alldayled.com\/de\/\",\"name\":\"All Day Led\",\"description\":\"Verlichting voor 12&amp;24 volt gebruik\",\"publisher\":{\"@id\":\"https:\/\/www.alldayled.com\/de\/#organization\"},\"potentialAction\":[{\"@type\":\"SearchAction\",\"target\":{\"@type\":\"EntryPoint\",\"urlTemplate\":\"https:\/\/www.alldayled.com\/de\/?s={search_term_string}\"},\"query-input\":{\"@type\":\"PropertyValueSpecification\",\"valueRequired\":true,\"valueName\":\"search_term_string\"}}],\"inLanguage\":\"de\"},{\"@type\":\"Organization\",\"@id\":\"https:\/\/www.alldayled.com\/de\/#organization\",\"name\":\"All Day Led\",\"url\":\"https:\/\/www.alldayled.com\/de\/\",\"logo\":{\"@type\":\"ImageObject\",\"inLanguage\":\"de\",\"@id\":\"https:\/\/www.alldayled.com\/de\/#\/schema\/logo\/image\/\",\"url\":\"https:\/\/www.alldayled.com\/wp-content\/uploads\/2025\/10\/Logo-ALL-DAY-LED-800x800-zwart-witte-letters.png\",\"contentUrl\":\"https:\/\/www.alldayled.com\/wp-content\/uploads\/2025\/10\/Logo-ALL-DAY-LED-800x800-zwart-witte-letters.png\",\"width\":800,\"height\":800,\"caption\":\"All Day Led\"},\"image\":{\"@id\":\"https:\/\/www.alldayled.com\/de\/#\/schema\/logo\/image\/\"},\"sameAs\":[\"https:\/\/www.facebook.com\/alldayled\/\",\"https:\/\/www.instagram.com\/alldayled\/\"],\"vatID\":\"NL863960133B01\",\"taxID\":\"86416545\"}]}<\/script>\n<meta property=\"product:brand\" content=\"MTRS\" \/>\n<meta property=\"product:price:amount\" content=\"25.00\" \/>\n<meta property=\"product:price:currency\" content=\"EUR\" \/>\n<meta property=\"og:availability\" content=\"instock\" \/>\n<meta property=\"product:availability\" content=\"instock\" \/>\n<meta property=\"product:retailer_item_id\" content=\"ADL40701\" \/>\n<meta property=\"product:condition\" content=\"new\" \/>\n<!-- \/ Yoast SEO Premium plugin. -->","yoast_head_json":{"title":"Mini LED spot ROT 24V CHROM - 5 St\u00fcck All Day Led - Interieur","description":"Mini LED spot ROT 24V CHROM - Innenbeleuchtung LKW \/ Wohnmobil - Inhalt 5 St\u00fcck - mit 1 Meter Anschlusskabel - Schraub-\/Mutter-Montage","robots":{"index":"index","follow":"follow","max-snippet":"max-snippet:-1","max-image-preview":"max-image-preview:large","max-video-preview":"max-video-preview:-1"},"canonical":"https:\/\/www.alldayled.com\/de\/produkt\/mini-led-spot-rood-24v-5-stuks-chrome\/","og_locale":"de_DE","og_type":"article","og_title":"Mini LED spot ROT 24V CHROM - 5 St\u00fcck All Day Led - Interieur","og_description":"Mini LED spot ROT 24V CHROM - Innenbeleuchtung LKW \/ Wohnmobil - Inhalt 5 St\u00fcck - mit 1 Meter Anschlusskabel - Schraub-\/Mutter-Montage","og_url":"https:\/\/www.alldayled.com\/de\/produkt\/mini-led-spot-rood-24v-5-stuks-chrome\/","og_site_name":"All Day Led","article_publisher":"https:\/\/www.facebook.com\/alldayled\/","article_modified_time":"2026-03-22T18:42:27+00:00","og_image":[{"url":"https:\/\/www.alldayled.com\/wp-content\/uploads\/2024\/03\/ADL40701.-06.png","type":"","width":"","height":""}],"twitter_misc":{"Preis":"&euro;&nbsp;25,00","Verf\u00fcgbarkeit":"Auf Lager"},"schema":{"@context":"https:\/\/schema.org","@graph":[{"@type":"WebPage","@id":"https:\/\/www.alldayled.com\/de\/produkt\/mini-led-spot-rood-24v-5-stuks-chrome\/","url":"https:\/\/www.alldayled.com\/de\/produkt\/mini-led-spot-rood-24v-5-stuks-chrome\/","name":"Mini LED spot ROT 24V CHROM - 5 St\u00fcck All Day Led - Interieur","isPartOf":{"@id":"https:\/\/www.alldayled.com\/de\/#website"},"primaryImageOfPage":{"@id":"https:\/\/www.alldayled.com\/de\/produkt\/mini-led-spot-rood-24v-5-stuks-chrome\/#primaryimage"},"image":{"@id":"https:\/\/www.alldayled.com\/de\/produkt\/mini-led-spot-rood-24v-5-stuks-chrome\/#primaryimage"},"thumbnailUrl":"https:\/\/www.alldayled.com\/wp-content\/uploads\/2024\/03\/ADL40701.png","datePublished":"2024-01-02T08:54:09+00:00","dateModified":"2026-03-22T18:42:27+00:00","description":"Mini LED spot ROT 24V CHROM - Innenbeleuchtung LKW \/ Wohnmobil - Inhalt 5 St\u00fcck - mit 1 Meter Anschlusskabel - Schraub-\/Mutter-Montage","breadcrumb":{"@id":"https:\/\/www.alldayled.com\/de\/produkt\/mini-led-spot-rood-24v-5-stuks-chrome\/#breadcrumb"},"inLanguage":"de","potentialAction":[{"@type":"ReadAction","target":["https:\/\/www.alldayled.com\/de\/produkt\/mini-led-spot-rood-24v-5-stuks-chrome\/"]}]},{"@type":"ImageObject","inLanguage":"de","@id":"https:\/\/www.alldayled.com\/de\/produkt\/mini-led-spot-rood-24v-5-stuks-chrome\/#primaryimage","url":"https:\/\/www.alldayled.com\/wp-content\/uploads\/2024\/03\/ADL40701.png","contentUrl":"https:\/\/www.alldayled.com\/wp-content\/uploads\/2024\/03\/ADL40701.png","width":800,"height":600,"caption":"Mini LED spot ROT 24V - 5 St\u00fcck - schwarz - Innenleuchte geeignet f\u00fcr 24 Volt Betrieb - LKW \/ Wohnmobil Beleuchtung - Einbauspot f\u00fcr Sternenhimmel - Kabinenbeleuchtung LKW"},{"@type":"BreadcrumbList","@id":"https:\/\/www.alldayled.com\/de\/produkt\/mini-led-spot-rood-24v-5-stuks-chrome\/#breadcrumb","itemListElement":[{"@type":"ListItem","position":1,"name":"Home","item":"https:\/\/www.alldayled.com\/de\/"},{"@type":"ListItem","position":2,"name":"Shop","item":"https:\/\/www.alldayled.com\/de\/shop\/"},{"@type":"ListItem","position":3,"name":"Beleuchtung","item":"https:\/\/www.alldayled.com\/de\/produkt-kategorie\/beleuchtung\/"},{"@type":"ListItem","position":4,"name":"Beleuchtung 24 Volt","item":"https:\/\/www.alldayled.com\/de\/produkt-kategorie\/beleuchtung\/verlichting-24-volt\/"},{"@type":"ListItem","position":5,"name":"Einbauleuchten","item":"https:\/\/www.alldayled.com\/de\/produkt-kategorie\/beleuchtung\/verlichting-24-volt\/inbouw-verlichting-24-volt\/"},{"@type":"ListItem","position":6,"name":"Mini LED spot rot 24V &#8211; 5 St\u00fcck &#8211; Chrom"}]},{"@type":"WebSite","@id":"https:\/\/www.alldayled.com\/de\/#website","url":"https:\/\/www.alldayled.com\/de\/","name":"All Day Led","description":"Verlichting voor 12&amp;24 volt gebruik","publisher":{"@id":"https:\/\/www.alldayled.com\/de\/#organization"},"potentialAction":[{"@type":"SearchAction","target":{"@type":"EntryPoint","urlTemplate":"https:\/\/www.alldayled.com\/de\/?s={search_term_string}"},"query-input":{"@type":"PropertyValueSpecification","valueRequired":true,"valueName":"search_term_string"}}],"inLanguage":"de"},{"@type":"Organization","@id":"https:\/\/www.alldayled.com\/de\/#organization","name":"All Day Led","url":"https:\/\/www.alldayled.com\/de\/","logo":{"@type":"ImageObject","inLanguage":"de","@id":"https:\/\/www.alldayled.com\/de\/#\/schema\/logo\/image\/","url":"https:\/\/www.alldayled.com\/wp-content\/uploads\/2025\/10\/Logo-ALL-DAY-LED-800x800-zwart-witte-letters.png","contentUrl":"https:\/\/www.alldayled.com\/wp-content\/uploads\/2025\/10\/Logo-ALL-DAY-LED-800x800-zwart-witte-letters.png","width":800,"height":800,"caption":"All Day Led"},"image":{"@id":"https:\/\/www.alldayled.com\/de\/#\/schema\/logo\/image\/"},"sameAs":["https:\/\/www.facebook.com\/alldayled\/","https:\/\/www.instagram.com\/alldayled\/"],"vatID":"NL863960133B01","taxID":"86416545"}]},"product_brand":"MTRS","product_price_amount":"25.00","product_price_currency":"EUR","og_availability":"instock","product_availability":"instock","product_retailer_item_id":"ADL40701","product_condition":"new"},"_links":{"self":[{"href":"https:\/\/www.alldayled.com\/de\/wp-json\/wp\/v2\/product\/68401","targetHints":{"allow":["GET"]}}],"collection":[{"href":"https:\/\/www.alldayled.com\/de\/wp-json\/wp\/v2\/product"}],"about":[{"href":"https:\/\/www.alldayled.com\/de\/wp-json\/wp\/v2\/types\/product"}],"replies":[{"embeddable":true,"href":"https:\/\/www.alldayled.com\/de\/wp-json\/wp\/v2\/comments?post=68401"}],"wp:featuredmedia":[{"embeddable":true,"href":"https:\/\/www.alldayled.com\/de\/wp-json\/wp\/v2\/media\/28065"}],"wp:attachment":[{"href":"https:\/\/www.alldayled.com\/de\/wp-json\/wp\/v2\/media?parent=68401"}],"wp:term":[{"taxonomy":"product_brand","embeddable":true,"href":"https:\/\/www.alldayled.com\/de\/wp-json\/wp\/v2\/product_brand?post=68401"},{"taxonomy":"product_cat","embeddable":true,"href":"https:\/\/www.alldayled.com\/de\/wp-json\/wp\/v2\/product_cat?post=68401"},{"taxonomy":"product_tag","embeddable":true,"href":"https:\/\/www.alldayled.com\/de\/wp-json\/wp\/v2\/product_tag?post=68401"}],"curies":[{"name":"wp","href":"https:\/\/api.w.org\/{rel}","templated":true}]}}