{"id":68422,"date":"2020-03-10T15:14:58","date_gmt":"2020-03-10T14:14:58","guid":{"rendered":"https:\/\/www.alldayled.com\/product\/led-inbouw-5mm-warm-wit\/"},"modified":"2020-03-10T15:14:58","modified_gmt":"2020-03-10T14:14:58","slug":"led-inbouw-5mm-warm-wit","status":"publish","type":"product","link":"https:\/\/www.alldayled.com\/de\/produkt\/led-inbouw-5mm-warm-wit\/","title":{"rendered":"LED Einbau spot 5mm warm wei\u00df 12\/24 Volt"},"content":{"rendered":"<p><span style=\"color: #000000;\"><strong>LED Einbau spot warm wei\u00df 5mm mit Klarglas, f\u00fcr 12 &amp; 24 Volt Betrieb. <\/strong><\/span><\/p>\n<p><span style=\"color: #000000;\">Suchst du einen sch\u00f6nen runden LED Einbau spot mit Klarglas, der warm wei\u00df leuchtet? Dann ist diese LED Lampe vielleicht genau das, was du suchst. Diese Innenleuchte tut genau, was sie soll: Sie beleuchtet den Raum in Rot. M\u00f6chtest du einen Sternenhimmel-Effekt erzeugen? Nimm dann mindestens 10 St\u00fcck. Die Lampe hat 1 LED und wird mit einer Chromhalterung geliefert. Der warm wei\u00dfe LED Einbau spot funktioniert mit 12 und 24 Volt. Du kannst ihn also verwenden, um das Interieur deines Autos, LKWs, Campers, Anh\u00e4ngers oder eines anderen Fahrzeugs oder Arbeitsger\u00e4ts rot zu beleuchten.       <\/span><\/p>\n<h5><span style=\"color: #000000;\"><strong>Montage:<\/strong><\/span><\/h5>\n<p><span style=\"color: #000000;\">Es handelt sich hier um eine Einbaumontage Lampe, was bedeutet, dass Sie ein Loch in Ihr Interieur machen m\u00fcssen. Die Montage dauert nur wenige Minuten. Nach der Montage betr\u00e4gt die Gesamth\u00f6he nur 5 Millimeter und die Lampe ist seriell schaltbar. Kurz gesagt: Dieser LED Einbauspot rot ist ideal f\u00fcr die Montage im Interieur Ihres Fahrzeugs oder Bootes.   <\/span><\/p>\n<h5><span style=\"color: #000000;\"><strong>Andere Farben:<\/strong><\/span><\/h5>\n<p><span style=\"color: #000000;\">Ist dieser LED Einbau spot warm wei\u00df genau das, was du suchst, aber m\u00f6chtest du eine andere Farbe? Dann ist diese LED Innenleuchte auch in den folgenden Farben erh\u00e4ltlich: <\/span><\/p>\n<ul>\n<li><span style=\"color: #000000;\"><a style=\"color: #000000;\" href=\"https:\/\/www.alldayled.com\/de\/produkt\/led-inbouw-5mm-rood\/\"><strong>Rot<\/strong><\/a><\/span><\/li>\n<li><a href=\"https:\/\/www.alldayled.com\/de\/produkt\/led-inbouw-5mm-wit\/\"><span style=\"color: #000000;\"><strong>Xenon wei\u00df<\/strong><\/span><\/a><\/li>\n<li><span style=\"color: #000000;\"><strong><a style=\"color: #000000;\" href=\"https:\/\/www.alldayled.com\/de\/produkt\/led-inbouw-5mm-blauw\/\">Blau<\/a><\/strong><\/span><\/li>\n<li><span style=\"color: #000000;\"><strong><a style=\"color: #000000;\" href=\"https:\/\/www.alldayled.com\/de\/produkt\/led-inbouw-5mm-oranje\/\">Orange<\/a><\/strong><\/span><\/li>\n<li><span style=\"color: #000000;\"><strong><a style=\"color: #000000;\" href=\"https:\/\/www.alldayled.com\/de\/produkt\/led-inbouw-5mm-geel\/\">Gelb<\/a><\/strong><\/span><\/li>\n<li><span style=\"color: #000000;\"><strong><a style=\"color: #000000;\" href=\"https:\/\/www.alldayled.com\/de\/produkt\/led-inbouw-5mm-groen\/\">Gr\u00fcn<\/a><\/strong><\/span><\/li>\n<\/ul>\n<p><span style=\"color: #000000;\">Sind Sie dennoch der Meinung, dass diese LED Lampe nicht das ist, was Sie suchen? Einfach weil die Farbe oder Form nicht Ihren W\u00fcnschen entspricht? Dann werfen Sie auch einen Blick auf unsere Seite <g id=\"gid_0\">Einbauleuchten<\/g>. Vielleicht finden Sie hier das Lampenmodell, das Sie suchen.   <\/span><\/p>\n","protected":false},"excerpt":{"rendered":"<p>LED Einbau spot warm wei\u00df 5mm mit einer Chromhalterung. Funktioniert mit 12 und 24 Volt. <\/p>\n","protected":false},"featured_media":13734,"comment_status":"open","ping_status":"closed","template":"","meta":{"_acf_changed":false},"product_brand":[5577],"product_cat":[5357,5371,5389],"product_tag":[9594,9595,9171,9170,9591,9169,9593,9168,9592,9596,9173,9172,9118,9175,9174,9605],"class_list":{"0":"post-68422","1":"product","2":"type-product","3":"status-publish","4":"has-post-thumbnail","6":"product_brand-product-all-day-led","7":"product_cat-beleuchtung","8":"product_cat-inbouw-verlichting-12-volt","9":"product_cat-inbouw-verlichting-24-volt","10":"product_tag-einbauspot-auto","11":"product_tag-einbauspot-wohnwagen","12":"product_tag-einbaustrahler-lkw","13":"product_tag-einbaustrahler-wohnmobil","14":"product_tag-innenbeleuchtung-auto","15":"product_tag-innenbeleuchtung-lkw","16":"product_tag-innenbeleuchtung-traktor","17":"product_tag-innenbeleuchtung-wohnmobil","18":"product_tag-innenbeleuchtung-wohnwagen","19":"product_tag-interieur-spot-auto","20":"product_tag-interieur-spot-lkw","21":"product_tag-interieur-spot-wohnmobil","22":"product_tag-kabinenbeleuchtung","23":"product_tag-sternenhimmel-lkw","24":"product_tag-sternenhimmel-wohnmobil","25":"product_tag-weise-innenraumbeleuchtung","27":"first","28":"instock","29":"taxable","30":"shipping-taxable","31":"purchasable","32":"product-type-simple"},"acf":[],"yoast_head":"<!-- This site is optimized with the Yoast SEO Premium plugin v26.5 (Yoast SEO v27.1.1) - https:\/\/yoast.com\/product\/yoast-seo-premium-wordpress\/ -->\n<title>LED Einbau spot warm wei\u00df - 5mm - mit Halterung All Day Led - 12&amp;24V<\/title>\n<meta name=\"description\" content=\"LED Einbau spot warm wei\u00df - 5mm - wei\u00dfe LED Einbau-Innenleuchte - f\u00fcr Auto, LKW, Anh\u00e4nger, Traktor und mehr - 12&amp;24 Volt\" \/>\n<meta name=\"robots\" content=\"index, follow, max-snippet:-1, max-image-preview:large, max-video-preview:-1\" \/>\n<link rel=\"canonical\" href=\"https:\/\/www.alldayled.com\/de\/produkt\/led-inbouw-5mm-warm-wit\/\" \/>\n<meta property=\"og:locale\" content=\"de_DE\" \/>\n<meta property=\"og:type\" content=\"article\" \/>\n<meta property=\"og:title\" content=\"LED Einbau spot warm wei\u00df - 5mm - mit Halterung All Day Led - 12&amp;24V\" \/>\n<meta property=\"og:description\" content=\"LED Einbau spot warm wei\u00df - 5mm - wei\u00dfe LED Einbau-Innenleuchte - f\u00fcr Auto, LKW, Anh\u00e4nger, Traktor und mehr - 12&amp;24 Volt\" \/>\n<meta property=\"og:url\" content=\"https:\/\/www.alldayled.com\/de\/produkt\/led-inbouw-5mm-warm-wit\/\" \/>\n<meta property=\"og:site_name\" content=\"All Day Led\" \/>\n<meta property=\"article:publisher\" content=\"https:\/\/www.facebook.com\/alldayled\/\" \/>\n<meta property=\"og:image\" content=\"https:\/\/www.alldayled.com\/wp-content\/uploads\/2020\/03\/ADL00011-WW.-0.png\" \/>\n\t<meta property=\"og:image:width\" content=\"800\" \/>\n\t<meta property=\"og:image:height\" content=\"600\" \/>\n\t<meta property=\"og:image:type\" content=\"image\/png\" \/>\n<meta name=\"twitter:label1\" content=\"Preis\" \/>\n\t<meta name=\"twitter:data1\" content=\"&euro;&nbsp;1,65\" \/>\n\t<meta name=\"twitter:label2\" content=\"Verf\u00fcgbarkeit\" \/>\n\t<meta name=\"twitter:data2\" content=\"Auf Lager\" \/>\n<script type=\"application\/ld+json\" class=\"yoast-schema-graph\">{\"@context\":\"https:\/\/schema.org\",\"@graph\":[{\"@type\":\"WebPage\",\"@id\":\"https:\/\/www.alldayled.com\/de\/produkt\/led-inbouw-5mm-warm-wit\/\",\"url\":\"https:\/\/www.alldayled.com\/de\/produkt\/led-inbouw-5mm-warm-wit\/\",\"name\":\"LED Einbau spot warm wei\u00df - 5mm - mit Halterung All Day Led - 12&24V\",\"isPartOf\":{\"@id\":\"https:\/\/www.alldayled.com\/de\/#website\"},\"primaryImageOfPage\":{\"@id\":\"https:\/\/www.alldayled.com\/de\/produkt\/led-inbouw-5mm-warm-wit\/#primaryimage\"},\"image\":{\"@id\":\"https:\/\/www.alldayled.com\/de\/produkt\/led-inbouw-5mm-warm-wit\/#primaryimage\"},\"thumbnailUrl\":\"https:\/\/www.alldayled.com\/wp-content\/uploads\/2020\/03\/ADL00011-WW.-0.png\",\"datePublished\":\"2020-03-10T14:14:58+00:00\",\"description\":\"LED Einbau spot warm wei\u00df - 5mm - wei\u00dfe LED Einbau-Innenleuchte - f\u00fcr Auto, LKW, Anh\u00e4nger, Traktor und mehr - 12&24 Volt\",\"breadcrumb\":{\"@id\":\"https:\/\/www.alldayled.com\/de\/produkt\/led-inbouw-5mm-warm-wit\/#breadcrumb\"},\"inLanguage\":\"de\",\"potentialAction\":[{\"@type\":\"ReadAction\",\"target\":[\"https:\/\/www.alldayled.com\/de\/produkt\/led-inbouw-5mm-warm-wit\/\"]}]},{\"@type\":\"ImageObject\",\"inLanguage\":\"de\",\"@id\":\"https:\/\/www.alldayled.com\/de\/produkt\/led-inbouw-5mm-warm-wit\/#primaryimage\",\"url\":\"https:\/\/www.alldayled.com\/wp-content\/uploads\/2020\/03\/ADL00011-WW.-0.png\",\"contentUrl\":\"https:\/\/www.alldayled.com\/wp-content\/uploads\/2020\/03\/ADL00011-WW.-0.png\",\"width\":800,\"height\":600,\"caption\":\"LED Einbau spot warm wei\u00df 3000K 12 Volt - 24 Volt - Innenbeleuchtung - LKW-Styling Artikel - EAN: 6090545896866\"},{\"@type\":\"BreadcrumbList\",\"@id\":\"https:\/\/www.alldayled.com\/de\/produkt\/led-inbouw-5mm-warm-wit\/#breadcrumb\",\"itemListElement\":[{\"@type\":\"ListItem\",\"position\":1,\"name\":\"Home\",\"item\":\"https:\/\/www.alldayled.com\/de\/\"},{\"@type\":\"ListItem\",\"position\":2,\"name\":\"Shop\",\"item\":\"https:\/\/www.alldayled.com\/de\/shop\/\"},{\"@type\":\"ListItem\",\"position\":3,\"name\":\"Beleuchtung\",\"item\":\"https:\/\/www.alldayled.com\/de\/produkt-kategorie\/beleuchtung\/\"},{\"@type\":\"ListItem\",\"position\":4,\"name\":\"Beleuchtung 24 Volt\",\"item\":\"https:\/\/www.alldayled.com\/de\/produkt-kategorie\/beleuchtung\/verlichting-24-volt\/\"},{\"@type\":\"ListItem\",\"position\":5,\"name\":\"Einbauleuchten\",\"item\":\"https:\/\/www.alldayled.com\/de\/produkt-kategorie\/beleuchtung\/verlichting-24-volt\/inbouw-verlichting-24-volt\/\"},{\"@type\":\"ListItem\",\"position\":6,\"name\":\"LED Einbau spot 5mm warm wei\u00df 12\/24 Volt\"}]},{\"@type\":\"WebSite\",\"@id\":\"https:\/\/www.alldayled.com\/de\/#website\",\"url\":\"https:\/\/www.alldayled.com\/de\/\",\"name\":\"All Day Led\",\"description\":\"Verlichting voor 12&amp;24 volt gebruik\",\"publisher\":{\"@id\":\"https:\/\/www.alldayled.com\/de\/#organization\"},\"potentialAction\":[{\"@type\":\"SearchAction\",\"target\":{\"@type\":\"EntryPoint\",\"urlTemplate\":\"https:\/\/www.alldayled.com\/de\/?s={search_term_string}\"},\"query-input\":{\"@type\":\"PropertyValueSpecification\",\"valueRequired\":true,\"valueName\":\"search_term_string\"}}],\"inLanguage\":\"de\"},{\"@type\":\"Organization\",\"@id\":\"https:\/\/www.alldayled.com\/de\/#organization\",\"name\":\"All Day Led\",\"url\":\"https:\/\/www.alldayled.com\/de\/\",\"logo\":{\"@type\":\"ImageObject\",\"inLanguage\":\"de\",\"@id\":\"https:\/\/www.alldayled.com\/de\/#\/schema\/logo\/image\/\",\"url\":\"https:\/\/www.alldayled.com\/wp-content\/uploads\/2025\/10\/Logo-ALL-DAY-LED-800x800-zwart-witte-letters.png\",\"contentUrl\":\"https:\/\/www.alldayled.com\/wp-content\/uploads\/2025\/10\/Logo-ALL-DAY-LED-800x800-zwart-witte-letters.png\",\"width\":800,\"height\":800,\"caption\":\"All Day Led\"},\"image\":{\"@id\":\"https:\/\/www.alldayled.com\/de\/#\/schema\/logo\/image\/\"},\"sameAs\":[\"https:\/\/www.facebook.com\/alldayled\/\",\"https:\/\/www.instagram.com\/alldayled\/\"],\"vatID\":\"NL863960133B01\",\"taxID\":\"86416545\"}]}<\/script>\n<meta property=\"product:brand\" content=\"All Day Led\" \/>\n<meta property=\"product:price:amount\" content=\"1.65\" \/>\n<meta property=\"product:price:currency\" content=\"EUR\" \/>\n<meta property=\"og:availability\" content=\"instock\" \/>\n<meta property=\"product:availability\" content=\"instock\" \/>\n<meta property=\"product:retailer_item_id\" content=\"ADL00011-WW\" \/>\n<meta property=\"product:condition\" content=\"new\" \/>\n<!-- \/ Yoast SEO Premium plugin. -->","yoast_head_json":{"title":"LED Einbau spot warm wei\u00df - 5mm - mit Halterung All Day Led - 12&24V","description":"LED Einbau spot warm wei\u00df - 5mm - wei\u00dfe LED Einbau-Innenleuchte - f\u00fcr Auto, LKW, Anh\u00e4nger, Traktor und mehr - 12&24 Volt","robots":{"index":"index","follow":"follow","max-snippet":"max-snippet:-1","max-image-preview":"max-image-preview:large","max-video-preview":"max-video-preview:-1"},"canonical":"https:\/\/www.alldayled.com\/de\/produkt\/led-inbouw-5mm-warm-wit\/","og_locale":"de_DE","og_type":"article","og_title":"LED Einbau spot warm wei\u00df - 5mm - mit Halterung All Day Led - 12&24V","og_description":"LED Einbau spot warm wei\u00df - 5mm - wei\u00dfe LED Einbau-Innenleuchte - f\u00fcr Auto, LKW, Anh\u00e4nger, Traktor und mehr - 12&24 Volt","og_url":"https:\/\/www.alldayled.com\/de\/produkt\/led-inbouw-5mm-warm-wit\/","og_site_name":"All Day Led","article_publisher":"https:\/\/www.facebook.com\/alldayled\/","og_image":[{"width":800,"height":600,"url":"https:\/\/www.alldayled.com\/wp-content\/uploads\/2020\/03\/ADL00011-WW.-0.png","type":"image\/png"}],"twitter_misc":{"Preis":"&euro;&nbsp;1,65","Verf\u00fcgbarkeit":"Auf Lager"},"schema":{"@context":"https:\/\/schema.org","@graph":[{"@type":"WebPage","@id":"https:\/\/www.alldayled.com\/de\/produkt\/led-inbouw-5mm-warm-wit\/","url":"https:\/\/www.alldayled.com\/de\/produkt\/led-inbouw-5mm-warm-wit\/","name":"LED Einbau spot warm wei\u00df - 5mm - mit Halterung All Day Led - 12&24V","isPartOf":{"@id":"https:\/\/www.alldayled.com\/de\/#website"},"primaryImageOfPage":{"@id":"https:\/\/www.alldayled.com\/de\/produkt\/led-inbouw-5mm-warm-wit\/#primaryimage"},"image":{"@id":"https:\/\/www.alldayled.com\/de\/produkt\/led-inbouw-5mm-warm-wit\/#primaryimage"},"thumbnailUrl":"https:\/\/www.alldayled.com\/wp-content\/uploads\/2020\/03\/ADL00011-WW.-0.png","datePublished":"2020-03-10T14:14:58+00:00","description":"LED Einbau spot warm wei\u00df - 5mm - wei\u00dfe LED Einbau-Innenleuchte - f\u00fcr Auto, LKW, Anh\u00e4nger, Traktor und mehr - 12&24 Volt","breadcrumb":{"@id":"https:\/\/www.alldayled.com\/de\/produkt\/led-inbouw-5mm-warm-wit\/#breadcrumb"},"inLanguage":"de","potentialAction":[{"@type":"ReadAction","target":["https:\/\/www.alldayled.com\/de\/produkt\/led-inbouw-5mm-warm-wit\/"]}]},{"@type":"ImageObject","inLanguage":"de","@id":"https:\/\/www.alldayled.com\/de\/produkt\/led-inbouw-5mm-warm-wit\/#primaryimage","url":"https:\/\/www.alldayled.com\/wp-content\/uploads\/2020\/03\/ADL00011-WW.-0.png","contentUrl":"https:\/\/www.alldayled.com\/wp-content\/uploads\/2020\/03\/ADL00011-WW.-0.png","width":800,"height":600,"caption":"LED Einbau spot warm wei\u00df 3000K 12 Volt - 24 Volt - Innenbeleuchtung - LKW-Styling Artikel - EAN: 6090545896866"},{"@type":"BreadcrumbList","@id":"https:\/\/www.alldayled.com\/de\/produkt\/led-inbouw-5mm-warm-wit\/#breadcrumb","itemListElement":[{"@type":"ListItem","position":1,"name":"Home","item":"https:\/\/www.alldayled.com\/de\/"},{"@type":"ListItem","position":2,"name":"Shop","item":"https:\/\/www.alldayled.com\/de\/shop\/"},{"@type":"ListItem","position":3,"name":"Beleuchtung","item":"https:\/\/www.alldayled.com\/de\/produkt-kategorie\/beleuchtung\/"},{"@type":"ListItem","position":4,"name":"Beleuchtung 24 Volt","item":"https:\/\/www.alldayled.com\/de\/produkt-kategorie\/beleuchtung\/verlichting-24-volt\/"},{"@type":"ListItem","position":5,"name":"Einbauleuchten","item":"https:\/\/www.alldayled.com\/de\/produkt-kategorie\/beleuchtung\/verlichting-24-volt\/inbouw-verlichting-24-volt\/"},{"@type":"ListItem","position":6,"name":"LED Einbau spot 5mm warm wei\u00df 12\/24 Volt"}]},{"@type":"WebSite","@id":"https:\/\/www.alldayled.com\/de\/#website","url":"https:\/\/www.alldayled.com\/de\/","name":"All Day Led","description":"Verlichting voor 12&amp;24 volt gebruik","publisher":{"@id":"https:\/\/www.alldayled.com\/de\/#organization"},"potentialAction":[{"@type":"SearchAction","target":{"@type":"EntryPoint","urlTemplate":"https:\/\/www.alldayled.com\/de\/?s={search_term_string}"},"query-input":{"@type":"PropertyValueSpecification","valueRequired":true,"valueName":"search_term_string"}}],"inLanguage":"de"},{"@type":"Organization","@id":"https:\/\/www.alldayled.com\/de\/#organization","name":"All Day Led","url":"https:\/\/www.alldayled.com\/de\/","logo":{"@type":"ImageObject","inLanguage":"de","@id":"https:\/\/www.alldayled.com\/de\/#\/schema\/logo\/image\/","url":"https:\/\/www.alldayled.com\/wp-content\/uploads\/2025\/10\/Logo-ALL-DAY-LED-800x800-zwart-witte-letters.png","contentUrl":"https:\/\/www.alldayled.com\/wp-content\/uploads\/2025\/10\/Logo-ALL-DAY-LED-800x800-zwart-witte-letters.png","width":800,"height":800,"caption":"All Day Led"},"image":{"@id":"https:\/\/www.alldayled.com\/de\/#\/schema\/logo\/image\/"},"sameAs":["https:\/\/www.facebook.com\/alldayled\/","https:\/\/www.instagram.com\/alldayled\/"],"vatID":"NL863960133B01","taxID":"86416545"}]},"product_brand":"All Day Led","product_price_amount":"1.65","product_price_currency":"EUR","og_availability":"instock","product_availability":"instock","product_retailer_item_id":"ADL00011-WW","product_condition":"new"},"_links":{"self":[{"href":"https:\/\/www.alldayled.com\/de\/wp-json\/wp\/v2\/product\/68422","targetHints":{"allow":["GET"]}}],"collection":[{"href":"https:\/\/www.alldayled.com\/de\/wp-json\/wp\/v2\/product"}],"about":[{"href":"https:\/\/www.alldayled.com\/de\/wp-json\/wp\/v2\/types\/product"}],"replies":[{"embeddable":true,"href":"https:\/\/www.alldayled.com\/de\/wp-json\/wp\/v2\/comments?post=68422"}],"wp:featuredmedia":[{"embeddable":true,"href":"https:\/\/www.alldayled.com\/de\/wp-json\/wp\/v2\/media\/13734"}],"wp:attachment":[{"href":"https:\/\/www.alldayled.com\/de\/wp-json\/wp\/v2\/media?parent=68422"}],"wp:term":[{"taxonomy":"product_brand","embeddable":true,"href":"https:\/\/www.alldayled.com\/de\/wp-json\/wp\/v2\/product_brand?post=68422"},{"taxonomy":"product_cat","embeddable":true,"href":"https:\/\/www.alldayled.com\/de\/wp-json\/wp\/v2\/product_cat?post=68422"},{"taxonomy":"product_tag","embeddable":true,"href":"https:\/\/www.alldayled.com\/de\/wp-json\/wp\/v2\/product_tag?post=68422"}],"curies":[{"name":"wp","href":"https:\/\/api.w.org\/{rel}","templated":true}]}}