{"id":68429,"date":"2020-09-10T15:45:46","date_gmt":"2020-09-10T13:45:46","guid":{"rendered":"https:\/\/www.alldayled.com\/product\/ba15s-led-groen-24v\/"},"modified":"2026-04-14T21:21:10","modified_gmt":"2026-04-14T19:21:10","slug":"ba15s-led-groen-24v","status":"publish","type":"product","link":"https:\/\/www.alldayled.com\/de\/produkt\/ba15s-led-groen-24v\/","title":{"rendered":"BA15S LED Lampe 24 volt gr\u00fcn &#8211; 2 St\u00fcck"},"content":{"rendered":"<p><span style=\"color: #000000;\"><strong>BA15S LED Lampe gr\u00fcn mit 8-smd, geeignet f\u00fcr 24 volt Betrieb. <\/strong><\/span><\/p>\n<p><span style=\"color: #000000;\">Sind Sie auf der Suche nach einer guten LED Lampe, die Sie gegen Ihre originale BA15S Halogenlampe austauschen k\u00f6nnen? Dann ist diese gr\u00fcne BA15S LED Lampe vielleicht genau das, was Sie suchen. Die Lampe hat 8 LED\u2019s und wird im Set von 2 St\u00fcck geliefert. Dank der 8 LED\u2019s k\u00f6nnen Sie sicher sein, dass die Lampe rundum leuchtet. Die Lichtleistung ist vergleichbar mit einer 10W Halogenlampe. Die BA15S LED Lampe gr\u00fcn funktioniert nur mit 24 Volt, wodurch sie ideal f\u00fcr beispielsweise Ihren LKW, Camper oder Anh\u00e4nger ist. Achtung: Die originale Lampe muss mit Abbildung 3 \u00fcbereinstimmen. Wenn dies nicht der Fall ist, passt die LED Lampe nicht.       <\/span><\/p>\n<p><span style=\"color: #000000;\">Um sicherzustellen, dass die BA15S LED Lampe gr\u00fcn f\u00fcr Ihr Fahrzeug oder Ihren Anh\u00e4nger geeignet ist, haben wir die wichtigsten Spezifikationen f\u00fcr Sie aufgelistet. So sehen Sie sofort, warum dies vielleicht die LED Lampe ist, nach der Sie suchen. Die Lampe hat das ECE R10-Pr\u00fcfzeichen, was bedeutet, dass sie keine St\u00f6rungen beispielsweise auf Ihrem Funksignal verursacht. Dar\u00fcber hinaus kann die LED Lampe bis zu 30 Volt verwendet werden, wodurch sie vor Spannungsspitzen gesch\u00fctzt ist, die beim Starten Ihres Fahrzeugs auftreten k\u00f6nnen. Kurz gesagt: eine perfekte BA15S 24V LED-Lampe gr\u00fcn, die Sie beispielsweise als Innenraumbeleuchtung f\u00fcr Ihren LKW oder Anh\u00e4nger verwenden k\u00f6nnen.    <\/span><\/p>\n<h5><span style=\"color: #000000;\"><strong>Abmessungen:<\/strong><\/span><\/h5>\n<p><span style=\"color: #000000;\">Um sicherzustellen, dass Sie die BA15S LED Lampe gr\u00fcn dort montieren k\u00f6nnen, wo Sie m\u00f6chten, haben wir die Abmessungen unten notiert. Die Abmessungen dieser gr\u00fcnen LED Lampe mit Bajonettanschluss sind wie folgt: <\/span><\/p>\n<ul>\n<li><span style=\"color: #000000;\">L\u00e4nge: 35 mm<\/span><\/li>\n<li><span style=\"color: #000000;\">Breite oben: 16 mm<\/span><\/li>\n<li><span style=\"color: #000000;\">Breite unten: 15 mm<\/span><\/li>\n<\/ul>\n<p><span style=\"color: #000000;\"><em>Achtung, diese LED Lampen sind nicht CAN-Bus-f\u00e4hig. Dies bedeutet, dass diese Lampe eine Meldung \u00fcber eine defekte Lampe auf Ihrem Armaturenbrett ausgeben kann. Dies gilt haupts\u00e4chlich f\u00fcr neuere Automodelle, LKWs sind hiervon oft ausgeschlossen. Auch zus\u00e4tzliche Lampen wie Fernscheinwerfer oder Skylights sind vom CAN-Bus-System ausgeschlossen.    <\/em><\/span><\/p>\n<h5><span style=\"color: #000000;\"><strong>Andere Farben:<\/strong><\/span><\/h5>\n<p><span style=\"color: #000000;\">Sind Sie auf der Suche nach einer r5w- oder r10w-LED Lampe, aber die BA15S LED Lampe gr\u00fcn f\u00fcr 24-Volt-Betrieb ist nicht die Farbe, die Sie suchen? Dann wissen Sie, dass die LED Lampe mit Bajonettanschluss auch in den folgenden Farben erh\u00e4ltlich ist: <\/span><\/p>\n<ul>\n<li><span style=\"color: #000000;\">L\u00e4nge: 35 mm<\/span><\/li>\n<li><span style=\"color: #000000;\">Breite oben: 16 mm<\/span><\/li>\n<li><span style=\"color: #000000;\">Breite unten: 15 mm<\/span><\/li>\n<\/ul>\n<p><span style=\"color: #000000;\"><em>Achtung, diese LED Lampen sind nicht CAN-Bus-f\u00e4hig. Dies bedeutet, dass diese Lampe eine Meldung \u00fcber eine defekte Lampe auf Ihrem Armaturenbrett ausgeben kann. Dies gilt haupts\u00e4chlich f\u00fcr neuere Automodelle, LKWs sind hiervon oft ausgeschlossen. Auch zus\u00e4tzliche Lampen wie Fernscheinwerfer oder Skylights sind vom CAN-Bus-System ausgeschlossen.    <\/em><\/span><\/p>\n<h5><span style=\"color: #000000;\"><strong>Andere Farben:<\/strong><\/span><\/h5>\n<p><span style=\"color: #000000;\">Sind Sie auf der Suche nach einer r5w- oder r10w-LED Lampe, aber die BA15S LED Lampe gr\u00fcn f\u00fcr 24-Volt-Betrieb ist nicht die Farbe, die Sie suchen? Dann wissen Sie, dass die LED Lampe mit Bajonettanschluss auch in den folgenden Farben erh\u00e4ltlich ist: <\/span><\/p>\n<ul>\n<li><span style=\"color: #000000;\"><strong><a style=\"color: #000000;\" href=\"https:\/\/www.alldayled.com\/de\/produkt\/ba15s-led-warm-wit-24v\/\">BA15S 24 volt &#8211; warm wei\u00df 3000k<\/a><\/strong><\/span><\/li>\n<li><span style=\"color: #000000;\"><strong><a style=\"color: #000000;\" href=\"https:\/\/www.alldayled.com\/de\/produkt\/ba15s-led-ambergeel-24v\/\">BA15S 24 volt &#8211; gelb<\/a><\/strong><\/span><\/li>\n<li><span style=\"color: #000000;\"><strong><a style=\"color: #000000;\" href=\"https:\/\/www.alldayled.com\/de\/produkt\/ba15s-led-wit-24v\/\">BA15S 24 volt &#8211; wei\u00df 5700k<\/a><br \/>\n<\/strong><\/span><\/li>\n<li><span style=\"color: #000000;\"><a style=\"color: #000000;\" href=\"https:\/\/www.alldayled.com\/de\/produkt\/ba15s-led-blauw-24v\/\"><strong>BA15S 24 volt &#8211; blau<\/strong><\/a><\/span><\/li>\n<li><span style=\"color: #000000;\"><strong><a style=\"color: #000000;\" href=\"https:\/\/www.alldayled.com\/de\/produkt\/ba15s-led-rood-24v\/\">BA15S 24 Volt &#8211; rot<\/a><\/strong><\/span><\/li>\n<\/ul>\n<h5><span style=\"color: #000000;\"><strong>Warum hat diese BA15S LED Lampe kein E-Pr\u00fcfzeichen:<\/strong><\/span><\/h5>\n<p><span style=\"color: #000000;\">Ersatzlampen m\u00fcssen die europ\u00e4ischen Normen f\u00fcr Sicherheit, Wasserdichtigkeit und Kurzschlussschutz (ECE R37) erf\u00fcllen. Diese Normen basieren auf den alten Gl\u00fch- und Halogenlampen. LED-Ersatzlampen k\u00f6nnen diese nicht erf\u00fcllen, da sie keinen Gl\u00fchfaden haben. Daher erh\u00e4lt diese LED Lampe nicht das ECE R37-Pr\u00fcfzeichen und darf offiziell nicht auf \u00f6ffentlichen Stra\u00dfen verwendet werden. Sie k\u00f6nnen diese BA15S LED Lampe jedoch sicher auf Ihrem eigenen Gel\u00e4nde oder beispielsweise im Rennsport verwenden. So holen Sie das Maximum aus der Lampe heraus, ohne dass es zu rechtlichen Problemen kommt.     <\/span><\/p>\n","protected":false},"excerpt":{"rendered":"<p>BA15S LED Lampen Set 24 volt gr\u00fcn, mit 8 5050 SMD LED Punkten.<\/p>\n","protected":false},"featured_media":16989,"comment_status":"open","ping_status":"closed","template":"","meta":{"_acf_changed":false},"product_brand":[5577],"product_cat":[5401,5393],"product_tag":[9120,9118,9119,9497,9498],"class_list":{"0":"post-68429","1":"product","2":"type-product","3":"status-publish","4":"has-post-thumbnail","6":"product_brand-product-all-day-led","7":"product_cat-ba15s-24-volt-led","8":"product_cat-verlichting-24-volt","9":"product_tag-innenraumbeleuchtung-lkw","10":"product_tag-kabinenbeleuchtung","11":"product_tag-lkw-beleuchtung","12":"product_tag-r10w-led","13":"product_tag-r5w-led","15":"first","16":"instock","17":"taxable","18":"shipping-taxable","19":"purchasable","20":"product-type-simple"},"acf":[],"yoast_head":"<!-- This site is optimized with the Yoast SEO Premium plugin v26.5 (Yoast SEO v27.1.1) - https:\/\/yoast.com\/product\/yoast-seo-premium-wordpress\/ -->\n<title>BA15S LED gr\u00fcn 24 volt - All Day Led - Set von 2 St\u00fcck<\/title>\n<meta name=\"description\" content=\"BA15S LED gr\u00fcn 24 Volt - gr\u00fcne LED Innenraumbeleuchtung LKW - ersetzt eine R5W und R10W Halogenlampe - mit 8-SMD-LED&#039;s\" \/>\n<meta name=\"robots\" content=\"index, follow, max-snippet:-1, max-image-preview:large, max-video-preview:-1\" \/>\n<link rel=\"canonical\" href=\"https:\/\/www.alldayled.com\/de\/produkt\/ba15s-led-groen-24v\/\" \/>\n<meta property=\"og:locale\" content=\"de_DE\" \/>\n<meta property=\"og:type\" content=\"article\" \/>\n<meta property=\"og:title\" content=\"BA15S LED gr\u00fcn 24 volt - All Day Led - Set von 2 St\u00fcck\" \/>\n<meta property=\"og:description\" content=\"BA15S LED gr\u00fcn 24 Volt - gr\u00fcne LED Innenraumbeleuchtung LKW - ersetzt eine R5W und R10W Halogenlampe - mit 8-SMD-LED&#039;s\" \/>\n<meta property=\"og:url\" content=\"https:\/\/www.alldayled.com\/de\/produkt\/ba15s-led-groen-24v\/\" \/>\n<meta property=\"og:site_name\" content=\"All Day Led\" \/>\n<meta property=\"article:publisher\" content=\"https:\/\/www.facebook.com\/alldayled\/\" \/>\n<meta property=\"article:modified_time\" content=\"2026-04-14T19:21:10+00:00\" \/>\n<meta property=\"og:image\" content=\"https:\/\/www.alldayled.com\/wp-content\/uploads\/2020\/09\/ADL00410-G.-1.png\" \/>\n<meta name=\"twitter:label1\" content=\"Preis\" \/>\n\t<meta name=\"twitter:data1\" content=\"&euro;&nbsp;7,00\" \/>\n\t<meta name=\"twitter:label2\" content=\"Verf\u00fcgbarkeit\" \/>\n\t<meta name=\"twitter:data2\" content=\"Auf Lager\" \/>\n<script type=\"application\/ld+json\" class=\"yoast-schema-graph\">{\"@context\":\"https:\/\/schema.org\",\"@graph\":[{\"@type\":\"WebPage\",\"@id\":\"https:\/\/www.alldayled.com\/de\/produkt\/ba15s-led-groen-24v\/\",\"url\":\"https:\/\/www.alldayled.com\/de\/produkt\/ba15s-led-groen-24v\/\",\"name\":\"BA15S LED gr\u00fcn 24 volt - All Day Led - Set von 2 St\u00fcck\",\"isPartOf\":{\"@id\":\"https:\/\/www.alldayled.com\/de\/#website\"},\"primaryImageOfPage\":{\"@id\":\"https:\/\/www.alldayled.com\/de\/produkt\/ba15s-led-groen-24v\/#primaryimage\"},\"image\":{\"@id\":\"https:\/\/www.alldayled.com\/de\/produkt\/ba15s-led-groen-24v\/#primaryimage\"},\"thumbnailUrl\":\"https:\/\/www.alldayled.com\/wp-content\/uploads\/2020\/09\/ADL00410-G..png\",\"datePublished\":\"2020-09-10T13:45:46+00:00\",\"dateModified\":\"2026-04-14T19:21:10+00:00\",\"description\":\"BA15S LED gr\u00fcn 24 Volt - gr\u00fcne LED Innenraumbeleuchtung LKW - ersetzt eine R5W und R10W Halogenlampe - mit 8-SMD-LED's\",\"breadcrumb\":{\"@id\":\"https:\/\/www.alldayled.com\/de\/produkt\/ba15s-led-groen-24v\/#breadcrumb\"},\"inLanguage\":\"de\",\"potentialAction\":[{\"@type\":\"ReadAction\",\"target\":[\"https:\/\/www.alldayled.com\/de\/produkt\/ba15s-led-groen-24v\/\"]}]},{\"@type\":\"ImageObject\",\"inLanguage\":\"de\",\"@id\":\"https:\/\/www.alldayled.com\/de\/produkt\/ba15s-led-groen-24v\/#primaryimage\",\"url\":\"https:\/\/www.alldayled.com\/wp-content\/uploads\/2020\/09\/ADL00410-G..png\",\"contentUrl\":\"https:\/\/www.alldayled.com\/wp-content\/uploads\/2020\/09\/ADL00410-G..png\",\"width\":800,\"height\":600,\"caption\":\"BA15S LED Lampe gr\u00fcn - geeignet f\u00fcr 24 Volt Betrieb - Innenraumbeleuchtung f\u00fcr LKW, Camper und mehr - mit 8 SMD-LED's - EAN: 7448151892892\"},{\"@type\":\"BreadcrumbList\",\"@id\":\"https:\/\/www.alldayled.com\/de\/produkt\/ba15s-led-groen-24v\/#breadcrumb\",\"itemListElement\":[{\"@type\":\"ListItem\",\"position\":1,\"name\":\"Home\",\"item\":\"https:\/\/www.alldayled.com\/de\/\"},{\"@type\":\"ListItem\",\"position\":2,\"name\":\"Shop\",\"item\":\"https:\/\/www.alldayled.com\/de\/shop\/\"},{\"@type\":\"ListItem\",\"position\":3,\"name\":\"Beleuchtung\",\"item\":\"https:\/\/www.alldayled.com\/de\/produkt-kategorie\/beleuchtung\/\"},{\"@type\":\"ListItem\",\"position\":4,\"name\":\"Beleuchtung 24 Volt\",\"item\":\"https:\/\/www.alldayled.com\/de\/produkt-kategorie\/beleuchtung\/verlichting-24-volt\/\"},{\"@type\":\"ListItem\",\"position\":5,\"name\":\"Bajonet 24 Volt\",\"item\":\"https:\/\/www.alldayled.com\/de\/produkt-kategorie\/beleuchtung\/verlichting-24-volt\/bajonet-24-volt\/\"},{\"@type\":\"ListItem\",\"position\":6,\"name\":\"BA15S 24 Volt\",\"item\":\"https:\/\/www.alldayled.com\/de\/produkt-kategorie\/beleuchtung\/verlichting-24-volt\/bajonet-24-volt\/ba15s-24-volt-led\/\"},{\"@type\":\"ListItem\",\"position\":7,\"name\":\"BA15S LED Lampe 24 volt gr\u00fcn &#8211; 2 St\u00fcck\"}]},{\"@type\":\"WebSite\",\"@id\":\"https:\/\/www.alldayled.com\/de\/#website\",\"url\":\"https:\/\/www.alldayled.com\/de\/\",\"name\":\"All Day Led\",\"description\":\"Verlichting voor 12&amp;24 volt gebruik\",\"publisher\":{\"@id\":\"https:\/\/www.alldayled.com\/de\/#organization\"},\"potentialAction\":[{\"@type\":\"SearchAction\",\"target\":{\"@type\":\"EntryPoint\",\"urlTemplate\":\"https:\/\/www.alldayled.com\/de\/?s={search_term_string}\"},\"query-input\":{\"@type\":\"PropertyValueSpecification\",\"valueRequired\":true,\"valueName\":\"search_term_string\"}}],\"inLanguage\":\"de\"},{\"@type\":\"Organization\",\"@id\":\"https:\/\/www.alldayled.com\/de\/#organization\",\"name\":\"All Day Led\",\"url\":\"https:\/\/www.alldayled.com\/de\/\",\"logo\":{\"@type\":\"ImageObject\",\"inLanguage\":\"de\",\"@id\":\"https:\/\/www.alldayled.com\/de\/#\/schema\/logo\/image\/\",\"url\":\"https:\/\/www.alldayled.com\/wp-content\/uploads\/2025\/10\/Logo-ALL-DAY-LED-800x800-zwart-witte-letters.png\",\"contentUrl\":\"https:\/\/www.alldayled.com\/wp-content\/uploads\/2025\/10\/Logo-ALL-DAY-LED-800x800-zwart-witte-letters.png\",\"width\":800,\"height\":800,\"caption\":\"All Day Led\"},\"image\":{\"@id\":\"https:\/\/www.alldayled.com\/de\/#\/schema\/logo\/image\/\"},\"sameAs\":[\"https:\/\/www.facebook.com\/alldayled\/\",\"https:\/\/www.instagram.com\/alldayled\/\"],\"vatID\":\"NL863960133B01\",\"taxID\":\"86416545\"}]}<\/script>\n<meta property=\"product:brand\" content=\"All Day Led\" \/>\n<meta property=\"product:price:amount\" content=\"7.00\" \/>\n<meta property=\"product:price:currency\" content=\"EUR\" \/>\n<meta property=\"og:availability\" content=\"instock\" \/>\n<meta property=\"product:availability\" content=\"instock\" \/>\n<meta property=\"product:retailer_item_id\" content=\"ADL00410-G\" \/>\n<meta property=\"product:condition\" content=\"new\" \/>\n<!-- \/ Yoast SEO Premium plugin. -->","yoast_head_json":{"title":"BA15S LED gr\u00fcn 24 volt - All Day Led - Set von 2 St\u00fcck","description":"BA15S LED gr\u00fcn 24 Volt - gr\u00fcne LED Innenraumbeleuchtung LKW - ersetzt eine R5W und R10W Halogenlampe - mit 8-SMD-LED's","robots":{"index":"index","follow":"follow","max-snippet":"max-snippet:-1","max-image-preview":"max-image-preview:large","max-video-preview":"max-video-preview:-1"},"canonical":"https:\/\/www.alldayled.com\/de\/produkt\/ba15s-led-groen-24v\/","og_locale":"de_DE","og_type":"article","og_title":"BA15S LED gr\u00fcn 24 volt - All Day Led - Set von 2 St\u00fcck","og_description":"BA15S LED gr\u00fcn 24 Volt - gr\u00fcne LED Innenraumbeleuchtung LKW - ersetzt eine R5W und R10W Halogenlampe - mit 8-SMD-LED's","og_url":"https:\/\/www.alldayled.com\/de\/produkt\/ba15s-led-groen-24v\/","og_site_name":"All Day Led","article_publisher":"https:\/\/www.facebook.com\/alldayled\/","article_modified_time":"2026-04-14T19:21:10+00:00","og_image":[{"url":"https:\/\/www.alldayled.com\/wp-content\/uploads\/2020\/09\/ADL00410-G.-1.png","type":"","width":"","height":""}],"twitter_misc":{"Preis":"&euro;&nbsp;7,00","Verf\u00fcgbarkeit":"Auf Lager"},"schema":{"@context":"https:\/\/schema.org","@graph":[{"@type":"WebPage","@id":"https:\/\/www.alldayled.com\/de\/produkt\/ba15s-led-groen-24v\/","url":"https:\/\/www.alldayled.com\/de\/produkt\/ba15s-led-groen-24v\/","name":"BA15S LED gr\u00fcn 24 volt - All Day Led - Set von 2 St\u00fcck","isPartOf":{"@id":"https:\/\/www.alldayled.com\/de\/#website"},"primaryImageOfPage":{"@id":"https:\/\/www.alldayled.com\/de\/produkt\/ba15s-led-groen-24v\/#primaryimage"},"image":{"@id":"https:\/\/www.alldayled.com\/de\/produkt\/ba15s-led-groen-24v\/#primaryimage"},"thumbnailUrl":"https:\/\/www.alldayled.com\/wp-content\/uploads\/2020\/09\/ADL00410-G..png","datePublished":"2020-09-10T13:45:46+00:00","dateModified":"2026-04-14T19:21:10+00:00","description":"BA15S LED gr\u00fcn 24 Volt - gr\u00fcne LED Innenraumbeleuchtung LKW - ersetzt eine R5W und R10W Halogenlampe - mit 8-SMD-LED's","breadcrumb":{"@id":"https:\/\/www.alldayled.com\/de\/produkt\/ba15s-led-groen-24v\/#breadcrumb"},"inLanguage":"de","potentialAction":[{"@type":"ReadAction","target":["https:\/\/www.alldayled.com\/de\/produkt\/ba15s-led-groen-24v\/"]}]},{"@type":"ImageObject","inLanguage":"de","@id":"https:\/\/www.alldayled.com\/de\/produkt\/ba15s-led-groen-24v\/#primaryimage","url":"https:\/\/www.alldayled.com\/wp-content\/uploads\/2020\/09\/ADL00410-G..png","contentUrl":"https:\/\/www.alldayled.com\/wp-content\/uploads\/2020\/09\/ADL00410-G..png","width":800,"height":600,"caption":"BA15S LED Lampe gr\u00fcn - geeignet f\u00fcr 24 Volt Betrieb - Innenraumbeleuchtung f\u00fcr LKW, Camper und mehr - mit 8 SMD-LED's - EAN: 7448151892892"},{"@type":"BreadcrumbList","@id":"https:\/\/www.alldayled.com\/de\/produkt\/ba15s-led-groen-24v\/#breadcrumb","itemListElement":[{"@type":"ListItem","position":1,"name":"Home","item":"https:\/\/www.alldayled.com\/de\/"},{"@type":"ListItem","position":2,"name":"Shop","item":"https:\/\/www.alldayled.com\/de\/shop\/"},{"@type":"ListItem","position":3,"name":"Beleuchtung","item":"https:\/\/www.alldayled.com\/de\/produkt-kategorie\/beleuchtung\/"},{"@type":"ListItem","position":4,"name":"Beleuchtung 24 Volt","item":"https:\/\/www.alldayled.com\/de\/produkt-kategorie\/beleuchtung\/verlichting-24-volt\/"},{"@type":"ListItem","position":5,"name":"Bajonet 24 Volt","item":"https:\/\/www.alldayled.com\/de\/produkt-kategorie\/beleuchtung\/verlichting-24-volt\/bajonet-24-volt\/"},{"@type":"ListItem","position":6,"name":"BA15S 24 Volt","item":"https:\/\/www.alldayled.com\/de\/produkt-kategorie\/beleuchtung\/verlichting-24-volt\/bajonet-24-volt\/ba15s-24-volt-led\/"},{"@type":"ListItem","position":7,"name":"BA15S LED Lampe 24 volt gr\u00fcn &#8211; 2 St\u00fcck"}]},{"@type":"WebSite","@id":"https:\/\/www.alldayled.com\/de\/#website","url":"https:\/\/www.alldayled.com\/de\/","name":"All Day Led","description":"Verlichting voor 12&amp;24 volt gebruik","publisher":{"@id":"https:\/\/www.alldayled.com\/de\/#organization"},"potentialAction":[{"@type":"SearchAction","target":{"@type":"EntryPoint","urlTemplate":"https:\/\/www.alldayled.com\/de\/?s={search_term_string}"},"query-input":{"@type":"PropertyValueSpecification","valueRequired":true,"valueName":"search_term_string"}}],"inLanguage":"de"},{"@type":"Organization","@id":"https:\/\/www.alldayled.com\/de\/#organization","name":"All Day Led","url":"https:\/\/www.alldayled.com\/de\/","logo":{"@type":"ImageObject","inLanguage":"de","@id":"https:\/\/www.alldayled.com\/de\/#\/schema\/logo\/image\/","url":"https:\/\/www.alldayled.com\/wp-content\/uploads\/2025\/10\/Logo-ALL-DAY-LED-800x800-zwart-witte-letters.png","contentUrl":"https:\/\/www.alldayled.com\/wp-content\/uploads\/2025\/10\/Logo-ALL-DAY-LED-800x800-zwart-witte-letters.png","width":800,"height":800,"caption":"All Day Led"},"image":{"@id":"https:\/\/www.alldayled.com\/de\/#\/schema\/logo\/image\/"},"sameAs":["https:\/\/www.facebook.com\/alldayled\/","https:\/\/www.instagram.com\/alldayled\/"],"vatID":"NL863960133B01","taxID":"86416545"}]},"product_brand":"All Day Led","product_price_amount":"7.00","product_price_currency":"EUR","og_availability":"instock","product_availability":"instock","product_retailer_item_id":"ADL00410-G","product_condition":"new"},"_links":{"self":[{"href":"https:\/\/www.alldayled.com\/de\/wp-json\/wp\/v2\/product\/68429","targetHints":{"allow":["GET"]}}],"collection":[{"href":"https:\/\/www.alldayled.com\/de\/wp-json\/wp\/v2\/product"}],"about":[{"href":"https:\/\/www.alldayled.com\/de\/wp-json\/wp\/v2\/types\/product"}],"replies":[{"embeddable":true,"href":"https:\/\/www.alldayled.com\/de\/wp-json\/wp\/v2\/comments?post=68429"}],"wp:featuredmedia":[{"embeddable":true,"href":"https:\/\/www.alldayled.com\/de\/wp-json\/wp\/v2\/media\/16989"}],"wp:attachment":[{"href":"https:\/\/www.alldayled.com\/de\/wp-json\/wp\/v2\/media?parent=68429"}],"wp:term":[{"taxonomy":"product_brand","embeddable":true,"href":"https:\/\/www.alldayled.com\/de\/wp-json\/wp\/v2\/product_brand?post=68429"},{"taxonomy":"product_cat","embeddable":true,"href":"https:\/\/www.alldayled.com\/de\/wp-json\/wp\/v2\/product_cat?post=68429"},{"taxonomy":"product_tag","embeddable":true,"href":"https:\/\/www.alldayled.com\/de\/wp-json\/wp\/v2\/product_tag?post=68429"}],"curies":[{"name":"wp","href":"https:\/\/api.w.org\/{rel}","templated":true}]}}