{"id":68441,"date":"2020-03-27T04:14:44","date_gmt":"2020-03-27T03:14:44","guid":{"rendered":"https:\/\/www.alldayled.com\/product\/ba15s-led-oranje-9-30v-8smd-2stuks\/"},"modified":"2026-03-29T19:57:38","modified_gmt":"2026-03-29T17:57:38","slug":"ba15s-led-oranje-9-30v-8smd-2stuks","status":"publish","type":"product","link":"https:\/\/www.alldayled.com\/de\/produkt\/ba15s-led-oranje-9-30v-8smd-2stuks\/","title":{"rendered":"BA15S LED Lampe 9\/32V orange &#8211; 2 St\u00fcck"},"content":{"rendered":"<p><span style=\"color: #000000;\"><strong>BA15S LED Lampe orange mit 8-SMD, f\u00fcr 12 &amp; 24 Volt. <\/strong><\/span><\/p>\n<p><span style=\"color: #000000;\">Suchst du eine LED Lampe, die du gegen deine originale BA15S Halogenlampe austauschen kannst? Dann ist diese Nedking BA15S LED Lampe orange vielleicht genau das, was du suchst. Die Lampe hat 8 LEDs und wird als Set von 2 St\u00fcck geliefert. Dank der 8 LEDs leuchtet die Lampe rundum und ersetzt eine 21 Watt Halogenlampe. Die Nedking BA15S LED Lampe funktioniert mit 12 und 24 Volt. Das bedeutet, du kannst sie zum Beispiel in deinem Auto, LKW, Wohnmobil oder Anh\u00e4nger verwenden. Achtung: Die originale Lampe muss dieselbe sein wie auf Abbildung 2. Stimmt dies nicht \u00fcberein? Dann passt die LED Lampe nicht.        <\/span><\/p>\n<p><span style=\"color: #000000;\">Um sicherzustellen, dass die Nedking BA15S LED Lampe orange f\u00fcr dein Fahrzeug geeignet ist, haben wir unten die wichtigsten Spezifikationen aufgelistet. Die Lampe ist mit dem ECE R10-Pr\u00fcfzeichen versehen, was bedeutet, dass sie zum Beispiel keine St\u00f6rungen deines Radiosignals verursacht. Zudem kann die LED Lampe bis zu 32 Volt verarbeiten, wodurch sie vor \u00dcberspannung gesch\u00fctzt ist, die beim Starten deines Fahrzeugs entstehen kann.  <\/span><\/p>\n<h5><span style=\"color: #000000;\"><strong>Abmessungen:<\/strong><\/span><\/h5>\n<p><span style=\"color: #000000;\">Um sicherzustellen, dass du die BA15S LED Lampe orange einfach montieren kannst, haben wir unten die Abmessungen f\u00fcr dich aufgelistet. Die Abmessungen dieser orangefarbenen LED Lampe mit Bajonettanschluss sind wie folgt: <\/span><\/p>\n<ul>\n<li><span style=\"color: #000000;\">L\u00e4nge: 40 mm<\/span><\/li>\n<li><span style=\"color: #000000;\">Breite oben: 23 mm<\/span><\/li>\n<li><span style=\"color: #000000;\">Breite unten: 15 mm<\/span><\/li>\n<\/ul>\n<p><span style=\"color: #000000;\"><em>Bitte beachte, diese LED Lampen sind nicht CAN-Bus-f\u00e4hig. Das bedeutet, dass diese Lampe eine Fehlermeldung auf deinem Armaturenbrett verursachen kann. Dies trifft haupts\u00e4chlich auf neuere Automodelle zu, LKWs sind davon oft ausgenommen. Auch zus\u00e4tzliche Lampen wie Fernscheinwerfer oder Skylights sind vom CAN-Bus-System ausgeschlossen.   <\/em> <\/span><\/p>\n<h5><span style=\"color: #000000;\"><strong>Andere Farben:<\/strong><\/span><\/h5>\n<p><span style=\"color: #000000;\">Suchst du eine R10W oder P21W LED Lampe, aber die BA15S LED Lampe orange ist nicht die Farbe, die du suchst? Keine Sorge! Diese LED Lampe mit Bajonettanschluss ist auch in den folgenden Farben erh\u00e4ltlich:  <\/span><\/p>\n<ul>\n<li><span style=\"color: #000000;\"><a style=\"color: #000000;\" href=\"https:\/\/www.alldayled.com\/de\/produkt\/ba15s-led-rood-9-30v-8smd-2stuks\/\"><strong>BA15S LED Lampe rot &#8211; 8 SMD<\/strong><\/a><\/span><\/li>\n<li><span style=\"color: #000000;\"><a style=\"color: #000000;\" href=\"https:\/\/www.alldayled.com\/de\/produkt\/ba15s-led-wit-9-30v-8smd-2stuks\/\"><strong>BA15S LED Lampe wei\u00df &#8211; 8 SMD<\/strong><\/a><\/span><\/li>\n<\/ul>\n<h5><span style=\"color: #000000;\"><strong>Warum hat diese BA15S LED Lampe kein E-Pr\u00fcfzeichen:<\/strong><\/span><\/h5>\n<p><span style=\"color: #000000;\">Ersatzlampen m\u00fcssen die europ\u00e4ischen Normen f\u00fcr Sicherheit, Wasserdichtigkeit und Kurzschlussschutz (ECE R37) erf\u00fcllen. Diese Normen basieren auf den alten Gl\u00fch- und Halogenlampen. LED-Ersatzlampen k\u00f6nnen diese nicht erf\u00fcllen, da sie keinen Gl\u00fchfaden haben. Daher erh\u00e4lt diese LED Lampe nicht das ECE R37-Pr\u00fcfzeichen und darf offiziell nicht auf \u00f6ffentlichen Stra\u00dfen verwendet werden. Sie k\u00f6nnen diese BA15S LED Lampe jedoch sicher auf Ihrem eigenen Gel\u00e4nde oder beispielsweise im Rennsport verwenden. So holen Sie das Maximum aus der Lampe heraus, ohne dass es zu rechtlichen Problemen kommt.     <\/span><\/p>\n","protected":false},"excerpt":{"rendered":"<p>Nedking BA15S LED Lampenset orange, f\u00fcr 12 und 24 Volt Betrieb.<\/p>\n","protected":false},"featured_media":13836,"comment_status":"open","ping_status":"closed","template":"","meta":{"_acf_changed":false},"product_brand":[6505],"product_cat":[5401,5367,5357,5398,5406,5411,5409,5413],"product_tag":[9495,9118,9119,9184,9496,9497,9498],"class_list":{"0":"post-68441","1":"product","2":"type-product","3":"status-publish","4":"has-post-thumbnail","6":"product_brand-product-nedking","7":"product_cat-ba15s-24-volt-led","8":"product_cat-bajonet-12-volt","9":"product_cat-beleuchtung","10":"product_cat-daf-verlichting","11":"product_cat-iveco-verlichting","12":"product_cat-man-verlichting","13":"product_cat-scania-verlichting","14":"product_cat-volvo-beleuchtung","15":"product_tag-autobeleuchtung","16":"product_tag-kabinenbeleuchtung","17":"product_tag-lkw-beleuchtung","18":"product_tag-nedking-beleuchtung","19":"product_tag-p21w-led","20":"product_tag-r10w-led","21":"product_tag-r5w-led","23":"first","24":"instock","25":"taxable","26":"shipping-taxable","27":"purchasable","28":"product-type-simple"},"acf":[],"yoast_head":"<!-- This site is optimized with the Yoast SEO Premium plugin v26.5 (Yoast SEO v27.1.1) - https:\/\/yoast.com\/product\/yoast-seo-premium-wordpress\/ -->\n<title>BA15S LED Lampe 9\/32V orange - 2 St\u00fcck - All Day Led - f\u00fcr 12&amp;24V<\/title>\n<meta name=\"description\" content=\"Ba15s LED Lampe orange - 2 St\u00fcck - ersetzt deine R5W, R10W und P21W Lampe - ORANGE - 12\/24 Volt - f\u00fcr Auto, LKW und mehr - NEDKING LED LAMPE\" \/>\n<meta name=\"robots\" content=\"index, follow, max-snippet:-1, max-image-preview:large, max-video-preview:-1\" \/>\n<link rel=\"canonical\" href=\"https:\/\/www.alldayled.com\/de\/produkt\/ba15s-led-oranje-9-30v-8smd-2stuks\/\" \/>\n<meta property=\"og:locale\" content=\"de_DE\" \/>\n<meta property=\"og:type\" content=\"article\" \/>\n<meta property=\"og:title\" content=\"BA15S LED Lampe 9\/32V orange - 2 St\u00fcck - All Day Led - f\u00fcr 12&amp;24V\" \/>\n<meta property=\"og:description\" content=\"Ba15s LED Lampe orange - 2 St\u00fcck - ersetzt deine R5W, R10W und P21W Lampe - ORANGE - 12\/24 Volt - f\u00fcr Auto, LKW und mehr - NEDKING LED LAMPE\" \/>\n<meta property=\"og:url\" content=\"https:\/\/www.alldayled.com\/de\/produkt\/ba15s-led-oranje-9-30v-8smd-2stuks\/\" \/>\n<meta property=\"og:site_name\" content=\"All Day Led\" \/>\n<meta property=\"article:publisher\" content=\"https:\/\/www.facebook.com\/alldayled\/\" \/>\n<meta property=\"article:modified_time\" content=\"2026-03-29T17:57:38+00:00\" \/>\n<meta property=\"og:image\" content=\"https:\/\/www.alldayled.com\/wp-content\/uploads\/2020\/03\/ADL00405-O.jpg\" \/>\n\t<meta property=\"og:image:width\" content=\"800\" \/>\n\t<meta property=\"og:image:height\" content=\"600\" \/>\n\t<meta property=\"og:image:type\" content=\"image\/jpeg\" \/>\n<meta name=\"twitter:label1\" content=\"Preis\" \/>\n\t<meta name=\"twitter:data1\" content=\"&euro;&nbsp;21,95\" \/>\n\t<meta name=\"twitter:label2\" content=\"Verf\u00fcgbarkeit\" \/>\n\t<meta name=\"twitter:data2\" content=\"Auf Lager\" \/>\n<script type=\"application\/ld+json\" class=\"yoast-schema-graph\">{\"@context\":\"https:\/\/schema.org\",\"@graph\":[{\"@type\":\"WebPage\",\"@id\":\"https:\/\/www.alldayled.com\/de\/produkt\/ba15s-led-oranje-9-30v-8smd-2stuks\/\",\"url\":\"https:\/\/www.alldayled.com\/de\/produkt\/ba15s-led-oranje-9-30v-8smd-2stuks\/\",\"name\":\"BA15S LED Lampe 9\/32V orange - 2 St\u00fcck - All Day Led - f\u00fcr 12&24V\",\"isPartOf\":{\"@id\":\"https:\/\/www.alldayled.com\/de\/#website\"},\"primaryImageOfPage\":{\"@id\":\"https:\/\/www.alldayled.com\/de\/produkt\/ba15s-led-oranje-9-30v-8smd-2stuks\/#primaryimage\"},\"image\":{\"@id\":\"https:\/\/www.alldayled.com\/de\/produkt\/ba15s-led-oranje-9-30v-8smd-2stuks\/#primaryimage\"},\"thumbnailUrl\":\"https:\/\/www.alldayled.com\/wp-content\/uploads\/2020\/03\/ADL00405-O.jpg\",\"datePublished\":\"2020-03-27T03:14:44+00:00\",\"dateModified\":\"2026-03-29T17:57:38+00:00\",\"description\":\"Ba15s LED Lampe orange - 2 St\u00fcck - ersetzt deine R5W, R10W und P21W Lampe - ORANGE - 12\/24 Volt - f\u00fcr Auto, LKW und mehr - NEDKING LED LAMPE\",\"breadcrumb\":{\"@id\":\"https:\/\/www.alldayled.com\/de\/produkt\/ba15s-led-oranje-9-30v-8smd-2stuks\/#breadcrumb\"},\"inLanguage\":\"de\",\"potentialAction\":[{\"@type\":\"ReadAction\",\"target\":[\"https:\/\/www.alldayled.com\/de\/produkt\/ba15s-led-oranje-9-30v-8smd-2stuks\/\"]}]},{\"@type\":\"ImageObject\",\"inLanguage\":\"de\",\"@id\":\"https:\/\/www.alldayled.com\/de\/produkt\/ba15s-led-oranje-9-30v-8smd-2stuks\/#primaryimage\",\"url\":\"https:\/\/www.alldayled.com\/wp-content\/uploads\/2020\/03\/ADL00405-O.jpg\",\"contentUrl\":\"https:\/\/www.alldayled.com\/wp-content\/uploads\/2020\/03\/ADL00405-O.jpg\",\"width\":800,\"height\":600,\"caption\":\"BA15S LED Lampe orange 12 Volt - 24 Volt f\u00fcr LKW, Lieferwagen, Auto, Anh\u00e4nger und mehr - EAN: 6090454587534\"},{\"@type\":\"BreadcrumbList\",\"@id\":\"https:\/\/www.alldayled.com\/de\/produkt\/ba15s-led-oranje-9-30v-8smd-2stuks\/#breadcrumb\",\"itemListElement\":[{\"@type\":\"ListItem\",\"position\":1,\"name\":\"Home\",\"item\":\"https:\/\/www.alldayled.com\/de\/\"},{\"@type\":\"ListItem\",\"position\":2,\"name\":\"Shop\",\"item\":\"https:\/\/www.alldayled.com\/de\/shop\/\"},{\"@type\":\"ListItem\",\"position\":3,\"name\":\"Beleuchtung\",\"item\":\"https:\/\/www.alldayled.com\/de\/produkt-kategorie\/beleuchtung\/\"},{\"@type\":\"ListItem\",\"position\":4,\"name\":\"Beleuchtung 24 Volt\",\"item\":\"https:\/\/www.alldayled.com\/de\/produkt-kategorie\/beleuchtung\/verlichting-24-volt\/\"},{\"@type\":\"ListItem\",\"position\":5,\"name\":\"Bajonet 24 Volt\",\"item\":\"https:\/\/www.alldayled.com\/de\/produkt-kategorie\/beleuchtung\/verlichting-24-volt\/bajonet-24-volt\/\"},{\"@type\":\"ListItem\",\"position\":6,\"name\":\"BA15S 24 Volt\",\"item\":\"https:\/\/www.alldayled.com\/de\/produkt-kategorie\/beleuchtung\/verlichting-24-volt\/bajonet-24-volt\/ba15s-24-volt-led\/\"},{\"@type\":\"ListItem\",\"position\":7,\"name\":\"BA15S LED Lampe 9\/32V orange &#8211; 2 St\u00fcck\"}]},{\"@type\":\"WebSite\",\"@id\":\"https:\/\/www.alldayled.com\/de\/#website\",\"url\":\"https:\/\/www.alldayled.com\/de\/\",\"name\":\"All Day Led\",\"description\":\"Verlichting voor 12&amp;24 volt gebruik\",\"publisher\":{\"@id\":\"https:\/\/www.alldayled.com\/de\/#organization\"},\"potentialAction\":[{\"@type\":\"SearchAction\",\"target\":{\"@type\":\"EntryPoint\",\"urlTemplate\":\"https:\/\/www.alldayled.com\/de\/?s={search_term_string}\"},\"query-input\":{\"@type\":\"PropertyValueSpecification\",\"valueRequired\":true,\"valueName\":\"search_term_string\"}}],\"inLanguage\":\"de\"},{\"@type\":\"Organization\",\"@id\":\"https:\/\/www.alldayled.com\/de\/#organization\",\"name\":\"All Day Led\",\"url\":\"https:\/\/www.alldayled.com\/de\/\",\"logo\":{\"@type\":\"ImageObject\",\"inLanguage\":\"de\",\"@id\":\"https:\/\/www.alldayled.com\/de\/#\/schema\/logo\/image\/\",\"url\":\"https:\/\/www.alldayled.com\/wp-content\/uploads\/2025\/10\/Logo-ALL-DAY-LED-800x800-zwart-witte-letters.png\",\"contentUrl\":\"https:\/\/www.alldayled.com\/wp-content\/uploads\/2025\/10\/Logo-ALL-DAY-LED-800x800-zwart-witte-letters.png\",\"width\":800,\"height\":800,\"caption\":\"All Day Led\"},\"image\":{\"@id\":\"https:\/\/www.alldayled.com\/de\/#\/schema\/logo\/image\/\"},\"sameAs\":[\"https:\/\/www.facebook.com\/alldayled\/\",\"https:\/\/www.instagram.com\/alldayled\/\"],\"vatID\":\"NL863960133B01\",\"taxID\":\"86416545\"}]}<\/script>\n<meta property=\"product:brand\" content=\"Nedking\" \/>\n<meta property=\"product:price:amount\" content=\"21.95\" \/>\n<meta property=\"product:price:currency\" content=\"EUR\" \/>\n<meta property=\"og:availability\" content=\"instock\" \/>\n<meta property=\"product:availability\" content=\"instock\" \/>\n<meta property=\"product:retailer_item_id\" content=\"ADL00405-O\" \/>\n<meta property=\"product:condition\" content=\"new\" \/>\n<!-- \/ Yoast SEO Premium plugin. -->","yoast_head_json":{"title":"BA15S LED Lampe 9\/32V orange - 2 St\u00fcck - All Day Led - f\u00fcr 12&24V","description":"Ba15s LED Lampe orange - 2 St\u00fcck - ersetzt deine R5W, R10W und P21W Lampe - ORANGE - 12\/24 Volt - f\u00fcr Auto, LKW und mehr - NEDKING LED LAMPE","robots":{"index":"index","follow":"follow","max-snippet":"max-snippet:-1","max-image-preview":"max-image-preview:large","max-video-preview":"max-video-preview:-1"},"canonical":"https:\/\/www.alldayled.com\/de\/produkt\/ba15s-led-oranje-9-30v-8smd-2stuks\/","og_locale":"de_DE","og_type":"article","og_title":"BA15S LED Lampe 9\/32V orange - 2 St\u00fcck - All Day Led - f\u00fcr 12&24V","og_description":"Ba15s LED Lampe orange - 2 St\u00fcck - ersetzt deine R5W, R10W und P21W Lampe - ORANGE - 12\/24 Volt - f\u00fcr Auto, LKW und mehr - NEDKING LED LAMPE","og_url":"https:\/\/www.alldayled.com\/de\/produkt\/ba15s-led-oranje-9-30v-8smd-2stuks\/","og_site_name":"All Day Led","article_publisher":"https:\/\/www.facebook.com\/alldayled\/","article_modified_time":"2026-03-29T17:57:38+00:00","og_image":[{"width":800,"height":600,"url":"https:\/\/www.alldayled.com\/wp-content\/uploads\/2020\/03\/ADL00405-O.jpg","type":"image\/jpeg"}],"twitter_misc":{"Preis":"&euro;&nbsp;21,95","Verf\u00fcgbarkeit":"Auf Lager"},"schema":{"@context":"https:\/\/schema.org","@graph":[{"@type":"WebPage","@id":"https:\/\/www.alldayled.com\/de\/produkt\/ba15s-led-oranje-9-30v-8smd-2stuks\/","url":"https:\/\/www.alldayled.com\/de\/produkt\/ba15s-led-oranje-9-30v-8smd-2stuks\/","name":"BA15S LED Lampe 9\/32V orange - 2 St\u00fcck - All Day Led - f\u00fcr 12&24V","isPartOf":{"@id":"https:\/\/www.alldayled.com\/de\/#website"},"primaryImageOfPage":{"@id":"https:\/\/www.alldayled.com\/de\/produkt\/ba15s-led-oranje-9-30v-8smd-2stuks\/#primaryimage"},"image":{"@id":"https:\/\/www.alldayled.com\/de\/produkt\/ba15s-led-oranje-9-30v-8smd-2stuks\/#primaryimage"},"thumbnailUrl":"https:\/\/www.alldayled.com\/wp-content\/uploads\/2020\/03\/ADL00405-O.jpg","datePublished":"2020-03-27T03:14:44+00:00","dateModified":"2026-03-29T17:57:38+00:00","description":"Ba15s LED Lampe orange - 2 St\u00fcck - ersetzt deine R5W, R10W und P21W Lampe - ORANGE - 12\/24 Volt - f\u00fcr Auto, LKW und mehr - NEDKING LED LAMPE","breadcrumb":{"@id":"https:\/\/www.alldayled.com\/de\/produkt\/ba15s-led-oranje-9-30v-8smd-2stuks\/#breadcrumb"},"inLanguage":"de","potentialAction":[{"@type":"ReadAction","target":["https:\/\/www.alldayled.com\/de\/produkt\/ba15s-led-oranje-9-30v-8smd-2stuks\/"]}]},{"@type":"ImageObject","inLanguage":"de","@id":"https:\/\/www.alldayled.com\/de\/produkt\/ba15s-led-oranje-9-30v-8smd-2stuks\/#primaryimage","url":"https:\/\/www.alldayled.com\/wp-content\/uploads\/2020\/03\/ADL00405-O.jpg","contentUrl":"https:\/\/www.alldayled.com\/wp-content\/uploads\/2020\/03\/ADL00405-O.jpg","width":800,"height":600,"caption":"BA15S LED Lampe orange 12 Volt - 24 Volt f\u00fcr LKW, Lieferwagen, Auto, Anh\u00e4nger und mehr - EAN: 6090454587534"},{"@type":"BreadcrumbList","@id":"https:\/\/www.alldayled.com\/de\/produkt\/ba15s-led-oranje-9-30v-8smd-2stuks\/#breadcrumb","itemListElement":[{"@type":"ListItem","position":1,"name":"Home","item":"https:\/\/www.alldayled.com\/de\/"},{"@type":"ListItem","position":2,"name":"Shop","item":"https:\/\/www.alldayled.com\/de\/shop\/"},{"@type":"ListItem","position":3,"name":"Beleuchtung","item":"https:\/\/www.alldayled.com\/de\/produkt-kategorie\/beleuchtung\/"},{"@type":"ListItem","position":4,"name":"Beleuchtung 24 Volt","item":"https:\/\/www.alldayled.com\/de\/produkt-kategorie\/beleuchtung\/verlichting-24-volt\/"},{"@type":"ListItem","position":5,"name":"Bajonet 24 Volt","item":"https:\/\/www.alldayled.com\/de\/produkt-kategorie\/beleuchtung\/verlichting-24-volt\/bajonet-24-volt\/"},{"@type":"ListItem","position":6,"name":"BA15S 24 Volt","item":"https:\/\/www.alldayled.com\/de\/produkt-kategorie\/beleuchtung\/verlichting-24-volt\/bajonet-24-volt\/ba15s-24-volt-led\/"},{"@type":"ListItem","position":7,"name":"BA15S LED Lampe 9\/32V orange &#8211; 2 St\u00fcck"}]},{"@type":"WebSite","@id":"https:\/\/www.alldayled.com\/de\/#website","url":"https:\/\/www.alldayled.com\/de\/","name":"All Day Led","description":"Verlichting voor 12&amp;24 volt gebruik","publisher":{"@id":"https:\/\/www.alldayled.com\/de\/#organization"},"potentialAction":[{"@type":"SearchAction","target":{"@type":"EntryPoint","urlTemplate":"https:\/\/www.alldayled.com\/de\/?s={search_term_string}"},"query-input":{"@type":"PropertyValueSpecification","valueRequired":true,"valueName":"search_term_string"}}],"inLanguage":"de"},{"@type":"Organization","@id":"https:\/\/www.alldayled.com\/de\/#organization","name":"All Day Led","url":"https:\/\/www.alldayled.com\/de\/","logo":{"@type":"ImageObject","inLanguage":"de","@id":"https:\/\/www.alldayled.com\/de\/#\/schema\/logo\/image\/","url":"https:\/\/www.alldayled.com\/wp-content\/uploads\/2025\/10\/Logo-ALL-DAY-LED-800x800-zwart-witte-letters.png","contentUrl":"https:\/\/www.alldayled.com\/wp-content\/uploads\/2025\/10\/Logo-ALL-DAY-LED-800x800-zwart-witte-letters.png","width":800,"height":800,"caption":"All Day Led"},"image":{"@id":"https:\/\/www.alldayled.com\/de\/#\/schema\/logo\/image\/"},"sameAs":["https:\/\/www.facebook.com\/alldayled\/","https:\/\/www.instagram.com\/alldayled\/"],"vatID":"NL863960133B01","taxID":"86416545"}]},"product_brand":"Nedking","product_price_amount":"21.95","product_price_currency":"EUR","og_availability":"instock","product_availability":"instock","product_retailer_item_id":"ADL00405-O","product_condition":"new"},"_links":{"self":[{"href":"https:\/\/www.alldayled.com\/de\/wp-json\/wp\/v2\/product\/68441","targetHints":{"allow":["GET"]}}],"collection":[{"href":"https:\/\/www.alldayled.com\/de\/wp-json\/wp\/v2\/product"}],"about":[{"href":"https:\/\/www.alldayled.com\/de\/wp-json\/wp\/v2\/types\/product"}],"replies":[{"embeddable":true,"href":"https:\/\/www.alldayled.com\/de\/wp-json\/wp\/v2\/comments?post=68441"}],"wp:featuredmedia":[{"embeddable":true,"href":"https:\/\/www.alldayled.com\/de\/wp-json\/wp\/v2\/media\/13836"}],"wp:attachment":[{"href":"https:\/\/www.alldayled.com\/de\/wp-json\/wp\/v2\/media?parent=68441"}],"wp:term":[{"taxonomy":"product_brand","embeddable":true,"href":"https:\/\/www.alldayled.com\/de\/wp-json\/wp\/v2\/product_brand?post=68441"},{"taxonomy":"product_cat","embeddable":true,"href":"https:\/\/www.alldayled.com\/de\/wp-json\/wp\/v2\/product_cat?post=68441"},{"taxonomy":"product_tag","embeddable":true,"href":"https:\/\/www.alldayled.com\/de\/wp-json\/wp\/v2\/product_tag?post=68441"}],"curies":[{"name":"wp","href":"https:\/\/api.w.org\/{rel}","templated":true}]}}