{"id":68442,"date":"2020-04-10T15:29:12","date_gmt":"2020-04-10T13:29:12","guid":{"rendered":"https:\/\/www.alldayled.com\/product\/was-led-breedtelamp-84mm-12-24-volt\/"},"modified":"2020-04-10T15:29:12","modified_gmt":"2020-04-10T13:29:12","slug":"was-led-breedtelamp-84mm-12-24-volt","status":"publish","type":"product","link":"https:\/\/www.alldayled.com\/de\/produkt\/was-led-breedtelamp-84mm-12-24-volt\/","title":{"rendered":"WA\u015a W62 LED Umrissleuchte 84mm"},"content":{"rendered":"<p><span style=\"color: #000000;\"><strong>WA\u015a W62 LED Umrissleuchte 84mm kurz, geeignet f\u00fcr 12 &amp; 24 Volt Betrieb.<\/strong><\/span><\/p>\n<p><span style=\"color: #000000;\">Diese WA\u015a LED Umrissleuchte kann mit 12 und 24 Volt betrieben werden, wodurch Sie diese beispielsweise an einem Anh\u00e4nger, LKW, Trailer, Traktor oder Wohnmobil\/Wohnwagen montieren k\u00f6nnen. Diese LED Lampe ist bis zu 30 Volt betriebsbereit. Dies bedeutet, dass diese Lampe gegen Spannungsspitzen gesch\u00fctzt ist, die beim Starten des Fahrzeugs auftreten k\u00f6nnen. Au\u00dferdem ist die LED Lampe mit einem E-Pr\u00fcfzeichen versehen. Dies bedeutet, dass Sie die Lampe auf \u00f6ffentlichen Stra\u00dfen verwenden d\u00fcrfen.    <\/span><\/p>\n<p><span style=\"color: #000000;\">Diese LED Lampe der Marke WA\u015a ist aus hochwertigem Material gefertigt. Damit k\u00f6nnen Sie sicher sein, dass diese eine Weile halten wird. Kurz gesagt, mit dieser LED Umrissleuchte, die an Ihrem Fahrzeug oder Anh\u00e4nger montiert ist, k\u00f6nnen Sie sicher sein, dass Sie immer sicher unterwegs sind. Sollte die Umrissleuchte unerwartet nicht mehr funktionieren, wissen Sie, dass diese Lampen standardm\u00e4\u00dfig mit 1 Jahr Garantie geliefert werden. Es handelt sich hier um eine universelle LED Lampe, dies bedeutet, dass Sie diese Lampe sowohl links als auch rechts montieren k\u00f6nnen.    <\/span><\/p>\n<h5><span style=\"color: #000000;\"><strong>Anschlusskabel:  <\/strong><\/span><\/h5>\n<p><span style=\"color: #000000;\">Beim Kauf dieser LED Umrissleuchte k\u00f6nnen Sie zwischen zwei verschiedenen L\u00e4ngen des Anschlusskabels w\u00e4hlen. Abh\u00e4ngig davon, wo und wie Sie die Umrissleuchte montieren m\u00f6chten, k\u00f6nnen Sie die L\u00e4nge des Anschlusskabels bestimmen. Bei dieser LED Lampe haben Sie folgende Kabell\u00e4ngenoptionen:  <\/span><\/p>\n<ul>\n<li><span style=\"color: #000000;\">20 Zentimeter Anschlusskabel<\/span><\/li>\n<li><span style=\"color: #000000;\">2 Meter Anschlusskabel<\/span><\/li>\n<\/ul>\n<h5><span style=\"color: #000000;\"><strong>Abmessungen:<\/strong><\/span><\/h5>\n<p><span style=\"color: #000000;\">Die Abmessungen dieser WA\u015a LED Umrissleuchte 84mm sind wie folgt:<\/span><\/p>\n<ul>\n<li><span style=\"color: #000000;\">H\u00f6he: 103 mm<\/span><\/li>\n<li><span style=\"color: #000000;\">Breite: 84 mm<\/span><\/li>\n<li><span style=\"color: #000000;\">Dicke: 33 mm<\/span><\/li>\n<\/ul>\n<p><span style=\"color: #000000;\">Sind Sie auf der Suche nach einer LED Umrissleuchte, m\u00f6chten aber eine andere Variante an Ihrem Fahrzeug oder Anh\u00e4nger? Dann schauen Sie sich auch unsere Seite <a style=\"color: #000000;\" href=\"https:\/\/www.alldayled.com\/de\/produkt-kategorie\/positionslichter\/breedtelampen\/\">Umrissleuchten<\/a> an, vielleicht finden Sie hier das Modell, das Sie suchen. <\/span><\/p>\n","protected":false},"excerpt":{"rendered":"<p>WA\u015a W62 LED Umrissleuchte 84mm kurz, geeignet f\u00fcr 12 &amp; 24 Volt Betrieb. Diese WA\u015a LED Umrissleuchte kann mit 12 und 24 Volt betrieben werden, wodurch Sie diese beispielsweise an einem Anh\u00e4nger, LKW, Trailer, Traktor oder Wohnmobil\/Wohnwagen montieren k\u00f6nnen. Diese LED Lampe ist bis zu 30 Volt betriebsbereit. Dies bedeutet, dass diese Lampe gegen Spannungsspitzen [&hellip;]<\/p>\n","protected":false},"featured_media":38709,"comment_status":"open","ping_status":"closed","template":"","meta":{"_acf_changed":false},"product_brand":[5691],"product_cat":[5162],"product_tag":[5163,5164,5172,5170,5171,9249,5166,9484,9486,9485,9445],"class_list":{"0":"post-68442","1":"product","2":"type-product","3":"status-publish","4":"has-post-thumbnail","6":"product_brand-product-was","7":"product_cat-breedtelampen","8":"product_tag-anhanger-breite-licht","9":"product_tag-breite-lampe-wohnmobil","10":"product_tag-led-breite-licht","11":"product_tag-led-breitenleuchte-12-volt","12":"product_tag-led-breitenleuchte-24-volt","13":"product_tag-led-umrissleuchte","14":"product_tag-lkw-breite-lampe","15":"product_tag-umrissleuchte-anhanger","16":"product_tag-umrissleuchte-lkw","17":"product_tag-umrissleuchte-trailer","18":"product_tag-was-led-beleuchtung","20":"first","21":"instock","22":"taxable","23":"shipping-taxable","24":"purchasable","25":"product-type-variable"},"acf":[],"yoast_head":"<!-- This site is optimized with the Yoast SEO Premium plugin v26.5 (Yoast SEO v27.1.1) - https:\/\/yoast.com\/product\/yoast-seo-premium-wordpress\/ -->\n<title>LED Umrissleuchte 84mm WA\u015a - All Day Led - f\u00fcr 12 &amp; 24 Volt<\/title>\n<meta name=\"description\" content=\"WA\u015a LED Umrissleuchte 84mm - LED Umrissleuchte kurz - 12 &amp; 24 Volt Betrieb - mit E-Pr\u00fcfzeichen - f\u00fcr Traktor, LKW, Anh\u00e4nger, Wohnwagen und mehr\" \/>\n<meta name=\"robots\" content=\"index, follow, max-snippet:-1, max-image-preview:large, max-video-preview:-1\" \/>\n<link rel=\"canonical\" href=\"https:\/\/www.alldayled.com\/de\/produkt\/was-led-breedtelamp-84mm-12-24-volt\/\" \/>\n<meta property=\"og:locale\" content=\"de_DE\" \/>\n<meta property=\"og:type\" content=\"article\" \/>\n<meta property=\"og:title\" content=\"WA\u015a W62 LED Umrissleuchte 84mm\" \/>\n<meta property=\"og:description\" content=\"WA\u015a W62 LED Umrissleuchte 84mm kurz, geeignet f\u00fcr 12 &amp; 24 Volt Betrieb. Diese WA\u015a LED Umrissleuchte kann mit 12 und 24 Volt betrieben werden, wodurch\" \/>\n<meta property=\"og:url\" content=\"https:\/\/www.alldayled.com\/de\/produkt\/was-led-breedtelamp-84mm-12-24-volt\/\" \/>\n<meta property=\"og:site_name\" content=\"All Day Led\" \/>\n<meta property=\"article:publisher\" content=\"https:\/\/www.facebook.com\/alldayled\/\" \/>\n<meta property=\"og:image\" content=\"https:\/\/www.alldayled.com\/wp-content\/uploads\/2025\/10\/ADL00300-WAS.jpg\" \/>\n\t<meta property=\"og:image:width\" content=\"800\" \/>\n\t<meta property=\"og:image:height\" content=\"600\" \/>\n\t<meta property=\"og:image:type\" content=\"image\/jpeg\" \/>\n<meta name=\"twitter:label1\" content=\"Verf\u00fcgbarkeit\" \/>\n\t<meta name=\"twitter:data1\" content=\"Auf Lager\" \/>\n<script type=\"application\/ld+json\" class=\"yoast-schema-graph\">{\"@context\":\"https:\/\/schema.org\",\"@graph\":[{\"@type\":\"WebPage\",\"@id\":\"https:\/\/www.alldayled.com\/de\/produkt\/was-led-breedtelamp-84mm-12-24-volt\/\",\"url\":\"https:\/\/www.alldayled.com\/de\/produkt\/was-led-breedtelamp-84mm-12-24-volt\/\",\"name\":\"LED Umrissleuchte 84mm WA\u015a - All Day Led - f\u00fcr 12 & 24 Volt\",\"isPartOf\":{\"@id\":\"https:\/\/www.alldayled.com\/de\/#website\"},\"primaryImageOfPage\":{\"@id\":\"https:\/\/www.alldayled.com\/de\/produkt\/was-led-breedtelamp-84mm-12-24-volt\/#primaryimage\"},\"image\":{\"@id\":\"https:\/\/www.alldayled.com\/de\/produkt\/was-led-breedtelamp-84mm-12-24-volt\/#primaryimage\"},\"thumbnailUrl\":\"https:\/\/www.alldayled.com\/wp-content\/uploads\/2025\/10\/ADL00300-WAS.jpg\",\"datePublished\":\"2020-04-10T13:29:12+00:00\",\"description\":\"WA\u015a LED Umrissleuchte 84mm - LED Umrissleuchte kurz - 12 & 24 Volt Betrieb - mit E-Pr\u00fcfzeichen - f\u00fcr Traktor, LKW, Anh\u00e4nger, Wohnwagen und mehr\",\"breadcrumb\":{\"@id\":\"https:\/\/www.alldayled.com\/de\/produkt\/was-led-breedtelamp-84mm-12-24-volt\/#breadcrumb\"},\"inLanguage\":\"de\",\"potentialAction\":[{\"@type\":\"ReadAction\",\"target\":[\"https:\/\/www.alldayled.com\/de\/produkt\/was-led-breedtelamp-84mm-12-24-volt\/\"]}]},{\"@type\":\"ImageObject\",\"inLanguage\":\"de\",\"@id\":\"https:\/\/www.alldayled.com\/de\/produkt\/was-led-breedtelamp-84mm-12-24-volt\/#primaryimage\",\"url\":\"https:\/\/www.alldayled.com\/wp-content\/uploads\/2025\/10\/ADL00300-WAS.jpg\",\"contentUrl\":\"https:\/\/www.alldayled.com\/wp-content\/uploads\/2025\/10\/ADL00300-WAS.jpg\",\"width\":800,\"height\":600},{\"@type\":\"BreadcrumbList\",\"@id\":\"https:\/\/www.alldayled.com\/de\/produkt\/was-led-breedtelamp-84mm-12-24-volt\/#breadcrumb\",\"itemListElement\":[{\"@type\":\"ListItem\",\"position\":1,\"name\":\"Home\",\"item\":\"https:\/\/www.alldayled.com\/de\/\"},{\"@type\":\"ListItem\",\"position\":2,\"name\":\"Shop\",\"item\":\"https:\/\/www.alldayled.com\/de\/shop\/\"},{\"@type\":\"ListItem\",\"position\":3,\"name\":\"Positionsleuchten\",\"item\":\"https:\/\/www.alldayled.com\/de\/produkt-kategorie\/positionslichter\/\"},{\"@type\":\"ListItem\",\"position\":4,\"name\":\"Umrissleuchte\",\"item\":\"https:\/\/www.alldayled.com\/de\/produkt-kategorie\/positionslichter\/breedtelampen\/\"},{\"@type\":\"ListItem\",\"position\":5,\"name\":\"WA\u015a W62 LED Umrissleuchte 84mm\"}]},{\"@type\":\"WebSite\",\"@id\":\"https:\/\/www.alldayled.com\/de\/#website\",\"url\":\"https:\/\/www.alldayled.com\/de\/\",\"name\":\"All Day Led\",\"description\":\"Verlichting voor 12&amp;24 volt gebruik\",\"publisher\":{\"@id\":\"https:\/\/www.alldayled.com\/de\/#organization\"},\"potentialAction\":[{\"@type\":\"SearchAction\",\"target\":{\"@type\":\"EntryPoint\",\"urlTemplate\":\"https:\/\/www.alldayled.com\/de\/?s={search_term_string}\"},\"query-input\":{\"@type\":\"PropertyValueSpecification\",\"valueRequired\":true,\"valueName\":\"search_term_string\"}}],\"inLanguage\":\"de\"},{\"@type\":\"Organization\",\"@id\":\"https:\/\/www.alldayled.com\/de\/#organization\",\"name\":\"All Day Led\",\"url\":\"https:\/\/www.alldayled.com\/de\/\",\"logo\":{\"@type\":\"ImageObject\",\"inLanguage\":\"de\",\"@id\":\"https:\/\/www.alldayled.com\/de\/#\/schema\/logo\/image\/\",\"url\":\"https:\/\/www.alldayled.com\/wp-content\/uploads\/2025\/10\/Logo-ALL-DAY-LED-800x800-zwart-witte-letters.png\",\"contentUrl\":\"https:\/\/www.alldayled.com\/wp-content\/uploads\/2025\/10\/Logo-ALL-DAY-LED-800x800-zwart-witte-letters.png\",\"width\":800,\"height\":800,\"caption\":\"All Day Led\"},\"image\":{\"@id\":\"https:\/\/www.alldayled.com\/de\/#\/schema\/logo\/image\/\"},\"sameAs\":[\"https:\/\/www.facebook.com\/alldayled\/\",\"https:\/\/www.instagram.com\/alldayled\/\"],\"vatID\":\"NL863960133B01\",\"taxID\":\"86416545\"}]}<\/script>\n<meta property=\"product:brand\" content=\"WA\u015a\" \/>\n<meta property=\"og:availability\" content=\"instock\" \/>\n<meta property=\"product:availability\" content=\"instock\" \/>\n<meta property=\"product:retailer_item_id\" content=\"ADL10286\" \/>\n<meta property=\"product:condition\" content=\"new\" \/>\n<!-- \/ Yoast SEO Premium plugin. -->","yoast_head_json":{"title":"LED Umrissleuchte 84mm WA\u015a - All Day Led - f\u00fcr 12 & 24 Volt","description":"WA\u015a LED Umrissleuchte 84mm - LED Umrissleuchte kurz - 12 & 24 Volt Betrieb - mit E-Pr\u00fcfzeichen - f\u00fcr Traktor, LKW, Anh\u00e4nger, Wohnwagen und mehr","robots":{"index":"index","follow":"follow","max-snippet":"max-snippet:-1","max-image-preview":"max-image-preview:large","max-video-preview":"max-video-preview:-1"},"canonical":"https:\/\/www.alldayled.com\/de\/produkt\/was-led-breedtelamp-84mm-12-24-volt\/","og_locale":"de_DE","og_type":"article","og_title":"WA\u015a W62 LED Umrissleuchte 84mm","og_description":"WA\u015a W62 LED Umrissleuchte 84mm kurz, geeignet f\u00fcr 12 &amp; 24 Volt Betrieb. Diese WA\u015a LED Umrissleuchte kann mit 12 und 24 Volt betrieben werden, wodurch","og_url":"https:\/\/www.alldayled.com\/de\/produkt\/was-led-breedtelamp-84mm-12-24-volt\/","og_site_name":"All Day Led","article_publisher":"https:\/\/www.facebook.com\/alldayled\/","og_image":[{"width":800,"height":600,"url":"https:\/\/www.alldayled.com\/wp-content\/uploads\/2025\/10\/ADL00300-WAS.jpg","type":"image\/jpeg"}],"twitter_misc":{"Verf\u00fcgbarkeit":"Auf Lager"},"schema":{"@context":"https:\/\/schema.org","@graph":[{"@type":"WebPage","@id":"https:\/\/www.alldayled.com\/de\/produkt\/was-led-breedtelamp-84mm-12-24-volt\/","url":"https:\/\/www.alldayled.com\/de\/produkt\/was-led-breedtelamp-84mm-12-24-volt\/","name":"LED Umrissleuchte 84mm WA\u015a - All Day Led - f\u00fcr 12 & 24 Volt","isPartOf":{"@id":"https:\/\/www.alldayled.com\/de\/#website"},"primaryImageOfPage":{"@id":"https:\/\/www.alldayled.com\/de\/produkt\/was-led-breedtelamp-84mm-12-24-volt\/#primaryimage"},"image":{"@id":"https:\/\/www.alldayled.com\/de\/produkt\/was-led-breedtelamp-84mm-12-24-volt\/#primaryimage"},"thumbnailUrl":"https:\/\/www.alldayled.com\/wp-content\/uploads\/2025\/10\/ADL00300-WAS.jpg","datePublished":"2020-04-10T13:29:12+00:00","description":"WA\u015a LED Umrissleuchte 84mm - LED Umrissleuchte kurz - 12 & 24 Volt Betrieb - mit E-Pr\u00fcfzeichen - f\u00fcr Traktor, LKW, Anh\u00e4nger, Wohnwagen und mehr","breadcrumb":{"@id":"https:\/\/www.alldayled.com\/de\/produkt\/was-led-breedtelamp-84mm-12-24-volt\/#breadcrumb"},"inLanguage":"de","potentialAction":[{"@type":"ReadAction","target":["https:\/\/www.alldayled.com\/de\/produkt\/was-led-breedtelamp-84mm-12-24-volt\/"]}]},{"@type":"ImageObject","inLanguage":"de","@id":"https:\/\/www.alldayled.com\/de\/produkt\/was-led-breedtelamp-84mm-12-24-volt\/#primaryimage","url":"https:\/\/www.alldayled.com\/wp-content\/uploads\/2025\/10\/ADL00300-WAS.jpg","contentUrl":"https:\/\/www.alldayled.com\/wp-content\/uploads\/2025\/10\/ADL00300-WAS.jpg","width":800,"height":600},{"@type":"BreadcrumbList","@id":"https:\/\/www.alldayled.com\/de\/produkt\/was-led-breedtelamp-84mm-12-24-volt\/#breadcrumb","itemListElement":[{"@type":"ListItem","position":1,"name":"Home","item":"https:\/\/www.alldayled.com\/de\/"},{"@type":"ListItem","position":2,"name":"Shop","item":"https:\/\/www.alldayled.com\/de\/shop\/"},{"@type":"ListItem","position":3,"name":"Positionsleuchten","item":"https:\/\/www.alldayled.com\/de\/produkt-kategorie\/positionslichter\/"},{"@type":"ListItem","position":4,"name":"Umrissleuchte","item":"https:\/\/www.alldayled.com\/de\/produkt-kategorie\/positionslichter\/breedtelampen\/"},{"@type":"ListItem","position":5,"name":"WA\u015a W62 LED Umrissleuchte 84mm"}]},{"@type":"WebSite","@id":"https:\/\/www.alldayled.com\/de\/#website","url":"https:\/\/www.alldayled.com\/de\/","name":"All Day Led","description":"Verlichting voor 12&amp;24 volt gebruik","publisher":{"@id":"https:\/\/www.alldayled.com\/de\/#organization"},"potentialAction":[{"@type":"SearchAction","target":{"@type":"EntryPoint","urlTemplate":"https:\/\/www.alldayled.com\/de\/?s={search_term_string}"},"query-input":{"@type":"PropertyValueSpecification","valueRequired":true,"valueName":"search_term_string"}}],"inLanguage":"de"},{"@type":"Organization","@id":"https:\/\/www.alldayled.com\/de\/#organization","name":"All Day Led","url":"https:\/\/www.alldayled.com\/de\/","logo":{"@type":"ImageObject","inLanguage":"de","@id":"https:\/\/www.alldayled.com\/de\/#\/schema\/logo\/image\/","url":"https:\/\/www.alldayled.com\/wp-content\/uploads\/2025\/10\/Logo-ALL-DAY-LED-800x800-zwart-witte-letters.png","contentUrl":"https:\/\/www.alldayled.com\/wp-content\/uploads\/2025\/10\/Logo-ALL-DAY-LED-800x800-zwart-witte-letters.png","width":800,"height":800,"caption":"All Day Led"},"image":{"@id":"https:\/\/www.alldayled.com\/de\/#\/schema\/logo\/image\/"},"sameAs":["https:\/\/www.facebook.com\/alldayled\/","https:\/\/www.instagram.com\/alldayled\/"],"vatID":"NL863960133B01","taxID":"86416545"}]},"product_brand":"WA\u015a","og_availability":"instock","product_availability":"instock","product_retailer_item_id":"ADL10286","product_condition":"new"},"_links":{"self":[{"href":"https:\/\/www.alldayled.com\/de\/wp-json\/wp\/v2\/product\/68442","targetHints":{"allow":["GET"]}}],"collection":[{"href":"https:\/\/www.alldayled.com\/de\/wp-json\/wp\/v2\/product"}],"about":[{"href":"https:\/\/www.alldayled.com\/de\/wp-json\/wp\/v2\/types\/product"}],"replies":[{"embeddable":true,"href":"https:\/\/www.alldayled.com\/de\/wp-json\/wp\/v2\/comments?post=68442"}],"wp:featuredmedia":[{"embeddable":true,"href":"https:\/\/www.alldayled.com\/de\/wp-json\/wp\/v2\/media\/38709"}],"wp:attachment":[{"href":"https:\/\/www.alldayled.com\/de\/wp-json\/wp\/v2\/media?parent=68442"}],"wp:term":[{"taxonomy":"product_brand","embeddable":true,"href":"https:\/\/www.alldayled.com\/de\/wp-json\/wp\/v2\/product_brand?post=68442"},{"taxonomy":"product_cat","embeddable":true,"href":"https:\/\/www.alldayled.com\/de\/wp-json\/wp\/v2\/product_cat?post=68442"},{"taxonomy":"product_tag","embeddable":true,"href":"https:\/\/www.alldayled.com\/de\/wp-json\/wp\/v2\/product_tag?post=68442"}],"curies":[{"name":"wp","href":"https:\/\/api.w.org\/{rel}","templated":true}]}}