{"id":68453,"date":"2020-04-10T15:27:12","date_gmt":"2020-04-10T13:27:12","guid":{"rendered":"https:\/\/www.alldayled.com\/product\/led-breedtelamp-130mm-12-24v-rechts\/"},"modified":"2020-04-10T15:27:12","modified_gmt":"2020-04-10T13:27:12","slug":"led-breedtelamp-130mm-12-24v-rechts","status":"publish","type":"product","link":"https:\/\/www.alldayled.com\/de\/produkt\/led-breedtelamp-130mm-12-24v-rechts\/","title":{"rendered":"WA\u015a W49 LED Umrissleuchte 130mm &#8211; RECHTS"},"content":{"rendered":"<p><span style=\"color: #000000;\"><strong>WA\u015a W49 LED Umrissleuchte haaks kort RECHTS, geeignet f\u00fcr 12 &amp; 24 volt.<\/strong><\/span><\/p>\n<p><span style=\"color: #000000;\">Sind Sie auf der Suche nach einer 130 mm langen LED Umrissleuchte? Dann ist die WA\u015a W49 LED Umrissleuchte rechts vielleicht genau das, was Sie suchen. Dies ist eine kompakte Konturleuchte, die das tut, was man von ihr erwartet. Die Lampe ist mit 3 LEDs ausgestattet, wodurch Sie mit einem geringen Stromverbrauch trotzdem gute Sicht auf der Stra\u00dfe haben. Die WA\u015a W49 funktioniert mit 12 und 24 Volt, sodass Sie sie an Ihrem Auto, LKW, Wohnmobil, Anh\u00e4nger oder einem anderen Fahrzeug verwenden k\u00f6nnen. Dank des kompakten Formats und des hellen Lichts ist diese LED Lampe perfekt f\u00fcr diverse Anwendungen.     <\/span><\/p>\n<p><span style=\"color: #000000;\">Um sicherzustellen, dass die WA\u015a W49 f\u00fcr Ihr Fahrzeug oder Ihren Anh\u00e4nger geeignet ist, haben wir die wichtigsten Spezifikationen hierunter f\u00fcr Sie aufgelistet. Die Lampe ist mit dem ECE R10-Pr\u00fcfzeichen versehen, was bedeutet, dass sie keine St\u00f6rungen bei Funksignalen verursacht. Dar\u00fcber hinaus hat sie das ECE R7-Pr\u00fcfzeichen, wodurch sie als Positionsleuchte verwendet werden darf.  <\/span><\/p>\n<h5><span style=\"color: #000000;\"><strong>Abmessungen:<\/strong><\/span><\/h5>\n<p><span style=\"color: #000000;\">M\u00f6chten Sie sicher sein, dass Sie die WA\u015a W49 LED Umrissleuchte rechts an der gew\u00fcnschten Stelle montieren k\u00f6nnen? Hierunter finden Sie die exakten Abmessungen. So wissen Sie genau, dass diese kompakte LED Lampe perfekt auf Ihr Fahrzeug passt:  <\/span><\/p>\n<ul>\n<li><span style=\"color: #000000;\">H\u00f6he: 118 mm<\/span><\/li>\n<li><span style=\"color: #000000;\">Breite: 130 mm<\/span><\/li>\n<li><span style=\"color: #000000;\">Dicke: 33 mm<\/span><\/li>\n<\/ul>\n<p><span style=\"color: #000000;\">Sind Sie dennoch der Meinung, dass die WA\u015a W49 LED Umrissleuchte rechts nicht das ist, was Sie suchen? Einfach weil Sie die linke Variante ben\u00f6tigen? Dann sehen Sie sich <a style=\"color: #000000;\" href=\"https:\/\/www.alldayled.com\/de\/produkt\/led-breedtelamp-130mm-12-24v-links\/\">hier <\/a>die linke Variante der LED Umrissleuchte 130mm an.   <\/span><\/p>\n","protected":false},"excerpt":{"rendered":"<p>WA\u015a W49 LED Umrissleuchte haaks kort RECHTS, geeignet f\u00fcr 12 &amp; 24 volt. Sind Sie auf der Suche nach einer 130 mm langen LED Umrissleuchte? Dann ist die WA\u015a W49 LED Umrissleuchte rechts vielleicht genau das, was Sie suchen. Dies ist eine kompakte Konturleuchte, die das tut, was man von ihr erwartet. Die Lampe ist [&hellip;]<\/p>\n","protected":false},"featured_media":38721,"comment_status":"open","ping_status":"closed","template":"","meta":{"_acf_changed":false},"product_brand":[5691],"product_cat":[5162],"product_tag":[5164,5172,5170,5171,9249,5166,9484,9486,9485,9445],"class_list":{"0":"post-68453","1":"product","2":"type-product","3":"status-publish","4":"has-post-thumbnail","6":"product_brand-product-was","7":"product_cat-breedtelampen","8":"product_tag-breite-lampe-wohnmobil","9":"product_tag-led-breite-licht","10":"product_tag-led-breitenleuchte-12-volt","11":"product_tag-led-breitenleuchte-24-volt","12":"product_tag-led-umrissleuchte","13":"product_tag-lkw-breite-lampe","14":"product_tag-umrissleuchte-anhanger","15":"product_tag-umrissleuchte-lkw","16":"product_tag-umrissleuchte-trailer","17":"product_tag-was-led-beleuchtung","19":"first","20":"instock","21":"taxable","22":"shipping-taxable","23":"purchasable","24":"product-type-variable"},"acf":[],"yoast_head":"<!-- This site is optimized with the Yoast SEO Premium plugin v26.5 (Yoast SEO v27.1.1) - https:\/\/yoast.com\/product\/yoast-seo-premium-wordpress\/ -->\n<title>WA\u015a W49 Umrissleuchte RECHTS - All Day Led - f\u00fcr 12&amp;24V<\/title>\n<meta name=\"description\" content=\"WA\u015a W49 Umrissleuchte rechts f\u00fcr 12&amp;24 volt - schnelle Montage - kurzes oder langes Anschlusskabel - LKW, Traktor, Anh\u00e4nger und mehr\" \/>\n<meta name=\"robots\" content=\"index, follow, max-snippet:-1, max-image-preview:large, max-video-preview:-1\" \/>\n<link rel=\"canonical\" href=\"https:\/\/www.alldayled.com\/de\/produkt\/led-breedtelamp-130mm-12-24v-rechts\/\" \/>\n<meta property=\"og:locale\" content=\"de_DE\" \/>\n<meta property=\"og:type\" content=\"article\" \/>\n<meta property=\"og:title\" content=\"WA\u015a W49 Umrissleuchte RECHTS - All Day Led - f\u00fcr 12&amp;24V\" \/>\n<meta property=\"og:description\" content=\"WA\u015a W49 Umrissleuchte rechts f\u00fcr 12&amp;24 volt - schnelle Montage - kurzes oder langes Anschlusskabel - LKW, Traktor, Anh\u00e4nger und mehr\" \/>\n<meta property=\"og:url\" content=\"https:\/\/www.alldayled.com\/de\/produkt\/led-breedtelamp-130mm-12-24v-rechts\/\" \/>\n<meta property=\"og:site_name\" content=\"All Day Led\" \/>\n<meta property=\"article:publisher\" content=\"https:\/\/www.facebook.com\/alldayled\/\" \/>\n<meta property=\"og:image\" content=\"https:\/\/www.alldayled.com\/wp-content\/uploads\/2025\/10\/ADL10241R-WAS.jpg\" \/>\n\t<meta property=\"og:image:width\" content=\"800\" \/>\n\t<meta property=\"og:image:height\" content=\"600\" \/>\n\t<meta property=\"og:image:type\" content=\"image\/jpeg\" \/>\n<meta name=\"twitter:label1\" content=\"Verf\u00fcgbarkeit\" \/>\n\t<meta name=\"twitter:data1\" content=\"Auf Lager\" \/>\n<script type=\"application\/ld+json\" class=\"yoast-schema-graph\">{\"@context\":\"https:\/\/schema.org\",\"@graph\":[{\"@type\":\"WebPage\",\"@id\":\"https:\/\/www.alldayled.com\/de\/produkt\/led-breedtelamp-130mm-12-24v-rechts\/\",\"url\":\"https:\/\/www.alldayled.com\/de\/produkt\/led-breedtelamp-130mm-12-24v-rechts\/\",\"name\":\"WA\u015a W49 Umrissleuchte RECHTS - All Day Led - f\u00fcr 12&24V\",\"isPartOf\":{\"@id\":\"https:\/\/www.alldayled.com\/de\/#website\"},\"primaryImageOfPage\":{\"@id\":\"https:\/\/www.alldayled.com\/de\/produkt\/led-breedtelamp-130mm-12-24v-rechts\/#primaryimage\"},\"image\":{\"@id\":\"https:\/\/www.alldayled.com\/de\/produkt\/led-breedtelamp-130mm-12-24v-rechts\/#primaryimage\"},\"thumbnailUrl\":\"https:\/\/www.alldayled.com\/wp-content\/uploads\/2025\/10\/ADL10241R-WAS.jpg\",\"datePublished\":\"2020-04-10T13:27:12+00:00\",\"description\":\"WA\u015a W49 Umrissleuchte rechts f\u00fcr 12&24 volt - schnelle Montage - kurzes oder langes Anschlusskabel - LKW, Traktor, Anh\u00e4nger und mehr\",\"breadcrumb\":{\"@id\":\"https:\/\/www.alldayled.com\/de\/produkt\/led-breedtelamp-130mm-12-24v-rechts\/#breadcrumb\"},\"inLanguage\":\"de\",\"potentialAction\":[{\"@type\":\"ReadAction\",\"target\":[\"https:\/\/www.alldayled.com\/de\/produkt\/led-breedtelamp-130mm-12-24v-rechts\/\"]}]},{\"@type\":\"ImageObject\",\"inLanguage\":\"de\",\"@id\":\"https:\/\/www.alldayled.com\/de\/produkt\/led-breedtelamp-130mm-12-24v-rechts\/#primaryimage\",\"url\":\"https:\/\/www.alldayled.com\/wp-content\/uploads\/2025\/10\/ADL10241R-WAS.jpg\",\"contentUrl\":\"https:\/\/www.alldayled.com\/wp-content\/uploads\/2025\/10\/ADL10241R-WAS.jpg\",\"width\":800,\"height\":600},{\"@type\":\"BreadcrumbList\",\"@id\":\"https:\/\/www.alldayled.com\/de\/produkt\/led-breedtelamp-130mm-12-24v-rechts\/#breadcrumb\",\"itemListElement\":[{\"@type\":\"ListItem\",\"position\":1,\"name\":\"Home\",\"item\":\"https:\/\/www.alldayled.com\/de\/\"},{\"@type\":\"ListItem\",\"position\":2,\"name\":\"Shop\",\"item\":\"https:\/\/www.alldayled.com\/de\/shop\/\"},{\"@type\":\"ListItem\",\"position\":3,\"name\":\"Positionsleuchten\",\"item\":\"https:\/\/www.alldayled.com\/de\/produkt-kategorie\/positionslichter\/\"},{\"@type\":\"ListItem\",\"position\":4,\"name\":\"Umrissleuchte\",\"item\":\"https:\/\/www.alldayled.com\/de\/produkt-kategorie\/positionslichter\/breedtelampen\/\"},{\"@type\":\"ListItem\",\"position\":5,\"name\":\"WA\u015a W49 LED Umrissleuchte 130mm &#8211; RECHTS\"}]},{\"@type\":\"WebSite\",\"@id\":\"https:\/\/www.alldayled.com\/de\/#website\",\"url\":\"https:\/\/www.alldayled.com\/de\/\",\"name\":\"All Day Led\",\"description\":\"Verlichting voor 12&amp;24 volt gebruik\",\"publisher\":{\"@id\":\"https:\/\/www.alldayled.com\/de\/#organization\"},\"potentialAction\":[{\"@type\":\"SearchAction\",\"target\":{\"@type\":\"EntryPoint\",\"urlTemplate\":\"https:\/\/www.alldayled.com\/de\/?s={search_term_string}\"},\"query-input\":{\"@type\":\"PropertyValueSpecification\",\"valueRequired\":true,\"valueName\":\"search_term_string\"}}],\"inLanguage\":\"de\"},{\"@type\":\"Organization\",\"@id\":\"https:\/\/www.alldayled.com\/de\/#organization\",\"name\":\"All Day Led\",\"url\":\"https:\/\/www.alldayled.com\/de\/\",\"logo\":{\"@type\":\"ImageObject\",\"inLanguage\":\"de\",\"@id\":\"https:\/\/www.alldayled.com\/de\/#\/schema\/logo\/image\/\",\"url\":\"https:\/\/www.alldayled.com\/wp-content\/uploads\/2025\/10\/Logo-ALL-DAY-LED-800x800-zwart-witte-letters.png\",\"contentUrl\":\"https:\/\/www.alldayled.com\/wp-content\/uploads\/2025\/10\/Logo-ALL-DAY-LED-800x800-zwart-witte-letters.png\",\"width\":800,\"height\":800,\"caption\":\"All Day Led\"},\"image\":{\"@id\":\"https:\/\/www.alldayled.com\/de\/#\/schema\/logo\/image\/\"},\"sameAs\":[\"https:\/\/www.facebook.com\/alldayled\/\",\"https:\/\/www.instagram.com\/alldayled\/\"],\"vatID\":\"NL863960133B01\",\"taxID\":\"86416545\"}]}<\/script>\n<meta property=\"product:brand\" content=\"WA\u015a\" \/>\n<meta property=\"og:availability\" content=\"instock\" \/>\n<meta property=\"product:availability\" content=\"instock\" \/>\n<meta property=\"product:retailer_item_id\" content=\"ADL10241R\" \/>\n<meta property=\"product:condition\" content=\"new\" \/>\n<!-- \/ Yoast SEO Premium plugin. -->","yoast_head_json":{"title":"WA\u015a W49 Umrissleuchte RECHTS - All Day Led - f\u00fcr 12&24V","description":"WA\u015a W49 Umrissleuchte rechts f\u00fcr 12&24 volt - schnelle Montage - kurzes oder langes Anschlusskabel - LKW, Traktor, Anh\u00e4nger und mehr","robots":{"index":"index","follow":"follow","max-snippet":"max-snippet:-1","max-image-preview":"max-image-preview:large","max-video-preview":"max-video-preview:-1"},"canonical":"https:\/\/www.alldayled.com\/de\/produkt\/led-breedtelamp-130mm-12-24v-rechts\/","og_locale":"de_DE","og_type":"article","og_title":"WA\u015a W49 Umrissleuchte RECHTS - All Day Led - f\u00fcr 12&24V","og_description":"WA\u015a W49 Umrissleuchte rechts f\u00fcr 12&24 volt - schnelle Montage - kurzes oder langes Anschlusskabel - LKW, Traktor, Anh\u00e4nger und mehr","og_url":"https:\/\/www.alldayled.com\/de\/produkt\/led-breedtelamp-130mm-12-24v-rechts\/","og_site_name":"All Day Led","article_publisher":"https:\/\/www.facebook.com\/alldayled\/","og_image":[{"width":800,"height":600,"url":"https:\/\/www.alldayled.com\/wp-content\/uploads\/2025\/10\/ADL10241R-WAS.jpg","type":"image\/jpeg"}],"twitter_misc":{"Verf\u00fcgbarkeit":"Auf Lager"},"schema":{"@context":"https:\/\/schema.org","@graph":[{"@type":"WebPage","@id":"https:\/\/www.alldayled.com\/de\/produkt\/led-breedtelamp-130mm-12-24v-rechts\/","url":"https:\/\/www.alldayled.com\/de\/produkt\/led-breedtelamp-130mm-12-24v-rechts\/","name":"WA\u015a W49 Umrissleuchte RECHTS - All Day Led - f\u00fcr 12&24V","isPartOf":{"@id":"https:\/\/www.alldayled.com\/de\/#website"},"primaryImageOfPage":{"@id":"https:\/\/www.alldayled.com\/de\/produkt\/led-breedtelamp-130mm-12-24v-rechts\/#primaryimage"},"image":{"@id":"https:\/\/www.alldayled.com\/de\/produkt\/led-breedtelamp-130mm-12-24v-rechts\/#primaryimage"},"thumbnailUrl":"https:\/\/www.alldayled.com\/wp-content\/uploads\/2025\/10\/ADL10241R-WAS.jpg","datePublished":"2020-04-10T13:27:12+00:00","description":"WA\u015a W49 Umrissleuchte rechts f\u00fcr 12&24 volt - schnelle Montage - kurzes oder langes Anschlusskabel - LKW, Traktor, Anh\u00e4nger und mehr","breadcrumb":{"@id":"https:\/\/www.alldayled.com\/de\/produkt\/led-breedtelamp-130mm-12-24v-rechts\/#breadcrumb"},"inLanguage":"de","potentialAction":[{"@type":"ReadAction","target":["https:\/\/www.alldayled.com\/de\/produkt\/led-breedtelamp-130mm-12-24v-rechts\/"]}]},{"@type":"ImageObject","inLanguage":"de","@id":"https:\/\/www.alldayled.com\/de\/produkt\/led-breedtelamp-130mm-12-24v-rechts\/#primaryimage","url":"https:\/\/www.alldayled.com\/wp-content\/uploads\/2025\/10\/ADL10241R-WAS.jpg","contentUrl":"https:\/\/www.alldayled.com\/wp-content\/uploads\/2025\/10\/ADL10241R-WAS.jpg","width":800,"height":600},{"@type":"BreadcrumbList","@id":"https:\/\/www.alldayled.com\/de\/produkt\/led-breedtelamp-130mm-12-24v-rechts\/#breadcrumb","itemListElement":[{"@type":"ListItem","position":1,"name":"Home","item":"https:\/\/www.alldayled.com\/de\/"},{"@type":"ListItem","position":2,"name":"Shop","item":"https:\/\/www.alldayled.com\/de\/shop\/"},{"@type":"ListItem","position":3,"name":"Positionsleuchten","item":"https:\/\/www.alldayled.com\/de\/produkt-kategorie\/positionslichter\/"},{"@type":"ListItem","position":4,"name":"Umrissleuchte","item":"https:\/\/www.alldayled.com\/de\/produkt-kategorie\/positionslichter\/breedtelampen\/"},{"@type":"ListItem","position":5,"name":"WA\u015a W49 LED Umrissleuchte 130mm &#8211; RECHTS"}]},{"@type":"WebSite","@id":"https:\/\/www.alldayled.com\/de\/#website","url":"https:\/\/www.alldayled.com\/de\/","name":"All Day Led","description":"Verlichting voor 12&amp;24 volt gebruik","publisher":{"@id":"https:\/\/www.alldayled.com\/de\/#organization"},"potentialAction":[{"@type":"SearchAction","target":{"@type":"EntryPoint","urlTemplate":"https:\/\/www.alldayled.com\/de\/?s={search_term_string}"},"query-input":{"@type":"PropertyValueSpecification","valueRequired":true,"valueName":"search_term_string"}}],"inLanguage":"de"},{"@type":"Organization","@id":"https:\/\/www.alldayled.com\/de\/#organization","name":"All Day Led","url":"https:\/\/www.alldayled.com\/de\/","logo":{"@type":"ImageObject","inLanguage":"de","@id":"https:\/\/www.alldayled.com\/de\/#\/schema\/logo\/image\/","url":"https:\/\/www.alldayled.com\/wp-content\/uploads\/2025\/10\/Logo-ALL-DAY-LED-800x800-zwart-witte-letters.png","contentUrl":"https:\/\/www.alldayled.com\/wp-content\/uploads\/2025\/10\/Logo-ALL-DAY-LED-800x800-zwart-witte-letters.png","width":800,"height":800,"caption":"All Day Led"},"image":{"@id":"https:\/\/www.alldayled.com\/de\/#\/schema\/logo\/image\/"},"sameAs":["https:\/\/www.facebook.com\/alldayled\/","https:\/\/www.instagram.com\/alldayled\/"],"vatID":"NL863960133B01","taxID":"86416545"}]},"product_brand":"WA\u015a","og_availability":"instock","product_availability":"instock","product_retailer_item_id":"ADL10241R","product_condition":"new"},"_links":{"self":[{"href":"https:\/\/www.alldayled.com\/de\/wp-json\/wp\/v2\/product\/68453","targetHints":{"allow":["GET"]}}],"collection":[{"href":"https:\/\/www.alldayled.com\/de\/wp-json\/wp\/v2\/product"}],"about":[{"href":"https:\/\/www.alldayled.com\/de\/wp-json\/wp\/v2\/types\/product"}],"replies":[{"embeddable":true,"href":"https:\/\/www.alldayled.com\/de\/wp-json\/wp\/v2\/comments?post=68453"}],"wp:featuredmedia":[{"embeddable":true,"href":"https:\/\/www.alldayled.com\/de\/wp-json\/wp\/v2\/media\/38721"}],"wp:attachment":[{"href":"https:\/\/www.alldayled.com\/de\/wp-json\/wp\/v2\/media?parent=68453"}],"wp:term":[{"taxonomy":"product_brand","embeddable":true,"href":"https:\/\/www.alldayled.com\/de\/wp-json\/wp\/v2\/product_brand?post=68453"},{"taxonomy":"product_cat","embeddable":true,"href":"https:\/\/www.alldayled.com\/de\/wp-json\/wp\/v2\/product_cat?post=68453"},{"taxonomy":"product_tag","embeddable":true,"href":"https:\/\/www.alldayled.com\/de\/wp-json\/wp\/v2\/product_tag?post=68453"}],"curies":[{"name":"wp","href":"https:\/\/api.w.org\/{rel}","templated":true}]}}