{"id":68459,"date":"2020-04-10T15:24:12","date_gmt":"2020-04-10T13:24:12","guid":{"rendered":"https:\/\/www.alldayled.com\/product\/led-breedtelamp-184mm-12-24v-rechts\/"},"modified":"2026-02-08T14:25:16","modified_gmt":"2026-02-08T13:25:16","slug":"led-breedtelamp-184mm-12-24v-rechts","status":"publish","type":"product","link":"https:\/\/www.alldayled.com\/de\/produkt\/led-breedtelamp-184mm-12-24v-rechts\/","title":{"rendered":"WA\u015a W48 LED Umrissleuchte 184mm &#8211; RECHTS"},"content":{"rendered":"<p><span style=\"color: #000000;\"><strong>WA\u015a W48 LED Umrissleuchte abgewinkelt gro\u00df RECHTS, geeignet f\u00fcr 12 &amp; 24 Volt.<\/strong><\/span><\/p>\n<p><span style=\"color: #000000;\">Diese WA\u015a LED Umrissleuchte 184mm kann mit 12 und 24 Volt betrieben werden. Dadurch kannst du sie zum Beispiel an deinem Anh\u00e4nger, LKW, Trailer, Traktor oder Wohnmobil\/Wohnwagen montieren. Die LED Umrissleuchte funktioniert bis 30 Volt. Das bedeutet, dass sie gegen Spannungsspitzen gesch\u00fctzt ist, die beim Starten des Fahrzeugs auftreten k\u00f6nnen. Die LED-Leuchte ist au\u00dferdem mit einem E-Pr\u00fcfzeichen versehen, was bedeutet, dass du die Leuchte im \u00f6ffentlichen Stra\u00dfenverkehr verwenden darfst.    <\/span><\/p>\n<p><span style=\"color: #000000;\">Diese LED-Leuchte der Marke WA\u015a ist aus hochwertigem Material gefertigt. Damit bist du sicher, dass sie eine Weile halten wird. Kurz gesagt, mit dieser LED-Leuchte, rechts an deinem Fahrzeug oder Anh\u00e4nger montiert, bist du sicher, dass du immer sicher unterwegs sein kannst. Sollte die Umrissleuchte unerwartet doch nicht mehr funktionieren, wisse, dass diese Leuchten standardm\u00e4\u00dfig mit 1 Jahr Garantie geliefert werden. Es handelt sich hier um die rechte Variante dieser Leuchte. Wenn du sie als Set bestellen m\u00f6chtest, kannst du <\/span><a style=\"color: #000000;\" href=\"https:\/\/www.alldayled.com\/de\/produkt\/led-breedtelamp-184mm-12-24v-links\/\">hier <\/a><span style=\"color: #000000;\">die linke Variante finden.<\/span><\/p>\n<h5><span style=\"color: #000000;\"><strong>Anschlusskabel:  <\/strong><\/span><\/h5>\n<p><span style=\"color: #000000;\">Beim Kauf dieser LED Umrissleuchte rechts kannst du zwischen zwei verschiedenen L\u00e4ngen des Anschlusskabels w\u00e4hlen. Je nachdem, wo und wie du die Umrissleuchte montieren m\u00f6chtest, kannst du die L\u00e4nge des Anschlusskabels bestimmen. F\u00fcr diese LED-Leuchte hast du folgende Optionen:  <\/span><\/p>\n<ul>\n<li><span style=\"color: #000000;\">20 Zentimeter Anschlusskabel<\/span><\/li>\n<li><span style=\"color: #000000;\">2 Meter Anschlusskabel<\/span><\/li>\n<\/ul>\n<h5><span style=\"color: #000000;\"><strong>Abmessungen:<\/strong><\/span><\/h5>\n<p><span style=\"color: #000000;\">Die Abmessungen dieser WA\u015a LED Umrissleuchte abgewinkelt rechts sind wie folgt:<\/span><\/p>\n<ul>\n<li><span style=\"color: #000000;\">H\u00f6he: 165 mm<\/span><\/li>\n<li><span style=\"color: #000000;\">Breite: 184 mm<\/span><\/li>\n<li><span style=\"color: #000000;\">Dicke: 33 mm<\/span><\/li>\n<\/ul>\n<p><span style=\"color: #000000;\">Suchst du eine LED Umrissleuchte, aber diese von WA\u015a ist nicht das, was du suchst? Dann schau dir auch die Seite <a style=\"color: #000000;\" href=\"https:\/\/www.alldayled.com\/product-categorie\/positielampen\/breedtelampen\/\">Umrissleuchten<\/a> an, vielleicht findest du hier das Modell, nach dem du suchst. <\/span><\/p>\n","protected":false},"excerpt":{"rendered":"<p>WA\u015a W48 LED Umrissleuchte abgewinkelt gro\u00df RECHTS, geeignet f\u00fcr 12 &amp; 24 Volt. Diese WA\u015a LED Umrissleuchte 184mm kann mit 12 und 24 Volt betrieben werden. Dadurch kannst du sie zum Beispiel an deinem Anh\u00e4nger, LKW, Trailer, Traktor oder Wohnmobil\/Wohnwagen montieren. Die LED Umrissleuchte funktioniert bis 30 Volt. Das bedeutet, dass sie gegen Spannungsspitzen gesch\u00fctzt [&hellip;]<\/p>\n","protected":false},"featured_media":38736,"comment_status":"open","ping_status":"closed","template":"","meta":{"_acf_changed":false},"product_brand":[5691],"product_cat":[5162],"product_tag":[5164,5172,5170,5171,9249,5166,9484,9486,9485,9445],"class_list":{"0":"post-68459","1":"product","2":"type-product","3":"status-publish","4":"has-post-thumbnail","6":"product_brand-product-was","7":"product_cat-breedtelampen","8":"product_tag-breite-lampe-wohnmobil","9":"product_tag-led-breite-licht","10":"product_tag-led-breitenleuchte-12-volt","11":"product_tag-led-breitenleuchte-24-volt","12":"product_tag-led-umrissleuchte","13":"product_tag-lkw-breite-lampe","14":"product_tag-umrissleuchte-anhanger","15":"product_tag-umrissleuchte-lkw","16":"product_tag-umrissleuchte-trailer","17":"product_tag-was-led-beleuchtung","19":"first","20":"instock","21":"taxable","22":"shipping-taxable","23":"purchasable","24":"product-type-variable"},"acf":[],"yoast_head":"<!-- This site is optimized with the Yoast SEO Premium plugin v26.5 (Yoast SEO v27.1.1) - https:\/\/yoast.com\/product\/yoast-seo-premium-wordpress\/ -->\n<title>LED Umrissleuchte abgewinkelt rechts von WA\u015a - All Day Led - 12&amp;24 Volt<\/title>\n<meta name=\"description\" content=\"WA\u015a LED Umrissleuchte abgewinkelt RECHTS 184mm - LED Umrissleuchte - 12&amp;24 volt - mit E-Pr\u00fcfzeichen - LKW, Traktor, Anh\u00e4nger, Trailer und mehr\" \/>\n<meta name=\"robots\" content=\"index, follow, max-snippet:-1, max-image-preview:large, max-video-preview:-1\" \/>\n<link rel=\"canonical\" href=\"https:\/\/www.alldayled.com\/de\/produkt\/led-breedtelamp-184mm-12-24v-rechts\/\" \/>\n<meta property=\"og:locale\" content=\"de_DE\" \/>\n<meta property=\"og:type\" content=\"article\" \/>\n<meta property=\"og:title\" content=\"WA\u015a W48 LED Umrissleuchte 184mm - RECHTS\" \/>\n<meta property=\"og:description\" content=\"WA\u015a W48 LED Umrissleuchte abgewinkelt gro\u00df RECHTS, geeignet f\u00fcr 12 &amp; 24 Volt. Diese WA\u015a LED Umrissleuchte 184mm kann mit 12 und 24 Volt betrieben\" \/>\n<meta property=\"og:url\" content=\"https:\/\/www.alldayled.com\/de\/produkt\/led-breedtelamp-184mm-12-24v-rechts\/\" \/>\n<meta property=\"og:site_name\" content=\"All Day Led\" \/>\n<meta property=\"article:publisher\" content=\"https:\/\/www.facebook.com\/alldayled\/\" \/>\n<meta property=\"article:modified_time\" content=\"2026-02-08T13:25:16+00:00\" \/>\n<meta property=\"og:image\" content=\"https:\/\/www.alldayled.com\/wp-content\/uploads\/2025\/10\/ADL10238-R-WAS.jpg\" \/>\n\t<meta property=\"og:image:width\" content=\"800\" \/>\n\t<meta property=\"og:image:height\" content=\"600\" \/>\n\t<meta property=\"og:image:type\" content=\"image\/jpeg\" \/>\n<meta name=\"twitter:label1\" content=\"Verf\u00fcgbarkeit\" \/>\n\t<meta name=\"twitter:data1\" content=\"Auf Lager\" \/>\n<script type=\"application\/ld+json\" class=\"yoast-schema-graph\">{\"@context\":\"https:\/\/schema.org\",\"@graph\":[{\"@type\":\"WebPage\",\"@id\":\"https:\/\/www.alldayled.com\/de\/produkt\/led-breedtelamp-184mm-12-24v-rechts\/\",\"url\":\"https:\/\/www.alldayled.com\/de\/produkt\/led-breedtelamp-184mm-12-24v-rechts\/\",\"name\":\"LED Umrissleuchte abgewinkelt rechts von WA\u015a - All Day Led - 12&24 Volt\",\"isPartOf\":{\"@id\":\"https:\/\/www.alldayled.com\/de\/#website\"},\"primaryImageOfPage\":{\"@id\":\"https:\/\/www.alldayled.com\/de\/produkt\/led-breedtelamp-184mm-12-24v-rechts\/#primaryimage\"},\"image\":{\"@id\":\"https:\/\/www.alldayled.com\/de\/produkt\/led-breedtelamp-184mm-12-24v-rechts\/#primaryimage\"},\"thumbnailUrl\":\"https:\/\/www.alldayled.com\/wp-content\/uploads\/2025\/10\/ADL10238-R-WAS.jpg\",\"datePublished\":\"2020-04-10T13:24:12+00:00\",\"dateModified\":\"2026-02-08T13:25:16+00:00\",\"description\":\"WA\u015a LED Umrissleuchte abgewinkelt RECHTS 184mm - LED Umrissleuchte - 12&24 volt - mit E-Pr\u00fcfzeichen - LKW, Traktor, Anh\u00e4nger, Trailer und mehr\",\"breadcrumb\":{\"@id\":\"https:\/\/www.alldayled.com\/de\/produkt\/led-breedtelamp-184mm-12-24v-rechts\/#breadcrumb\"},\"inLanguage\":\"de\",\"potentialAction\":[{\"@type\":\"ReadAction\",\"target\":[\"https:\/\/www.alldayled.com\/de\/produkt\/led-breedtelamp-184mm-12-24v-rechts\/\"]}]},{\"@type\":\"ImageObject\",\"inLanguage\":\"de\",\"@id\":\"https:\/\/www.alldayled.com\/de\/produkt\/led-breedtelamp-184mm-12-24v-rechts\/#primaryimage\",\"url\":\"https:\/\/www.alldayled.com\/wp-content\/uploads\/2025\/10\/ADL10238-R-WAS.jpg\",\"contentUrl\":\"https:\/\/www.alldayled.com\/wp-content\/uploads\/2025\/10\/ADL10238-R-WAS.jpg\",\"width\":800,\"height\":600},{\"@type\":\"BreadcrumbList\",\"@id\":\"https:\/\/www.alldayled.com\/de\/produkt\/led-breedtelamp-184mm-12-24v-rechts\/#breadcrumb\",\"itemListElement\":[{\"@type\":\"ListItem\",\"position\":1,\"name\":\"Home\",\"item\":\"https:\/\/www.alldayled.com\/de\/\"},{\"@type\":\"ListItem\",\"position\":2,\"name\":\"Shop\",\"item\":\"https:\/\/www.alldayled.com\/de\/shop\/\"},{\"@type\":\"ListItem\",\"position\":3,\"name\":\"Positionsleuchten\",\"item\":\"https:\/\/www.alldayled.com\/de\/produkt-kategorie\/positionslichter\/\"},{\"@type\":\"ListItem\",\"position\":4,\"name\":\"Umrissleuchte\",\"item\":\"https:\/\/www.alldayled.com\/de\/produkt-kategorie\/positionslichter\/breedtelampen\/\"},{\"@type\":\"ListItem\",\"position\":5,\"name\":\"WA\u015a W48 LED Umrissleuchte 184mm &#8211; RECHTS\"}]},{\"@type\":\"WebSite\",\"@id\":\"https:\/\/www.alldayled.com\/de\/#website\",\"url\":\"https:\/\/www.alldayled.com\/de\/\",\"name\":\"All Day Led\",\"description\":\"Verlichting voor 12&amp;24 volt gebruik\",\"publisher\":{\"@id\":\"https:\/\/www.alldayled.com\/de\/#organization\"},\"potentialAction\":[{\"@type\":\"SearchAction\",\"target\":{\"@type\":\"EntryPoint\",\"urlTemplate\":\"https:\/\/www.alldayled.com\/de\/?s={search_term_string}\"},\"query-input\":{\"@type\":\"PropertyValueSpecification\",\"valueRequired\":true,\"valueName\":\"search_term_string\"}}],\"inLanguage\":\"de\"},{\"@type\":\"Organization\",\"@id\":\"https:\/\/www.alldayled.com\/de\/#organization\",\"name\":\"All Day Led\",\"url\":\"https:\/\/www.alldayled.com\/de\/\",\"logo\":{\"@type\":\"ImageObject\",\"inLanguage\":\"de\",\"@id\":\"https:\/\/www.alldayled.com\/de\/#\/schema\/logo\/image\/\",\"url\":\"https:\/\/www.alldayled.com\/wp-content\/uploads\/2025\/10\/Logo-ALL-DAY-LED-800x800-zwart-witte-letters.png\",\"contentUrl\":\"https:\/\/www.alldayled.com\/wp-content\/uploads\/2025\/10\/Logo-ALL-DAY-LED-800x800-zwart-witte-letters.png\",\"width\":800,\"height\":800,\"caption\":\"All Day Led\"},\"image\":{\"@id\":\"https:\/\/www.alldayled.com\/de\/#\/schema\/logo\/image\/\"},\"sameAs\":[\"https:\/\/www.facebook.com\/alldayled\/\",\"https:\/\/www.instagram.com\/alldayled\/\"],\"vatID\":\"NL863960133B01\",\"taxID\":\"86416545\"}]}<\/script>\n<meta property=\"product:brand\" content=\"WA\u015a\" \/>\n<meta property=\"og:availability\" content=\"instock\" \/>\n<meta property=\"product:availability\" content=\"instock\" \/>\n<meta property=\"product:retailer_item_id\" content=\"ADL10238R\" \/>\n<meta property=\"product:condition\" content=\"new\" \/>\n<!-- \/ Yoast SEO Premium plugin. -->","yoast_head_json":{"title":"LED Umrissleuchte abgewinkelt rechts von WA\u015a - All Day Led - 12&24 Volt","description":"WA\u015a LED Umrissleuchte abgewinkelt RECHTS 184mm - LED Umrissleuchte - 12&24 volt - mit E-Pr\u00fcfzeichen - LKW, Traktor, Anh\u00e4nger, Trailer und mehr","robots":{"index":"index","follow":"follow","max-snippet":"max-snippet:-1","max-image-preview":"max-image-preview:large","max-video-preview":"max-video-preview:-1"},"canonical":"https:\/\/www.alldayled.com\/de\/produkt\/led-breedtelamp-184mm-12-24v-rechts\/","og_locale":"de_DE","og_type":"article","og_title":"WA\u015a W48 LED Umrissleuchte 184mm - RECHTS","og_description":"WA\u015a W48 LED Umrissleuchte abgewinkelt gro\u00df RECHTS, geeignet f\u00fcr 12 &amp; 24 Volt. Diese WA\u015a LED Umrissleuchte 184mm kann mit 12 und 24 Volt betrieben","og_url":"https:\/\/www.alldayled.com\/de\/produkt\/led-breedtelamp-184mm-12-24v-rechts\/","og_site_name":"All Day Led","article_publisher":"https:\/\/www.facebook.com\/alldayled\/","article_modified_time":"2026-02-08T13:25:16+00:00","og_image":[{"width":800,"height":600,"url":"https:\/\/www.alldayled.com\/wp-content\/uploads\/2025\/10\/ADL10238-R-WAS.jpg","type":"image\/jpeg"}],"twitter_misc":{"Verf\u00fcgbarkeit":"Auf Lager"},"schema":{"@context":"https:\/\/schema.org","@graph":[{"@type":"WebPage","@id":"https:\/\/www.alldayled.com\/de\/produkt\/led-breedtelamp-184mm-12-24v-rechts\/","url":"https:\/\/www.alldayled.com\/de\/produkt\/led-breedtelamp-184mm-12-24v-rechts\/","name":"LED Umrissleuchte abgewinkelt rechts von WA\u015a - All Day Led - 12&24 Volt","isPartOf":{"@id":"https:\/\/www.alldayled.com\/de\/#website"},"primaryImageOfPage":{"@id":"https:\/\/www.alldayled.com\/de\/produkt\/led-breedtelamp-184mm-12-24v-rechts\/#primaryimage"},"image":{"@id":"https:\/\/www.alldayled.com\/de\/produkt\/led-breedtelamp-184mm-12-24v-rechts\/#primaryimage"},"thumbnailUrl":"https:\/\/www.alldayled.com\/wp-content\/uploads\/2025\/10\/ADL10238-R-WAS.jpg","datePublished":"2020-04-10T13:24:12+00:00","dateModified":"2026-02-08T13:25:16+00:00","description":"WA\u015a LED Umrissleuchte abgewinkelt RECHTS 184mm - LED Umrissleuchte - 12&24 volt - mit E-Pr\u00fcfzeichen - LKW, Traktor, Anh\u00e4nger, Trailer und mehr","breadcrumb":{"@id":"https:\/\/www.alldayled.com\/de\/produkt\/led-breedtelamp-184mm-12-24v-rechts\/#breadcrumb"},"inLanguage":"de","potentialAction":[{"@type":"ReadAction","target":["https:\/\/www.alldayled.com\/de\/produkt\/led-breedtelamp-184mm-12-24v-rechts\/"]}]},{"@type":"ImageObject","inLanguage":"de","@id":"https:\/\/www.alldayled.com\/de\/produkt\/led-breedtelamp-184mm-12-24v-rechts\/#primaryimage","url":"https:\/\/www.alldayled.com\/wp-content\/uploads\/2025\/10\/ADL10238-R-WAS.jpg","contentUrl":"https:\/\/www.alldayled.com\/wp-content\/uploads\/2025\/10\/ADL10238-R-WAS.jpg","width":800,"height":600},{"@type":"BreadcrumbList","@id":"https:\/\/www.alldayled.com\/de\/produkt\/led-breedtelamp-184mm-12-24v-rechts\/#breadcrumb","itemListElement":[{"@type":"ListItem","position":1,"name":"Home","item":"https:\/\/www.alldayled.com\/de\/"},{"@type":"ListItem","position":2,"name":"Shop","item":"https:\/\/www.alldayled.com\/de\/shop\/"},{"@type":"ListItem","position":3,"name":"Positionsleuchten","item":"https:\/\/www.alldayled.com\/de\/produkt-kategorie\/positionslichter\/"},{"@type":"ListItem","position":4,"name":"Umrissleuchte","item":"https:\/\/www.alldayled.com\/de\/produkt-kategorie\/positionslichter\/breedtelampen\/"},{"@type":"ListItem","position":5,"name":"WA\u015a W48 LED Umrissleuchte 184mm &#8211; RECHTS"}]},{"@type":"WebSite","@id":"https:\/\/www.alldayled.com\/de\/#website","url":"https:\/\/www.alldayled.com\/de\/","name":"All Day Led","description":"Verlichting voor 12&amp;24 volt gebruik","publisher":{"@id":"https:\/\/www.alldayled.com\/de\/#organization"},"potentialAction":[{"@type":"SearchAction","target":{"@type":"EntryPoint","urlTemplate":"https:\/\/www.alldayled.com\/de\/?s={search_term_string}"},"query-input":{"@type":"PropertyValueSpecification","valueRequired":true,"valueName":"search_term_string"}}],"inLanguage":"de"},{"@type":"Organization","@id":"https:\/\/www.alldayled.com\/de\/#organization","name":"All Day Led","url":"https:\/\/www.alldayled.com\/de\/","logo":{"@type":"ImageObject","inLanguage":"de","@id":"https:\/\/www.alldayled.com\/de\/#\/schema\/logo\/image\/","url":"https:\/\/www.alldayled.com\/wp-content\/uploads\/2025\/10\/Logo-ALL-DAY-LED-800x800-zwart-witte-letters.png","contentUrl":"https:\/\/www.alldayled.com\/wp-content\/uploads\/2025\/10\/Logo-ALL-DAY-LED-800x800-zwart-witte-letters.png","width":800,"height":800,"caption":"All Day Led"},"image":{"@id":"https:\/\/www.alldayled.com\/de\/#\/schema\/logo\/image\/"},"sameAs":["https:\/\/www.facebook.com\/alldayled\/","https:\/\/www.instagram.com\/alldayled\/"],"vatID":"NL863960133B01","taxID":"86416545"}]},"product_brand":"WA\u015a","og_availability":"instock","product_availability":"instock","product_retailer_item_id":"ADL10238R","product_condition":"new"},"_links":{"self":[{"href":"https:\/\/www.alldayled.com\/de\/wp-json\/wp\/v2\/product\/68459","targetHints":{"allow":["GET"]}}],"collection":[{"href":"https:\/\/www.alldayled.com\/de\/wp-json\/wp\/v2\/product"}],"about":[{"href":"https:\/\/www.alldayled.com\/de\/wp-json\/wp\/v2\/types\/product"}],"replies":[{"embeddable":true,"href":"https:\/\/www.alldayled.com\/de\/wp-json\/wp\/v2\/comments?post=68459"}],"wp:featuredmedia":[{"embeddable":true,"href":"https:\/\/www.alldayled.com\/de\/wp-json\/wp\/v2\/media\/38736"}],"wp:attachment":[{"href":"https:\/\/www.alldayled.com\/de\/wp-json\/wp\/v2\/media?parent=68459"}],"wp:term":[{"taxonomy":"product_brand","embeddable":true,"href":"https:\/\/www.alldayled.com\/de\/wp-json\/wp\/v2\/product_brand?post=68459"},{"taxonomy":"product_cat","embeddable":true,"href":"https:\/\/www.alldayled.com\/de\/wp-json\/wp\/v2\/product_cat?post=68459"},{"taxonomy":"product_tag","embeddable":true,"href":"https:\/\/www.alldayled.com\/de\/wp-json\/wp\/v2\/product_tag?post=68459"}],"curies":[{"name":"wp","href":"https:\/\/api.w.org\/{rel}","templated":true}]}}