{"id":68462,"date":"2020-08-10T17:32:30","date_gmt":"2020-08-10T15:32:30","guid":{"rendered":"https:\/\/www.alldayled.com\/product\/led-strip-12-volt-rood-2-5-33-3528\/"},"modified":"2026-04-12T19:48:52","modified_gmt":"2026-04-12T17:48:52","slug":"led-strip-12-volt-rood-2-5-33-3528","status":"publish","type":"product","link":"https:\/\/www.alldayled.com\/de\/produkt\/led-strip-12-volt-rood-2-5-33-3528\/","title":{"rendered":"LED Band 12 volt rot 3528 IP33 2,5 Meter"},"content":{"rendered":"<p><span style=\"color: #000000;\"><strong>LED Band 3528 IP33 (ohne Silikonschicht) 2,5 Meter rot, geeignet f\u00fcr 12 Volt Betrieb. <\/strong><\/span><\/p>\n<p><span style=\"color: #000000;\">Bist du auf der Suche nach einem LED Band f\u00fcr dein Auto, Camper oder Anh\u00e4nger? Dann ist dieses IP33 LED Band rot genau das, was du brauchst. Der 3528 Band hat 60 LED\u2019s pro Meter, ist alle 10 cm k\u00fcrzbar und funktioniert mit 12 Volt. Da keine Silikonschicht vorhanden ist (IP33), ist dieses LED Band 12 Volt rot nur f\u00fcr den Innenbereich geeignet. Perfekt also f\u00fcr stimmungsvolle Beleuchtung in deinem Interieur.    <\/span><\/p>\n<p><span style=\"color: #000000;\">Und nat\u00fcrlich m\u00f6chtest du sicher sein, ob dieser 12V LED-Streifen rot f\u00fcr dein Fahrzeug geeignet ist. Deshalb haben wir die wichtigsten Spezifikationen f\u00fcr dich aufgelistet. Extra praktisch: Der Streifen ist mit einer 3M-Klebeschicht versehen und wird mit einem 50 cm langen Anschlusskabel geliefert. So klebst du den Streifen einfach an die gew\u00fcnschte Stelle und schlie\u00dft ihn direkt an. Kurz gesagt: der perfekte LED-Streifen f\u00fcr den Innenraum deines Autos, Campers, Traktors oder Anh\u00e4ngers.    <\/span><\/p>\n<h5><span style=\"color: #000000;\"><strong>Abmessungen:<\/strong><\/span><\/h5>\n<p><span style=\"color: #000000;\">Damit du sicher sein kannst, dass du den 12V LED Band rot dort montieren kannst, wo du ihn haben m\u00f6chtest, haben wir unten die Abmessungen f\u00fcr dich notiert. Hier findest du die genauen Ma\u00dfe des roten Bandes: <\/span><\/p>\n<ul>\n<li><span style=\"color: #000000;\">L\u00e4nge: 2,5 Meter<\/span><\/li>\n<li><span style=\"color: #000000;\">Breite: 8 mm<\/span><\/li>\n<li><span style=\"color: #000000;\">Dicke: 5 mm<\/span><\/li>\n<\/ul>\n<h5><span style=\"color: #000000;\"><strong>Weitere Ausf\u00fchrung:<\/strong><\/span><\/h5>\n<p><span style=\"color: #000000;\">Bist du auf der Suche nach einem LED Band, m\u00f6chtest aber eine Ausf\u00fchrung mit Silikonschicht? Gute Nachrichten: Der 12V LED Band rot ist auch in einer wasserbest\u00e4ndigen Variante erh\u00e4ltlich. Die 2,5-Meter-Version mit Silikonschicht findest du hier:  <\/span><\/p>\n<ul>\n<li><span style=\"color: #000000;\"><a style=\"color: #000000;\" href=\"https:\/\/www.alldayled.com\/de\/produkt\/led-strip-12-volt-rood-2-5-65-3528\/\"><b>LED Band 12 volt rot &#8211; IP65<\/b><\/a><\/span><\/li>\n<\/ul>\n<p><span style=\"color: #000000;\">Bist du dennoch der Meinung, dass das LED Band nicht das ist, was du suchst? Einfach weil die Farbe oder L\u00e4nge des Bandes nicht deinen W\u00fcnschen entspricht? Dann schau doch auch mal auf unserer Seite <g id=\"gid_0\">LED Band 12 volt<\/g> vorbei. Vielleicht findest du hier das LED Band Modell, wonach du suchst.    <\/span><\/p>\n","protected":false},"excerpt":{"rendered":"<p>LED Band 3528 SMD rot ohne Silikonschicht, f\u00fcr 12 Volt.<\/p>\n","protected":false},"featured_media":62896,"comment_status":"open","ping_status":"closed","template":"","meta":{"_acf_changed":false},"product_brand":[5577],"product_cat":[5373],"product_tag":[9618,9624,9619,9620,9621,9623],"class_list":{"0":"post-68462","1":"product","2":"type-product","3":"status-publish","4":"has-post-thumbnail","6":"product_brand-product-all-day-led","7":"product_cat-led-strip-12-volt","8":"product_tag-led-band-12-volt","9":"product_tag-led-band-12-volt-rot","10":"product_tag-led-band-12v","11":"product_tag-led-band-auto","12":"product_tag-led-band-interieur","13":"product_tag-led-band-rot","15":"first","16":"instock","17":"taxable","18":"shipping-taxable","19":"purchasable","20":"product-type-simple"},"acf":[],"yoast_head":"<!-- This site is optimized with the Yoast SEO Premium plugin v26.5 (Yoast SEO v27.1.1) - https:\/\/yoast.com\/product\/yoast-seo-premium-wordpress\/ -->\n<title>LED Band 12 volt rot 3528 - IP33 - 2,5 Meter - All Day Led<\/title>\n<meta name=\"description\" content=\"LED Band 12 volt rot - 3528 LED&#039;s - 2,5 Meter - einfach anzuschlie\u00dfen - LED Band f\u00fcr Auto, Camper und mehr - ROT\" \/>\n<meta name=\"robots\" content=\"index, follow, max-snippet:-1, max-image-preview:large, max-video-preview:-1\" \/>\n<link rel=\"canonical\" href=\"https:\/\/www.alldayled.com\/de\/produkt\/led-strip-12-volt-rood-2-5-33-3528\/\" \/>\n<meta property=\"og:locale\" content=\"de_DE\" \/>\n<meta property=\"og:type\" content=\"article\" \/>\n<meta property=\"og:title\" content=\"LED Band 12 volt rot 3528 - IP33 - 2,5 Meter - All Day Led\" \/>\n<meta property=\"og:description\" content=\"LED Band 12 volt rot - 3528 LED&#039;s - 2,5 Meter - einfach anzuschlie\u00dfen - LED Band f\u00fcr Auto, Camper und mehr - ROT\" \/>\n<meta property=\"og:url\" content=\"https:\/\/www.alldayled.com\/de\/produkt\/led-strip-12-volt-rood-2-5-33-3528\/\" \/>\n<meta property=\"og:site_name\" content=\"All Day Led\" \/>\n<meta property=\"article:publisher\" content=\"https:\/\/www.facebook.com\/alldayled\/\" \/>\n<meta property=\"article:modified_time\" content=\"2026-04-12T17:48:52+00:00\" \/>\n<meta property=\"og:image\" content=\"https:\/\/www.alldayled.com\/wp-content\/uploads\/2020\/03\/ADL653525-R12V.png\" \/>\n\t<meta property=\"og:image:width\" content=\"800\" \/>\n\t<meta property=\"og:image:height\" content=\"600\" \/>\n\t<meta property=\"og:image:type\" content=\"image\/png\" \/>\n<meta name=\"twitter:label1\" content=\"Preis\" \/>\n\t<meta name=\"twitter:data1\" content=\"&euro;&nbsp;15,00\" \/>\n\t<meta name=\"twitter:label2\" content=\"Verf\u00fcgbarkeit\" \/>\n\t<meta name=\"twitter:data2\" content=\"Auf Lager\" \/>\n<script type=\"application\/ld+json\" class=\"yoast-schema-graph\">{\"@context\":\"https:\/\/schema.org\",\"@graph\":[{\"@type\":\"WebPage\",\"@id\":\"https:\/\/www.alldayled.com\/de\/produkt\/led-strip-12-volt-rood-2-5-33-3528\/\",\"url\":\"https:\/\/www.alldayled.com\/de\/produkt\/led-strip-12-volt-rood-2-5-33-3528\/\",\"name\":\"LED Band 12 volt rot 3528 - IP33 - 2,5 Meter - All Day Led\",\"isPartOf\":{\"@id\":\"https:\/\/www.alldayled.com\/de\/#website\"},\"primaryImageOfPage\":{\"@id\":\"https:\/\/www.alldayled.com\/de\/produkt\/led-strip-12-volt-rood-2-5-33-3528\/#primaryimage\"},\"image\":{\"@id\":\"https:\/\/www.alldayled.com\/de\/produkt\/led-strip-12-volt-rood-2-5-33-3528\/#primaryimage\"},\"thumbnailUrl\":\"https:\/\/www.alldayled.com\/wp-content\/uploads\/2020\/03\/ADL653525-R12V.png\",\"datePublished\":\"2020-08-10T15:32:30+00:00\",\"dateModified\":\"2026-04-12T17:48:52+00:00\",\"description\":\"LED Band 12 volt rot - 3528 LED's - 2,5 Meter - einfach anzuschlie\u00dfen - LED Band f\u00fcr Auto, Camper und mehr - ROT\",\"breadcrumb\":{\"@id\":\"https:\/\/www.alldayled.com\/de\/produkt\/led-strip-12-volt-rood-2-5-33-3528\/#breadcrumb\"},\"inLanguage\":\"de\",\"potentialAction\":[{\"@type\":\"ReadAction\",\"target\":[\"https:\/\/www.alldayled.com\/de\/produkt\/led-strip-12-volt-rood-2-5-33-3528\/\"]}]},{\"@type\":\"ImageObject\",\"inLanguage\":\"de\",\"@id\":\"https:\/\/www.alldayled.com\/de\/produkt\/led-strip-12-volt-rood-2-5-33-3528\/#primaryimage\",\"url\":\"https:\/\/www.alldayled.com\/wp-content\/uploads\/2020\/03\/ADL653525-R12V.png\",\"contentUrl\":\"https:\/\/www.alldayled.com\/wp-content\/uploads\/2020\/03\/ADL653525-R12V.png\",\"width\":800,\"height\":600,\"caption\":\"LED Band 12 volt ROT - Auto, Camper, Caravan und mehr 2.5 Meter ohne Silikonschicht IP33 - EAN: 6090434833873\"},{\"@type\":\"BreadcrumbList\",\"@id\":\"https:\/\/www.alldayled.com\/de\/produkt\/led-strip-12-volt-rood-2-5-33-3528\/#breadcrumb\",\"itemListElement\":[{\"@type\":\"ListItem\",\"position\":1,\"name\":\"Home\",\"item\":\"https:\/\/www.alldayled.com\/de\/\"},{\"@type\":\"ListItem\",\"position\":2,\"name\":\"Shop\",\"item\":\"https:\/\/www.alldayled.com\/de\/shop\/\"},{\"@type\":\"ListItem\",\"position\":3,\"name\":\"Beleuchtung\",\"item\":\"https:\/\/www.alldayled.com\/de\/produkt-kategorie\/beleuchtung\/\"},{\"@type\":\"ListItem\",\"position\":4,\"name\":\"Beleuchtung 12 Volt\",\"item\":\"https:\/\/www.alldayled.com\/de\/produkt-kategorie\/beleuchtung\/verlichting-12-volt\/\"},{\"@type\":\"ListItem\",\"position\":5,\"name\":\"LED band 12 Volt\",\"item\":\"https:\/\/www.alldayled.com\/de\/produkt-kategorie\/beleuchtung\/verlichting-12-volt\/led-strip-12-volt\/\"},{\"@type\":\"ListItem\",\"position\":6,\"name\":\"LED Band 12 volt rot 3528 IP33 2,5 Meter\"}]},{\"@type\":\"WebSite\",\"@id\":\"https:\/\/www.alldayled.com\/de\/#website\",\"url\":\"https:\/\/www.alldayled.com\/de\/\",\"name\":\"All Day Led\",\"description\":\"Verlichting voor 12&amp;24 volt gebruik\",\"publisher\":{\"@id\":\"https:\/\/www.alldayled.com\/de\/#organization\"},\"potentialAction\":[{\"@type\":\"SearchAction\",\"target\":{\"@type\":\"EntryPoint\",\"urlTemplate\":\"https:\/\/www.alldayled.com\/de\/?s={search_term_string}\"},\"query-input\":{\"@type\":\"PropertyValueSpecification\",\"valueRequired\":true,\"valueName\":\"search_term_string\"}}],\"inLanguage\":\"de\"},{\"@type\":\"Organization\",\"@id\":\"https:\/\/www.alldayled.com\/de\/#organization\",\"name\":\"All Day Led\",\"url\":\"https:\/\/www.alldayled.com\/de\/\",\"logo\":{\"@type\":\"ImageObject\",\"inLanguage\":\"de\",\"@id\":\"https:\/\/www.alldayled.com\/de\/#\/schema\/logo\/image\/\",\"url\":\"https:\/\/www.alldayled.com\/wp-content\/uploads\/2025\/10\/Logo-ALL-DAY-LED-800x800-zwart-witte-letters.png\",\"contentUrl\":\"https:\/\/www.alldayled.com\/wp-content\/uploads\/2025\/10\/Logo-ALL-DAY-LED-800x800-zwart-witte-letters.png\",\"width\":800,\"height\":800,\"caption\":\"All Day Led\"},\"image\":{\"@id\":\"https:\/\/www.alldayled.com\/de\/#\/schema\/logo\/image\/\"},\"sameAs\":[\"https:\/\/www.facebook.com\/alldayled\/\",\"https:\/\/www.instagram.com\/alldayled\/\"],\"vatID\":\"NL863960133B01\",\"taxID\":\"86416545\"}]}<\/script>\n<meta property=\"product:brand\" content=\"All Day Led\" \/>\n<meta property=\"product:price:amount\" content=\"15.00\" \/>\n<meta property=\"product:price:currency\" content=\"EUR\" \/>\n<meta property=\"og:availability\" content=\"instock\" \/>\n<meta property=\"product:availability\" content=\"instock\" \/>\n<meta property=\"product:retailer_item_id\" content=\"ADL333525-R12V\" \/>\n<meta property=\"product:condition\" content=\"new\" \/>\n<!-- \/ Yoast SEO Premium plugin. -->","yoast_head_json":{"title":"LED Band 12 volt rot 3528 - IP33 - 2,5 Meter - All Day Led","description":"LED Band 12 volt rot - 3528 LED's - 2,5 Meter - einfach anzuschlie\u00dfen - LED Band f\u00fcr Auto, Camper und mehr - ROT","robots":{"index":"index","follow":"follow","max-snippet":"max-snippet:-1","max-image-preview":"max-image-preview:large","max-video-preview":"max-video-preview:-1"},"canonical":"https:\/\/www.alldayled.com\/de\/produkt\/led-strip-12-volt-rood-2-5-33-3528\/","og_locale":"de_DE","og_type":"article","og_title":"LED Band 12 volt rot 3528 - IP33 - 2,5 Meter - All Day Led","og_description":"LED Band 12 volt rot - 3528 LED's - 2,5 Meter - einfach anzuschlie\u00dfen - LED Band f\u00fcr Auto, Camper und mehr - ROT","og_url":"https:\/\/www.alldayled.com\/de\/produkt\/led-strip-12-volt-rood-2-5-33-3528\/","og_site_name":"All Day Led","article_publisher":"https:\/\/www.facebook.com\/alldayled\/","article_modified_time":"2026-04-12T17:48:52+00:00","og_image":[{"width":800,"height":600,"url":"https:\/\/www.alldayled.com\/wp-content\/uploads\/2020\/03\/ADL653525-R12V.png","type":"image\/png"}],"twitter_misc":{"Preis":"&euro;&nbsp;15,00","Verf\u00fcgbarkeit":"Auf Lager"},"schema":{"@context":"https:\/\/schema.org","@graph":[{"@type":"WebPage","@id":"https:\/\/www.alldayled.com\/de\/produkt\/led-strip-12-volt-rood-2-5-33-3528\/","url":"https:\/\/www.alldayled.com\/de\/produkt\/led-strip-12-volt-rood-2-5-33-3528\/","name":"LED Band 12 volt rot 3528 - IP33 - 2,5 Meter - All Day Led","isPartOf":{"@id":"https:\/\/www.alldayled.com\/de\/#website"},"primaryImageOfPage":{"@id":"https:\/\/www.alldayled.com\/de\/produkt\/led-strip-12-volt-rood-2-5-33-3528\/#primaryimage"},"image":{"@id":"https:\/\/www.alldayled.com\/de\/produkt\/led-strip-12-volt-rood-2-5-33-3528\/#primaryimage"},"thumbnailUrl":"https:\/\/www.alldayled.com\/wp-content\/uploads\/2020\/03\/ADL653525-R12V.png","datePublished":"2020-08-10T15:32:30+00:00","dateModified":"2026-04-12T17:48:52+00:00","description":"LED Band 12 volt rot - 3528 LED's - 2,5 Meter - einfach anzuschlie\u00dfen - LED Band f\u00fcr Auto, Camper und mehr - ROT","breadcrumb":{"@id":"https:\/\/www.alldayled.com\/de\/produkt\/led-strip-12-volt-rood-2-5-33-3528\/#breadcrumb"},"inLanguage":"de","potentialAction":[{"@type":"ReadAction","target":["https:\/\/www.alldayled.com\/de\/produkt\/led-strip-12-volt-rood-2-5-33-3528\/"]}]},{"@type":"ImageObject","inLanguage":"de","@id":"https:\/\/www.alldayled.com\/de\/produkt\/led-strip-12-volt-rood-2-5-33-3528\/#primaryimage","url":"https:\/\/www.alldayled.com\/wp-content\/uploads\/2020\/03\/ADL653525-R12V.png","contentUrl":"https:\/\/www.alldayled.com\/wp-content\/uploads\/2020\/03\/ADL653525-R12V.png","width":800,"height":600,"caption":"LED Band 12 volt ROT - Auto, Camper, Caravan und mehr 2.5 Meter ohne Silikonschicht IP33 - EAN: 6090434833873"},{"@type":"BreadcrumbList","@id":"https:\/\/www.alldayled.com\/de\/produkt\/led-strip-12-volt-rood-2-5-33-3528\/#breadcrumb","itemListElement":[{"@type":"ListItem","position":1,"name":"Home","item":"https:\/\/www.alldayled.com\/de\/"},{"@type":"ListItem","position":2,"name":"Shop","item":"https:\/\/www.alldayled.com\/de\/shop\/"},{"@type":"ListItem","position":3,"name":"Beleuchtung","item":"https:\/\/www.alldayled.com\/de\/produkt-kategorie\/beleuchtung\/"},{"@type":"ListItem","position":4,"name":"Beleuchtung 12 Volt","item":"https:\/\/www.alldayled.com\/de\/produkt-kategorie\/beleuchtung\/verlichting-12-volt\/"},{"@type":"ListItem","position":5,"name":"LED band 12 Volt","item":"https:\/\/www.alldayled.com\/de\/produkt-kategorie\/beleuchtung\/verlichting-12-volt\/led-strip-12-volt\/"},{"@type":"ListItem","position":6,"name":"LED Band 12 volt rot 3528 IP33 2,5 Meter"}]},{"@type":"WebSite","@id":"https:\/\/www.alldayled.com\/de\/#website","url":"https:\/\/www.alldayled.com\/de\/","name":"All Day Led","description":"Verlichting voor 12&amp;24 volt gebruik","publisher":{"@id":"https:\/\/www.alldayled.com\/de\/#organization"},"potentialAction":[{"@type":"SearchAction","target":{"@type":"EntryPoint","urlTemplate":"https:\/\/www.alldayled.com\/de\/?s={search_term_string}"},"query-input":{"@type":"PropertyValueSpecification","valueRequired":true,"valueName":"search_term_string"}}],"inLanguage":"de"},{"@type":"Organization","@id":"https:\/\/www.alldayled.com\/de\/#organization","name":"All Day Led","url":"https:\/\/www.alldayled.com\/de\/","logo":{"@type":"ImageObject","inLanguage":"de","@id":"https:\/\/www.alldayled.com\/de\/#\/schema\/logo\/image\/","url":"https:\/\/www.alldayled.com\/wp-content\/uploads\/2025\/10\/Logo-ALL-DAY-LED-800x800-zwart-witte-letters.png","contentUrl":"https:\/\/www.alldayled.com\/wp-content\/uploads\/2025\/10\/Logo-ALL-DAY-LED-800x800-zwart-witte-letters.png","width":800,"height":800,"caption":"All Day Led"},"image":{"@id":"https:\/\/www.alldayled.com\/de\/#\/schema\/logo\/image\/"},"sameAs":["https:\/\/www.facebook.com\/alldayled\/","https:\/\/www.instagram.com\/alldayled\/"],"vatID":"NL863960133B01","taxID":"86416545"}]},"product_brand":"All Day Led","product_price_amount":"15.00","product_price_currency":"EUR","og_availability":"instock","product_availability":"instock","product_retailer_item_id":"ADL333525-R12V","product_condition":"new"},"_links":{"self":[{"href":"https:\/\/www.alldayled.com\/de\/wp-json\/wp\/v2\/product\/68462","targetHints":{"allow":["GET"]}}],"collection":[{"href":"https:\/\/www.alldayled.com\/de\/wp-json\/wp\/v2\/product"}],"about":[{"href":"https:\/\/www.alldayled.com\/de\/wp-json\/wp\/v2\/types\/product"}],"replies":[{"embeddable":true,"href":"https:\/\/www.alldayled.com\/de\/wp-json\/wp\/v2\/comments?post=68462"}],"wp:featuredmedia":[{"embeddable":true,"href":"https:\/\/www.alldayled.com\/de\/wp-json\/wp\/v2\/media\/62896"}],"wp:attachment":[{"href":"https:\/\/www.alldayled.com\/de\/wp-json\/wp\/v2\/media?parent=68462"}],"wp:term":[{"taxonomy":"product_brand","embeddable":true,"href":"https:\/\/www.alldayled.com\/de\/wp-json\/wp\/v2\/product_brand?post=68462"},{"taxonomy":"product_cat","embeddable":true,"href":"https:\/\/www.alldayled.com\/de\/wp-json\/wp\/v2\/product_cat?post=68462"},{"taxonomy":"product_tag","embeddable":true,"href":"https:\/\/www.alldayled.com\/de\/wp-json\/wp\/v2\/product_tag?post=68462"}],"curies":[{"name":"wp","href":"https:\/\/api.w.org\/{rel}","templated":true}]}}