{"id":68465,"date":"2020-08-10T17:55:48","date_gmt":"2020-08-10T15:55:48","guid":{"rendered":"https:\/\/www.alldayled.com\/product\/led-strip-12-volt-rgb-5050-ip65-25-meter\/"},"modified":"2026-03-07T11:16:16","modified_gmt":"2026-03-07T10:16:16","slug":"led-strip-12-volt-rgb-5050-ip65-25-meter","status":"publish","type":"product","link":"https:\/\/www.alldayled.com\/de\/produkt\/led-strip-12-volt-rgb-5050-ip65-25-meter\/","title":{"rendered":"LED Band 12 volt RGB 5050 IP65 2,5 Meter"},"content":{"rendered":"<p><span style=\"color: #000000;\"><strong>LED Band 5050 IP65 (mit Silikonschicht) 2,5 Meter RGB, geeignet f\u00fcr 12 Volt Betrieb. <\/strong><\/span><\/p>\n<p><span style=\"color: #000000;\">Bist du auf der Suche nach einem LED-Band, das du einfach in deinem Auto, Camper oder Anh\u00e4nger montieren kannst? Und m\u00f6chtest du auch die Farben mit einer Fernbedienung wechseln k\u00f6nnen? Dann ist dieses IP65 RGB LED-Band genau das, was du suchst. Das 5050 RGB-Band hat 60 LEDs pro Meter und kann alle 10 Zentimeter gek\u00fcrzt werden. Dank der IP65 Silikonschicht ist das Band spritzwassergesch\u00fctzt, wodurch du es sowohl im Innen- als auch im Au\u00dfenbereich verwenden kannst. Achtung: Der Anschluss ist bei Au\u00dfenmontage nicht wasserbest\u00e4ndig. Das RGB LED-Band funktioniert ausschlie\u00dflich mit 12 Volt, was es ideal f\u00fcr dein Auto, Camper, Anh\u00e4nger oder Traktor macht.      <\/span><\/p>\n<p><span style=\"color: #000000;\">Und nat\u00fcrlich m\u00f6chtest du sicherstellen, ob dieses RGB LED-Band f\u00fcr dein Fahrzeug geeignet ist. Deshalb haben wir die wichtigsten Spezifikationen f\u00fcr dich aufgelistet. Auch praktisch: Du erh\u00e4ltst 50 cm Anschlusskabel und eine Fernbedienung mitgeliefert. So schlie\u00dft du das Band einfach an und stellst direkt deine Lieblingsfarbe ein. Kurz gesagt: Das ideale LED-Band f\u00fcr das Interieur deines Autos, Wohnmobils, Traktors oder Anh\u00e4ngers.    <\/span><\/p>\n<h5><span style=\"color: #000000;\"><strong>Abmessungen:<\/strong><\/span><\/h5>\n<p><span style=\"color: #000000;\">Damit du sicher sein kannst, dass du das 12V RGB LED-Band montieren kannst, wo du m\u00f6chtest, haben wir unten die Abmessungen f\u00fcr dich notiert. Deshalb findest du hier die genauen Ma\u00dfe des RGB-Bandes: <\/span><\/p>\n<ul>\n<li><span style=\"color: #000000;\">L\u00e4nge: 2,5 Meter<\/span><\/li>\n<li><span style=\"color: #000000;\">Breite: 10 mm<\/span><\/li>\n<li><span style=\"color: #000000;\">Dicke: 6 mm<\/span><\/li>\n<\/ul>\n<h5><span style=\"color: #000000;\"><strong>Weitere Ausf\u00fchrung:<\/strong><\/span><\/h5>\n<p><span style=\"color: #000000;\">Bist du zwar auf der Suche nach einem LED-Band, m\u00f6chtest aber gerade keine Ausf\u00fchrung mit Silikonschicht? Gute Nachrichten: Das 12 Volt RGB LED-Band ist auch ohne Silikonschicht erh\u00e4ltlich. Die 2,5 Meter Variante ohne Beschichtung findest du hier:  <\/span><\/p>\n<ul>\n<li><span style=\"color: #000000;\"><a style=\"color: #000000;\" href=\"https:\/\/www.alldayled.com\/de\/produkt\/led-strip-12-volt-rgb-5050-ip33-25-meter\/\"><b>LED Band 12 volt RGB &#8211; IP33<\/b><\/a><\/span><\/li>\n<\/ul>\n<p><span style=\"color: #000000;\">Bist du dennoch der Meinung, dass das LED Band nicht das ist, was du suchst? Einfach weil die Farbe oder L\u00e4nge des Bandes nicht deinen W\u00fcnschen entspricht? Dann schau doch auch mal auf unserer Seite <g id=\"gid_0\">LED Band 12 volt<\/g> vorbei. Vielleicht findest du hier das LED Band Modell, wonach du suchst.    <\/span><\/p>\n","protected":false},"excerpt":{"rendered":"<p>LED Band 5050 SMD RGB mit Silikonschicht, f\u00fcr 12 Volt.<\/p>\n","protected":false},"featured_media":18030,"comment_status":"open","ping_status":"closed","template":"","meta":{"_acf_changed":false},"product_brand":[5577],"product_cat":[5373],"product_tag":[9618,9622,9619,9620,9621,9617],"class_list":{"0":"post-68465","1":"product","2":"type-product","3":"status-publish","4":"has-post-thumbnail","6":"product_brand-product-all-day-led","7":"product_cat-led-strip-12-volt","8":"product_tag-led-band-12-volt","9":"product_tag-led-band-12-volt-rgb","10":"product_tag-led-band-12v","11":"product_tag-led-band-auto","12":"product_tag-led-band-interieur","13":"product_tag-led-band-rgb","15":"first","16":"instock","17":"taxable","18":"shipping-taxable","19":"purchasable","20":"product-type-simple"},"acf":[],"yoast_head":"<!-- This site is optimized with the Yoast SEO Premium plugin v26.5 (Yoast SEO v27.1.1) - https:\/\/yoast.com\/product\/yoast-seo-premium-wordpress\/ -->\n<title>12 Volt Band RGB 5050 LED&#039;s - IP65 - 2,5 Meter - All Day Led<\/title>\n<meta name=\"description\" content=\"LED Band 12 volt RGB IP65 - Auto-, Camper- und Traktor-Interieur - farbig beleuchteter Raum - mit Silikonschicht - LED Band 12v - extra hell\" \/>\n<meta name=\"robots\" content=\"index, follow, max-snippet:-1, max-image-preview:large, max-video-preview:-1\" \/>\n<link rel=\"canonical\" href=\"https:\/\/www.alldayled.com\/de\/produkt\/led-strip-12-volt-rgb-5050-ip65-25-meter\/\" \/>\n<meta property=\"og:locale\" content=\"de_DE\" \/>\n<meta property=\"og:type\" content=\"article\" \/>\n<meta property=\"og:title\" content=\"12 Volt Band RGB 5050 LED&#039;s - IP65 - 2,5 Meter - All Day Led\" \/>\n<meta property=\"og:description\" content=\"LED Band 12 volt RGB IP65 - Auto-, Camper- und Traktor-Interieur - farbig beleuchteter Raum - mit Silikonschicht - LED Band 12v - extra hell\" \/>\n<meta property=\"og:url\" content=\"https:\/\/www.alldayled.com\/de\/produkt\/led-strip-12-volt-rgb-5050-ip65-25-meter\/\" \/>\n<meta property=\"og:site_name\" content=\"All Day Led\" \/>\n<meta property=\"article:publisher\" content=\"https:\/\/www.facebook.com\/alldayled\/\" \/>\n<meta property=\"article:modified_time\" content=\"2026-03-07T10:16:16+00:00\" \/>\n<meta property=\"og:image\" content=\"https:\/\/www.alldayled.com\/wp-content\/uploads\/2020\/11\/ADL655025-RGB12V.jpg\" \/>\n\t<meta property=\"og:image:width\" content=\"800\" \/>\n\t<meta property=\"og:image:height\" content=\"600\" \/>\n\t<meta property=\"og:image:type\" content=\"image\/jpeg\" \/>\n<meta name=\"twitter:label1\" content=\"Preis\" \/>\n\t<meta name=\"twitter:data1\" content=\"&euro;&nbsp;25,00\" \/>\n\t<meta name=\"twitter:label2\" content=\"Verf\u00fcgbarkeit\" \/>\n\t<meta name=\"twitter:data2\" content=\"Auf Lager\" \/>\n<script type=\"application\/ld+json\" class=\"yoast-schema-graph\">{\"@context\":\"https:\/\/schema.org\",\"@graph\":[{\"@type\":\"WebPage\",\"@id\":\"https:\/\/www.alldayled.com\/de\/produkt\/led-strip-12-volt-rgb-5050-ip65-25-meter\/\",\"url\":\"https:\/\/www.alldayled.com\/de\/produkt\/led-strip-12-volt-rgb-5050-ip65-25-meter\/\",\"name\":\"12 Volt Band RGB 5050 LED's - IP65 - 2,5 Meter - All Day Led\",\"isPartOf\":{\"@id\":\"https:\/\/www.alldayled.com\/de\/#website\"},\"primaryImageOfPage\":{\"@id\":\"https:\/\/www.alldayled.com\/de\/produkt\/led-strip-12-volt-rgb-5050-ip65-25-meter\/#primaryimage\"},\"image\":{\"@id\":\"https:\/\/www.alldayled.com\/de\/produkt\/led-strip-12-volt-rgb-5050-ip65-25-meter\/#primaryimage\"},\"thumbnailUrl\":\"https:\/\/www.alldayled.com\/wp-content\/uploads\/2020\/11\/ADL655025-RGB12V.jpg\",\"datePublished\":\"2020-08-10T15:55:48+00:00\",\"dateModified\":\"2026-03-07T10:16:16+00:00\",\"description\":\"LED Band 12 volt RGB IP65 - Auto-, Camper- und Traktor-Interieur - farbig beleuchteter Raum - mit Silikonschicht - LED Band 12v - extra hell\",\"breadcrumb\":{\"@id\":\"https:\/\/www.alldayled.com\/de\/produkt\/led-strip-12-volt-rgb-5050-ip65-25-meter\/#breadcrumb\"},\"inLanguage\":\"de\",\"potentialAction\":[{\"@type\":\"ReadAction\",\"target\":[\"https:\/\/www.alldayled.com\/de\/produkt\/led-strip-12-volt-rgb-5050-ip65-25-meter\/\"]}]},{\"@type\":\"ImageObject\",\"inLanguage\":\"de\",\"@id\":\"https:\/\/www.alldayled.com\/de\/produkt\/led-strip-12-volt-rgb-5050-ip65-25-meter\/#primaryimage\",\"url\":\"https:\/\/www.alldayled.com\/wp-content\/uploads\/2020\/11\/ADL655025-RGB12V.jpg\",\"contentUrl\":\"https:\/\/www.alldayled.com\/wp-content\/uploads\/2020\/11\/ADL655025-RGB12V.jpg\",\"width\":800,\"height\":600,\"caption\":\"RGB LED Band 12 volt mit Silikonschicht - f\u00fcr Auto, Anh\u00e4nger, Camper, Boot und mehr - EAN: 6090430541529\"},{\"@type\":\"BreadcrumbList\",\"@id\":\"https:\/\/www.alldayled.com\/de\/produkt\/led-strip-12-volt-rgb-5050-ip65-25-meter\/#breadcrumb\",\"itemListElement\":[{\"@type\":\"ListItem\",\"position\":1,\"name\":\"Home\",\"item\":\"https:\/\/www.alldayled.com\/de\/\"},{\"@type\":\"ListItem\",\"position\":2,\"name\":\"Shop\",\"item\":\"https:\/\/www.alldayled.com\/de\/shop\/\"},{\"@type\":\"ListItem\",\"position\":3,\"name\":\"Beleuchtung\",\"item\":\"https:\/\/www.alldayled.com\/de\/produkt-kategorie\/beleuchtung\/\"},{\"@type\":\"ListItem\",\"position\":4,\"name\":\"Beleuchtung 12 Volt\",\"item\":\"https:\/\/www.alldayled.com\/de\/produkt-kategorie\/beleuchtung\/verlichting-12-volt\/\"},{\"@type\":\"ListItem\",\"position\":5,\"name\":\"LED band 12 Volt\",\"item\":\"https:\/\/www.alldayled.com\/de\/produkt-kategorie\/beleuchtung\/verlichting-12-volt\/led-strip-12-volt\/\"},{\"@type\":\"ListItem\",\"position\":6,\"name\":\"LED Band 12 volt RGB 5050 IP65 2,5 Meter\"}]},{\"@type\":\"WebSite\",\"@id\":\"https:\/\/www.alldayled.com\/de\/#website\",\"url\":\"https:\/\/www.alldayled.com\/de\/\",\"name\":\"All Day Led\",\"description\":\"Verlichting voor 12&amp;24 volt gebruik\",\"publisher\":{\"@id\":\"https:\/\/www.alldayled.com\/de\/#organization\"},\"potentialAction\":[{\"@type\":\"SearchAction\",\"target\":{\"@type\":\"EntryPoint\",\"urlTemplate\":\"https:\/\/www.alldayled.com\/de\/?s={search_term_string}\"},\"query-input\":{\"@type\":\"PropertyValueSpecification\",\"valueRequired\":true,\"valueName\":\"search_term_string\"}}],\"inLanguage\":\"de\"},{\"@type\":\"Organization\",\"@id\":\"https:\/\/www.alldayled.com\/de\/#organization\",\"name\":\"All Day Led\",\"url\":\"https:\/\/www.alldayled.com\/de\/\",\"logo\":{\"@type\":\"ImageObject\",\"inLanguage\":\"de\",\"@id\":\"https:\/\/www.alldayled.com\/de\/#\/schema\/logo\/image\/\",\"url\":\"https:\/\/www.alldayled.com\/wp-content\/uploads\/2025\/10\/Logo-ALL-DAY-LED-800x800-zwart-witte-letters.png\",\"contentUrl\":\"https:\/\/www.alldayled.com\/wp-content\/uploads\/2025\/10\/Logo-ALL-DAY-LED-800x800-zwart-witte-letters.png\",\"width\":800,\"height\":800,\"caption\":\"All Day Led\"},\"image\":{\"@id\":\"https:\/\/www.alldayled.com\/de\/#\/schema\/logo\/image\/\"},\"sameAs\":[\"https:\/\/www.facebook.com\/alldayled\/\",\"https:\/\/www.instagram.com\/alldayled\/\"],\"vatID\":\"NL863960133B01\",\"taxID\":\"86416545\"}]}<\/script>\n<meta property=\"product:brand\" content=\"All Day Led\" \/>\n<meta property=\"product:price:amount\" content=\"25.00\" \/>\n<meta property=\"product:price:currency\" content=\"EUR\" \/>\n<meta property=\"og:availability\" content=\"instock\" \/>\n<meta property=\"product:availability\" content=\"instock\" \/>\n<meta property=\"product:retailer_item_id\" content=\"ADL655025-RGB12V\" \/>\n<meta property=\"product:condition\" content=\"new\" \/>\n<!-- \/ Yoast SEO Premium plugin. -->","yoast_head_json":{"title":"12 Volt Band RGB 5050 LED's - IP65 - 2,5 Meter - All Day Led","description":"LED Band 12 volt RGB IP65 - Auto-, Camper- und Traktor-Interieur - farbig beleuchteter Raum - mit Silikonschicht - LED Band 12v - extra hell","robots":{"index":"index","follow":"follow","max-snippet":"max-snippet:-1","max-image-preview":"max-image-preview:large","max-video-preview":"max-video-preview:-1"},"canonical":"https:\/\/www.alldayled.com\/de\/produkt\/led-strip-12-volt-rgb-5050-ip65-25-meter\/","og_locale":"de_DE","og_type":"article","og_title":"12 Volt Band RGB 5050 LED's - IP65 - 2,5 Meter - All Day Led","og_description":"LED Band 12 volt RGB IP65 - Auto-, Camper- und Traktor-Interieur - farbig beleuchteter Raum - mit Silikonschicht - LED Band 12v - extra hell","og_url":"https:\/\/www.alldayled.com\/de\/produkt\/led-strip-12-volt-rgb-5050-ip65-25-meter\/","og_site_name":"All Day Led","article_publisher":"https:\/\/www.facebook.com\/alldayled\/","article_modified_time":"2026-03-07T10:16:16+00:00","og_image":[{"width":800,"height":600,"url":"https:\/\/www.alldayled.com\/wp-content\/uploads\/2020\/11\/ADL655025-RGB12V.jpg","type":"image\/jpeg"}],"twitter_misc":{"Preis":"&euro;&nbsp;25,00","Verf\u00fcgbarkeit":"Auf Lager"},"schema":{"@context":"https:\/\/schema.org","@graph":[{"@type":"WebPage","@id":"https:\/\/www.alldayled.com\/de\/produkt\/led-strip-12-volt-rgb-5050-ip65-25-meter\/","url":"https:\/\/www.alldayled.com\/de\/produkt\/led-strip-12-volt-rgb-5050-ip65-25-meter\/","name":"12 Volt Band RGB 5050 LED's - IP65 - 2,5 Meter - All Day Led","isPartOf":{"@id":"https:\/\/www.alldayled.com\/de\/#website"},"primaryImageOfPage":{"@id":"https:\/\/www.alldayled.com\/de\/produkt\/led-strip-12-volt-rgb-5050-ip65-25-meter\/#primaryimage"},"image":{"@id":"https:\/\/www.alldayled.com\/de\/produkt\/led-strip-12-volt-rgb-5050-ip65-25-meter\/#primaryimage"},"thumbnailUrl":"https:\/\/www.alldayled.com\/wp-content\/uploads\/2020\/11\/ADL655025-RGB12V.jpg","datePublished":"2020-08-10T15:55:48+00:00","dateModified":"2026-03-07T10:16:16+00:00","description":"LED Band 12 volt RGB IP65 - Auto-, Camper- und Traktor-Interieur - farbig beleuchteter Raum - mit Silikonschicht - LED Band 12v - extra hell","breadcrumb":{"@id":"https:\/\/www.alldayled.com\/de\/produkt\/led-strip-12-volt-rgb-5050-ip65-25-meter\/#breadcrumb"},"inLanguage":"de","potentialAction":[{"@type":"ReadAction","target":["https:\/\/www.alldayled.com\/de\/produkt\/led-strip-12-volt-rgb-5050-ip65-25-meter\/"]}]},{"@type":"ImageObject","inLanguage":"de","@id":"https:\/\/www.alldayled.com\/de\/produkt\/led-strip-12-volt-rgb-5050-ip65-25-meter\/#primaryimage","url":"https:\/\/www.alldayled.com\/wp-content\/uploads\/2020\/11\/ADL655025-RGB12V.jpg","contentUrl":"https:\/\/www.alldayled.com\/wp-content\/uploads\/2020\/11\/ADL655025-RGB12V.jpg","width":800,"height":600,"caption":"RGB LED Band 12 volt mit Silikonschicht - f\u00fcr Auto, Anh\u00e4nger, Camper, Boot und mehr - EAN: 6090430541529"},{"@type":"BreadcrumbList","@id":"https:\/\/www.alldayled.com\/de\/produkt\/led-strip-12-volt-rgb-5050-ip65-25-meter\/#breadcrumb","itemListElement":[{"@type":"ListItem","position":1,"name":"Home","item":"https:\/\/www.alldayled.com\/de\/"},{"@type":"ListItem","position":2,"name":"Shop","item":"https:\/\/www.alldayled.com\/de\/shop\/"},{"@type":"ListItem","position":3,"name":"Beleuchtung","item":"https:\/\/www.alldayled.com\/de\/produkt-kategorie\/beleuchtung\/"},{"@type":"ListItem","position":4,"name":"Beleuchtung 12 Volt","item":"https:\/\/www.alldayled.com\/de\/produkt-kategorie\/beleuchtung\/verlichting-12-volt\/"},{"@type":"ListItem","position":5,"name":"LED band 12 Volt","item":"https:\/\/www.alldayled.com\/de\/produkt-kategorie\/beleuchtung\/verlichting-12-volt\/led-strip-12-volt\/"},{"@type":"ListItem","position":6,"name":"LED Band 12 volt RGB 5050 IP65 2,5 Meter"}]},{"@type":"WebSite","@id":"https:\/\/www.alldayled.com\/de\/#website","url":"https:\/\/www.alldayled.com\/de\/","name":"All Day Led","description":"Verlichting voor 12&amp;24 volt gebruik","publisher":{"@id":"https:\/\/www.alldayled.com\/de\/#organization"},"potentialAction":[{"@type":"SearchAction","target":{"@type":"EntryPoint","urlTemplate":"https:\/\/www.alldayled.com\/de\/?s={search_term_string}"},"query-input":{"@type":"PropertyValueSpecification","valueRequired":true,"valueName":"search_term_string"}}],"inLanguage":"de"},{"@type":"Organization","@id":"https:\/\/www.alldayled.com\/de\/#organization","name":"All Day Led","url":"https:\/\/www.alldayled.com\/de\/","logo":{"@type":"ImageObject","inLanguage":"de","@id":"https:\/\/www.alldayled.com\/de\/#\/schema\/logo\/image\/","url":"https:\/\/www.alldayled.com\/wp-content\/uploads\/2025\/10\/Logo-ALL-DAY-LED-800x800-zwart-witte-letters.png","contentUrl":"https:\/\/www.alldayled.com\/wp-content\/uploads\/2025\/10\/Logo-ALL-DAY-LED-800x800-zwart-witte-letters.png","width":800,"height":800,"caption":"All Day Led"},"image":{"@id":"https:\/\/www.alldayled.com\/de\/#\/schema\/logo\/image\/"},"sameAs":["https:\/\/www.facebook.com\/alldayled\/","https:\/\/www.instagram.com\/alldayled\/"],"vatID":"NL863960133B01","taxID":"86416545"}]},"product_brand":"All Day Led","product_price_amount":"25.00","product_price_currency":"EUR","og_availability":"instock","product_availability":"instock","product_retailer_item_id":"ADL655025-RGB12V","product_condition":"new"},"_links":{"self":[{"href":"https:\/\/www.alldayled.com\/de\/wp-json\/wp\/v2\/product\/68465","targetHints":{"allow":["GET"]}}],"collection":[{"href":"https:\/\/www.alldayled.com\/de\/wp-json\/wp\/v2\/product"}],"about":[{"href":"https:\/\/www.alldayled.com\/de\/wp-json\/wp\/v2\/types\/product"}],"replies":[{"embeddable":true,"href":"https:\/\/www.alldayled.com\/de\/wp-json\/wp\/v2\/comments?post=68465"}],"wp:featuredmedia":[{"embeddable":true,"href":"https:\/\/www.alldayled.com\/de\/wp-json\/wp\/v2\/media\/18030"}],"wp:attachment":[{"href":"https:\/\/www.alldayled.com\/de\/wp-json\/wp\/v2\/media?parent=68465"}],"wp:term":[{"taxonomy":"product_brand","embeddable":true,"href":"https:\/\/www.alldayled.com\/de\/wp-json\/wp\/v2\/product_brand?post=68465"},{"taxonomy":"product_cat","embeddable":true,"href":"https:\/\/www.alldayled.com\/de\/wp-json\/wp\/v2\/product_cat?post=68465"},{"taxonomy":"product_tag","embeddable":true,"href":"https:\/\/www.alldayled.com\/de\/wp-json\/wp\/v2\/product_tag?post=68465"}],"curies":[{"name":"wp","href":"https:\/\/api.w.org\/{rel}","templated":true}]}}