{"id":68502,"date":"2025-02-06T13:28:57","date_gmt":"2025-02-06T12:28:57","guid":{"rendered":"https:\/\/www.alldayled.com\/product\/strands-siberia-xp-led-bar-drc-22\/"},"modified":"2026-01-15T15:57:04","modified_gmt":"2026-01-15T14:57:04","slug":"strands-siberia-xp-led-bar-drc-22","status":"publish","type":"product","link":"https:\/\/www.alldayled.com\/de\/produkt\/strands-siberia-xp-led-bar-drc-22\/","title":{"rendered":"Strands Siberia XP LED bar DRC &#8211; 22\u2033"},"content":{"rendered":"<p><span style=\"color: #000000;\"><strong>Strands Siberia XP LED bar DRC 22 Zoll, f\u00fcr 12- und 24-Volt-Betrieb.<\/strong><\/span><\/p>\n<p><span style=\"color: #000000;\">M\u00f6chtest du dein Fahrzeug mit einer leistungsstarken und stilvollen Beleuchtung ausstatten? Dann ist die Strands Siberia XP LED bar DRC 22 Zoll genau das Richtige f\u00fcr dich! Dank des gebogenen Designs (Curved Design) passt sich diese LED bar perfekt den Linien deines Autos, LKWs, SUVs, Wohnmobils oder Traktors an. Dies sorgt nicht nur f\u00fcr ein schlankes und modernes Aussehen, sondern auch f\u00fcr ein breites und gleichm\u00e4\u00dfiges Lichtbild. Dar\u00fcber hinaus kannst du mit der DUAL COLOR Standlichtfunktion einfach zwischen wei\u00dfem und gelbem Licht wechseln, sodass du die Beleuchtung ganz nach deinen W\u00fcnschen anpassen kannst.    <\/span><\/p>\n<p><span style=\"color: #000000;\">Diese robuste LED bar ist so konzipiert, dass sie den h\u00e4rtesten Bedingungen standh\u00e4lt. Das Geh\u00e4use aus hochwertigem Aluminium und die schlagfeste Polycarbonatlinse machen die Lampe langlebig und widerstandsf\u00e4hig gegen raue Wetterbedingungen. Geeignet f\u00fcr sowohl 12 Volt als auch 24 Volt, wodurch du sie an verschiedenen Fahrzeugtypen montieren kannst. Kurz gesagt, egal ob du zus\u00e4tzliche Sichtbarkeit beim Fahren suchst oder einfach nur ein cooles Upgrade m\u00f6chtest, mit der Strands Siberia XP LED bar DRC 22 Zoll bist du immer gut beraten!   <\/span><\/p>\n<h5><span style=\"color: #000000;\"><strong>Abmessungen:<\/strong><\/span><\/h5>\n<p><span style=\"color: #000000;\">Wenn du die LED bar an der perfekten Stelle montieren m\u00f6chtest, ist es wichtig, die richtigen Abmessungen zu kennen. So stellst du sicher, dass sie passt und optimal zur Geltung kommt. Die Strands Siberia XP LED bar Double Row Curved 22 Zoll hat die folgenden Abmessungen:  <\/span><\/p>\n<ul>\n<li><span style=\"color: #000000;\">H\u00f6he: 76 mm (96,6 mm inkl. Befestigung)<\/span><\/li>\n<li><span style=\"color: #000000;\">Breite: 566,8 mm<\/span><\/li>\n<li><span style=\"color: #000000;\">Dicke: 83,4 mm<\/span><\/li>\n<\/ul>\n<p><span style=\"color: #000000;\">Achtung, die Strands Siberia XP LED-Lampe wird standardm\u00e4\u00dfig mit einem Satz Befestigungsb\u00fcgel geliefert. Mit diesen B\u00fcgeln kannst du die Lampe \u00fcber die R\u00fcckseite montieren. Um dir ein deutliches Bild davon zu geben, was wir meinen, empfehlen wir dir, dir kurz Abbildung 6 anzusehen.  <\/span><\/p>\n<h5><span style=\"color: #000000;\"><strong>Weitere Abmessungen: <\/strong><\/span><\/h5>\n<p><span style=\"color: #000000;\">M\u00f6chtest du gerne eine LED bar an deinem Auto, SUV, Wohnmobil oder LKW anbringen, aber die Strands Siberia XP LED bar Double Row Curved 22 Zoll ist nicht genau das, was du suchst? Vielleicht ist die L\u00e4nge nicht ideal f\u00fcr dein Fahrzeug. Gl\u00fccklicherweise hat Strands diese leistungsstarke LED bar in mehreren Abmessungen, sodass du immer eine Gr\u00f6\u00dfe findest, die perfekt zu deiner Anwendung passt. Sieh dir unten die verschiedenen Optionen an.   <\/span><\/p>\n<ul>\n<li><span style=\"color: #000000;\"><a style=\"color: #000000;\" href=\"https:\/\/www.alldayled.com\/de\/produkt\/strands-siberia-xp-led-bar-drc-32\/\"><strong>Siberia XP DRC 32 Zoll<\/strong><\/a><\/span><\/li>\n<li><span style=\"color: #000000;\"><a style=\"color: #000000;\" href=\"https:\/\/www.alldayled.com\/de\/produkt\/strands-siberia-xp-led-bar-drc-42\/\"><strong>Siberia XP DRC 42 Zoll<\/strong><\/a><\/span><\/li>\n<li><span style=\"color: #000000;\"><a style=\"color: #000000;\" href=\"https:\/\/www.alldayled.com\/de\/produkt\/strands-siberia-xp-led-bar-drc-50\/\"><strong>Siberia XP DRC 50 Zoll<\/strong><\/a><\/span><\/li>\n<\/ul>\n<p><span style=\"color: #000000;\">Hast du alle Informationen durchgelesen, bist aber immer noch unsicher, ob dies die richtige Lampe f\u00fcr dich ist? Vielleicht entsprechen die Lichtleistung, die Wattzahl oder die Form der Strands Siberia XP LED bar Double Row Curved 22 Zoll nicht ganz deinen W\u00fcnschen.  Kein Problem! Sehen Sie sich hier das gesamte <a style=\"color: #000000;\" href=\"https:\/\/www.alldayled.com\/merkk\/product-strands-lighting-division\/\">Strands<\/a>-Sortiment an und entdecken Sie, ob dort das perfekte Modell f\u00fcr Ihr Fahrzeug dabei ist.<\/span><\/p>\n","protected":false},"excerpt":{"rendered":"<p>Strands Siberia XP LED bar 22 Zoll Double Row Curved, mit gelb &#8211; wei\u00dfem Standlicht.<\/p>\n","protected":false},"featured_media":34404,"comment_status":"open","ping_status":"closed","template":"","meta":{"_acf_changed":false},"product_brand":[5114],"product_cat":[5386,5359],"product_tag":[9161,9162,9163,9164,9075,9079,9077,9078,9076,9057,9074,9066,9064,9065,9165,9080],"class_list":{"0":"post-68502","1":"product","2":"type-product","3":"status-publish","4":"has-post-thumbnail","6":"product_brand-product-strands-lighting-division","7":"product_cat-led-bar","8":"product_cat-strands-siberia","9":"product_tag-led-bar","10":"product_tag-led-bar-auto","11":"product_tag-led-bar-lkw","12":"product_tag-led-scheinwerfer","13":"product_tag-led-scheinwerfer-auto","14":"product_tag-led-scheinwerfer-lkw","15":"product_tag-led-scheinwerfer-tonabnehmer","16":"product_tag-led-scheinwerfer-traktor","17":"product_tag-led-scheinwerfer-wohnmobil","18":"product_tag-led-arbeitsleuchte","19":"product_tag-scheinwerfer-mit-stadtlicht","20":"product_tag-strands-led-arbeitsleuchte","21":"product_tag-strands-led-beleuchtung","22":"product_tag-strands-lighting-division","23":"product_tag-strands-siberia-led-bar","24":"product_tag-strands-siberia-scheinwerfer","26":"first","27":"instock","28":"taxable","29":"shipping-taxable","30":"purchasable","31":"product-type-simple"},"acf":[],"yoast_head":"<!-- This site is optimized with the Yoast SEO Premium plugin v26.5 (Yoast SEO v27.1.1) - https:\/\/yoast.com\/product\/yoast-seo-premium-wordpress\/ -->\n<title>Strands Siberia XP DRC 22 - Strands Lighting Division - All Day Led - f\u00fcr 12&amp;24V<\/title>\n<meta name=\"description\" content=\"Strands Siberia XP LED bar DRC 22 Zoll - LED-Balken mit Aluminiumgeh\u00e4use und IP68\/69K-Pr\u00fcfzeichen - Curved Design - Strands 809431\" \/>\n<meta name=\"robots\" content=\"index, follow, max-snippet:-1, max-image-preview:large, max-video-preview:-1\" \/>\n<link rel=\"canonical\" href=\"https:\/\/www.alldayled.com\/de\/produkt\/strands-siberia-xp-led-bar-drc-22\/\" \/>\n<meta property=\"og:locale\" content=\"de_DE\" \/>\n<meta property=\"og:type\" content=\"article\" \/>\n<meta property=\"og:title\" content=\"Strands Siberia XP DRC 22 - Strands Lighting Division - All Day Led - f\u00fcr 12&amp;24V\" \/>\n<meta property=\"og:description\" content=\"Strands Siberia XP LED bar DRC 22 Zoll - LED-Balken mit Aluminiumgeh\u00e4use und IP68\/69K-Pr\u00fcfzeichen - Curved Design - Strands 809431\" \/>\n<meta property=\"og:url\" content=\"https:\/\/www.alldayled.com\/de\/produkt\/strands-siberia-xp-led-bar-drc-22\/\" \/>\n<meta property=\"og:site_name\" content=\"All Day Led\" \/>\n<meta property=\"article:publisher\" content=\"https:\/\/www.facebook.com\/alldayled\/\" \/>\n<meta property=\"article:modified_time\" content=\"2026-01-15T14:57:04+00:00\" \/>\n<meta property=\"og:image\" content=\"https:\/\/www.alldayled.com\/wp-content\/uploads\/2025\/03\/ADL809431.01-300x300.png\" \/>\n<meta name=\"twitter:label1\" content=\"Preis\" \/>\n\t<meta name=\"twitter:data1\" content=\"&euro;&nbsp;359,00\" \/>\n\t<meta name=\"twitter:label2\" content=\"Verf\u00fcgbarkeit\" \/>\n\t<meta name=\"twitter:data2\" content=\"Auf Lager\" \/>\n<script type=\"application\/ld+json\" class=\"yoast-schema-graph\">{\"@context\":\"https:\/\/schema.org\",\"@graph\":[{\"@type\":\"WebPage\",\"@id\":\"https:\/\/www.alldayled.com\/de\/produkt\/strands-siberia-xp-led-bar-drc-22\/\",\"url\":\"https:\/\/www.alldayled.com\/de\/produkt\/strands-siberia-xp-led-bar-drc-22\/\",\"name\":\"Strands Siberia XP DRC 22 - Strands Lighting Division - All Day Led - f\u00fcr 12&24V\",\"isPartOf\":{\"@id\":\"https:\/\/www.alldayled.com\/de\/#website\"},\"primaryImageOfPage\":{\"@id\":\"https:\/\/www.alldayled.com\/de\/produkt\/strands-siberia-xp-led-bar-drc-22\/#primaryimage\"},\"image\":{\"@id\":\"https:\/\/www.alldayled.com\/de\/produkt\/strands-siberia-xp-led-bar-drc-22\/#primaryimage\"},\"thumbnailUrl\":\"https:\/\/www.alldayled.com\/wp-content\/uploads\/2025\/02\/ADL809431.png\",\"datePublished\":\"2025-02-06T12:28:57+00:00\",\"dateModified\":\"2026-01-15T14:57:04+00:00\",\"description\":\"Strands Siberia XP LED bar DRC 22 Zoll - LED-Balken mit Aluminiumgeh\u00e4use und IP68\/69K-Pr\u00fcfzeichen - Curved Design - Strands 809431\",\"breadcrumb\":{\"@id\":\"https:\/\/www.alldayled.com\/de\/produkt\/strands-siberia-xp-led-bar-drc-22\/#breadcrumb\"},\"inLanguage\":\"de\",\"potentialAction\":[{\"@type\":\"ReadAction\",\"target\":[\"https:\/\/www.alldayled.com\/de\/produkt\/strands-siberia-xp-led-bar-drc-22\/\"]}]},{\"@type\":\"ImageObject\",\"inLanguage\":\"de\",\"@id\":\"https:\/\/www.alldayled.com\/de\/produkt\/strands-siberia-xp-led-bar-drc-22\/#primaryimage\",\"url\":\"https:\/\/www.alldayled.com\/wp-content\/uploads\/2025\/02\/ADL809431.png\",\"contentUrl\":\"https:\/\/www.alldayled.com\/wp-content\/uploads\/2025\/02\/ADL809431.png\",\"width\":800,\"height\":600,\"caption\":\"Strands Siberia XP LED bar DRC 22 Zoll - gebogener LED-Balken mit 2-farbigem Standlicht GELB \/ WEISS, der f\u00fcr 12- und \/ oder 24-Volt-Betrieb geeignet ist - Strands 809431 - SIBERIA XP DRC LED BAR 22\u2033 - EAN: 7323030192778\"},{\"@type\":\"BreadcrumbList\",\"@id\":\"https:\/\/www.alldayled.com\/de\/produkt\/strands-siberia-xp-led-bar-drc-22\/#breadcrumb\",\"itemListElement\":[{\"@type\":\"ListItem\",\"position\":1,\"name\":\"Home\",\"item\":\"https:\/\/www.alldayled.com\/de\/\"},{\"@type\":\"ListItem\",\"position\":2,\"name\":\"Shop\",\"item\":\"https:\/\/www.alldayled.com\/de\/shop\/\"},{\"@type\":\"ListItem\",\"position\":3,\"name\":\"Scheinwerfer\",\"item\":\"https:\/\/www.alldayled.com\/de\/produkt-kategorie\/scheinwerfer\/\"},{\"@type\":\"ListItem\",\"position\":4,\"name\":\"LED Bar\",\"item\":\"https:\/\/www.alldayled.com\/de\/produkt-kategorie\/scheinwerfer\/led-bar\/\"},{\"@type\":\"ListItem\",\"position\":5,\"name\":\"Strands Siberia XP LED bar DRC &#8211; 22\u2033\"}]},{\"@type\":\"WebSite\",\"@id\":\"https:\/\/www.alldayled.com\/de\/#website\",\"url\":\"https:\/\/www.alldayled.com\/de\/\",\"name\":\"All Day Led\",\"description\":\"Verlichting voor 12&amp;24 volt gebruik\",\"publisher\":{\"@id\":\"https:\/\/www.alldayled.com\/de\/#organization\"},\"potentialAction\":[{\"@type\":\"SearchAction\",\"target\":{\"@type\":\"EntryPoint\",\"urlTemplate\":\"https:\/\/www.alldayled.com\/de\/?s={search_term_string}\"},\"query-input\":{\"@type\":\"PropertyValueSpecification\",\"valueRequired\":true,\"valueName\":\"search_term_string\"}}],\"inLanguage\":\"de\"},{\"@type\":\"Organization\",\"@id\":\"https:\/\/www.alldayled.com\/de\/#organization\",\"name\":\"All Day Led\",\"url\":\"https:\/\/www.alldayled.com\/de\/\",\"logo\":{\"@type\":\"ImageObject\",\"inLanguage\":\"de\",\"@id\":\"https:\/\/www.alldayled.com\/de\/#\/schema\/logo\/image\/\",\"url\":\"https:\/\/www.alldayled.com\/wp-content\/uploads\/2025\/10\/Logo-ALL-DAY-LED-800x800-zwart-witte-letters.png\",\"contentUrl\":\"https:\/\/www.alldayled.com\/wp-content\/uploads\/2025\/10\/Logo-ALL-DAY-LED-800x800-zwart-witte-letters.png\",\"width\":800,\"height\":800,\"caption\":\"All Day Led\"},\"image\":{\"@id\":\"https:\/\/www.alldayled.com\/de\/#\/schema\/logo\/image\/\"},\"sameAs\":[\"https:\/\/www.facebook.com\/alldayled\/\",\"https:\/\/www.instagram.com\/alldayled\/\"],\"vatID\":\"NL863960133B01\",\"taxID\":\"86416545\"}]}<\/script>\n<meta property=\"product:brand\" content=\"Strands\" \/>\n<meta property=\"product:price:amount\" content=\"359.00\" \/>\n<meta property=\"product:price:currency\" content=\"EUR\" \/>\n<meta property=\"og:availability\" content=\"instock\" \/>\n<meta property=\"product:availability\" content=\"instock\" \/>\n<meta property=\"product:retailer_item_id\" content=\"ADL809431\" \/>\n<meta property=\"product:condition\" content=\"new\" \/>\n<!-- \/ Yoast SEO Premium plugin. -->","yoast_head_json":{"title":"Strands Siberia XP DRC 22 - Strands Lighting Division - All Day Led - f\u00fcr 12&24V","description":"Strands Siberia XP LED bar DRC 22 Zoll - LED-Balken mit Aluminiumgeh\u00e4use und IP68\/69K-Pr\u00fcfzeichen - Curved Design - Strands 809431","robots":{"index":"index","follow":"follow","max-snippet":"max-snippet:-1","max-image-preview":"max-image-preview:large","max-video-preview":"max-video-preview:-1"},"canonical":"https:\/\/www.alldayled.com\/de\/produkt\/strands-siberia-xp-led-bar-drc-22\/","og_locale":"de_DE","og_type":"article","og_title":"Strands Siberia XP DRC 22 - Strands Lighting Division - All Day Led - f\u00fcr 12&24V","og_description":"Strands Siberia XP LED bar DRC 22 Zoll - LED-Balken mit Aluminiumgeh\u00e4use und IP68\/69K-Pr\u00fcfzeichen - Curved Design - Strands 809431","og_url":"https:\/\/www.alldayled.com\/de\/produkt\/strands-siberia-xp-led-bar-drc-22\/","og_site_name":"All Day Led","article_publisher":"https:\/\/www.facebook.com\/alldayled\/","article_modified_time":"2026-01-15T14:57:04+00:00","og_image":[{"url":"https:\/\/www.alldayled.com\/wp-content\/uploads\/2025\/03\/ADL809431.01-300x300.png","type":"","width":"","height":""}],"twitter_misc":{"Preis":"&euro;&nbsp;359,00","Verf\u00fcgbarkeit":"Auf Lager"},"schema":{"@context":"https:\/\/schema.org","@graph":[{"@type":"WebPage","@id":"https:\/\/www.alldayled.com\/de\/produkt\/strands-siberia-xp-led-bar-drc-22\/","url":"https:\/\/www.alldayled.com\/de\/produkt\/strands-siberia-xp-led-bar-drc-22\/","name":"Strands Siberia XP DRC 22 - Strands Lighting Division - All Day Led - f\u00fcr 12&24V","isPartOf":{"@id":"https:\/\/www.alldayled.com\/de\/#website"},"primaryImageOfPage":{"@id":"https:\/\/www.alldayled.com\/de\/produkt\/strands-siberia-xp-led-bar-drc-22\/#primaryimage"},"image":{"@id":"https:\/\/www.alldayled.com\/de\/produkt\/strands-siberia-xp-led-bar-drc-22\/#primaryimage"},"thumbnailUrl":"https:\/\/www.alldayled.com\/wp-content\/uploads\/2025\/02\/ADL809431.png","datePublished":"2025-02-06T12:28:57+00:00","dateModified":"2026-01-15T14:57:04+00:00","description":"Strands Siberia XP LED bar DRC 22 Zoll - LED-Balken mit Aluminiumgeh\u00e4use und IP68\/69K-Pr\u00fcfzeichen - Curved Design - Strands 809431","breadcrumb":{"@id":"https:\/\/www.alldayled.com\/de\/produkt\/strands-siberia-xp-led-bar-drc-22\/#breadcrumb"},"inLanguage":"de","potentialAction":[{"@type":"ReadAction","target":["https:\/\/www.alldayled.com\/de\/produkt\/strands-siberia-xp-led-bar-drc-22\/"]}]},{"@type":"ImageObject","inLanguage":"de","@id":"https:\/\/www.alldayled.com\/de\/produkt\/strands-siberia-xp-led-bar-drc-22\/#primaryimage","url":"https:\/\/www.alldayled.com\/wp-content\/uploads\/2025\/02\/ADL809431.png","contentUrl":"https:\/\/www.alldayled.com\/wp-content\/uploads\/2025\/02\/ADL809431.png","width":800,"height":600,"caption":"Strands Siberia XP LED bar DRC 22 Zoll - gebogener LED-Balken mit 2-farbigem Standlicht GELB \/ WEISS, der f\u00fcr 12- und \/ oder 24-Volt-Betrieb geeignet ist - Strands 809431 - SIBERIA XP DRC LED BAR 22\u2033 - EAN: 7323030192778"},{"@type":"BreadcrumbList","@id":"https:\/\/www.alldayled.com\/de\/produkt\/strands-siberia-xp-led-bar-drc-22\/#breadcrumb","itemListElement":[{"@type":"ListItem","position":1,"name":"Home","item":"https:\/\/www.alldayled.com\/de\/"},{"@type":"ListItem","position":2,"name":"Shop","item":"https:\/\/www.alldayled.com\/de\/shop\/"},{"@type":"ListItem","position":3,"name":"Scheinwerfer","item":"https:\/\/www.alldayled.com\/de\/produkt-kategorie\/scheinwerfer\/"},{"@type":"ListItem","position":4,"name":"LED Bar","item":"https:\/\/www.alldayled.com\/de\/produkt-kategorie\/scheinwerfer\/led-bar\/"},{"@type":"ListItem","position":5,"name":"Strands Siberia XP LED bar DRC &#8211; 22\u2033"}]},{"@type":"WebSite","@id":"https:\/\/www.alldayled.com\/de\/#website","url":"https:\/\/www.alldayled.com\/de\/","name":"All Day Led","description":"Verlichting voor 12&amp;24 volt gebruik","publisher":{"@id":"https:\/\/www.alldayled.com\/de\/#organization"},"potentialAction":[{"@type":"SearchAction","target":{"@type":"EntryPoint","urlTemplate":"https:\/\/www.alldayled.com\/de\/?s={search_term_string}"},"query-input":{"@type":"PropertyValueSpecification","valueRequired":true,"valueName":"search_term_string"}}],"inLanguage":"de"},{"@type":"Organization","@id":"https:\/\/www.alldayled.com\/de\/#organization","name":"All Day Led","url":"https:\/\/www.alldayled.com\/de\/","logo":{"@type":"ImageObject","inLanguage":"de","@id":"https:\/\/www.alldayled.com\/de\/#\/schema\/logo\/image\/","url":"https:\/\/www.alldayled.com\/wp-content\/uploads\/2025\/10\/Logo-ALL-DAY-LED-800x800-zwart-witte-letters.png","contentUrl":"https:\/\/www.alldayled.com\/wp-content\/uploads\/2025\/10\/Logo-ALL-DAY-LED-800x800-zwart-witte-letters.png","width":800,"height":800,"caption":"All Day Led"},"image":{"@id":"https:\/\/www.alldayled.com\/de\/#\/schema\/logo\/image\/"},"sameAs":["https:\/\/www.facebook.com\/alldayled\/","https:\/\/www.instagram.com\/alldayled\/"],"vatID":"NL863960133B01","taxID":"86416545"}]},"product_brand":"Strands","product_price_amount":"359.00","product_price_currency":"EUR","og_availability":"instock","product_availability":"instock","product_retailer_item_id":"ADL809431","product_condition":"new"},"_links":{"self":[{"href":"https:\/\/www.alldayled.com\/de\/wp-json\/wp\/v2\/product\/68502","targetHints":{"allow":["GET"]}}],"collection":[{"href":"https:\/\/www.alldayled.com\/de\/wp-json\/wp\/v2\/product"}],"about":[{"href":"https:\/\/www.alldayled.com\/de\/wp-json\/wp\/v2\/types\/product"}],"replies":[{"embeddable":true,"href":"https:\/\/www.alldayled.com\/de\/wp-json\/wp\/v2\/comments?post=68502"}],"wp:featuredmedia":[{"embeddable":true,"href":"https:\/\/www.alldayled.com\/de\/wp-json\/wp\/v2\/media\/34404"}],"wp:attachment":[{"href":"https:\/\/www.alldayled.com\/de\/wp-json\/wp\/v2\/media?parent=68502"}],"wp:term":[{"taxonomy":"product_brand","embeddable":true,"href":"https:\/\/www.alldayled.com\/de\/wp-json\/wp\/v2\/product_brand?post=68502"},{"taxonomy":"product_cat","embeddable":true,"href":"https:\/\/www.alldayled.com\/de\/wp-json\/wp\/v2\/product_cat?post=68502"},{"taxonomy":"product_tag","embeddable":true,"href":"https:\/\/www.alldayled.com\/de\/wp-json\/wp\/v2\/product_tag?post=68502"}],"curies":[{"name":"wp","href":"https:\/\/api.w.org\/{rel}","templated":true}]}}