{"id":68516,"date":"2025-01-17T10:13:01","date_gmt":"2025-01-17T09:13:01","guid":{"rendered":"https:\/\/www.alldayled.com\/product\/strands-siberia-xp-led-bar-sr-32\/"},"modified":"2026-01-15T17:11:19","modified_gmt":"2026-01-15T16:11:19","slug":"strands-siberia-xp-led-bar-sr-32","status":"publish","type":"product","link":"https:\/\/www.alldayled.com\/de\/produkt\/strands-siberia-xp-led-bar-sr-32\/","title":{"rendered":"Strands Siberia XP LED bar SR &#8211; 32\u2033"},"content":{"rendered":"<p><span style=\"color: #000000;\"><strong>Strands Siberia XP LED bar Single Row 32 Zoll, f\u00fcr 12 und 24 Volt.<\/strong><\/span><\/p>\n<p><span style=\"color: #000000;\">M\u00f6chten Sie Ihr Auto, Ihren SUV, Ihr Wohnmobil oder Ihren LKW mit einer sch\u00f6nen LED bar ausstatten, wissen aber nicht, welche Lampe Sie suchen? Vielleicht ist die Strands Siberia XP LED bar Single Row 32 Zoll die Lampe, die Sie suchen. Diese LED bar ist mit einem DUAL COLOR-Positionslicht ausgestattet, das auf WEISS oder GELB eingestellt werden kann. Au\u00dferdem funktioniert die LED bar mit 12 und 24 Volt und ist mit ECE R148 und R149 ausgestattet. Das bedeutet, dass Sie die LED bar beispielsweise f\u00fcr Ihr Auto, Ihren LKW, Ihr Wohnmobil oder ein anderes Fahrzeug verwenden k\u00f6nnen.    <\/span><\/p>\n<p><span style=\"color: #000000;\">Da Sie vor dem Kauf sicher sein wollen, dass dies die Lampe ist, die Sie suchen. Deshalb haben wir unten einige Spezifikationen der Lampe aufgef\u00fchrt. All dies, um deutlich zu machen, warum dies vielleicht die Lampe ist, die Sie suchen. Die wichtigste Eigenschaft dieser LED bar ist, dass sie mit dem ECE R148- und R149-Pr\u00fcfzeichen versehen ist. Diese beiden Kennzeichen zeigen an, dass die LED-Lampe vollst\u00e4ndig f\u00fcr den \u00f6ffentlichen Stra\u00dfenverkehr zugelassen ist. Au\u00dferdem ist es gut zu wissen, dass die Strands Siberia XP LED bar Single Row 32 Zoll aus Aluminium gefertigt und mit einer Polycarbonatlinse versehen ist. All dies macht die Lampe \u00e4u\u00dferst geeignet f\u00fcr verschiedene Fahrzeuge.    <\/span><\/p>\n<h5><span style=\"color: #000000;\"><strong>Abmessungen:<\/strong><\/span><\/h5>\n<p><span style=\"color: #000000;\">Da Sie sicher sein wollen, dass die Lampe dort passt, wo Sie sie montieren m\u00f6chten, ist es wichtig, die Abmessungen zu kennen. Die Abmessungen der Strands Siberia XP LED bar Single Row 32 Zoll sind wie folgt: <\/span><\/p>\n<ul>\n<li><span style=\"color: #000000;\">H\u00f6he: 45 mm (64,5 mm inkl. Befestigung)<\/span><\/li>\n<li><span style=\"color: #000000;\">Breite: 814,7 mm<\/span><\/li>\n<li><span style=\"color: #000000;\">Dicke: 55,5 mm<\/span><\/li>\n<\/ul>\n<p><span style=\"color: #000000;\">Achtung, die Strands Siberia XP LED Lampe wird standardm\u00e4\u00dfig mit einem Satz Befestigungsb\u00fcgel geliefert. Mit diesen B\u00fcgeln kannst du die Lampe von der R\u00fcckseite montieren. Um dir ein klares Bild davon zu vermitteln, was wir meinen, empfehlen wir dir, dir kurz Abbildung 8 anzusehen.  <\/span><\/p>\n<h5><span style=\"color: #000000;\"><strong>Weitere Abmessungen: <\/strong><\/span><\/h5>\n<p><span style=\"color: #000000;\">M\u00f6chten Sie Ihr Auto, Ihren SUV, Ihr Wohnmobil oder Ihren LKW mit einer LED bar ausstatten? Aber ist die Strands Siberia XP LED bar Single Row 32\u2033 nicht die Lampe, die Sie suchen? Einfach, weil die L\u00e4nge nicht Ihren W\u00fcnschen entspricht? Dann wissen Sie, dass Strands diese LED bar auch in verschiedenen Gr\u00f6\u00dfen anbietet. Nachfolgend finden Sie einige andere M\u00f6glichkeiten:     <\/span><\/p>\n<ul>\n<li><span style=\"color: #000000;\"><a style=\"color: #000000;\" href=\"https:\/\/www.alldayled.com\/de\/produkt\/strands-siberia-xp-led-bar-sr-12\/\"><strong>Siberia XP SR 12 Zoll<\/strong><\/a><\/span><\/li>\n<li><span style=\"color: #000000;\"><a style=\"color: #000000;\" href=\"https:\/\/www.alldayled.com\/de\/produkt\/strands-siberia-xp-led-bar-sr-22\/\"><strong>Siberia XP SR 22 Zoll<\/strong><\/a><\/span><\/li>\n<li><span style=\"color: #000000;\"><a style=\"color: #000000;\" href=\"https:\/\/www.alldayled.com\/de\/produkt\/strands-siberia-xp-led-bar-sr-42\/\"><strong>Siberia XP SR 42 Zoll<\/strong><\/a><\/span><\/li>\n<li><span style=\"color: #000000;\"><a style=\"color: #000000;\" href=\"https:\/\/www.alldayled.com\/de\/produkt\/strands-siberia-xp-led-bar-sr-50\/\"><strong>Siberia XP SR 50 Zoll<\/strong><\/a><\/span><\/li>\n<\/ul>\n<p><span style=\"color: #000000;\">Sind Sie nach dem Lesen der obigen Informationen immer noch nicht davon \u00fcberzeugt, dass dies die Lampe ist, die Sie suchen? Einfach, weil die Lichtleistung, die Wattzahl oder die Form der Strands Siberia XP LED bar Single Row 32 Zoll nicht Ihren W\u00fcnschen entspricht? Dann sehen Sie sich hier das komplette Angebot von <a style=\"color: #000000;\" href=\"https:\/\/www.alldayled.com\/de\/marke\/product-strands-lighting-division\/\" target=\"_blank\" rel=\"noopener\">Strands<\/a> an. Vielleicht finden Sie hier das Lampenmodell, das Sie suchen.    <\/span><\/p>\n","protected":false},"excerpt":{"rendered":"<p>Strands Siberia XP LED bar Single Row 32 Zoll, mit gelbem und wei\u00dfem Standlicht.<\/p>\n","protected":false},"featured_media":33237,"comment_status":"open","ping_status":"closed","template":"","meta":{"_acf_changed":false},"product_brand":[5114],"product_cat":[5386,5359],"product_tag":[9161,9162,9163,9164,9075,9079,9077,9078,9076,9057,9074,9066,9064,9065,9165,9080],"class_list":{"0":"post-68516","1":"product","2":"type-product","3":"status-publish","4":"has-post-thumbnail","6":"product_brand-product-strands-lighting-division","7":"product_cat-led-bar","8":"product_cat-strands-siberia","9":"product_tag-led-bar","10":"product_tag-led-bar-auto","11":"product_tag-led-bar-lkw","12":"product_tag-led-scheinwerfer","13":"product_tag-led-scheinwerfer-auto","14":"product_tag-led-scheinwerfer-lkw","15":"product_tag-led-scheinwerfer-tonabnehmer","16":"product_tag-led-scheinwerfer-traktor","17":"product_tag-led-scheinwerfer-wohnmobil","18":"product_tag-led-arbeitsleuchte","19":"product_tag-scheinwerfer-mit-stadtlicht","20":"product_tag-strands-led-arbeitsleuchte","21":"product_tag-strands-led-beleuchtung","22":"product_tag-strands-lighting-division","23":"product_tag-strands-siberia-led-bar","24":"product_tag-strands-siberia-scheinwerfer","26":"first","27":"instock","28":"taxable","29":"shipping-taxable","30":"purchasable","31":"product-type-simple"},"acf":[],"yoast_head":"<!-- This site is optimized with the Yoast SEO Premium plugin v26.5 (Yoast SEO v27.1.1) - https:\/\/yoast.com\/product\/yoast-seo-premium-wordpress\/ -->\n<title>Siberia XP LED bar SR 32 Zoll - Strands Lighting Division - All Day Led - 12&amp;24V<\/title>\n<meta name=\"description\" content=\"Strands Siberia XP LED bar SR 32 Zoll - LED-Balken mit Aluminiumgeh\u00e4use und IP68\/69K-Pr\u00fcfzeichen - mit ECE R148- und ECE R149-Pr\u00fcfzeichen - Strands 809413\" \/>\n<meta name=\"robots\" content=\"index, follow, max-snippet:-1, max-image-preview:large, max-video-preview:-1\" \/>\n<link rel=\"canonical\" href=\"https:\/\/www.alldayled.com\/de\/produkt\/strands-siberia-xp-led-bar-sr-32\/\" \/>\n<meta property=\"og:locale\" content=\"de_DE\" \/>\n<meta property=\"og:type\" content=\"article\" \/>\n<meta property=\"og:title\" content=\"Siberia XP LED bar SR 32 Zoll - Strands Lighting Division - All Day Led - 12&amp;24V\" \/>\n<meta property=\"og:description\" content=\"Strands Siberia XP LED bar SR 32 Zoll - LED-Balken mit Aluminiumgeh\u00e4use und IP68\/69K-Pr\u00fcfzeichen - mit ECE R148- und ECE R149-Pr\u00fcfzeichen - Strands 809413\" \/>\n<meta property=\"og:url\" content=\"https:\/\/www.alldayled.com\/de\/produkt\/strands-siberia-xp-led-bar-sr-32\/\" \/>\n<meta property=\"og:site_name\" content=\"All Day Led\" \/>\n<meta property=\"article:publisher\" content=\"https:\/\/www.facebook.com\/alldayled\/\" \/>\n<meta property=\"article:modified_time\" content=\"2026-01-15T16:11:19+00:00\" \/>\n<meta property=\"og:image\" content=\"https:\/\/www.alldayled.com\/wp-content\/uploads\/2025\/03\/ADL809413.02-300x300.png\" \/>\n<meta name=\"twitter:label1\" content=\"Preis\" \/>\n\t<meta name=\"twitter:data1\" content=\"&euro;&nbsp;299,00\" \/>\n\t<meta name=\"twitter:label2\" content=\"Verf\u00fcgbarkeit\" \/>\n\t<meta name=\"twitter:data2\" content=\"Auf Lager\" \/>\n<script type=\"application\/ld+json\" class=\"yoast-schema-graph\">{\"@context\":\"https:\/\/schema.org\",\"@graph\":[{\"@type\":\"WebPage\",\"@id\":\"https:\/\/www.alldayled.com\/de\/produkt\/strands-siberia-xp-led-bar-sr-32\/\",\"url\":\"https:\/\/www.alldayled.com\/de\/produkt\/strands-siberia-xp-led-bar-sr-32\/\",\"name\":\"Siberia XP LED bar SR 32 Zoll - Strands Lighting Division - All Day Led - 12&24V\",\"isPartOf\":{\"@id\":\"https:\/\/www.alldayled.com\/de\/#website\"},\"primaryImageOfPage\":{\"@id\":\"https:\/\/www.alldayled.com\/de\/produkt\/strands-siberia-xp-led-bar-sr-32\/#primaryimage\"},\"image\":{\"@id\":\"https:\/\/www.alldayled.com\/de\/produkt\/strands-siberia-xp-led-bar-sr-32\/#primaryimage\"},\"thumbnailUrl\":\"https:\/\/www.alldayled.com\/wp-content\/uploads\/2025\/01\/ADL809413.png\",\"datePublished\":\"2025-01-17T09:13:01+00:00\",\"dateModified\":\"2026-01-15T16:11:19+00:00\",\"description\":\"Strands Siberia XP LED bar SR 32 Zoll - LED-Balken mit Aluminiumgeh\u00e4use und IP68\/69K-Pr\u00fcfzeichen - mit ECE R148- und ECE R149-Pr\u00fcfzeichen - Strands 809413\",\"breadcrumb\":{\"@id\":\"https:\/\/www.alldayled.com\/de\/produkt\/strands-siberia-xp-led-bar-sr-32\/#breadcrumb\"},\"inLanguage\":\"de\",\"potentialAction\":[{\"@type\":\"ReadAction\",\"target\":[\"https:\/\/www.alldayled.com\/de\/produkt\/strands-siberia-xp-led-bar-sr-32\/\"]}]},{\"@type\":\"ImageObject\",\"inLanguage\":\"de\",\"@id\":\"https:\/\/www.alldayled.com\/de\/produkt\/strands-siberia-xp-led-bar-sr-32\/#primaryimage\",\"url\":\"https:\/\/www.alldayled.com\/wp-content\/uploads\/2025\/01\/ADL809413.png\",\"contentUrl\":\"https:\/\/www.alldayled.com\/wp-content\/uploads\/2025\/01\/ADL809413.png\",\"width\":800,\"height\":600,\"caption\":\"Strands Siberia XP LED bar SR 32 Zoll - LED-Balken mit 2-farbigem Standlicht GELB \/ WEISS, der f\u00fcr 12- und \/ oder 24-Volt-Betrieb geeignet ist - Strands 809413 - SIBERIA XP SR LED BAR 32\u2033 - EAN: 7323030192617\"},{\"@type\":\"BreadcrumbList\",\"@id\":\"https:\/\/www.alldayled.com\/de\/produkt\/strands-siberia-xp-led-bar-sr-32\/#breadcrumb\",\"itemListElement\":[{\"@type\":\"ListItem\",\"position\":1,\"name\":\"Home\",\"item\":\"https:\/\/www.alldayled.com\/de\/\"},{\"@type\":\"ListItem\",\"position\":2,\"name\":\"Shop\",\"item\":\"https:\/\/www.alldayled.com\/de\/shop\/\"},{\"@type\":\"ListItem\",\"position\":3,\"name\":\"Scheinwerfer\",\"item\":\"https:\/\/www.alldayled.com\/de\/produkt-kategorie\/scheinwerfer\/\"},{\"@type\":\"ListItem\",\"position\":4,\"name\":\"LED Bar\",\"item\":\"https:\/\/www.alldayled.com\/de\/produkt-kategorie\/scheinwerfer\/led-bar\/\"},{\"@type\":\"ListItem\",\"position\":5,\"name\":\"Strands Siberia XP LED bar SR &#8211; 32\u2033\"}]},{\"@type\":\"WebSite\",\"@id\":\"https:\/\/www.alldayled.com\/de\/#website\",\"url\":\"https:\/\/www.alldayled.com\/de\/\",\"name\":\"All Day Led\",\"description\":\"Verlichting voor 12&amp;24 volt gebruik\",\"publisher\":{\"@id\":\"https:\/\/www.alldayled.com\/de\/#organization\"},\"potentialAction\":[{\"@type\":\"SearchAction\",\"target\":{\"@type\":\"EntryPoint\",\"urlTemplate\":\"https:\/\/www.alldayled.com\/de\/?s={search_term_string}\"},\"query-input\":{\"@type\":\"PropertyValueSpecification\",\"valueRequired\":true,\"valueName\":\"search_term_string\"}}],\"inLanguage\":\"de\"},{\"@type\":\"Organization\",\"@id\":\"https:\/\/www.alldayled.com\/de\/#organization\",\"name\":\"All Day Led\",\"url\":\"https:\/\/www.alldayled.com\/de\/\",\"logo\":{\"@type\":\"ImageObject\",\"inLanguage\":\"de\",\"@id\":\"https:\/\/www.alldayled.com\/de\/#\/schema\/logo\/image\/\",\"url\":\"https:\/\/www.alldayled.com\/wp-content\/uploads\/2025\/10\/Logo-ALL-DAY-LED-800x800-zwart-witte-letters.png\",\"contentUrl\":\"https:\/\/www.alldayled.com\/wp-content\/uploads\/2025\/10\/Logo-ALL-DAY-LED-800x800-zwart-witte-letters.png\",\"width\":800,\"height\":800,\"caption\":\"All Day Led\"},\"image\":{\"@id\":\"https:\/\/www.alldayled.com\/de\/#\/schema\/logo\/image\/\"},\"sameAs\":[\"https:\/\/www.facebook.com\/alldayled\/\",\"https:\/\/www.instagram.com\/alldayled\/\"],\"vatID\":\"NL863960133B01\",\"taxID\":\"86416545\"}]}<\/script>\n<meta property=\"product:brand\" content=\"Strands\" \/>\n<meta property=\"product:price:amount\" content=\"299.00\" \/>\n<meta property=\"product:price:currency\" content=\"EUR\" \/>\n<meta property=\"og:availability\" content=\"instock\" \/>\n<meta property=\"product:availability\" content=\"instock\" \/>\n<meta property=\"product:retailer_item_id\" content=\"ADL809413\" \/>\n<meta property=\"product:condition\" content=\"new\" \/>\n<!-- \/ Yoast SEO Premium plugin. -->","yoast_head_json":{"title":"Siberia XP LED bar SR 32 Zoll - Strands Lighting Division - All Day Led - 12&24V","description":"Strands Siberia XP LED bar SR 32 Zoll - LED-Balken mit Aluminiumgeh\u00e4use und IP68\/69K-Pr\u00fcfzeichen - mit ECE R148- und ECE R149-Pr\u00fcfzeichen - Strands 809413","robots":{"index":"index","follow":"follow","max-snippet":"max-snippet:-1","max-image-preview":"max-image-preview:large","max-video-preview":"max-video-preview:-1"},"canonical":"https:\/\/www.alldayled.com\/de\/produkt\/strands-siberia-xp-led-bar-sr-32\/","og_locale":"de_DE","og_type":"article","og_title":"Siberia XP LED bar SR 32 Zoll - Strands Lighting Division - All Day Led - 12&24V","og_description":"Strands Siberia XP LED bar SR 32 Zoll - LED-Balken mit Aluminiumgeh\u00e4use und IP68\/69K-Pr\u00fcfzeichen - mit ECE R148- und ECE R149-Pr\u00fcfzeichen - Strands 809413","og_url":"https:\/\/www.alldayled.com\/de\/produkt\/strands-siberia-xp-led-bar-sr-32\/","og_site_name":"All Day Led","article_publisher":"https:\/\/www.facebook.com\/alldayled\/","article_modified_time":"2026-01-15T16:11:19+00:00","og_image":[{"url":"https:\/\/www.alldayled.com\/wp-content\/uploads\/2025\/03\/ADL809413.02-300x300.png","type":"","width":"","height":""}],"twitter_misc":{"Preis":"&euro;&nbsp;299,00","Verf\u00fcgbarkeit":"Auf Lager"},"schema":{"@context":"https:\/\/schema.org","@graph":[{"@type":"WebPage","@id":"https:\/\/www.alldayled.com\/de\/produkt\/strands-siberia-xp-led-bar-sr-32\/","url":"https:\/\/www.alldayled.com\/de\/produkt\/strands-siberia-xp-led-bar-sr-32\/","name":"Siberia XP LED bar SR 32 Zoll - Strands Lighting Division - All Day Led - 12&24V","isPartOf":{"@id":"https:\/\/www.alldayled.com\/de\/#website"},"primaryImageOfPage":{"@id":"https:\/\/www.alldayled.com\/de\/produkt\/strands-siberia-xp-led-bar-sr-32\/#primaryimage"},"image":{"@id":"https:\/\/www.alldayled.com\/de\/produkt\/strands-siberia-xp-led-bar-sr-32\/#primaryimage"},"thumbnailUrl":"https:\/\/www.alldayled.com\/wp-content\/uploads\/2025\/01\/ADL809413.png","datePublished":"2025-01-17T09:13:01+00:00","dateModified":"2026-01-15T16:11:19+00:00","description":"Strands Siberia XP LED bar SR 32 Zoll - LED-Balken mit Aluminiumgeh\u00e4use und IP68\/69K-Pr\u00fcfzeichen - mit ECE R148- und ECE R149-Pr\u00fcfzeichen - Strands 809413","breadcrumb":{"@id":"https:\/\/www.alldayled.com\/de\/produkt\/strands-siberia-xp-led-bar-sr-32\/#breadcrumb"},"inLanguage":"de","potentialAction":[{"@type":"ReadAction","target":["https:\/\/www.alldayled.com\/de\/produkt\/strands-siberia-xp-led-bar-sr-32\/"]}]},{"@type":"ImageObject","inLanguage":"de","@id":"https:\/\/www.alldayled.com\/de\/produkt\/strands-siberia-xp-led-bar-sr-32\/#primaryimage","url":"https:\/\/www.alldayled.com\/wp-content\/uploads\/2025\/01\/ADL809413.png","contentUrl":"https:\/\/www.alldayled.com\/wp-content\/uploads\/2025\/01\/ADL809413.png","width":800,"height":600,"caption":"Strands Siberia XP LED bar SR 32 Zoll - LED-Balken mit 2-farbigem Standlicht GELB \/ WEISS, der f\u00fcr 12- und \/ oder 24-Volt-Betrieb geeignet ist - Strands 809413 - SIBERIA XP SR LED BAR 32\u2033 - EAN: 7323030192617"},{"@type":"BreadcrumbList","@id":"https:\/\/www.alldayled.com\/de\/produkt\/strands-siberia-xp-led-bar-sr-32\/#breadcrumb","itemListElement":[{"@type":"ListItem","position":1,"name":"Home","item":"https:\/\/www.alldayled.com\/de\/"},{"@type":"ListItem","position":2,"name":"Shop","item":"https:\/\/www.alldayled.com\/de\/shop\/"},{"@type":"ListItem","position":3,"name":"Scheinwerfer","item":"https:\/\/www.alldayled.com\/de\/produkt-kategorie\/scheinwerfer\/"},{"@type":"ListItem","position":4,"name":"LED Bar","item":"https:\/\/www.alldayled.com\/de\/produkt-kategorie\/scheinwerfer\/led-bar\/"},{"@type":"ListItem","position":5,"name":"Strands Siberia XP LED bar SR &#8211; 32\u2033"}]},{"@type":"WebSite","@id":"https:\/\/www.alldayled.com\/de\/#website","url":"https:\/\/www.alldayled.com\/de\/","name":"All Day Led","description":"Verlichting voor 12&amp;24 volt gebruik","publisher":{"@id":"https:\/\/www.alldayled.com\/de\/#organization"},"potentialAction":[{"@type":"SearchAction","target":{"@type":"EntryPoint","urlTemplate":"https:\/\/www.alldayled.com\/de\/?s={search_term_string}"},"query-input":{"@type":"PropertyValueSpecification","valueRequired":true,"valueName":"search_term_string"}}],"inLanguage":"de"},{"@type":"Organization","@id":"https:\/\/www.alldayled.com\/de\/#organization","name":"All Day Led","url":"https:\/\/www.alldayled.com\/de\/","logo":{"@type":"ImageObject","inLanguage":"de","@id":"https:\/\/www.alldayled.com\/de\/#\/schema\/logo\/image\/","url":"https:\/\/www.alldayled.com\/wp-content\/uploads\/2025\/10\/Logo-ALL-DAY-LED-800x800-zwart-witte-letters.png","contentUrl":"https:\/\/www.alldayled.com\/wp-content\/uploads\/2025\/10\/Logo-ALL-DAY-LED-800x800-zwart-witte-letters.png","width":800,"height":800,"caption":"All Day Led"},"image":{"@id":"https:\/\/www.alldayled.com\/de\/#\/schema\/logo\/image\/"},"sameAs":["https:\/\/www.facebook.com\/alldayled\/","https:\/\/www.instagram.com\/alldayled\/"],"vatID":"NL863960133B01","taxID":"86416545"}]},"product_brand":"Strands","product_price_amount":"299.00","product_price_currency":"EUR","og_availability":"instock","product_availability":"instock","product_retailer_item_id":"ADL809413","product_condition":"new"},"_links":{"self":[{"href":"https:\/\/www.alldayled.com\/de\/wp-json\/wp\/v2\/product\/68516","targetHints":{"allow":["GET"]}}],"collection":[{"href":"https:\/\/www.alldayled.com\/de\/wp-json\/wp\/v2\/product"}],"about":[{"href":"https:\/\/www.alldayled.com\/de\/wp-json\/wp\/v2\/types\/product"}],"replies":[{"embeddable":true,"href":"https:\/\/www.alldayled.com\/de\/wp-json\/wp\/v2\/comments?post=68516"}],"wp:featuredmedia":[{"embeddable":true,"href":"https:\/\/www.alldayled.com\/de\/wp-json\/wp\/v2\/media\/33237"}],"wp:attachment":[{"href":"https:\/\/www.alldayled.com\/de\/wp-json\/wp\/v2\/media?parent=68516"}],"wp:term":[{"taxonomy":"product_brand","embeddable":true,"href":"https:\/\/www.alldayled.com\/de\/wp-json\/wp\/v2\/product_brand?post=68516"},{"taxonomy":"product_cat","embeddable":true,"href":"https:\/\/www.alldayled.com\/de\/wp-json\/wp\/v2\/product_cat?post=68516"},{"taxonomy":"product_tag","embeddable":true,"href":"https:\/\/www.alldayled.com\/de\/wp-json\/wp\/v2\/product_tag?post=68516"}],"curies":[{"name":"wp","href":"https:\/\/api.w.org\/{rel}","templated":true}]}}